{"id":502383,"date":"2025-10-13T17:01:45","date_gmt":"2025-10-13T15:01:45","guid":{"rendered":"https:\/\/perle-in.com\/produit\/stylo-a-bille-nash-encre-noire\/"},"modified":"2025-10-13T17:02:04","modified_gmt":"2025-10-13T15:02:04","slug":"stylo-a-bille-nash-encre-noire","status":"publish","type":"product","link":"https:\/\/perle-in.com\/en\/product\/stylo-a-bille-nash-encre-noire\/","title":{"rendered":"Stylo \u00e0 bille Nash (encre noire)"},"content":{"rendered":"","protected":false},"excerpt":{"rendered":"<p>\u00c9crire est quelque chose que les gens font presque tous les jours. C&#8217;est pourquoi il est essentiel d&#8217;avoir un stylo fiable pour cela. Le stylo \u00e0 bille Nash au design \u00e9l\u00e9gant et incurv\u00e9 est un tel stylo. Le stylo est fabriqu\u00e9 en mati\u00e8re plastique ABS qui est dure et solide et offre ainsi une longue dur\u00e9e de vie. Gr\u00e2ce au m\u00e9canisme de clic rapide, le stylo \u00e0 bille est rapide \u00e0 utiliser et a une prise en main souple, ce qui r\u00e9duit toute tension sur la surface d&#8217;\u00e9criture. Le stylo \u00e0 bille Nash est disponible en diff\u00e9rentes couleurs et offre de multiples possibilit\u00e9s d&#8217;application du logo. <\/p>","protected":false},"featured_media":502365,"template":"","meta":{"_eb_attr":""},"product_brand":[],"product_cat":[552,568],"product_tag":[576,573,563,564,561,1411,1409,569,562,1412,1410,570],"class_list":{"0":"post-502383","1":"product","2":"type-product","3":"status-publish","4":"has-post-thumbnail","6":"product_cat-stylos-et-ecriture","7":"product_cat-stylos-bille","8":"product_tag-biro","9":"product_tag-biro-en-plastique","10":"product_tag-parure-de-stylo","11":"product_tag-parures-de-stylo","12":"product_tag-stylo","13":"product_tag-stylo-a-bille","14":"product_tag-stylo-a-bille-en-plastique","15":"product_tag-stylo-en-plastique","16":"product_tag-stylos","17":"product_tag-stylos-a-bille","18":"product_tag-stylos-a-bille-en-plastique","19":"product_tag-stylos-en-plastique","20":"pa_couleurs-blanc","21":"pa_couleurs-blanc-transparent","22":"pa_couleurs-bleu-aqua","23":"pa_couleurs-bleu-royal","24":"pa_couleurs-citron-vert","25":"pa_couleurs-indigo","26":"pa_couleurs-jaune","27":"pa_couleurs-magenta","28":"pa_couleurs-noir","29":"pa_couleurs-orange","30":"pa_couleurs-rouge","31":"pa_couleurs-rouge-merlot","32":"pa_couleurs-vert","33":"pa_couleurs-violet","35":"first","36":"instock","37":"shipping-taxable","38":"purchasable","39":"product-type-variable"},"yoast_head":"<!-- This site is optimized with the Yoast SEO plugin v27.4 - https:\/\/yoast.com\/product\/yoast-seo-wordpress\/ -->\n<title>Stylo \u00e0 bille Nash (encre noire) - PERLE IN<\/title>\n<meta name=\"robots\" content=\"noindex, follow, max-snippet:-1, max-image-preview:large, max-video-preview:-1\" \/>\n<meta property=\"og:locale\" content=\"en_US\" \/>\n<meta property=\"og:type\" content=\"article\" \/>\n<meta property=\"og:title\" content=\"Stylo \u00e0 bille Nash (encre noire) - PERLE IN\" \/>\n<meta property=\"og:description\" content=\"\u00c9crire est quelque chose que les gens font presque tous les jours. C&#039;est pourquoi il est essentiel d&#039;avoir un stylo fiable pour cela. Le stylo \u00e0 bille Nash au design \u00e9l\u00e9gant et incurv\u00e9 est un tel stylo. Le stylo est fabriqu\u00e9 en mati\u00e8re plastique ABS qui est dure et solide et offre ainsi une longue dur\u00e9e de vie. Gr\u00e2ce au m\u00e9canisme de clic rapide, le stylo \u00e0 bille est rapide \u00e0 utiliser et a une prise en main souple, ce qui r\u00e9duit toute tension sur la surface d&#039;\u00e9criture. Le stylo \u00e0 bille Nash est disponible en diff\u00e9rentes couleurs et offre de multiples possibilit\u00e9s d&#039;application du logo.\" \/>\n<meta property=\"og:url\" content=\"https:\/\/perle-in.com\/en\/product\/stylo-a-bille-nash-encre-noire\/\" \/>\n<meta property=\"og:site_name\" content=\"PERLE IN\" \/>\n<meta property=\"article:modified_time\" content=\"2025-10-13T15:02:04+00:00\" \/>\n<meta property=\"og:image\" content=\"https:\/\/perle-in.com\/wp-content\/uploads\/2025\/10\/10639900-1.jpg\" \/>\n\t<meta property=\"og:image:width\" content=\"1600\" \/>\n\t<meta property=\"og:image:height\" content=\"1600\" \/>\n\t<meta property=\"og:image:type\" content=\"image\/jpeg\" \/>\n<meta name=\"twitter:card\" content=\"summary_large_image\" \/>\n<script type=\"application\/ld+json\" class=\"yoast-schema-graph\">{\"@context\":\"https:\\\/\\\/schema.org\",\"@graph\":[{\"@type\":\"WebPage\",\"@id\":\"https:\\\/\\\/perle-in.com\\\/produit\\\/stylo-a-bille-nash-encre-noire\\\/\",\"url\":\"https:\\\/\\\/perle-in.com\\\/produit\\\/stylo-a-bille-nash-encre-noire\\\/\",\"name\":\"Stylo \u00e0 bille Nash (encre noire) - PERLE IN\",\"isPartOf\":{\"@id\":\"https:\\\/\\\/perle-in.com\\\/#website\"},\"primaryImageOfPage\":{\"@id\":\"https:\\\/\\\/perle-in.com\\\/produit\\\/stylo-a-bille-nash-encre-noire\\\/#primaryimage\"},\"image\":{\"@id\":\"https:\\\/\\\/perle-in.com\\\/produit\\\/stylo-a-bille-nash-encre-noire\\\/#primaryimage\"},\"thumbnailUrl\":\"https:\\\/\\\/perle-in.com\\\/wp-content\\\/uploads\\\/2025\\\/10\\\/10639900-1.jpg\",\"datePublished\":\"2025-10-13T15:01:45+00:00\",\"dateModified\":\"2025-10-13T15:02:04+00:00\",\"breadcrumb\":{\"@id\":\"https:\\\/\\\/perle-in.com\\\/produit\\\/stylo-a-bille-nash-encre-noire\\\/#breadcrumb\"},\"inLanguage\":\"en-CA\",\"potentialAction\":[{\"@type\":\"ReadAction\",\"target\":[\"https:\\\/\\\/perle-in.com\\\/produit\\\/stylo-a-bille-nash-encre-noire\\\/\"]}]},{\"@type\":\"ImageObject\",\"inLanguage\":\"en-CA\",\"@id\":\"https:\\\/\\\/perle-in.com\\\/produit\\\/stylo-a-bille-nash-encre-noire\\\/#primaryimage\",\"url\":\"https:\\\/\\\/perle-in.com\\\/wp-content\\\/uploads\\\/2025\\\/10\\\/10639900-1.jpg\",\"contentUrl\":\"https:\\\/\\\/perle-in.com\\\/wp-content\\\/uploads\\\/2025\\\/10\\\/10639900-1.jpg\",\"width\":1600,\"height\":1600},{\"@type\":\"BreadcrumbList\",\"@id\":\"https:\\\/\\\/perle-in.com\\\/produit\\\/stylo-a-bille-nash-encre-noire\\\/#breadcrumb\",\"itemListElement\":[{\"@type\":\"ListItem\",\"position\":1,\"name\":\"Accueil\",\"item\":\"https:\\\/\\\/perle-in.com\\\/\"},{\"@type\":\"ListItem\",\"position\":2,\"name\":\"Boutique\",\"item\":\"https:\\\/\\\/perle-in.com\\\/boutique\\\/\"},{\"@type\":\"ListItem\",\"position\":3,\"name\":\"Stylo \u00e0 bille Nash (encre noire)\"}]},{\"@type\":\"WebSite\",\"@id\":\"https:\\\/\\\/perle-in.com\\\/#website\",\"url\":\"https:\\\/\\\/perle-in.com\\\/\",\"name\":\"PERLE IN\",\"description\":\"\",\"publisher\":{\"@id\":\"https:\\\/\\\/perle-in.com\\\/#organization\"},\"potentialAction\":[{\"@type\":\"SearchAction\",\"target\":{\"@type\":\"EntryPoint\",\"urlTemplate\":\"https:\\\/\\\/perle-in.com\\\/?s={search_term_string}\"},\"query-input\":{\"@type\":\"PropertyValueSpecification\",\"valueRequired\":true,\"valueName\":\"search_term_string\"}}],\"inLanguage\":\"en-CA\"},{\"@type\":\"Organization\",\"@id\":\"https:\\\/\\\/perle-in.com\\\/#organization\",\"name\":\"PERLE IN\",\"url\":\"https:\\\/\\\/perle-in.com\\\/\",\"logo\":{\"@type\":\"ImageObject\",\"inLanguage\":\"en-CA\",\"@id\":\"https:\\\/\\\/perle-in.com\\\/#\\\/schema\\\/logo\\\/image\\\/\",\"url\":\"https:\\\/\\\/perle-in.com\\\/wp-content\\\/uploads\\\/2022\\\/12\\\/LOGO-PERLE-IN-COULEUR@3x.webp\",\"contentUrl\":\"https:\\\/\\\/perle-in.com\\\/wp-content\\\/uploads\\\/2022\\\/12\\\/LOGO-PERLE-IN-COULEUR@3x.webp\",\"width\":1600,\"height\":490,\"caption\":\"PERLE IN\"},\"image\":{\"@id\":\"https:\\\/\\\/perle-in.com\\\/#\\\/schema\\\/logo\\\/image\\\/\"}}]}<\/script>\n<!-- \/ Yoast SEO plugin. -->","yoast_head_json":{"title":"Stylo \u00e0 bille Nash (encre noire) - PERLE IN","robots":{"index":"noindex","follow":"follow","max-snippet":"max-snippet:-1","max-image-preview":"max-image-preview:large","max-video-preview":"max-video-preview:-1"},"og_locale":"en_US","og_type":"article","og_title":"Stylo \u00e0 bille Nash (encre noire) - PERLE IN","og_description":"\u00c9crire est quelque chose que les gens font presque tous les jours. C'est pourquoi il est essentiel d'avoir un stylo fiable pour cela. Le stylo \u00e0 bille Nash au design \u00e9l\u00e9gant et incurv\u00e9 est un tel stylo. Le stylo est fabriqu\u00e9 en mati\u00e8re plastique ABS qui est dure et solide et offre ainsi une longue dur\u00e9e de vie. Gr\u00e2ce au m\u00e9canisme de clic rapide, le stylo \u00e0 bille est rapide \u00e0 utiliser et a une prise en main souple, ce qui r\u00e9duit toute tension sur la surface d'\u00e9criture. Le stylo \u00e0 bille Nash est disponible en diff\u00e9rentes couleurs et offre de multiples possibilit\u00e9s d'application du logo.","og_url":"https:\/\/perle-in.com\/en\/product\/stylo-a-bille-nash-encre-noire\/","og_site_name":"PERLE IN","article_modified_time":"2025-10-13T15:02:04+00:00","og_image":[{"width":1600,"height":1600,"url":"https:\/\/perle-in.com\/wp-content\/uploads\/2025\/10\/10639900-1.jpg","type":"image\/jpeg"}],"twitter_card":"summary_large_image","schema":{"@context":"https:\/\/schema.org","@graph":[{"@type":"WebPage","@id":"https:\/\/perle-in.com\/produit\/stylo-a-bille-nash-encre-noire\/","url":"https:\/\/perle-in.com\/produit\/stylo-a-bille-nash-encre-noire\/","name":"Stylo \u00e0 bille Nash (encre noire) - PERLE IN","isPartOf":{"@id":"https:\/\/perle-in.com\/#website"},"primaryImageOfPage":{"@id":"https:\/\/perle-in.com\/produit\/stylo-a-bille-nash-encre-noire\/#primaryimage"},"image":{"@id":"https:\/\/perle-in.com\/produit\/stylo-a-bille-nash-encre-noire\/#primaryimage"},"thumbnailUrl":"https:\/\/perle-in.com\/wp-content\/uploads\/2025\/10\/10639900-1.jpg","datePublished":"2025-10-13T15:01:45+00:00","dateModified":"2025-10-13T15:02:04+00:00","breadcrumb":{"@id":"https:\/\/perle-in.com\/produit\/stylo-a-bille-nash-encre-noire\/#breadcrumb"},"inLanguage":"en-CA","potentialAction":[{"@type":"ReadAction","target":["https:\/\/perle-in.com\/produit\/stylo-a-bille-nash-encre-noire\/"]}]},{"@type":"ImageObject","inLanguage":"en-CA","@id":"https:\/\/perle-in.com\/produit\/stylo-a-bille-nash-encre-noire\/#primaryimage","url":"https:\/\/perle-in.com\/wp-content\/uploads\/2025\/10\/10639900-1.jpg","contentUrl":"https:\/\/perle-in.com\/wp-content\/uploads\/2025\/10\/10639900-1.jpg","width":1600,"height":1600},{"@type":"BreadcrumbList","@id":"https:\/\/perle-in.com\/produit\/stylo-a-bille-nash-encre-noire\/#breadcrumb","itemListElement":[{"@type":"ListItem","position":1,"name":"Accueil","item":"https:\/\/perle-in.com\/"},{"@type":"ListItem","position":2,"name":"Boutique","item":"https:\/\/perle-in.com\/boutique\/"},{"@type":"ListItem","position":3,"name":"Stylo \u00e0 bille Nash (encre noire)"}]},{"@type":"WebSite","@id":"https:\/\/perle-in.com\/#website","url":"https:\/\/perle-in.com\/","name":"PERLE IN","description":"","publisher":{"@id":"https:\/\/perle-in.com\/#organization"},"potentialAction":[{"@type":"SearchAction","target":{"@type":"EntryPoint","urlTemplate":"https:\/\/perle-in.com\/?s={search_term_string}"},"query-input":{"@type":"PropertyValueSpecification","valueRequired":true,"valueName":"search_term_string"}}],"inLanguage":"en-CA"},{"@type":"Organization","@id":"https:\/\/perle-in.com\/#organization","name":"PERLE IN","url":"https:\/\/perle-in.com\/","logo":{"@type":"ImageObject","inLanguage":"en-CA","@id":"https:\/\/perle-in.com\/#\/schema\/logo\/image\/","url":"https:\/\/perle-in.com\/wp-content\/uploads\/2022\/12\/LOGO-PERLE-IN-COULEUR@3x.webp","contentUrl":"https:\/\/perle-in.com\/wp-content\/uploads\/2022\/12\/LOGO-PERLE-IN-COULEUR@3x.webp","width":1600,"height":490,"caption":"PERLE IN"},"image":{"@id":"https:\/\/perle-in.com\/#\/schema\/logo\/image\/"}}]}},"jetpack_sharing_enabled":true,"_links":{"self":[{"href":"https:\/\/perle-in.com\/en\/wp-json\/wp\/v2\/product\/502383","targetHints":{"allow":["GET"]}}],"collection":[{"href":"https:\/\/perle-in.com\/en\/wp-json\/wp\/v2\/product"}],"about":[{"href":"https:\/\/perle-in.com\/en\/wp-json\/wp\/v2\/types\/product"}],"version-history":[{"count":0,"href":"https:\/\/perle-in.com\/en\/wp-json\/wp\/v2\/product\/502383\/revisions"}],"wp:featuredmedia":[{"embeddable":true,"href":"https:\/\/perle-in.com\/en\/wp-json\/wp\/v2\/media\/502365"}],"wp:attachment":[{"href":"https:\/\/perle-in.com\/en\/wp-json\/wp\/v2\/media?parent=502383"}],"wp:term":[{"taxonomy":"product_brand","embeddable":true,"href":"https:\/\/perle-in.com\/en\/wp-json\/wp\/v2\/product_brand?post=502383"},{"taxonomy":"product_cat","embeddable":true,"href":"https:\/\/perle-in.com\/en\/wp-json\/wp\/v2\/product_cat?post=502383"},{"taxonomy":"product_tag","embeddable":true,"href":"https:\/\/perle-in.com\/en\/wp-json\/wp\/v2\/product_tag?post=502383"}],"curies":[{"name":"wp","href":"https:\/\/api.w.org\/{rel}","templated":true}]}}