{"id":502271,"date":"2025-10-13T16:39:51","date_gmt":"2025-10-13T14:39:51","guid":{"rendered":"https:\/\/perle-in.com\/produit\/carnet-de-notes-executive-format-a4-a-couverture-rigide\/"},"modified":"2025-10-13T16:39:55","modified_gmt":"2025-10-13T14:39:55","slug":"carnet-de-notes-executive-format-a4-a-couverture-rigide","status":"publish","type":"product","link":"https:\/\/perle-in.com\/en\/product\/carnet-de-notes-executive-format-a4-a-couverture-rigide\/","title":{"rendered":"Carnet de notes Executive format A4 \u00e0 couverture rigide"},"content":{"rendered":"","protected":false},"excerpt":{"rendered":"<p>Ce carnet de notes cartonn\u00e9 au design classique exclusif avec fermeture \u00e9lastique et 80 feuilles \u00e0 lignes (80gr) est id\u00e9al pour \u00e9crire et partager des notes. Dispose d&#8217;une poche extensible \u00e0 l&#8217;arri\u00e8re pour garder de petites notes. Avec pr\u00e9sentation dans \u00e9tui cadeau Journalbooks.<\/p>","protected":false},"featured_media":502260,"template":"","meta":{"_eb_attr":""},"product_brand":[],"product_cat":[587,4196],"product_tag":[621,601,599,600,624,592,622,590,623,597,598,595,596,593,594],"class_list":{"0":"post-502271","1":"product","2":"type-product","3":"status-publish","4":"has-post-thumbnail","6":"product_cat-bloc-notes-couverture-rigide","7":"product_cat-blocs-notes-et-papeterie-personnalisee","8":"product_tag-a4","9":"product_tag-bloc-note","10":"product_tag-bloc-notes","11":"product_tag-blocs-notes","12":"product_tag-carnet-a4","13":"product_tag-carnet-de-notes","14":"product_tag-carnet-de-notes-a4","15":"product_tag-carnets-de-notes","16":"product_tag-carnets-de-notes-a4","17":"product_tag-journal","18":"product_tag-journaux","19":"product_tag-livre","20":"product_tag-livres","21":"product_tag-note","22":"product_tag-notes","23":"pa_couleurs-marron","24":"pa_couleurs-noir","25":"pa_couleurs-vert","26":"pa_matiere-papier-certifie-fsc-papier","27":"pa_pays-d-origine-inde","29":"first","30":"instock","31":"shipping-taxable","32":"purchasable","33":"product-type-variable"},"yoast_head":"<!-- This site is optimized with the Yoast SEO plugin v27.4 - https:\/\/yoast.com\/product\/yoast-seo-wordpress\/ -->\n<title>Carnet de notes Executive format A4 \u00e0 couverture rigide - PERLE IN<\/title>\n<meta name=\"robots\" content=\"noindex, follow, max-snippet:-1, max-image-preview:large, max-video-preview:-1\" \/>\n<meta property=\"og:locale\" content=\"en_US\" \/>\n<meta property=\"og:type\" content=\"article\" \/>\n<meta property=\"og:title\" content=\"Carnet de notes Executive format A4 \u00e0 couverture rigide - PERLE IN\" \/>\n<meta property=\"og:description\" content=\"Ce carnet de notes cartonn\u00e9 au design classique exclusif avec fermeture \u00e9lastique et 80 feuilles \u00e0 lignes (80gr) est id\u00e9al pour \u00e9crire et partager des notes. Dispose d&#039;une poche extensible \u00e0 l&#039;arri\u00e8re pour garder de petites notes. Avec pr\u00e9sentation dans \u00e9tui cadeau Journalbooks.\" \/>\n<meta property=\"og:url\" content=\"https:\/\/perle-in.com\/en\/product\/carnet-de-notes-executive-format-a4-a-couverture-rigide\/\" \/>\n<meta property=\"og:site_name\" content=\"PERLE IN\" \/>\n<meta property=\"article:modified_time\" content=\"2025-10-13T14:39:55+00:00\" \/>\n<meta property=\"og:image\" content=\"https:\/\/perle-in.com\/wp-content\/uploads\/2025\/10\/10626300-1.jpg\" \/>\n\t<meta property=\"og:image:width\" content=\"1600\" \/>\n\t<meta property=\"og:image:height\" content=\"1600\" \/>\n\t<meta property=\"og:image:type\" content=\"image\/jpeg\" \/>\n<meta name=\"twitter:card\" content=\"summary_large_image\" \/>\n<script type=\"application\/ld+json\" class=\"yoast-schema-graph\">{\"@context\":\"https:\\\/\\\/schema.org\",\"@graph\":[{\"@type\":\"WebPage\",\"@id\":\"https:\\\/\\\/perle-in.com\\\/produit\\\/carnet-de-notes-executive-format-a4-a-couverture-rigide\\\/\",\"url\":\"https:\\\/\\\/perle-in.com\\\/produit\\\/carnet-de-notes-executive-format-a4-a-couverture-rigide\\\/\",\"name\":\"Carnet de notes Executive format A4 \u00e0 couverture rigide - PERLE IN\",\"isPartOf\":{\"@id\":\"https:\\\/\\\/perle-in.com\\\/#website\"},\"primaryImageOfPage\":{\"@id\":\"https:\\\/\\\/perle-in.com\\\/produit\\\/carnet-de-notes-executive-format-a4-a-couverture-rigide\\\/#primaryimage\"},\"image\":{\"@id\":\"https:\\\/\\\/perle-in.com\\\/produit\\\/carnet-de-notes-executive-format-a4-a-couverture-rigide\\\/#primaryimage\"},\"thumbnailUrl\":\"https:\\\/\\\/perle-in.com\\\/wp-content\\\/uploads\\\/2025\\\/10\\\/10626300-1.jpg\",\"datePublished\":\"2025-10-13T14:39:51+00:00\",\"dateModified\":\"2025-10-13T14:39:55+00:00\",\"breadcrumb\":{\"@id\":\"https:\\\/\\\/perle-in.com\\\/produit\\\/carnet-de-notes-executive-format-a4-a-couverture-rigide\\\/#breadcrumb\"},\"inLanguage\":\"en-CA\",\"potentialAction\":[{\"@type\":\"ReadAction\",\"target\":[\"https:\\\/\\\/perle-in.com\\\/produit\\\/carnet-de-notes-executive-format-a4-a-couverture-rigide\\\/\"]}]},{\"@type\":\"ImageObject\",\"inLanguage\":\"en-CA\",\"@id\":\"https:\\\/\\\/perle-in.com\\\/produit\\\/carnet-de-notes-executive-format-a4-a-couverture-rigide\\\/#primaryimage\",\"url\":\"https:\\\/\\\/perle-in.com\\\/wp-content\\\/uploads\\\/2025\\\/10\\\/10626300-1.jpg\",\"contentUrl\":\"https:\\\/\\\/perle-in.com\\\/wp-content\\\/uploads\\\/2025\\\/10\\\/10626300-1.jpg\",\"width\":1600,\"height\":1600},{\"@type\":\"BreadcrumbList\",\"@id\":\"https:\\\/\\\/perle-in.com\\\/produit\\\/carnet-de-notes-executive-format-a4-a-couverture-rigide\\\/#breadcrumb\",\"itemListElement\":[{\"@type\":\"ListItem\",\"position\":1,\"name\":\"Accueil\",\"item\":\"https:\\\/\\\/perle-in.com\\\/\"},{\"@type\":\"ListItem\",\"position\":2,\"name\":\"Boutique\",\"item\":\"https:\\\/\\\/perle-in.com\\\/boutique\\\/\"},{\"@type\":\"ListItem\",\"position\":3,\"name\":\"Carnet de notes Executive format A4 \u00e0 couverture rigide\"}]},{\"@type\":\"WebSite\",\"@id\":\"https:\\\/\\\/perle-in.com\\\/#website\",\"url\":\"https:\\\/\\\/perle-in.com\\\/\",\"name\":\"PERLE IN\",\"description\":\"\",\"publisher\":{\"@id\":\"https:\\\/\\\/perle-in.com\\\/#organization\"},\"potentialAction\":[{\"@type\":\"SearchAction\",\"target\":{\"@type\":\"EntryPoint\",\"urlTemplate\":\"https:\\\/\\\/perle-in.com\\\/?s={search_term_string}\"},\"query-input\":{\"@type\":\"PropertyValueSpecification\",\"valueRequired\":true,\"valueName\":\"search_term_string\"}}],\"inLanguage\":\"en-CA\"},{\"@type\":\"Organization\",\"@id\":\"https:\\\/\\\/perle-in.com\\\/#organization\",\"name\":\"PERLE IN\",\"url\":\"https:\\\/\\\/perle-in.com\\\/\",\"logo\":{\"@type\":\"ImageObject\",\"inLanguage\":\"en-CA\",\"@id\":\"https:\\\/\\\/perle-in.com\\\/#\\\/schema\\\/logo\\\/image\\\/\",\"url\":\"https:\\\/\\\/perle-in.com\\\/wp-content\\\/uploads\\\/2022\\\/12\\\/LOGO-PERLE-IN-COULEUR@3x.webp\",\"contentUrl\":\"https:\\\/\\\/perle-in.com\\\/wp-content\\\/uploads\\\/2022\\\/12\\\/LOGO-PERLE-IN-COULEUR@3x.webp\",\"width\":1600,\"height\":490,\"caption\":\"PERLE IN\"},\"image\":{\"@id\":\"https:\\\/\\\/perle-in.com\\\/#\\\/schema\\\/logo\\\/image\\\/\"}}]}<\/script>\n<!-- \/ Yoast SEO plugin. -->","yoast_head_json":{"title":"Carnet de notes Executive format A4 \u00e0 couverture rigide - PERLE IN","robots":{"index":"noindex","follow":"follow","max-snippet":"max-snippet:-1","max-image-preview":"max-image-preview:large","max-video-preview":"max-video-preview:-1"},"og_locale":"en_US","og_type":"article","og_title":"Carnet de notes Executive format A4 \u00e0 couverture rigide - PERLE IN","og_description":"Ce carnet de notes cartonn\u00e9 au design classique exclusif avec fermeture \u00e9lastique et 80 feuilles \u00e0 lignes (80gr) est id\u00e9al pour \u00e9crire et partager des notes. Dispose d'une poche extensible \u00e0 l'arri\u00e8re pour garder de petites notes. Avec pr\u00e9sentation dans \u00e9tui cadeau Journalbooks.","og_url":"https:\/\/perle-in.com\/en\/product\/carnet-de-notes-executive-format-a4-a-couverture-rigide\/","og_site_name":"PERLE IN","article_modified_time":"2025-10-13T14:39:55+00:00","og_image":[{"width":1600,"height":1600,"url":"https:\/\/perle-in.com\/wp-content\/uploads\/2025\/10\/10626300-1.jpg","type":"image\/jpeg"}],"twitter_card":"summary_large_image","schema":{"@context":"https:\/\/schema.org","@graph":[{"@type":"WebPage","@id":"https:\/\/perle-in.com\/produit\/carnet-de-notes-executive-format-a4-a-couverture-rigide\/","url":"https:\/\/perle-in.com\/produit\/carnet-de-notes-executive-format-a4-a-couverture-rigide\/","name":"Carnet de notes Executive format A4 \u00e0 couverture rigide - PERLE IN","isPartOf":{"@id":"https:\/\/perle-in.com\/#website"},"primaryImageOfPage":{"@id":"https:\/\/perle-in.com\/produit\/carnet-de-notes-executive-format-a4-a-couverture-rigide\/#primaryimage"},"image":{"@id":"https:\/\/perle-in.com\/produit\/carnet-de-notes-executive-format-a4-a-couverture-rigide\/#primaryimage"},"thumbnailUrl":"https:\/\/perle-in.com\/wp-content\/uploads\/2025\/10\/10626300-1.jpg","datePublished":"2025-10-13T14:39:51+00:00","dateModified":"2025-10-13T14:39:55+00:00","breadcrumb":{"@id":"https:\/\/perle-in.com\/produit\/carnet-de-notes-executive-format-a4-a-couverture-rigide\/#breadcrumb"},"inLanguage":"en-CA","potentialAction":[{"@type":"ReadAction","target":["https:\/\/perle-in.com\/produit\/carnet-de-notes-executive-format-a4-a-couverture-rigide\/"]}]},{"@type":"ImageObject","inLanguage":"en-CA","@id":"https:\/\/perle-in.com\/produit\/carnet-de-notes-executive-format-a4-a-couverture-rigide\/#primaryimage","url":"https:\/\/perle-in.com\/wp-content\/uploads\/2025\/10\/10626300-1.jpg","contentUrl":"https:\/\/perle-in.com\/wp-content\/uploads\/2025\/10\/10626300-1.jpg","width":1600,"height":1600},{"@type":"BreadcrumbList","@id":"https:\/\/perle-in.com\/produit\/carnet-de-notes-executive-format-a4-a-couverture-rigide\/#breadcrumb","itemListElement":[{"@type":"ListItem","position":1,"name":"Accueil","item":"https:\/\/perle-in.com\/"},{"@type":"ListItem","position":2,"name":"Boutique","item":"https:\/\/perle-in.com\/boutique\/"},{"@type":"ListItem","position":3,"name":"Carnet de notes Executive format A4 \u00e0 couverture rigide"}]},{"@type":"WebSite","@id":"https:\/\/perle-in.com\/#website","url":"https:\/\/perle-in.com\/","name":"PERLE IN","description":"","publisher":{"@id":"https:\/\/perle-in.com\/#organization"},"potentialAction":[{"@type":"SearchAction","target":{"@type":"EntryPoint","urlTemplate":"https:\/\/perle-in.com\/?s={search_term_string}"},"query-input":{"@type":"PropertyValueSpecification","valueRequired":true,"valueName":"search_term_string"}}],"inLanguage":"en-CA"},{"@type":"Organization","@id":"https:\/\/perle-in.com\/#organization","name":"PERLE IN","url":"https:\/\/perle-in.com\/","logo":{"@type":"ImageObject","inLanguage":"en-CA","@id":"https:\/\/perle-in.com\/#\/schema\/logo\/image\/","url":"https:\/\/perle-in.com\/wp-content\/uploads\/2022\/12\/LOGO-PERLE-IN-COULEUR@3x.webp","contentUrl":"https:\/\/perle-in.com\/wp-content\/uploads\/2022\/12\/LOGO-PERLE-IN-COULEUR@3x.webp","width":1600,"height":490,"caption":"PERLE IN"},"image":{"@id":"https:\/\/perle-in.com\/#\/schema\/logo\/image\/"}}]}},"jetpack_sharing_enabled":true,"_links":{"self":[{"href":"https:\/\/perle-in.com\/en\/wp-json\/wp\/v2\/product\/502271","targetHints":{"allow":["GET"]}}],"collection":[{"href":"https:\/\/perle-in.com\/en\/wp-json\/wp\/v2\/product"}],"about":[{"href":"https:\/\/perle-in.com\/en\/wp-json\/wp\/v2\/types\/product"}],"version-history":[{"count":0,"href":"https:\/\/perle-in.com\/en\/wp-json\/wp\/v2\/product\/502271\/revisions"}],"wp:featuredmedia":[{"embeddable":true,"href":"https:\/\/perle-in.com\/en\/wp-json\/wp\/v2\/media\/502260"}],"wp:attachment":[{"href":"https:\/\/perle-in.com\/en\/wp-json\/wp\/v2\/media?parent=502271"}],"wp:term":[{"taxonomy":"product_brand","embeddable":true,"href":"https:\/\/perle-in.com\/en\/wp-json\/wp\/v2\/product_brand?post=502271"},{"taxonomy":"product_cat","embeddable":true,"href":"https:\/\/perle-in.com\/en\/wp-json\/wp\/v2\/product_cat?post=502271"},{"taxonomy":"product_tag","embeddable":true,"href":"https:\/\/perle-in.com\/en\/wp-json\/wp\/v2\/product_tag?post=502271"}],"curies":[{"name":"wp","href":"https:\/\/api.w.org\/{rel}","templated":true}]}}