{"id":502093,"date":"2025-10-13T16:21:25","date_gmt":"2025-10-13T14:21:25","guid":{"rendered":"https:\/\/perle-in.com\/produit\/trousse-a-outils-19-pieces-flint\/"},"modified":"2025-10-13T16:21:26","modified_gmt":"2025-10-13T14:21:26","slug":"trousse-a-outils-19-pieces-flint","status":"publish","type":"product","link":"https:\/\/perle-in.com\/en\/product\/trousse-a-outils-19-pieces-flint\/","title":{"rendered":"Trousse \u00e0 outils 19 pi\u00e8ces Flint"},"content":{"rendered":"","protected":false},"excerpt":{"rendered":"<p>Ce set compact et pliable de 19 pi\u00e8ces avec mousqueton pour faciliter le rangement. Il contient 4 douilles (7 mm, 8 mm, 9 mm et 10 mm), 1 tournevis \u00e0 douille, ainsi que 10 t\u00eates pour tournevis, une extension et 3 sets de cl\u00e9s hexagonales (3, 4 et 5 mm).<\/p>","protected":false},"featured_media":502089,"template":"","meta":{"_eb_attr":""},"product_brand":[],"product_cat":[438,531],"product_tag":[1381,1382,455,456,453,454],"class_list":{"0":"post-502093","1":"product","2":"type-product","3":"status-publish","4":"has-post-thumbnail","6":"product_cat-outils-et-accessoires-pour-la-voiture","7":"product_cat-sets-doutils","8":"product_tag-equipement","9":"product_tag-equipements","10":"product_tag-multi-outil","11":"product_tag-multi-outils","12":"product_tag-outil","13":"product_tag-outils","14":"pa_couleurs-noir-bleu","16":"first","17":"instock","18":"shipping-taxable","19":"purchasable","20":"product-type-variable"},"yoast_head":"<!-- This site is optimized with the Yoast SEO plugin v27.4 - https:\/\/yoast.com\/product\/yoast-seo-wordpress\/ -->\n<title>Trousse \u00e0 outils 19 pi\u00e8ces Flint - PERLE IN<\/title>\n<meta name=\"robots\" content=\"noindex, follow, max-snippet:-1, max-image-preview:large, max-video-preview:-1\" \/>\n<meta property=\"og:locale\" content=\"en_US\" \/>\n<meta property=\"og:type\" content=\"article\" \/>\n<meta property=\"og:title\" content=\"Trousse \u00e0 outils 19 pi\u00e8ces Flint - PERLE IN\" \/>\n<meta property=\"og:description\" content=\"Ce set compact et pliable de 19 pi\u00e8ces avec mousqueton pour faciliter le rangement. Il contient 4 douilles (7 mm, 8 mm, 9 mm et 10 mm), 1 tournevis \u00e0 douille, ainsi que 10 t\u00eates pour tournevis, une extension et 3 sets de cl\u00e9s hexagonales (3, 4 et 5 mm).\" \/>\n<meta property=\"og:url\" content=\"https:\/\/perle-in.com\/en\/product\/trousse-a-outils-19-pieces-flint\/\" \/>\n<meta property=\"og:site_name\" content=\"PERLE IN\" \/>\n<meta property=\"article:modified_time\" content=\"2025-10-13T14:21:26+00:00\" \/>\n<meta property=\"og:image\" content=\"https:\/\/perle-in.com\/wp-content\/uploads\/2025\/10\/10417100-1.jpg\" \/>\n\t<meta property=\"og:image:width\" content=\"1600\" \/>\n\t<meta property=\"og:image:height\" content=\"1600\" \/>\n\t<meta property=\"og:image:type\" content=\"image\/jpeg\" \/>\n<meta name=\"twitter:card\" content=\"summary_large_image\" \/>\n<script type=\"application\/ld+json\" class=\"yoast-schema-graph\">{\"@context\":\"https:\\\/\\\/schema.org\",\"@graph\":[{\"@type\":\"WebPage\",\"@id\":\"https:\\\/\\\/perle-in.com\\\/en\\\/product\\\/trousse-a-outils-19-pieces-flint\\\/\",\"url\":\"https:\\\/\\\/perle-in.com\\\/en\\\/product\\\/trousse-a-outils-19-pieces-flint\\\/\",\"name\":\"Trousse \u00e0 outils 19 pi\u00e8ces Flint - PERLE IN\",\"isPartOf\":{\"@id\":\"https:\\\/\\\/perle-in.com\\\/#website\"},\"primaryImageOfPage\":{\"@id\":\"https:\\\/\\\/perle-in.com\\\/en\\\/product\\\/trousse-a-outils-19-pieces-flint\\\/#primaryimage\"},\"image\":{\"@id\":\"https:\\\/\\\/perle-in.com\\\/en\\\/product\\\/trousse-a-outils-19-pieces-flint\\\/#primaryimage\"},\"thumbnailUrl\":\"https:\\\/\\\/perle-in.com\\\/wp-content\\\/uploads\\\/2025\\\/10\\\/10417100-1.jpg\",\"datePublished\":\"2025-10-13T14:21:25+00:00\",\"dateModified\":\"2025-10-13T14:21:26+00:00\",\"breadcrumb\":{\"@id\":\"https:\\\/\\\/perle-in.com\\\/en\\\/product\\\/trousse-a-outils-19-pieces-flint\\\/#breadcrumb\"},\"inLanguage\":\"en-CA\",\"potentialAction\":[{\"@type\":\"ReadAction\",\"target\":[\"https:\\\/\\\/perle-in.com\\\/en\\\/product\\\/trousse-a-outils-19-pieces-flint\\\/\"]}]},{\"@type\":\"ImageObject\",\"inLanguage\":\"en-CA\",\"@id\":\"https:\\\/\\\/perle-in.com\\\/en\\\/product\\\/trousse-a-outils-19-pieces-flint\\\/#primaryimage\",\"url\":\"https:\\\/\\\/perle-in.com\\\/wp-content\\\/uploads\\\/2025\\\/10\\\/10417100-1.jpg\",\"contentUrl\":\"https:\\\/\\\/perle-in.com\\\/wp-content\\\/uploads\\\/2025\\\/10\\\/10417100-1.jpg\",\"width\":1600,\"height\":1600},{\"@type\":\"BreadcrumbList\",\"@id\":\"https:\\\/\\\/perle-in.com\\\/en\\\/product\\\/trousse-a-outils-19-pieces-flint\\\/#breadcrumb\",\"itemListElement\":[{\"@type\":\"ListItem\",\"position\":1,\"name\":\"Accueil\",\"item\":\"https:\\\/\\\/perle-in.com\\\/\"},{\"@type\":\"ListItem\",\"position\":2,\"name\":\"Boutique\",\"item\":\"https:\\\/\\\/perle-in.com\\\/boutique\\\/\"},{\"@type\":\"ListItem\",\"position\":3,\"name\":\"Trousse \u00e0 outils 19 pi\u00e8ces Flint\"}]},{\"@type\":\"WebSite\",\"@id\":\"https:\\\/\\\/perle-in.com\\\/#website\",\"url\":\"https:\\\/\\\/perle-in.com\\\/\",\"name\":\"PERLE IN\",\"description\":\"\",\"publisher\":{\"@id\":\"https:\\\/\\\/perle-in.com\\\/#organization\"},\"potentialAction\":[{\"@type\":\"SearchAction\",\"target\":{\"@type\":\"EntryPoint\",\"urlTemplate\":\"https:\\\/\\\/perle-in.com\\\/?s={search_term_string}\"},\"query-input\":{\"@type\":\"PropertyValueSpecification\",\"valueRequired\":true,\"valueName\":\"search_term_string\"}}],\"inLanguage\":\"en-CA\"},{\"@type\":\"Organization\",\"@id\":\"https:\\\/\\\/perle-in.com\\\/#organization\",\"name\":\"PERLE IN\",\"url\":\"https:\\\/\\\/perle-in.com\\\/\",\"logo\":{\"@type\":\"ImageObject\",\"inLanguage\":\"en-CA\",\"@id\":\"https:\\\/\\\/perle-in.com\\\/#\\\/schema\\\/logo\\\/image\\\/\",\"url\":\"https:\\\/\\\/perle-in.com\\\/wp-content\\\/uploads\\\/2022\\\/12\\\/LOGO-PERLE-IN-COULEUR@3x.webp\",\"contentUrl\":\"https:\\\/\\\/perle-in.com\\\/wp-content\\\/uploads\\\/2022\\\/12\\\/LOGO-PERLE-IN-COULEUR@3x.webp\",\"width\":1600,\"height\":490,\"caption\":\"PERLE IN\"},\"image\":{\"@id\":\"https:\\\/\\\/perle-in.com\\\/#\\\/schema\\\/logo\\\/image\\\/\"}}]}<\/script>\n<!-- \/ Yoast SEO plugin. -->","yoast_head_json":{"title":"Trousse \u00e0 outils 19 pi\u00e8ces Flint - PERLE IN","robots":{"index":"noindex","follow":"follow","max-snippet":"max-snippet:-1","max-image-preview":"max-image-preview:large","max-video-preview":"max-video-preview:-1"},"og_locale":"en_US","og_type":"article","og_title":"Trousse \u00e0 outils 19 pi\u00e8ces Flint - PERLE IN","og_description":"Ce set compact et pliable de 19 pi\u00e8ces avec mousqueton pour faciliter le rangement. Il contient 4 douilles (7 mm, 8 mm, 9 mm et 10 mm), 1 tournevis \u00e0 douille, ainsi que 10 t\u00eates pour tournevis, une extension et 3 sets de cl\u00e9s hexagonales (3, 4 et 5 mm).","og_url":"https:\/\/perle-in.com\/en\/product\/trousse-a-outils-19-pieces-flint\/","og_site_name":"PERLE IN","article_modified_time":"2025-10-13T14:21:26+00:00","og_image":[{"width":1600,"height":1600,"url":"https:\/\/perle-in.com\/wp-content\/uploads\/2025\/10\/10417100-1.jpg","type":"image\/jpeg"}],"twitter_card":"summary_large_image","schema":{"@context":"https:\/\/schema.org","@graph":[{"@type":"WebPage","@id":"https:\/\/perle-in.com\/en\/product\/trousse-a-outils-19-pieces-flint\/","url":"https:\/\/perle-in.com\/en\/product\/trousse-a-outils-19-pieces-flint\/","name":"Trousse \u00e0 outils 19 pi\u00e8ces Flint - PERLE IN","isPartOf":{"@id":"https:\/\/perle-in.com\/#website"},"primaryImageOfPage":{"@id":"https:\/\/perle-in.com\/en\/product\/trousse-a-outils-19-pieces-flint\/#primaryimage"},"image":{"@id":"https:\/\/perle-in.com\/en\/product\/trousse-a-outils-19-pieces-flint\/#primaryimage"},"thumbnailUrl":"https:\/\/perle-in.com\/wp-content\/uploads\/2025\/10\/10417100-1.jpg","datePublished":"2025-10-13T14:21:25+00:00","dateModified":"2025-10-13T14:21:26+00:00","breadcrumb":{"@id":"https:\/\/perle-in.com\/en\/product\/trousse-a-outils-19-pieces-flint\/#breadcrumb"},"inLanguage":"en-CA","potentialAction":[{"@type":"ReadAction","target":["https:\/\/perle-in.com\/en\/product\/trousse-a-outils-19-pieces-flint\/"]}]},{"@type":"ImageObject","inLanguage":"en-CA","@id":"https:\/\/perle-in.com\/en\/product\/trousse-a-outils-19-pieces-flint\/#primaryimage","url":"https:\/\/perle-in.com\/wp-content\/uploads\/2025\/10\/10417100-1.jpg","contentUrl":"https:\/\/perle-in.com\/wp-content\/uploads\/2025\/10\/10417100-1.jpg","width":1600,"height":1600},{"@type":"BreadcrumbList","@id":"https:\/\/perle-in.com\/en\/product\/trousse-a-outils-19-pieces-flint\/#breadcrumb","itemListElement":[{"@type":"ListItem","position":1,"name":"Accueil","item":"https:\/\/perle-in.com\/"},{"@type":"ListItem","position":2,"name":"Boutique","item":"https:\/\/perle-in.com\/boutique\/"},{"@type":"ListItem","position":3,"name":"Trousse \u00e0 outils 19 pi\u00e8ces Flint"}]},{"@type":"WebSite","@id":"https:\/\/perle-in.com\/#website","url":"https:\/\/perle-in.com\/","name":"PERLE IN","description":"","publisher":{"@id":"https:\/\/perle-in.com\/#organization"},"potentialAction":[{"@type":"SearchAction","target":{"@type":"EntryPoint","urlTemplate":"https:\/\/perle-in.com\/?s={search_term_string}"},"query-input":{"@type":"PropertyValueSpecification","valueRequired":true,"valueName":"search_term_string"}}],"inLanguage":"en-CA"},{"@type":"Organization","@id":"https:\/\/perle-in.com\/#organization","name":"PERLE IN","url":"https:\/\/perle-in.com\/","logo":{"@type":"ImageObject","inLanguage":"en-CA","@id":"https:\/\/perle-in.com\/#\/schema\/logo\/image\/","url":"https:\/\/perle-in.com\/wp-content\/uploads\/2022\/12\/LOGO-PERLE-IN-COULEUR@3x.webp","contentUrl":"https:\/\/perle-in.com\/wp-content\/uploads\/2022\/12\/LOGO-PERLE-IN-COULEUR@3x.webp","width":1600,"height":490,"caption":"PERLE IN"},"image":{"@id":"https:\/\/perle-in.com\/#\/schema\/logo\/image\/"}}]}},"jetpack_sharing_enabled":true,"_links":{"self":[{"href":"https:\/\/perle-in.com\/en\/wp-json\/wp\/v2\/product\/502093","targetHints":{"allow":["GET"]}}],"collection":[{"href":"https:\/\/perle-in.com\/en\/wp-json\/wp\/v2\/product"}],"about":[{"href":"https:\/\/perle-in.com\/en\/wp-json\/wp\/v2\/types\/product"}],"version-history":[{"count":0,"href":"https:\/\/perle-in.com\/en\/wp-json\/wp\/v2\/product\/502093\/revisions"}],"wp:featuredmedia":[{"embeddable":true,"href":"https:\/\/perle-in.com\/en\/wp-json\/wp\/v2\/media\/502089"}],"wp:attachment":[{"href":"https:\/\/perle-in.com\/en\/wp-json\/wp\/v2\/media?parent=502093"}],"wp:term":[{"taxonomy":"product_brand","embeddable":true,"href":"https:\/\/perle-in.com\/en\/wp-json\/wp\/v2\/product_brand?post=502093"},{"taxonomy":"product_cat","embeddable":true,"href":"https:\/\/perle-in.com\/en\/wp-json\/wp\/v2\/product_cat?post=502093"},{"taxonomy":"product_tag","embeddable":true,"href":"https:\/\/perle-in.com\/en\/wp-json\/wp\/v2\/product_tag?post=502093"}],"curies":[{"name":"wp","href":"https:\/\/api.w.org\/{rel}","templated":true}]}}