{"id":502087,"date":"2025-10-13T16:20:27","date_gmt":"2025-10-13T14:20:27","guid":{"rendered":"https:\/\/perle-in.com\/produit\/disque-de-stationnement-5-en-1-spot\/"},"modified":"2025-10-13T16:20:28","modified_gmt":"2025-10-13T14:20:28","slug":"disque-de-stationnement-5-en-1-spot","status":"publish","type":"product","link":"https:\/\/perle-in.com\/en\/product\/disque-de-stationnement-5-en-1-spot\/","title":{"rendered":"Disque de stationnement 5 en 1 Spot"},"content":{"rendered":"","protected":false},"excerpt":{"rendered":"<p>Ce disque de stationnement dispose d&#8217;un grattoir, d&#8217;une raclette, d&#8217;un jeton de caddie et d&#8217;un indicateur d&#8217;usure des pneumatiques. Le disque dispose d&#8217;une grande surface blanche pour un logo \u00e0 l&#8217;arri\u00e8re. Texte \u00ab\u00a0Heure d&#8217;arriv\u00e9e\u00a0\u00bb sur le disque indiqu\u00e9 en n\u00e9erlandais, anglais, fran\u00e7ais, allemand et italien. Les r\u00e9glementations peuvent varier localement.<\/p>","protected":false},"featured_media":502076,"template":"","meta":{"_eb_attr":""},"product_brand":[],"product_cat":[507,438],"product_tag":[528,529,524,525,519,520,515,1398,1400,516,1399,1401,527,526,510,511],"class_list":{"0":"post-502087","1":"product","2":"type-product","3":"status-publish","4":"has-post-thumbnail","6":"product_cat-accessoires-auto","7":"product_cat-outils-et-accessoires-pour-la-voiture","8":"product_tag-carte-de-stationnement","9":"product_tag-cartes-de-stationnement","10":"product_tag-disque-de-stationnement","11":"product_tag-disques-de-stationnement","12":"product_tag-essuie-glace","13":"product_tag-essuie-glaces","14":"product_tag-grattoir","15":"product_tag-grattoir-a-glace","16":"product_tag-grattoir-a-neige","17":"product_tag-grattoirs","18":"product_tag-grattoirs-a-glace","19":"product_tag-grattoirs-a-neige","20":"product_tag-parking","21":"product_tag-stationnement","22":"product_tag-voiture","23":"product_tag-voitures","24":"pa_couleurs-bleu","26":"first","27":"instock","28":"shipping-taxable","29":"purchasable","30":"product-type-variable"},"yoast_head":"<!-- This site is optimized with the Yoast SEO plugin v27.4 - https:\/\/yoast.com\/product\/yoast-seo-wordpress\/ -->\n<title>Disque de stationnement 5 en 1 Spot - PERLE IN<\/title>\n<meta name=\"robots\" content=\"noindex, follow, max-snippet:-1, max-image-preview:large, max-video-preview:-1\" \/>\n<meta property=\"og:locale\" content=\"en_US\" \/>\n<meta property=\"og:type\" content=\"article\" \/>\n<meta property=\"og:title\" content=\"Disque de stationnement 5 en 1 Spot - PERLE IN\" \/>\n<meta property=\"og:description\" content=\"Ce disque de stationnement dispose d&#039;un grattoir, d&#039;une raclette, d&#039;un jeton de caddie et d&#039;un indicateur d&#039;usure des pneumatiques. Le disque dispose d&#039;une grande surface blanche pour un logo \u00e0 l&#039;arri\u00e8re. Texte \u00ab\u00a0Heure d&#039;arriv\u00e9e\u00a0\u00bb sur le disque indiqu\u00e9 en n\u00e9erlandais, anglais, fran\u00e7ais, allemand et italien. Les r\u00e9glementations peuvent varier localement.\" \/>\n<meta property=\"og:url\" content=\"https:\/\/perle-in.com\/en\/product\/disque-de-stationnement-5-en-1-spot\/\" \/>\n<meta property=\"og:site_name\" content=\"PERLE IN\" \/>\n<meta property=\"article:modified_time\" content=\"2025-10-13T14:20:28+00:00\" \/>\n<meta property=\"og:image\" content=\"https:\/\/perle-in.com\/wp-content\/uploads\/2025\/10\/10415800-1.jpg\" \/>\n\t<meta property=\"og:image:width\" content=\"1600\" \/>\n\t<meta property=\"og:image:height\" content=\"1600\" \/>\n\t<meta property=\"og:image:type\" content=\"image\/jpeg\" \/>\n<meta name=\"twitter:card\" content=\"summary_large_image\" \/>\n<script type=\"application\/ld+json\" class=\"yoast-schema-graph\">{\"@context\":\"https:\\\/\\\/schema.org\",\"@graph\":[{\"@type\":\"WebPage\",\"@id\":\"https:\\\/\\\/perle-in.com\\\/produit\\\/disque-de-stationnement-5-en-1-spot\\\/\",\"url\":\"https:\\\/\\\/perle-in.com\\\/produit\\\/disque-de-stationnement-5-en-1-spot\\\/\",\"name\":\"Disque de stationnement 5 en 1 Spot - PERLE IN\",\"isPartOf\":{\"@id\":\"https:\\\/\\\/perle-in.com\\\/#website\"},\"primaryImageOfPage\":{\"@id\":\"https:\\\/\\\/perle-in.com\\\/produit\\\/disque-de-stationnement-5-en-1-spot\\\/#primaryimage\"},\"image\":{\"@id\":\"https:\\\/\\\/perle-in.com\\\/produit\\\/disque-de-stationnement-5-en-1-spot\\\/#primaryimage\"},\"thumbnailUrl\":\"https:\\\/\\\/perle-in.com\\\/wp-content\\\/uploads\\\/2025\\\/10\\\/10415800-1.jpg\",\"datePublished\":\"2025-10-13T14:20:27+00:00\",\"dateModified\":\"2025-10-13T14:20:28+00:00\",\"breadcrumb\":{\"@id\":\"https:\\\/\\\/perle-in.com\\\/produit\\\/disque-de-stationnement-5-en-1-spot\\\/#breadcrumb\"},\"inLanguage\":\"en-CA\",\"potentialAction\":[{\"@type\":\"ReadAction\",\"target\":[\"https:\\\/\\\/perle-in.com\\\/produit\\\/disque-de-stationnement-5-en-1-spot\\\/\"]}]},{\"@type\":\"ImageObject\",\"inLanguage\":\"en-CA\",\"@id\":\"https:\\\/\\\/perle-in.com\\\/produit\\\/disque-de-stationnement-5-en-1-spot\\\/#primaryimage\",\"url\":\"https:\\\/\\\/perle-in.com\\\/wp-content\\\/uploads\\\/2025\\\/10\\\/10415800-1.jpg\",\"contentUrl\":\"https:\\\/\\\/perle-in.com\\\/wp-content\\\/uploads\\\/2025\\\/10\\\/10415800-1.jpg\",\"width\":1600,\"height\":1600},{\"@type\":\"BreadcrumbList\",\"@id\":\"https:\\\/\\\/perle-in.com\\\/produit\\\/disque-de-stationnement-5-en-1-spot\\\/#breadcrumb\",\"itemListElement\":[{\"@type\":\"ListItem\",\"position\":1,\"name\":\"Accueil\",\"item\":\"https:\\\/\\\/perle-in.com\\\/\"},{\"@type\":\"ListItem\",\"position\":2,\"name\":\"Boutique\",\"item\":\"https:\\\/\\\/perle-in.com\\\/boutique\\\/\"},{\"@type\":\"ListItem\",\"position\":3,\"name\":\"Disque de stationnement 5 en 1 Spot\"}]},{\"@type\":\"WebSite\",\"@id\":\"https:\\\/\\\/perle-in.com\\\/#website\",\"url\":\"https:\\\/\\\/perle-in.com\\\/\",\"name\":\"PERLE IN\",\"description\":\"\",\"publisher\":{\"@id\":\"https:\\\/\\\/perle-in.com\\\/#organization\"},\"potentialAction\":[{\"@type\":\"SearchAction\",\"target\":{\"@type\":\"EntryPoint\",\"urlTemplate\":\"https:\\\/\\\/perle-in.com\\\/?s={search_term_string}\"},\"query-input\":{\"@type\":\"PropertyValueSpecification\",\"valueRequired\":true,\"valueName\":\"search_term_string\"}}],\"inLanguage\":\"en-CA\"},{\"@type\":\"Organization\",\"@id\":\"https:\\\/\\\/perle-in.com\\\/#organization\",\"name\":\"PERLE IN\",\"url\":\"https:\\\/\\\/perle-in.com\\\/\",\"logo\":{\"@type\":\"ImageObject\",\"inLanguage\":\"en-CA\",\"@id\":\"https:\\\/\\\/perle-in.com\\\/#\\\/schema\\\/logo\\\/image\\\/\",\"url\":\"https:\\\/\\\/perle-in.com\\\/wp-content\\\/uploads\\\/2022\\\/12\\\/LOGO-PERLE-IN-COULEUR@3x.webp\",\"contentUrl\":\"https:\\\/\\\/perle-in.com\\\/wp-content\\\/uploads\\\/2022\\\/12\\\/LOGO-PERLE-IN-COULEUR@3x.webp\",\"width\":1600,\"height\":490,\"caption\":\"PERLE IN\"},\"image\":{\"@id\":\"https:\\\/\\\/perle-in.com\\\/#\\\/schema\\\/logo\\\/image\\\/\"}}]}<\/script>\n<!-- \/ Yoast SEO plugin. -->","yoast_head_json":{"title":"Disque de stationnement 5 en 1 Spot - PERLE IN","robots":{"index":"noindex","follow":"follow","max-snippet":"max-snippet:-1","max-image-preview":"max-image-preview:large","max-video-preview":"max-video-preview:-1"},"og_locale":"en_US","og_type":"article","og_title":"Disque de stationnement 5 en 1 Spot - PERLE IN","og_description":"Ce disque de stationnement dispose d'un grattoir, d'une raclette, d'un jeton de caddie et d'un indicateur d'usure des pneumatiques. Le disque dispose d'une grande surface blanche pour un logo \u00e0 l'arri\u00e8re. Texte \u00ab\u00a0Heure d'arriv\u00e9e\u00a0\u00bb sur le disque indiqu\u00e9 en n\u00e9erlandais, anglais, fran\u00e7ais, allemand et italien. Les r\u00e9glementations peuvent varier localement.","og_url":"https:\/\/perle-in.com\/en\/product\/disque-de-stationnement-5-en-1-spot\/","og_site_name":"PERLE IN","article_modified_time":"2025-10-13T14:20:28+00:00","og_image":[{"width":1600,"height":1600,"url":"https:\/\/perle-in.com\/wp-content\/uploads\/2025\/10\/10415800-1.jpg","type":"image\/jpeg"}],"twitter_card":"summary_large_image","schema":{"@context":"https:\/\/schema.org","@graph":[{"@type":"WebPage","@id":"https:\/\/perle-in.com\/produit\/disque-de-stationnement-5-en-1-spot\/","url":"https:\/\/perle-in.com\/produit\/disque-de-stationnement-5-en-1-spot\/","name":"Disque de stationnement 5 en 1 Spot - PERLE IN","isPartOf":{"@id":"https:\/\/perle-in.com\/#website"},"primaryImageOfPage":{"@id":"https:\/\/perle-in.com\/produit\/disque-de-stationnement-5-en-1-spot\/#primaryimage"},"image":{"@id":"https:\/\/perle-in.com\/produit\/disque-de-stationnement-5-en-1-spot\/#primaryimage"},"thumbnailUrl":"https:\/\/perle-in.com\/wp-content\/uploads\/2025\/10\/10415800-1.jpg","datePublished":"2025-10-13T14:20:27+00:00","dateModified":"2025-10-13T14:20:28+00:00","breadcrumb":{"@id":"https:\/\/perle-in.com\/produit\/disque-de-stationnement-5-en-1-spot\/#breadcrumb"},"inLanguage":"en-CA","potentialAction":[{"@type":"ReadAction","target":["https:\/\/perle-in.com\/produit\/disque-de-stationnement-5-en-1-spot\/"]}]},{"@type":"ImageObject","inLanguage":"en-CA","@id":"https:\/\/perle-in.com\/produit\/disque-de-stationnement-5-en-1-spot\/#primaryimage","url":"https:\/\/perle-in.com\/wp-content\/uploads\/2025\/10\/10415800-1.jpg","contentUrl":"https:\/\/perle-in.com\/wp-content\/uploads\/2025\/10\/10415800-1.jpg","width":1600,"height":1600},{"@type":"BreadcrumbList","@id":"https:\/\/perle-in.com\/produit\/disque-de-stationnement-5-en-1-spot\/#breadcrumb","itemListElement":[{"@type":"ListItem","position":1,"name":"Accueil","item":"https:\/\/perle-in.com\/"},{"@type":"ListItem","position":2,"name":"Boutique","item":"https:\/\/perle-in.com\/boutique\/"},{"@type":"ListItem","position":3,"name":"Disque de stationnement 5 en 1 Spot"}]},{"@type":"WebSite","@id":"https:\/\/perle-in.com\/#website","url":"https:\/\/perle-in.com\/","name":"PERLE IN","description":"","publisher":{"@id":"https:\/\/perle-in.com\/#organization"},"potentialAction":[{"@type":"SearchAction","target":{"@type":"EntryPoint","urlTemplate":"https:\/\/perle-in.com\/?s={search_term_string}"},"query-input":{"@type":"PropertyValueSpecification","valueRequired":true,"valueName":"search_term_string"}}],"inLanguage":"en-CA"},{"@type":"Organization","@id":"https:\/\/perle-in.com\/#organization","name":"PERLE IN","url":"https:\/\/perle-in.com\/","logo":{"@type":"ImageObject","inLanguage":"en-CA","@id":"https:\/\/perle-in.com\/#\/schema\/logo\/image\/","url":"https:\/\/perle-in.com\/wp-content\/uploads\/2022\/12\/LOGO-PERLE-IN-COULEUR@3x.webp","contentUrl":"https:\/\/perle-in.com\/wp-content\/uploads\/2022\/12\/LOGO-PERLE-IN-COULEUR@3x.webp","width":1600,"height":490,"caption":"PERLE IN"},"image":{"@id":"https:\/\/perle-in.com\/#\/schema\/logo\/image\/"}}]}},"jetpack_sharing_enabled":true,"_links":{"self":[{"href":"https:\/\/perle-in.com\/en\/wp-json\/wp\/v2\/product\/502087","targetHints":{"allow":["GET"]}}],"collection":[{"href":"https:\/\/perle-in.com\/en\/wp-json\/wp\/v2\/product"}],"about":[{"href":"https:\/\/perle-in.com\/en\/wp-json\/wp\/v2\/types\/product"}],"version-history":[{"count":0,"href":"https:\/\/perle-in.com\/en\/wp-json\/wp\/v2\/product\/502087\/revisions"}],"wp:featuredmedia":[{"embeddable":true,"href":"https:\/\/perle-in.com\/en\/wp-json\/wp\/v2\/media\/502076"}],"wp:attachment":[{"href":"https:\/\/perle-in.com\/en\/wp-json\/wp\/v2\/media?parent=502087"}],"wp:term":[{"taxonomy":"product_brand","embeddable":true,"href":"https:\/\/perle-in.com\/en\/wp-json\/wp\/v2\/product_brand?post=502087"},{"taxonomy":"product_cat","embeddable":true,"href":"https:\/\/perle-in.com\/en\/wp-json\/wp\/v2\/product_cat?post=502087"},{"taxonomy":"product_tag","embeddable":true,"href":"https:\/\/perle-in.com\/en\/wp-json\/wp\/v2\/product_tag?post=502087"}],"curies":[{"name":"wp","href":"https:\/\/api.w.org\/{rel}","templated":true}]}}