{"id":502084,"date":"2025-10-13T16:20:20","date_gmt":"2025-10-13T14:20:20","guid":{"rendered":"https:\/\/perle-in.com\/produit\/bouteille-de-sport-590ml-avec-isolation-par-le-vide-et-couche-de-cuivre-gessi\/"},"modified":"2025-10-19T04:34:37","modified_gmt":"2025-10-19T02:34:37","slug":"bouteille-de-sport-590ml-avec-isolation-par-le-vide-et-couche-de-cuivre-gessi","status":"publish","type":"product","link":"https:\/\/perle-in.com\/en\/product\/bouteille-de-sport-590ml-avec-isolation-par-le-vide-et-couche-de-cuivre-gessi\/","title":{"rendered":"Bouteille de sport 590ml avec isolation par le vide et couche de cuivre Gessi"},"content":{"rendered":"","protected":false},"excerpt":{"rendered":"<p>Conception \u00e0 double paroi en acier inoxydable avec isolation en cuivre, ce qui permet \u00e0 votre boisson de rester chaude pendant 12 heures et froide pendant 48 heures. Le design emp\u00eache \u00e9galement la formation de condensation \u00e0 l\u2019ext\u00e9rieur de la bouteille. Comprend un couvercle \u00e0 visser en acier inoxydable avec une poign\u00e9e pratique pour le transport. Design \u00e0 double ouverture pour faciliter le nettoyage et le remplissage. Capacit\u00e9 de 590 ml. Pr\u00e9sent\u00e9e dans une boite cadeau Avenue.<\/p>","protected":false},"featured_media":501823,"template":"","meta":{"_eb_attr":""},"product_brand":[],"product_cat":[257,173],"product_tag":[177,178,175,176,203],"class_list":{"0":"post-502084","1":"product","2":"type-product","3":"status-publish","4":"has-post-thumbnail","6":"product_cat-bouteilles-isothermes","7":"product_cat-drinkware","8":"product_tag-bidon","9":"product_tag-bidons","10":"product_tag-bouteille","11":"product_tag-bouteilles","12":"product_tag-sport","13":"pa_couleurs-argent","14":"pa_couleurs-noir","16":"first","17":"instock","18":"shipping-taxable","19":"purchasable","20":"product-type-variable"},"yoast_head":"<!-- This site is optimized with the Yoast SEO plugin v27.4 - https:\/\/yoast.com\/product\/yoast-seo-wordpress\/ -->\n<title>Bouteille de sport 590ml avec isolation par le vide et couche de cuivre Gessi - PERLE IN<\/title>\n<meta name=\"robots\" content=\"noindex, follow, max-snippet:-1, max-image-preview:large, max-video-preview:-1\" \/>\n<meta property=\"og:locale\" content=\"en_US\" \/>\n<meta property=\"og:type\" content=\"article\" \/>\n<meta property=\"og:title\" content=\"Bouteille de sport 590ml avec isolation par le vide et couche de cuivre Gessi - PERLE IN\" \/>\n<meta property=\"og:description\" content=\"Conception \u00e0 double paroi en acier inoxydable avec isolation en cuivre, ce qui permet \u00e0 votre boisson de rester chaude pendant 12 heures et froide pendant 48 heures. Le design emp\u00eache \u00e9galement la formation de condensation \u00e0 l\u2019ext\u00e9rieur de la bouteille. Comprend un couvercle \u00e0 visser en acier inoxydable avec une poign\u00e9e pratique pour le transport. Design \u00e0 double ouverture pour faciliter le nettoyage et le remplissage. Capacit\u00e9 de 590 ml. Pr\u00e9sent\u00e9e dans une boite cadeau Avenue.\" \/>\n<meta property=\"og:url\" content=\"https:\/\/perle-in.com\/en\/product\/bouteille-de-sport-590ml-avec-isolation-par-le-vide-et-couche-de-cuivre-gessi\/\" \/>\n<meta property=\"og:site_name\" content=\"PERLE IN\" \/>\n<meta property=\"article:modified_time\" content=\"2025-10-19T02:34:37+00:00\" \/>\n<meta property=\"og:image\" content=\"https:\/\/perle-in.com\/wp-content\/uploads\/2025\/10\/10064400-1.jpg\" \/>\n\t<meta property=\"og:image:width\" content=\"1600\" \/>\n\t<meta property=\"og:image:height\" content=\"1600\" \/>\n\t<meta property=\"og:image:type\" content=\"image\/jpeg\" \/>\n<meta name=\"twitter:card\" content=\"summary_large_image\" \/>\n<script type=\"application\/ld+json\" class=\"yoast-schema-graph\">{\"@context\":\"https:\\\/\\\/schema.org\",\"@graph\":[{\"@type\":\"WebPage\",\"@id\":\"https:\\\/\\\/perle-in.com\\\/produit\\\/bouteille-de-sport-590ml-avec-isolation-par-le-vide-et-couche-de-cuivre-gessi\\\/\",\"url\":\"https:\\\/\\\/perle-in.com\\\/produit\\\/bouteille-de-sport-590ml-avec-isolation-par-le-vide-et-couche-de-cuivre-gessi\\\/\",\"name\":\"Bouteille de sport 590ml avec isolation par le vide et couche de cuivre Gessi - PERLE IN\",\"isPartOf\":{\"@id\":\"https:\\\/\\\/perle-in.com\\\/#website\"},\"primaryImageOfPage\":{\"@id\":\"https:\\\/\\\/perle-in.com\\\/produit\\\/bouteille-de-sport-590ml-avec-isolation-par-le-vide-et-couche-de-cuivre-gessi\\\/#primaryimage\"},\"image\":{\"@id\":\"https:\\\/\\\/perle-in.com\\\/produit\\\/bouteille-de-sport-590ml-avec-isolation-par-le-vide-et-couche-de-cuivre-gessi\\\/#primaryimage\"},\"thumbnailUrl\":\"https:\\\/\\\/perle-in.com\\\/wp-content\\\/uploads\\\/2025\\\/10\\\/10064400-1.jpg\",\"datePublished\":\"2025-10-13T14:20:20+00:00\",\"dateModified\":\"2025-10-19T02:34:37+00:00\",\"breadcrumb\":{\"@id\":\"https:\\\/\\\/perle-in.com\\\/produit\\\/bouteille-de-sport-590ml-avec-isolation-par-le-vide-et-couche-de-cuivre-gessi\\\/#breadcrumb\"},\"inLanguage\":\"en-CA\",\"potentialAction\":[{\"@type\":\"ReadAction\",\"target\":[\"https:\\\/\\\/perle-in.com\\\/produit\\\/bouteille-de-sport-590ml-avec-isolation-par-le-vide-et-couche-de-cuivre-gessi\\\/\"]}]},{\"@type\":\"ImageObject\",\"inLanguage\":\"en-CA\",\"@id\":\"https:\\\/\\\/perle-in.com\\\/produit\\\/bouteille-de-sport-590ml-avec-isolation-par-le-vide-et-couche-de-cuivre-gessi\\\/#primaryimage\",\"url\":\"https:\\\/\\\/perle-in.com\\\/wp-content\\\/uploads\\\/2025\\\/10\\\/10064400-1.jpg\",\"contentUrl\":\"https:\\\/\\\/perle-in.com\\\/wp-content\\\/uploads\\\/2025\\\/10\\\/10064400-1.jpg\",\"width\":1600,\"height\":1600},{\"@type\":\"BreadcrumbList\",\"@id\":\"https:\\\/\\\/perle-in.com\\\/produit\\\/bouteille-de-sport-590ml-avec-isolation-par-le-vide-et-couche-de-cuivre-gessi\\\/#breadcrumb\",\"itemListElement\":[{\"@type\":\"ListItem\",\"position\":1,\"name\":\"Accueil\",\"item\":\"https:\\\/\\\/perle-in.com\\\/\"},{\"@type\":\"ListItem\",\"position\":2,\"name\":\"Boutique\",\"item\":\"https:\\\/\\\/perle-in.com\\\/boutique\\\/\"},{\"@type\":\"ListItem\",\"position\":3,\"name\":\"Bouteille de sport 590ml avec isolation par le vide et couche de cuivre Gessi\"}]},{\"@type\":\"WebSite\",\"@id\":\"https:\\\/\\\/perle-in.com\\\/#website\",\"url\":\"https:\\\/\\\/perle-in.com\\\/\",\"name\":\"PERLE IN\",\"description\":\"\",\"publisher\":{\"@id\":\"https:\\\/\\\/perle-in.com\\\/#organization\"},\"potentialAction\":[{\"@type\":\"SearchAction\",\"target\":{\"@type\":\"EntryPoint\",\"urlTemplate\":\"https:\\\/\\\/perle-in.com\\\/?s={search_term_string}\"},\"query-input\":{\"@type\":\"PropertyValueSpecification\",\"valueRequired\":true,\"valueName\":\"search_term_string\"}}],\"inLanguage\":\"en-CA\"},{\"@type\":\"Organization\",\"@id\":\"https:\\\/\\\/perle-in.com\\\/#organization\",\"name\":\"PERLE IN\",\"url\":\"https:\\\/\\\/perle-in.com\\\/\",\"logo\":{\"@type\":\"ImageObject\",\"inLanguage\":\"en-CA\",\"@id\":\"https:\\\/\\\/perle-in.com\\\/#\\\/schema\\\/logo\\\/image\\\/\",\"url\":\"https:\\\/\\\/perle-in.com\\\/wp-content\\\/uploads\\\/2022\\\/12\\\/LOGO-PERLE-IN-COULEUR@3x.webp\",\"contentUrl\":\"https:\\\/\\\/perle-in.com\\\/wp-content\\\/uploads\\\/2022\\\/12\\\/LOGO-PERLE-IN-COULEUR@3x.webp\",\"width\":1600,\"height\":490,\"caption\":\"PERLE IN\"},\"image\":{\"@id\":\"https:\\\/\\\/perle-in.com\\\/#\\\/schema\\\/logo\\\/image\\\/\"}}]}<\/script>\n<!-- \/ Yoast SEO plugin. -->","yoast_head_json":{"title":"Bouteille de sport 590ml avec isolation par le vide et couche de cuivre Gessi - PERLE IN","robots":{"index":"noindex","follow":"follow","max-snippet":"max-snippet:-1","max-image-preview":"max-image-preview:large","max-video-preview":"max-video-preview:-1"},"og_locale":"en_US","og_type":"article","og_title":"Bouteille de sport 590ml avec isolation par le vide et couche de cuivre Gessi - PERLE IN","og_description":"Conception \u00e0 double paroi en acier inoxydable avec isolation en cuivre, ce qui permet \u00e0 votre boisson de rester chaude pendant 12 heures et froide pendant 48 heures. Le design emp\u00eache \u00e9galement la formation de condensation \u00e0 l\u2019ext\u00e9rieur de la bouteille. Comprend un couvercle \u00e0 visser en acier inoxydable avec une poign\u00e9e pratique pour le transport. Design \u00e0 double ouverture pour faciliter le nettoyage et le remplissage. Capacit\u00e9 de 590 ml. Pr\u00e9sent\u00e9e dans une boite cadeau Avenue.","og_url":"https:\/\/perle-in.com\/en\/product\/bouteille-de-sport-590ml-avec-isolation-par-le-vide-et-couche-de-cuivre-gessi\/","og_site_name":"PERLE IN","article_modified_time":"2025-10-19T02:34:37+00:00","og_image":[{"width":1600,"height":1600,"url":"https:\/\/perle-in.com\/wp-content\/uploads\/2025\/10\/10064400-1.jpg","type":"image\/jpeg"}],"twitter_card":"summary_large_image","schema":{"@context":"https:\/\/schema.org","@graph":[{"@type":"WebPage","@id":"https:\/\/perle-in.com\/produit\/bouteille-de-sport-590ml-avec-isolation-par-le-vide-et-couche-de-cuivre-gessi\/","url":"https:\/\/perle-in.com\/produit\/bouteille-de-sport-590ml-avec-isolation-par-le-vide-et-couche-de-cuivre-gessi\/","name":"Bouteille de sport 590ml avec isolation par le vide et couche de cuivre Gessi - PERLE IN","isPartOf":{"@id":"https:\/\/perle-in.com\/#website"},"primaryImageOfPage":{"@id":"https:\/\/perle-in.com\/produit\/bouteille-de-sport-590ml-avec-isolation-par-le-vide-et-couche-de-cuivre-gessi\/#primaryimage"},"image":{"@id":"https:\/\/perle-in.com\/produit\/bouteille-de-sport-590ml-avec-isolation-par-le-vide-et-couche-de-cuivre-gessi\/#primaryimage"},"thumbnailUrl":"https:\/\/perle-in.com\/wp-content\/uploads\/2025\/10\/10064400-1.jpg","datePublished":"2025-10-13T14:20:20+00:00","dateModified":"2025-10-19T02:34:37+00:00","breadcrumb":{"@id":"https:\/\/perle-in.com\/produit\/bouteille-de-sport-590ml-avec-isolation-par-le-vide-et-couche-de-cuivre-gessi\/#breadcrumb"},"inLanguage":"en-CA","potentialAction":[{"@type":"ReadAction","target":["https:\/\/perle-in.com\/produit\/bouteille-de-sport-590ml-avec-isolation-par-le-vide-et-couche-de-cuivre-gessi\/"]}]},{"@type":"ImageObject","inLanguage":"en-CA","@id":"https:\/\/perle-in.com\/produit\/bouteille-de-sport-590ml-avec-isolation-par-le-vide-et-couche-de-cuivre-gessi\/#primaryimage","url":"https:\/\/perle-in.com\/wp-content\/uploads\/2025\/10\/10064400-1.jpg","contentUrl":"https:\/\/perle-in.com\/wp-content\/uploads\/2025\/10\/10064400-1.jpg","width":1600,"height":1600},{"@type":"BreadcrumbList","@id":"https:\/\/perle-in.com\/produit\/bouteille-de-sport-590ml-avec-isolation-par-le-vide-et-couche-de-cuivre-gessi\/#breadcrumb","itemListElement":[{"@type":"ListItem","position":1,"name":"Accueil","item":"https:\/\/perle-in.com\/"},{"@type":"ListItem","position":2,"name":"Boutique","item":"https:\/\/perle-in.com\/boutique\/"},{"@type":"ListItem","position":3,"name":"Bouteille de sport 590ml avec isolation par le vide et couche de cuivre Gessi"}]},{"@type":"WebSite","@id":"https:\/\/perle-in.com\/#website","url":"https:\/\/perle-in.com\/","name":"PERLE IN","description":"","publisher":{"@id":"https:\/\/perle-in.com\/#organization"},"potentialAction":[{"@type":"SearchAction","target":{"@type":"EntryPoint","urlTemplate":"https:\/\/perle-in.com\/?s={search_term_string}"},"query-input":{"@type":"PropertyValueSpecification","valueRequired":true,"valueName":"search_term_string"}}],"inLanguage":"en-CA"},{"@type":"Organization","@id":"https:\/\/perle-in.com\/#organization","name":"PERLE IN","url":"https:\/\/perle-in.com\/","logo":{"@type":"ImageObject","inLanguage":"en-CA","@id":"https:\/\/perle-in.com\/#\/schema\/logo\/image\/","url":"https:\/\/perle-in.com\/wp-content\/uploads\/2022\/12\/LOGO-PERLE-IN-COULEUR@3x.webp","contentUrl":"https:\/\/perle-in.com\/wp-content\/uploads\/2022\/12\/LOGO-PERLE-IN-COULEUR@3x.webp","width":1600,"height":490,"caption":"PERLE IN"},"image":{"@id":"https:\/\/perle-in.com\/#\/schema\/logo\/image\/"}}]}},"jetpack_sharing_enabled":true,"_links":{"self":[{"href":"https:\/\/perle-in.com\/en\/wp-json\/wp\/v2\/product\/502084","targetHints":{"allow":["GET"]}}],"collection":[{"href":"https:\/\/perle-in.com\/en\/wp-json\/wp\/v2\/product"}],"about":[{"href":"https:\/\/perle-in.com\/en\/wp-json\/wp\/v2\/types\/product"}],"version-history":[{"count":0,"href":"https:\/\/perle-in.com\/en\/wp-json\/wp\/v2\/product\/502084\/revisions"}],"wp:featuredmedia":[{"embeddable":true,"href":"https:\/\/perle-in.com\/en\/wp-json\/wp\/v2\/media\/501823"}],"wp:attachment":[{"href":"https:\/\/perle-in.com\/en\/wp-json\/wp\/v2\/media?parent=502084"}],"wp:term":[{"taxonomy":"product_brand","embeddable":true,"href":"https:\/\/perle-in.com\/en\/wp-json\/wp\/v2\/product_brand?post=502084"},{"taxonomy":"product_cat","embeddable":true,"href":"https:\/\/perle-in.com\/en\/wp-json\/wp\/v2\/product_cat?post=502084"},{"taxonomy":"product_tag","embeddable":true,"href":"https:\/\/perle-in.com\/en\/wp-json\/wp\/v2\/product_tag?post=502084"}],"curies":[{"name":"wp","href":"https:\/\/api.w.org\/{rel}","templated":true}]}}