{"id":501992,"date":"2025-10-13T16:15:32","date_gmt":"2025-10-13T14:15:32","guid":{"rendered":"https:\/\/perle-in.com\/produit\/tour-de-cou-avec-boucle-amovible-porte-telephone-sagan\/"},"modified":"2025-10-13T16:15:36","modified_gmt":"2025-10-13T14:15:36","slug":"tour-de-cou-avec-boucle-amovible-porte-telephone-sagan","status":"publish","type":"product","link":"https:\/\/perle-in.com\/en\/product\/tour-de-cou-avec-boucle-amovible-porte-telephone-sagan\/","title":{"rendered":"Tour de cou avec boucle amovible, porte-t\u00e9l\u00e9phone Sagan"},"content":{"rendered":"","protected":false},"excerpt":{"rendered":"<p>Tour de cou multifonctions dot\u00e9 d\u2019une boucle d\u00e9tachable, d\u2019une agrafe \u00e0 crochet et d\u2019un porte-t\u00e9l\u00e9phone. Id\u00e9al pour porter un badge nominatif, une carte d&#8217;identit\u00e9 ou des cl\u00e9s. Dans une large gamme de couleurs avec des tailles de logo impressionnantes, l\u2019offre la plus compl\u00e8te disponible. Marquage du second c\u00f4t\u00e9 gratuit si les deux c\u00f4t\u00e9s sont marqu\u00e9s avec les m\u00eames illustrations.<\/p>","protected":false},"featured_media":501982,"template":"","meta":{"_eb_attr":""},"product_brand":[],"product_cat":[400,420],"product_tag":[478,479,1386,1387,481,1391],"class_list":{"0":"post-501992","1":"product","2":"type-product","3":"status-publish","4":"has-post-thumbnail","6":"product_cat-accessoires","7":"product_cat-tours-de-cou","8":"product_tag-dragonne","9":"product_tag-dragonnes","10":"product_tag-laniere","11":"product_tag-lanieres","12":"product_tag-tour-de-cou","13":"product_tag-tour-de-cou-pour-telephone","14":"pa_couleurs-blanc","15":"pa_couleurs-marine","16":"pa_couleurs-noir","17":"pa_couleurs-rouge","19":"first","20":"instock","21":"shipping-taxable","22":"purchasable","23":"product-type-variable"},"yoast_head":"<!-- This site is optimized with the Yoast SEO plugin v27.4 - https:\/\/yoast.com\/product\/yoast-seo-wordpress\/ -->\n<title>Tour de cou avec boucle amovible, porte-t\u00e9l\u00e9phone Sagan - PERLE IN<\/title>\n<meta name=\"robots\" content=\"noindex, follow, max-snippet:-1, max-image-preview:large, max-video-preview:-1\" \/>\n<meta property=\"og:locale\" content=\"en_US\" \/>\n<meta property=\"og:type\" content=\"article\" \/>\n<meta property=\"og:title\" content=\"Tour de cou avec boucle amovible, porte-t\u00e9l\u00e9phone Sagan - PERLE IN\" \/>\n<meta property=\"og:description\" content=\"Tour de cou multifonctions dot\u00e9 d\u2019une boucle d\u00e9tachable, d\u2019une agrafe \u00e0 crochet et d\u2019un porte-t\u00e9l\u00e9phone. Id\u00e9al pour porter un badge nominatif, une carte d&#039;identit\u00e9 ou des cl\u00e9s. Dans une large gamme de couleurs avec des tailles de logo impressionnantes, l\u2019offre la plus compl\u00e8te disponible. Marquage du second c\u00f4t\u00e9 gratuit si les deux c\u00f4t\u00e9s sont marqu\u00e9s avec les m\u00eames illustrations.\" \/>\n<meta property=\"og:url\" content=\"https:\/\/perle-in.com\/en\/product\/tour-de-cou-avec-boucle-amovible-porte-telephone-sagan\/\" \/>\n<meta property=\"og:site_name\" content=\"PERLE IN\" \/>\n<meta property=\"article:modified_time\" content=\"2025-10-13T14:15:36+00:00\" \/>\n<meta property=\"og:image\" content=\"https:\/\/perle-in.com\/wp-content\/uploads\/2025\/10\/10250801-1.jpg\" \/>\n\t<meta property=\"og:image:width\" content=\"1600\" \/>\n\t<meta property=\"og:image:height\" content=\"1600\" \/>\n\t<meta property=\"og:image:type\" content=\"image\/jpeg\" \/>\n<meta name=\"twitter:card\" content=\"summary_large_image\" \/>\n<script type=\"application\/ld+json\" class=\"yoast-schema-graph\">{\"@context\":\"https:\\\/\\\/schema.org\",\"@graph\":[{\"@type\":\"WebPage\",\"@id\":\"https:\\\/\\\/perle-in.com\\\/produit\\\/tour-de-cou-avec-boucle-amovible-porte-telephone-sagan\\\/\",\"url\":\"https:\\\/\\\/perle-in.com\\\/produit\\\/tour-de-cou-avec-boucle-amovible-porte-telephone-sagan\\\/\",\"name\":\"Tour de cou avec boucle amovible, porte-t\u00e9l\u00e9phone Sagan - PERLE IN\",\"isPartOf\":{\"@id\":\"https:\\\/\\\/perle-in.com\\\/#website\"},\"primaryImageOfPage\":{\"@id\":\"https:\\\/\\\/perle-in.com\\\/produit\\\/tour-de-cou-avec-boucle-amovible-porte-telephone-sagan\\\/#primaryimage\"},\"image\":{\"@id\":\"https:\\\/\\\/perle-in.com\\\/produit\\\/tour-de-cou-avec-boucle-amovible-porte-telephone-sagan\\\/#primaryimage\"},\"thumbnailUrl\":\"https:\\\/\\\/perle-in.com\\\/wp-content\\\/uploads\\\/2025\\\/10\\\/10250801-1.jpg\",\"datePublished\":\"2025-10-13T14:15:32+00:00\",\"dateModified\":\"2025-10-13T14:15:36+00:00\",\"breadcrumb\":{\"@id\":\"https:\\\/\\\/perle-in.com\\\/produit\\\/tour-de-cou-avec-boucle-amovible-porte-telephone-sagan\\\/#breadcrumb\"},\"inLanguage\":\"en-CA\",\"potentialAction\":[{\"@type\":\"ReadAction\",\"target\":[\"https:\\\/\\\/perle-in.com\\\/produit\\\/tour-de-cou-avec-boucle-amovible-porte-telephone-sagan\\\/\"]}]},{\"@type\":\"ImageObject\",\"inLanguage\":\"en-CA\",\"@id\":\"https:\\\/\\\/perle-in.com\\\/produit\\\/tour-de-cou-avec-boucle-amovible-porte-telephone-sagan\\\/#primaryimage\",\"url\":\"https:\\\/\\\/perle-in.com\\\/wp-content\\\/uploads\\\/2025\\\/10\\\/10250801-1.jpg\",\"contentUrl\":\"https:\\\/\\\/perle-in.com\\\/wp-content\\\/uploads\\\/2025\\\/10\\\/10250801-1.jpg\",\"width\":1600,\"height\":1600},{\"@type\":\"BreadcrumbList\",\"@id\":\"https:\\\/\\\/perle-in.com\\\/produit\\\/tour-de-cou-avec-boucle-amovible-porte-telephone-sagan\\\/#breadcrumb\",\"itemListElement\":[{\"@type\":\"ListItem\",\"position\":1,\"name\":\"Accueil\",\"item\":\"https:\\\/\\\/perle-in.com\\\/\"},{\"@type\":\"ListItem\",\"position\":2,\"name\":\"Boutique\",\"item\":\"https:\\\/\\\/perle-in.com\\\/boutique\\\/\"},{\"@type\":\"ListItem\",\"position\":3,\"name\":\"Tour de cou avec boucle amovible, porte-t\u00e9l\u00e9phone Sagan\"}]},{\"@type\":\"WebSite\",\"@id\":\"https:\\\/\\\/perle-in.com\\\/#website\",\"url\":\"https:\\\/\\\/perle-in.com\\\/\",\"name\":\"PERLE IN\",\"description\":\"\",\"publisher\":{\"@id\":\"https:\\\/\\\/perle-in.com\\\/#organization\"},\"potentialAction\":[{\"@type\":\"SearchAction\",\"target\":{\"@type\":\"EntryPoint\",\"urlTemplate\":\"https:\\\/\\\/perle-in.com\\\/?s={search_term_string}\"},\"query-input\":{\"@type\":\"PropertyValueSpecification\",\"valueRequired\":true,\"valueName\":\"search_term_string\"}}],\"inLanguage\":\"en-CA\"},{\"@type\":\"Organization\",\"@id\":\"https:\\\/\\\/perle-in.com\\\/#organization\",\"name\":\"PERLE IN\",\"url\":\"https:\\\/\\\/perle-in.com\\\/\",\"logo\":{\"@type\":\"ImageObject\",\"inLanguage\":\"en-CA\",\"@id\":\"https:\\\/\\\/perle-in.com\\\/#\\\/schema\\\/logo\\\/image\\\/\",\"url\":\"https:\\\/\\\/perle-in.com\\\/wp-content\\\/uploads\\\/2022\\\/12\\\/LOGO-PERLE-IN-COULEUR@3x.webp\",\"contentUrl\":\"https:\\\/\\\/perle-in.com\\\/wp-content\\\/uploads\\\/2022\\\/12\\\/LOGO-PERLE-IN-COULEUR@3x.webp\",\"width\":1600,\"height\":490,\"caption\":\"PERLE IN\"},\"image\":{\"@id\":\"https:\\\/\\\/perle-in.com\\\/#\\\/schema\\\/logo\\\/image\\\/\"}}]}<\/script>\n<!-- \/ Yoast SEO plugin. -->","yoast_head_json":{"title":"Tour de cou avec boucle amovible, porte-t\u00e9l\u00e9phone Sagan - PERLE IN","robots":{"index":"noindex","follow":"follow","max-snippet":"max-snippet:-1","max-image-preview":"max-image-preview:large","max-video-preview":"max-video-preview:-1"},"og_locale":"en_US","og_type":"article","og_title":"Tour de cou avec boucle amovible, porte-t\u00e9l\u00e9phone Sagan - PERLE IN","og_description":"Tour de cou multifonctions dot\u00e9 d\u2019une boucle d\u00e9tachable, d\u2019une agrafe \u00e0 crochet et d\u2019un porte-t\u00e9l\u00e9phone. Id\u00e9al pour porter un badge nominatif, une carte d'identit\u00e9 ou des cl\u00e9s. Dans une large gamme de couleurs avec des tailles de logo impressionnantes, l\u2019offre la plus compl\u00e8te disponible. Marquage du second c\u00f4t\u00e9 gratuit si les deux c\u00f4t\u00e9s sont marqu\u00e9s avec les m\u00eames illustrations.","og_url":"https:\/\/perle-in.com\/en\/product\/tour-de-cou-avec-boucle-amovible-porte-telephone-sagan\/","og_site_name":"PERLE IN","article_modified_time":"2025-10-13T14:15:36+00:00","og_image":[{"width":1600,"height":1600,"url":"https:\/\/perle-in.com\/wp-content\/uploads\/2025\/10\/10250801-1.jpg","type":"image\/jpeg"}],"twitter_card":"summary_large_image","schema":{"@context":"https:\/\/schema.org","@graph":[{"@type":"WebPage","@id":"https:\/\/perle-in.com\/produit\/tour-de-cou-avec-boucle-amovible-porte-telephone-sagan\/","url":"https:\/\/perle-in.com\/produit\/tour-de-cou-avec-boucle-amovible-porte-telephone-sagan\/","name":"Tour de cou avec boucle amovible, porte-t\u00e9l\u00e9phone Sagan - PERLE IN","isPartOf":{"@id":"https:\/\/perle-in.com\/#website"},"primaryImageOfPage":{"@id":"https:\/\/perle-in.com\/produit\/tour-de-cou-avec-boucle-amovible-porte-telephone-sagan\/#primaryimage"},"image":{"@id":"https:\/\/perle-in.com\/produit\/tour-de-cou-avec-boucle-amovible-porte-telephone-sagan\/#primaryimage"},"thumbnailUrl":"https:\/\/perle-in.com\/wp-content\/uploads\/2025\/10\/10250801-1.jpg","datePublished":"2025-10-13T14:15:32+00:00","dateModified":"2025-10-13T14:15:36+00:00","breadcrumb":{"@id":"https:\/\/perle-in.com\/produit\/tour-de-cou-avec-boucle-amovible-porte-telephone-sagan\/#breadcrumb"},"inLanguage":"en-CA","potentialAction":[{"@type":"ReadAction","target":["https:\/\/perle-in.com\/produit\/tour-de-cou-avec-boucle-amovible-porte-telephone-sagan\/"]}]},{"@type":"ImageObject","inLanguage":"en-CA","@id":"https:\/\/perle-in.com\/produit\/tour-de-cou-avec-boucle-amovible-porte-telephone-sagan\/#primaryimage","url":"https:\/\/perle-in.com\/wp-content\/uploads\/2025\/10\/10250801-1.jpg","contentUrl":"https:\/\/perle-in.com\/wp-content\/uploads\/2025\/10\/10250801-1.jpg","width":1600,"height":1600},{"@type":"BreadcrumbList","@id":"https:\/\/perle-in.com\/produit\/tour-de-cou-avec-boucle-amovible-porte-telephone-sagan\/#breadcrumb","itemListElement":[{"@type":"ListItem","position":1,"name":"Accueil","item":"https:\/\/perle-in.com\/"},{"@type":"ListItem","position":2,"name":"Boutique","item":"https:\/\/perle-in.com\/boutique\/"},{"@type":"ListItem","position":3,"name":"Tour de cou avec boucle amovible, porte-t\u00e9l\u00e9phone Sagan"}]},{"@type":"WebSite","@id":"https:\/\/perle-in.com\/#website","url":"https:\/\/perle-in.com\/","name":"PERLE IN","description":"","publisher":{"@id":"https:\/\/perle-in.com\/#organization"},"potentialAction":[{"@type":"SearchAction","target":{"@type":"EntryPoint","urlTemplate":"https:\/\/perle-in.com\/?s={search_term_string}"},"query-input":{"@type":"PropertyValueSpecification","valueRequired":true,"valueName":"search_term_string"}}],"inLanguage":"en-CA"},{"@type":"Organization","@id":"https:\/\/perle-in.com\/#organization","name":"PERLE IN","url":"https:\/\/perle-in.com\/","logo":{"@type":"ImageObject","inLanguage":"en-CA","@id":"https:\/\/perle-in.com\/#\/schema\/logo\/image\/","url":"https:\/\/perle-in.com\/wp-content\/uploads\/2022\/12\/LOGO-PERLE-IN-COULEUR@3x.webp","contentUrl":"https:\/\/perle-in.com\/wp-content\/uploads\/2022\/12\/LOGO-PERLE-IN-COULEUR@3x.webp","width":1600,"height":490,"caption":"PERLE IN"},"image":{"@id":"https:\/\/perle-in.com\/#\/schema\/logo\/image\/"}}]}},"jetpack_sharing_enabled":true,"_links":{"self":[{"href":"https:\/\/perle-in.com\/en\/wp-json\/wp\/v2\/product\/501992","targetHints":{"allow":["GET"]}}],"collection":[{"href":"https:\/\/perle-in.com\/en\/wp-json\/wp\/v2\/product"}],"about":[{"href":"https:\/\/perle-in.com\/en\/wp-json\/wp\/v2\/types\/product"}],"version-history":[{"count":0,"href":"https:\/\/perle-in.com\/en\/wp-json\/wp\/v2\/product\/501992\/revisions"}],"wp:featuredmedia":[{"embeddable":true,"href":"https:\/\/perle-in.com\/en\/wp-json\/wp\/v2\/media\/501982"}],"wp:attachment":[{"href":"https:\/\/perle-in.com\/en\/wp-json\/wp\/v2\/media?parent=501992"}],"wp:term":[{"taxonomy":"product_brand","embeddable":true,"href":"https:\/\/perle-in.com\/en\/wp-json\/wp\/v2\/product_brand?post=501992"},{"taxonomy":"product_cat","embeddable":true,"href":"https:\/\/perle-in.com\/en\/wp-json\/wp\/v2\/product_cat?post=501992"},{"taxonomy":"product_tag","embeddable":true,"href":"https:\/\/perle-in.com\/en\/wp-json\/wp\/v2\/product_tag?post=501992"}],"curies":[{"name":"wp","href":"https:\/\/api.w.org\/{rel}","templated":true}]}}