{"id":501938,"date":"2025-10-13T16:08:40","date_gmt":"2025-10-13T14:08:40","guid":{"rendered":"https:\/\/perle-in.com\/produit\/tour-de-cou-avec-fermeture-anti-etranglement-lago\/"},"modified":"2025-10-13T16:08:44","modified_gmt":"2025-10-13T14:08:44","slug":"tour-de-cou-avec-fermeture-anti-etranglement-lago","status":"publish","type":"product","link":"https:\/\/perle-in.com\/en\/product\/tour-de-cou-avec-fermeture-anti-etranglement-lago\/","title":{"rendered":"Tour de cou avec fermeture anti-\u00e9tranglement Lago"},"content":{"rendered":"","protected":false},"excerpt":{"rendered":"<p>Lanyard pour la tenue d&#8217;un badge nominatif, d&#8217;une carte d&#8217;identit\u00e9 ou de cl\u00e9s. Boucle facilement amovible et fermeture cassable, afin d&#8217;\u00e9liminer les risques d&#8217;\u00e9touffement. Frais techniques sur le deuxi\u00e8me emplacement annul\u00e9s si les deux c\u00f4t\u00e9s sont marqu\u00e9s avec le m\u00eame logo. Les frais de marquage s&#8217;appliquent toujours.<\/p>","protected":false},"featured_media":501930,"template":"","meta":{"_eb_attr":""},"product_brand":[],"product_cat":[400,420],"product_tag":[423,642,424,643],"class_list":{"0":"post-501938","1":"product","2":"type-product","3":"status-publish","4":"has-post-thumbnail","6":"product_cat-accessoires","7":"product_cat-tours-de-cou","8":"product_tag-cordon","9":"product_tag-cordon-porte-cles","10":"product_tag-cordons","11":"product_tag-cordons-porte-cles","12":"pa_couleurs-blanc","13":"pa_couleurs-marine","14":"pa_couleurs-noir","15":"pa_couleurs-rouge","17":"first","18":"instock","19":"shipping-taxable","20":"purchasable","21":"product-type-variable"},"yoast_head":"<!-- This site is optimized with the Yoast SEO plugin v27.4 - https:\/\/yoast.com\/product\/yoast-seo-wordpress\/ -->\n<title>Tour de cou avec fermeture anti-\u00e9tranglement Lago - PERLE IN<\/title>\n<meta name=\"robots\" content=\"noindex, follow, max-snippet:-1, max-image-preview:large, max-video-preview:-1\" \/>\n<meta property=\"og:locale\" content=\"en_US\" \/>\n<meta property=\"og:type\" content=\"article\" \/>\n<meta property=\"og:title\" content=\"Tour de cou avec fermeture anti-\u00e9tranglement Lago - PERLE IN\" \/>\n<meta property=\"og:description\" content=\"Lanyard pour la tenue d&#039;un badge nominatif, d&#039;une carte d&#039;identit\u00e9 ou de cl\u00e9s. Boucle facilement amovible et fermeture cassable, afin d&#039;\u00e9liminer les risques d&#039;\u00e9touffement. Frais techniques sur le deuxi\u00e8me emplacement annul\u00e9s si les deux c\u00f4t\u00e9s sont marqu\u00e9s avec le m\u00eame logo. Les frais de marquage s&#039;appliquent toujours.\" \/>\n<meta property=\"og:url\" content=\"https:\/\/perle-in.com\/en\/product\/tour-de-cou-avec-fermeture-anti-etranglement-lago\/\" \/>\n<meta property=\"og:site_name\" content=\"PERLE IN\" \/>\n<meta property=\"article:modified_time\" content=\"2025-10-13T14:08:44+00:00\" \/>\n<meta property=\"og:image\" content=\"https:\/\/perle-in.com\/wp-content\/uploads\/2025\/10\/10219300-1.jpg\" \/>\n\t<meta property=\"og:image:width\" content=\"1600\" \/>\n\t<meta property=\"og:image:height\" content=\"1600\" \/>\n\t<meta property=\"og:image:type\" content=\"image\/jpeg\" \/>\n<meta name=\"twitter:card\" content=\"summary_large_image\" \/>\n<script type=\"application\/ld+json\" class=\"yoast-schema-graph\">{\"@context\":\"https:\\\/\\\/schema.org\",\"@graph\":[{\"@type\":\"WebPage\",\"@id\":\"https:\\\/\\\/perle-in.com\\\/produit\\\/tour-de-cou-avec-fermeture-anti-etranglement-lago\\\/\",\"url\":\"https:\\\/\\\/perle-in.com\\\/produit\\\/tour-de-cou-avec-fermeture-anti-etranglement-lago\\\/\",\"name\":\"Tour de cou avec fermeture anti-\u00e9tranglement Lago - PERLE IN\",\"isPartOf\":{\"@id\":\"https:\\\/\\\/perle-in.com\\\/#website\"},\"primaryImageOfPage\":{\"@id\":\"https:\\\/\\\/perle-in.com\\\/produit\\\/tour-de-cou-avec-fermeture-anti-etranglement-lago\\\/#primaryimage\"},\"image\":{\"@id\":\"https:\\\/\\\/perle-in.com\\\/produit\\\/tour-de-cou-avec-fermeture-anti-etranglement-lago\\\/#primaryimage\"},\"thumbnailUrl\":\"https:\\\/\\\/perle-in.com\\\/wp-content\\\/uploads\\\/2025\\\/10\\\/10219300-1.jpg\",\"datePublished\":\"2025-10-13T14:08:40+00:00\",\"dateModified\":\"2025-10-13T14:08:44+00:00\",\"breadcrumb\":{\"@id\":\"https:\\\/\\\/perle-in.com\\\/produit\\\/tour-de-cou-avec-fermeture-anti-etranglement-lago\\\/#breadcrumb\"},\"inLanguage\":\"en-CA\",\"potentialAction\":[{\"@type\":\"ReadAction\",\"target\":[\"https:\\\/\\\/perle-in.com\\\/produit\\\/tour-de-cou-avec-fermeture-anti-etranglement-lago\\\/\"]}]},{\"@type\":\"ImageObject\",\"inLanguage\":\"en-CA\",\"@id\":\"https:\\\/\\\/perle-in.com\\\/produit\\\/tour-de-cou-avec-fermeture-anti-etranglement-lago\\\/#primaryimage\",\"url\":\"https:\\\/\\\/perle-in.com\\\/wp-content\\\/uploads\\\/2025\\\/10\\\/10219300-1.jpg\",\"contentUrl\":\"https:\\\/\\\/perle-in.com\\\/wp-content\\\/uploads\\\/2025\\\/10\\\/10219300-1.jpg\",\"width\":1600,\"height\":1600},{\"@type\":\"BreadcrumbList\",\"@id\":\"https:\\\/\\\/perle-in.com\\\/produit\\\/tour-de-cou-avec-fermeture-anti-etranglement-lago\\\/#breadcrumb\",\"itemListElement\":[{\"@type\":\"ListItem\",\"position\":1,\"name\":\"Accueil\",\"item\":\"https:\\\/\\\/perle-in.com\\\/\"},{\"@type\":\"ListItem\",\"position\":2,\"name\":\"Boutique\",\"item\":\"https:\\\/\\\/perle-in.com\\\/boutique\\\/\"},{\"@type\":\"ListItem\",\"position\":3,\"name\":\"Tour de cou avec fermeture anti-\u00e9tranglement Lago\"}]},{\"@type\":\"WebSite\",\"@id\":\"https:\\\/\\\/perle-in.com\\\/#website\",\"url\":\"https:\\\/\\\/perle-in.com\\\/\",\"name\":\"PERLE IN\",\"description\":\"\",\"publisher\":{\"@id\":\"https:\\\/\\\/perle-in.com\\\/#organization\"},\"potentialAction\":[{\"@type\":\"SearchAction\",\"target\":{\"@type\":\"EntryPoint\",\"urlTemplate\":\"https:\\\/\\\/perle-in.com\\\/?s={search_term_string}\"},\"query-input\":{\"@type\":\"PropertyValueSpecification\",\"valueRequired\":true,\"valueName\":\"search_term_string\"}}],\"inLanguage\":\"en-CA\"},{\"@type\":\"Organization\",\"@id\":\"https:\\\/\\\/perle-in.com\\\/#organization\",\"name\":\"PERLE IN\",\"url\":\"https:\\\/\\\/perle-in.com\\\/\",\"logo\":{\"@type\":\"ImageObject\",\"inLanguage\":\"en-CA\",\"@id\":\"https:\\\/\\\/perle-in.com\\\/#\\\/schema\\\/logo\\\/image\\\/\",\"url\":\"https:\\\/\\\/perle-in.com\\\/wp-content\\\/uploads\\\/2022\\\/12\\\/LOGO-PERLE-IN-COULEUR@3x.webp\",\"contentUrl\":\"https:\\\/\\\/perle-in.com\\\/wp-content\\\/uploads\\\/2022\\\/12\\\/LOGO-PERLE-IN-COULEUR@3x.webp\",\"width\":1600,\"height\":490,\"caption\":\"PERLE IN\"},\"image\":{\"@id\":\"https:\\\/\\\/perle-in.com\\\/#\\\/schema\\\/logo\\\/image\\\/\"}}]}<\/script>\n<!-- \/ Yoast SEO plugin. -->","yoast_head_json":{"title":"Tour de cou avec fermeture anti-\u00e9tranglement Lago - PERLE IN","robots":{"index":"noindex","follow":"follow","max-snippet":"max-snippet:-1","max-image-preview":"max-image-preview:large","max-video-preview":"max-video-preview:-1"},"og_locale":"en_US","og_type":"article","og_title":"Tour de cou avec fermeture anti-\u00e9tranglement Lago - PERLE IN","og_description":"Lanyard pour la tenue d'un badge nominatif, d'une carte d'identit\u00e9 ou de cl\u00e9s. Boucle facilement amovible et fermeture cassable, afin d'\u00e9liminer les risques d'\u00e9touffement. Frais techniques sur le deuxi\u00e8me emplacement annul\u00e9s si les deux c\u00f4t\u00e9s sont marqu\u00e9s avec le m\u00eame logo. Les frais de marquage s'appliquent toujours.","og_url":"https:\/\/perle-in.com\/en\/product\/tour-de-cou-avec-fermeture-anti-etranglement-lago\/","og_site_name":"PERLE IN","article_modified_time":"2025-10-13T14:08:44+00:00","og_image":[{"width":1600,"height":1600,"url":"https:\/\/perle-in.com\/wp-content\/uploads\/2025\/10\/10219300-1.jpg","type":"image\/jpeg"}],"twitter_card":"summary_large_image","schema":{"@context":"https:\/\/schema.org","@graph":[{"@type":"WebPage","@id":"https:\/\/perle-in.com\/produit\/tour-de-cou-avec-fermeture-anti-etranglement-lago\/","url":"https:\/\/perle-in.com\/produit\/tour-de-cou-avec-fermeture-anti-etranglement-lago\/","name":"Tour de cou avec fermeture anti-\u00e9tranglement Lago - PERLE IN","isPartOf":{"@id":"https:\/\/perle-in.com\/#website"},"primaryImageOfPage":{"@id":"https:\/\/perle-in.com\/produit\/tour-de-cou-avec-fermeture-anti-etranglement-lago\/#primaryimage"},"image":{"@id":"https:\/\/perle-in.com\/produit\/tour-de-cou-avec-fermeture-anti-etranglement-lago\/#primaryimage"},"thumbnailUrl":"https:\/\/perle-in.com\/wp-content\/uploads\/2025\/10\/10219300-1.jpg","datePublished":"2025-10-13T14:08:40+00:00","dateModified":"2025-10-13T14:08:44+00:00","breadcrumb":{"@id":"https:\/\/perle-in.com\/produit\/tour-de-cou-avec-fermeture-anti-etranglement-lago\/#breadcrumb"},"inLanguage":"en-CA","potentialAction":[{"@type":"ReadAction","target":["https:\/\/perle-in.com\/produit\/tour-de-cou-avec-fermeture-anti-etranglement-lago\/"]}]},{"@type":"ImageObject","inLanguage":"en-CA","@id":"https:\/\/perle-in.com\/produit\/tour-de-cou-avec-fermeture-anti-etranglement-lago\/#primaryimage","url":"https:\/\/perle-in.com\/wp-content\/uploads\/2025\/10\/10219300-1.jpg","contentUrl":"https:\/\/perle-in.com\/wp-content\/uploads\/2025\/10\/10219300-1.jpg","width":1600,"height":1600},{"@type":"BreadcrumbList","@id":"https:\/\/perle-in.com\/produit\/tour-de-cou-avec-fermeture-anti-etranglement-lago\/#breadcrumb","itemListElement":[{"@type":"ListItem","position":1,"name":"Accueil","item":"https:\/\/perle-in.com\/"},{"@type":"ListItem","position":2,"name":"Boutique","item":"https:\/\/perle-in.com\/boutique\/"},{"@type":"ListItem","position":3,"name":"Tour de cou avec fermeture anti-\u00e9tranglement Lago"}]},{"@type":"WebSite","@id":"https:\/\/perle-in.com\/#website","url":"https:\/\/perle-in.com\/","name":"PERLE IN","description":"","publisher":{"@id":"https:\/\/perle-in.com\/#organization"},"potentialAction":[{"@type":"SearchAction","target":{"@type":"EntryPoint","urlTemplate":"https:\/\/perle-in.com\/?s={search_term_string}"},"query-input":{"@type":"PropertyValueSpecification","valueRequired":true,"valueName":"search_term_string"}}],"inLanguage":"en-CA"},{"@type":"Organization","@id":"https:\/\/perle-in.com\/#organization","name":"PERLE IN","url":"https:\/\/perle-in.com\/","logo":{"@type":"ImageObject","inLanguage":"en-CA","@id":"https:\/\/perle-in.com\/#\/schema\/logo\/image\/","url":"https:\/\/perle-in.com\/wp-content\/uploads\/2022\/12\/LOGO-PERLE-IN-COULEUR@3x.webp","contentUrl":"https:\/\/perle-in.com\/wp-content\/uploads\/2022\/12\/LOGO-PERLE-IN-COULEUR@3x.webp","width":1600,"height":490,"caption":"PERLE IN"},"image":{"@id":"https:\/\/perle-in.com\/#\/schema\/logo\/image\/"}}]}},"jetpack_sharing_enabled":true,"_links":{"self":[{"href":"https:\/\/perle-in.com\/en\/wp-json\/wp\/v2\/product\/501938","targetHints":{"allow":["GET"]}}],"collection":[{"href":"https:\/\/perle-in.com\/en\/wp-json\/wp\/v2\/product"}],"about":[{"href":"https:\/\/perle-in.com\/en\/wp-json\/wp\/v2\/types\/product"}],"version-history":[{"count":0,"href":"https:\/\/perle-in.com\/en\/wp-json\/wp\/v2\/product\/501938\/revisions"}],"wp:featuredmedia":[{"embeddable":true,"href":"https:\/\/perle-in.com\/en\/wp-json\/wp\/v2\/media\/501930"}],"wp:attachment":[{"href":"https:\/\/perle-in.com\/en\/wp-json\/wp\/v2\/media?parent=501938"}],"wp:term":[{"taxonomy":"product_brand","embeddable":true,"href":"https:\/\/perle-in.com\/en\/wp-json\/wp\/v2\/product_brand?post=501938"},{"taxonomy":"product_cat","embeddable":true,"href":"https:\/\/perle-in.com\/en\/wp-json\/wp\/v2\/product_cat?post=501938"},{"taxonomy":"product_tag","embeddable":true,"href":"https:\/\/perle-in.com\/en\/wp-json\/wp\/v2\/product_tag?post=501938"}],"curies":[{"name":"wp","href":"https:\/\/api.w.org\/{rel}","templated":true}]}}