{"id":501905,"date":"2025-10-13T16:03:24","date_gmt":"2025-10-13T14:03:24","guid":{"rendered":"https:\/\/perle-in.com\/produit\/tour-de-cou-avec-boucle-detachable-et-fermeture-anti-etranglement\/"},"modified":"2025-10-19T04:34:47","modified_gmt":"2025-10-19T02:34:47","slug":"tour-de-cou-avec-boucle-detachable-et-fermeture-anti-etranglement","status":"publish","type":"product","link":"https:\/\/perle-in.com\/en\/product\/tour-de-cou-avec-boucle-detachable-et-fermeture-anti-etranglement\/","title":{"rendered":"Tour de cou avec boucle d\u00e9tachable et fermeture anti-\u00e9tranglement"},"content":{"rendered":"","protected":false},"excerpt":{"rendered":"<p>Le tour de cou Yogi est un bon choix pour divers \u00e9v\u00e9nements et pour les badges d&#8217;employ\u00e9s. Ce tour de cou en polyester r\u00e9sistant, dot\u00e9 d&#8217;une boucle d\u00e9tachable pratique, est \u00e9galement id\u00e9al pour attacher des cartes d&#8217;identit\u00e9 et des cl\u00e9s. Pour des mesures de s\u00e9curit\u00e9 suppl\u00e9mentaires, la fermeture cassante est lib\u00e9r\u00e9e lorsqu&#8217;une force est appliqu\u00e9e. Le tour de cou Yogi est disponible en plusieurs couleurs.<\/p>","protected":false},"featured_media":501897,"template":"","meta":{"_eb_attr":""},"product_brand":[],"product_cat":[400,420],"product_tag":[423,642,424,643],"class_list":{"0":"post-501905","1":"product","2":"type-product","3":"status-publish","4":"has-post-thumbnail","6":"product_cat-accessoires","7":"product_cat-tours-de-cou","8":"product_tag-cordon","9":"product_tag-cordon-porte-cles","10":"product_tag-cordons","11":"product_tag-cordons-porte-cles","12":"pa_couleurs-blanc","13":"pa_couleurs-marine","14":"pa_couleurs-noir","15":"pa_couleurs-rouge","17":"first","18":"instock","19":"shipping-taxable","20":"purchasable","21":"product-type-variable"},"yoast_head":"<!-- This site is optimized with the Yoast SEO plugin v27.4 - https:\/\/yoast.com\/product\/yoast-seo-wordpress\/ -->\n<title>Tour de cou avec boucle d\u00e9tachable et fermeture anti-\u00e9tranglement - PERLE IN<\/title>\n<meta name=\"robots\" content=\"noindex, follow, max-snippet:-1, max-image-preview:large, max-video-preview:-1\" \/>\n<meta property=\"og:locale\" content=\"en_US\" \/>\n<meta property=\"og:type\" content=\"article\" \/>\n<meta property=\"og:title\" content=\"Tour de cou avec boucle d\u00e9tachable et fermeture anti-\u00e9tranglement - PERLE IN\" \/>\n<meta property=\"og:description\" content=\"Le tour de cou Yogi est un bon choix pour divers \u00e9v\u00e9nements et pour les badges d&#039;employ\u00e9s. Ce tour de cou en polyester r\u00e9sistant, dot\u00e9 d&#039;une boucle d\u00e9tachable pratique, est \u00e9galement id\u00e9al pour attacher des cartes d&#039;identit\u00e9 et des cl\u00e9s. Pour des mesures de s\u00e9curit\u00e9 suppl\u00e9mentaires, la fermeture cassante est lib\u00e9r\u00e9e lorsqu&#039;une force est appliqu\u00e9e. Le tour de cou Yogi est disponible en plusieurs couleurs.\" \/>\n<meta property=\"og:url\" content=\"https:\/\/perle-in.com\/en\/product\/tour-de-cou-avec-boucle-detachable-et-fermeture-anti-etranglement\/\" \/>\n<meta property=\"og:site_name\" content=\"PERLE IN\" \/>\n<meta property=\"article:modified_time\" content=\"2025-10-19T02:34:47+00:00\" \/>\n<meta property=\"og:image\" content=\"https:\/\/perle-in.com\/wp-content\/uploads\/2025\/10\/10213000-1.jpg\" \/>\n\t<meta property=\"og:image:width\" content=\"1600\" \/>\n\t<meta property=\"og:image:height\" content=\"1600\" \/>\n\t<meta property=\"og:image:type\" content=\"image\/jpeg\" \/>\n<meta name=\"twitter:card\" content=\"summary_large_image\" \/>\n<script type=\"application\/ld+json\" class=\"yoast-schema-graph\">{\"@context\":\"https:\\\/\\\/schema.org\",\"@graph\":[{\"@type\":\"WebPage\",\"@id\":\"https:\\\/\\\/perle-in.com\\\/produit\\\/tour-de-cou-avec-boucle-detachable-et-fermeture-anti-etranglement\\\/\",\"url\":\"https:\\\/\\\/perle-in.com\\\/produit\\\/tour-de-cou-avec-boucle-detachable-et-fermeture-anti-etranglement\\\/\",\"name\":\"Tour de cou avec boucle d\u00e9tachable et fermeture anti-\u00e9tranglement - PERLE IN\",\"isPartOf\":{\"@id\":\"https:\\\/\\\/perle-in.com\\\/#website\"},\"primaryImageOfPage\":{\"@id\":\"https:\\\/\\\/perle-in.com\\\/produit\\\/tour-de-cou-avec-boucle-detachable-et-fermeture-anti-etranglement\\\/#primaryimage\"},\"image\":{\"@id\":\"https:\\\/\\\/perle-in.com\\\/produit\\\/tour-de-cou-avec-boucle-detachable-et-fermeture-anti-etranglement\\\/#primaryimage\"},\"thumbnailUrl\":\"https:\\\/\\\/perle-in.com\\\/wp-content\\\/uploads\\\/2025\\\/10\\\/10213000-1.jpg\",\"datePublished\":\"2025-10-13T14:03:24+00:00\",\"dateModified\":\"2025-10-19T02:34:47+00:00\",\"breadcrumb\":{\"@id\":\"https:\\\/\\\/perle-in.com\\\/produit\\\/tour-de-cou-avec-boucle-detachable-et-fermeture-anti-etranglement\\\/#breadcrumb\"},\"inLanguage\":\"en-CA\",\"potentialAction\":[{\"@type\":\"ReadAction\",\"target\":[\"https:\\\/\\\/perle-in.com\\\/produit\\\/tour-de-cou-avec-boucle-detachable-et-fermeture-anti-etranglement\\\/\"]}]},{\"@type\":\"ImageObject\",\"inLanguage\":\"en-CA\",\"@id\":\"https:\\\/\\\/perle-in.com\\\/produit\\\/tour-de-cou-avec-boucle-detachable-et-fermeture-anti-etranglement\\\/#primaryimage\",\"url\":\"https:\\\/\\\/perle-in.com\\\/wp-content\\\/uploads\\\/2025\\\/10\\\/10213000-1.jpg\",\"contentUrl\":\"https:\\\/\\\/perle-in.com\\\/wp-content\\\/uploads\\\/2025\\\/10\\\/10213000-1.jpg\",\"width\":1600,\"height\":1600},{\"@type\":\"BreadcrumbList\",\"@id\":\"https:\\\/\\\/perle-in.com\\\/produit\\\/tour-de-cou-avec-boucle-detachable-et-fermeture-anti-etranglement\\\/#breadcrumb\",\"itemListElement\":[{\"@type\":\"ListItem\",\"position\":1,\"name\":\"Accueil\",\"item\":\"https:\\\/\\\/perle-in.com\\\/\"},{\"@type\":\"ListItem\",\"position\":2,\"name\":\"Boutique\",\"item\":\"https:\\\/\\\/perle-in.com\\\/boutique\\\/\"},{\"@type\":\"ListItem\",\"position\":3,\"name\":\"Tour de cou avec boucle d\u00e9tachable et fermeture anti-\u00e9tranglement\"}]},{\"@type\":\"WebSite\",\"@id\":\"https:\\\/\\\/perle-in.com\\\/#website\",\"url\":\"https:\\\/\\\/perle-in.com\\\/\",\"name\":\"PERLE IN\",\"description\":\"\",\"publisher\":{\"@id\":\"https:\\\/\\\/perle-in.com\\\/#organization\"},\"potentialAction\":[{\"@type\":\"SearchAction\",\"target\":{\"@type\":\"EntryPoint\",\"urlTemplate\":\"https:\\\/\\\/perle-in.com\\\/?s={search_term_string}\"},\"query-input\":{\"@type\":\"PropertyValueSpecification\",\"valueRequired\":true,\"valueName\":\"search_term_string\"}}],\"inLanguage\":\"en-CA\"},{\"@type\":\"Organization\",\"@id\":\"https:\\\/\\\/perle-in.com\\\/#organization\",\"name\":\"PERLE IN\",\"url\":\"https:\\\/\\\/perle-in.com\\\/\",\"logo\":{\"@type\":\"ImageObject\",\"inLanguage\":\"en-CA\",\"@id\":\"https:\\\/\\\/perle-in.com\\\/#\\\/schema\\\/logo\\\/image\\\/\",\"url\":\"https:\\\/\\\/perle-in.com\\\/wp-content\\\/uploads\\\/2022\\\/12\\\/LOGO-PERLE-IN-COULEUR@3x.webp\",\"contentUrl\":\"https:\\\/\\\/perle-in.com\\\/wp-content\\\/uploads\\\/2022\\\/12\\\/LOGO-PERLE-IN-COULEUR@3x.webp\",\"width\":1600,\"height\":490,\"caption\":\"PERLE IN\"},\"image\":{\"@id\":\"https:\\\/\\\/perle-in.com\\\/#\\\/schema\\\/logo\\\/image\\\/\"}}]}<\/script>\n<!-- \/ Yoast SEO plugin. -->","yoast_head_json":{"title":"Tour de cou avec boucle d\u00e9tachable et fermeture anti-\u00e9tranglement - PERLE IN","robots":{"index":"noindex","follow":"follow","max-snippet":"max-snippet:-1","max-image-preview":"max-image-preview:large","max-video-preview":"max-video-preview:-1"},"og_locale":"en_US","og_type":"article","og_title":"Tour de cou avec boucle d\u00e9tachable et fermeture anti-\u00e9tranglement - PERLE IN","og_description":"Le tour de cou Yogi est un bon choix pour divers \u00e9v\u00e9nements et pour les badges d'employ\u00e9s. Ce tour de cou en polyester r\u00e9sistant, dot\u00e9 d'une boucle d\u00e9tachable pratique, est \u00e9galement id\u00e9al pour attacher des cartes d'identit\u00e9 et des cl\u00e9s. Pour des mesures de s\u00e9curit\u00e9 suppl\u00e9mentaires, la fermeture cassante est lib\u00e9r\u00e9e lorsqu'une force est appliqu\u00e9e. Le tour de cou Yogi est disponible en plusieurs couleurs.","og_url":"https:\/\/perle-in.com\/en\/product\/tour-de-cou-avec-boucle-detachable-et-fermeture-anti-etranglement\/","og_site_name":"PERLE IN","article_modified_time":"2025-10-19T02:34:47+00:00","og_image":[{"width":1600,"height":1600,"url":"https:\/\/perle-in.com\/wp-content\/uploads\/2025\/10\/10213000-1.jpg","type":"image\/jpeg"}],"twitter_card":"summary_large_image","schema":{"@context":"https:\/\/schema.org","@graph":[{"@type":"WebPage","@id":"https:\/\/perle-in.com\/produit\/tour-de-cou-avec-boucle-detachable-et-fermeture-anti-etranglement\/","url":"https:\/\/perle-in.com\/produit\/tour-de-cou-avec-boucle-detachable-et-fermeture-anti-etranglement\/","name":"Tour de cou avec boucle d\u00e9tachable et fermeture anti-\u00e9tranglement - PERLE IN","isPartOf":{"@id":"https:\/\/perle-in.com\/#website"},"primaryImageOfPage":{"@id":"https:\/\/perle-in.com\/produit\/tour-de-cou-avec-boucle-detachable-et-fermeture-anti-etranglement\/#primaryimage"},"image":{"@id":"https:\/\/perle-in.com\/produit\/tour-de-cou-avec-boucle-detachable-et-fermeture-anti-etranglement\/#primaryimage"},"thumbnailUrl":"https:\/\/perle-in.com\/wp-content\/uploads\/2025\/10\/10213000-1.jpg","datePublished":"2025-10-13T14:03:24+00:00","dateModified":"2025-10-19T02:34:47+00:00","breadcrumb":{"@id":"https:\/\/perle-in.com\/produit\/tour-de-cou-avec-boucle-detachable-et-fermeture-anti-etranglement\/#breadcrumb"},"inLanguage":"en-CA","potentialAction":[{"@type":"ReadAction","target":["https:\/\/perle-in.com\/produit\/tour-de-cou-avec-boucle-detachable-et-fermeture-anti-etranglement\/"]}]},{"@type":"ImageObject","inLanguage":"en-CA","@id":"https:\/\/perle-in.com\/produit\/tour-de-cou-avec-boucle-detachable-et-fermeture-anti-etranglement\/#primaryimage","url":"https:\/\/perle-in.com\/wp-content\/uploads\/2025\/10\/10213000-1.jpg","contentUrl":"https:\/\/perle-in.com\/wp-content\/uploads\/2025\/10\/10213000-1.jpg","width":1600,"height":1600},{"@type":"BreadcrumbList","@id":"https:\/\/perle-in.com\/produit\/tour-de-cou-avec-boucle-detachable-et-fermeture-anti-etranglement\/#breadcrumb","itemListElement":[{"@type":"ListItem","position":1,"name":"Accueil","item":"https:\/\/perle-in.com\/"},{"@type":"ListItem","position":2,"name":"Boutique","item":"https:\/\/perle-in.com\/boutique\/"},{"@type":"ListItem","position":3,"name":"Tour de cou avec boucle d\u00e9tachable et fermeture anti-\u00e9tranglement"}]},{"@type":"WebSite","@id":"https:\/\/perle-in.com\/#website","url":"https:\/\/perle-in.com\/","name":"PERLE IN","description":"","publisher":{"@id":"https:\/\/perle-in.com\/#organization"},"potentialAction":[{"@type":"SearchAction","target":{"@type":"EntryPoint","urlTemplate":"https:\/\/perle-in.com\/?s={search_term_string}"},"query-input":{"@type":"PropertyValueSpecification","valueRequired":true,"valueName":"search_term_string"}}],"inLanguage":"en-CA"},{"@type":"Organization","@id":"https:\/\/perle-in.com\/#organization","name":"PERLE IN","url":"https:\/\/perle-in.com\/","logo":{"@type":"ImageObject","inLanguage":"en-CA","@id":"https:\/\/perle-in.com\/#\/schema\/logo\/image\/","url":"https:\/\/perle-in.com\/wp-content\/uploads\/2022\/12\/LOGO-PERLE-IN-COULEUR@3x.webp","contentUrl":"https:\/\/perle-in.com\/wp-content\/uploads\/2022\/12\/LOGO-PERLE-IN-COULEUR@3x.webp","width":1600,"height":490,"caption":"PERLE IN"},"image":{"@id":"https:\/\/perle-in.com\/#\/schema\/logo\/image\/"}}]}},"jetpack_sharing_enabled":true,"_links":{"self":[{"href":"https:\/\/perle-in.com\/en\/wp-json\/wp\/v2\/product\/501905","targetHints":{"allow":["GET"]}}],"collection":[{"href":"https:\/\/perle-in.com\/en\/wp-json\/wp\/v2\/product"}],"about":[{"href":"https:\/\/perle-in.com\/en\/wp-json\/wp\/v2\/types\/product"}],"version-history":[{"count":0,"href":"https:\/\/perle-in.com\/en\/wp-json\/wp\/v2\/product\/501905\/revisions"}],"wp:featuredmedia":[{"embeddable":true,"href":"https:\/\/perle-in.com\/en\/wp-json\/wp\/v2\/media\/501897"}],"wp:attachment":[{"href":"https:\/\/perle-in.com\/en\/wp-json\/wp\/v2\/media?parent=501905"}],"wp:term":[{"taxonomy":"product_brand","embeddable":true,"href":"https:\/\/perle-in.com\/en\/wp-json\/wp\/v2\/product_brand?post=501905"},{"taxonomy":"product_cat","embeddable":true,"href":"https:\/\/perle-in.com\/en\/wp-json\/wp\/v2\/product_cat?post=501905"},{"taxonomy":"product_tag","embeddable":true,"href":"https:\/\/perle-in.com\/en\/wp-json\/wp\/v2\/product_tag?post=501905"}],"curies":[{"name":"wp","href":"https:\/\/api.w.org\/{rel}","templated":true}]}}