{"id":501871,"date":"2025-10-13T16:00:52","date_gmt":"2025-10-13T14:00:52","guid":{"rendered":"https:\/\/perle-in.com\/produit\/balle-anti-stress-ronde-cool\/"},"modified":"2025-10-19T04:34:44","modified_gmt":"2025-10-19T02:34:44","slug":"balle-anti-stress-ronde-cool","status":"publish","type":"product","link":"https:\/\/perle-in.com\/en\/product\/balle-anti-stress-ronde-cool\/","title":{"rendered":"Balle anti-stress ronde Cool"},"content":{"rendered":"","protected":false},"excerpt":{"rendered":"<p>Faites rebondir, lancez ou serrez cette balle anti-stress ronde. Les balles anti-stress varient l\u00e9g\u00e8rement en termes de densit\u00e9, de couleur, de taille et de poids &#8230; ce qui ne permet pas toujours d&#8217;avoir un marquage uniforme et extr\u00eamement pr\u00e9cis. Pas de marquage possible en d\u00e9grad\u00e9. Ne convient pas aux enfants de moins de trois ans.<\/p>","protected":false},"featured_media":501857,"template":"","meta":{"_eb_attr":""},"product_brand":[],"product_cat":[400,401],"product_tag":[406,404,405,402,403,407],"class_list":{"0":"post-501871","1":"product","2":"type-product","3":"status-publish","4":"has-post-thumbnail","6":"product_cat-accessoires","7":"product_cat-boules-antistress","8":"product_tag-antistress","9":"product_tag-article-stress","10":"product_tag-articles-stress","11":"product_tag-balle-anti-stress","12":"product_tag-balles-antistress","13":"product_tag-stress","14":"pa_couleurs-blanc","15":"pa_couleurs-bleu","16":"pa_couleurs-bleu-royal","17":"pa_couleurs-citron-vert","18":"pa_couleurs-jaune","19":"pa_couleurs-noir","20":"pa_couleurs-orange","21":"pa_couleurs-rouge","22":"pa_couleurs-violet","24":"first","25":"instock","26":"shipping-taxable","27":"purchasable","28":"product-type-variable"},"yoast_head":"<!-- This site is optimized with the Yoast SEO plugin v27.4 - https:\/\/yoast.com\/product\/yoast-seo-wordpress\/ -->\n<title>Balle anti-stress ronde Cool - PERLE IN<\/title>\n<meta name=\"robots\" content=\"noindex, follow, max-snippet:-1, max-image-preview:large, max-video-preview:-1\" \/>\n<meta property=\"og:locale\" content=\"en_US\" \/>\n<meta property=\"og:type\" content=\"article\" \/>\n<meta property=\"og:title\" content=\"Balle anti-stress ronde Cool - PERLE IN\" \/>\n<meta property=\"og:description\" content=\"Faites rebondir, lancez ou serrez cette balle anti-stress ronde. Les balles anti-stress varient l\u00e9g\u00e8rement en termes de densit\u00e9, de couleur, de taille et de poids ... ce qui ne permet pas toujours d&#039;avoir un marquage uniforme et extr\u00eamement pr\u00e9cis. Pas de marquage possible en d\u00e9grad\u00e9. Ne convient pas aux enfants de moins de trois ans.\" \/>\n<meta property=\"og:url\" content=\"https:\/\/perle-in.com\/en\/product\/balle-anti-stress-ronde-cool\/\" \/>\n<meta property=\"og:site_name\" content=\"PERLE IN\" \/>\n<meta property=\"article:modified_time\" content=\"2025-10-19T02:34:44+00:00\" \/>\n<meta property=\"og:image\" content=\"https:\/\/perle-in.com\/wp-content\/uploads\/2025\/10\/10210001-1.jpg\" \/>\n\t<meta property=\"og:image:width\" content=\"1600\" \/>\n\t<meta property=\"og:image:height\" content=\"1600\" \/>\n\t<meta property=\"og:image:type\" content=\"image\/jpeg\" \/>\n<meta name=\"twitter:card\" content=\"summary_large_image\" \/>\n<script type=\"application\/ld+json\" class=\"yoast-schema-graph\">{\"@context\":\"https:\\\/\\\/schema.org\",\"@graph\":[{\"@type\":\"WebPage\",\"@id\":\"https:\\\/\\\/perle-in.com\\\/produit\\\/balle-anti-stress-ronde-cool\\\/\",\"url\":\"https:\\\/\\\/perle-in.com\\\/produit\\\/balle-anti-stress-ronde-cool\\\/\",\"name\":\"Balle anti-stress ronde Cool - PERLE IN\",\"isPartOf\":{\"@id\":\"https:\\\/\\\/perle-in.com\\\/#website\"},\"primaryImageOfPage\":{\"@id\":\"https:\\\/\\\/perle-in.com\\\/produit\\\/balle-anti-stress-ronde-cool\\\/#primaryimage\"},\"image\":{\"@id\":\"https:\\\/\\\/perle-in.com\\\/produit\\\/balle-anti-stress-ronde-cool\\\/#primaryimage\"},\"thumbnailUrl\":\"https:\\\/\\\/perle-in.com\\\/wp-content\\\/uploads\\\/2025\\\/10\\\/10210001-1.jpg\",\"datePublished\":\"2025-10-13T14:00:52+00:00\",\"dateModified\":\"2025-10-19T02:34:44+00:00\",\"breadcrumb\":{\"@id\":\"https:\\\/\\\/perle-in.com\\\/produit\\\/balle-anti-stress-ronde-cool\\\/#breadcrumb\"},\"inLanguage\":\"en-CA\",\"potentialAction\":[{\"@type\":\"ReadAction\",\"target\":[\"https:\\\/\\\/perle-in.com\\\/produit\\\/balle-anti-stress-ronde-cool\\\/\"]}]},{\"@type\":\"ImageObject\",\"inLanguage\":\"en-CA\",\"@id\":\"https:\\\/\\\/perle-in.com\\\/produit\\\/balle-anti-stress-ronde-cool\\\/#primaryimage\",\"url\":\"https:\\\/\\\/perle-in.com\\\/wp-content\\\/uploads\\\/2025\\\/10\\\/10210001-1.jpg\",\"contentUrl\":\"https:\\\/\\\/perle-in.com\\\/wp-content\\\/uploads\\\/2025\\\/10\\\/10210001-1.jpg\",\"width\":1600,\"height\":1600},{\"@type\":\"BreadcrumbList\",\"@id\":\"https:\\\/\\\/perle-in.com\\\/produit\\\/balle-anti-stress-ronde-cool\\\/#breadcrumb\",\"itemListElement\":[{\"@type\":\"ListItem\",\"position\":1,\"name\":\"Accueil\",\"item\":\"https:\\\/\\\/perle-in.com\\\/\"},{\"@type\":\"ListItem\",\"position\":2,\"name\":\"Boutique\",\"item\":\"https:\\\/\\\/perle-in.com\\\/boutique\\\/\"},{\"@type\":\"ListItem\",\"position\":3,\"name\":\"Balle anti-stress ronde Cool\"}]},{\"@type\":\"WebSite\",\"@id\":\"https:\\\/\\\/perle-in.com\\\/#website\",\"url\":\"https:\\\/\\\/perle-in.com\\\/\",\"name\":\"PERLE IN\",\"description\":\"\",\"publisher\":{\"@id\":\"https:\\\/\\\/perle-in.com\\\/#organization\"},\"potentialAction\":[{\"@type\":\"SearchAction\",\"target\":{\"@type\":\"EntryPoint\",\"urlTemplate\":\"https:\\\/\\\/perle-in.com\\\/?s={search_term_string}\"},\"query-input\":{\"@type\":\"PropertyValueSpecification\",\"valueRequired\":true,\"valueName\":\"search_term_string\"}}],\"inLanguage\":\"en-CA\"},{\"@type\":\"Organization\",\"@id\":\"https:\\\/\\\/perle-in.com\\\/#organization\",\"name\":\"PERLE IN\",\"url\":\"https:\\\/\\\/perle-in.com\\\/\",\"logo\":{\"@type\":\"ImageObject\",\"inLanguage\":\"en-CA\",\"@id\":\"https:\\\/\\\/perle-in.com\\\/#\\\/schema\\\/logo\\\/image\\\/\",\"url\":\"https:\\\/\\\/perle-in.com\\\/wp-content\\\/uploads\\\/2022\\\/12\\\/LOGO-PERLE-IN-COULEUR@3x.webp\",\"contentUrl\":\"https:\\\/\\\/perle-in.com\\\/wp-content\\\/uploads\\\/2022\\\/12\\\/LOGO-PERLE-IN-COULEUR@3x.webp\",\"width\":1600,\"height\":490,\"caption\":\"PERLE IN\"},\"image\":{\"@id\":\"https:\\\/\\\/perle-in.com\\\/#\\\/schema\\\/logo\\\/image\\\/\"}}]}<\/script>\n<!-- \/ Yoast SEO plugin. -->","yoast_head_json":{"title":"Balle anti-stress ronde Cool - PERLE IN","robots":{"index":"noindex","follow":"follow","max-snippet":"max-snippet:-1","max-image-preview":"max-image-preview:large","max-video-preview":"max-video-preview:-1"},"og_locale":"en_US","og_type":"article","og_title":"Balle anti-stress ronde Cool - PERLE IN","og_description":"Faites rebondir, lancez ou serrez cette balle anti-stress ronde. Les balles anti-stress varient l\u00e9g\u00e8rement en termes de densit\u00e9, de couleur, de taille et de poids ... ce qui ne permet pas toujours d'avoir un marquage uniforme et extr\u00eamement pr\u00e9cis. Pas de marquage possible en d\u00e9grad\u00e9. Ne convient pas aux enfants de moins de trois ans.","og_url":"https:\/\/perle-in.com\/en\/product\/balle-anti-stress-ronde-cool\/","og_site_name":"PERLE IN","article_modified_time":"2025-10-19T02:34:44+00:00","og_image":[{"width":1600,"height":1600,"url":"https:\/\/perle-in.com\/wp-content\/uploads\/2025\/10\/10210001-1.jpg","type":"image\/jpeg"}],"twitter_card":"summary_large_image","schema":{"@context":"https:\/\/schema.org","@graph":[{"@type":"WebPage","@id":"https:\/\/perle-in.com\/produit\/balle-anti-stress-ronde-cool\/","url":"https:\/\/perle-in.com\/produit\/balle-anti-stress-ronde-cool\/","name":"Balle anti-stress ronde Cool - PERLE IN","isPartOf":{"@id":"https:\/\/perle-in.com\/#website"},"primaryImageOfPage":{"@id":"https:\/\/perle-in.com\/produit\/balle-anti-stress-ronde-cool\/#primaryimage"},"image":{"@id":"https:\/\/perle-in.com\/produit\/balle-anti-stress-ronde-cool\/#primaryimage"},"thumbnailUrl":"https:\/\/perle-in.com\/wp-content\/uploads\/2025\/10\/10210001-1.jpg","datePublished":"2025-10-13T14:00:52+00:00","dateModified":"2025-10-19T02:34:44+00:00","breadcrumb":{"@id":"https:\/\/perle-in.com\/produit\/balle-anti-stress-ronde-cool\/#breadcrumb"},"inLanguage":"en-CA","potentialAction":[{"@type":"ReadAction","target":["https:\/\/perle-in.com\/produit\/balle-anti-stress-ronde-cool\/"]}]},{"@type":"ImageObject","inLanguage":"en-CA","@id":"https:\/\/perle-in.com\/produit\/balle-anti-stress-ronde-cool\/#primaryimage","url":"https:\/\/perle-in.com\/wp-content\/uploads\/2025\/10\/10210001-1.jpg","contentUrl":"https:\/\/perle-in.com\/wp-content\/uploads\/2025\/10\/10210001-1.jpg","width":1600,"height":1600},{"@type":"BreadcrumbList","@id":"https:\/\/perle-in.com\/produit\/balle-anti-stress-ronde-cool\/#breadcrumb","itemListElement":[{"@type":"ListItem","position":1,"name":"Accueil","item":"https:\/\/perle-in.com\/"},{"@type":"ListItem","position":2,"name":"Boutique","item":"https:\/\/perle-in.com\/boutique\/"},{"@type":"ListItem","position":3,"name":"Balle anti-stress ronde Cool"}]},{"@type":"WebSite","@id":"https:\/\/perle-in.com\/#website","url":"https:\/\/perle-in.com\/","name":"PERLE IN","description":"","publisher":{"@id":"https:\/\/perle-in.com\/#organization"},"potentialAction":[{"@type":"SearchAction","target":{"@type":"EntryPoint","urlTemplate":"https:\/\/perle-in.com\/?s={search_term_string}"},"query-input":{"@type":"PropertyValueSpecification","valueRequired":true,"valueName":"search_term_string"}}],"inLanguage":"en-CA"},{"@type":"Organization","@id":"https:\/\/perle-in.com\/#organization","name":"PERLE IN","url":"https:\/\/perle-in.com\/","logo":{"@type":"ImageObject","inLanguage":"en-CA","@id":"https:\/\/perle-in.com\/#\/schema\/logo\/image\/","url":"https:\/\/perle-in.com\/wp-content\/uploads\/2022\/12\/LOGO-PERLE-IN-COULEUR@3x.webp","contentUrl":"https:\/\/perle-in.com\/wp-content\/uploads\/2022\/12\/LOGO-PERLE-IN-COULEUR@3x.webp","width":1600,"height":490,"caption":"PERLE IN"},"image":{"@id":"https:\/\/perle-in.com\/#\/schema\/logo\/image\/"}}]}},"jetpack_sharing_enabled":true,"_links":{"self":[{"href":"https:\/\/perle-in.com\/en\/wp-json\/wp\/v2\/product\/501871","targetHints":{"allow":["GET"]}}],"collection":[{"href":"https:\/\/perle-in.com\/en\/wp-json\/wp\/v2\/product"}],"about":[{"href":"https:\/\/perle-in.com\/en\/wp-json\/wp\/v2\/types\/product"}],"version-history":[{"count":0,"href":"https:\/\/perle-in.com\/en\/wp-json\/wp\/v2\/product\/501871\/revisions"}],"wp:featuredmedia":[{"embeddable":true,"href":"https:\/\/perle-in.com\/en\/wp-json\/wp\/v2\/media\/501857"}],"wp:attachment":[{"href":"https:\/\/perle-in.com\/en\/wp-json\/wp\/v2\/media?parent=501871"}],"wp:term":[{"taxonomy":"product_brand","embeddable":true,"href":"https:\/\/perle-in.com\/en\/wp-json\/wp\/v2\/product_brand?post=501871"},{"taxonomy":"product_cat","embeddable":true,"href":"https:\/\/perle-in.com\/en\/wp-json\/wp\/v2\/product_cat?post=501871"},{"taxonomy":"product_tag","embeddable":true,"href":"https:\/\/perle-in.com\/en\/wp-json\/wp\/v2\/product_tag?post=501871"}],"curies":[{"name":"wp","href":"https:\/\/api.w.org\/{rel}","templated":true}]}}