{"id":501768,"date":"2025-10-13T15:44:57","date_gmt":"2025-10-13T13:44:57","guid":{"rendered":"https:\/\/perle-in.com\/produit\/gobelet-avec-isolation-par-le-vide-et-couche-de-cuivre-360ml-etanche-thor\/"},"modified":"2025-10-19T04:34:27","modified_gmt":"2025-10-19T02:34:27","slug":"gobelet-avec-isolation-par-le-vide-et-couche-de-cuivre-360ml-etanche-thor","status":"publish","type":"product","link":"https:\/\/perle-in.com\/en\/product\/gobelet-avec-isolation-par-le-vide-et-couche-de-cuivre-360ml-etanche-thor\/","title":{"rendered":"Gobelet avec isolation par le vide et couche de cuivre 360ml \u00e9tanche Thor"},"content":{"rendered":"","protected":false},"excerpt":{"rendered":"<p>Design sous vide en acier inoxydable \u00e0 double paroi r\u00e9sistante avec isolation en cuivre, ce qui permet \u00e0 votre boisson de rester froide pendant 24 h et chaude pendant au moins 8 h. Le design emp\u00eache \u00e9galement la formation de condensation \u00e0 l\u2019ext\u00e9rieur du gobelet. Couvercle d&#8217;\u00e9tanch\u00e9it\u00e9 \u00e0 visser. Rev\u00eatement en poudre durable et tendance. Capacit\u00e9 de 360ml. Pr\u00e9sent\u00e9e dans une boite cadeau Avenue.<\/p>","protected":false},"featured_media":501757,"template":"","meta":{"_eb_attr":""},"product_brand":[],"product_cat":[173,189],"product_tag":[314,1356,368,366,364,315,275,175,349,333,350,176,334,347,1374,367,308,192,193,165,346,326,316],"class_list":{"0":"post-501768","1":"product","2":"type-product","3":"status-publish","4":"has-post-thumbnail","6":"product_cat-drinkware","7":"product_cat-mugs-isothermes","8":"product_tag-314","9":"product_tag-360-ml","10":"product_tag-anti","11":"product_tag-anti-fuite","12":"product_tag-antifuite","13":"product_tag-boisson","14":"product_tag-boissons","15":"product_tag-bouteille","16":"product_tag-bouteille-de-sport","17":"product_tag-bouteille-de-voyage","18":"product_tag-bouteille-sport","19":"product_tag-bouteilles","20":"product_tag-bouteilles-de-voyage","21":"product_tag-cuivre","22":"product_tag-etanche","23":"product_tag-fuite","24":"product_tag-gobelet","25":"product_tag-gourde","26":"product_tag-gourdes","27":"product_tag-isotherme","28":"product_tag-sous-vide-dair","29":"product_tag-thor","30":"product_tag-verrerie","31":"pa_couleurs-blanc","32":"pa_couleurs-bleu","33":"pa_couleurs-gris","34":"pa_couleurs-noir","35":"pa_green-points-171","36":"pa_marque-unbranded","37":"pa_matiere-acier-inoxydable","38":"pa_pays-d-origine-chine","40":"first","41":"instock","42":"shipping-taxable","43":"purchasable","44":"product-type-variable"},"yoast_head":"<!-- This site is optimized with the Yoast SEO plugin v27.4 - https:\/\/yoast.com\/product\/yoast-seo-wordpress\/ -->\n<title>Gobelet avec isolation par le vide et couche de cuivre 360ml \u00e9tanche Thor - PERLE IN<\/title>\n<meta name=\"robots\" content=\"noindex, follow, max-snippet:-1, max-image-preview:large, max-video-preview:-1\" \/>\n<meta property=\"og:locale\" content=\"en_US\" \/>\n<meta property=\"og:type\" content=\"article\" \/>\n<meta property=\"og:title\" content=\"Gobelet avec isolation par le vide et couche de cuivre 360ml \u00e9tanche Thor - PERLE IN\" \/>\n<meta property=\"og:description\" content=\"Design sous vide en acier inoxydable \u00e0 double paroi r\u00e9sistante avec isolation en cuivre, ce qui permet \u00e0 votre boisson de rester froide pendant 24 h et chaude pendant au moins 8 h. Le design emp\u00eache \u00e9galement la formation de condensation \u00e0 l\u2019ext\u00e9rieur du gobelet. Couvercle d&#039;\u00e9tanch\u00e9it\u00e9 \u00e0 visser. Rev\u00eatement en poudre durable et tendance. Capacit\u00e9 de 360ml. Pr\u00e9sent\u00e9e dans une boite cadeau Avenue.\" \/>\n<meta property=\"og:url\" content=\"https:\/\/perle-in.com\/en\/product\/gobelet-avec-isolation-par-le-vide-et-couche-de-cuivre-360ml-etanche-thor\/\" \/>\n<meta property=\"og:site_name\" content=\"PERLE IN\" \/>\n<meta property=\"article:modified_time\" content=\"2025-10-19T02:34:27+00:00\" \/>\n<meta property=\"og:image\" content=\"https:\/\/perle-in.com\/wp-content\/uploads\/2025\/10\/10058700-1.jpg\" \/>\n\t<meta property=\"og:image:width\" content=\"1600\" \/>\n\t<meta property=\"og:image:height\" content=\"1600\" \/>\n\t<meta property=\"og:image:type\" content=\"image\/jpeg\" \/>\n<meta name=\"twitter:card\" content=\"summary_large_image\" \/>\n<script type=\"application\/ld+json\" class=\"yoast-schema-graph\">{\"@context\":\"https:\\\/\\\/schema.org\",\"@graph\":[{\"@type\":\"WebPage\",\"@id\":\"https:\\\/\\\/perle-in.com\\\/produit\\\/gobelet-avec-isolation-par-le-vide-et-couche-de-cuivre-360ml-etanche-thor\\\/\",\"url\":\"https:\\\/\\\/perle-in.com\\\/produit\\\/gobelet-avec-isolation-par-le-vide-et-couche-de-cuivre-360ml-etanche-thor\\\/\",\"name\":\"Gobelet avec isolation par le vide et couche de cuivre 360ml \u00e9tanche Thor - PERLE IN\",\"isPartOf\":{\"@id\":\"https:\\\/\\\/perle-in.com\\\/#website\"},\"primaryImageOfPage\":{\"@id\":\"https:\\\/\\\/perle-in.com\\\/produit\\\/gobelet-avec-isolation-par-le-vide-et-couche-de-cuivre-360ml-etanche-thor\\\/#primaryimage\"},\"image\":{\"@id\":\"https:\\\/\\\/perle-in.com\\\/produit\\\/gobelet-avec-isolation-par-le-vide-et-couche-de-cuivre-360ml-etanche-thor\\\/#primaryimage\"},\"thumbnailUrl\":\"https:\\\/\\\/perle-in.com\\\/wp-content\\\/uploads\\\/2025\\\/10\\\/10058700-1.jpg\",\"datePublished\":\"2025-10-13T13:44:57+00:00\",\"dateModified\":\"2025-10-19T02:34:27+00:00\",\"breadcrumb\":{\"@id\":\"https:\\\/\\\/perle-in.com\\\/produit\\\/gobelet-avec-isolation-par-le-vide-et-couche-de-cuivre-360ml-etanche-thor\\\/#breadcrumb\"},\"inLanguage\":\"en-CA\",\"potentialAction\":[{\"@type\":\"ReadAction\",\"target\":[\"https:\\\/\\\/perle-in.com\\\/produit\\\/gobelet-avec-isolation-par-le-vide-et-couche-de-cuivre-360ml-etanche-thor\\\/\"]}]},{\"@type\":\"ImageObject\",\"inLanguage\":\"en-CA\",\"@id\":\"https:\\\/\\\/perle-in.com\\\/produit\\\/gobelet-avec-isolation-par-le-vide-et-couche-de-cuivre-360ml-etanche-thor\\\/#primaryimage\",\"url\":\"https:\\\/\\\/perle-in.com\\\/wp-content\\\/uploads\\\/2025\\\/10\\\/10058700-1.jpg\",\"contentUrl\":\"https:\\\/\\\/perle-in.com\\\/wp-content\\\/uploads\\\/2025\\\/10\\\/10058700-1.jpg\",\"width\":1600,\"height\":1600},{\"@type\":\"BreadcrumbList\",\"@id\":\"https:\\\/\\\/perle-in.com\\\/produit\\\/gobelet-avec-isolation-par-le-vide-et-couche-de-cuivre-360ml-etanche-thor\\\/#breadcrumb\",\"itemListElement\":[{\"@type\":\"ListItem\",\"position\":1,\"name\":\"Accueil\",\"item\":\"https:\\\/\\\/perle-in.com\\\/\"},{\"@type\":\"ListItem\",\"position\":2,\"name\":\"Boutique\",\"item\":\"https:\\\/\\\/perle-in.com\\\/boutique\\\/\"},{\"@type\":\"ListItem\",\"position\":3,\"name\":\"Gobelet avec isolation par le vide et couche de cuivre 360ml \u00e9tanche Thor\"}]},{\"@type\":\"WebSite\",\"@id\":\"https:\\\/\\\/perle-in.com\\\/#website\",\"url\":\"https:\\\/\\\/perle-in.com\\\/\",\"name\":\"PERLE IN\",\"description\":\"\",\"publisher\":{\"@id\":\"https:\\\/\\\/perle-in.com\\\/#organization\"},\"potentialAction\":[{\"@type\":\"SearchAction\",\"target\":{\"@type\":\"EntryPoint\",\"urlTemplate\":\"https:\\\/\\\/perle-in.com\\\/?s={search_term_string}\"},\"query-input\":{\"@type\":\"PropertyValueSpecification\",\"valueRequired\":true,\"valueName\":\"search_term_string\"}}],\"inLanguage\":\"en-CA\"},{\"@type\":\"Organization\",\"@id\":\"https:\\\/\\\/perle-in.com\\\/#organization\",\"name\":\"PERLE IN\",\"url\":\"https:\\\/\\\/perle-in.com\\\/\",\"logo\":{\"@type\":\"ImageObject\",\"inLanguage\":\"en-CA\",\"@id\":\"https:\\\/\\\/perle-in.com\\\/#\\\/schema\\\/logo\\\/image\\\/\",\"url\":\"https:\\\/\\\/perle-in.com\\\/wp-content\\\/uploads\\\/2022\\\/12\\\/LOGO-PERLE-IN-COULEUR@3x.webp\",\"contentUrl\":\"https:\\\/\\\/perle-in.com\\\/wp-content\\\/uploads\\\/2022\\\/12\\\/LOGO-PERLE-IN-COULEUR@3x.webp\",\"width\":1600,\"height\":490,\"caption\":\"PERLE IN\"},\"image\":{\"@id\":\"https:\\\/\\\/perle-in.com\\\/#\\\/schema\\\/logo\\\/image\\\/\"}}]}<\/script>\n<!-- \/ Yoast SEO plugin. -->","yoast_head_json":{"title":"Gobelet avec isolation par le vide et couche de cuivre 360ml \u00e9tanche Thor - PERLE IN","robots":{"index":"noindex","follow":"follow","max-snippet":"max-snippet:-1","max-image-preview":"max-image-preview:large","max-video-preview":"max-video-preview:-1"},"og_locale":"en_US","og_type":"article","og_title":"Gobelet avec isolation par le vide et couche de cuivre 360ml \u00e9tanche Thor - PERLE IN","og_description":"Design sous vide en acier inoxydable \u00e0 double paroi r\u00e9sistante avec isolation en cuivre, ce qui permet \u00e0 votre boisson de rester froide pendant 24 h et chaude pendant au moins 8 h. Le design emp\u00eache \u00e9galement la formation de condensation \u00e0 l\u2019ext\u00e9rieur du gobelet. Couvercle d'\u00e9tanch\u00e9it\u00e9 \u00e0 visser. Rev\u00eatement en poudre durable et tendance. Capacit\u00e9 de 360ml. Pr\u00e9sent\u00e9e dans une boite cadeau Avenue.","og_url":"https:\/\/perle-in.com\/en\/product\/gobelet-avec-isolation-par-le-vide-et-couche-de-cuivre-360ml-etanche-thor\/","og_site_name":"PERLE IN","article_modified_time":"2025-10-19T02:34:27+00:00","og_image":[{"width":1600,"height":1600,"url":"https:\/\/perle-in.com\/wp-content\/uploads\/2025\/10\/10058700-1.jpg","type":"image\/jpeg"}],"twitter_card":"summary_large_image","schema":{"@context":"https:\/\/schema.org","@graph":[{"@type":"WebPage","@id":"https:\/\/perle-in.com\/produit\/gobelet-avec-isolation-par-le-vide-et-couche-de-cuivre-360ml-etanche-thor\/","url":"https:\/\/perle-in.com\/produit\/gobelet-avec-isolation-par-le-vide-et-couche-de-cuivre-360ml-etanche-thor\/","name":"Gobelet avec isolation par le vide et couche de cuivre 360ml \u00e9tanche Thor - PERLE IN","isPartOf":{"@id":"https:\/\/perle-in.com\/#website"},"primaryImageOfPage":{"@id":"https:\/\/perle-in.com\/produit\/gobelet-avec-isolation-par-le-vide-et-couche-de-cuivre-360ml-etanche-thor\/#primaryimage"},"image":{"@id":"https:\/\/perle-in.com\/produit\/gobelet-avec-isolation-par-le-vide-et-couche-de-cuivre-360ml-etanche-thor\/#primaryimage"},"thumbnailUrl":"https:\/\/perle-in.com\/wp-content\/uploads\/2025\/10\/10058700-1.jpg","datePublished":"2025-10-13T13:44:57+00:00","dateModified":"2025-10-19T02:34:27+00:00","breadcrumb":{"@id":"https:\/\/perle-in.com\/produit\/gobelet-avec-isolation-par-le-vide-et-couche-de-cuivre-360ml-etanche-thor\/#breadcrumb"},"inLanguage":"en-CA","potentialAction":[{"@type":"ReadAction","target":["https:\/\/perle-in.com\/produit\/gobelet-avec-isolation-par-le-vide-et-couche-de-cuivre-360ml-etanche-thor\/"]}]},{"@type":"ImageObject","inLanguage":"en-CA","@id":"https:\/\/perle-in.com\/produit\/gobelet-avec-isolation-par-le-vide-et-couche-de-cuivre-360ml-etanche-thor\/#primaryimage","url":"https:\/\/perle-in.com\/wp-content\/uploads\/2025\/10\/10058700-1.jpg","contentUrl":"https:\/\/perle-in.com\/wp-content\/uploads\/2025\/10\/10058700-1.jpg","width":1600,"height":1600},{"@type":"BreadcrumbList","@id":"https:\/\/perle-in.com\/produit\/gobelet-avec-isolation-par-le-vide-et-couche-de-cuivre-360ml-etanche-thor\/#breadcrumb","itemListElement":[{"@type":"ListItem","position":1,"name":"Accueil","item":"https:\/\/perle-in.com\/"},{"@type":"ListItem","position":2,"name":"Boutique","item":"https:\/\/perle-in.com\/boutique\/"},{"@type":"ListItem","position":3,"name":"Gobelet avec isolation par le vide et couche de cuivre 360ml \u00e9tanche Thor"}]},{"@type":"WebSite","@id":"https:\/\/perle-in.com\/#website","url":"https:\/\/perle-in.com\/","name":"PERLE IN","description":"","publisher":{"@id":"https:\/\/perle-in.com\/#organization"},"potentialAction":[{"@type":"SearchAction","target":{"@type":"EntryPoint","urlTemplate":"https:\/\/perle-in.com\/?s={search_term_string}"},"query-input":{"@type":"PropertyValueSpecification","valueRequired":true,"valueName":"search_term_string"}}],"inLanguage":"en-CA"},{"@type":"Organization","@id":"https:\/\/perle-in.com\/#organization","name":"PERLE IN","url":"https:\/\/perle-in.com\/","logo":{"@type":"ImageObject","inLanguage":"en-CA","@id":"https:\/\/perle-in.com\/#\/schema\/logo\/image\/","url":"https:\/\/perle-in.com\/wp-content\/uploads\/2022\/12\/LOGO-PERLE-IN-COULEUR@3x.webp","contentUrl":"https:\/\/perle-in.com\/wp-content\/uploads\/2022\/12\/LOGO-PERLE-IN-COULEUR@3x.webp","width":1600,"height":490,"caption":"PERLE IN"},"image":{"@id":"https:\/\/perle-in.com\/#\/schema\/logo\/image\/"}}]}},"jetpack_sharing_enabled":true,"_links":{"self":[{"href":"https:\/\/perle-in.com\/en\/wp-json\/wp\/v2\/product\/501768","targetHints":{"allow":["GET"]}}],"collection":[{"href":"https:\/\/perle-in.com\/en\/wp-json\/wp\/v2\/product"}],"about":[{"href":"https:\/\/perle-in.com\/en\/wp-json\/wp\/v2\/types\/product"}],"version-history":[{"count":0,"href":"https:\/\/perle-in.com\/en\/wp-json\/wp\/v2\/product\/501768\/revisions"}],"wp:featuredmedia":[{"embeddable":true,"href":"https:\/\/perle-in.com\/en\/wp-json\/wp\/v2\/media\/501757"}],"wp:attachment":[{"href":"https:\/\/perle-in.com\/en\/wp-json\/wp\/v2\/media?parent=501768"}],"wp:term":[{"taxonomy":"product_brand","embeddable":true,"href":"https:\/\/perle-in.com\/en\/wp-json\/wp\/v2\/product_brand?post=501768"},{"taxonomy":"product_cat","embeddable":true,"href":"https:\/\/perle-in.com\/en\/wp-json\/wp\/v2\/product_cat?post=501768"},{"taxonomy":"product_tag","embeddable":true,"href":"https:\/\/perle-in.com\/en\/wp-json\/wp\/v2\/product_tag?post=501768"}],"curies":[{"name":"wp","href":"https:\/\/api.w.org\/{rel}","templated":true}]}}