{"id":501753,"date":"2025-10-13T15:43:54","date_gmt":"2025-10-13T13:43:54","guid":{"rendered":"https:\/\/perle-in.com\/produit\/bouteille-avec-isolation-par-le-vide-et-couche-de-cuivre-600ml-chute-mag\/"},"modified":"2025-10-19T04:34:25","modified_gmt":"2025-10-19T02:34:25","slug":"bouteille-avec-isolation-par-le-vide-et-couche-de-cuivre-600ml-chute-mag","status":"publish","type":"product","link":"https:\/\/perle-in.com\/en\/product\/bouteille-avec-isolation-par-le-vide-et-couche-de-cuivre-600ml-chute-mag\/","title":{"rendered":"Bouteille avec isolation par le vide et couche de cuivre 600ml Chute Mag"},"content":{"rendered":"","protected":false},"excerpt":{"rendered":"<p>Design sous vide en acier inoxydable \u00e0 double paroi r\u00e9sistante avec isolation en cuivre, ce qui permet \u00e0 votre boisson de rester froide pendant 24 h et chaude pendant au moins 8 h. Le design emp\u00eache \u00e9galement la formation de condensation \u00e0 l\u2019ext\u00e9rieur de la bouteille. Couvercle viss\u00e9 \u00e9tanche avec poign\u00e9e de transport magn\u00e9tique qui garde le bouchon en place pendant que l\u2019on boit. Interface de boisson ergonomique qui d\u00e9livre un d\u00e9bit d&#8217;eau \u00e9lev\u00e9 sans ballottement ni d\u00e9bordement. Large ouverture pour faciliter le nettoyage et le remplissage. Rev\u00eatement en poudre durable et tendance. Capacit\u00e9 de 600ml. Garantie \u00e0 vie sur les d\u00e9fauts de fabrication avec Got Your Bak\u2122.<\/p>","protected":false},"featured_media":501744,"template":"","meta":{"_eb_attr":""},"product_brand":[],"product_cat":[257,173],"product_tag":[345,344,315,275,175,349,333,350,176,334,359,361,360,347,363,192,193,165,362,346,316],"class_list":{"0":"post-501753","1":"product","2":"type-product","3":"status-publish","4":"has-post-thumbnail","6":"product_cat-bouteilles-isothermes","7":"product_cat-drinkware","8":"product_tag-345","9":"product_tag-600ml","10":"product_tag-boisson","11":"product_tag-boissons","12":"product_tag-bouteille","13":"product_tag-bouteille-de-sport","14":"product_tag-bouteille-de-voyage","15":"product_tag-bouteille-sport","16":"product_tag-bouteilles","17":"product_tag-bouteilles-de-voyage","18":"product_tag-camelbak","19":"product_tag-chute","20":"product_tag-chute-mag","21":"product_tag-cuivre","22":"product_tag-ergonomique","23":"product_tag-gourde","24":"product_tag-gourdes","25":"product_tag-isotherme","26":"product_tag-mag","27":"product_tag-sous-vide-dair","28":"product_tag-verrerie","29":"pa_couleurs-blanc","30":"pa_couleurs-marine","31":"pa_couleurs-vert-mousse","32":"pa_green-points-171","33":"pa_marque-camelbak-2","34":"pa_matiere-acier-inoxydable","35":"pa_pays-d-origine-chine","37":"first","38":"instock","39":"sale","40":"shipping-taxable","41":"purchasable","42":"product-type-variable"},"yoast_head":"<!-- This site is optimized with the Yoast SEO plugin v27.4 - https:\/\/yoast.com\/product\/yoast-seo-wordpress\/ -->\n<title>Bouteille avec isolation par le vide et couche de cuivre 600ml Chute Mag - PERLE IN<\/title>\n<meta name=\"robots\" content=\"noindex, follow, max-snippet:-1, max-image-preview:large, max-video-preview:-1\" \/>\n<meta property=\"og:locale\" content=\"en_US\" \/>\n<meta property=\"og:type\" content=\"article\" \/>\n<meta property=\"og:title\" content=\"Bouteille avec isolation par le vide et couche de cuivre 600ml Chute Mag - PERLE IN\" \/>\n<meta property=\"og:description\" content=\"Design sous vide en acier inoxydable \u00e0 double paroi r\u00e9sistante avec isolation en cuivre, ce qui permet \u00e0 votre boisson de rester froide pendant 24 h et chaude pendant au moins 8 h. Le design emp\u00eache \u00e9galement la formation de condensation \u00e0 l\u2019ext\u00e9rieur de la bouteille. Couvercle viss\u00e9 \u00e9tanche avec poign\u00e9e de transport magn\u00e9tique qui garde le bouchon en place pendant que l\u2019on boit. Interface de boisson ergonomique qui d\u00e9livre un d\u00e9bit d&#039;eau \u00e9lev\u00e9 sans ballottement ni d\u00e9bordement. Large ouverture pour faciliter le nettoyage et le remplissage. Rev\u00eatement en poudre durable et tendance. Capacit\u00e9 de 600ml. Garantie \u00e0 vie sur les d\u00e9fauts de fabrication avec Got Your Bak\u2122.\" \/>\n<meta property=\"og:url\" content=\"https:\/\/perle-in.com\/en\/product\/bouteille-avec-isolation-par-le-vide-et-couche-de-cuivre-600ml-chute-mag\/\" \/>\n<meta property=\"og:site_name\" content=\"PERLE IN\" \/>\n<meta property=\"article:modified_time\" content=\"2025-10-19T02:34:25+00:00\" \/>\n<meta property=\"og:image\" content=\"https:\/\/perle-in.com\/wp-content\/uploads\/2025\/10\/10058201-1.jpg\" \/>\n\t<meta property=\"og:image:width\" content=\"1600\" \/>\n\t<meta property=\"og:image:height\" content=\"1600\" \/>\n\t<meta property=\"og:image:type\" content=\"image\/jpeg\" \/>\n<meta name=\"twitter:card\" content=\"summary_large_image\" \/>\n<script type=\"application\/ld+json\" class=\"yoast-schema-graph\">{\"@context\":\"https:\\\/\\\/schema.org\",\"@graph\":[{\"@type\":\"WebPage\",\"@id\":\"https:\\\/\\\/perle-in.com\\\/produit\\\/bouteille-avec-isolation-par-le-vide-et-couche-de-cuivre-600ml-chute-mag\\\/\",\"url\":\"https:\\\/\\\/perle-in.com\\\/produit\\\/bouteille-avec-isolation-par-le-vide-et-couche-de-cuivre-600ml-chute-mag\\\/\",\"name\":\"Bouteille avec isolation par le vide et couche de cuivre 600ml Chute Mag - PERLE IN\",\"isPartOf\":{\"@id\":\"https:\\\/\\\/perle-in.com\\\/#website\"},\"primaryImageOfPage\":{\"@id\":\"https:\\\/\\\/perle-in.com\\\/produit\\\/bouteille-avec-isolation-par-le-vide-et-couche-de-cuivre-600ml-chute-mag\\\/#primaryimage\"},\"image\":{\"@id\":\"https:\\\/\\\/perle-in.com\\\/produit\\\/bouteille-avec-isolation-par-le-vide-et-couche-de-cuivre-600ml-chute-mag\\\/#primaryimage\"},\"thumbnailUrl\":\"https:\\\/\\\/perle-in.com\\\/wp-content\\\/uploads\\\/2025\\\/10\\\/10058201-1.jpg\",\"datePublished\":\"2025-10-13T13:43:54+00:00\",\"dateModified\":\"2025-10-19T02:34:25+00:00\",\"breadcrumb\":{\"@id\":\"https:\\\/\\\/perle-in.com\\\/produit\\\/bouteille-avec-isolation-par-le-vide-et-couche-de-cuivre-600ml-chute-mag\\\/#breadcrumb\"},\"inLanguage\":\"en-CA\",\"potentialAction\":[{\"@type\":\"ReadAction\",\"target\":[\"https:\\\/\\\/perle-in.com\\\/produit\\\/bouteille-avec-isolation-par-le-vide-et-couche-de-cuivre-600ml-chute-mag\\\/\"]}]},{\"@type\":\"ImageObject\",\"inLanguage\":\"en-CA\",\"@id\":\"https:\\\/\\\/perle-in.com\\\/produit\\\/bouteille-avec-isolation-par-le-vide-et-couche-de-cuivre-600ml-chute-mag\\\/#primaryimage\",\"url\":\"https:\\\/\\\/perle-in.com\\\/wp-content\\\/uploads\\\/2025\\\/10\\\/10058201-1.jpg\",\"contentUrl\":\"https:\\\/\\\/perle-in.com\\\/wp-content\\\/uploads\\\/2025\\\/10\\\/10058201-1.jpg\",\"width\":1600,\"height\":1600},{\"@type\":\"BreadcrumbList\",\"@id\":\"https:\\\/\\\/perle-in.com\\\/produit\\\/bouteille-avec-isolation-par-le-vide-et-couche-de-cuivre-600ml-chute-mag\\\/#breadcrumb\",\"itemListElement\":[{\"@type\":\"ListItem\",\"position\":1,\"name\":\"Accueil\",\"item\":\"https:\\\/\\\/perle-in.com\\\/\"},{\"@type\":\"ListItem\",\"position\":2,\"name\":\"Boutique\",\"item\":\"https:\\\/\\\/perle-in.com\\\/boutique\\\/\"},{\"@type\":\"ListItem\",\"position\":3,\"name\":\"Bouteille avec isolation par le vide et couche de cuivre 600ml Chute Mag\"}]},{\"@type\":\"WebSite\",\"@id\":\"https:\\\/\\\/perle-in.com\\\/#website\",\"url\":\"https:\\\/\\\/perle-in.com\\\/\",\"name\":\"PERLE IN\",\"description\":\"\",\"publisher\":{\"@id\":\"https:\\\/\\\/perle-in.com\\\/#organization\"},\"potentialAction\":[{\"@type\":\"SearchAction\",\"target\":{\"@type\":\"EntryPoint\",\"urlTemplate\":\"https:\\\/\\\/perle-in.com\\\/?s={search_term_string}\"},\"query-input\":{\"@type\":\"PropertyValueSpecification\",\"valueRequired\":true,\"valueName\":\"search_term_string\"}}],\"inLanguage\":\"en-CA\"},{\"@type\":\"Organization\",\"@id\":\"https:\\\/\\\/perle-in.com\\\/#organization\",\"name\":\"PERLE IN\",\"url\":\"https:\\\/\\\/perle-in.com\\\/\",\"logo\":{\"@type\":\"ImageObject\",\"inLanguage\":\"en-CA\",\"@id\":\"https:\\\/\\\/perle-in.com\\\/#\\\/schema\\\/logo\\\/image\\\/\",\"url\":\"https:\\\/\\\/perle-in.com\\\/wp-content\\\/uploads\\\/2022\\\/12\\\/LOGO-PERLE-IN-COULEUR@3x.webp\",\"contentUrl\":\"https:\\\/\\\/perle-in.com\\\/wp-content\\\/uploads\\\/2022\\\/12\\\/LOGO-PERLE-IN-COULEUR@3x.webp\",\"width\":1600,\"height\":490,\"caption\":\"PERLE IN\"},\"image\":{\"@id\":\"https:\\\/\\\/perle-in.com\\\/#\\\/schema\\\/logo\\\/image\\\/\"}}]}<\/script>\n<!-- \/ Yoast SEO plugin. -->","yoast_head_json":{"title":"Bouteille avec isolation par le vide et couche de cuivre 600ml Chute Mag - PERLE IN","robots":{"index":"noindex","follow":"follow","max-snippet":"max-snippet:-1","max-image-preview":"max-image-preview:large","max-video-preview":"max-video-preview:-1"},"og_locale":"en_US","og_type":"article","og_title":"Bouteille avec isolation par le vide et couche de cuivre 600ml Chute Mag - PERLE IN","og_description":"Design sous vide en acier inoxydable \u00e0 double paroi r\u00e9sistante avec isolation en cuivre, ce qui permet \u00e0 votre boisson de rester froide pendant 24 h et chaude pendant au moins 8 h. Le design emp\u00eache \u00e9galement la formation de condensation \u00e0 l\u2019ext\u00e9rieur de la bouteille. Couvercle viss\u00e9 \u00e9tanche avec poign\u00e9e de transport magn\u00e9tique qui garde le bouchon en place pendant que l\u2019on boit. Interface de boisson ergonomique qui d\u00e9livre un d\u00e9bit d'eau \u00e9lev\u00e9 sans ballottement ni d\u00e9bordement. Large ouverture pour faciliter le nettoyage et le remplissage. Rev\u00eatement en poudre durable et tendance. Capacit\u00e9 de 600ml. Garantie \u00e0 vie sur les d\u00e9fauts de fabrication avec Got Your Bak\u2122.","og_url":"https:\/\/perle-in.com\/en\/product\/bouteille-avec-isolation-par-le-vide-et-couche-de-cuivre-600ml-chute-mag\/","og_site_name":"PERLE IN","article_modified_time":"2025-10-19T02:34:25+00:00","og_image":[{"width":1600,"height":1600,"url":"https:\/\/perle-in.com\/wp-content\/uploads\/2025\/10\/10058201-1.jpg","type":"image\/jpeg"}],"twitter_card":"summary_large_image","schema":{"@context":"https:\/\/schema.org","@graph":[{"@type":"WebPage","@id":"https:\/\/perle-in.com\/produit\/bouteille-avec-isolation-par-le-vide-et-couche-de-cuivre-600ml-chute-mag\/","url":"https:\/\/perle-in.com\/produit\/bouteille-avec-isolation-par-le-vide-et-couche-de-cuivre-600ml-chute-mag\/","name":"Bouteille avec isolation par le vide et couche de cuivre 600ml Chute Mag - PERLE IN","isPartOf":{"@id":"https:\/\/perle-in.com\/#website"},"primaryImageOfPage":{"@id":"https:\/\/perle-in.com\/produit\/bouteille-avec-isolation-par-le-vide-et-couche-de-cuivre-600ml-chute-mag\/#primaryimage"},"image":{"@id":"https:\/\/perle-in.com\/produit\/bouteille-avec-isolation-par-le-vide-et-couche-de-cuivre-600ml-chute-mag\/#primaryimage"},"thumbnailUrl":"https:\/\/perle-in.com\/wp-content\/uploads\/2025\/10\/10058201-1.jpg","datePublished":"2025-10-13T13:43:54+00:00","dateModified":"2025-10-19T02:34:25+00:00","breadcrumb":{"@id":"https:\/\/perle-in.com\/produit\/bouteille-avec-isolation-par-le-vide-et-couche-de-cuivre-600ml-chute-mag\/#breadcrumb"},"inLanguage":"en-CA","potentialAction":[{"@type":"ReadAction","target":["https:\/\/perle-in.com\/produit\/bouteille-avec-isolation-par-le-vide-et-couche-de-cuivre-600ml-chute-mag\/"]}]},{"@type":"ImageObject","inLanguage":"en-CA","@id":"https:\/\/perle-in.com\/produit\/bouteille-avec-isolation-par-le-vide-et-couche-de-cuivre-600ml-chute-mag\/#primaryimage","url":"https:\/\/perle-in.com\/wp-content\/uploads\/2025\/10\/10058201-1.jpg","contentUrl":"https:\/\/perle-in.com\/wp-content\/uploads\/2025\/10\/10058201-1.jpg","width":1600,"height":1600},{"@type":"BreadcrumbList","@id":"https:\/\/perle-in.com\/produit\/bouteille-avec-isolation-par-le-vide-et-couche-de-cuivre-600ml-chute-mag\/#breadcrumb","itemListElement":[{"@type":"ListItem","position":1,"name":"Accueil","item":"https:\/\/perle-in.com\/"},{"@type":"ListItem","position":2,"name":"Boutique","item":"https:\/\/perle-in.com\/boutique\/"},{"@type":"ListItem","position":3,"name":"Bouteille avec isolation par le vide et couche de cuivre 600ml Chute Mag"}]},{"@type":"WebSite","@id":"https:\/\/perle-in.com\/#website","url":"https:\/\/perle-in.com\/","name":"PERLE IN","description":"","publisher":{"@id":"https:\/\/perle-in.com\/#organization"},"potentialAction":[{"@type":"SearchAction","target":{"@type":"EntryPoint","urlTemplate":"https:\/\/perle-in.com\/?s={search_term_string}"},"query-input":{"@type":"PropertyValueSpecification","valueRequired":true,"valueName":"search_term_string"}}],"inLanguage":"en-CA"},{"@type":"Organization","@id":"https:\/\/perle-in.com\/#organization","name":"PERLE IN","url":"https:\/\/perle-in.com\/","logo":{"@type":"ImageObject","inLanguage":"en-CA","@id":"https:\/\/perle-in.com\/#\/schema\/logo\/image\/","url":"https:\/\/perle-in.com\/wp-content\/uploads\/2022\/12\/LOGO-PERLE-IN-COULEUR@3x.webp","contentUrl":"https:\/\/perle-in.com\/wp-content\/uploads\/2022\/12\/LOGO-PERLE-IN-COULEUR@3x.webp","width":1600,"height":490,"caption":"PERLE IN"},"image":{"@id":"https:\/\/perle-in.com\/#\/schema\/logo\/image\/"}}]}},"jetpack_sharing_enabled":true,"_links":{"self":[{"href":"https:\/\/perle-in.com\/en\/wp-json\/wp\/v2\/product\/501753","targetHints":{"allow":["GET"]}}],"collection":[{"href":"https:\/\/perle-in.com\/en\/wp-json\/wp\/v2\/product"}],"about":[{"href":"https:\/\/perle-in.com\/en\/wp-json\/wp\/v2\/types\/product"}],"version-history":[{"count":0,"href":"https:\/\/perle-in.com\/en\/wp-json\/wp\/v2\/product\/501753\/revisions"}],"wp:featuredmedia":[{"embeddable":true,"href":"https:\/\/perle-in.com\/en\/wp-json\/wp\/v2\/media\/501744"}],"wp:attachment":[{"href":"https:\/\/perle-in.com\/en\/wp-json\/wp\/v2\/media?parent=501753"}],"wp:term":[{"taxonomy":"product_brand","embeddable":true,"href":"https:\/\/perle-in.com\/en\/wp-json\/wp\/v2\/product_brand?post=501753"},{"taxonomy":"product_cat","embeddable":true,"href":"https:\/\/perle-in.com\/en\/wp-json\/wp\/v2\/product_cat?post=501753"},{"taxonomy":"product_tag","embeddable":true,"href":"https:\/\/perle-in.com\/en\/wp-json\/wp\/v2\/product_tag?post=501753"}],"curies":[{"name":"wp","href":"https:\/\/api.w.org\/{rel}","templated":true}]}}