{"id":501740,"date":"2025-10-13T15:43:29","date_gmt":"2025-10-13T13:43:29","guid":{"rendered":"https:\/\/perle-in.com\/produit\/sac-exterieur-impermeable-de-10-l-camper\/"},"modified":"2025-10-19T04:34:23","modified_gmt":"2025-10-19T02:34:23","slug":"sac-exterieur-impermeable-de-10-l-camper","status":"publish","type":"product","link":"https:\/\/perle-in.com\/en\/product\/sac-exterieur-impermeable-de-10-l-camper\/","title":{"rendered":"Sac ext\u00e9rieur imperm\u00e9able de 10\u00a0L Camper"},"content":{"rendered":"","protected":false},"excerpt":{"rendered":"<p>Un sac imperm\u00e9able id\u00e9al pour le plein air. La fermeture \u00e0 rabat avec boucle en plastique permet de garder les objets de valeur au sec et en s\u00e9curit\u00e9. Peut \u00eatre facilement attach\u00e9 \u00e0 un sac ou \u00e0 une ceinture. Lorsque d\u00e9pli\u00e9 et maintenu, la capacit\u00e9 du sac est de 10 litres.<\/p>","protected":false},"featured_media":501733,"template":"","meta":{"_eb_attr":""},"product_brand":[],"product_cat":[279,129],"product_tag":[1367,289,1369,1372,1371,1368,290,1370],"class_list":{"0":"post-501740","1":"product","2":"type-product","3":"status-publish","4":"has-post-thumbnail","6":"product_cat-articles-dextrieur","7":"product_cat-sport-et-loisirs","8":"product_tag-sac-a-enrouler","9":"product_tag-sac-de-voyage","10":"product_tag-sac-etanche","11":"product_tag-sac-exterieur","12":"product_tag-sac-impermeable","13":"product_tag-sacs-a-enrouler","14":"product_tag-sacs-de-voyage","15":"product_tag-sacs-etanches","16":"pa_couleurs-blanc","17":"pa_couleurs-bleu-royal","18":"pa_couleurs-noir","19":"pa_green-points-277","20":"pa_marque-unbranded","21":"pa_matiere-190t-polyester","22":"pa_pays-d-origine-chine","24":"first","25":"instock","26":"shipping-taxable","27":"purchasable","28":"product-type-variable"},"yoast_head":"<!-- This site is optimized with the Yoast SEO plugin v27.4 - https:\/\/yoast.com\/product\/yoast-seo-wordpress\/ -->\n<title>Sac ext\u00e9rieur imperm\u00e9able de 10\u00a0L Camper - PERLE IN<\/title>\n<meta name=\"robots\" content=\"noindex, follow, max-snippet:-1, max-image-preview:large, max-video-preview:-1\" \/>\n<meta property=\"og:locale\" content=\"en_US\" \/>\n<meta property=\"og:type\" content=\"article\" \/>\n<meta property=\"og:title\" content=\"Sac ext\u00e9rieur imperm\u00e9able de 10\u00a0L Camper - PERLE IN\" \/>\n<meta property=\"og:description\" content=\"Un sac imperm\u00e9able id\u00e9al pour le plein air. La fermeture \u00e0 rabat avec boucle en plastique permet de garder les objets de valeur au sec et en s\u00e9curit\u00e9. Peut \u00eatre facilement attach\u00e9 \u00e0 un sac ou \u00e0 une ceinture. Lorsque d\u00e9pli\u00e9 et maintenu, la capacit\u00e9 du sac est de 10 litres.\" \/>\n<meta property=\"og:url\" content=\"https:\/\/perle-in.com\/en\/product\/sac-exterieur-impermeable-de-10-l-camper\/\" \/>\n<meta property=\"og:site_name\" content=\"PERLE IN\" \/>\n<meta property=\"article:modified_time\" content=\"2025-10-19T02:34:23+00:00\" \/>\n<meta property=\"og:image\" content=\"https:\/\/perle-in.com\/wp-content\/uploads\/2025\/10\/10057100-1.jpg\" \/>\n\t<meta property=\"og:image:width\" content=\"1600\" \/>\n\t<meta property=\"og:image:height\" content=\"1600\" \/>\n\t<meta property=\"og:image:type\" content=\"image\/jpeg\" \/>\n<meta name=\"twitter:card\" content=\"summary_large_image\" \/>\n<script type=\"application\/ld+json\" class=\"yoast-schema-graph\">{\"@context\":\"https:\\\/\\\/schema.org\",\"@graph\":[{\"@type\":\"WebPage\",\"@id\":\"https:\\\/\\\/perle-in.com\\\/produit\\\/sac-exterieur-impermeable-de-10-l-camper\\\/\",\"url\":\"https:\\\/\\\/perle-in.com\\\/produit\\\/sac-exterieur-impermeable-de-10-l-camper\\\/\",\"name\":\"Sac ext\u00e9rieur imperm\u00e9able de 10\u00a0L Camper - PERLE IN\",\"isPartOf\":{\"@id\":\"https:\\\/\\\/perle-in.com\\\/#website\"},\"primaryImageOfPage\":{\"@id\":\"https:\\\/\\\/perle-in.com\\\/produit\\\/sac-exterieur-impermeable-de-10-l-camper\\\/#primaryimage\"},\"image\":{\"@id\":\"https:\\\/\\\/perle-in.com\\\/produit\\\/sac-exterieur-impermeable-de-10-l-camper\\\/#primaryimage\"},\"thumbnailUrl\":\"https:\\\/\\\/perle-in.com\\\/wp-content\\\/uploads\\\/2025\\\/10\\\/10057100-1.jpg\",\"datePublished\":\"2025-10-13T13:43:29+00:00\",\"dateModified\":\"2025-10-19T02:34:23+00:00\",\"breadcrumb\":{\"@id\":\"https:\\\/\\\/perle-in.com\\\/produit\\\/sac-exterieur-impermeable-de-10-l-camper\\\/#breadcrumb\"},\"inLanguage\":\"en-CA\",\"potentialAction\":[{\"@type\":\"ReadAction\",\"target\":[\"https:\\\/\\\/perle-in.com\\\/produit\\\/sac-exterieur-impermeable-de-10-l-camper\\\/\"]}]},{\"@type\":\"ImageObject\",\"inLanguage\":\"en-CA\",\"@id\":\"https:\\\/\\\/perle-in.com\\\/produit\\\/sac-exterieur-impermeable-de-10-l-camper\\\/#primaryimage\",\"url\":\"https:\\\/\\\/perle-in.com\\\/wp-content\\\/uploads\\\/2025\\\/10\\\/10057100-1.jpg\",\"contentUrl\":\"https:\\\/\\\/perle-in.com\\\/wp-content\\\/uploads\\\/2025\\\/10\\\/10057100-1.jpg\",\"width\":1600,\"height\":1600},{\"@type\":\"BreadcrumbList\",\"@id\":\"https:\\\/\\\/perle-in.com\\\/produit\\\/sac-exterieur-impermeable-de-10-l-camper\\\/#breadcrumb\",\"itemListElement\":[{\"@type\":\"ListItem\",\"position\":1,\"name\":\"Accueil\",\"item\":\"https:\\\/\\\/perle-in.com\\\/\"},{\"@type\":\"ListItem\",\"position\":2,\"name\":\"Boutique\",\"item\":\"https:\\\/\\\/perle-in.com\\\/boutique\\\/\"},{\"@type\":\"ListItem\",\"position\":3,\"name\":\"Sac ext\u00e9rieur imperm\u00e9able de 10\u00a0L Camper\"}]},{\"@type\":\"WebSite\",\"@id\":\"https:\\\/\\\/perle-in.com\\\/#website\",\"url\":\"https:\\\/\\\/perle-in.com\\\/\",\"name\":\"PERLE IN\",\"description\":\"\",\"publisher\":{\"@id\":\"https:\\\/\\\/perle-in.com\\\/#organization\"},\"potentialAction\":[{\"@type\":\"SearchAction\",\"target\":{\"@type\":\"EntryPoint\",\"urlTemplate\":\"https:\\\/\\\/perle-in.com\\\/?s={search_term_string}\"},\"query-input\":{\"@type\":\"PropertyValueSpecification\",\"valueRequired\":true,\"valueName\":\"search_term_string\"}}],\"inLanguage\":\"en-CA\"},{\"@type\":\"Organization\",\"@id\":\"https:\\\/\\\/perle-in.com\\\/#organization\",\"name\":\"PERLE IN\",\"url\":\"https:\\\/\\\/perle-in.com\\\/\",\"logo\":{\"@type\":\"ImageObject\",\"inLanguage\":\"en-CA\",\"@id\":\"https:\\\/\\\/perle-in.com\\\/#\\\/schema\\\/logo\\\/image\\\/\",\"url\":\"https:\\\/\\\/perle-in.com\\\/wp-content\\\/uploads\\\/2022\\\/12\\\/LOGO-PERLE-IN-COULEUR@3x.webp\",\"contentUrl\":\"https:\\\/\\\/perle-in.com\\\/wp-content\\\/uploads\\\/2022\\\/12\\\/LOGO-PERLE-IN-COULEUR@3x.webp\",\"width\":1600,\"height\":490,\"caption\":\"PERLE IN\"},\"image\":{\"@id\":\"https:\\\/\\\/perle-in.com\\\/#\\\/schema\\\/logo\\\/image\\\/\"}}]}<\/script>\n<!-- \/ Yoast SEO plugin. -->","yoast_head_json":{"title":"Sac ext\u00e9rieur imperm\u00e9able de 10\u00a0L Camper - PERLE IN","robots":{"index":"noindex","follow":"follow","max-snippet":"max-snippet:-1","max-image-preview":"max-image-preview:large","max-video-preview":"max-video-preview:-1"},"og_locale":"en_US","og_type":"article","og_title":"Sac ext\u00e9rieur imperm\u00e9able de 10\u00a0L Camper - PERLE IN","og_description":"Un sac imperm\u00e9able id\u00e9al pour le plein air. La fermeture \u00e0 rabat avec boucle en plastique permet de garder les objets de valeur au sec et en s\u00e9curit\u00e9. Peut \u00eatre facilement attach\u00e9 \u00e0 un sac ou \u00e0 une ceinture. Lorsque d\u00e9pli\u00e9 et maintenu, la capacit\u00e9 du sac est de 10 litres.","og_url":"https:\/\/perle-in.com\/en\/product\/sac-exterieur-impermeable-de-10-l-camper\/","og_site_name":"PERLE IN","article_modified_time":"2025-10-19T02:34:23+00:00","og_image":[{"width":1600,"height":1600,"url":"https:\/\/perle-in.com\/wp-content\/uploads\/2025\/10\/10057100-1.jpg","type":"image\/jpeg"}],"twitter_card":"summary_large_image","schema":{"@context":"https:\/\/schema.org","@graph":[{"@type":"WebPage","@id":"https:\/\/perle-in.com\/produit\/sac-exterieur-impermeable-de-10-l-camper\/","url":"https:\/\/perle-in.com\/produit\/sac-exterieur-impermeable-de-10-l-camper\/","name":"Sac ext\u00e9rieur imperm\u00e9able de 10\u00a0L Camper - PERLE IN","isPartOf":{"@id":"https:\/\/perle-in.com\/#website"},"primaryImageOfPage":{"@id":"https:\/\/perle-in.com\/produit\/sac-exterieur-impermeable-de-10-l-camper\/#primaryimage"},"image":{"@id":"https:\/\/perle-in.com\/produit\/sac-exterieur-impermeable-de-10-l-camper\/#primaryimage"},"thumbnailUrl":"https:\/\/perle-in.com\/wp-content\/uploads\/2025\/10\/10057100-1.jpg","datePublished":"2025-10-13T13:43:29+00:00","dateModified":"2025-10-19T02:34:23+00:00","breadcrumb":{"@id":"https:\/\/perle-in.com\/produit\/sac-exterieur-impermeable-de-10-l-camper\/#breadcrumb"},"inLanguage":"en-CA","potentialAction":[{"@type":"ReadAction","target":["https:\/\/perle-in.com\/produit\/sac-exterieur-impermeable-de-10-l-camper\/"]}]},{"@type":"ImageObject","inLanguage":"en-CA","@id":"https:\/\/perle-in.com\/produit\/sac-exterieur-impermeable-de-10-l-camper\/#primaryimage","url":"https:\/\/perle-in.com\/wp-content\/uploads\/2025\/10\/10057100-1.jpg","contentUrl":"https:\/\/perle-in.com\/wp-content\/uploads\/2025\/10\/10057100-1.jpg","width":1600,"height":1600},{"@type":"BreadcrumbList","@id":"https:\/\/perle-in.com\/produit\/sac-exterieur-impermeable-de-10-l-camper\/#breadcrumb","itemListElement":[{"@type":"ListItem","position":1,"name":"Accueil","item":"https:\/\/perle-in.com\/"},{"@type":"ListItem","position":2,"name":"Boutique","item":"https:\/\/perle-in.com\/boutique\/"},{"@type":"ListItem","position":3,"name":"Sac ext\u00e9rieur imperm\u00e9able de 10\u00a0L Camper"}]},{"@type":"WebSite","@id":"https:\/\/perle-in.com\/#website","url":"https:\/\/perle-in.com\/","name":"PERLE IN","description":"","publisher":{"@id":"https:\/\/perle-in.com\/#organization"},"potentialAction":[{"@type":"SearchAction","target":{"@type":"EntryPoint","urlTemplate":"https:\/\/perle-in.com\/?s={search_term_string}"},"query-input":{"@type":"PropertyValueSpecification","valueRequired":true,"valueName":"search_term_string"}}],"inLanguage":"en-CA"},{"@type":"Organization","@id":"https:\/\/perle-in.com\/#organization","name":"PERLE IN","url":"https:\/\/perle-in.com\/","logo":{"@type":"ImageObject","inLanguage":"en-CA","@id":"https:\/\/perle-in.com\/#\/schema\/logo\/image\/","url":"https:\/\/perle-in.com\/wp-content\/uploads\/2022\/12\/LOGO-PERLE-IN-COULEUR@3x.webp","contentUrl":"https:\/\/perle-in.com\/wp-content\/uploads\/2022\/12\/LOGO-PERLE-IN-COULEUR@3x.webp","width":1600,"height":490,"caption":"PERLE IN"},"image":{"@id":"https:\/\/perle-in.com\/#\/schema\/logo\/image\/"}}]}},"jetpack_sharing_enabled":true,"_links":{"self":[{"href":"https:\/\/perle-in.com\/en\/wp-json\/wp\/v2\/product\/501740","targetHints":{"allow":["GET"]}}],"collection":[{"href":"https:\/\/perle-in.com\/en\/wp-json\/wp\/v2\/product"}],"about":[{"href":"https:\/\/perle-in.com\/en\/wp-json\/wp\/v2\/types\/product"}],"version-history":[{"count":0,"href":"https:\/\/perle-in.com\/en\/wp-json\/wp\/v2\/product\/501740\/revisions"}],"wp:featuredmedia":[{"embeddable":true,"href":"https:\/\/perle-in.com\/en\/wp-json\/wp\/v2\/media\/501733"}],"wp:attachment":[{"href":"https:\/\/perle-in.com\/en\/wp-json\/wp\/v2\/media?parent=501740"}],"wp:term":[{"taxonomy":"product_brand","embeddable":true,"href":"https:\/\/perle-in.com\/en\/wp-json\/wp\/v2\/product_brand?post=501740"},{"taxonomy":"product_cat","embeddable":true,"href":"https:\/\/perle-in.com\/en\/wp-json\/wp\/v2\/product_cat?post=501740"},{"taxonomy":"product_tag","embeddable":true,"href":"https:\/\/perle-in.com\/en\/wp-json\/wp\/v2\/product_tag?post=501740"}],"curies":[{"name":"wp","href":"https:\/\/api.w.org\/{rel}","templated":true}]}}