{"id":501730,"date":"2025-10-13T15:43:09","date_gmt":"2025-10-13T13:43:09","guid":{"rendered":"https:\/\/perle-in.com\/produit\/bouteille-de-sport-600ml-avec-isolation-par-le-vide-et-couche-de-cuivre-valhalla\/"},"modified":"2025-10-19T04:34:21","modified_gmt":"2025-10-19T02:34:21","slug":"bouteille-de-sport-600ml-avec-isolation-par-le-vide-et-couche-de-cuivre-valhalla","status":"publish","type":"product","link":"https:\/\/perle-in.com\/en\/product\/bouteille-de-sport-600ml-avec-isolation-par-le-vide-et-couche-de-cuivre-valhalla\/","title":{"rendered":"Bouteille de sport 600ml avec isolation par le vide et couche de cuivre Valhalla"},"content":{"rendered":"","protected":false},"excerpt":{"rendered":"<p>Design sous vide en acier inoxydable \u00e0 double paroi r\u00e9sistante avec isolation en cuivre, ce qui permet \u00e0 votre boisson de rester froide pendant 48 h et chaude pendant au moins 12 h. Le design emp\u00eache \u00e9galement la formation de condensation \u00e0 l\u2019ext\u00e9rieur de la bouteille. Couvercle \u00e0 visser avec d\u00e9tails en li\u00e8ge et fond antid\u00e9rapant. Capacit\u00e9 de 600ml. Pr\u00e9sent\u00e9e dans une boite cadeau Avenue.<\/p>","protected":false},"featured_media":501720,"template":"","meta":{"_eb_attr":""},"product_brand":[],"product_cat":[257,173],"product_tag":[345,344,315,275,175,349,333,350,176,334,347,1365,192,193,165,346,343,316],"class_list":{"0":"post-501730","1":"product","2":"type-product","3":"status-publish","4":"has-post-thumbnail","6":"product_cat-bouteilles-isothermes","7":"product_cat-drinkware","8":"product_tag-345","9":"product_tag-600ml","10":"product_tag-boisson","11":"product_tag-boissons","12":"product_tag-bouteille","13":"product_tag-bouteille-de-sport","14":"product_tag-bouteille-de-voyage","15":"product_tag-bouteille-sport","16":"product_tag-bouteilles","17":"product_tag-bouteilles-de-voyage","18":"product_tag-cuivre","19":"product_tag-flasque-a-boisson","20":"product_tag-gourde","21":"product_tag-gourdes","22":"product_tag-isotherme","23":"product_tag-sous-vide-dair","24":"product_tag-valhalla","25":"product_tag-verrerie","26":"pa_couleurs-blanc","27":"pa_couleurs-noir","28":"pa_green-points-171","29":"pa_marque-unbranded","30":"pa_matiere-acier-inoxydable-liege","31":"pa_pays-d-origine-chine","33":"first","34":"instock","35":"shipping-taxable","36":"purchasable","37":"product-type-variable"},"yoast_head":"<!-- This site is optimized with the Yoast SEO plugin v27.4 - https:\/\/yoast.com\/product\/yoast-seo-wordpress\/ -->\n<title>Bouteille de sport 600ml avec isolation par le vide et couche de cuivre Valhalla - PERLE IN<\/title>\n<meta name=\"robots\" content=\"noindex, follow, max-snippet:-1, max-image-preview:large, max-video-preview:-1\" \/>\n<meta property=\"og:locale\" content=\"en_US\" \/>\n<meta property=\"og:type\" content=\"article\" \/>\n<meta property=\"og:title\" content=\"Bouteille de sport 600ml avec isolation par le vide et couche de cuivre Valhalla - PERLE IN\" \/>\n<meta property=\"og:description\" content=\"Design sous vide en acier inoxydable \u00e0 double paroi r\u00e9sistante avec isolation en cuivre, ce qui permet \u00e0 votre boisson de rester froide pendant 48 h et chaude pendant au moins 12 h. Le design emp\u00eache \u00e9galement la formation de condensation \u00e0 l\u2019ext\u00e9rieur de la bouteille. Couvercle \u00e0 visser avec d\u00e9tails en li\u00e8ge et fond antid\u00e9rapant. Capacit\u00e9 de 600ml. Pr\u00e9sent\u00e9e dans une boite cadeau Avenue.\" \/>\n<meta property=\"og:url\" content=\"https:\/\/perle-in.com\/en\/product\/bouteille-de-sport-600ml-avec-isolation-par-le-vide-et-couche-de-cuivre-valhalla\/\" \/>\n<meta property=\"og:site_name\" content=\"PERLE IN\" \/>\n<meta property=\"article:modified_time\" content=\"2025-10-19T02:34:21+00:00\" \/>\n<meta property=\"og:image\" content=\"https:\/\/perle-in.com\/wp-content\/uploads\/2025\/10\/10056500-1.jpg\" \/>\n\t<meta property=\"og:image:width\" content=\"1600\" \/>\n\t<meta property=\"og:image:height\" content=\"1600\" \/>\n\t<meta property=\"og:image:type\" content=\"image\/jpeg\" \/>\n<meta name=\"twitter:card\" content=\"summary_large_image\" \/>\n<script type=\"application\/ld+json\" class=\"yoast-schema-graph\">{\"@context\":\"https:\\\/\\\/schema.org\",\"@graph\":[{\"@type\":\"WebPage\",\"@id\":\"https:\\\/\\\/perle-in.com\\\/produit\\\/bouteille-de-sport-600ml-avec-isolation-par-le-vide-et-couche-de-cuivre-valhalla\\\/\",\"url\":\"https:\\\/\\\/perle-in.com\\\/produit\\\/bouteille-de-sport-600ml-avec-isolation-par-le-vide-et-couche-de-cuivre-valhalla\\\/\",\"name\":\"Bouteille de sport 600ml avec isolation par le vide et couche de cuivre Valhalla - PERLE IN\",\"isPartOf\":{\"@id\":\"https:\\\/\\\/perle-in.com\\\/#website\"},\"primaryImageOfPage\":{\"@id\":\"https:\\\/\\\/perle-in.com\\\/produit\\\/bouteille-de-sport-600ml-avec-isolation-par-le-vide-et-couche-de-cuivre-valhalla\\\/#primaryimage\"},\"image\":{\"@id\":\"https:\\\/\\\/perle-in.com\\\/produit\\\/bouteille-de-sport-600ml-avec-isolation-par-le-vide-et-couche-de-cuivre-valhalla\\\/#primaryimage\"},\"thumbnailUrl\":\"https:\\\/\\\/perle-in.com\\\/wp-content\\\/uploads\\\/2025\\\/10\\\/10056500-1.jpg\",\"datePublished\":\"2025-10-13T13:43:09+00:00\",\"dateModified\":\"2025-10-19T02:34:21+00:00\",\"breadcrumb\":{\"@id\":\"https:\\\/\\\/perle-in.com\\\/produit\\\/bouteille-de-sport-600ml-avec-isolation-par-le-vide-et-couche-de-cuivre-valhalla\\\/#breadcrumb\"},\"inLanguage\":\"en-CA\",\"potentialAction\":[{\"@type\":\"ReadAction\",\"target\":[\"https:\\\/\\\/perle-in.com\\\/produit\\\/bouteille-de-sport-600ml-avec-isolation-par-le-vide-et-couche-de-cuivre-valhalla\\\/\"]}]},{\"@type\":\"ImageObject\",\"inLanguage\":\"en-CA\",\"@id\":\"https:\\\/\\\/perle-in.com\\\/produit\\\/bouteille-de-sport-600ml-avec-isolation-par-le-vide-et-couche-de-cuivre-valhalla\\\/#primaryimage\",\"url\":\"https:\\\/\\\/perle-in.com\\\/wp-content\\\/uploads\\\/2025\\\/10\\\/10056500-1.jpg\",\"contentUrl\":\"https:\\\/\\\/perle-in.com\\\/wp-content\\\/uploads\\\/2025\\\/10\\\/10056500-1.jpg\",\"width\":1600,\"height\":1600},{\"@type\":\"BreadcrumbList\",\"@id\":\"https:\\\/\\\/perle-in.com\\\/produit\\\/bouteille-de-sport-600ml-avec-isolation-par-le-vide-et-couche-de-cuivre-valhalla\\\/#breadcrumb\",\"itemListElement\":[{\"@type\":\"ListItem\",\"position\":1,\"name\":\"Accueil\",\"item\":\"https:\\\/\\\/perle-in.com\\\/\"},{\"@type\":\"ListItem\",\"position\":2,\"name\":\"Boutique\",\"item\":\"https:\\\/\\\/perle-in.com\\\/boutique\\\/\"},{\"@type\":\"ListItem\",\"position\":3,\"name\":\"Bouteille de sport 600ml avec isolation par le vide et couche de cuivre Valhalla\"}]},{\"@type\":\"WebSite\",\"@id\":\"https:\\\/\\\/perle-in.com\\\/#website\",\"url\":\"https:\\\/\\\/perle-in.com\\\/\",\"name\":\"PERLE IN\",\"description\":\"\",\"publisher\":{\"@id\":\"https:\\\/\\\/perle-in.com\\\/#organization\"},\"potentialAction\":[{\"@type\":\"SearchAction\",\"target\":{\"@type\":\"EntryPoint\",\"urlTemplate\":\"https:\\\/\\\/perle-in.com\\\/?s={search_term_string}\"},\"query-input\":{\"@type\":\"PropertyValueSpecification\",\"valueRequired\":true,\"valueName\":\"search_term_string\"}}],\"inLanguage\":\"en-CA\"},{\"@type\":\"Organization\",\"@id\":\"https:\\\/\\\/perle-in.com\\\/#organization\",\"name\":\"PERLE IN\",\"url\":\"https:\\\/\\\/perle-in.com\\\/\",\"logo\":{\"@type\":\"ImageObject\",\"inLanguage\":\"en-CA\",\"@id\":\"https:\\\/\\\/perle-in.com\\\/#\\\/schema\\\/logo\\\/image\\\/\",\"url\":\"https:\\\/\\\/perle-in.com\\\/wp-content\\\/uploads\\\/2022\\\/12\\\/LOGO-PERLE-IN-COULEUR@3x.webp\",\"contentUrl\":\"https:\\\/\\\/perle-in.com\\\/wp-content\\\/uploads\\\/2022\\\/12\\\/LOGO-PERLE-IN-COULEUR@3x.webp\",\"width\":1600,\"height\":490,\"caption\":\"PERLE IN\"},\"image\":{\"@id\":\"https:\\\/\\\/perle-in.com\\\/#\\\/schema\\\/logo\\\/image\\\/\"}}]}<\/script>\n<!-- \/ Yoast SEO plugin. -->","yoast_head_json":{"title":"Bouteille de sport 600ml avec isolation par le vide et couche de cuivre Valhalla - PERLE IN","robots":{"index":"noindex","follow":"follow","max-snippet":"max-snippet:-1","max-image-preview":"max-image-preview:large","max-video-preview":"max-video-preview:-1"},"og_locale":"en_US","og_type":"article","og_title":"Bouteille de sport 600ml avec isolation par le vide et couche de cuivre Valhalla - PERLE IN","og_description":"Design sous vide en acier inoxydable \u00e0 double paroi r\u00e9sistante avec isolation en cuivre, ce qui permet \u00e0 votre boisson de rester froide pendant 48 h et chaude pendant au moins 12 h. Le design emp\u00eache \u00e9galement la formation de condensation \u00e0 l\u2019ext\u00e9rieur de la bouteille. Couvercle \u00e0 visser avec d\u00e9tails en li\u00e8ge et fond antid\u00e9rapant. Capacit\u00e9 de 600ml. Pr\u00e9sent\u00e9e dans une boite cadeau Avenue.","og_url":"https:\/\/perle-in.com\/en\/product\/bouteille-de-sport-600ml-avec-isolation-par-le-vide-et-couche-de-cuivre-valhalla\/","og_site_name":"PERLE IN","article_modified_time":"2025-10-19T02:34:21+00:00","og_image":[{"width":1600,"height":1600,"url":"https:\/\/perle-in.com\/wp-content\/uploads\/2025\/10\/10056500-1.jpg","type":"image\/jpeg"}],"twitter_card":"summary_large_image","schema":{"@context":"https:\/\/schema.org","@graph":[{"@type":"WebPage","@id":"https:\/\/perle-in.com\/produit\/bouteille-de-sport-600ml-avec-isolation-par-le-vide-et-couche-de-cuivre-valhalla\/","url":"https:\/\/perle-in.com\/produit\/bouteille-de-sport-600ml-avec-isolation-par-le-vide-et-couche-de-cuivre-valhalla\/","name":"Bouteille de sport 600ml avec isolation par le vide et couche de cuivre Valhalla - PERLE IN","isPartOf":{"@id":"https:\/\/perle-in.com\/#website"},"primaryImageOfPage":{"@id":"https:\/\/perle-in.com\/produit\/bouteille-de-sport-600ml-avec-isolation-par-le-vide-et-couche-de-cuivre-valhalla\/#primaryimage"},"image":{"@id":"https:\/\/perle-in.com\/produit\/bouteille-de-sport-600ml-avec-isolation-par-le-vide-et-couche-de-cuivre-valhalla\/#primaryimage"},"thumbnailUrl":"https:\/\/perle-in.com\/wp-content\/uploads\/2025\/10\/10056500-1.jpg","datePublished":"2025-10-13T13:43:09+00:00","dateModified":"2025-10-19T02:34:21+00:00","breadcrumb":{"@id":"https:\/\/perle-in.com\/produit\/bouteille-de-sport-600ml-avec-isolation-par-le-vide-et-couche-de-cuivre-valhalla\/#breadcrumb"},"inLanguage":"en-CA","potentialAction":[{"@type":"ReadAction","target":["https:\/\/perle-in.com\/produit\/bouteille-de-sport-600ml-avec-isolation-par-le-vide-et-couche-de-cuivre-valhalla\/"]}]},{"@type":"ImageObject","inLanguage":"en-CA","@id":"https:\/\/perle-in.com\/produit\/bouteille-de-sport-600ml-avec-isolation-par-le-vide-et-couche-de-cuivre-valhalla\/#primaryimage","url":"https:\/\/perle-in.com\/wp-content\/uploads\/2025\/10\/10056500-1.jpg","contentUrl":"https:\/\/perle-in.com\/wp-content\/uploads\/2025\/10\/10056500-1.jpg","width":1600,"height":1600},{"@type":"BreadcrumbList","@id":"https:\/\/perle-in.com\/produit\/bouteille-de-sport-600ml-avec-isolation-par-le-vide-et-couche-de-cuivre-valhalla\/#breadcrumb","itemListElement":[{"@type":"ListItem","position":1,"name":"Accueil","item":"https:\/\/perle-in.com\/"},{"@type":"ListItem","position":2,"name":"Boutique","item":"https:\/\/perle-in.com\/boutique\/"},{"@type":"ListItem","position":3,"name":"Bouteille de sport 600ml avec isolation par le vide et couche de cuivre Valhalla"}]},{"@type":"WebSite","@id":"https:\/\/perle-in.com\/#website","url":"https:\/\/perle-in.com\/","name":"PERLE IN","description":"","publisher":{"@id":"https:\/\/perle-in.com\/#organization"},"potentialAction":[{"@type":"SearchAction","target":{"@type":"EntryPoint","urlTemplate":"https:\/\/perle-in.com\/?s={search_term_string}"},"query-input":{"@type":"PropertyValueSpecification","valueRequired":true,"valueName":"search_term_string"}}],"inLanguage":"en-CA"},{"@type":"Organization","@id":"https:\/\/perle-in.com\/#organization","name":"PERLE IN","url":"https:\/\/perle-in.com\/","logo":{"@type":"ImageObject","inLanguage":"en-CA","@id":"https:\/\/perle-in.com\/#\/schema\/logo\/image\/","url":"https:\/\/perle-in.com\/wp-content\/uploads\/2022\/12\/LOGO-PERLE-IN-COULEUR@3x.webp","contentUrl":"https:\/\/perle-in.com\/wp-content\/uploads\/2022\/12\/LOGO-PERLE-IN-COULEUR@3x.webp","width":1600,"height":490,"caption":"PERLE IN"},"image":{"@id":"https:\/\/perle-in.com\/#\/schema\/logo\/image\/"}}]}},"jetpack_sharing_enabled":true,"_links":{"self":[{"href":"https:\/\/perle-in.com\/en\/wp-json\/wp\/v2\/product\/501730","targetHints":{"allow":["GET"]}}],"collection":[{"href":"https:\/\/perle-in.com\/en\/wp-json\/wp\/v2\/product"}],"about":[{"href":"https:\/\/perle-in.com\/en\/wp-json\/wp\/v2\/types\/product"}],"version-history":[{"count":0,"href":"https:\/\/perle-in.com\/en\/wp-json\/wp\/v2\/product\/501730\/revisions"}],"wp:featuredmedia":[{"embeddable":true,"href":"https:\/\/perle-in.com\/en\/wp-json\/wp\/v2\/media\/501720"}],"wp:attachment":[{"href":"https:\/\/perle-in.com\/en\/wp-json\/wp\/v2\/media?parent=501730"}],"wp:term":[{"taxonomy":"product_brand","embeddable":true,"href":"https:\/\/perle-in.com\/en\/wp-json\/wp\/v2\/product_brand?post=501730"},{"taxonomy":"product_cat","embeddable":true,"href":"https:\/\/perle-in.com\/en\/wp-json\/wp\/v2\/product_cat?post=501730"},{"taxonomy":"product_tag","embeddable":true,"href":"https:\/\/perle-in.com\/en\/wp-json\/wp\/v2\/product_tag?post=501730"}],"curies":[{"name":"wp","href":"https:\/\/api.w.org\/{rel}","templated":true}]}}