{"id":501718,"date":"2025-10-13T15:42:47","date_gmt":"2025-10-13T13:42:47","guid":{"rendered":"https:\/\/perle-in.com\/produit\/mug-isolant-alpes-avec-mousqueton-200ml\/"},"modified":"2025-10-19T04:34:19","modified_gmt":"2025-10-19T02:34:19","slug":"mug-isolant-alpes-avec-mousqueton-200ml","status":"publish","type":"product","link":"https:\/\/perle-in.com\/en\/product\/mug-isolant-alpes-avec-mousqueton-200ml\/","title":{"rendered":"Mug isolant Alpes avec mousqueton 200ml"},"content":{"rendered":"","protected":false},"excerpt":{"rendered":"<p>Que ce soit en camping, en randonn\u00e9e ou lors d&#8217;un trekking, le mug isotherme Alps 200 ml est un compagnon id\u00e9al lors de toute activit\u00e9 de plein air. L&#8217;anse du mug est un mousqueton et est donc facile \u00e0 attacher \u00e0 presque tous les sacs \u00e0 dos. Le mat\u00e9riau en acier inoxydable rend le mug Alps facile \u00e0 nettoyer et tr\u00e8s r\u00e9sistant \u00e0 la corrosion. Gr\u00e2ce \u00e0 sa double paroi, les boissons chaudes restent chaudes un peu plus longtemps que dans un mug ordinaire. Il existe plusieurs options pour placer un logo, ce qui donne \u00e0 ce mug un aspect encore plus frappant qu&#8217;il ne l&#8217;est d\u00e9j\u00e0.<\/p>","protected":false},"featured_media":501710,"template":"","meta":{"_eb_attr":""},"product_brand":[],"product_cat":[173,189],"product_tag":[190,1352,1362,339,336,341,1364,191,1363],"class_list":{"0":"post-501718","1":"product","2":"type-product","3":"status-publish","4":"has-post-thumbnail","6":"product_cat-drinkware","7":"product_cat-mugs-isothermes","8":"product_tag-mug","9":"product_tag-mug-a-cafe","10":"product_tag-mug-a-the","11":"product_tag-mug-cambridge","12":"product_tag-mug-de-camping","13":"product_tag-mug-en-inox","14":"product_tag-mug-pour-exterieur","15":"product_tag-mugs","16":"product_tag-mugs-a-the","17":"pa_couleurs-argent","18":"pa_green-points-171","19":"pa_marque-unbranded","20":"pa_matiere-acier-inoxydable","21":"pa_pays-d-origine-chine","23":"first","24":"instock","25":"shipping-taxable","26":"purchasable","27":"product-type-variable"},"yoast_head":"<!-- This site is optimized with the Yoast SEO plugin v27.4 - https:\/\/yoast.com\/product\/yoast-seo-wordpress\/ -->\n<title>Mug isolant Alpes avec mousqueton 200ml - PERLE IN<\/title>\n<meta name=\"robots\" content=\"noindex, follow, max-snippet:-1, max-image-preview:large, max-video-preview:-1\" \/>\n<meta property=\"og:locale\" content=\"en_US\" \/>\n<meta property=\"og:type\" content=\"article\" \/>\n<meta property=\"og:title\" content=\"Mug isolant Alpes avec mousqueton 200ml - PERLE IN\" \/>\n<meta property=\"og:description\" content=\"Que ce soit en camping, en randonn\u00e9e ou lors d&#039;un trekking, le mug isotherme Alps 200 ml est un compagnon id\u00e9al lors de toute activit\u00e9 de plein air. L&#039;anse du mug est un mousqueton et est donc facile \u00e0 attacher \u00e0 presque tous les sacs \u00e0 dos. Le mat\u00e9riau en acier inoxydable rend le mug Alps facile \u00e0 nettoyer et tr\u00e8s r\u00e9sistant \u00e0 la corrosion. Gr\u00e2ce \u00e0 sa double paroi, les boissons chaudes restent chaudes un peu plus longtemps que dans un mug ordinaire. Il existe plusieurs options pour placer un logo, ce qui donne \u00e0 ce mug un aspect encore plus frappant qu&#039;il ne l&#039;est d\u00e9j\u00e0.\" \/>\n<meta property=\"og:url\" content=\"https:\/\/perle-in.com\/en\/product\/mug-isolant-alpes-avec-mousqueton-200ml\/\" \/>\n<meta property=\"og:site_name\" content=\"PERLE IN\" \/>\n<meta property=\"article:modified_time\" content=\"2025-10-19T02:34:19+00:00\" \/>\n<meta property=\"og:image\" content=\"https:\/\/perle-in.com\/wp-content\/uploads\/2025\/10\/19538304-1.jpg\" \/>\n\t<meta property=\"og:image:width\" content=\"1600\" \/>\n\t<meta property=\"og:image:height\" content=\"1600\" \/>\n\t<meta property=\"og:image:type\" content=\"image\/jpeg\" \/>\n<meta name=\"twitter:card\" content=\"summary_large_image\" \/>\n<script type=\"application\/ld+json\" class=\"yoast-schema-graph\">{\"@context\":\"https:\\\/\\\/schema.org\",\"@graph\":[{\"@type\":\"WebPage\",\"@id\":\"https:\\\/\\\/perle-in.com\\\/produit\\\/mug-isolant-alpes-avec-mousqueton-200ml\\\/\",\"url\":\"https:\\\/\\\/perle-in.com\\\/produit\\\/mug-isolant-alpes-avec-mousqueton-200ml\\\/\",\"name\":\"Mug isolant Alpes avec mousqueton 200ml - PERLE IN\",\"isPartOf\":{\"@id\":\"https:\\\/\\\/perle-in.com\\\/#website\"},\"primaryImageOfPage\":{\"@id\":\"https:\\\/\\\/perle-in.com\\\/produit\\\/mug-isolant-alpes-avec-mousqueton-200ml\\\/#primaryimage\"},\"image\":{\"@id\":\"https:\\\/\\\/perle-in.com\\\/produit\\\/mug-isolant-alpes-avec-mousqueton-200ml\\\/#primaryimage\"},\"thumbnailUrl\":\"https:\\\/\\\/perle-in.com\\\/wp-content\\\/uploads\\\/2025\\\/10\\\/19538304-1.jpg\",\"datePublished\":\"2025-10-13T13:42:47+00:00\",\"dateModified\":\"2025-10-19T02:34:19+00:00\",\"breadcrumb\":{\"@id\":\"https:\\\/\\\/perle-in.com\\\/produit\\\/mug-isolant-alpes-avec-mousqueton-200ml\\\/#breadcrumb\"},\"inLanguage\":\"en-CA\",\"potentialAction\":[{\"@type\":\"ReadAction\",\"target\":[\"https:\\\/\\\/perle-in.com\\\/produit\\\/mug-isolant-alpes-avec-mousqueton-200ml\\\/\"]}]},{\"@type\":\"ImageObject\",\"inLanguage\":\"en-CA\",\"@id\":\"https:\\\/\\\/perle-in.com\\\/produit\\\/mug-isolant-alpes-avec-mousqueton-200ml\\\/#primaryimage\",\"url\":\"https:\\\/\\\/perle-in.com\\\/wp-content\\\/uploads\\\/2025\\\/10\\\/19538304-1.jpg\",\"contentUrl\":\"https:\\\/\\\/perle-in.com\\\/wp-content\\\/uploads\\\/2025\\\/10\\\/19538304-1.jpg\",\"width\":1600,\"height\":1600},{\"@type\":\"BreadcrumbList\",\"@id\":\"https:\\\/\\\/perle-in.com\\\/produit\\\/mug-isolant-alpes-avec-mousqueton-200ml\\\/#breadcrumb\",\"itemListElement\":[{\"@type\":\"ListItem\",\"position\":1,\"name\":\"Accueil\",\"item\":\"https:\\\/\\\/perle-in.com\\\/\"},{\"@type\":\"ListItem\",\"position\":2,\"name\":\"Boutique\",\"item\":\"https:\\\/\\\/perle-in.com\\\/boutique\\\/\"},{\"@type\":\"ListItem\",\"position\":3,\"name\":\"Mug isolant Alpes avec mousqueton 200ml\"}]},{\"@type\":\"WebSite\",\"@id\":\"https:\\\/\\\/perle-in.com\\\/#website\",\"url\":\"https:\\\/\\\/perle-in.com\\\/\",\"name\":\"PERLE IN\",\"description\":\"\",\"publisher\":{\"@id\":\"https:\\\/\\\/perle-in.com\\\/#organization\"},\"potentialAction\":[{\"@type\":\"SearchAction\",\"target\":{\"@type\":\"EntryPoint\",\"urlTemplate\":\"https:\\\/\\\/perle-in.com\\\/?s={search_term_string}\"},\"query-input\":{\"@type\":\"PropertyValueSpecification\",\"valueRequired\":true,\"valueName\":\"search_term_string\"}}],\"inLanguage\":\"en-CA\"},{\"@type\":\"Organization\",\"@id\":\"https:\\\/\\\/perle-in.com\\\/#organization\",\"name\":\"PERLE IN\",\"url\":\"https:\\\/\\\/perle-in.com\\\/\",\"logo\":{\"@type\":\"ImageObject\",\"inLanguage\":\"en-CA\",\"@id\":\"https:\\\/\\\/perle-in.com\\\/#\\\/schema\\\/logo\\\/image\\\/\",\"url\":\"https:\\\/\\\/perle-in.com\\\/wp-content\\\/uploads\\\/2022\\\/12\\\/LOGO-PERLE-IN-COULEUR@3x.webp\",\"contentUrl\":\"https:\\\/\\\/perle-in.com\\\/wp-content\\\/uploads\\\/2022\\\/12\\\/LOGO-PERLE-IN-COULEUR@3x.webp\",\"width\":1600,\"height\":490,\"caption\":\"PERLE IN\"},\"image\":{\"@id\":\"https:\\\/\\\/perle-in.com\\\/#\\\/schema\\\/logo\\\/image\\\/\"}}]}<\/script>\n<!-- \/ Yoast SEO plugin. -->","yoast_head_json":{"title":"Mug isolant Alpes avec mousqueton 200ml - PERLE IN","robots":{"index":"noindex","follow":"follow","max-snippet":"max-snippet:-1","max-image-preview":"max-image-preview:large","max-video-preview":"max-video-preview:-1"},"og_locale":"en_US","og_type":"article","og_title":"Mug isolant Alpes avec mousqueton 200ml - PERLE IN","og_description":"Que ce soit en camping, en randonn\u00e9e ou lors d'un trekking, le mug isotherme Alps 200 ml est un compagnon id\u00e9al lors de toute activit\u00e9 de plein air. L'anse du mug est un mousqueton et est donc facile \u00e0 attacher \u00e0 presque tous les sacs \u00e0 dos. Le mat\u00e9riau en acier inoxydable rend le mug Alps facile \u00e0 nettoyer et tr\u00e8s r\u00e9sistant \u00e0 la corrosion. Gr\u00e2ce \u00e0 sa double paroi, les boissons chaudes restent chaudes un peu plus longtemps que dans un mug ordinaire. Il existe plusieurs options pour placer un logo, ce qui donne \u00e0 ce mug un aspect encore plus frappant qu'il ne l'est d\u00e9j\u00e0.","og_url":"https:\/\/perle-in.com\/en\/product\/mug-isolant-alpes-avec-mousqueton-200ml\/","og_site_name":"PERLE IN","article_modified_time":"2025-10-19T02:34:19+00:00","og_image":[{"width":1600,"height":1600,"url":"https:\/\/perle-in.com\/wp-content\/uploads\/2025\/10\/19538304-1.jpg","type":"image\/jpeg"}],"twitter_card":"summary_large_image","schema":{"@context":"https:\/\/schema.org","@graph":[{"@type":"WebPage","@id":"https:\/\/perle-in.com\/produit\/mug-isolant-alpes-avec-mousqueton-200ml\/","url":"https:\/\/perle-in.com\/produit\/mug-isolant-alpes-avec-mousqueton-200ml\/","name":"Mug isolant Alpes avec mousqueton 200ml - PERLE IN","isPartOf":{"@id":"https:\/\/perle-in.com\/#website"},"primaryImageOfPage":{"@id":"https:\/\/perle-in.com\/produit\/mug-isolant-alpes-avec-mousqueton-200ml\/#primaryimage"},"image":{"@id":"https:\/\/perle-in.com\/produit\/mug-isolant-alpes-avec-mousqueton-200ml\/#primaryimage"},"thumbnailUrl":"https:\/\/perle-in.com\/wp-content\/uploads\/2025\/10\/19538304-1.jpg","datePublished":"2025-10-13T13:42:47+00:00","dateModified":"2025-10-19T02:34:19+00:00","breadcrumb":{"@id":"https:\/\/perle-in.com\/produit\/mug-isolant-alpes-avec-mousqueton-200ml\/#breadcrumb"},"inLanguage":"en-CA","potentialAction":[{"@type":"ReadAction","target":["https:\/\/perle-in.com\/produit\/mug-isolant-alpes-avec-mousqueton-200ml\/"]}]},{"@type":"ImageObject","inLanguage":"en-CA","@id":"https:\/\/perle-in.com\/produit\/mug-isolant-alpes-avec-mousqueton-200ml\/#primaryimage","url":"https:\/\/perle-in.com\/wp-content\/uploads\/2025\/10\/19538304-1.jpg","contentUrl":"https:\/\/perle-in.com\/wp-content\/uploads\/2025\/10\/19538304-1.jpg","width":1600,"height":1600},{"@type":"BreadcrumbList","@id":"https:\/\/perle-in.com\/produit\/mug-isolant-alpes-avec-mousqueton-200ml\/#breadcrumb","itemListElement":[{"@type":"ListItem","position":1,"name":"Accueil","item":"https:\/\/perle-in.com\/"},{"@type":"ListItem","position":2,"name":"Boutique","item":"https:\/\/perle-in.com\/boutique\/"},{"@type":"ListItem","position":3,"name":"Mug isolant Alpes avec mousqueton 200ml"}]},{"@type":"WebSite","@id":"https:\/\/perle-in.com\/#website","url":"https:\/\/perle-in.com\/","name":"PERLE IN","description":"","publisher":{"@id":"https:\/\/perle-in.com\/#organization"},"potentialAction":[{"@type":"SearchAction","target":{"@type":"EntryPoint","urlTemplate":"https:\/\/perle-in.com\/?s={search_term_string}"},"query-input":{"@type":"PropertyValueSpecification","valueRequired":true,"valueName":"search_term_string"}}],"inLanguage":"en-CA"},{"@type":"Organization","@id":"https:\/\/perle-in.com\/#organization","name":"PERLE IN","url":"https:\/\/perle-in.com\/","logo":{"@type":"ImageObject","inLanguage":"en-CA","@id":"https:\/\/perle-in.com\/#\/schema\/logo\/image\/","url":"https:\/\/perle-in.com\/wp-content\/uploads\/2022\/12\/LOGO-PERLE-IN-COULEUR@3x.webp","contentUrl":"https:\/\/perle-in.com\/wp-content\/uploads\/2022\/12\/LOGO-PERLE-IN-COULEUR@3x.webp","width":1600,"height":490,"caption":"PERLE IN"},"image":{"@id":"https:\/\/perle-in.com\/#\/schema\/logo\/image\/"}}]}},"jetpack_sharing_enabled":true,"_links":{"self":[{"href":"https:\/\/perle-in.com\/en\/wp-json\/wp\/v2\/product\/501718","targetHints":{"allow":["GET"]}}],"collection":[{"href":"https:\/\/perle-in.com\/en\/wp-json\/wp\/v2\/product"}],"about":[{"href":"https:\/\/perle-in.com\/en\/wp-json\/wp\/v2\/types\/product"}],"version-history":[{"count":0,"href":"https:\/\/perle-in.com\/en\/wp-json\/wp\/v2\/product\/501718\/revisions"}],"wp:featuredmedia":[{"embeddable":true,"href":"https:\/\/perle-in.com\/en\/wp-json\/wp\/v2\/media\/501710"}],"wp:attachment":[{"href":"https:\/\/perle-in.com\/en\/wp-json\/wp\/v2\/media?parent=501718"}],"wp:term":[{"taxonomy":"product_brand","embeddable":true,"href":"https:\/\/perle-in.com\/en\/wp-json\/wp\/v2\/product_brand?post=501718"},{"taxonomy":"product_cat","embeddable":true,"href":"https:\/\/perle-in.com\/en\/wp-json\/wp\/v2\/product_cat?post=501718"},{"taxonomy":"product_tag","embeddable":true,"href":"https:\/\/perle-in.com\/en\/wp-json\/wp\/v2\/product_tag?post=501718"}],"curies":[{"name":"wp","href":"https:\/\/api.w.org\/{rel}","templated":true}]}}