{"id":501692,"date":"2025-10-13T15:42:03","date_gmt":"2025-10-13T13:42:03","guid":{"rendered":"https:\/\/perle-in.com\/produit\/bouteille-de-sport-de-510ml-avec-isolation-par-le-vide-et-couche-de-cuivre-odin\/"},"modified":"2025-10-19T04:34:14","modified_gmt":"2025-10-19T02:34:14","slug":"bouteille-de-sport-de-510ml-avec-isolation-par-le-vide-et-couche-de-cuivre-odin","status":"publish","type":"product","link":"https:\/\/perle-in.com\/en\/product\/bouteille-de-sport-de-510ml-avec-isolation-par-le-vide-et-couche-de-cuivre-odin\/","title":{"rendered":"Bouteille de sport de 510ml avec isolation par le vide et couche de cuivre Odin"},"content":{"rendered":"","protected":false},"excerpt":{"rendered":"<p>Construction durable sous vide en acier inoxydable \u00e0 double paroi avec isolation en cuivre, qui permet \u00e0 votre boisson de rester froide pendant 48 heures et au moins 12 heures pour les boissons chaudes. La construction emp\u00eache \u00e9galement la condensation \u00e0 l\u2019ext\u00e9rieur de la bouteille. Rev\u00eatement en poudre tendance et durable. Couvercle \u00e9tanche \u00e0 visser en acier inoxydable. Capacit\u00e9 510ml. Pr\u00e9sentation dans un coffret cadeau Avenue.<\/p>","protected":false},"featured_media":501677,"template":"","meta":{"_eb_attr":""},"product_brand":[],"product_cat":[257,173],"product_tag":[175,333,1360,335,1359,176,334,1361,1358,192,193,326],"class_list":{"0":"post-501692","1":"product","2":"type-product","3":"status-publish","4":"has-post-thumbnail","6":"product_cat-bouteilles-isothermes","7":"product_cat-drinkware","8":"product_tag-bouteille","9":"product_tag-bouteille-de-voyage","10":"product_tag-bouteille-en-metal","11":"product_tag-bouteille-isolante","12":"product_tag-bouteille-metal","13":"product_tag-bouteilles","14":"product_tag-bouteilles-de-voyage","15":"product_tag-bouteilles-en-metal","16":"product_tag-bouteilles-metal","17":"product_tag-gourde","18":"product_tag-gourdes","19":"product_tag-thor","20":"pa_couleurs-argent","21":"pa_couleurs-blanc","22":"pa_couleurs-bleu","23":"pa_couleurs-gris","24":"pa_couleurs-menthe","25":"pa_couleurs-noir","26":"pa_couleurs-rouge","27":"pa_green-points-171","28":"pa_marque-unbranded","29":"pa_matiere-acier-inoxydable","30":"pa_pays-d-origine-chine","32":"first","33":"instock","34":"shipping-taxable","35":"purchasable","36":"product-type-variable"},"yoast_head":"<!-- This site is optimized with the Yoast SEO plugin v27.4 - https:\/\/yoast.com\/product\/yoast-seo-wordpress\/ -->\n<title>Bouteille de sport de 510ml avec isolation par le vide et couche de cuivre Odin - PERLE IN<\/title>\n<meta name=\"robots\" content=\"noindex, follow, max-snippet:-1, max-image-preview:large, max-video-preview:-1\" \/>\n<meta property=\"og:locale\" content=\"en_US\" \/>\n<meta property=\"og:type\" content=\"article\" \/>\n<meta property=\"og:title\" content=\"Bouteille de sport de 510ml avec isolation par le vide et couche de cuivre Odin - PERLE IN\" \/>\n<meta property=\"og:description\" content=\"Construction durable sous vide en acier inoxydable \u00e0 double paroi avec isolation en cuivre, qui permet \u00e0 votre boisson de rester froide pendant 48 heures et au moins 12 heures pour les boissons chaudes. La construction emp\u00eache \u00e9galement la condensation \u00e0 l\u2019ext\u00e9rieur de la bouteille. Rev\u00eatement en poudre tendance et durable. Couvercle \u00e9tanche \u00e0 visser en acier inoxydable. Capacit\u00e9 510ml. Pr\u00e9sentation dans un coffret cadeau Avenue.\" \/>\n<meta property=\"og:url\" content=\"https:\/\/perle-in.com\/en\/product\/bouteille-de-sport-de-510ml-avec-isolation-par-le-vide-et-couche-de-cuivre-odin\/\" \/>\n<meta property=\"og:site_name\" content=\"PERLE IN\" \/>\n<meta property=\"article:modified_time\" content=\"2025-10-19T02:34:14+00:00\" \/>\n<meta property=\"og:image\" content=\"https:\/\/perle-in.com\/wp-content\/uploads\/2025\/10\/10054900-1.jpg\" \/>\n\t<meta property=\"og:image:width\" content=\"1600\" \/>\n\t<meta property=\"og:image:height\" content=\"1600\" \/>\n\t<meta property=\"og:image:type\" content=\"image\/jpeg\" \/>\n<meta name=\"twitter:card\" content=\"summary_large_image\" \/>\n<script type=\"application\/ld+json\" class=\"yoast-schema-graph\">{\"@context\":\"https:\\\/\\\/schema.org\",\"@graph\":[{\"@type\":\"WebPage\",\"@id\":\"https:\\\/\\\/perle-in.com\\\/produit\\\/bouteille-de-sport-de-510ml-avec-isolation-par-le-vide-et-couche-de-cuivre-odin\\\/\",\"url\":\"https:\\\/\\\/perle-in.com\\\/produit\\\/bouteille-de-sport-de-510ml-avec-isolation-par-le-vide-et-couche-de-cuivre-odin\\\/\",\"name\":\"Bouteille de sport de 510ml avec isolation par le vide et couche de cuivre Odin - PERLE IN\",\"isPartOf\":{\"@id\":\"https:\\\/\\\/perle-in.com\\\/#website\"},\"primaryImageOfPage\":{\"@id\":\"https:\\\/\\\/perle-in.com\\\/produit\\\/bouteille-de-sport-de-510ml-avec-isolation-par-le-vide-et-couche-de-cuivre-odin\\\/#primaryimage\"},\"image\":{\"@id\":\"https:\\\/\\\/perle-in.com\\\/produit\\\/bouteille-de-sport-de-510ml-avec-isolation-par-le-vide-et-couche-de-cuivre-odin\\\/#primaryimage\"},\"thumbnailUrl\":\"https:\\\/\\\/perle-in.com\\\/wp-content\\\/uploads\\\/2025\\\/10\\\/10054900-1.jpg\",\"datePublished\":\"2025-10-13T13:42:03+00:00\",\"dateModified\":\"2025-10-19T02:34:14+00:00\",\"breadcrumb\":{\"@id\":\"https:\\\/\\\/perle-in.com\\\/produit\\\/bouteille-de-sport-de-510ml-avec-isolation-par-le-vide-et-couche-de-cuivre-odin\\\/#breadcrumb\"},\"inLanguage\":\"en-CA\",\"potentialAction\":[{\"@type\":\"ReadAction\",\"target\":[\"https:\\\/\\\/perle-in.com\\\/produit\\\/bouteille-de-sport-de-510ml-avec-isolation-par-le-vide-et-couche-de-cuivre-odin\\\/\"]}]},{\"@type\":\"ImageObject\",\"inLanguage\":\"en-CA\",\"@id\":\"https:\\\/\\\/perle-in.com\\\/produit\\\/bouteille-de-sport-de-510ml-avec-isolation-par-le-vide-et-couche-de-cuivre-odin\\\/#primaryimage\",\"url\":\"https:\\\/\\\/perle-in.com\\\/wp-content\\\/uploads\\\/2025\\\/10\\\/10054900-1.jpg\",\"contentUrl\":\"https:\\\/\\\/perle-in.com\\\/wp-content\\\/uploads\\\/2025\\\/10\\\/10054900-1.jpg\",\"width\":1600,\"height\":1600},{\"@type\":\"BreadcrumbList\",\"@id\":\"https:\\\/\\\/perle-in.com\\\/produit\\\/bouteille-de-sport-de-510ml-avec-isolation-par-le-vide-et-couche-de-cuivre-odin\\\/#breadcrumb\",\"itemListElement\":[{\"@type\":\"ListItem\",\"position\":1,\"name\":\"Accueil\",\"item\":\"https:\\\/\\\/perle-in.com\\\/\"},{\"@type\":\"ListItem\",\"position\":2,\"name\":\"Boutique\",\"item\":\"https:\\\/\\\/perle-in.com\\\/boutique\\\/\"},{\"@type\":\"ListItem\",\"position\":3,\"name\":\"Bouteille de sport de 510ml avec isolation par le vide et couche de cuivre Odin\"}]},{\"@type\":\"WebSite\",\"@id\":\"https:\\\/\\\/perle-in.com\\\/#website\",\"url\":\"https:\\\/\\\/perle-in.com\\\/\",\"name\":\"PERLE IN\",\"description\":\"\",\"publisher\":{\"@id\":\"https:\\\/\\\/perle-in.com\\\/#organization\"},\"potentialAction\":[{\"@type\":\"SearchAction\",\"target\":{\"@type\":\"EntryPoint\",\"urlTemplate\":\"https:\\\/\\\/perle-in.com\\\/?s={search_term_string}\"},\"query-input\":{\"@type\":\"PropertyValueSpecification\",\"valueRequired\":true,\"valueName\":\"search_term_string\"}}],\"inLanguage\":\"en-CA\"},{\"@type\":\"Organization\",\"@id\":\"https:\\\/\\\/perle-in.com\\\/#organization\",\"name\":\"PERLE IN\",\"url\":\"https:\\\/\\\/perle-in.com\\\/\",\"logo\":{\"@type\":\"ImageObject\",\"inLanguage\":\"en-CA\",\"@id\":\"https:\\\/\\\/perle-in.com\\\/#\\\/schema\\\/logo\\\/image\\\/\",\"url\":\"https:\\\/\\\/perle-in.com\\\/wp-content\\\/uploads\\\/2022\\\/12\\\/LOGO-PERLE-IN-COULEUR@3x.webp\",\"contentUrl\":\"https:\\\/\\\/perle-in.com\\\/wp-content\\\/uploads\\\/2022\\\/12\\\/LOGO-PERLE-IN-COULEUR@3x.webp\",\"width\":1600,\"height\":490,\"caption\":\"PERLE IN\"},\"image\":{\"@id\":\"https:\\\/\\\/perle-in.com\\\/#\\\/schema\\\/logo\\\/image\\\/\"}}]}<\/script>\n<!-- \/ Yoast SEO plugin. -->","yoast_head_json":{"title":"Bouteille de sport de 510ml avec isolation par le vide et couche de cuivre Odin - PERLE IN","robots":{"index":"noindex","follow":"follow","max-snippet":"max-snippet:-1","max-image-preview":"max-image-preview:large","max-video-preview":"max-video-preview:-1"},"og_locale":"en_US","og_type":"article","og_title":"Bouteille de sport de 510ml avec isolation par le vide et couche de cuivre Odin - PERLE IN","og_description":"Construction durable sous vide en acier inoxydable \u00e0 double paroi avec isolation en cuivre, qui permet \u00e0 votre boisson de rester froide pendant 48 heures et au moins 12 heures pour les boissons chaudes. La construction emp\u00eache \u00e9galement la condensation \u00e0 l\u2019ext\u00e9rieur de la bouteille. Rev\u00eatement en poudre tendance et durable. Couvercle \u00e9tanche \u00e0 visser en acier inoxydable. Capacit\u00e9 510ml. Pr\u00e9sentation dans un coffret cadeau Avenue.","og_url":"https:\/\/perle-in.com\/en\/product\/bouteille-de-sport-de-510ml-avec-isolation-par-le-vide-et-couche-de-cuivre-odin\/","og_site_name":"PERLE IN","article_modified_time":"2025-10-19T02:34:14+00:00","og_image":[{"width":1600,"height":1600,"url":"https:\/\/perle-in.com\/wp-content\/uploads\/2025\/10\/10054900-1.jpg","type":"image\/jpeg"}],"twitter_card":"summary_large_image","schema":{"@context":"https:\/\/schema.org","@graph":[{"@type":"WebPage","@id":"https:\/\/perle-in.com\/produit\/bouteille-de-sport-de-510ml-avec-isolation-par-le-vide-et-couche-de-cuivre-odin\/","url":"https:\/\/perle-in.com\/produit\/bouteille-de-sport-de-510ml-avec-isolation-par-le-vide-et-couche-de-cuivre-odin\/","name":"Bouteille de sport de 510ml avec isolation par le vide et couche de cuivre Odin - PERLE IN","isPartOf":{"@id":"https:\/\/perle-in.com\/#website"},"primaryImageOfPage":{"@id":"https:\/\/perle-in.com\/produit\/bouteille-de-sport-de-510ml-avec-isolation-par-le-vide-et-couche-de-cuivre-odin\/#primaryimage"},"image":{"@id":"https:\/\/perle-in.com\/produit\/bouteille-de-sport-de-510ml-avec-isolation-par-le-vide-et-couche-de-cuivre-odin\/#primaryimage"},"thumbnailUrl":"https:\/\/perle-in.com\/wp-content\/uploads\/2025\/10\/10054900-1.jpg","datePublished":"2025-10-13T13:42:03+00:00","dateModified":"2025-10-19T02:34:14+00:00","breadcrumb":{"@id":"https:\/\/perle-in.com\/produit\/bouteille-de-sport-de-510ml-avec-isolation-par-le-vide-et-couche-de-cuivre-odin\/#breadcrumb"},"inLanguage":"en-CA","potentialAction":[{"@type":"ReadAction","target":["https:\/\/perle-in.com\/produit\/bouteille-de-sport-de-510ml-avec-isolation-par-le-vide-et-couche-de-cuivre-odin\/"]}]},{"@type":"ImageObject","inLanguage":"en-CA","@id":"https:\/\/perle-in.com\/produit\/bouteille-de-sport-de-510ml-avec-isolation-par-le-vide-et-couche-de-cuivre-odin\/#primaryimage","url":"https:\/\/perle-in.com\/wp-content\/uploads\/2025\/10\/10054900-1.jpg","contentUrl":"https:\/\/perle-in.com\/wp-content\/uploads\/2025\/10\/10054900-1.jpg","width":1600,"height":1600},{"@type":"BreadcrumbList","@id":"https:\/\/perle-in.com\/produit\/bouteille-de-sport-de-510ml-avec-isolation-par-le-vide-et-couche-de-cuivre-odin\/#breadcrumb","itemListElement":[{"@type":"ListItem","position":1,"name":"Accueil","item":"https:\/\/perle-in.com\/"},{"@type":"ListItem","position":2,"name":"Boutique","item":"https:\/\/perle-in.com\/boutique\/"},{"@type":"ListItem","position":3,"name":"Bouteille de sport de 510ml avec isolation par le vide et couche de cuivre Odin"}]},{"@type":"WebSite","@id":"https:\/\/perle-in.com\/#website","url":"https:\/\/perle-in.com\/","name":"PERLE IN","description":"","publisher":{"@id":"https:\/\/perle-in.com\/#organization"},"potentialAction":[{"@type":"SearchAction","target":{"@type":"EntryPoint","urlTemplate":"https:\/\/perle-in.com\/?s={search_term_string}"},"query-input":{"@type":"PropertyValueSpecification","valueRequired":true,"valueName":"search_term_string"}}],"inLanguage":"en-CA"},{"@type":"Organization","@id":"https:\/\/perle-in.com\/#organization","name":"PERLE IN","url":"https:\/\/perle-in.com\/","logo":{"@type":"ImageObject","inLanguage":"en-CA","@id":"https:\/\/perle-in.com\/#\/schema\/logo\/image\/","url":"https:\/\/perle-in.com\/wp-content\/uploads\/2022\/12\/LOGO-PERLE-IN-COULEUR@3x.webp","contentUrl":"https:\/\/perle-in.com\/wp-content\/uploads\/2022\/12\/LOGO-PERLE-IN-COULEUR@3x.webp","width":1600,"height":490,"caption":"PERLE IN"},"image":{"@id":"https:\/\/perle-in.com\/#\/schema\/logo\/image\/"}}]}},"jetpack_sharing_enabled":true,"_links":{"self":[{"href":"https:\/\/perle-in.com\/en\/wp-json\/wp\/v2\/product\/501692","targetHints":{"allow":["GET"]}}],"collection":[{"href":"https:\/\/perle-in.com\/en\/wp-json\/wp\/v2\/product"}],"about":[{"href":"https:\/\/perle-in.com\/en\/wp-json\/wp\/v2\/types\/product"}],"version-history":[{"count":0,"href":"https:\/\/perle-in.com\/en\/wp-json\/wp\/v2\/product\/501692\/revisions"}],"wp:featuredmedia":[{"embeddable":true,"href":"https:\/\/perle-in.com\/en\/wp-json\/wp\/v2\/media\/501677"}],"wp:attachment":[{"href":"https:\/\/perle-in.com\/en\/wp-json\/wp\/v2\/media?parent=501692"}],"wp:term":[{"taxonomy":"product_brand","embeddable":true,"href":"https:\/\/perle-in.com\/en\/wp-json\/wp\/v2\/product_brand?post=501692"},{"taxonomy":"product_cat","embeddable":true,"href":"https:\/\/perle-in.com\/en\/wp-json\/wp\/v2\/product_cat?post=501692"},{"taxonomy":"product_tag","embeddable":true,"href":"https:\/\/perle-in.com\/en\/wp-json\/wp\/v2\/product_tag?post=501692"}],"curies":[{"name":"wp","href":"https:\/\/api.w.org\/{rel}","templated":true}]}}