{"id":501674,"date":"2025-10-13T15:41:29","date_gmt":"2025-10-13T13:41:29","guid":{"rendered":"https:\/\/perle-in.com\/produit\/gobelet-380-ml-lagom-avec-isolation-vide-et-couche-de-cuivre\/"},"modified":"2025-10-19T04:34:12","modified_gmt":"2025-10-19T02:34:12","slug":"gobelet-380-ml-lagom-avec-isolation-vide-et-couche-de-cuivre","status":"publish","type":"product","link":"https:\/\/perle-in.com\/en\/product\/gobelet-380-ml-lagom-avec-isolation-vide-et-couche-de-cuivre\/","title":{"rendered":"Gobelet 380 ml Lagom avec isolation vide et couche de cuivre"},"content":{"rendered":"","protected":false},"excerpt":{"rendered":"<p>Ce gobelet compact durable est id\u00e9al pour les voyages. Le couvercle est \u00e9tanche, avec ouverture facile par pression. Le gobelet est en acier inoxydable \u00e0 double paroi avec isolation en cuivre, ce qui signifie qu\u2019il maintiendra les boissons chaudes pendant 8 heures et froides pendant 24 heures. La construction emp\u00eache \u00e9galement la condensation \u00e0 l\u2019ext\u00e9rieur du gobelet. Capacit\u00e9 380 ml. Pr\u00e9sentation dans un coffret cadeau Avenue.<\/p>","protected":false},"featured_media":501664,"template":"","meta":{"_eb_attr":""},"product_brand":[],"product_cat":[173,189],"product_tag":[308,309,321,323,319,320,322,324],"class_list":{"0":"post-501674","1":"product","2":"type-product","3":"status-publish","4":"has-post-thumbnail","6":"product_cat-drinkware","7":"product_cat-mugs-isothermes","8":"product_tag-gobelet","9":"product_tag-gobelet-de-voyage","10":"product_tag-gobelet-isolant","11":"product_tag-gobelet-thermos","12":"product_tag-gobelets","13":"product_tag-gobelets-de-voyage","14":"product_tag-gobelets-isolants","15":"product_tag-gobelets-thermos","16":"pa_couleurs-blanc","17":"pa_couleurs-noir-brillant","18":"pa_green-points-171","19":"pa_marque-unbranded","20":"pa_matiere-acier-inoxydable","21":"pa_pays-d-origine-chine","23":"first","24":"instock","25":"shipping-taxable","26":"purchasable","27":"product-type-variable"},"yoast_head":"<!-- This site is optimized with the Yoast SEO plugin v27.4 - https:\/\/yoast.com\/product\/yoast-seo-wordpress\/ -->\n<title>Gobelet 380 ml Lagom avec isolation vide et couche de cuivre - PERLE IN<\/title>\n<meta name=\"robots\" content=\"noindex, follow, max-snippet:-1, max-image-preview:large, max-video-preview:-1\" \/>\n<meta property=\"og:locale\" content=\"en_US\" \/>\n<meta property=\"og:type\" content=\"article\" \/>\n<meta property=\"og:title\" content=\"Gobelet 380 ml Lagom avec isolation vide et couche de cuivre - PERLE IN\" \/>\n<meta property=\"og:description\" content=\"Ce gobelet compact durable est id\u00e9al pour les voyages. Le couvercle est \u00e9tanche, avec ouverture facile par pression. Le gobelet est en acier inoxydable \u00e0 double paroi avec isolation en cuivre, ce qui signifie qu\u2019il maintiendra les boissons chaudes pendant 8 heures et froides pendant 24 heures. La construction emp\u00eache \u00e9galement la condensation \u00e0 l\u2019ext\u00e9rieur du gobelet. Capacit\u00e9 380 ml. Pr\u00e9sentation dans un coffret cadeau Avenue.\" \/>\n<meta property=\"og:url\" content=\"https:\/\/perle-in.com\/en\/product\/gobelet-380-ml-lagom-avec-isolation-vide-et-couche-de-cuivre\/\" \/>\n<meta property=\"og:site_name\" content=\"PERLE IN\" \/>\n<meta property=\"article:modified_time\" content=\"2025-10-19T02:34:12+00:00\" \/>\n<meta property=\"og:image\" content=\"https:\/\/perle-in.com\/wp-content\/uploads\/2025\/10\/10054800-1.jpg\" \/>\n\t<meta property=\"og:image:width\" content=\"1600\" \/>\n\t<meta property=\"og:image:height\" content=\"1600\" \/>\n\t<meta property=\"og:image:type\" content=\"image\/jpeg\" \/>\n<meta name=\"twitter:card\" content=\"summary_large_image\" \/>\n<script type=\"application\/ld+json\" class=\"yoast-schema-graph\">{\"@context\":\"https:\\\/\\\/schema.org\",\"@graph\":[{\"@type\":\"WebPage\",\"@id\":\"https:\\\/\\\/perle-in.com\\\/produit\\\/gobelet-380-ml-lagom-avec-isolation-vide-et-couche-de-cuivre\\\/\",\"url\":\"https:\\\/\\\/perle-in.com\\\/produit\\\/gobelet-380-ml-lagom-avec-isolation-vide-et-couche-de-cuivre\\\/\",\"name\":\"Gobelet 380 ml Lagom avec isolation vide et couche de cuivre - PERLE IN\",\"isPartOf\":{\"@id\":\"https:\\\/\\\/perle-in.com\\\/#website\"},\"primaryImageOfPage\":{\"@id\":\"https:\\\/\\\/perle-in.com\\\/produit\\\/gobelet-380-ml-lagom-avec-isolation-vide-et-couche-de-cuivre\\\/#primaryimage\"},\"image\":{\"@id\":\"https:\\\/\\\/perle-in.com\\\/produit\\\/gobelet-380-ml-lagom-avec-isolation-vide-et-couche-de-cuivre\\\/#primaryimage\"},\"thumbnailUrl\":\"https:\\\/\\\/perle-in.com\\\/wp-content\\\/uploads\\\/2025\\\/10\\\/10054800-1.jpg\",\"datePublished\":\"2025-10-13T13:41:29+00:00\",\"dateModified\":\"2025-10-19T02:34:12+00:00\",\"breadcrumb\":{\"@id\":\"https:\\\/\\\/perle-in.com\\\/produit\\\/gobelet-380-ml-lagom-avec-isolation-vide-et-couche-de-cuivre\\\/#breadcrumb\"},\"inLanguage\":\"en-CA\",\"potentialAction\":[{\"@type\":\"ReadAction\",\"target\":[\"https:\\\/\\\/perle-in.com\\\/produit\\\/gobelet-380-ml-lagom-avec-isolation-vide-et-couche-de-cuivre\\\/\"]}]},{\"@type\":\"ImageObject\",\"inLanguage\":\"en-CA\",\"@id\":\"https:\\\/\\\/perle-in.com\\\/produit\\\/gobelet-380-ml-lagom-avec-isolation-vide-et-couche-de-cuivre\\\/#primaryimage\",\"url\":\"https:\\\/\\\/perle-in.com\\\/wp-content\\\/uploads\\\/2025\\\/10\\\/10054800-1.jpg\",\"contentUrl\":\"https:\\\/\\\/perle-in.com\\\/wp-content\\\/uploads\\\/2025\\\/10\\\/10054800-1.jpg\",\"width\":1600,\"height\":1600},{\"@type\":\"BreadcrumbList\",\"@id\":\"https:\\\/\\\/perle-in.com\\\/produit\\\/gobelet-380-ml-lagom-avec-isolation-vide-et-couche-de-cuivre\\\/#breadcrumb\",\"itemListElement\":[{\"@type\":\"ListItem\",\"position\":1,\"name\":\"Accueil\",\"item\":\"https:\\\/\\\/perle-in.com\\\/\"},{\"@type\":\"ListItem\",\"position\":2,\"name\":\"Boutique\",\"item\":\"https:\\\/\\\/perle-in.com\\\/boutique\\\/\"},{\"@type\":\"ListItem\",\"position\":3,\"name\":\"Gobelet 380 ml Lagom avec isolation vide et couche de cuivre\"}]},{\"@type\":\"WebSite\",\"@id\":\"https:\\\/\\\/perle-in.com\\\/#website\",\"url\":\"https:\\\/\\\/perle-in.com\\\/\",\"name\":\"PERLE IN\",\"description\":\"\",\"publisher\":{\"@id\":\"https:\\\/\\\/perle-in.com\\\/#organization\"},\"potentialAction\":[{\"@type\":\"SearchAction\",\"target\":{\"@type\":\"EntryPoint\",\"urlTemplate\":\"https:\\\/\\\/perle-in.com\\\/?s={search_term_string}\"},\"query-input\":{\"@type\":\"PropertyValueSpecification\",\"valueRequired\":true,\"valueName\":\"search_term_string\"}}],\"inLanguage\":\"en-CA\"},{\"@type\":\"Organization\",\"@id\":\"https:\\\/\\\/perle-in.com\\\/#organization\",\"name\":\"PERLE IN\",\"url\":\"https:\\\/\\\/perle-in.com\\\/\",\"logo\":{\"@type\":\"ImageObject\",\"inLanguage\":\"en-CA\",\"@id\":\"https:\\\/\\\/perle-in.com\\\/#\\\/schema\\\/logo\\\/image\\\/\",\"url\":\"https:\\\/\\\/perle-in.com\\\/wp-content\\\/uploads\\\/2022\\\/12\\\/LOGO-PERLE-IN-COULEUR@3x.webp\",\"contentUrl\":\"https:\\\/\\\/perle-in.com\\\/wp-content\\\/uploads\\\/2022\\\/12\\\/LOGO-PERLE-IN-COULEUR@3x.webp\",\"width\":1600,\"height\":490,\"caption\":\"PERLE IN\"},\"image\":{\"@id\":\"https:\\\/\\\/perle-in.com\\\/#\\\/schema\\\/logo\\\/image\\\/\"}}]}<\/script>\n<!-- \/ Yoast SEO plugin. -->","yoast_head_json":{"title":"Gobelet 380 ml Lagom avec isolation vide et couche de cuivre - PERLE IN","robots":{"index":"noindex","follow":"follow","max-snippet":"max-snippet:-1","max-image-preview":"max-image-preview:large","max-video-preview":"max-video-preview:-1"},"og_locale":"en_US","og_type":"article","og_title":"Gobelet 380 ml Lagom avec isolation vide et couche de cuivre - PERLE IN","og_description":"Ce gobelet compact durable est id\u00e9al pour les voyages. Le couvercle est \u00e9tanche, avec ouverture facile par pression. Le gobelet est en acier inoxydable \u00e0 double paroi avec isolation en cuivre, ce qui signifie qu\u2019il maintiendra les boissons chaudes pendant 8 heures et froides pendant 24 heures. La construction emp\u00eache \u00e9galement la condensation \u00e0 l\u2019ext\u00e9rieur du gobelet. Capacit\u00e9 380 ml. Pr\u00e9sentation dans un coffret cadeau Avenue.","og_url":"https:\/\/perle-in.com\/en\/product\/gobelet-380-ml-lagom-avec-isolation-vide-et-couche-de-cuivre\/","og_site_name":"PERLE IN","article_modified_time":"2025-10-19T02:34:12+00:00","og_image":[{"width":1600,"height":1600,"url":"https:\/\/perle-in.com\/wp-content\/uploads\/2025\/10\/10054800-1.jpg","type":"image\/jpeg"}],"twitter_card":"summary_large_image","schema":{"@context":"https:\/\/schema.org","@graph":[{"@type":"WebPage","@id":"https:\/\/perle-in.com\/produit\/gobelet-380-ml-lagom-avec-isolation-vide-et-couche-de-cuivre\/","url":"https:\/\/perle-in.com\/produit\/gobelet-380-ml-lagom-avec-isolation-vide-et-couche-de-cuivre\/","name":"Gobelet 380 ml Lagom avec isolation vide et couche de cuivre - PERLE IN","isPartOf":{"@id":"https:\/\/perle-in.com\/#website"},"primaryImageOfPage":{"@id":"https:\/\/perle-in.com\/produit\/gobelet-380-ml-lagom-avec-isolation-vide-et-couche-de-cuivre\/#primaryimage"},"image":{"@id":"https:\/\/perle-in.com\/produit\/gobelet-380-ml-lagom-avec-isolation-vide-et-couche-de-cuivre\/#primaryimage"},"thumbnailUrl":"https:\/\/perle-in.com\/wp-content\/uploads\/2025\/10\/10054800-1.jpg","datePublished":"2025-10-13T13:41:29+00:00","dateModified":"2025-10-19T02:34:12+00:00","breadcrumb":{"@id":"https:\/\/perle-in.com\/produit\/gobelet-380-ml-lagom-avec-isolation-vide-et-couche-de-cuivre\/#breadcrumb"},"inLanguage":"en-CA","potentialAction":[{"@type":"ReadAction","target":["https:\/\/perle-in.com\/produit\/gobelet-380-ml-lagom-avec-isolation-vide-et-couche-de-cuivre\/"]}]},{"@type":"ImageObject","inLanguage":"en-CA","@id":"https:\/\/perle-in.com\/produit\/gobelet-380-ml-lagom-avec-isolation-vide-et-couche-de-cuivre\/#primaryimage","url":"https:\/\/perle-in.com\/wp-content\/uploads\/2025\/10\/10054800-1.jpg","contentUrl":"https:\/\/perle-in.com\/wp-content\/uploads\/2025\/10\/10054800-1.jpg","width":1600,"height":1600},{"@type":"BreadcrumbList","@id":"https:\/\/perle-in.com\/produit\/gobelet-380-ml-lagom-avec-isolation-vide-et-couche-de-cuivre\/#breadcrumb","itemListElement":[{"@type":"ListItem","position":1,"name":"Accueil","item":"https:\/\/perle-in.com\/"},{"@type":"ListItem","position":2,"name":"Boutique","item":"https:\/\/perle-in.com\/boutique\/"},{"@type":"ListItem","position":3,"name":"Gobelet 380 ml Lagom avec isolation vide et couche de cuivre"}]},{"@type":"WebSite","@id":"https:\/\/perle-in.com\/#website","url":"https:\/\/perle-in.com\/","name":"PERLE IN","description":"","publisher":{"@id":"https:\/\/perle-in.com\/#organization"},"potentialAction":[{"@type":"SearchAction","target":{"@type":"EntryPoint","urlTemplate":"https:\/\/perle-in.com\/?s={search_term_string}"},"query-input":{"@type":"PropertyValueSpecification","valueRequired":true,"valueName":"search_term_string"}}],"inLanguage":"en-CA"},{"@type":"Organization","@id":"https:\/\/perle-in.com\/#organization","name":"PERLE IN","url":"https:\/\/perle-in.com\/","logo":{"@type":"ImageObject","inLanguage":"en-CA","@id":"https:\/\/perle-in.com\/#\/schema\/logo\/image\/","url":"https:\/\/perle-in.com\/wp-content\/uploads\/2022\/12\/LOGO-PERLE-IN-COULEUR@3x.webp","contentUrl":"https:\/\/perle-in.com\/wp-content\/uploads\/2022\/12\/LOGO-PERLE-IN-COULEUR@3x.webp","width":1600,"height":490,"caption":"PERLE IN"},"image":{"@id":"https:\/\/perle-in.com\/#\/schema\/logo\/image\/"}}]}},"jetpack_sharing_enabled":true,"_links":{"self":[{"href":"https:\/\/perle-in.com\/en\/wp-json\/wp\/v2\/product\/501674","targetHints":{"allow":["GET"]}}],"collection":[{"href":"https:\/\/perle-in.com\/en\/wp-json\/wp\/v2\/product"}],"about":[{"href":"https:\/\/perle-in.com\/en\/wp-json\/wp\/v2\/types\/product"}],"version-history":[{"count":0,"href":"https:\/\/perle-in.com\/en\/wp-json\/wp\/v2\/product\/501674\/revisions"}],"wp:featuredmedia":[{"embeddable":true,"href":"https:\/\/perle-in.com\/en\/wp-json\/wp\/v2\/media\/501664"}],"wp:attachment":[{"href":"https:\/\/perle-in.com\/en\/wp-json\/wp\/v2\/media?parent=501674"}],"wp:term":[{"taxonomy":"product_brand","embeddable":true,"href":"https:\/\/perle-in.com\/en\/wp-json\/wp\/v2\/product_brand?post=501674"},{"taxonomy":"product_cat","embeddable":true,"href":"https:\/\/perle-in.com\/en\/wp-json\/wp\/v2\/product_cat?post=501674"},{"taxonomy":"product_tag","embeddable":true,"href":"https:\/\/perle-in.com\/en\/wp-json\/wp\/v2\/product_tag?post=501674"}],"curies":[{"name":"wp","href":"https:\/\/api.w.org\/{rel}","templated":true}]}}