{"id":501634,"date":"2025-10-13T15:40:20","date_gmt":"2025-10-13T13:40:20","guid":{"rendered":"https:\/\/perle-in.com\/produit\/bouteille-norse-avec-isolation-par-le-vide-et-couche-de-cuivre-590ml\/"},"modified":"2025-10-19T07:07:52","modified_gmt":"2025-10-19T05:07:52","slug":"bouteille-norse-avec-isolation-par-le-vide-et-couche-de-cuivre-590ml","status":"publish","type":"product","link":"https:\/\/perle-in.com\/en\/product\/bouteille-norse-avec-isolation-par-le-vide-et-couche-de-cuivre-590ml\/","title":{"rendered":"Bouteille Norse avec isolation par le vide et couche de cuivre 590ml"},"content":{"rendered":"","protected":false},"excerpt":{"rendered":"<p>Produit durable avec double paroi en acier inoxydable avec isolation en cuivre, ce qui permet \u00e0 votre boisson de rester chaude pendant 12 heures et froide pendant 48 heures. La construction emp\u00eache \u00e9galement la condensation \u00e0 l\u2019ext\u00e9rieur de la bouteille et le couvercle r\u00e9siste aux d\u00e9versements. Bouteille avec  couvercle \u00e0 visser avec bouchon innovant imitation li\u00e8ge. S\u2019adapte \u00e0 la plupart des porte-gobelets de voiture. Capacit\u00e9 de 590ml. Pr\u00e9sent\u00e9e dans une boite cadeau Avenue.<\/p>","protected":false},"featured_media":501625,"template":"","meta":{"_eb_attr":""},"product_brand":[],"product_cat":[257,173],"product_tag":[311,310,308,309],"class_list":{"0":"post-501634","1":"product","2":"type-product","3":"status-publish","4":"has-post-thumbnail","6":"product_cat-bouteilles-isothermes","7":"product_cat-drinkware","8":"product_tag-bouteille-isotherme","9":"product_tag-bouteille-thermos","10":"product_tag-gobelet","11":"product_tag-gobelet-de-voyage","12":"pa_couleurs-blanc","13":"pa_green-points-171","14":"pa_marque-unbranded","15":"pa_matiere-acier-inoxydable","16":"pa_pays-d-origine-chine","18":"first","19":"instock","20":"sale","21":"shipping-taxable","22":"purchasable","23":"product-type-variable"},"yoast_head":"<!-- This site is optimized with the Yoast SEO plugin v27.4 - https:\/\/yoast.com\/product\/yoast-seo-wordpress\/ -->\n<title>Bouteille Norse avec isolation par le vide et couche de cuivre 590ml - PERLE IN<\/title>\n<meta name=\"robots\" content=\"noindex, follow, max-snippet:-1, max-image-preview:large, max-video-preview:-1\" \/>\n<meta property=\"og:locale\" content=\"en_US\" \/>\n<meta property=\"og:type\" content=\"article\" \/>\n<meta property=\"og:title\" content=\"Bouteille Norse avec isolation par le vide et couche de cuivre 590ml - PERLE IN\" \/>\n<meta property=\"og:description\" content=\"Produit durable avec double paroi en acier inoxydable avec isolation en cuivre, ce qui permet \u00e0 votre boisson de rester chaude pendant 12 heures et froide pendant 48 heures. La construction emp\u00eache \u00e9galement la condensation \u00e0 l\u2019ext\u00e9rieur de la bouteille et le couvercle r\u00e9siste aux d\u00e9versements. Bouteille avec couvercle \u00e0 visser avec bouchon innovant imitation li\u00e8ge. S\u2019adapte \u00e0 la plupart des porte-gobelets de voiture. Capacit\u00e9 de 590ml. Pr\u00e9sent\u00e9e dans une boite cadeau Avenue.\" \/>\n<meta property=\"og:url\" content=\"https:\/\/perle-in.com\/en\/product\/bouteille-norse-avec-isolation-par-le-vide-et-couche-de-cuivre-590ml\/\" \/>\n<meta property=\"og:site_name\" content=\"PERLE IN\" \/>\n<meta property=\"article:modified_time\" content=\"2025-10-19T05:07:52+00:00\" \/>\n<meta property=\"og:image\" content=\"https:\/\/perle-in.com\/wp-content\/uploads\/2025\/10\/10053502-1.jpg\" \/>\n\t<meta property=\"og:image:width\" content=\"1600\" \/>\n\t<meta property=\"og:image:height\" content=\"1600\" \/>\n\t<meta property=\"og:image:type\" content=\"image\/jpeg\" \/>\n<meta name=\"twitter:card\" content=\"summary_large_image\" \/>\n<script type=\"application\/ld+json\" class=\"yoast-schema-graph\">{\"@context\":\"https:\\\/\\\/schema.org\",\"@graph\":[{\"@type\":\"WebPage\",\"@id\":\"https:\\\/\\\/perle-in.com\\\/en\\\/product\\\/bouteille-norse-avec-isolation-par-le-vide-et-couche-de-cuivre-590ml\\\/\",\"url\":\"https:\\\/\\\/perle-in.com\\\/en\\\/product\\\/bouteille-norse-avec-isolation-par-le-vide-et-couche-de-cuivre-590ml\\\/\",\"name\":\"Bouteille Norse avec isolation par le vide et couche de cuivre 590ml - PERLE IN\",\"isPartOf\":{\"@id\":\"https:\\\/\\\/perle-in.com\\\/#website\"},\"primaryImageOfPage\":{\"@id\":\"https:\\\/\\\/perle-in.com\\\/en\\\/product\\\/bouteille-norse-avec-isolation-par-le-vide-et-couche-de-cuivre-590ml\\\/#primaryimage\"},\"image\":{\"@id\":\"https:\\\/\\\/perle-in.com\\\/en\\\/product\\\/bouteille-norse-avec-isolation-par-le-vide-et-couche-de-cuivre-590ml\\\/#primaryimage\"},\"thumbnailUrl\":\"https:\\\/\\\/perle-in.com\\\/wp-content\\\/uploads\\\/2025\\\/10\\\/10053502-1.jpg\",\"datePublished\":\"2025-10-13T13:40:20+00:00\",\"dateModified\":\"2025-10-19T05:07:52+00:00\",\"breadcrumb\":{\"@id\":\"https:\\\/\\\/perle-in.com\\\/en\\\/product\\\/bouteille-norse-avec-isolation-par-le-vide-et-couche-de-cuivre-590ml\\\/#breadcrumb\"},\"inLanguage\":\"en-CA\",\"potentialAction\":[{\"@type\":\"ReadAction\",\"target\":[\"https:\\\/\\\/perle-in.com\\\/en\\\/product\\\/bouteille-norse-avec-isolation-par-le-vide-et-couche-de-cuivre-590ml\\\/\"]}]},{\"@type\":\"ImageObject\",\"inLanguage\":\"en-CA\",\"@id\":\"https:\\\/\\\/perle-in.com\\\/en\\\/product\\\/bouteille-norse-avec-isolation-par-le-vide-et-couche-de-cuivre-590ml\\\/#primaryimage\",\"url\":\"https:\\\/\\\/perle-in.com\\\/wp-content\\\/uploads\\\/2025\\\/10\\\/10053502-1.jpg\",\"contentUrl\":\"https:\\\/\\\/perle-in.com\\\/wp-content\\\/uploads\\\/2025\\\/10\\\/10053502-1.jpg\",\"width\":1600,\"height\":1600},{\"@type\":\"BreadcrumbList\",\"@id\":\"https:\\\/\\\/perle-in.com\\\/en\\\/product\\\/bouteille-norse-avec-isolation-par-le-vide-et-couche-de-cuivre-590ml\\\/#breadcrumb\",\"itemListElement\":[{\"@type\":\"ListItem\",\"position\":1,\"name\":\"Accueil\",\"item\":\"https:\\\/\\\/perle-in.com\\\/\"},{\"@type\":\"ListItem\",\"position\":2,\"name\":\"Boutique\",\"item\":\"https:\\\/\\\/perle-in.com\\\/boutique\\\/\"},{\"@type\":\"ListItem\",\"position\":3,\"name\":\"Bouteille Norse avec isolation par le vide et couche de cuivre 590ml\"}]},{\"@type\":\"WebSite\",\"@id\":\"https:\\\/\\\/perle-in.com\\\/#website\",\"url\":\"https:\\\/\\\/perle-in.com\\\/\",\"name\":\"PERLE IN\",\"description\":\"\",\"publisher\":{\"@id\":\"https:\\\/\\\/perle-in.com\\\/#organization\"},\"potentialAction\":[{\"@type\":\"SearchAction\",\"target\":{\"@type\":\"EntryPoint\",\"urlTemplate\":\"https:\\\/\\\/perle-in.com\\\/?s={search_term_string}\"},\"query-input\":{\"@type\":\"PropertyValueSpecification\",\"valueRequired\":true,\"valueName\":\"search_term_string\"}}],\"inLanguage\":\"en-CA\"},{\"@type\":\"Organization\",\"@id\":\"https:\\\/\\\/perle-in.com\\\/#organization\",\"name\":\"PERLE IN\",\"url\":\"https:\\\/\\\/perle-in.com\\\/\",\"logo\":{\"@type\":\"ImageObject\",\"inLanguage\":\"en-CA\",\"@id\":\"https:\\\/\\\/perle-in.com\\\/#\\\/schema\\\/logo\\\/image\\\/\",\"url\":\"https:\\\/\\\/perle-in.com\\\/wp-content\\\/uploads\\\/2022\\\/12\\\/LOGO-PERLE-IN-COULEUR@3x.webp\",\"contentUrl\":\"https:\\\/\\\/perle-in.com\\\/wp-content\\\/uploads\\\/2022\\\/12\\\/LOGO-PERLE-IN-COULEUR@3x.webp\",\"width\":1600,\"height\":490,\"caption\":\"PERLE IN\"},\"image\":{\"@id\":\"https:\\\/\\\/perle-in.com\\\/#\\\/schema\\\/logo\\\/image\\\/\"}}]}<\/script>\n<!-- \/ Yoast SEO plugin. -->","yoast_head_json":{"title":"Bouteille Norse avec isolation par le vide et couche de cuivre 590ml - PERLE IN","robots":{"index":"noindex","follow":"follow","max-snippet":"max-snippet:-1","max-image-preview":"max-image-preview:large","max-video-preview":"max-video-preview:-1"},"og_locale":"en_US","og_type":"article","og_title":"Bouteille Norse avec isolation par le vide et couche de cuivre 590ml - PERLE IN","og_description":"Produit durable avec double paroi en acier inoxydable avec isolation en cuivre, ce qui permet \u00e0 votre boisson de rester chaude pendant 12 heures et froide pendant 48 heures. La construction emp\u00eache \u00e9galement la condensation \u00e0 l\u2019ext\u00e9rieur de la bouteille et le couvercle r\u00e9siste aux d\u00e9versements. Bouteille avec couvercle \u00e0 visser avec bouchon innovant imitation li\u00e8ge. S\u2019adapte \u00e0 la plupart des porte-gobelets de voiture. Capacit\u00e9 de 590ml. Pr\u00e9sent\u00e9e dans une boite cadeau Avenue.","og_url":"https:\/\/perle-in.com\/en\/product\/bouteille-norse-avec-isolation-par-le-vide-et-couche-de-cuivre-590ml\/","og_site_name":"PERLE IN","article_modified_time":"2025-10-19T05:07:52+00:00","og_image":[{"width":1600,"height":1600,"url":"https:\/\/perle-in.com\/wp-content\/uploads\/2025\/10\/10053502-1.jpg","type":"image\/jpeg"}],"twitter_card":"summary_large_image","schema":{"@context":"https:\/\/schema.org","@graph":[{"@type":"WebPage","@id":"https:\/\/perle-in.com\/en\/product\/bouteille-norse-avec-isolation-par-le-vide-et-couche-de-cuivre-590ml\/","url":"https:\/\/perle-in.com\/en\/product\/bouteille-norse-avec-isolation-par-le-vide-et-couche-de-cuivre-590ml\/","name":"Bouteille Norse avec isolation par le vide et couche de cuivre 590ml - PERLE IN","isPartOf":{"@id":"https:\/\/perle-in.com\/#website"},"primaryImageOfPage":{"@id":"https:\/\/perle-in.com\/en\/product\/bouteille-norse-avec-isolation-par-le-vide-et-couche-de-cuivre-590ml\/#primaryimage"},"image":{"@id":"https:\/\/perle-in.com\/en\/product\/bouteille-norse-avec-isolation-par-le-vide-et-couche-de-cuivre-590ml\/#primaryimage"},"thumbnailUrl":"https:\/\/perle-in.com\/wp-content\/uploads\/2025\/10\/10053502-1.jpg","datePublished":"2025-10-13T13:40:20+00:00","dateModified":"2025-10-19T05:07:52+00:00","breadcrumb":{"@id":"https:\/\/perle-in.com\/en\/product\/bouteille-norse-avec-isolation-par-le-vide-et-couche-de-cuivre-590ml\/#breadcrumb"},"inLanguage":"en-CA","potentialAction":[{"@type":"ReadAction","target":["https:\/\/perle-in.com\/en\/product\/bouteille-norse-avec-isolation-par-le-vide-et-couche-de-cuivre-590ml\/"]}]},{"@type":"ImageObject","inLanguage":"en-CA","@id":"https:\/\/perle-in.com\/en\/product\/bouteille-norse-avec-isolation-par-le-vide-et-couche-de-cuivre-590ml\/#primaryimage","url":"https:\/\/perle-in.com\/wp-content\/uploads\/2025\/10\/10053502-1.jpg","contentUrl":"https:\/\/perle-in.com\/wp-content\/uploads\/2025\/10\/10053502-1.jpg","width":1600,"height":1600},{"@type":"BreadcrumbList","@id":"https:\/\/perle-in.com\/en\/product\/bouteille-norse-avec-isolation-par-le-vide-et-couche-de-cuivre-590ml\/#breadcrumb","itemListElement":[{"@type":"ListItem","position":1,"name":"Accueil","item":"https:\/\/perle-in.com\/"},{"@type":"ListItem","position":2,"name":"Boutique","item":"https:\/\/perle-in.com\/boutique\/"},{"@type":"ListItem","position":3,"name":"Bouteille Norse avec isolation par le vide et couche de cuivre 590ml"}]},{"@type":"WebSite","@id":"https:\/\/perle-in.com\/#website","url":"https:\/\/perle-in.com\/","name":"PERLE IN","description":"","publisher":{"@id":"https:\/\/perle-in.com\/#organization"},"potentialAction":[{"@type":"SearchAction","target":{"@type":"EntryPoint","urlTemplate":"https:\/\/perle-in.com\/?s={search_term_string}"},"query-input":{"@type":"PropertyValueSpecification","valueRequired":true,"valueName":"search_term_string"}}],"inLanguage":"en-CA"},{"@type":"Organization","@id":"https:\/\/perle-in.com\/#organization","name":"PERLE IN","url":"https:\/\/perle-in.com\/","logo":{"@type":"ImageObject","inLanguage":"en-CA","@id":"https:\/\/perle-in.com\/#\/schema\/logo\/image\/","url":"https:\/\/perle-in.com\/wp-content\/uploads\/2022\/12\/LOGO-PERLE-IN-COULEUR@3x.webp","contentUrl":"https:\/\/perle-in.com\/wp-content\/uploads\/2022\/12\/LOGO-PERLE-IN-COULEUR@3x.webp","width":1600,"height":490,"caption":"PERLE IN"},"image":{"@id":"https:\/\/perle-in.com\/#\/schema\/logo\/image\/"}}]}},"jetpack_sharing_enabled":true,"_links":{"self":[{"href":"https:\/\/perle-in.com\/en\/wp-json\/wp\/v2\/product\/501634","targetHints":{"allow":["GET"]}}],"collection":[{"href":"https:\/\/perle-in.com\/en\/wp-json\/wp\/v2\/product"}],"about":[{"href":"https:\/\/perle-in.com\/en\/wp-json\/wp\/v2\/types\/product"}],"version-history":[{"count":0,"href":"https:\/\/perle-in.com\/en\/wp-json\/wp\/v2\/product\/501634\/revisions"}],"wp:featuredmedia":[{"embeddable":true,"href":"https:\/\/perle-in.com\/en\/wp-json\/wp\/v2\/media\/501625"}],"wp:attachment":[{"href":"https:\/\/perle-in.com\/en\/wp-json\/wp\/v2\/media?parent=501634"}],"wp:term":[{"taxonomy":"product_brand","embeddable":true,"href":"https:\/\/perle-in.com\/en\/wp-json\/wp\/v2\/product_brand?post=501634"},{"taxonomy":"product_cat","embeddable":true,"href":"https:\/\/perle-in.com\/en\/wp-json\/wp\/v2\/product_cat?post=501634"},{"taxonomy":"product_tag","embeddable":true,"href":"https:\/\/perle-in.com\/en\/wp-json\/wp\/v2\/product_tag?post=501634"}],"curies":[{"name":"wp","href":"https:\/\/api.w.org\/{rel}","templated":true}]}}