{"id":501570,"date":"2025-10-13T15:36:37","date_gmt":"2025-10-13T13:36:37","guid":{"rendered":"https:\/\/perle-in.com\/produit\/bouteille-pinto-avec-isolation-par-le-vide-et-couche-de-cuivre-750ml\/"},"modified":"2025-10-19T07:07:51","modified_gmt":"2025-10-19T05:07:51","slug":"bouteille-pinto-avec-isolation-par-le-vide-et-couche-de-cuivre-750ml","status":"publish","type":"product","link":"https:\/\/perle-in.com\/en\/product\/bouteille-pinto-avec-isolation-par-le-vide-et-couche-de-cuivre-750ml\/","title":{"rendered":"Bouteille Pinto avec isolation par le vide et couche de cuivre 750ml"},"content":{"rendered":"","protected":false},"excerpt":{"rendered":"<p>Gardez vos boissons chaudes pendant 12 heures ou froides pendant 48 heures avec la bouteille isotherme sous vide en cuivre Pinto. Double paroi et fabriqu\u00e9e en acier inoxydable de grade 18\/8 avec isolation sous vide et une paroi int\u00e9rieure plaqu\u00e9e cuivre, ce qui signifie que votre boisson reste tr\u00e8s chaude ou glac\u00e9e selon vos besoins. Corps ext\u00e9rieur avec rev\u00eatement par poudre. Capacit\u00e9 de 750ml. Pr\u00e9sent\u00e9e dans une boite cadeau Avenue.<\/p>","protected":false},"featured_media":501560,"template":"","meta":{"_eb_attr":""},"product_brand":[],"product_cat":[257,173],"product_tag":[177,178,175,176,179,180],"class_list":{"0":"post-501570","1":"product","2":"type-product","3":"status-publish","4":"has-post-thumbnail","6":"product_cat-bouteilles-isothermes","7":"product_cat-drinkware","8":"product_tag-bidon","9":"product_tag-bidons","10":"product_tag-bouteille","11":"product_tag-bouteilles","12":"product_tag-flasque","13":"product_tag-flasques","14":"pa_couleurs-blanc","15":"pa_couleurs-noir","16":"pa_green-points-171","17":"pa_marque-unbranded","18":"pa_matiere-acier-inoxydable","19":"pa_pays-d-origine-chine","21":"first","22":"instock","23":"shipping-taxable","24":"purchasable","25":"product-type-variable"},"yoast_head":"<!-- This site is optimized with the Yoast SEO plugin v27.4 - https:\/\/yoast.com\/product\/yoast-seo-wordpress\/ -->\n<title>Bouteille Pinto avec isolation par le vide et couche de cuivre 750ml - PERLE IN<\/title>\n<meta name=\"robots\" content=\"noindex, follow, max-snippet:-1, max-image-preview:large, max-video-preview:-1\" \/>\n<meta property=\"og:locale\" content=\"en_US\" \/>\n<meta property=\"og:type\" content=\"article\" \/>\n<meta property=\"og:title\" content=\"Bouteille Pinto avec isolation par le vide et couche de cuivre 750ml - PERLE IN\" \/>\n<meta property=\"og:description\" content=\"Gardez vos boissons chaudes pendant 12 heures ou froides pendant 48 heures avec la bouteille isotherme sous vide en cuivre Pinto. Double paroi et fabriqu\u00e9e en acier inoxydable de grade 18\/8 avec isolation sous vide et une paroi int\u00e9rieure plaqu\u00e9e cuivre, ce qui signifie que votre boisson reste tr\u00e8s chaude ou glac\u00e9e selon vos besoins. Corps ext\u00e9rieur avec rev\u00eatement par poudre. Capacit\u00e9 de 750ml. Pr\u00e9sent\u00e9e dans une boite cadeau Avenue.\" \/>\n<meta property=\"og:url\" content=\"https:\/\/perle-in.com\/en\/product\/bouteille-pinto-avec-isolation-par-le-vide-et-couche-de-cuivre-750ml\/\" \/>\n<meta property=\"og:site_name\" content=\"PERLE IN\" \/>\n<meta property=\"article:modified_time\" content=\"2025-10-19T05:07:51+00:00\" \/>\n<meta property=\"og:image\" content=\"https:\/\/perle-in.com\/wp-content\/uploads\/2025\/10\/10051700-1.jpg\" \/>\n\t<meta property=\"og:image:width\" content=\"1600\" \/>\n\t<meta property=\"og:image:height\" content=\"1600\" \/>\n\t<meta property=\"og:image:type\" content=\"image\/jpeg\" \/>\n<meta name=\"twitter:card\" content=\"summary_large_image\" \/>\n<script type=\"application\/ld+json\" class=\"yoast-schema-graph\">{\"@context\":\"https:\\\/\\\/schema.org\",\"@graph\":[{\"@type\":\"WebPage\",\"@id\":\"https:\\\/\\\/perle-in.com\\\/produit\\\/bouteille-pinto-avec-isolation-par-le-vide-et-couche-de-cuivre-750ml\\\/\",\"url\":\"https:\\\/\\\/perle-in.com\\\/produit\\\/bouteille-pinto-avec-isolation-par-le-vide-et-couche-de-cuivre-750ml\\\/\",\"name\":\"Bouteille Pinto avec isolation par le vide et couche de cuivre 750ml - PERLE IN\",\"isPartOf\":{\"@id\":\"https:\\\/\\\/perle-in.com\\\/#website\"},\"primaryImageOfPage\":{\"@id\":\"https:\\\/\\\/perle-in.com\\\/produit\\\/bouteille-pinto-avec-isolation-par-le-vide-et-couche-de-cuivre-750ml\\\/#primaryimage\"},\"image\":{\"@id\":\"https:\\\/\\\/perle-in.com\\\/produit\\\/bouteille-pinto-avec-isolation-par-le-vide-et-couche-de-cuivre-750ml\\\/#primaryimage\"},\"thumbnailUrl\":\"https:\\\/\\\/perle-in.com\\\/wp-content\\\/uploads\\\/2025\\\/10\\\/10051700-1.jpg\",\"datePublished\":\"2025-10-13T13:36:37+00:00\",\"dateModified\":\"2025-10-19T05:07:51+00:00\",\"breadcrumb\":{\"@id\":\"https:\\\/\\\/perle-in.com\\\/produit\\\/bouteille-pinto-avec-isolation-par-le-vide-et-couche-de-cuivre-750ml\\\/#breadcrumb\"},\"inLanguage\":\"en-CA\",\"potentialAction\":[{\"@type\":\"ReadAction\",\"target\":[\"https:\\\/\\\/perle-in.com\\\/produit\\\/bouteille-pinto-avec-isolation-par-le-vide-et-couche-de-cuivre-750ml\\\/\"]}]},{\"@type\":\"ImageObject\",\"inLanguage\":\"en-CA\",\"@id\":\"https:\\\/\\\/perle-in.com\\\/produit\\\/bouteille-pinto-avec-isolation-par-le-vide-et-couche-de-cuivre-750ml\\\/#primaryimage\",\"url\":\"https:\\\/\\\/perle-in.com\\\/wp-content\\\/uploads\\\/2025\\\/10\\\/10051700-1.jpg\",\"contentUrl\":\"https:\\\/\\\/perle-in.com\\\/wp-content\\\/uploads\\\/2025\\\/10\\\/10051700-1.jpg\",\"width\":1600,\"height\":1600},{\"@type\":\"BreadcrumbList\",\"@id\":\"https:\\\/\\\/perle-in.com\\\/produit\\\/bouteille-pinto-avec-isolation-par-le-vide-et-couche-de-cuivre-750ml\\\/#breadcrumb\",\"itemListElement\":[{\"@type\":\"ListItem\",\"position\":1,\"name\":\"Accueil\",\"item\":\"https:\\\/\\\/perle-in.com\\\/\"},{\"@type\":\"ListItem\",\"position\":2,\"name\":\"Boutique\",\"item\":\"https:\\\/\\\/perle-in.com\\\/boutique\\\/\"},{\"@type\":\"ListItem\",\"position\":3,\"name\":\"Bouteille Pinto avec isolation par le vide et couche de cuivre 750ml\"}]},{\"@type\":\"WebSite\",\"@id\":\"https:\\\/\\\/perle-in.com\\\/#website\",\"url\":\"https:\\\/\\\/perle-in.com\\\/\",\"name\":\"PERLE IN\",\"description\":\"\",\"publisher\":{\"@id\":\"https:\\\/\\\/perle-in.com\\\/#organization\"},\"potentialAction\":[{\"@type\":\"SearchAction\",\"target\":{\"@type\":\"EntryPoint\",\"urlTemplate\":\"https:\\\/\\\/perle-in.com\\\/?s={search_term_string}\"},\"query-input\":{\"@type\":\"PropertyValueSpecification\",\"valueRequired\":true,\"valueName\":\"search_term_string\"}}],\"inLanguage\":\"en-CA\"},{\"@type\":\"Organization\",\"@id\":\"https:\\\/\\\/perle-in.com\\\/#organization\",\"name\":\"PERLE IN\",\"url\":\"https:\\\/\\\/perle-in.com\\\/\",\"logo\":{\"@type\":\"ImageObject\",\"inLanguage\":\"en-CA\",\"@id\":\"https:\\\/\\\/perle-in.com\\\/#\\\/schema\\\/logo\\\/image\\\/\",\"url\":\"https:\\\/\\\/perle-in.com\\\/wp-content\\\/uploads\\\/2022\\\/12\\\/LOGO-PERLE-IN-COULEUR@3x.webp\",\"contentUrl\":\"https:\\\/\\\/perle-in.com\\\/wp-content\\\/uploads\\\/2022\\\/12\\\/LOGO-PERLE-IN-COULEUR@3x.webp\",\"width\":1600,\"height\":490,\"caption\":\"PERLE IN\"},\"image\":{\"@id\":\"https:\\\/\\\/perle-in.com\\\/#\\\/schema\\\/logo\\\/image\\\/\"}}]}<\/script>\n<!-- \/ Yoast SEO plugin. -->","yoast_head_json":{"title":"Bouteille Pinto avec isolation par le vide et couche de cuivre 750ml - PERLE IN","robots":{"index":"noindex","follow":"follow","max-snippet":"max-snippet:-1","max-image-preview":"max-image-preview:large","max-video-preview":"max-video-preview:-1"},"og_locale":"en_US","og_type":"article","og_title":"Bouteille Pinto avec isolation par le vide et couche de cuivre 750ml - PERLE IN","og_description":"Gardez vos boissons chaudes pendant 12 heures ou froides pendant 48 heures avec la bouteille isotherme sous vide en cuivre Pinto. Double paroi et fabriqu\u00e9e en acier inoxydable de grade 18\/8 avec isolation sous vide et une paroi int\u00e9rieure plaqu\u00e9e cuivre, ce qui signifie que votre boisson reste tr\u00e8s chaude ou glac\u00e9e selon vos besoins. Corps ext\u00e9rieur avec rev\u00eatement par poudre. Capacit\u00e9 de 750ml. Pr\u00e9sent\u00e9e dans une boite cadeau Avenue.","og_url":"https:\/\/perle-in.com\/en\/product\/bouteille-pinto-avec-isolation-par-le-vide-et-couche-de-cuivre-750ml\/","og_site_name":"PERLE IN","article_modified_time":"2025-10-19T05:07:51+00:00","og_image":[{"width":1600,"height":1600,"url":"https:\/\/perle-in.com\/wp-content\/uploads\/2025\/10\/10051700-1.jpg","type":"image\/jpeg"}],"twitter_card":"summary_large_image","schema":{"@context":"https:\/\/schema.org","@graph":[{"@type":"WebPage","@id":"https:\/\/perle-in.com\/produit\/bouteille-pinto-avec-isolation-par-le-vide-et-couche-de-cuivre-750ml\/","url":"https:\/\/perle-in.com\/produit\/bouteille-pinto-avec-isolation-par-le-vide-et-couche-de-cuivre-750ml\/","name":"Bouteille Pinto avec isolation par le vide et couche de cuivre 750ml - PERLE IN","isPartOf":{"@id":"https:\/\/perle-in.com\/#website"},"primaryImageOfPage":{"@id":"https:\/\/perle-in.com\/produit\/bouteille-pinto-avec-isolation-par-le-vide-et-couche-de-cuivre-750ml\/#primaryimage"},"image":{"@id":"https:\/\/perle-in.com\/produit\/bouteille-pinto-avec-isolation-par-le-vide-et-couche-de-cuivre-750ml\/#primaryimage"},"thumbnailUrl":"https:\/\/perle-in.com\/wp-content\/uploads\/2025\/10\/10051700-1.jpg","datePublished":"2025-10-13T13:36:37+00:00","dateModified":"2025-10-19T05:07:51+00:00","breadcrumb":{"@id":"https:\/\/perle-in.com\/produit\/bouteille-pinto-avec-isolation-par-le-vide-et-couche-de-cuivre-750ml\/#breadcrumb"},"inLanguage":"en-CA","potentialAction":[{"@type":"ReadAction","target":["https:\/\/perle-in.com\/produit\/bouteille-pinto-avec-isolation-par-le-vide-et-couche-de-cuivre-750ml\/"]}]},{"@type":"ImageObject","inLanguage":"en-CA","@id":"https:\/\/perle-in.com\/produit\/bouteille-pinto-avec-isolation-par-le-vide-et-couche-de-cuivre-750ml\/#primaryimage","url":"https:\/\/perle-in.com\/wp-content\/uploads\/2025\/10\/10051700-1.jpg","contentUrl":"https:\/\/perle-in.com\/wp-content\/uploads\/2025\/10\/10051700-1.jpg","width":1600,"height":1600},{"@type":"BreadcrumbList","@id":"https:\/\/perle-in.com\/produit\/bouteille-pinto-avec-isolation-par-le-vide-et-couche-de-cuivre-750ml\/#breadcrumb","itemListElement":[{"@type":"ListItem","position":1,"name":"Accueil","item":"https:\/\/perle-in.com\/"},{"@type":"ListItem","position":2,"name":"Boutique","item":"https:\/\/perle-in.com\/boutique\/"},{"@type":"ListItem","position":3,"name":"Bouteille Pinto avec isolation par le vide et couche de cuivre 750ml"}]},{"@type":"WebSite","@id":"https:\/\/perle-in.com\/#website","url":"https:\/\/perle-in.com\/","name":"PERLE IN","description":"","publisher":{"@id":"https:\/\/perle-in.com\/#organization"},"potentialAction":[{"@type":"SearchAction","target":{"@type":"EntryPoint","urlTemplate":"https:\/\/perle-in.com\/?s={search_term_string}"},"query-input":{"@type":"PropertyValueSpecification","valueRequired":true,"valueName":"search_term_string"}}],"inLanguage":"en-CA"},{"@type":"Organization","@id":"https:\/\/perle-in.com\/#organization","name":"PERLE IN","url":"https:\/\/perle-in.com\/","logo":{"@type":"ImageObject","inLanguage":"en-CA","@id":"https:\/\/perle-in.com\/#\/schema\/logo\/image\/","url":"https:\/\/perle-in.com\/wp-content\/uploads\/2022\/12\/LOGO-PERLE-IN-COULEUR@3x.webp","contentUrl":"https:\/\/perle-in.com\/wp-content\/uploads\/2022\/12\/LOGO-PERLE-IN-COULEUR@3x.webp","width":1600,"height":490,"caption":"PERLE IN"},"image":{"@id":"https:\/\/perle-in.com\/#\/schema\/logo\/image\/"}}]}},"jetpack_sharing_enabled":true,"_links":{"self":[{"href":"https:\/\/perle-in.com\/en\/wp-json\/wp\/v2\/product\/501570","targetHints":{"allow":["GET"]}}],"collection":[{"href":"https:\/\/perle-in.com\/en\/wp-json\/wp\/v2\/product"}],"about":[{"href":"https:\/\/perle-in.com\/en\/wp-json\/wp\/v2\/types\/product"}],"version-history":[{"count":0,"href":"https:\/\/perle-in.com\/en\/wp-json\/wp\/v2\/product\/501570\/revisions"}],"wp:featuredmedia":[{"embeddable":true,"href":"https:\/\/perle-in.com\/en\/wp-json\/wp\/v2\/media\/501560"}],"wp:attachment":[{"href":"https:\/\/perle-in.com\/en\/wp-json\/wp\/v2\/media?parent=501570"}],"wp:term":[{"taxonomy":"product_brand","embeddable":true,"href":"https:\/\/perle-in.com\/en\/wp-json\/wp\/v2\/product_brand?post=501570"},{"taxonomy":"product_cat","embeddable":true,"href":"https:\/\/perle-in.com\/en\/wp-json\/wp\/v2\/product_cat?post=501570"},{"taxonomy":"product_tag","embeddable":true,"href":"https:\/\/perle-in.com\/en\/wp-json\/wp\/v2\/product_tag?post=501570"}],"curies":[{"name":"wp","href":"https:\/\/api.w.org\/{rel}","templated":true}]}}