{"id":501556,"date":"2025-10-13T15:35:41","date_gmt":"2025-10-13T13:35:41","guid":{"rendered":"https:\/\/perle-in.com\/produit\/tasse-corzo-avec-isolation-par-le-vide-et-couche-de-cuivre-350ml\/"},"modified":"2025-10-19T07:07:51","modified_gmt":"2025-10-19T05:07:51","slug":"tasse-corzo-avec-isolation-par-le-vide-et-couche-de-cuivre-350ml","status":"publish","type":"product","link":"https:\/\/perle-in.com\/en\/product\/tasse-corzo-avec-isolation-par-le-vide-et-couche-de-cuivre-350ml\/","title":{"rendered":"Tasse Corzo avec isolation par le vide et couche de cuivre 350ml"},"content":{"rendered":"","protected":false},"excerpt":{"rendered":"<p>La tasse isotherme sous vide Corzo a une construction sous vide \u00e0 double paroi avec une isolation en cuivre, ce qui signifie qu&#8217;elle maintient les boissons chaudes pendant 6 heures et froides pendant 24 heures. La construction emp\u00eache la condensation \u00e0 l\u2019ext\u00e9rieur de la tasse. Buvez facilement, couvercle poussoir. Rev\u00eatement par poudre sur le corps ext\u00e9rieur. Large ouverture pour un remplissage et un service confortable. Capacit\u00e9 de 350 ml. Pr\u00e9sent\u00e9e dans une boite cadeau Avenue.<\/p>","protected":false},"featured_media":501549,"template":"","meta":{"_eb_attr":""},"product_brand":[],"product_cat":[173,189],"product_tag":[177,178,194,195,192,193,196,191,197],"class_list":{"0":"post-501556","1":"product","2":"type-product","3":"status-publish","4":"has-post-thumbnail","6":"product_cat-drinkware","7":"product_cat-mugs-isothermes","8":"product_tag-bidon","9":"product_tag-bidons","10":"product_tag-contenant","11":"product_tag-contenants","12":"product_tag-gourde","13":"product_tag-gourdes","14":"product_tag-isolant","15":"product_tag-mugs","16":"product_tag-thermos","17":"pa_couleurs-argent","18":"pa_couleurs-blanc","19":"pa_couleurs-noir","20":"pa_green-points-171","21":"pa_marque-unbranded","22":"pa_matiere-acier-inoxydable","23":"pa_pays-d-origine-chine","25":"first","26":"instock","27":"shipping-taxable","28":"purchasable","29":"product-type-variable"},"yoast_head":"<!-- This site is optimized with the Yoast SEO plugin v27.4 - https:\/\/yoast.com\/product\/yoast-seo-wordpress\/ -->\n<title>Tasse Corzo avec isolation par le vide et couche de cuivre 350ml - PERLE IN<\/title>\n<meta name=\"robots\" content=\"noindex, follow, max-snippet:-1, max-image-preview:large, max-video-preview:-1\" \/>\n<meta property=\"og:locale\" content=\"en_US\" \/>\n<meta property=\"og:type\" content=\"article\" \/>\n<meta property=\"og:title\" content=\"Tasse Corzo avec isolation par le vide et couche de cuivre 350ml - PERLE IN\" \/>\n<meta property=\"og:description\" content=\"La tasse isotherme sous vide Corzo a une construction sous vide \u00e0 double paroi avec une isolation en cuivre, ce qui signifie qu&#039;elle maintient les boissons chaudes pendant 6 heures et froides pendant 24 heures. La construction emp\u00eache la condensation \u00e0 l\u2019ext\u00e9rieur de la tasse. Buvez facilement, couvercle poussoir. Rev\u00eatement par poudre sur le corps ext\u00e9rieur. Large ouverture pour un remplissage et un service confortable. Capacit\u00e9 de 350 ml. Pr\u00e9sent\u00e9e dans une boite cadeau Avenue.\" \/>\n<meta property=\"og:url\" content=\"https:\/\/perle-in.com\/en\/product\/tasse-corzo-avec-isolation-par-le-vide-et-couche-de-cuivre-350ml\/\" \/>\n<meta property=\"og:site_name\" content=\"PERLE IN\" \/>\n<meta property=\"article:modified_time\" content=\"2025-10-19T05:07:51+00:00\" \/>\n<meta property=\"og:image\" content=\"https:\/\/perle-in.com\/wp-content\/uploads\/2025\/10\/10051600-1.jpg\" \/>\n\t<meta property=\"og:image:width\" content=\"1600\" \/>\n\t<meta property=\"og:image:height\" content=\"1600\" \/>\n\t<meta property=\"og:image:type\" content=\"image\/jpeg\" \/>\n<meta name=\"twitter:card\" content=\"summary_large_image\" \/>\n<script type=\"application\/ld+json\" class=\"yoast-schema-graph\">{\"@context\":\"https:\\\/\\\/schema.org\",\"@graph\":[{\"@type\":\"WebPage\",\"@id\":\"https:\\\/\\\/perle-in.com\\\/produit\\\/tasse-corzo-avec-isolation-par-le-vide-et-couche-de-cuivre-350ml\\\/\",\"url\":\"https:\\\/\\\/perle-in.com\\\/produit\\\/tasse-corzo-avec-isolation-par-le-vide-et-couche-de-cuivre-350ml\\\/\",\"name\":\"Tasse Corzo avec isolation par le vide et couche de cuivre 350ml - PERLE IN\",\"isPartOf\":{\"@id\":\"https:\\\/\\\/perle-in.com\\\/#website\"},\"primaryImageOfPage\":{\"@id\":\"https:\\\/\\\/perle-in.com\\\/produit\\\/tasse-corzo-avec-isolation-par-le-vide-et-couche-de-cuivre-350ml\\\/#primaryimage\"},\"image\":{\"@id\":\"https:\\\/\\\/perle-in.com\\\/produit\\\/tasse-corzo-avec-isolation-par-le-vide-et-couche-de-cuivre-350ml\\\/#primaryimage\"},\"thumbnailUrl\":\"https:\\\/\\\/perle-in.com\\\/wp-content\\\/uploads\\\/2025\\\/10\\\/10051600-1.jpg\",\"datePublished\":\"2025-10-13T13:35:41+00:00\",\"dateModified\":\"2025-10-19T05:07:51+00:00\",\"breadcrumb\":{\"@id\":\"https:\\\/\\\/perle-in.com\\\/produit\\\/tasse-corzo-avec-isolation-par-le-vide-et-couche-de-cuivre-350ml\\\/#breadcrumb\"},\"inLanguage\":\"en-CA\",\"potentialAction\":[{\"@type\":\"ReadAction\",\"target\":[\"https:\\\/\\\/perle-in.com\\\/produit\\\/tasse-corzo-avec-isolation-par-le-vide-et-couche-de-cuivre-350ml\\\/\"]}]},{\"@type\":\"ImageObject\",\"inLanguage\":\"en-CA\",\"@id\":\"https:\\\/\\\/perle-in.com\\\/produit\\\/tasse-corzo-avec-isolation-par-le-vide-et-couche-de-cuivre-350ml\\\/#primaryimage\",\"url\":\"https:\\\/\\\/perle-in.com\\\/wp-content\\\/uploads\\\/2025\\\/10\\\/10051600-1.jpg\",\"contentUrl\":\"https:\\\/\\\/perle-in.com\\\/wp-content\\\/uploads\\\/2025\\\/10\\\/10051600-1.jpg\",\"width\":1600,\"height\":1600},{\"@type\":\"BreadcrumbList\",\"@id\":\"https:\\\/\\\/perle-in.com\\\/produit\\\/tasse-corzo-avec-isolation-par-le-vide-et-couche-de-cuivre-350ml\\\/#breadcrumb\",\"itemListElement\":[{\"@type\":\"ListItem\",\"position\":1,\"name\":\"Accueil\",\"item\":\"https:\\\/\\\/perle-in.com\\\/\"},{\"@type\":\"ListItem\",\"position\":2,\"name\":\"Boutique\",\"item\":\"https:\\\/\\\/perle-in.com\\\/boutique\\\/\"},{\"@type\":\"ListItem\",\"position\":3,\"name\":\"Tasse Corzo avec isolation par le vide et couche de cuivre 350ml\"}]},{\"@type\":\"WebSite\",\"@id\":\"https:\\\/\\\/perle-in.com\\\/#website\",\"url\":\"https:\\\/\\\/perle-in.com\\\/\",\"name\":\"PERLE IN\",\"description\":\"\",\"publisher\":{\"@id\":\"https:\\\/\\\/perle-in.com\\\/#organization\"},\"potentialAction\":[{\"@type\":\"SearchAction\",\"target\":{\"@type\":\"EntryPoint\",\"urlTemplate\":\"https:\\\/\\\/perle-in.com\\\/?s={search_term_string}\"},\"query-input\":{\"@type\":\"PropertyValueSpecification\",\"valueRequired\":true,\"valueName\":\"search_term_string\"}}],\"inLanguage\":\"en-CA\"},{\"@type\":\"Organization\",\"@id\":\"https:\\\/\\\/perle-in.com\\\/#organization\",\"name\":\"PERLE IN\",\"url\":\"https:\\\/\\\/perle-in.com\\\/\",\"logo\":{\"@type\":\"ImageObject\",\"inLanguage\":\"en-CA\",\"@id\":\"https:\\\/\\\/perle-in.com\\\/#\\\/schema\\\/logo\\\/image\\\/\",\"url\":\"https:\\\/\\\/perle-in.com\\\/wp-content\\\/uploads\\\/2022\\\/12\\\/LOGO-PERLE-IN-COULEUR@3x.webp\",\"contentUrl\":\"https:\\\/\\\/perle-in.com\\\/wp-content\\\/uploads\\\/2022\\\/12\\\/LOGO-PERLE-IN-COULEUR@3x.webp\",\"width\":1600,\"height\":490,\"caption\":\"PERLE IN\"},\"image\":{\"@id\":\"https:\\\/\\\/perle-in.com\\\/#\\\/schema\\\/logo\\\/image\\\/\"}}]}<\/script>\n<!-- \/ Yoast SEO plugin. -->","yoast_head_json":{"title":"Tasse Corzo avec isolation par le vide et couche de cuivre 350ml - PERLE IN","robots":{"index":"noindex","follow":"follow","max-snippet":"max-snippet:-1","max-image-preview":"max-image-preview:large","max-video-preview":"max-video-preview:-1"},"og_locale":"en_US","og_type":"article","og_title":"Tasse Corzo avec isolation par le vide et couche de cuivre 350ml - PERLE IN","og_description":"La tasse isotherme sous vide Corzo a une construction sous vide \u00e0 double paroi avec une isolation en cuivre, ce qui signifie qu'elle maintient les boissons chaudes pendant 6 heures et froides pendant 24 heures. La construction emp\u00eache la condensation \u00e0 l\u2019ext\u00e9rieur de la tasse. Buvez facilement, couvercle poussoir. Rev\u00eatement par poudre sur le corps ext\u00e9rieur. Large ouverture pour un remplissage et un service confortable. Capacit\u00e9 de 350 ml. Pr\u00e9sent\u00e9e dans une boite cadeau Avenue.","og_url":"https:\/\/perle-in.com\/en\/product\/tasse-corzo-avec-isolation-par-le-vide-et-couche-de-cuivre-350ml\/","og_site_name":"PERLE IN","article_modified_time":"2025-10-19T05:07:51+00:00","og_image":[{"width":1600,"height":1600,"url":"https:\/\/perle-in.com\/wp-content\/uploads\/2025\/10\/10051600-1.jpg","type":"image\/jpeg"}],"twitter_card":"summary_large_image","schema":{"@context":"https:\/\/schema.org","@graph":[{"@type":"WebPage","@id":"https:\/\/perle-in.com\/produit\/tasse-corzo-avec-isolation-par-le-vide-et-couche-de-cuivre-350ml\/","url":"https:\/\/perle-in.com\/produit\/tasse-corzo-avec-isolation-par-le-vide-et-couche-de-cuivre-350ml\/","name":"Tasse Corzo avec isolation par le vide et couche de cuivre 350ml - PERLE IN","isPartOf":{"@id":"https:\/\/perle-in.com\/#website"},"primaryImageOfPage":{"@id":"https:\/\/perle-in.com\/produit\/tasse-corzo-avec-isolation-par-le-vide-et-couche-de-cuivre-350ml\/#primaryimage"},"image":{"@id":"https:\/\/perle-in.com\/produit\/tasse-corzo-avec-isolation-par-le-vide-et-couche-de-cuivre-350ml\/#primaryimage"},"thumbnailUrl":"https:\/\/perle-in.com\/wp-content\/uploads\/2025\/10\/10051600-1.jpg","datePublished":"2025-10-13T13:35:41+00:00","dateModified":"2025-10-19T05:07:51+00:00","breadcrumb":{"@id":"https:\/\/perle-in.com\/produit\/tasse-corzo-avec-isolation-par-le-vide-et-couche-de-cuivre-350ml\/#breadcrumb"},"inLanguage":"en-CA","potentialAction":[{"@type":"ReadAction","target":["https:\/\/perle-in.com\/produit\/tasse-corzo-avec-isolation-par-le-vide-et-couche-de-cuivre-350ml\/"]}]},{"@type":"ImageObject","inLanguage":"en-CA","@id":"https:\/\/perle-in.com\/produit\/tasse-corzo-avec-isolation-par-le-vide-et-couche-de-cuivre-350ml\/#primaryimage","url":"https:\/\/perle-in.com\/wp-content\/uploads\/2025\/10\/10051600-1.jpg","contentUrl":"https:\/\/perle-in.com\/wp-content\/uploads\/2025\/10\/10051600-1.jpg","width":1600,"height":1600},{"@type":"BreadcrumbList","@id":"https:\/\/perle-in.com\/produit\/tasse-corzo-avec-isolation-par-le-vide-et-couche-de-cuivre-350ml\/#breadcrumb","itemListElement":[{"@type":"ListItem","position":1,"name":"Accueil","item":"https:\/\/perle-in.com\/"},{"@type":"ListItem","position":2,"name":"Boutique","item":"https:\/\/perle-in.com\/boutique\/"},{"@type":"ListItem","position":3,"name":"Tasse Corzo avec isolation par le vide et couche de cuivre 350ml"}]},{"@type":"WebSite","@id":"https:\/\/perle-in.com\/#website","url":"https:\/\/perle-in.com\/","name":"PERLE IN","description":"","publisher":{"@id":"https:\/\/perle-in.com\/#organization"},"potentialAction":[{"@type":"SearchAction","target":{"@type":"EntryPoint","urlTemplate":"https:\/\/perle-in.com\/?s={search_term_string}"},"query-input":{"@type":"PropertyValueSpecification","valueRequired":true,"valueName":"search_term_string"}}],"inLanguage":"en-CA"},{"@type":"Organization","@id":"https:\/\/perle-in.com\/#organization","name":"PERLE IN","url":"https:\/\/perle-in.com\/","logo":{"@type":"ImageObject","inLanguage":"en-CA","@id":"https:\/\/perle-in.com\/#\/schema\/logo\/image\/","url":"https:\/\/perle-in.com\/wp-content\/uploads\/2022\/12\/LOGO-PERLE-IN-COULEUR@3x.webp","contentUrl":"https:\/\/perle-in.com\/wp-content\/uploads\/2022\/12\/LOGO-PERLE-IN-COULEUR@3x.webp","width":1600,"height":490,"caption":"PERLE IN"},"image":{"@id":"https:\/\/perle-in.com\/#\/schema\/logo\/image\/"}}]}},"jetpack_sharing_enabled":true,"_links":{"self":[{"href":"https:\/\/perle-in.com\/en\/wp-json\/wp\/v2\/product\/501556","targetHints":{"allow":["GET"]}}],"collection":[{"href":"https:\/\/perle-in.com\/en\/wp-json\/wp\/v2\/product"}],"about":[{"href":"https:\/\/perle-in.com\/en\/wp-json\/wp\/v2\/types\/product"}],"version-history":[{"count":0,"href":"https:\/\/perle-in.com\/en\/wp-json\/wp\/v2\/product\/501556\/revisions"}],"wp:featuredmedia":[{"embeddable":true,"href":"https:\/\/perle-in.com\/en\/wp-json\/wp\/v2\/media\/501549"}],"wp:attachment":[{"href":"https:\/\/perle-in.com\/en\/wp-json\/wp\/v2\/media?parent=501556"}],"wp:term":[{"taxonomy":"product_brand","embeddable":true,"href":"https:\/\/perle-in.com\/en\/wp-json\/wp\/v2\/product_brand?post=501556"},{"taxonomy":"product_cat","embeddable":true,"href":"https:\/\/perle-in.com\/en\/wp-json\/wp\/v2\/product_cat?post=501556"},{"taxonomy":"product_tag","embeddable":true,"href":"https:\/\/perle-in.com\/en\/wp-json\/wp\/v2\/product_tag?post=501556"}],"curies":[{"name":"wp","href":"https:\/\/api.w.org\/{rel}","templated":true}]}}