{"id":501482,"date":"2025-10-13T15:31:53","date_gmt":"2025-10-13T13:31:53","guid":{"rendered":"https:\/\/perle-in.com\/produit\/bouteille-isotherme-vasa-sous-vide-avec-couche-de-cuivre-de-500-ml\/"},"modified":"2025-10-19T07:08:32","modified_gmt":"2025-10-19T05:08:32","slug":"bouteille-isotherme-vasa-sous-vide-avec-couche-de-cuivre-de-500-ml","status":"publish","type":"product","link":"https:\/\/perle-in.com\/en\/product\/bouteille-isotherme-vasa-sous-vide-avec-couche-de-cuivre-de-500-ml\/","title":{"rendered":"Bouteille isotherme Vasa sous vide avec couche de cuivre de 500\u00a0ml"},"content":{"rendered":"","protected":false},"excerpt":{"rendered":"<p>Gardez vos boissons chaudes pendant 12\u00a0heures ou froides pendant 48\u00a0heures avec la bouteille isotherme sous vide et couche de cuivre* Vasa. Avec double paroi et fabriqu\u00e9e en acier inoxydable avec isolation sous vide et une paroi int\u00e9rieure plaqu\u00e9e cuivre, ce qui signifie que votre boisson reste tr\u00e8s chaude ou glac\u00e9e selon vos besoins. Sans BPA, test\u00e9e et approuv\u00e9e par la l\u00e9gislation allemande sur la s\u00e9curit\u00e9 alimentaire (LFGB), et test\u00e9e pour la teneur en phtalates conform\u00e9ment \u00e0 la r\u00e9glementation REACH. Capacit\u00e9\u00a0: 500\u00a0ml. Livr\u00e9e dans une bo\u00eete cadeau.<\/p>","protected":false},"featured_media":501468,"template":"","meta":{"_eb_attr":""},"product_brand":[],"product_cat":[257,173],"product_tag":[276,275,175,274],"class_list":{"0":"post-501482","1":"product","2":"type-product","3":"status-publish","4":"has-post-thumbnail","6":"product_cat-bouteilles-isothermes","7":"product_cat-drinkware","8":"product_tag-boire","9":"product_tag-boissons","10":"product_tag-bouteille","11":"product_tag-eau","12":"pa_couleurs-argent","13":"pa_couleurs-blanc","14":"pa_couleurs-bleu","15":"pa_couleurs-citron-vert","16":"pa_couleurs-dore","17":"pa_couleurs-gris-mat","18":"pa_couleurs-noir","19":"pa_couleurs-or-rose","20":"pa_couleurs-rouge","21":"pa_couleurs-titane","22":"pa_green-points-220","23":"pa_marque-unbranded","24":"pa_matiere-acier-inoxydable","25":"pa_pays-d-origine-chine","27":"first","28":"instock","29":"shipping-taxable","30":"purchasable","31":"product-type-variable"},"yoast_head":"<!-- This site is optimized with the Yoast SEO plugin v27.4 - https:\/\/yoast.com\/product\/yoast-seo-wordpress\/ -->\n<title>Bouteille isotherme Vasa sous vide avec couche de cuivre de 500\u00a0ml - PERLE IN<\/title>\n<meta name=\"robots\" content=\"noindex, follow, max-snippet:-1, max-image-preview:large, max-video-preview:-1\" \/>\n<meta property=\"og:locale\" content=\"en_US\" \/>\n<meta property=\"og:type\" content=\"article\" \/>\n<meta property=\"og:title\" content=\"Bouteille isotherme Vasa sous vide avec couche de cuivre de 500\u00a0ml - PERLE IN\" \/>\n<meta property=\"og:description\" content=\"Gardez vos boissons chaudes pendant 12\u00a0heures ou froides pendant 48\u00a0heures avec la bouteille isotherme sous vide et couche de cuivre* Vasa. Avec double paroi et fabriqu\u00e9e en acier inoxydable avec isolation sous vide et une paroi int\u00e9rieure plaqu\u00e9e cuivre, ce qui signifie que votre boisson reste tr\u00e8s chaude ou glac\u00e9e selon vos besoins. Sans BPA, test\u00e9e et approuv\u00e9e par la l\u00e9gislation allemande sur la s\u00e9curit\u00e9 alimentaire (LFGB), et test\u00e9e pour la teneur en phtalates conform\u00e9ment \u00e0 la r\u00e9glementation REACH. Capacit\u00e9\u00a0: 500\u00a0ml. Livr\u00e9e dans une bo\u00eete cadeau.\" \/>\n<meta property=\"og:url\" content=\"https:\/\/perle-in.com\/en\/product\/bouteille-isotherme-vasa-sous-vide-avec-couche-de-cuivre-de-500-ml\/\" \/>\n<meta property=\"og:site_name\" content=\"PERLE IN\" \/>\n<meta property=\"article:modified_time\" content=\"2025-10-19T05:08:32+00:00\" \/>\n<meta property=\"og:image\" content=\"https:\/\/perle-in.com\/wp-content\/uploads\/2025\/10\/10049400-1.jpg\" \/>\n\t<meta property=\"og:image:width\" content=\"1600\" \/>\n\t<meta property=\"og:image:height\" content=\"1600\" \/>\n\t<meta property=\"og:image:type\" content=\"image\/jpeg\" \/>\n<meta name=\"twitter:card\" content=\"summary_large_image\" \/>\n<script type=\"application\/ld+json\" class=\"yoast-schema-graph\">{\"@context\":\"https:\\\/\\\/schema.org\",\"@graph\":[{\"@type\":\"WebPage\",\"@id\":\"https:\\\/\\\/perle-in.com\\\/produit\\\/bouteille-isotherme-vasa-sous-vide-avec-couche-de-cuivre-de-500-ml\\\/\",\"url\":\"https:\\\/\\\/perle-in.com\\\/produit\\\/bouteille-isotherme-vasa-sous-vide-avec-couche-de-cuivre-de-500-ml\\\/\",\"name\":\"Bouteille isotherme Vasa sous vide avec couche de cuivre de 500\u00a0ml - PERLE IN\",\"isPartOf\":{\"@id\":\"https:\\\/\\\/perle-in.com\\\/#website\"},\"primaryImageOfPage\":{\"@id\":\"https:\\\/\\\/perle-in.com\\\/produit\\\/bouteille-isotherme-vasa-sous-vide-avec-couche-de-cuivre-de-500-ml\\\/#primaryimage\"},\"image\":{\"@id\":\"https:\\\/\\\/perle-in.com\\\/produit\\\/bouteille-isotherme-vasa-sous-vide-avec-couche-de-cuivre-de-500-ml\\\/#primaryimage\"},\"thumbnailUrl\":\"https:\\\/\\\/perle-in.com\\\/wp-content\\\/uploads\\\/2025\\\/10\\\/10049400-1.jpg\",\"datePublished\":\"2025-10-13T13:31:53+00:00\",\"dateModified\":\"2025-10-19T05:08:32+00:00\",\"breadcrumb\":{\"@id\":\"https:\\\/\\\/perle-in.com\\\/produit\\\/bouteille-isotherme-vasa-sous-vide-avec-couche-de-cuivre-de-500-ml\\\/#breadcrumb\"},\"inLanguage\":\"en-CA\",\"potentialAction\":[{\"@type\":\"ReadAction\",\"target\":[\"https:\\\/\\\/perle-in.com\\\/produit\\\/bouteille-isotherme-vasa-sous-vide-avec-couche-de-cuivre-de-500-ml\\\/\"]}]},{\"@type\":\"ImageObject\",\"inLanguage\":\"en-CA\",\"@id\":\"https:\\\/\\\/perle-in.com\\\/produit\\\/bouteille-isotherme-vasa-sous-vide-avec-couche-de-cuivre-de-500-ml\\\/#primaryimage\",\"url\":\"https:\\\/\\\/perle-in.com\\\/wp-content\\\/uploads\\\/2025\\\/10\\\/10049400-1.jpg\",\"contentUrl\":\"https:\\\/\\\/perle-in.com\\\/wp-content\\\/uploads\\\/2025\\\/10\\\/10049400-1.jpg\",\"width\":1600,\"height\":1600},{\"@type\":\"BreadcrumbList\",\"@id\":\"https:\\\/\\\/perle-in.com\\\/produit\\\/bouteille-isotherme-vasa-sous-vide-avec-couche-de-cuivre-de-500-ml\\\/#breadcrumb\",\"itemListElement\":[{\"@type\":\"ListItem\",\"position\":1,\"name\":\"Accueil\",\"item\":\"https:\\\/\\\/perle-in.com\\\/\"},{\"@type\":\"ListItem\",\"position\":2,\"name\":\"Boutique\",\"item\":\"https:\\\/\\\/perle-in.com\\\/boutique\\\/\"},{\"@type\":\"ListItem\",\"position\":3,\"name\":\"Bouteille isotherme Vasa sous vide avec couche de cuivre de 500\u00a0ml\"}]},{\"@type\":\"WebSite\",\"@id\":\"https:\\\/\\\/perle-in.com\\\/#website\",\"url\":\"https:\\\/\\\/perle-in.com\\\/\",\"name\":\"PERLE IN\",\"description\":\"\",\"publisher\":{\"@id\":\"https:\\\/\\\/perle-in.com\\\/#organization\"},\"potentialAction\":[{\"@type\":\"SearchAction\",\"target\":{\"@type\":\"EntryPoint\",\"urlTemplate\":\"https:\\\/\\\/perle-in.com\\\/?s={search_term_string}\"},\"query-input\":{\"@type\":\"PropertyValueSpecification\",\"valueRequired\":true,\"valueName\":\"search_term_string\"}}],\"inLanguage\":\"en-CA\"},{\"@type\":\"Organization\",\"@id\":\"https:\\\/\\\/perle-in.com\\\/#organization\",\"name\":\"PERLE IN\",\"url\":\"https:\\\/\\\/perle-in.com\\\/\",\"logo\":{\"@type\":\"ImageObject\",\"inLanguage\":\"en-CA\",\"@id\":\"https:\\\/\\\/perle-in.com\\\/#\\\/schema\\\/logo\\\/image\\\/\",\"url\":\"https:\\\/\\\/perle-in.com\\\/wp-content\\\/uploads\\\/2022\\\/12\\\/LOGO-PERLE-IN-COULEUR@3x.webp\",\"contentUrl\":\"https:\\\/\\\/perle-in.com\\\/wp-content\\\/uploads\\\/2022\\\/12\\\/LOGO-PERLE-IN-COULEUR@3x.webp\",\"width\":1600,\"height\":490,\"caption\":\"PERLE IN\"},\"image\":{\"@id\":\"https:\\\/\\\/perle-in.com\\\/#\\\/schema\\\/logo\\\/image\\\/\"}}]}<\/script>\n<!-- \/ Yoast SEO plugin. -->","yoast_head_json":{"title":"Bouteille isotherme Vasa sous vide avec couche de cuivre de 500\u00a0ml - PERLE IN","robots":{"index":"noindex","follow":"follow","max-snippet":"max-snippet:-1","max-image-preview":"max-image-preview:large","max-video-preview":"max-video-preview:-1"},"og_locale":"en_US","og_type":"article","og_title":"Bouteille isotherme Vasa sous vide avec couche de cuivre de 500\u00a0ml - PERLE IN","og_description":"Gardez vos boissons chaudes pendant 12\u00a0heures ou froides pendant 48\u00a0heures avec la bouteille isotherme sous vide et couche de cuivre* Vasa. Avec double paroi et fabriqu\u00e9e en acier inoxydable avec isolation sous vide et une paroi int\u00e9rieure plaqu\u00e9e cuivre, ce qui signifie que votre boisson reste tr\u00e8s chaude ou glac\u00e9e selon vos besoins. Sans BPA, test\u00e9e et approuv\u00e9e par la l\u00e9gislation allemande sur la s\u00e9curit\u00e9 alimentaire (LFGB), et test\u00e9e pour la teneur en phtalates conform\u00e9ment \u00e0 la r\u00e9glementation REACH. Capacit\u00e9\u00a0: 500\u00a0ml. Livr\u00e9e dans une bo\u00eete cadeau.","og_url":"https:\/\/perle-in.com\/en\/product\/bouteille-isotherme-vasa-sous-vide-avec-couche-de-cuivre-de-500-ml\/","og_site_name":"PERLE IN","article_modified_time":"2025-10-19T05:08:32+00:00","og_image":[{"width":1600,"height":1600,"url":"https:\/\/perle-in.com\/wp-content\/uploads\/2025\/10\/10049400-1.jpg","type":"image\/jpeg"}],"twitter_card":"summary_large_image","schema":{"@context":"https:\/\/schema.org","@graph":[{"@type":"WebPage","@id":"https:\/\/perle-in.com\/produit\/bouteille-isotherme-vasa-sous-vide-avec-couche-de-cuivre-de-500-ml\/","url":"https:\/\/perle-in.com\/produit\/bouteille-isotherme-vasa-sous-vide-avec-couche-de-cuivre-de-500-ml\/","name":"Bouteille isotherme Vasa sous vide avec couche de cuivre de 500\u00a0ml - PERLE IN","isPartOf":{"@id":"https:\/\/perle-in.com\/#website"},"primaryImageOfPage":{"@id":"https:\/\/perle-in.com\/produit\/bouteille-isotherme-vasa-sous-vide-avec-couche-de-cuivre-de-500-ml\/#primaryimage"},"image":{"@id":"https:\/\/perle-in.com\/produit\/bouteille-isotherme-vasa-sous-vide-avec-couche-de-cuivre-de-500-ml\/#primaryimage"},"thumbnailUrl":"https:\/\/perle-in.com\/wp-content\/uploads\/2025\/10\/10049400-1.jpg","datePublished":"2025-10-13T13:31:53+00:00","dateModified":"2025-10-19T05:08:32+00:00","breadcrumb":{"@id":"https:\/\/perle-in.com\/produit\/bouteille-isotherme-vasa-sous-vide-avec-couche-de-cuivre-de-500-ml\/#breadcrumb"},"inLanguage":"en-CA","potentialAction":[{"@type":"ReadAction","target":["https:\/\/perle-in.com\/produit\/bouteille-isotherme-vasa-sous-vide-avec-couche-de-cuivre-de-500-ml\/"]}]},{"@type":"ImageObject","inLanguage":"en-CA","@id":"https:\/\/perle-in.com\/produit\/bouteille-isotherme-vasa-sous-vide-avec-couche-de-cuivre-de-500-ml\/#primaryimage","url":"https:\/\/perle-in.com\/wp-content\/uploads\/2025\/10\/10049400-1.jpg","contentUrl":"https:\/\/perle-in.com\/wp-content\/uploads\/2025\/10\/10049400-1.jpg","width":1600,"height":1600},{"@type":"BreadcrumbList","@id":"https:\/\/perle-in.com\/produit\/bouteille-isotherme-vasa-sous-vide-avec-couche-de-cuivre-de-500-ml\/#breadcrumb","itemListElement":[{"@type":"ListItem","position":1,"name":"Accueil","item":"https:\/\/perle-in.com\/"},{"@type":"ListItem","position":2,"name":"Boutique","item":"https:\/\/perle-in.com\/boutique\/"},{"@type":"ListItem","position":3,"name":"Bouteille isotherme Vasa sous vide avec couche de cuivre de 500\u00a0ml"}]},{"@type":"WebSite","@id":"https:\/\/perle-in.com\/#website","url":"https:\/\/perle-in.com\/","name":"PERLE IN","description":"","publisher":{"@id":"https:\/\/perle-in.com\/#organization"},"potentialAction":[{"@type":"SearchAction","target":{"@type":"EntryPoint","urlTemplate":"https:\/\/perle-in.com\/?s={search_term_string}"},"query-input":{"@type":"PropertyValueSpecification","valueRequired":true,"valueName":"search_term_string"}}],"inLanguage":"en-CA"},{"@type":"Organization","@id":"https:\/\/perle-in.com\/#organization","name":"PERLE IN","url":"https:\/\/perle-in.com\/","logo":{"@type":"ImageObject","inLanguage":"en-CA","@id":"https:\/\/perle-in.com\/#\/schema\/logo\/image\/","url":"https:\/\/perle-in.com\/wp-content\/uploads\/2022\/12\/LOGO-PERLE-IN-COULEUR@3x.webp","contentUrl":"https:\/\/perle-in.com\/wp-content\/uploads\/2022\/12\/LOGO-PERLE-IN-COULEUR@3x.webp","width":1600,"height":490,"caption":"PERLE IN"},"image":{"@id":"https:\/\/perle-in.com\/#\/schema\/logo\/image\/"}}]}},"jetpack_sharing_enabled":true,"_links":{"self":[{"href":"https:\/\/perle-in.com\/en\/wp-json\/wp\/v2\/product\/501482","targetHints":{"allow":["GET"]}}],"collection":[{"href":"https:\/\/perle-in.com\/en\/wp-json\/wp\/v2\/product"}],"about":[{"href":"https:\/\/perle-in.com\/en\/wp-json\/wp\/v2\/types\/product"}],"version-history":[{"count":0,"href":"https:\/\/perle-in.com\/en\/wp-json\/wp\/v2\/product\/501482\/revisions"}],"wp:featuredmedia":[{"embeddable":true,"href":"https:\/\/perle-in.com\/en\/wp-json\/wp\/v2\/media\/501468"}],"wp:attachment":[{"href":"https:\/\/perle-in.com\/en\/wp-json\/wp\/v2\/media?parent=501482"}],"wp:term":[{"taxonomy":"product_brand","embeddable":true,"href":"https:\/\/perle-in.com\/en\/wp-json\/wp\/v2\/product_brand?post=501482"},{"taxonomy":"product_cat","embeddable":true,"href":"https:\/\/perle-in.com\/en\/wp-json\/wp\/v2\/product_cat?post=501482"},{"taxonomy":"product_tag","embeddable":true,"href":"https:\/\/perle-in.com\/en\/wp-json\/wp\/v2\/product_tag?post=501482"}],"curies":[{"name":"wp","href":"https:\/\/api.w.org\/{rel}","templated":true}]}}