{"id":501447,"date":"2025-10-13T15:30:03","date_gmt":"2025-10-13T13:30:03","guid":{"rendered":"https:\/\/perle-in.com\/produit\/mug-riviera-340ml\/"},"modified":"2025-10-19T07:08:30","modified_gmt":"2025-10-19T05:08:30","slug":"mug-riviera-340ml","status":"publish","type":"product","link":"https:\/\/perle-in.com\/en\/product\/mug-riviera-340ml\/","title":{"rendered":"Mug Riviera 340ml"},"content":{"rendered":"","protected":false},"excerpt":{"rendered":"<p>Gr\u00e2ce \u00e0 sa finition ext\u00e9rieure mate et \u00e0 l&#8217;accentuation des couleurs \u00e0 l&#8217;int\u00e9rieur, le mug Riviera attire le regard dans n&#8217;importe quelle maison ou bureau. Ce mug robuste mais gai peut contenir jusqu&#8217;\u00e0 340 ml de boissons chaudes et est fabriqu\u00e9 en c\u00e9ramique. Le mug en c\u00e9ramique Riviera (y compris l&#8217;impression) peut \u00eatre mis au lave-vaisselle conform\u00e9ment \u00e0 la norme EN12875-1 pour au moins 125 cycles de lavage.<\/p>","protected":false},"featured_media":501436,"template":"","meta":{"_eb_attr":""},"product_brand":[],"product_cat":[173,222],"product_tag":[225,229,223,190,191,230,227],"class_list":{"0":"post-501447","1":"product","2":"type-product","3":"status-publish","4":"has-post-thumbnail","6":"product_cat-drinkware","7":"product_cat-mugs-standard","8":"product_tag-cafe","9":"product_tag-cappuccino","10":"product_tag-ceramique","11":"product_tag-mug","12":"product_tag-mugs","13":"product_tag-tasse","14":"product_tag-the","15":"pa_couleurs-noir-blanc","16":"pa_couleurs-noir-bleu","17":"pa_couleurs-noir-citron-vert","18":"pa_couleurs-noir-jaune","19":"pa_couleurs-noir-orange","20":"pa_couleurs-noir-rouge","21":"pa_green-points-263","22":"pa_marque-unbranded","23":"pa_matiere-ceramique","24":"pa_pays-d-origine-chine","26":"first","27":"instock","28":"shipping-taxable","29":"purchasable","30":"product-type-variable"},"yoast_head":"<!-- This site is optimized with the Yoast SEO plugin v27.4 - https:\/\/yoast.com\/product\/yoast-seo-wordpress\/ -->\n<title>Mug Riviera 340ml - PERLE IN<\/title>\n<meta name=\"robots\" content=\"noindex, follow, max-snippet:-1, max-image-preview:large, max-video-preview:-1\" \/>\n<meta property=\"og:locale\" content=\"en_US\" \/>\n<meta property=\"og:type\" content=\"article\" \/>\n<meta property=\"og:title\" content=\"Mug Riviera 340ml - PERLE IN\" \/>\n<meta property=\"og:description\" content=\"Gr\u00e2ce \u00e0 sa finition ext\u00e9rieure mate et \u00e0 l&#039;accentuation des couleurs \u00e0 l&#039;int\u00e9rieur, le mug Riviera attire le regard dans n&#039;importe quelle maison ou bureau. Ce mug robuste mais gai peut contenir jusqu&#039;\u00e0 340 ml de boissons chaudes et est fabriqu\u00e9 en c\u00e9ramique. Le mug en c\u00e9ramique Riviera (y compris l&#039;impression) peut \u00eatre mis au lave-vaisselle conform\u00e9ment \u00e0 la norme EN12875-1 pour au moins 125 cycles de lavage.\" \/>\n<meta property=\"og:url\" content=\"https:\/\/perle-in.com\/en\/product\/mug-riviera-340ml\/\" \/>\n<meta property=\"og:site_name\" content=\"PERLE IN\" \/>\n<meta property=\"article:modified_time\" content=\"2025-10-19T05:08:30+00:00\" \/>\n<meta property=\"og:image\" content=\"https:\/\/perle-in.com\/wp-content\/uploads\/2025\/10\/10047600-1.jpg\" \/>\n\t<meta property=\"og:image:width\" content=\"1600\" \/>\n\t<meta property=\"og:image:height\" content=\"1600\" \/>\n\t<meta property=\"og:image:type\" content=\"image\/jpeg\" \/>\n<meta name=\"twitter:card\" content=\"summary_large_image\" \/>\n<script type=\"application\/ld+json\" class=\"yoast-schema-graph\">{\"@context\":\"https:\\\/\\\/schema.org\",\"@graph\":[{\"@type\":\"WebPage\",\"@id\":\"https:\\\/\\\/perle-in.com\\\/produit\\\/mug-riviera-340ml\\\/\",\"url\":\"https:\\\/\\\/perle-in.com\\\/produit\\\/mug-riviera-340ml\\\/\",\"name\":\"Mug Riviera 340ml - PERLE IN\",\"isPartOf\":{\"@id\":\"https:\\\/\\\/perle-in.com\\\/#website\"},\"primaryImageOfPage\":{\"@id\":\"https:\\\/\\\/perle-in.com\\\/produit\\\/mug-riviera-340ml\\\/#primaryimage\"},\"image\":{\"@id\":\"https:\\\/\\\/perle-in.com\\\/produit\\\/mug-riviera-340ml\\\/#primaryimage\"},\"thumbnailUrl\":\"https:\\\/\\\/perle-in.com\\\/wp-content\\\/uploads\\\/2025\\\/10\\\/10047600-1.jpg\",\"datePublished\":\"2025-10-13T13:30:03+00:00\",\"dateModified\":\"2025-10-19T05:08:30+00:00\",\"breadcrumb\":{\"@id\":\"https:\\\/\\\/perle-in.com\\\/produit\\\/mug-riviera-340ml\\\/#breadcrumb\"},\"inLanguage\":\"en-CA\",\"potentialAction\":[{\"@type\":\"ReadAction\",\"target\":[\"https:\\\/\\\/perle-in.com\\\/produit\\\/mug-riviera-340ml\\\/\"]}]},{\"@type\":\"ImageObject\",\"inLanguage\":\"en-CA\",\"@id\":\"https:\\\/\\\/perle-in.com\\\/produit\\\/mug-riviera-340ml\\\/#primaryimage\",\"url\":\"https:\\\/\\\/perle-in.com\\\/wp-content\\\/uploads\\\/2025\\\/10\\\/10047600-1.jpg\",\"contentUrl\":\"https:\\\/\\\/perle-in.com\\\/wp-content\\\/uploads\\\/2025\\\/10\\\/10047600-1.jpg\",\"width\":1600,\"height\":1600},{\"@type\":\"BreadcrumbList\",\"@id\":\"https:\\\/\\\/perle-in.com\\\/produit\\\/mug-riviera-340ml\\\/#breadcrumb\",\"itemListElement\":[{\"@type\":\"ListItem\",\"position\":1,\"name\":\"Accueil\",\"item\":\"https:\\\/\\\/perle-in.com\\\/\"},{\"@type\":\"ListItem\",\"position\":2,\"name\":\"Boutique\",\"item\":\"https:\\\/\\\/perle-in.com\\\/boutique\\\/\"},{\"@type\":\"ListItem\",\"position\":3,\"name\":\"Mug Riviera 340ml\"}]},{\"@type\":\"WebSite\",\"@id\":\"https:\\\/\\\/perle-in.com\\\/#website\",\"url\":\"https:\\\/\\\/perle-in.com\\\/\",\"name\":\"PERLE IN\",\"description\":\"\",\"publisher\":{\"@id\":\"https:\\\/\\\/perle-in.com\\\/#organization\"},\"potentialAction\":[{\"@type\":\"SearchAction\",\"target\":{\"@type\":\"EntryPoint\",\"urlTemplate\":\"https:\\\/\\\/perle-in.com\\\/?s={search_term_string}\"},\"query-input\":{\"@type\":\"PropertyValueSpecification\",\"valueRequired\":true,\"valueName\":\"search_term_string\"}}],\"inLanguage\":\"en-CA\"},{\"@type\":\"Organization\",\"@id\":\"https:\\\/\\\/perle-in.com\\\/#organization\",\"name\":\"PERLE IN\",\"url\":\"https:\\\/\\\/perle-in.com\\\/\",\"logo\":{\"@type\":\"ImageObject\",\"inLanguage\":\"en-CA\",\"@id\":\"https:\\\/\\\/perle-in.com\\\/#\\\/schema\\\/logo\\\/image\\\/\",\"url\":\"https:\\\/\\\/perle-in.com\\\/wp-content\\\/uploads\\\/2022\\\/12\\\/LOGO-PERLE-IN-COULEUR@3x.webp\",\"contentUrl\":\"https:\\\/\\\/perle-in.com\\\/wp-content\\\/uploads\\\/2022\\\/12\\\/LOGO-PERLE-IN-COULEUR@3x.webp\",\"width\":1600,\"height\":490,\"caption\":\"PERLE IN\"},\"image\":{\"@id\":\"https:\\\/\\\/perle-in.com\\\/#\\\/schema\\\/logo\\\/image\\\/\"}}]}<\/script>\n<!-- \/ Yoast SEO plugin. -->","yoast_head_json":{"title":"Mug Riviera 340ml - PERLE IN","robots":{"index":"noindex","follow":"follow","max-snippet":"max-snippet:-1","max-image-preview":"max-image-preview:large","max-video-preview":"max-video-preview:-1"},"og_locale":"en_US","og_type":"article","og_title":"Mug Riviera 340ml - PERLE IN","og_description":"Gr\u00e2ce \u00e0 sa finition ext\u00e9rieure mate et \u00e0 l'accentuation des couleurs \u00e0 l'int\u00e9rieur, le mug Riviera attire le regard dans n'importe quelle maison ou bureau. Ce mug robuste mais gai peut contenir jusqu'\u00e0 340 ml de boissons chaudes et est fabriqu\u00e9 en c\u00e9ramique. Le mug en c\u00e9ramique Riviera (y compris l'impression) peut \u00eatre mis au lave-vaisselle conform\u00e9ment \u00e0 la norme EN12875-1 pour au moins 125 cycles de lavage.","og_url":"https:\/\/perle-in.com\/en\/product\/mug-riviera-340ml\/","og_site_name":"PERLE IN","article_modified_time":"2025-10-19T05:08:30+00:00","og_image":[{"width":1600,"height":1600,"url":"https:\/\/perle-in.com\/wp-content\/uploads\/2025\/10\/10047600-1.jpg","type":"image\/jpeg"}],"twitter_card":"summary_large_image","schema":{"@context":"https:\/\/schema.org","@graph":[{"@type":"WebPage","@id":"https:\/\/perle-in.com\/produit\/mug-riviera-340ml\/","url":"https:\/\/perle-in.com\/produit\/mug-riviera-340ml\/","name":"Mug Riviera 340ml - PERLE IN","isPartOf":{"@id":"https:\/\/perle-in.com\/#website"},"primaryImageOfPage":{"@id":"https:\/\/perle-in.com\/produit\/mug-riviera-340ml\/#primaryimage"},"image":{"@id":"https:\/\/perle-in.com\/produit\/mug-riviera-340ml\/#primaryimage"},"thumbnailUrl":"https:\/\/perle-in.com\/wp-content\/uploads\/2025\/10\/10047600-1.jpg","datePublished":"2025-10-13T13:30:03+00:00","dateModified":"2025-10-19T05:08:30+00:00","breadcrumb":{"@id":"https:\/\/perle-in.com\/produit\/mug-riviera-340ml\/#breadcrumb"},"inLanguage":"en-CA","potentialAction":[{"@type":"ReadAction","target":["https:\/\/perle-in.com\/produit\/mug-riviera-340ml\/"]}]},{"@type":"ImageObject","inLanguage":"en-CA","@id":"https:\/\/perle-in.com\/produit\/mug-riviera-340ml\/#primaryimage","url":"https:\/\/perle-in.com\/wp-content\/uploads\/2025\/10\/10047600-1.jpg","contentUrl":"https:\/\/perle-in.com\/wp-content\/uploads\/2025\/10\/10047600-1.jpg","width":1600,"height":1600},{"@type":"BreadcrumbList","@id":"https:\/\/perle-in.com\/produit\/mug-riviera-340ml\/#breadcrumb","itemListElement":[{"@type":"ListItem","position":1,"name":"Accueil","item":"https:\/\/perle-in.com\/"},{"@type":"ListItem","position":2,"name":"Boutique","item":"https:\/\/perle-in.com\/boutique\/"},{"@type":"ListItem","position":3,"name":"Mug Riviera 340ml"}]},{"@type":"WebSite","@id":"https:\/\/perle-in.com\/#website","url":"https:\/\/perle-in.com\/","name":"PERLE IN","description":"","publisher":{"@id":"https:\/\/perle-in.com\/#organization"},"potentialAction":[{"@type":"SearchAction","target":{"@type":"EntryPoint","urlTemplate":"https:\/\/perle-in.com\/?s={search_term_string}"},"query-input":{"@type":"PropertyValueSpecification","valueRequired":true,"valueName":"search_term_string"}}],"inLanguage":"en-CA"},{"@type":"Organization","@id":"https:\/\/perle-in.com\/#organization","name":"PERLE IN","url":"https:\/\/perle-in.com\/","logo":{"@type":"ImageObject","inLanguage":"en-CA","@id":"https:\/\/perle-in.com\/#\/schema\/logo\/image\/","url":"https:\/\/perle-in.com\/wp-content\/uploads\/2022\/12\/LOGO-PERLE-IN-COULEUR@3x.webp","contentUrl":"https:\/\/perle-in.com\/wp-content\/uploads\/2022\/12\/LOGO-PERLE-IN-COULEUR@3x.webp","width":1600,"height":490,"caption":"PERLE IN"},"image":{"@id":"https:\/\/perle-in.com\/#\/schema\/logo\/image\/"}}]}},"jetpack_sharing_enabled":true,"_links":{"self":[{"href":"https:\/\/perle-in.com\/en\/wp-json\/wp\/v2\/product\/501447","targetHints":{"allow":["GET"]}}],"collection":[{"href":"https:\/\/perle-in.com\/en\/wp-json\/wp\/v2\/product"}],"about":[{"href":"https:\/\/perle-in.com\/en\/wp-json\/wp\/v2\/types\/product"}],"version-history":[{"count":0,"href":"https:\/\/perle-in.com\/en\/wp-json\/wp\/v2\/product\/501447\/revisions"}],"wp:featuredmedia":[{"embeddable":true,"href":"https:\/\/perle-in.com\/en\/wp-json\/wp\/v2\/media\/501436"}],"wp:attachment":[{"href":"https:\/\/perle-in.com\/en\/wp-json\/wp\/v2\/media?parent=501447"}],"wp:term":[{"taxonomy":"product_brand","embeddable":true,"href":"https:\/\/perle-in.com\/en\/wp-json\/wp\/v2\/product_brand?post=501447"},{"taxonomy":"product_cat","embeddable":true,"href":"https:\/\/perle-in.com\/en\/wp-json\/wp\/v2\/product_cat?post=501447"},{"taxonomy":"product_tag","embeddable":true,"href":"https:\/\/perle-in.com\/en\/wp-json\/wp\/v2\/product_tag?post=501447"}],"curies":[{"name":"wp","href":"https:\/\/api.w.org\/{rel}","templated":true}]}}