{"id":501416,"date":"2025-10-13T15:27:48","date_gmt":"2025-10-13T13:27:48","guid":{"rendered":"https:\/\/perle-in.com\/produit\/mug-ceramique-hearth-400ml\/"},"modified":"2025-10-19T07:08:26","modified_gmt":"2025-10-19T05:08:26","slug":"mug-ceramique-hearth-400ml","status":"publish","type":"product","link":"https:\/\/perle-in.com\/en\/product\/mug-ceramique-hearth-400ml\/","title":{"rendered":"Mug c\u00e9ramique Hearth 400ml"},"content":{"rendered":"","protected":false},"excerpt":{"rendered":"<p>L&#8217;agr\u00e9able tasse en c\u00e9ramique Heart de 400 ml avec une finition mate et un dessous de verre en bois est un compagnon tendance pour une boisson chaude lors des froides journ\u00e9es d&#8217;hiver. Son design rond se remarque partout, tout comme l&#8217;accent de couleur \u00e0 l&#8217;int\u00e9rieur. La c\u00e9ramique est r\u00e9sistante \u00e0 la chaleur et le dessous de verre peut \u00e9galement \u00eatre utilis\u00e9 comme couvercle. Le mug Hearth (y compris l&#8217;impression) peut \u00eatre mis au lave-vaisselle conform\u00e9ment \u00e0 la norme EN12875-1 pour au moins 125 lavages. <\/p>","protected":false},"featured_media":501387,"template":"","meta":{"_eb_attr":""},"product_brand":[],"product_cat":[173,222],"product_tag":[225,229,223,190,191,230,227],"class_list":{"0":"post-501416","1":"product","2":"type-product","3":"status-publish","4":"has-post-thumbnail","6":"product_cat-drinkware","7":"product_cat-mugs-standard","8":"product_tag-cafe","9":"product_tag-cappuccino","10":"product_tag-ceramique","11":"product_tag-mug","12":"product_tag-mugs","13":"product_tag-tasse","14":"product_tag-the","15":"pa_couleurs-noir-blanc","16":"pa_couleurs-noir-bleu","17":"pa_couleurs-noir-rouge","18":"pa_green-points-220","19":"pa_marque-unbranded","20":"pa_matiere-ceramique","21":"pa_pays-d-origine-chine","23":"first","24":"instock","25":"shipping-taxable","26":"purchasable","27":"product-type-variable"},"yoast_head":"<!-- This site is optimized with the Yoast SEO plugin v27.4 - https:\/\/yoast.com\/product\/yoast-seo-wordpress\/ -->\n<title>Mug c\u00e9ramique Hearth 400ml - PERLE IN<\/title>\n<meta name=\"robots\" content=\"noindex, follow, max-snippet:-1, max-image-preview:large, max-video-preview:-1\" \/>\n<meta property=\"og:locale\" content=\"en_US\" \/>\n<meta property=\"og:type\" content=\"article\" \/>\n<meta property=\"og:title\" content=\"Mug c\u00e9ramique Hearth 400ml - PERLE IN\" \/>\n<meta property=\"og:description\" content=\"L&#039;agr\u00e9able tasse en c\u00e9ramique Heart de 400 ml avec une finition mate et un dessous de verre en bois est un compagnon tendance pour une boisson chaude lors des froides journ\u00e9es d&#039;hiver. Son design rond se remarque partout, tout comme l&#039;accent de couleur \u00e0 l&#039;int\u00e9rieur. La c\u00e9ramique est r\u00e9sistante \u00e0 la chaleur et le dessous de verre peut \u00e9galement \u00eatre utilis\u00e9 comme couvercle. Le mug Hearth (y compris l&#039;impression) peut \u00eatre mis au lave-vaisselle conform\u00e9ment \u00e0 la norme EN12875-1 pour au moins 125 lavages.\" \/>\n<meta property=\"og:url\" content=\"https:\/\/perle-in.com\/en\/product\/mug-ceramique-hearth-400ml\/\" \/>\n<meta property=\"og:site_name\" content=\"PERLE IN\" \/>\n<meta property=\"article:modified_time\" content=\"2025-10-19T05:08:26+00:00\" \/>\n<meta property=\"og:image\" content=\"https:\/\/perle-in.com\/wp-content\/uploads\/2025\/10\/10046600-3.jpg\" \/>\n\t<meta property=\"og:image:width\" content=\"1600\" \/>\n\t<meta property=\"og:image:height\" content=\"1600\" \/>\n\t<meta property=\"og:image:type\" content=\"image\/jpeg\" \/>\n<meta name=\"twitter:card\" content=\"summary_large_image\" \/>\n<script type=\"application\/ld+json\" class=\"yoast-schema-graph\">{\"@context\":\"https:\\\/\\\/schema.org\",\"@graph\":[{\"@type\":\"WebPage\",\"@id\":\"https:\\\/\\\/perle-in.com\\\/produit\\\/mug-ceramique-hearth-400ml\\\/\",\"url\":\"https:\\\/\\\/perle-in.com\\\/produit\\\/mug-ceramique-hearth-400ml\\\/\",\"name\":\"Mug c\u00e9ramique Hearth 400ml - PERLE IN\",\"isPartOf\":{\"@id\":\"https:\\\/\\\/perle-in.com\\\/#website\"},\"primaryImageOfPage\":{\"@id\":\"https:\\\/\\\/perle-in.com\\\/produit\\\/mug-ceramique-hearth-400ml\\\/#primaryimage\"},\"image\":{\"@id\":\"https:\\\/\\\/perle-in.com\\\/produit\\\/mug-ceramique-hearth-400ml\\\/#primaryimage\"},\"thumbnailUrl\":\"https:\\\/\\\/perle-in.com\\\/wp-content\\\/uploads\\\/2025\\\/10\\\/10046600-3.jpg\",\"datePublished\":\"2025-10-13T13:27:48+00:00\",\"dateModified\":\"2025-10-19T05:08:26+00:00\",\"breadcrumb\":{\"@id\":\"https:\\\/\\\/perle-in.com\\\/produit\\\/mug-ceramique-hearth-400ml\\\/#breadcrumb\"},\"inLanguage\":\"en-CA\",\"potentialAction\":[{\"@type\":\"ReadAction\",\"target\":[\"https:\\\/\\\/perle-in.com\\\/produit\\\/mug-ceramique-hearth-400ml\\\/\"]}]},{\"@type\":\"ImageObject\",\"inLanguage\":\"en-CA\",\"@id\":\"https:\\\/\\\/perle-in.com\\\/produit\\\/mug-ceramique-hearth-400ml\\\/#primaryimage\",\"url\":\"https:\\\/\\\/perle-in.com\\\/wp-content\\\/uploads\\\/2025\\\/10\\\/10046600-3.jpg\",\"contentUrl\":\"https:\\\/\\\/perle-in.com\\\/wp-content\\\/uploads\\\/2025\\\/10\\\/10046600-3.jpg\",\"width\":1600,\"height\":1600},{\"@type\":\"BreadcrumbList\",\"@id\":\"https:\\\/\\\/perle-in.com\\\/produit\\\/mug-ceramique-hearth-400ml\\\/#breadcrumb\",\"itemListElement\":[{\"@type\":\"ListItem\",\"position\":1,\"name\":\"Accueil\",\"item\":\"https:\\\/\\\/perle-in.com\\\/\"},{\"@type\":\"ListItem\",\"position\":2,\"name\":\"Boutique\",\"item\":\"https:\\\/\\\/perle-in.com\\\/boutique\\\/\"},{\"@type\":\"ListItem\",\"position\":3,\"name\":\"Mug c\u00e9ramique Hearth 400ml\"}]},{\"@type\":\"WebSite\",\"@id\":\"https:\\\/\\\/perle-in.com\\\/#website\",\"url\":\"https:\\\/\\\/perle-in.com\\\/\",\"name\":\"PERLE IN\",\"description\":\"\",\"publisher\":{\"@id\":\"https:\\\/\\\/perle-in.com\\\/#organization\"},\"potentialAction\":[{\"@type\":\"SearchAction\",\"target\":{\"@type\":\"EntryPoint\",\"urlTemplate\":\"https:\\\/\\\/perle-in.com\\\/?s={search_term_string}\"},\"query-input\":{\"@type\":\"PropertyValueSpecification\",\"valueRequired\":true,\"valueName\":\"search_term_string\"}}],\"inLanguage\":\"en-CA\"},{\"@type\":\"Organization\",\"@id\":\"https:\\\/\\\/perle-in.com\\\/#organization\",\"name\":\"PERLE IN\",\"url\":\"https:\\\/\\\/perle-in.com\\\/\",\"logo\":{\"@type\":\"ImageObject\",\"inLanguage\":\"en-CA\",\"@id\":\"https:\\\/\\\/perle-in.com\\\/#\\\/schema\\\/logo\\\/image\\\/\",\"url\":\"https:\\\/\\\/perle-in.com\\\/wp-content\\\/uploads\\\/2022\\\/12\\\/LOGO-PERLE-IN-COULEUR@3x.webp\",\"contentUrl\":\"https:\\\/\\\/perle-in.com\\\/wp-content\\\/uploads\\\/2022\\\/12\\\/LOGO-PERLE-IN-COULEUR@3x.webp\",\"width\":1600,\"height\":490,\"caption\":\"PERLE IN\"},\"image\":{\"@id\":\"https:\\\/\\\/perle-in.com\\\/#\\\/schema\\\/logo\\\/image\\\/\"}}]}<\/script>\n<!-- \/ Yoast SEO plugin. -->","yoast_head_json":{"title":"Mug c\u00e9ramique Hearth 400ml - PERLE IN","robots":{"index":"noindex","follow":"follow","max-snippet":"max-snippet:-1","max-image-preview":"max-image-preview:large","max-video-preview":"max-video-preview:-1"},"og_locale":"en_US","og_type":"article","og_title":"Mug c\u00e9ramique Hearth 400ml - PERLE IN","og_description":"L'agr\u00e9able tasse en c\u00e9ramique Heart de 400 ml avec une finition mate et un dessous de verre en bois est un compagnon tendance pour une boisson chaude lors des froides journ\u00e9es d'hiver. Son design rond se remarque partout, tout comme l'accent de couleur \u00e0 l'int\u00e9rieur. La c\u00e9ramique est r\u00e9sistante \u00e0 la chaleur et le dessous de verre peut \u00e9galement \u00eatre utilis\u00e9 comme couvercle. Le mug Hearth (y compris l'impression) peut \u00eatre mis au lave-vaisselle conform\u00e9ment \u00e0 la norme EN12875-1 pour au moins 125 lavages.","og_url":"https:\/\/perle-in.com\/en\/product\/mug-ceramique-hearth-400ml\/","og_site_name":"PERLE IN","article_modified_time":"2025-10-19T05:08:26+00:00","og_image":[{"width":1600,"height":1600,"url":"https:\/\/perle-in.com\/wp-content\/uploads\/2025\/10\/10046600-3.jpg","type":"image\/jpeg"}],"twitter_card":"summary_large_image","schema":{"@context":"https:\/\/schema.org","@graph":[{"@type":"WebPage","@id":"https:\/\/perle-in.com\/produit\/mug-ceramique-hearth-400ml\/","url":"https:\/\/perle-in.com\/produit\/mug-ceramique-hearth-400ml\/","name":"Mug c\u00e9ramique Hearth 400ml - PERLE IN","isPartOf":{"@id":"https:\/\/perle-in.com\/#website"},"primaryImageOfPage":{"@id":"https:\/\/perle-in.com\/produit\/mug-ceramique-hearth-400ml\/#primaryimage"},"image":{"@id":"https:\/\/perle-in.com\/produit\/mug-ceramique-hearth-400ml\/#primaryimage"},"thumbnailUrl":"https:\/\/perle-in.com\/wp-content\/uploads\/2025\/10\/10046600-3.jpg","datePublished":"2025-10-13T13:27:48+00:00","dateModified":"2025-10-19T05:08:26+00:00","breadcrumb":{"@id":"https:\/\/perle-in.com\/produit\/mug-ceramique-hearth-400ml\/#breadcrumb"},"inLanguage":"en-CA","potentialAction":[{"@type":"ReadAction","target":["https:\/\/perle-in.com\/produit\/mug-ceramique-hearth-400ml\/"]}]},{"@type":"ImageObject","inLanguage":"en-CA","@id":"https:\/\/perle-in.com\/produit\/mug-ceramique-hearth-400ml\/#primaryimage","url":"https:\/\/perle-in.com\/wp-content\/uploads\/2025\/10\/10046600-3.jpg","contentUrl":"https:\/\/perle-in.com\/wp-content\/uploads\/2025\/10\/10046600-3.jpg","width":1600,"height":1600},{"@type":"BreadcrumbList","@id":"https:\/\/perle-in.com\/produit\/mug-ceramique-hearth-400ml\/#breadcrumb","itemListElement":[{"@type":"ListItem","position":1,"name":"Accueil","item":"https:\/\/perle-in.com\/"},{"@type":"ListItem","position":2,"name":"Boutique","item":"https:\/\/perle-in.com\/boutique\/"},{"@type":"ListItem","position":3,"name":"Mug c\u00e9ramique Hearth 400ml"}]},{"@type":"WebSite","@id":"https:\/\/perle-in.com\/#website","url":"https:\/\/perle-in.com\/","name":"PERLE IN","description":"","publisher":{"@id":"https:\/\/perle-in.com\/#organization"},"potentialAction":[{"@type":"SearchAction","target":{"@type":"EntryPoint","urlTemplate":"https:\/\/perle-in.com\/?s={search_term_string}"},"query-input":{"@type":"PropertyValueSpecification","valueRequired":true,"valueName":"search_term_string"}}],"inLanguage":"en-CA"},{"@type":"Organization","@id":"https:\/\/perle-in.com\/#organization","name":"PERLE IN","url":"https:\/\/perle-in.com\/","logo":{"@type":"ImageObject","inLanguage":"en-CA","@id":"https:\/\/perle-in.com\/#\/schema\/logo\/image\/","url":"https:\/\/perle-in.com\/wp-content\/uploads\/2022\/12\/LOGO-PERLE-IN-COULEUR@3x.webp","contentUrl":"https:\/\/perle-in.com\/wp-content\/uploads\/2022\/12\/LOGO-PERLE-IN-COULEUR@3x.webp","width":1600,"height":490,"caption":"PERLE IN"},"image":{"@id":"https:\/\/perle-in.com\/#\/schema\/logo\/image\/"}}]}},"jetpack_sharing_enabled":true,"_links":{"self":[{"href":"https:\/\/perle-in.com\/en\/wp-json\/wp\/v2\/product\/501416","targetHints":{"allow":["GET"]}}],"collection":[{"href":"https:\/\/perle-in.com\/en\/wp-json\/wp\/v2\/product"}],"about":[{"href":"https:\/\/perle-in.com\/en\/wp-json\/wp\/v2\/types\/product"}],"version-history":[{"count":0,"href":"https:\/\/perle-in.com\/en\/wp-json\/wp\/v2\/product\/501416\/revisions"}],"wp:featuredmedia":[{"embeddable":true,"href":"https:\/\/perle-in.com\/en\/wp-json\/wp\/v2\/media\/501387"}],"wp:attachment":[{"href":"https:\/\/perle-in.com\/en\/wp-json\/wp\/v2\/media?parent=501416"}],"wp:term":[{"taxonomy":"product_brand","embeddable":true,"href":"https:\/\/perle-in.com\/en\/wp-json\/wp\/v2\/product_brand?post=501416"},{"taxonomy":"product_cat","embeddable":true,"href":"https:\/\/perle-in.com\/en\/wp-json\/wp\/v2\/product_cat?post=501416"},{"taxonomy":"product_tag","embeddable":true,"href":"https:\/\/perle-in.com\/en\/wp-json\/wp\/v2\/product_tag?post=501416"}],"curies":[{"name":"wp","href":"https:\/\/api.w.org\/{rel}","templated":true}]}}