{"id":501297,"date":"2025-10-13T15:26:45","date_gmt":"2025-10-13T13:26:45","guid":{"rendered":"https:\/\/perle-in.com\/produit\/poncho-jetable-pour-la-pluie-avec-pochette-de-rangement-ziva\/"},"modified":"2025-10-19T07:08:22","modified_gmt":"2025-10-19T05:08:22","slug":"poncho-jetable-pour-la-pluie-avec-pochette-de-rangement-ziva","status":"publish","type":"product","link":"https:\/\/perle-in.com\/en\/product\/poncho-jetable-pour-la-pluie-avec-pochette-de-rangement-ziva\/","title":{"rendered":"Poncho jetable pour la pluie avec pochette de rangement Ziva"},"content":{"rendered":"","protected":false},"excerpt":{"rendered":"<p>Rester au sec lors de tout \u00e9v\u00e9nement ext\u00e9rieur est possible gr\u00e2ce au poncho de pluie jetable Ziva (90 x 120 cm), de taille unique. Ce poncho de pluie transparent \u00e0 capuche est excellent pour servir de poncho d&#8217;urgence en cas d&#8217;orage lors d&#8217;un festival en plein air. Le poncho de pluie Ziva est livr\u00e9 dans une pochette refermable qui peut \u00eatre imprim\u00e9e.<\/p>","protected":false},"featured_media":501274,"template":"","meta":{"_eb_attr":""},"product_brand":[],"product_cat":[244,245],"product_tag":[254,1342,1343,1346,248,246,1344,247,1345],"class_list":{"0":"post-501297","1":"product","2":"type-product","3":"status-publish","4":"has-post-thumbnail","6":"product_cat-parapluies","7":"product_cat-ponchos-de-pluie","8":"product_tag-impermeable","9":"product_tag-manteau-impermeable","10":"product_tag-manteaux-impermeables","11":"product_tag-meteo","12":"product_tag-pluie","13":"product_tag-poncho","14":"product_tag-poncho-impermeable-jetable","15":"product_tag-ponchos","16":"product_tag-ponchos-impermeables-jetables","17":"pa_couleurs-blanc","18":"pa_couleurs-bleu-royal","19":"pa_couleurs-citron-vert","20":"pa_couleurs-jaune","21":"pa_couleurs-noir","22":"pa_couleurs-orange","23":"pa_couleurs-rose","24":"pa_couleurs-rouge","25":"pa_green-points-171","26":"pa_marque-unbranded","27":"pa_matiere-plastique-pe","28":"pa_pays-d-origine-chine","30":"first","31":"instock","32":"shipping-taxable","33":"purchasable","34":"product-type-variable"},"yoast_head":"<!-- This site is optimized with the Yoast SEO plugin v27.4 - https:\/\/yoast.com\/product\/yoast-seo-wordpress\/ -->\n<title>Poncho jetable pour la pluie avec pochette de rangement Ziva - PERLE IN<\/title>\n<meta name=\"robots\" content=\"noindex, follow, max-snippet:-1, max-image-preview:large, max-video-preview:-1\" \/>\n<meta property=\"og:locale\" content=\"en_US\" \/>\n<meta property=\"og:type\" content=\"article\" \/>\n<meta property=\"og:title\" content=\"Poncho jetable pour la pluie avec pochette de rangement Ziva - PERLE IN\" \/>\n<meta property=\"og:description\" content=\"Rester au sec lors de tout \u00e9v\u00e9nement ext\u00e9rieur est possible gr\u00e2ce au poncho de pluie jetable Ziva (90 x 120 cm), de taille unique. Ce poncho de pluie transparent \u00e0 capuche est excellent pour servir de poncho d&#039;urgence en cas d&#039;orage lors d&#039;un festival en plein air. Le poncho de pluie Ziva est livr\u00e9 dans une pochette refermable qui peut \u00eatre imprim\u00e9e.\" \/>\n<meta property=\"og:url\" content=\"https:\/\/perle-in.com\/en\/product\/poncho-jetable-pour-la-pluie-avec-pochette-de-rangement-ziva\/\" \/>\n<meta property=\"og:site_name\" content=\"PERLE IN\" \/>\n<meta property=\"article:modified_time\" content=\"2025-10-19T05:08:22+00:00\" \/>\n<meta property=\"og:image\" content=\"https:\/\/perle-in.com\/wp-content\/uploads\/2025\/10\/10042900-2.jpg\" \/>\n\t<meta property=\"og:image:width\" content=\"1600\" \/>\n\t<meta property=\"og:image:height\" content=\"1600\" \/>\n\t<meta property=\"og:image:type\" content=\"image\/jpeg\" \/>\n<meta name=\"twitter:card\" content=\"summary_large_image\" \/>\n<script type=\"application\/ld+json\" class=\"yoast-schema-graph\">{\"@context\":\"https:\\\/\\\/schema.org\",\"@graph\":[{\"@type\":\"WebPage\",\"@id\":\"https:\\\/\\\/perle-in.com\\\/produit\\\/poncho-jetable-pour-la-pluie-avec-pochette-de-rangement-ziva\\\/\",\"url\":\"https:\\\/\\\/perle-in.com\\\/produit\\\/poncho-jetable-pour-la-pluie-avec-pochette-de-rangement-ziva\\\/\",\"name\":\"Poncho jetable pour la pluie avec pochette de rangement Ziva - PERLE IN\",\"isPartOf\":{\"@id\":\"https:\\\/\\\/perle-in.com\\\/#website\"},\"primaryImageOfPage\":{\"@id\":\"https:\\\/\\\/perle-in.com\\\/produit\\\/poncho-jetable-pour-la-pluie-avec-pochette-de-rangement-ziva\\\/#primaryimage\"},\"image\":{\"@id\":\"https:\\\/\\\/perle-in.com\\\/produit\\\/poncho-jetable-pour-la-pluie-avec-pochette-de-rangement-ziva\\\/#primaryimage\"},\"thumbnailUrl\":\"https:\\\/\\\/perle-in.com\\\/wp-content\\\/uploads\\\/2025\\\/10\\\/10042900-2.jpg\",\"datePublished\":\"2025-10-13T13:26:45+00:00\",\"dateModified\":\"2025-10-19T05:08:22+00:00\",\"breadcrumb\":{\"@id\":\"https:\\\/\\\/perle-in.com\\\/produit\\\/poncho-jetable-pour-la-pluie-avec-pochette-de-rangement-ziva\\\/#breadcrumb\"},\"inLanguage\":\"en-CA\",\"potentialAction\":[{\"@type\":\"ReadAction\",\"target\":[\"https:\\\/\\\/perle-in.com\\\/produit\\\/poncho-jetable-pour-la-pluie-avec-pochette-de-rangement-ziva\\\/\"]}]},{\"@type\":\"ImageObject\",\"inLanguage\":\"en-CA\",\"@id\":\"https:\\\/\\\/perle-in.com\\\/produit\\\/poncho-jetable-pour-la-pluie-avec-pochette-de-rangement-ziva\\\/#primaryimage\",\"url\":\"https:\\\/\\\/perle-in.com\\\/wp-content\\\/uploads\\\/2025\\\/10\\\/10042900-2.jpg\",\"contentUrl\":\"https:\\\/\\\/perle-in.com\\\/wp-content\\\/uploads\\\/2025\\\/10\\\/10042900-2.jpg\",\"width\":1600,\"height\":1600},{\"@type\":\"BreadcrumbList\",\"@id\":\"https:\\\/\\\/perle-in.com\\\/produit\\\/poncho-jetable-pour-la-pluie-avec-pochette-de-rangement-ziva\\\/#breadcrumb\",\"itemListElement\":[{\"@type\":\"ListItem\",\"position\":1,\"name\":\"Accueil\",\"item\":\"https:\\\/\\\/perle-in.com\\\/\"},{\"@type\":\"ListItem\",\"position\":2,\"name\":\"Boutique\",\"item\":\"https:\\\/\\\/perle-in.com\\\/boutique\\\/\"},{\"@type\":\"ListItem\",\"position\":3,\"name\":\"Poncho jetable pour la pluie avec pochette de rangement Ziva\"}]},{\"@type\":\"WebSite\",\"@id\":\"https:\\\/\\\/perle-in.com\\\/#website\",\"url\":\"https:\\\/\\\/perle-in.com\\\/\",\"name\":\"PERLE IN\",\"description\":\"\",\"publisher\":{\"@id\":\"https:\\\/\\\/perle-in.com\\\/#organization\"},\"potentialAction\":[{\"@type\":\"SearchAction\",\"target\":{\"@type\":\"EntryPoint\",\"urlTemplate\":\"https:\\\/\\\/perle-in.com\\\/?s={search_term_string}\"},\"query-input\":{\"@type\":\"PropertyValueSpecification\",\"valueRequired\":true,\"valueName\":\"search_term_string\"}}],\"inLanguage\":\"en-CA\"},{\"@type\":\"Organization\",\"@id\":\"https:\\\/\\\/perle-in.com\\\/#organization\",\"name\":\"PERLE IN\",\"url\":\"https:\\\/\\\/perle-in.com\\\/\",\"logo\":{\"@type\":\"ImageObject\",\"inLanguage\":\"en-CA\",\"@id\":\"https:\\\/\\\/perle-in.com\\\/#\\\/schema\\\/logo\\\/image\\\/\",\"url\":\"https:\\\/\\\/perle-in.com\\\/wp-content\\\/uploads\\\/2022\\\/12\\\/LOGO-PERLE-IN-COULEUR@3x.webp\",\"contentUrl\":\"https:\\\/\\\/perle-in.com\\\/wp-content\\\/uploads\\\/2022\\\/12\\\/LOGO-PERLE-IN-COULEUR@3x.webp\",\"width\":1600,\"height\":490,\"caption\":\"PERLE IN\"},\"image\":{\"@id\":\"https:\\\/\\\/perle-in.com\\\/#\\\/schema\\\/logo\\\/image\\\/\"}}]}<\/script>\n<!-- \/ Yoast SEO plugin. -->","yoast_head_json":{"title":"Poncho jetable pour la pluie avec pochette de rangement Ziva - PERLE IN","robots":{"index":"noindex","follow":"follow","max-snippet":"max-snippet:-1","max-image-preview":"max-image-preview:large","max-video-preview":"max-video-preview:-1"},"og_locale":"en_US","og_type":"article","og_title":"Poncho jetable pour la pluie avec pochette de rangement Ziva - PERLE IN","og_description":"Rester au sec lors de tout \u00e9v\u00e9nement ext\u00e9rieur est possible gr\u00e2ce au poncho de pluie jetable Ziva (90 x 120 cm), de taille unique. Ce poncho de pluie transparent \u00e0 capuche est excellent pour servir de poncho d'urgence en cas d'orage lors d'un festival en plein air. Le poncho de pluie Ziva est livr\u00e9 dans une pochette refermable qui peut \u00eatre imprim\u00e9e.","og_url":"https:\/\/perle-in.com\/en\/product\/poncho-jetable-pour-la-pluie-avec-pochette-de-rangement-ziva\/","og_site_name":"PERLE IN","article_modified_time":"2025-10-19T05:08:22+00:00","og_image":[{"width":1600,"height":1600,"url":"https:\/\/perle-in.com\/wp-content\/uploads\/2025\/10\/10042900-2.jpg","type":"image\/jpeg"}],"twitter_card":"summary_large_image","schema":{"@context":"https:\/\/schema.org","@graph":[{"@type":"WebPage","@id":"https:\/\/perle-in.com\/produit\/poncho-jetable-pour-la-pluie-avec-pochette-de-rangement-ziva\/","url":"https:\/\/perle-in.com\/produit\/poncho-jetable-pour-la-pluie-avec-pochette-de-rangement-ziva\/","name":"Poncho jetable pour la pluie avec pochette de rangement Ziva - PERLE IN","isPartOf":{"@id":"https:\/\/perle-in.com\/#website"},"primaryImageOfPage":{"@id":"https:\/\/perle-in.com\/produit\/poncho-jetable-pour-la-pluie-avec-pochette-de-rangement-ziva\/#primaryimage"},"image":{"@id":"https:\/\/perle-in.com\/produit\/poncho-jetable-pour-la-pluie-avec-pochette-de-rangement-ziva\/#primaryimage"},"thumbnailUrl":"https:\/\/perle-in.com\/wp-content\/uploads\/2025\/10\/10042900-2.jpg","datePublished":"2025-10-13T13:26:45+00:00","dateModified":"2025-10-19T05:08:22+00:00","breadcrumb":{"@id":"https:\/\/perle-in.com\/produit\/poncho-jetable-pour-la-pluie-avec-pochette-de-rangement-ziva\/#breadcrumb"},"inLanguage":"en-CA","potentialAction":[{"@type":"ReadAction","target":["https:\/\/perle-in.com\/produit\/poncho-jetable-pour-la-pluie-avec-pochette-de-rangement-ziva\/"]}]},{"@type":"ImageObject","inLanguage":"en-CA","@id":"https:\/\/perle-in.com\/produit\/poncho-jetable-pour-la-pluie-avec-pochette-de-rangement-ziva\/#primaryimage","url":"https:\/\/perle-in.com\/wp-content\/uploads\/2025\/10\/10042900-2.jpg","contentUrl":"https:\/\/perle-in.com\/wp-content\/uploads\/2025\/10\/10042900-2.jpg","width":1600,"height":1600},{"@type":"BreadcrumbList","@id":"https:\/\/perle-in.com\/produit\/poncho-jetable-pour-la-pluie-avec-pochette-de-rangement-ziva\/#breadcrumb","itemListElement":[{"@type":"ListItem","position":1,"name":"Accueil","item":"https:\/\/perle-in.com\/"},{"@type":"ListItem","position":2,"name":"Boutique","item":"https:\/\/perle-in.com\/boutique\/"},{"@type":"ListItem","position":3,"name":"Poncho jetable pour la pluie avec pochette de rangement Ziva"}]},{"@type":"WebSite","@id":"https:\/\/perle-in.com\/#website","url":"https:\/\/perle-in.com\/","name":"PERLE IN","description":"","publisher":{"@id":"https:\/\/perle-in.com\/#organization"},"potentialAction":[{"@type":"SearchAction","target":{"@type":"EntryPoint","urlTemplate":"https:\/\/perle-in.com\/?s={search_term_string}"},"query-input":{"@type":"PropertyValueSpecification","valueRequired":true,"valueName":"search_term_string"}}],"inLanguage":"en-CA"},{"@type":"Organization","@id":"https:\/\/perle-in.com\/#organization","name":"PERLE IN","url":"https:\/\/perle-in.com\/","logo":{"@type":"ImageObject","inLanguage":"en-CA","@id":"https:\/\/perle-in.com\/#\/schema\/logo\/image\/","url":"https:\/\/perle-in.com\/wp-content\/uploads\/2022\/12\/LOGO-PERLE-IN-COULEUR@3x.webp","contentUrl":"https:\/\/perle-in.com\/wp-content\/uploads\/2022\/12\/LOGO-PERLE-IN-COULEUR@3x.webp","width":1600,"height":490,"caption":"PERLE IN"},"image":{"@id":"https:\/\/perle-in.com\/#\/schema\/logo\/image\/"}}]}},"jetpack_sharing_enabled":true,"_links":{"self":[{"href":"https:\/\/perle-in.com\/en\/wp-json\/wp\/v2\/product\/501297","targetHints":{"allow":["GET"]}}],"collection":[{"href":"https:\/\/perle-in.com\/en\/wp-json\/wp\/v2\/product"}],"about":[{"href":"https:\/\/perle-in.com\/en\/wp-json\/wp\/v2\/types\/product"}],"version-history":[{"count":0,"href":"https:\/\/perle-in.com\/en\/wp-json\/wp\/v2\/product\/501297\/revisions"}],"wp:featuredmedia":[{"embeddable":true,"href":"https:\/\/perle-in.com\/en\/wp-json\/wp\/v2\/media\/501274"}],"wp:attachment":[{"href":"https:\/\/perle-in.com\/en\/wp-json\/wp\/v2\/media?parent=501297"}],"wp:term":[{"taxonomy":"product_brand","embeddable":true,"href":"https:\/\/perle-in.com\/en\/wp-json\/wp\/v2\/product_brand?post=501297"},{"taxonomy":"product_cat","embeddable":true,"href":"https:\/\/perle-in.com\/en\/wp-json\/wp\/v2\/product_cat?post=501297"},{"taxonomy":"product_tag","embeddable":true,"href":"https:\/\/perle-in.com\/en\/wp-json\/wp\/v2\/product_tag?post=501297"}],"curies":[{"name":"wp","href":"https:\/\/api.w.org\/{rel}","templated":true}]}}