{"id":501270,"date":"2025-10-13T15:26:27","date_gmt":"2025-10-13T13:26:27","guid":{"rendered":"https:\/\/perle-in.com\/produit\/gobelet-isolant-zissou-500ml\/"},"modified":"2025-10-19T07:08:20","modified_gmt":"2025-10-19T05:08:20","slug":"gobelet-isolant-zissou-500ml","status":"publish","type":"product","link":"https:\/\/perle-in.com\/en\/product\/gobelet-isolant-zissou-500ml\/","title":{"rendered":"Gobelet isolant Zissou 500ml"},"content":{"rendered":"","protected":false},"excerpt":{"rendered":"<p>Ce gobelet color\u00e9 double paroi en acier inoxydable vous ravira. Facile \u00e0 utiliser gr\u00e2ce \u00e0 son couvercle coulissant avec le pouce. La couleur du couvercle coulissant est assortie \u00e0 celle du corps. Volume de 500 ml. Pr\u00e9sent\u00e9 dans un coffret cadeau.<\/p>","protected":false},"featured_media":501254,"template":"","meta":{"_eb_attr":""},"product_brand":[],"product_cat":[173,189],"product_tag":[177,178,194,195,192,193,196,191,197],"class_list":{"0":"post-501270","1":"product","2":"type-product","3":"status-publish","4":"has-post-thumbnail","6":"product_cat-drinkware","7":"product_cat-mugs-isothermes","8":"product_tag-bidon","9":"product_tag-bidons","10":"product_tag-contenant","11":"product_tag-contenants","12":"product_tag-gourde","13":"product_tag-gourdes","14":"product_tag-isolant","15":"product_tag-mugs","16":"product_tag-thermos","17":"pa_couleurs-argent","18":"pa_green-points-171","19":"pa_marque-unbranded","20":"pa_matiere-acier-inoxydable","21":"pa_pays-d-origine-chine","23":"first","24":"instock","25":"shipping-taxable","26":"purchasable","27":"product-type-variable"},"yoast_head":"<!-- This site is optimized with the Yoast SEO plugin v27.4 - https:\/\/yoast.com\/product\/yoast-seo-wordpress\/ -->\n<title>Gobelet isolant Zissou 500ml - PERLE IN<\/title>\n<meta name=\"robots\" content=\"noindex, follow, max-snippet:-1, max-image-preview:large, max-video-preview:-1\" \/>\n<meta property=\"og:locale\" content=\"en_US\" \/>\n<meta property=\"og:type\" content=\"article\" \/>\n<meta property=\"og:title\" content=\"Gobelet isolant Zissou 500ml - PERLE IN\" \/>\n<meta property=\"og:description\" content=\"Ce gobelet color\u00e9 double paroi en acier inoxydable vous ravira. Facile \u00e0 utiliser gr\u00e2ce \u00e0 son couvercle coulissant avec le pouce. La couleur du couvercle coulissant est assortie \u00e0 celle du corps. Volume de 500 ml. Pr\u00e9sent\u00e9 dans un coffret cadeau.\" \/>\n<meta property=\"og:url\" content=\"https:\/\/perle-in.com\/en\/product\/gobelet-isolant-zissou-500ml\/\" \/>\n<meta property=\"og:site_name\" content=\"PERLE IN\" \/>\n<meta property=\"article:modified_time\" content=\"2025-10-19T05:08:20+00:00\" \/>\n<meta property=\"og:image\" content=\"https:\/\/perle-in.com\/wp-content\/uploads\/2025\/10\/10039300-1.jpg\" \/>\n\t<meta property=\"og:image:width\" content=\"1600\" \/>\n\t<meta property=\"og:image:height\" content=\"1600\" \/>\n\t<meta property=\"og:image:type\" content=\"image\/jpeg\" \/>\n<meta name=\"twitter:card\" content=\"summary_large_image\" \/>\n<script type=\"application\/ld+json\" class=\"yoast-schema-graph\">{\"@context\":\"https:\\\/\\\/schema.org\",\"@graph\":[{\"@type\":\"WebPage\",\"@id\":\"https:\\\/\\\/perle-in.com\\\/produit\\\/gobelet-isolant-zissou-500ml\\\/\",\"url\":\"https:\\\/\\\/perle-in.com\\\/produit\\\/gobelet-isolant-zissou-500ml\\\/\",\"name\":\"Gobelet isolant Zissou 500ml - PERLE IN\",\"isPartOf\":{\"@id\":\"https:\\\/\\\/perle-in.com\\\/#website\"},\"primaryImageOfPage\":{\"@id\":\"https:\\\/\\\/perle-in.com\\\/produit\\\/gobelet-isolant-zissou-500ml\\\/#primaryimage\"},\"image\":{\"@id\":\"https:\\\/\\\/perle-in.com\\\/produit\\\/gobelet-isolant-zissou-500ml\\\/#primaryimage\"},\"thumbnailUrl\":\"https:\\\/\\\/perle-in.com\\\/wp-content\\\/uploads\\\/2025\\\/10\\\/10039300-1.jpg\",\"datePublished\":\"2025-10-13T13:26:27+00:00\",\"dateModified\":\"2025-10-19T05:08:20+00:00\",\"breadcrumb\":{\"@id\":\"https:\\\/\\\/perle-in.com\\\/produit\\\/gobelet-isolant-zissou-500ml\\\/#breadcrumb\"},\"inLanguage\":\"en-CA\",\"potentialAction\":[{\"@type\":\"ReadAction\",\"target\":[\"https:\\\/\\\/perle-in.com\\\/produit\\\/gobelet-isolant-zissou-500ml\\\/\"]}]},{\"@type\":\"ImageObject\",\"inLanguage\":\"en-CA\",\"@id\":\"https:\\\/\\\/perle-in.com\\\/produit\\\/gobelet-isolant-zissou-500ml\\\/#primaryimage\",\"url\":\"https:\\\/\\\/perle-in.com\\\/wp-content\\\/uploads\\\/2025\\\/10\\\/10039300-1.jpg\",\"contentUrl\":\"https:\\\/\\\/perle-in.com\\\/wp-content\\\/uploads\\\/2025\\\/10\\\/10039300-1.jpg\",\"width\":1600,\"height\":1600},{\"@type\":\"BreadcrumbList\",\"@id\":\"https:\\\/\\\/perle-in.com\\\/produit\\\/gobelet-isolant-zissou-500ml\\\/#breadcrumb\",\"itemListElement\":[{\"@type\":\"ListItem\",\"position\":1,\"name\":\"Accueil\",\"item\":\"https:\\\/\\\/perle-in.com\\\/\"},{\"@type\":\"ListItem\",\"position\":2,\"name\":\"Boutique\",\"item\":\"https:\\\/\\\/perle-in.com\\\/boutique\\\/\"},{\"@type\":\"ListItem\",\"position\":3,\"name\":\"Gobelet isolant Zissou 500ml\"}]},{\"@type\":\"WebSite\",\"@id\":\"https:\\\/\\\/perle-in.com\\\/#website\",\"url\":\"https:\\\/\\\/perle-in.com\\\/\",\"name\":\"PERLE IN\",\"description\":\"\",\"publisher\":{\"@id\":\"https:\\\/\\\/perle-in.com\\\/#organization\"},\"potentialAction\":[{\"@type\":\"SearchAction\",\"target\":{\"@type\":\"EntryPoint\",\"urlTemplate\":\"https:\\\/\\\/perle-in.com\\\/?s={search_term_string}\"},\"query-input\":{\"@type\":\"PropertyValueSpecification\",\"valueRequired\":true,\"valueName\":\"search_term_string\"}}],\"inLanguage\":\"en-CA\"},{\"@type\":\"Organization\",\"@id\":\"https:\\\/\\\/perle-in.com\\\/#organization\",\"name\":\"PERLE IN\",\"url\":\"https:\\\/\\\/perle-in.com\\\/\",\"logo\":{\"@type\":\"ImageObject\",\"inLanguage\":\"en-CA\",\"@id\":\"https:\\\/\\\/perle-in.com\\\/#\\\/schema\\\/logo\\\/image\\\/\",\"url\":\"https:\\\/\\\/perle-in.com\\\/wp-content\\\/uploads\\\/2022\\\/12\\\/LOGO-PERLE-IN-COULEUR@3x.webp\",\"contentUrl\":\"https:\\\/\\\/perle-in.com\\\/wp-content\\\/uploads\\\/2022\\\/12\\\/LOGO-PERLE-IN-COULEUR@3x.webp\",\"width\":1600,\"height\":490,\"caption\":\"PERLE IN\"},\"image\":{\"@id\":\"https:\\\/\\\/perle-in.com\\\/#\\\/schema\\\/logo\\\/image\\\/\"}}]}<\/script>\n<!-- \/ Yoast SEO plugin. -->","yoast_head_json":{"title":"Gobelet isolant Zissou 500ml - PERLE IN","robots":{"index":"noindex","follow":"follow","max-snippet":"max-snippet:-1","max-image-preview":"max-image-preview:large","max-video-preview":"max-video-preview:-1"},"og_locale":"en_US","og_type":"article","og_title":"Gobelet isolant Zissou 500ml - PERLE IN","og_description":"Ce gobelet color\u00e9 double paroi en acier inoxydable vous ravira. Facile \u00e0 utiliser gr\u00e2ce \u00e0 son couvercle coulissant avec le pouce. La couleur du couvercle coulissant est assortie \u00e0 celle du corps. Volume de 500 ml. Pr\u00e9sent\u00e9 dans un coffret cadeau.","og_url":"https:\/\/perle-in.com\/en\/product\/gobelet-isolant-zissou-500ml\/","og_site_name":"PERLE IN","article_modified_time":"2025-10-19T05:08:20+00:00","og_image":[{"width":1600,"height":1600,"url":"https:\/\/perle-in.com\/wp-content\/uploads\/2025\/10\/10039300-1.jpg","type":"image\/jpeg"}],"twitter_card":"summary_large_image","schema":{"@context":"https:\/\/schema.org","@graph":[{"@type":"WebPage","@id":"https:\/\/perle-in.com\/produit\/gobelet-isolant-zissou-500ml\/","url":"https:\/\/perle-in.com\/produit\/gobelet-isolant-zissou-500ml\/","name":"Gobelet isolant Zissou 500ml - PERLE IN","isPartOf":{"@id":"https:\/\/perle-in.com\/#website"},"primaryImageOfPage":{"@id":"https:\/\/perle-in.com\/produit\/gobelet-isolant-zissou-500ml\/#primaryimage"},"image":{"@id":"https:\/\/perle-in.com\/produit\/gobelet-isolant-zissou-500ml\/#primaryimage"},"thumbnailUrl":"https:\/\/perle-in.com\/wp-content\/uploads\/2025\/10\/10039300-1.jpg","datePublished":"2025-10-13T13:26:27+00:00","dateModified":"2025-10-19T05:08:20+00:00","breadcrumb":{"@id":"https:\/\/perle-in.com\/produit\/gobelet-isolant-zissou-500ml\/#breadcrumb"},"inLanguage":"en-CA","potentialAction":[{"@type":"ReadAction","target":["https:\/\/perle-in.com\/produit\/gobelet-isolant-zissou-500ml\/"]}]},{"@type":"ImageObject","inLanguage":"en-CA","@id":"https:\/\/perle-in.com\/produit\/gobelet-isolant-zissou-500ml\/#primaryimage","url":"https:\/\/perle-in.com\/wp-content\/uploads\/2025\/10\/10039300-1.jpg","contentUrl":"https:\/\/perle-in.com\/wp-content\/uploads\/2025\/10\/10039300-1.jpg","width":1600,"height":1600},{"@type":"BreadcrumbList","@id":"https:\/\/perle-in.com\/produit\/gobelet-isolant-zissou-500ml\/#breadcrumb","itemListElement":[{"@type":"ListItem","position":1,"name":"Accueil","item":"https:\/\/perle-in.com\/"},{"@type":"ListItem","position":2,"name":"Boutique","item":"https:\/\/perle-in.com\/boutique\/"},{"@type":"ListItem","position":3,"name":"Gobelet isolant Zissou 500ml"}]},{"@type":"WebSite","@id":"https:\/\/perle-in.com\/#website","url":"https:\/\/perle-in.com\/","name":"PERLE IN","description":"","publisher":{"@id":"https:\/\/perle-in.com\/#organization"},"potentialAction":[{"@type":"SearchAction","target":{"@type":"EntryPoint","urlTemplate":"https:\/\/perle-in.com\/?s={search_term_string}"},"query-input":{"@type":"PropertyValueSpecification","valueRequired":true,"valueName":"search_term_string"}}],"inLanguage":"en-CA"},{"@type":"Organization","@id":"https:\/\/perle-in.com\/#organization","name":"PERLE IN","url":"https:\/\/perle-in.com\/","logo":{"@type":"ImageObject","inLanguage":"en-CA","@id":"https:\/\/perle-in.com\/#\/schema\/logo\/image\/","url":"https:\/\/perle-in.com\/wp-content\/uploads\/2022\/12\/LOGO-PERLE-IN-COULEUR@3x.webp","contentUrl":"https:\/\/perle-in.com\/wp-content\/uploads\/2022\/12\/LOGO-PERLE-IN-COULEUR@3x.webp","width":1600,"height":490,"caption":"PERLE IN"},"image":{"@id":"https:\/\/perle-in.com\/#\/schema\/logo\/image\/"}}]}},"jetpack_sharing_enabled":true,"_links":{"self":[{"href":"https:\/\/perle-in.com\/en\/wp-json\/wp\/v2\/product\/501270","targetHints":{"allow":["GET"]}}],"collection":[{"href":"https:\/\/perle-in.com\/en\/wp-json\/wp\/v2\/product"}],"about":[{"href":"https:\/\/perle-in.com\/en\/wp-json\/wp\/v2\/types\/product"}],"version-history":[{"count":0,"href":"https:\/\/perle-in.com\/en\/wp-json\/wp\/v2\/product\/501270\/revisions"}],"wp:featuredmedia":[{"embeddable":true,"href":"https:\/\/perle-in.com\/en\/wp-json\/wp\/v2\/media\/501254"}],"wp:attachment":[{"href":"https:\/\/perle-in.com\/en\/wp-json\/wp\/v2\/media?parent=501270"}],"wp:term":[{"taxonomy":"product_brand","embeddable":true,"href":"https:\/\/perle-in.com\/en\/wp-json\/wp\/v2\/product_brand?post=501270"},{"taxonomy":"product_cat","embeddable":true,"href":"https:\/\/perle-in.com\/en\/wp-json\/wp\/v2\/product_cat?post=501270"},{"taxonomy":"product_tag","embeddable":true,"href":"https:\/\/perle-in.com\/en\/wp-json\/wp\/v2\/product_tag?post=501270"}],"curies":[{"name":"wp","href":"https:\/\/api.w.org\/{rel}","templated":true}]}}