{"id":501197,"date":"2025-10-13T05:12:17","date_gmt":"2025-10-13T03:12:17","guid":{"rendered":"https:\/\/perle-in.com\/produit\/mug-isotherme-mojave-250-ml\/"},"modified":"2025-10-19T07:08:14","modified_gmt":"2025-10-19T05:08:14","slug":"mug-isotherme-mojave-250-ml","status":"publish","type":"product","link":"https:\/\/perle-in.com\/en\/product\/mug-isotherme-mojave-250-ml\/","title":{"rendered":"Mug isotherme Mojave 250 ml"},"content":{"rendered":"","protected":false},"excerpt":{"rendered":"<p>Le gobelet isotherme Mojave de 250 ml permet de conserver les boissons chaudes plus longtemps. Gr\u00e2ce \u00e0 son design \u00e9l\u00e9gant mais \u00e9pur\u00e9, tout logo plac\u00e9 sur ce gobelet attire l&#8217;attention. La combinaison de plastique PP et d&#8217;acier inoxydable fait du Mojave un gobelet solide, r\u00e9sistant \u00e0 la corrosion et facile \u00e0 nettoyer. Le couvercle \u00e0 visser assure une ouverture et une fermeture en douceur du gobelet, et rend la boisson facile \u00e0 boire.<\/p>","protected":false},"featured_media":490279,"template":"","meta":{"_eb_attr":""},"product_brand":[],"product_cat":[173,189],"product_tag":[177,178,194,195,192,193,196,191,197],"class_list":{"0":"post-501197","1":"product","2":"type-product","3":"status-publish","4":"has-post-thumbnail","6":"product_cat-drinkware","7":"product_cat-mugs-isothermes","8":"product_tag-bidon","9":"product_tag-bidons","10":"product_tag-contenant","11":"product_tag-contenants","12":"product_tag-gourde","13":"product_tag-gourdes","14":"product_tag-isolant","15":"product_tag-mugs","16":"product_tag-thermos","17":"pa_couleurs-argent","18":"pa_couleurs-blanc","19":"pa_couleurs-bleu","20":"pa_couleurs-noir","21":"pa_couleurs-rouge","23":"first","24":"instock","25":"shipping-taxable","26":"purchasable","27":"product-type-variable"},"yoast_head":"<!-- This site is optimized with the Yoast SEO plugin v27.4 - https:\/\/yoast.com\/product\/yoast-seo-wordpress\/ -->\n<title>Mug isotherme Mojave 250 ml - PERLE IN<\/title>\n<meta name=\"robots\" content=\"noindex, follow, max-snippet:-1, max-image-preview:large, max-video-preview:-1\" \/>\n<meta property=\"og:locale\" content=\"en_US\" \/>\n<meta property=\"og:type\" content=\"article\" \/>\n<meta property=\"og:title\" content=\"Mug isotherme Mojave 250 ml - PERLE IN\" \/>\n<meta property=\"og:description\" content=\"Le gobelet isotherme Mojave de 250 ml permet de conserver les boissons chaudes plus longtemps. Gr\u00e2ce \u00e0 son design \u00e9l\u00e9gant mais \u00e9pur\u00e9, tout logo plac\u00e9 sur ce gobelet attire l&#039;attention. La combinaison de plastique PP et d&#039;acier inoxydable fait du Mojave un gobelet solide, r\u00e9sistant \u00e0 la corrosion et facile \u00e0 nettoyer. Le couvercle \u00e0 visser assure une ouverture et une fermeture en douceur du gobelet, et rend la boisson facile \u00e0 boire.\" \/>\n<meta property=\"og:url\" content=\"https:\/\/perle-in.com\/en\/product\/mug-isotherme-mojave-250-ml\/\" \/>\n<meta property=\"og:site_name\" content=\"PERLE IN\" \/>\n<meta property=\"article:modified_time\" content=\"2025-10-19T05:08:14+00:00\" \/>\n<meta property=\"og:image\" content=\"https:\/\/perle-in.com\/wp-content\/uploads\/2025\/10\/10035300-1.jpg\" \/>\n\t<meta property=\"og:image:width\" content=\"1600\" \/>\n\t<meta property=\"og:image:height\" content=\"1600\" \/>\n\t<meta property=\"og:image:type\" content=\"image\/jpeg\" \/>\n<meta name=\"twitter:card\" content=\"summary_large_image\" \/>\n<script type=\"application\/ld+json\" class=\"yoast-schema-graph\">{\"@context\":\"https:\\\/\\\/schema.org\",\"@graph\":[{\"@type\":\"WebPage\",\"@id\":\"https:\\\/\\\/perle-in.com\\\/produit\\\/mug-isotherme-mojave-250-ml\\\/\",\"url\":\"https:\\\/\\\/perle-in.com\\\/produit\\\/mug-isotherme-mojave-250-ml\\\/\",\"name\":\"Mug isotherme Mojave 250 ml - PERLE IN\",\"isPartOf\":{\"@id\":\"https:\\\/\\\/perle-in.com\\\/#website\"},\"primaryImageOfPage\":{\"@id\":\"https:\\\/\\\/perle-in.com\\\/produit\\\/mug-isotherme-mojave-250-ml\\\/#primaryimage\"},\"image\":{\"@id\":\"https:\\\/\\\/perle-in.com\\\/produit\\\/mug-isotherme-mojave-250-ml\\\/#primaryimage\"},\"thumbnailUrl\":\"https:\\\/\\\/perle-in.com\\\/wp-content\\\/uploads\\\/2025\\\/10\\\/10035300-1.jpg\",\"datePublished\":\"2025-10-13T03:12:17+00:00\",\"dateModified\":\"2025-10-19T05:08:14+00:00\",\"breadcrumb\":{\"@id\":\"https:\\\/\\\/perle-in.com\\\/produit\\\/mug-isotherme-mojave-250-ml\\\/#breadcrumb\"},\"inLanguage\":\"en-CA\",\"potentialAction\":[{\"@type\":\"ReadAction\",\"target\":[\"https:\\\/\\\/perle-in.com\\\/produit\\\/mug-isotherme-mojave-250-ml\\\/\"]}]},{\"@type\":\"ImageObject\",\"inLanguage\":\"en-CA\",\"@id\":\"https:\\\/\\\/perle-in.com\\\/produit\\\/mug-isotherme-mojave-250-ml\\\/#primaryimage\",\"url\":\"https:\\\/\\\/perle-in.com\\\/wp-content\\\/uploads\\\/2025\\\/10\\\/10035300-1.jpg\",\"contentUrl\":\"https:\\\/\\\/perle-in.com\\\/wp-content\\\/uploads\\\/2025\\\/10\\\/10035300-1.jpg\",\"width\":1600,\"height\":1600},{\"@type\":\"BreadcrumbList\",\"@id\":\"https:\\\/\\\/perle-in.com\\\/produit\\\/mug-isotherme-mojave-250-ml\\\/#breadcrumb\",\"itemListElement\":[{\"@type\":\"ListItem\",\"position\":1,\"name\":\"Accueil\",\"item\":\"https:\\\/\\\/perle-in.com\\\/\"},{\"@type\":\"ListItem\",\"position\":2,\"name\":\"Boutique\",\"item\":\"https:\\\/\\\/perle-in.com\\\/boutique\\\/\"},{\"@type\":\"ListItem\",\"position\":3,\"name\":\"Mug isotherme Mojave 250 ml\"}]},{\"@type\":\"WebSite\",\"@id\":\"https:\\\/\\\/perle-in.com\\\/#website\",\"url\":\"https:\\\/\\\/perle-in.com\\\/\",\"name\":\"PERLE IN\",\"description\":\"\",\"publisher\":{\"@id\":\"https:\\\/\\\/perle-in.com\\\/#organization\"},\"potentialAction\":[{\"@type\":\"SearchAction\",\"target\":{\"@type\":\"EntryPoint\",\"urlTemplate\":\"https:\\\/\\\/perle-in.com\\\/?s={search_term_string}\"},\"query-input\":{\"@type\":\"PropertyValueSpecification\",\"valueRequired\":true,\"valueName\":\"search_term_string\"}}],\"inLanguage\":\"en-CA\"},{\"@type\":\"Organization\",\"@id\":\"https:\\\/\\\/perle-in.com\\\/#organization\",\"name\":\"PERLE IN\",\"url\":\"https:\\\/\\\/perle-in.com\\\/\",\"logo\":{\"@type\":\"ImageObject\",\"inLanguage\":\"en-CA\",\"@id\":\"https:\\\/\\\/perle-in.com\\\/#\\\/schema\\\/logo\\\/image\\\/\",\"url\":\"https:\\\/\\\/perle-in.com\\\/wp-content\\\/uploads\\\/2022\\\/12\\\/LOGO-PERLE-IN-COULEUR@3x.webp\",\"contentUrl\":\"https:\\\/\\\/perle-in.com\\\/wp-content\\\/uploads\\\/2022\\\/12\\\/LOGO-PERLE-IN-COULEUR@3x.webp\",\"width\":1600,\"height\":490,\"caption\":\"PERLE IN\"},\"image\":{\"@id\":\"https:\\\/\\\/perle-in.com\\\/#\\\/schema\\\/logo\\\/image\\\/\"}}]}<\/script>\n<!-- \/ Yoast SEO plugin. -->","yoast_head_json":{"title":"Mug isotherme Mojave 250 ml - PERLE IN","robots":{"index":"noindex","follow":"follow","max-snippet":"max-snippet:-1","max-image-preview":"max-image-preview:large","max-video-preview":"max-video-preview:-1"},"og_locale":"en_US","og_type":"article","og_title":"Mug isotherme Mojave 250 ml - PERLE IN","og_description":"Le gobelet isotherme Mojave de 250 ml permet de conserver les boissons chaudes plus longtemps. Gr\u00e2ce \u00e0 son design \u00e9l\u00e9gant mais \u00e9pur\u00e9, tout logo plac\u00e9 sur ce gobelet attire l'attention. La combinaison de plastique PP et d'acier inoxydable fait du Mojave un gobelet solide, r\u00e9sistant \u00e0 la corrosion et facile \u00e0 nettoyer. Le couvercle \u00e0 visser assure une ouverture et une fermeture en douceur du gobelet, et rend la boisson facile \u00e0 boire.","og_url":"https:\/\/perle-in.com\/en\/product\/mug-isotherme-mojave-250-ml\/","og_site_name":"PERLE IN","article_modified_time":"2025-10-19T05:08:14+00:00","og_image":[{"width":1600,"height":1600,"url":"https:\/\/perle-in.com\/wp-content\/uploads\/2025\/10\/10035300-1.jpg","type":"image\/jpeg"}],"twitter_card":"summary_large_image","schema":{"@context":"https:\/\/schema.org","@graph":[{"@type":"WebPage","@id":"https:\/\/perle-in.com\/produit\/mug-isotherme-mojave-250-ml\/","url":"https:\/\/perle-in.com\/produit\/mug-isotherme-mojave-250-ml\/","name":"Mug isotherme Mojave 250 ml - PERLE IN","isPartOf":{"@id":"https:\/\/perle-in.com\/#website"},"primaryImageOfPage":{"@id":"https:\/\/perle-in.com\/produit\/mug-isotherme-mojave-250-ml\/#primaryimage"},"image":{"@id":"https:\/\/perle-in.com\/produit\/mug-isotherme-mojave-250-ml\/#primaryimage"},"thumbnailUrl":"https:\/\/perle-in.com\/wp-content\/uploads\/2025\/10\/10035300-1.jpg","datePublished":"2025-10-13T03:12:17+00:00","dateModified":"2025-10-19T05:08:14+00:00","breadcrumb":{"@id":"https:\/\/perle-in.com\/produit\/mug-isotherme-mojave-250-ml\/#breadcrumb"},"inLanguage":"en-CA","potentialAction":[{"@type":"ReadAction","target":["https:\/\/perle-in.com\/produit\/mug-isotherme-mojave-250-ml\/"]}]},{"@type":"ImageObject","inLanguage":"en-CA","@id":"https:\/\/perle-in.com\/produit\/mug-isotherme-mojave-250-ml\/#primaryimage","url":"https:\/\/perle-in.com\/wp-content\/uploads\/2025\/10\/10035300-1.jpg","contentUrl":"https:\/\/perle-in.com\/wp-content\/uploads\/2025\/10\/10035300-1.jpg","width":1600,"height":1600},{"@type":"BreadcrumbList","@id":"https:\/\/perle-in.com\/produit\/mug-isotherme-mojave-250-ml\/#breadcrumb","itemListElement":[{"@type":"ListItem","position":1,"name":"Accueil","item":"https:\/\/perle-in.com\/"},{"@type":"ListItem","position":2,"name":"Boutique","item":"https:\/\/perle-in.com\/boutique\/"},{"@type":"ListItem","position":3,"name":"Mug isotherme Mojave 250 ml"}]},{"@type":"WebSite","@id":"https:\/\/perle-in.com\/#website","url":"https:\/\/perle-in.com\/","name":"PERLE IN","description":"","publisher":{"@id":"https:\/\/perle-in.com\/#organization"},"potentialAction":[{"@type":"SearchAction","target":{"@type":"EntryPoint","urlTemplate":"https:\/\/perle-in.com\/?s={search_term_string}"},"query-input":{"@type":"PropertyValueSpecification","valueRequired":true,"valueName":"search_term_string"}}],"inLanguage":"en-CA"},{"@type":"Organization","@id":"https:\/\/perle-in.com\/#organization","name":"PERLE IN","url":"https:\/\/perle-in.com\/","logo":{"@type":"ImageObject","inLanguage":"en-CA","@id":"https:\/\/perle-in.com\/#\/schema\/logo\/image\/","url":"https:\/\/perle-in.com\/wp-content\/uploads\/2022\/12\/LOGO-PERLE-IN-COULEUR@3x.webp","contentUrl":"https:\/\/perle-in.com\/wp-content\/uploads\/2022\/12\/LOGO-PERLE-IN-COULEUR@3x.webp","width":1600,"height":490,"caption":"PERLE IN"},"image":{"@id":"https:\/\/perle-in.com\/#\/schema\/logo\/image\/"}}]}},"jetpack_sharing_enabled":true,"_links":{"self":[{"href":"https:\/\/perle-in.com\/en\/wp-json\/wp\/v2\/product\/501197","targetHints":{"allow":["GET"]}}],"collection":[{"href":"https:\/\/perle-in.com\/en\/wp-json\/wp\/v2\/product"}],"about":[{"href":"https:\/\/perle-in.com\/en\/wp-json\/wp\/v2\/types\/product"}],"version-history":[{"count":0,"href":"https:\/\/perle-in.com\/en\/wp-json\/wp\/v2\/product\/501197\/revisions"}],"wp:featuredmedia":[{"embeddable":true,"href":"https:\/\/perle-in.com\/en\/wp-json\/wp\/v2\/media\/490279"}],"wp:attachment":[{"href":"https:\/\/perle-in.com\/en\/wp-json\/wp\/v2\/media?parent=501197"}],"wp:term":[{"taxonomy":"product_brand","embeddable":true,"href":"https:\/\/perle-in.com\/en\/wp-json\/wp\/v2\/product_brand?post=501197"},{"taxonomy":"product_cat","embeddable":true,"href":"https:\/\/perle-in.com\/en\/wp-json\/wp\/v2\/product_cat?post=501197"},{"taxonomy":"product_tag","embeddable":true,"href":"https:\/\/perle-in.com\/en\/wp-json\/wp\/v2\/product_tag?post=501197"}],"curies":[{"name":"wp","href":"https:\/\/api.w.org\/{rel}","templated":true}]}}