{"id":501183,"date":"2025-10-13T05:11:49","date_gmt":"2025-10-13T03:11:49","guid":{"rendered":"https:\/\/perle-in.com\/produit\/bidon-tutti-frutti-avec-infuseur-740ml\/"},"modified":"2025-10-19T07:08:11","modified_gmt":"2025-10-19T05:08:11","slug":"bidon-tutti-frutti-avec-infuseur-740ml","status":"publish","type":"product","link":"https:\/\/perle-in.com\/en\/product\/bidon-tutti-frutti-avec-infuseur-740ml\/","title":{"rendered":"Bidon Tutti frutti avec infuseur 740ml"},"content":{"rendered":"","protected":false},"excerpt":{"rendered":"<p>Tutti-frutti est une grande bouteille de sport de 740 ml avec un petit plus. Elle dispose d&#8217;un infuseur de fruits \u00e0 visser pour ajouter n&#8217;importe quelles herbes ou fruits pour cr\u00e9er une boisson savoureuse. La bouteille est facile \u00e0 utiliser gr\u00e2ce \u00e0 son couvercle \u00e0 visser et \u00e0 son bec verseur. Enlevez la base en la tournant pour acc\u00e9der \u00e0 l&#8217;infuseur et faciliter le nettoyage. La bouteille est fabriqu\u00e9e en Eastman Tritan\u2122 et donc sans BPA, l\u00e9g\u00e8re, durable, sans odeur et r\u00e9sistante aux chocs.      <\/p>","protected":false},"featured_media":490213,"template":"","meta":{"_eb_attr":""},"product_brand":[],"product_cat":[208,173],"product_tag":[177,178,175,176,179,180],"class_list":{"0":"post-501183","1":"product","2":"type-product","3":"status-publish","4":"has-post-thumbnail","6":"product_cat-bouteilles-avec-infuseur","7":"product_cat-drinkware","8":"product_tag-bidon","9":"product_tag-bidons","10":"product_tag-bouteille","11":"product_tag-bouteilles","12":"product_tag-flasque","13":"product_tag-flasques","14":"pa_couleurs-translucide-blanc","15":"pa_couleurs-translucide-bleu","16":"pa_couleurs-translucide-orange","17":"pa_couleurs-translucide-rouge","19":"first","20":"instock","21":"shipping-taxable","22":"purchasable","23":"product-type-variable"},"yoast_head":"<!-- This site is optimized with the Yoast SEO plugin v27.4 - https:\/\/yoast.com\/product\/yoast-seo-wordpress\/ -->\n<title>Bidon Tutti frutti avec infuseur 740ml - PERLE IN<\/title>\n<meta name=\"robots\" content=\"noindex, follow, max-snippet:-1, max-image-preview:large, max-video-preview:-1\" \/>\n<meta property=\"og:locale\" content=\"en_US\" \/>\n<meta property=\"og:type\" content=\"article\" \/>\n<meta property=\"og:title\" content=\"Bidon Tutti frutti avec infuseur 740ml - PERLE IN\" \/>\n<meta property=\"og:description\" content=\"Tutti-frutti est une grande bouteille de sport de 740 ml avec un petit plus. Elle dispose d&#039;un infuseur de fruits \u00e0 visser pour ajouter n&#039;importe quelles herbes ou fruits pour cr\u00e9er une boisson savoureuse. La bouteille est facile \u00e0 utiliser gr\u00e2ce \u00e0 son couvercle \u00e0 visser et \u00e0 son bec verseur. Enlevez la base en la tournant pour acc\u00e9der \u00e0 l&#039;infuseur et faciliter le nettoyage. La bouteille est fabriqu\u00e9e en Eastman Tritan\u2122 et donc sans BPA, l\u00e9g\u00e8re, durable, sans odeur et r\u00e9sistante aux chocs.\" \/>\n<meta property=\"og:url\" content=\"https:\/\/perle-in.com\/en\/product\/bidon-tutti-frutti-avec-infuseur-740ml\/\" \/>\n<meta property=\"og:site_name\" content=\"PERLE IN\" \/>\n<meta property=\"article:modified_time\" content=\"2025-10-19T05:08:11+00:00\" \/>\n<meta property=\"og:image\" content=\"https:\/\/perle-in.com\/wp-content\/uploads\/2025\/10\/10031400-1.jpg\" \/>\n\t<meta property=\"og:image:width\" content=\"1600\" \/>\n\t<meta property=\"og:image:height\" content=\"1600\" \/>\n\t<meta property=\"og:image:type\" content=\"image\/jpeg\" \/>\n<meta name=\"twitter:card\" content=\"summary_large_image\" \/>\n<script type=\"application\/ld+json\" class=\"yoast-schema-graph\">{\"@context\":\"https:\\\/\\\/schema.org\",\"@graph\":[{\"@type\":\"WebPage\",\"@id\":\"https:\\\/\\\/perle-in.com\\\/produit\\\/bidon-tutti-frutti-avec-infuseur-740ml\\\/\",\"url\":\"https:\\\/\\\/perle-in.com\\\/produit\\\/bidon-tutti-frutti-avec-infuseur-740ml\\\/\",\"name\":\"Bidon Tutti frutti avec infuseur 740ml - PERLE IN\",\"isPartOf\":{\"@id\":\"https:\\\/\\\/perle-in.com\\\/#website\"},\"primaryImageOfPage\":{\"@id\":\"https:\\\/\\\/perle-in.com\\\/produit\\\/bidon-tutti-frutti-avec-infuseur-740ml\\\/#primaryimage\"},\"image\":{\"@id\":\"https:\\\/\\\/perle-in.com\\\/produit\\\/bidon-tutti-frutti-avec-infuseur-740ml\\\/#primaryimage\"},\"thumbnailUrl\":\"https:\\\/\\\/perle-in.com\\\/wp-content\\\/uploads\\\/2025\\\/10\\\/10031400-1.jpg\",\"datePublished\":\"2025-10-13T03:11:49+00:00\",\"dateModified\":\"2025-10-19T05:08:11+00:00\",\"breadcrumb\":{\"@id\":\"https:\\\/\\\/perle-in.com\\\/produit\\\/bidon-tutti-frutti-avec-infuseur-740ml\\\/#breadcrumb\"},\"inLanguage\":\"en-CA\",\"potentialAction\":[{\"@type\":\"ReadAction\",\"target\":[\"https:\\\/\\\/perle-in.com\\\/produit\\\/bidon-tutti-frutti-avec-infuseur-740ml\\\/\"]}]},{\"@type\":\"ImageObject\",\"inLanguage\":\"en-CA\",\"@id\":\"https:\\\/\\\/perle-in.com\\\/produit\\\/bidon-tutti-frutti-avec-infuseur-740ml\\\/#primaryimage\",\"url\":\"https:\\\/\\\/perle-in.com\\\/wp-content\\\/uploads\\\/2025\\\/10\\\/10031400-1.jpg\",\"contentUrl\":\"https:\\\/\\\/perle-in.com\\\/wp-content\\\/uploads\\\/2025\\\/10\\\/10031400-1.jpg\",\"width\":1600,\"height\":1600},{\"@type\":\"BreadcrumbList\",\"@id\":\"https:\\\/\\\/perle-in.com\\\/produit\\\/bidon-tutti-frutti-avec-infuseur-740ml\\\/#breadcrumb\",\"itemListElement\":[{\"@type\":\"ListItem\",\"position\":1,\"name\":\"Accueil\",\"item\":\"https:\\\/\\\/perle-in.com\\\/\"},{\"@type\":\"ListItem\",\"position\":2,\"name\":\"Boutique\",\"item\":\"https:\\\/\\\/perle-in.com\\\/boutique\\\/\"},{\"@type\":\"ListItem\",\"position\":3,\"name\":\"Bidon Tutti frutti avec infuseur 740ml\"}]},{\"@type\":\"WebSite\",\"@id\":\"https:\\\/\\\/perle-in.com\\\/#website\",\"url\":\"https:\\\/\\\/perle-in.com\\\/\",\"name\":\"PERLE IN\",\"description\":\"\",\"publisher\":{\"@id\":\"https:\\\/\\\/perle-in.com\\\/#organization\"},\"potentialAction\":[{\"@type\":\"SearchAction\",\"target\":{\"@type\":\"EntryPoint\",\"urlTemplate\":\"https:\\\/\\\/perle-in.com\\\/?s={search_term_string}\"},\"query-input\":{\"@type\":\"PropertyValueSpecification\",\"valueRequired\":true,\"valueName\":\"search_term_string\"}}],\"inLanguage\":\"en-CA\"},{\"@type\":\"Organization\",\"@id\":\"https:\\\/\\\/perle-in.com\\\/#organization\",\"name\":\"PERLE IN\",\"url\":\"https:\\\/\\\/perle-in.com\\\/\",\"logo\":{\"@type\":\"ImageObject\",\"inLanguage\":\"en-CA\",\"@id\":\"https:\\\/\\\/perle-in.com\\\/#\\\/schema\\\/logo\\\/image\\\/\",\"url\":\"https:\\\/\\\/perle-in.com\\\/wp-content\\\/uploads\\\/2022\\\/12\\\/LOGO-PERLE-IN-COULEUR@3x.webp\",\"contentUrl\":\"https:\\\/\\\/perle-in.com\\\/wp-content\\\/uploads\\\/2022\\\/12\\\/LOGO-PERLE-IN-COULEUR@3x.webp\",\"width\":1600,\"height\":490,\"caption\":\"PERLE IN\"},\"image\":{\"@id\":\"https:\\\/\\\/perle-in.com\\\/#\\\/schema\\\/logo\\\/image\\\/\"}}]}<\/script>\n<!-- \/ Yoast SEO plugin. -->","yoast_head_json":{"title":"Bidon Tutti frutti avec infuseur 740ml - PERLE IN","robots":{"index":"noindex","follow":"follow","max-snippet":"max-snippet:-1","max-image-preview":"max-image-preview:large","max-video-preview":"max-video-preview:-1"},"og_locale":"en_US","og_type":"article","og_title":"Bidon Tutti frutti avec infuseur 740ml - PERLE IN","og_description":"Tutti-frutti est une grande bouteille de sport de 740 ml avec un petit plus. Elle dispose d'un infuseur de fruits \u00e0 visser pour ajouter n'importe quelles herbes ou fruits pour cr\u00e9er une boisson savoureuse. La bouteille est facile \u00e0 utiliser gr\u00e2ce \u00e0 son couvercle \u00e0 visser et \u00e0 son bec verseur. Enlevez la base en la tournant pour acc\u00e9der \u00e0 l'infuseur et faciliter le nettoyage. La bouteille est fabriqu\u00e9e en Eastman Tritan\u2122 et donc sans BPA, l\u00e9g\u00e8re, durable, sans odeur et r\u00e9sistante aux chocs.","og_url":"https:\/\/perle-in.com\/en\/product\/bidon-tutti-frutti-avec-infuseur-740ml\/","og_site_name":"PERLE IN","article_modified_time":"2025-10-19T05:08:11+00:00","og_image":[{"width":1600,"height":1600,"url":"https:\/\/perle-in.com\/wp-content\/uploads\/2025\/10\/10031400-1.jpg","type":"image\/jpeg"}],"twitter_card":"summary_large_image","schema":{"@context":"https:\/\/schema.org","@graph":[{"@type":"WebPage","@id":"https:\/\/perle-in.com\/produit\/bidon-tutti-frutti-avec-infuseur-740ml\/","url":"https:\/\/perle-in.com\/produit\/bidon-tutti-frutti-avec-infuseur-740ml\/","name":"Bidon Tutti frutti avec infuseur 740ml - PERLE IN","isPartOf":{"@id":"https:\/\/perle-in.com\/#website"},"primaryImageOfPage":{"@id":"https:\/\/perle-in.com\/produit\/bidon-tutti-frutti-avec-infuseur-740ml\/#primaryimage"},"image":{"@id":"https:\/\/perle-in.com\/produit\/bidon-tutti-frutti-avec-infuseur-740ml\/#primaryimage"},"thumbnailUrl":"https:\/\/perle-in.com\/wp-content\/uploads\/2025\/10\/10031400-1.jpg","datePublished":"2025-10-13T03:11:49+00:00","dateModified":"2025-10-19T05:08:11+00:00","breadcrumb":{"@id":"https:\/\/perle-in.com\/produit\/bidon-tutti-frutti-avec-infuseur-740ml\/#breadcrumb"},"inLanguage":"en-CA","potentialAction":[{"@type":"ReadAction","target":["https:\/\/perle-in.com\/produit\/bidon-tutti-frutti-avec-infuseur-740ml\/"]}]},{"@type":"ImageObject","inLanguage":"en-CA","@id":"https:\/\/perle-in.com\/produit\/bidon-tutti-frutti-avec-infuseur-740ml\/#primaryimage","url":"https:\/\/perle-in.com\/wp-content\/uploads\/2025\/10\/10031400-1.jpg","contentUrl":"https:\/\/perle-in.com\/wp-content\/uploads\/2025\/10\/10031400-1.jpg","width":1600,"height":1600},{"@type":"BreadcrumbList","@id":"https:\/\/perle-in.com\/produit\/bidon-tutti-frutti-avec-infuseur-740ml\/#breadcrumb","itemListElement":[{"@type":"ListItem","position":1,"name":"Accueil","item":"https:\/\/perle-in.com\/"},{"@type":"ListItem","position":2,"name":"Boutique","item":"https:\/\/perle-in.com\/boutique\/"},{"@type":"ListItem","position":3,"name":"Bidon Tutti frutti avec infuseur 740ml"}]},{"@type":"WebSite","@id":"https:\/\/perle-in.com\/#website","url":"https:\/\/perle-in.com\/","name":"PERLE IN","description":"","publisher":{"@id":"https:\/\/perle-in.com\/#organization"},"potentialAction":[{"@type":"SearchAction","target":{"@type":"EntryPoint","urlTemplate":"https:\/\/perle-in.com\/?s={search_term_string}"},"query-input":{"@type":"PropertyValueSpecification","valueRequired":true,"valueName":"search_term_string"}}],"inLanguage":"en-CA"},{"@type":"Organization","@id":"https:\/\/perle-in.com\/#organization","name":"PERLE IN","url":"https:\/\/perle-in.com\/","logo":{"@type":"ImageObject","inLanguage":"en-CA","@id":"https:\/\/perle-in.com\/#\/schema\/logo\/image\/","url":"https:\/\/perle-in.com\/wp-content\/uploads\/2022\/12\/LOGO-PERLE-IN-COULEUR@3x.webp","contentUrl":"https:\/\/perle-in.com\/wp-content\/uploads\/2022\/12\/LOGO-PERLE-IN-COULEUR@3x.webp","width":1600,"height":490,"caption":"PERLE IN"},"image":{"@id":"https:\/\/perle-in.com\/#\/schema\/logo\/image\/"}}]}},"jetpack_sharing_enabled":true,"_links":{"self":[{"href":"https:\/\/perle-in.com\/en\/wp-json\/wp\/v2\/product\/501183","targetHints":{"allow":["GET"]}}],"collection":[{"href":"https:\/\/perle-in.com\/en\/wp-json\/wp\/v2\/product"}],"about":[{"href":"https:\/\/perle-in.com\/en\/wp-json\/wp\/v2\/types\/product"}],"version-history":[{"count":0,"href":"https:\/\/perle-in.com\/en\/wp-json\/wp\/v2\/product\/501183\/revisions"}],"wp:featuredmedia":[{"embeddable":true,"href":"https:\/\/perle-in.com\/en\/wp-json\/wp\/v2\/media\/490213"}],"wp:attachment":[{"href":"https:\/\/perle-in.com\/en\/wp-json\/wp\/v2\/media?parent=501183"}],"wp:term":[{"taxonomy":"product_brand","embeddable":true,"href":"https:\/\/perle-in.com\/en\/wp-json\/wp\/v2\/product_brand?post=501183"},{"taxonomy":"product_cat","embeddable":true,"href":"https:\/\/perle-in.com\/en\/wp-json\/wp\/v2\/product_cat?post=501183"},{"taxonomy":"product_tag","embeddable":true,"href":"https:\/\/perle-in.com\/en\/wp-json\/wp\/v2\/product_tag?post=501183"}],"curies":[{"name":"wp","href":"https:\/\/api.w.org\/{rel}","templated":true}]}}