{"id":501166,"date":"2025-10-13T05:11:16","date_gmt":"2025-10-13T03:11:16","guid":{"rendered":"https:\/\/perle-in.com\/produit\/mug-isotherme-sanibel-400ml\/"},"modified":"2025-10-19T07:08:05","modified_gmt":"2025-10-19T05:08:05","slug":"mug-isotherme-sanibel-400ml","status":"publish","type":"product","link":"https:\/\/perle-in.com\/en\/product\/mug-isotherme-sanibel-400ml\/","title":{"rendered":"Mug isotherme Sanibel 400ml"},"content":{"rendered":"","protected":false},"excerpt":{"rendered":"<p>Sanibel est le mug parfait pour boire des boissons en d\u00e9placement. Le mug poss\u00e8de une double paroi isolante, permettant de garder les boissons chaudes pendant longtemps. Le couvercle \u00e0 torsion et \u00e0 glissi\u00e8re permet de boire facilement jusqu&#8217;\u00e0 400 ml de boisson. De plus, la poign\u00e9e ergonomique assure une bonne prise en main. Le mug Sanibel est compos\u00e9 d&#8217;acier inoxydable et de plastique noir, ce qui le rend tr\u00e8s solide, r\u00e9sistant \u00e0 la corrosion et facile \u00e0 nettoyer.<\/p>","protected":false},"featured_media":490132,"template":"","meta":{"_eb_attr":""},"product_brand":[],"product_cat":[173,189],"product_tag":[177,178,175,176,194,195,179,180,192,193,196,190,191,197],"class_list":{"0":"post-501166","1":"product","2":"type-product","3":"status-publish","4":"has-post-thumbnail","6":"product_cat-drinkware","7":"product_cat-mugs-isothermes","8":"product_tag-bidon","9":"product_tag-bidons","10":"product_tag-bouteille","11":"product_tag-bouteilles","12":"product_tag-contenant","13":"product_tag-contenants","14":"product_tag-flasque","15":"product_tag-flasques","16":"product_tag-gourde","17":"product_tag-gourdes","18":"product_tag-isolant","19":"product_tag-mug","20":"product_tag-mugs","21":"product_tag-thermos","22":"pa_couleurs-argent-bleu","23":"pa_couleurs-argent-gris","24":"pa_couleurs-argent-noir","25":"pa_couleurs-argent-rouge","27":"first","28":"instock","29":"shipping-taxable","30":"purchasable","31":"product-type-variable"},"yoast_head":"<!-- This site is optimized with the Yoast SEO plugin v27.4 - https:\/\/yoast.com\/product\/yoast-seo-wordpress\/ -->\n<title>Mug isotherme Sanibel 400ml - PERLE IN<\/title>\n<meta name=\"robots\" content=\"noindex, follow, max-snippet:-1, max-image-preview:large, max-video-preview:-1\" \/>\n<meta property=\"og:locale\" content=\"en_US\" \/>\n<meta property=\"og:type\" content=\"article\" \/>\n<meta property=\"og:title\" content=\"Mug isotherme Sanibel 400ml - PERLE IN\" \/>\n<meta property=\"og:description\" content=\"Sanibel est le mug parfait pour boire des boissons en d\u00e9placement. Le mug poss\u00e8de une double paroi isolante, permettant de garder les boissons chaudes pendant longtemps. Le couvercle \u00e0 torsion et \u00e0 glissi\u00e8re permet de boire facilement jusqu&#039;\u00e0 400 ml de boisson. De plus, la poign\u00e9e ergonomique assure une bonne prise en main. Le mug Sanibel est compos\u00e9 d&#039;acier inoxydable et de plastique noir, ce qui le rend tr\u00e8s solide, r\u00e9sistant \u00e0 la corrosion et facile \u00e0 nettoyer.\" \/>\n<meta property=\"og:url\" content=\"https:\/\/perle-in.com\/en\/product\/mug-isotherme-sanibel-400ml\/\" \/>\n<meta property=\"og:site_name\" content=\"PERLE IN\" \/>\n<meta property=\"article:modified_time\" content=\"2025-10-19T05:08:05+00:00\" \/>\n<meta property=\"og:image\" content=\"https:\/\/perle-in.com\/wp-content\/uploads\/2025\/10\/10029600-1.jpg\" \/>\n\t<meta property=\"og:image:width\" content=\"1600\" \/>\n\t<meta property=\"og:image:height\" content=\"1600\" \/>\n\t<meta property=\"og:image:type\" content=\"image\/jpeg\" \/>\n<meta name=\"twitter:card\" content=\"summary_large_image\" \/>\n<script type=\"application\/ld+json\" class=\"yoast-schema-graph\">{\"@context\":\"https:\\\/\\\/schema.org\",\"@graph\":[{\"@type\":\"WebPage\",\"@id\":\"https:\\\/\\\/perle-in.com\\\/produit\\\/mug-isotherme-sanibel-400ml\\\/\",\"url\":\"https:\\\/\\\/perle-in.com\\\/produit\\\/mug-isotherme-sanibel-400ml\\\/\",\"name\":\"Mug isotherme Sanibel 400ml - PERLE IN\",\"isPartOf\":{\"@id\":\"https:\\\/\\\/perle-in.com\\\/#website\"},\"primaryImageOfPage\":{\"@id\":\"https:\\\/\\\/perle-in.com\\\/produit\\\/mug-isotherme-sanibel-400ml\\\/#primaryimage\"},\"image\":{\"@id\":\"https:\\\/\\\/perle-in.com\\\/produit\\\/mug-isotherme-sanibel-400ml\\\/#primaryimage\"},\"thumbnailUrl\":\"https:\\\/\\\/perle-in.com\\\/wp-content\\\/uploads\\\/2025\\\/10\\\/10029600-1.jpg\",\"datePublished\":\"2025-10-13T03:11:16+00:00\",\"dateModified\":\"2025-10-19T05:08:05+00:00\",\"breadcrumb\":{\"@id\":\"https:\\\/\\\/perle-in.com\\\/produit\\\/mug-isotherme-sanibel-400ml\\\/#breadcrumb\"},\"inLanguage\":\"en-CA\",\"potentialAction\":[{\"@type\":\"ReadAction\",\"target\":[\"https:\\\/\\\/perle-in.com\\\/produit\\\/mug-isotherme-sanibel-400ml\\\/\"]}]},{\"@type\":\"ImageObject\",\"inLanguage\":\"en-CA\",\"@id\":\"https:\\\/\\\/perle-in.com\\\/produit\\\/mug-isotherme-sanibel-400ml\\\/#primaryimage\",\"url\":\"https:\\\/\\\/perle-in.com\\\/wp-content\\\/uploads\\\/2025\\\/10\\\/10029600-1.jpg\",\"contentUrl\":\"https:\\\/\\\/perle-in.com\\\/wp-content\\\/uploads\\\/2025\\\/10\\\/10029600-1.jpg\",\"width\":1600,\"height\":1600},{\"@type\":\"BreadcrumbList\",\"@id\":\"https:\\\/\\\/perle-in.com\\\/produit\\\/mug-isotherme-sanibel-400ml\\\/#breadcrumb\",\"itemListElement\":[{\"@type\":\"ListItem\",\"position\":1,\"name\":\"Accueil\",\"item\":\"https:\\\/\\\/perle-in.com\\\/\"},{\"@type\":\"ListItem\",\"position\":2,\"name\":\"Boutique\",\"item\":\"https:\\\/\\\/perle-in.com\\\/boutique\\\/\"},{\"@type\":\"ListItem\",\"position\":3,\"name\":\"Mug isotherme Sanibel 400ml\"}]},{\"@type\":\"WebSite\",\"@id\":\"https:\\\/\\\/perle-in.com\\\/#website\",\"url\":\"https:\\\/\\\/perle-in.com\\\/\",\"name\":\"PERLE IN\",\"description\":\"\",\"publisher\":{\"@id\":\"https:\\\/\\\/perle-in.com\\\/#organization\"},\"potentialAction\":[{\"@type\":\"SearchAction\",\"target\":{\"@type\":\"EntryPoint\",\"urlTemplate\":\"https:\\\/\\\/perle-in.com\\\/?s={search_term_string}\"},\"query-input\":{\"@type\":\"PropertyValueSpecification\",\"valueRequired\":true,\"valueName\":\"search_term_string\"}}],\"inLanguage\":\"en-CA\"},{\"@type\":\"Organization\",\"@id\":\"https:\\\/\\\/perle-in.com\\\/#organization\",\"name\":\"PERLE IN\",\"url\":\"https:\\\/\\\/perle-in.com\\\/\",\"logo\":{\"@type\":\"ImageObject\",\"inLanguage\":\"en-CA\",\"@id\":\"https:\\\/\\\/perle-in.com\\\/#\\\/schema\\\/logo\\\/image\\\/\",\"url\":\"https:\\\/\\\/perle-in.com\\\/wp-content\\\/uploads\\\/2022\\\/12\\\/LOGO-PERLE-IN-COULEUR@3x.webp\",\"contentUrl\":\"https:\\\/\\\/perle-in.com\\\/wp-content\\\/uploads\\\/2022\\\/12\\\/LOGO-PERLE-IN-COULEUR@3x.webp\",\"width\":1600,\"height\":490,\"caption\":\"PERLE IN\"},\"image\":{\"@id\":\"https:\\\/\\\/perle-in.com\\\/#\\\/schema\\\/logo\\\/image\\\/\"}}]}<\/script>\n<!-- \/ Yoast SEO plugin. -->","yoast_head_json":{"title":"Mug isotherme Sanibel 400ml - PERLE IN","robots":{"index":"noindex","follow":"follow","max-snippet":"max-snippet:-1","max-image-preview":"max-image-preview:large","max-video-preview":"max-video-preview:-1"},"og_locale":"en_US","og_type":"article","og_title":"Mug isotherme Sanibel 400ml - PERLE IN","og_description":"Sanibel est le mug parfait pour boire des boissons en d\u00e9placement. Le mug poss\u00e8de une double paroi isolante, permettant de garder les boissons chaudes pendant longtemps. Le couvercle \u00e0 torsion et \u00e0 glissi\u00e8re permet de boire facilement jusqu'\u00e0 400 ml de boisson. De plus, la poign\u00e9e ergonomique assure une bonne prise en main. Le mug Sanibel est compos\u00e9 d'acier inoxydable et de plastique noir, ce qui le rend tr\u00e8s solide, r\u00e9sistant \u00e0 la corrosion et facile \u00e0 nettoyer.","og_url":"https:\/\/perle-in.com\/en\/product\/mug-isotherme-sanibel-400ml\/","og_site_name":"PERLE IN","article_modified_time":"2025-10-19T05:08:05+00:00","og_image":[{"width":1600,"height":1600,"url":"https:\/\/perle-in.com\/wp-content\/uploads\/2025\/10\/10029600-1.jpg","type":"image\/jpeg"}],"twitter_card":"summary_large_image","schema":{"@context":"https:\/\/schema.org","@graph":[{"@type":"WebPage","@id":"https:\/\/perle-in.com\/produit\/mug-isotherme-sanibel-400ml\/","url":"https:\/\/perle-in.com\/produit\/mug-isotherme-sanibel-400ml\/","name":"Mug isotherme Sanibel 400ml - PERLE IN","isPartOf":{"@id":"https:\/\/perle-in.com\/#website"},"primaryImageOfPage":{"@id":"https:\/\/perle-in.com\/produit\/mug-isotherme-sanibel-400ml\/#primaryimage"},"image":{"@id":"https:\/\/perle-in.com\/produit\/mug-isotherme-sanibel-400ml\/#primaryimage"},"thumbnailUrl":"https:\/\/perle-in.com\/wp-content\/uploads\/2025\/10\/10029600-1.jpg","datePublished":"2025-10-13T03:11:16+00:00","dateModified":"2025-10-19T05:08:05+00:00","breadcrumb":{"@id":"https:\/\/perle-in.com\/produit\/mug-isotherme-sanibel-400ml\/#breadcrumb"},"inLanguage":"en-CA","potentialAction":[{"@type":"ReadAction","target":["https:\/\/perle-in.com\/produit\/mug-isotherme-sanibel-400ml\/"]}]},{"@type":"ImageObject","inLanguage":"en-CA","@id":"https:\/\/perle-in.com\/produit\/mug-isotherme-sanibel-400ml\/#primaryimage","url":"https:\/\/perle-in.com\/wp-content\/uploads\/2025\/10\/10029600-1.jpg","contentUrl":"https:\/\/perle-in.com\/wp-content\/uploads\/2025\/10\/10029600-1.jpg","width":1600,"height":1600},{"@type":"BreadcrumbList","@id":"https:\/\/perle-in.com\/produit\/mug-isotherme-sanibel-400ml\/#breadcrumb","itemListElement":[{"@type":"ListItem","position":1,"name":"Accueil","item":"https:\/\/perle-in.com\/"},{"@type":"ListItem","position":2,"name":"Boutique","item":"https:\/\/perle-in.com\/boutique\/"},{"@type":"ListItem","position":3,"name":"Mug isotherme Sanibel 400ml"}]},{"@type":"WebSite","@id":"https:\/\/perle-in.com\/#website","url":"https:\/\/perle-in.com\/","name":"PERLE IN","description":"","publisher":{"@id":"https:\/\/perle-in.com\/#organization"},"potentialAction":[{"@type":"SearchAction","target":{"@type":"EntryPoint","urlTemplate":"https:\/\/perle-in.com\/?s={search_term_string}"},"query-input":{"@type":"PropertyValueSpecification","valueRequired":true,"valueName":"search_term_string"}}],"inLanguage":"en-CA"},{"@type":"Organization","@id":"https:\/\/perle-in.com\/#organization","name":"PERLE IN","url":"https:\/\/perle-in.com\/","logo":{"@type":"ImageObject","inLanguage":"en-CA","@id":"https:\/\/perle-in.com\/#\/schema\/logo\/image\/","url":"https:\/\/perle-in.com\/wp-content\/uploads\/2022\/12\/LOGO-PERLE-IN-COULEUR@3x.webp","contentUrl":"https:\/\/perle-in.com\/wp-content\/uploads\/2022\/12\/LOGO-PERLE-IN-COULEUR@3x.webp","width":1600,"height":490,"caption":"PERLE IN"},"image":{"@id":"https:\/\/perle-in.com\/#\/schema\/logo\/image\/"}}]}},"jetpack_sharing_enabled":true,"_links":{"self":[{"href":"https:\/\/perle-in.com\/en\/wp-json\/wp\/v2\/product\/501166","targetHints":{"allow":["GET"]}}],"collection":[{"href":"https:\/\/perle-in.com\/en\/wp-json\/wp\/v2\/product"}],"about":[{"href":"https:\/\/perle-in.com\/en\/wp-json\/wp\/v2\/types\/product"}],"version-history":[{"count":0,"href":"https:\/\/perle-in.com\/en\/wp-json\/wp\/v2\/product\/501166\/revisions"}],"wp:featuredmedia":[{"embeddable":true,"href":"https:\/\/perle-in.com\/en\/wp-json\/wp\/v2\/media\/490132"}],"wp:attachment":[{"href":"https:\/\/perle-in.com\/en\/wp-json\/wp\/v2\/media?parent=501166"}],"wp:term":[{"taxonomy":"product_brand","embeddable":true,"href":"https:\/\/perle-in.com\/en\/wp-json\/wp\/v2\/product_brand?post=501166"},{"taxonomy":"product_cat","embeddable":true,"href":"https:\/\/perle-in.com\/en\/wp-json\/wp\/v2\/product_cat?post=501166"},{"taxonomy":"product_tag","embeddable":true,"href":"https:\/\/perle-in.com\/en\/wp-json\/wp\/v2\/product_tag?post=501166"}],"curies":[{"name":"wp","href":"https:\/\/api.w.org\/{rel}","templated":true}]}}