{"id":501056,"date":"2025-10-10T15:57:54","date_gmt":"2025-10-10T13:57:54","guid":{"rendered":"https:\/\/perle-in.com\/produit\/drone-gps-1080p-prixton-pegasus-advanced\/"},"modified":"2025-10-10T15:57:55","modified_gmt":"2025-10-10T13:57:55","slug":"drone-gps-1080p-prixton-pegasus-advanced","status":"publish","type":"product","link":"https:\/\/perle-in.com\/en\/product\/drone-gps-1080p-prixton-pegasus-advanced\/","title":{"rendered":"Drone GPS 1080p Prixton Pegasus Advanced"},"content":{"rendered":"","protected":false},"excerpt":{"rendered":"<p>Le drone GPS Pegasus Advanced offre un suivi de localisation pr\u00e9cis, vous assurant de toujours conna\u00eetre sa position exacte. Il capture de superbes photos de haute qualit\u00e9 et enregistre des vid\u00e9os en Full HD jusqu\u2019\u00e0 150\u00a0m\u00e8tres d\u2019altitude, offrant des r\u00e9sultats nets et d\u00e9taill\u00e9s. Sa technologie avanc\u00e9e \u00ab\u00a0Optical Flow\u00a0\u00bb stabilise le drone en plein vol, am\u00e9liorant ainsi la clart\u00e9 et la fluidit\u00e9. La t\u00e9l\u00e9commande fournie est dot\u00e9e d\u2019un \u00e9cran LED qui vous permet de contr\u00f4ler les enregistrements en temps r\u00e9el. Gr\u00e2ce \u00e0 la connexion Wi-Fi, vous pouvez \u00e9galement contr\u00f4ler le drone via l\u2019application LW Pro sur votre smartphone pour plus de commodit\u00e9. Pour plus de s\u00e9curit\u00e9, le drone comprend des lumi\u00e8res int\u00e9gr\u00e9es et une fonctionnalit\u00e9 fiable de \u00ab\u00a0retour au point de d\u00e9part\u00a0\u00bb qui le ram\u00e8ne automatiquement \u00e0 son lieu de d\u00e9collage. Des h\u00e9lices de rechange sont \u00e9galement incluses pour faciliter l\u2019entretien et maintenir les performances.<\/p>","protected":false},"featured_media":486034,"template":"","meta":{"_eb_attr":""},"product_brand":[],"product_cat":[782,667],"product_tag":[1083,1086,783,1085,1088],"class_list":{"0":"post-501056","1":"product","2":"type-product","3":"status-publish","4":"has-post-thumbnail","6":"product_cat-gadgets","7":"product_cat-technologie","8":"product_tag-camera","9":"product_tag-drone","10":"product_tag-prixton","11":"product_tag-video","12":"product_tag-vol","13":"pa_couleurs-noir","15":"first","16":"outofstock","17":"shipping-taxable","18":"purchasable","19":"product-type-variable"},"yoast_head":"<!-- This site is optimized with the Yoast SEO plugin v27.4 - https:\/\/yoast.com\/product\/yoast-seo-wordpress\/ -->\n<title>Drone GPS 1080p Prixton Pegasus Advanced - PERLE IN<\/title>\n<meta name=\"robots\" content=\"noindex, follow, max-snippet:-1, max-image-preview:large, max-video-preview:-1\" \/>\n<meta property=\"og:locale\" content=\"en_US\" \/>\n<meta property=\"og:type\" content=\"article\" \/>\n<meta property=\"og:title\" content=\"Drone GPS 1080p Prixton Pegasus Advanced - PERLE IN\" \/>\n<meta property=\"og:description\" content=\"Le drone GPS Pegasus Advanced offre un suivi de localisation pr\u00e9cis, vous assurant de toujours conna\u00eetre sa position exacte. Il capture de superbes photos de haute qualit\u00e9 et enregistre des vid\u00e9os en Full HD jusqu\u2019\u00e0 150\u00a0m\u00e8tres d\u2019altitude, offrant des r\u00e9sultats nets et d\u00e9taill\u00e9s. Sa technologie avanc\u00e9e \u00ab\u00a0Optical Flow\u00a0\u00bb stabilise le drone en plein vol, am\u00e9liorant ainsi la clart\u00e9 et la fluidit\u00e9. La t\u00e9l\u00e9commande fournie est dot\u00e9e d\u2019un \u00e9cran LED qui vous permet de contr\u00f4ler les enregistrements en temps r\u00e9el. Gr\u00e2ce \u00e0 la connexion Wi-Fi, vous pouvez \u00e9galement contr\u00f4ler le drone via l\u2019application LW Pro sur votre smartphone pour plus de commodit\u00e9. Pour plus de s\u00e9curit\u00e9, le drone comprend des lumi\u00e8res int\u00e9gr\u00e9es et une fonctionnalit\u00e9 fiable de \u00ab\u00a0retour au point de d\u00e9part\u00a0\u00bb qui le ram\u00e8ne automatiquement \u00e0 son lieu de d\u00e9collage. Des h\u00e9lices de rechange sont \u00e9galement incluses pour faciliter l\u2019entretien et maintenir les performances.\" \/>\n<meta property=\"og:url\" content=\"https:\/\/perle-in.com\/en\/product\/drone-gps-1080p-prixton-pegasus-advanced\/\" \/>\n<meta property=\"og:site_name\" content=\"PERLE IN\" \/>\n<meta property=\"article:modified_time\" content=\"2025-10-10T13:57:55+00:00\" \/>\n<meta property=\"og:image\" content=\"https:\/\/perle-in.com\/wp-content\/uploads\/2025\/09\/1PA19190-1.jpg\" \/>\n\t<meta property=\"og:image:width\" content=\"1600\" \/>\n\t<meta property=\"og:image:height\" content=\"1600\" \/>\n\t<meta property=\"og:image:type\" content=\"image\/jpeg\" \/>\n<meta name=\"twitter:card\" content=\"summary_large_image\" \/>\n<script type=\"application\/ld+json\" class=\"yoast-schema-graph\">{\"@context\":\"https:\\\/\\\/schema.org\",\"@graph\":[{\"@type\":\"WebPage\",\"@id\":\"https:\\\/\\\/perle-in.com\\\/produit\\\/drone-gps-1080p-prixton-pegasus-advanced\\\/\",\"url\":\"https:\\\/\\\/perle-in.com\\\/produit\\\/drone-gps-1080p-prixton-pegasus-advanced\\\/\",\"name\":\"Drone GPS 1080p Prixton Pegasus Advanced - PERLE IN\",\"isPartOf\":{\"@id\":\"https:\\\/\\\/perle-in.com\\\/#website\"},\"primaryImageOfPage\":{\"@id\":\"https:\\\/\\\/perle-in.com\\\/produit\\\/drone-gps-1080p-prixton-pegasus-advanced\\\/#primaryimage\"},\"image\":{\"@id\":\"https:\\\/\\\/perle-in.com\\\/produit\\\/drone-gps-1080p-prixton-pegasus-advanced\\\/#primaryimage\"},\"thumbnailUrl\":\"https:\\\/\\\/perle-in.com\\\/wp-content\\\/uploads\\\/2025\\\/09\\\/1PA19190-1.jpg\",\"datePublished\":\"2025-10-10T13:57:54+00:00\",\"dateModified\":\"2025-10-10T13:57:55+00:00\",\"breadcrumb\":{\"@id\":\"https:\\\/\\\/perle-in.com\\\/produit\\\/drone-gps-1080p-prixton-pegasus-advanced\\\/#breadcrumb\"},\"inLanguage\":\"en-CA\",\"potentialAction\":[{\"@type\":\"ReadAction\",\"target\":[\"https:\\\/\\\/perle-in.com\\\/produit\\\/drone-gps-1080p-prixton-pegasus-advanced\\\/\"]}]},{\"@type\":\"ImageObject\",\"inLanguage\":\"en-CA\",\"@id\":\"https:\\\/\\\/perle-in.com\\\/produit\\\/drone-gps-1080p-prixton-pegasus-advanced\\\/#primaryimage\",\"url\":\"https:\\\/\\\/perle-in.com\\\/wp-content\\\/uploads\\\/2025\\\/09\\\/1PA19190-1.jpg\",\"contentUrl\":\"https:\\\/\\\/perle-in.com\\\/wp-content\\\/uploads\\\/2025\\\/09\\\/1PA19190-1.jpg\",\"width\":1600,\"height\":1600},{\"@type\":\"BreadcrumbList\",\"@id\":\"https:\\\/\\\/perle-in.com\\\/produit\\\/drone-gps-1080p-prixton-pegasus-advanced\\\/#breadcrumb\",\"itemListElement\":[{\"@type\":\"ListItem\",\"position\":1,\"name\":\"Accueil\",\"item\":\"https:\\\/\\\/perle-in.com\\\/\"},{\"@type\":\"ListItem\",\"position\":2,\"name\":\"Boutique\",\"item\":\"https:\\\/\\\/perle-in.com\\\/boutique\\\/\"},{\"@type\":\"ListItem\",\"position\":3,\"name\":\"Drone GPS 1080p Prixton Pegasus Advanced\"}]},{\"@type\":\"WebSite\",\"@id\":\"https:\\\/\\\/perle-in.com\\\/#website\",\"url\":\"https:\\\/\\\/perle-in.com\\\/\",\"name\":\"PERLE IN\",\"description\":\"\",\"publisher\":{\"@id\":\"https:\\\/\\\/perle-in.com\\\/#organization\"},\"potentialAction\":[{\"@type\":\"SearchAction\",\"target\":{\"@type\":\"EntryPoint\",\"urlTemplate\":\"https:\\\/\\\/perle-in.com\\\/?s={search_term_string}\"},\"query-input\":{\"@type\":\"PropertyValueSpecification\",\"valueRequired\":true,\"valueName\":\"search_term_string\"}}],\"inLanguage\":\"en-CA\"},{\"@type\":\"Organization\",\"@id\":\"https:\\\/\\\/perle-in.com\\\/#organization\",\"name\":\"PERLE IN\",\"url\":\"https:\\\/\\\/perle-in.com\\\/\",\"logo\":{\"@type\":\"ImageObject\",\"inLanguage\":\"en-CA\",\"@id\":\"https:\\\/\\\/perle-in.com\\\/#\\\/schema\\\/logo\\\/image\\\/\",\"url\":\"https:\\\/\\\/perle-in.com\\\/wp-content\\\/uploads\\\/2022\\\/12\\\/LOGO-PERLE-IN-COULEUR@3x.webp\",\"contentUrl\":\"https:\\\/\\\/perle-in.com\\\/wp-content\\\/uploads\\\/2022\\\/12\\\/LOGO-PERLE-IN-COULEUR@3x.webp\",\"width\":1600,\"height\":490,\"caption\":\"PERLE IN\"},\"image\":{\"@id\":\"https:\\\/\\\/perle-in.com\\\/#\\\/schema\\\/logo\\\/image\\\/\"}}]}<\/script>\n<!-- \/ Yoast SEO plugin. -->","yoast_head_json":{"title":"Drone GPS 1080p Prixton Pegasus Advanced - PERLE IN","robots":{"index":"noindex","follow":"follow","max-snippet":"max-snippet:-1","max-image-preview":"max-image-preview:large","max-video-preview":"max-video-preview:-1"},"og_locale":"en_US","og_type":"article","og_title":"Drone GPS 1080p Prixton Pegasus Advanced - PERLE IN","og_description":"Le drone GPS Pegasus Advanced offre un suivi de localisation pr\u00e9cis, vous assurant de toujours conna\u00eetre sa position exacte. Il capture de superbes photos de haute qualit\u00e9 et enregistre des vid\u00e9os en Full HD jusqu\u2019\u00e0 150\u00a0m\u00e8tres d\u2019altitude, offrant des r\u00e9sultats nets et d\u00e9taill\u00e9s. Sa technologie avanc\u00e9e \u00ab\u00a0Optical Flow\u00a0\u00bb stabilise le drone en plein vol, am\u00e9liorant ainsi la clart\u00e9 et la fluidit\u00e9. La t\u00e9l\u00e9commande fournie est dot\u00e9e d\u2019un \u00e9cran LED qui vous permet de contr\u00f4ler les enregistrements en temps r\u00e9el. Gr\u00e2ce \u00e0 la connexion Wi-Fi, vous pouvez \u00e9galement contr\u00f4ler le drone via l\u2019application LW Pro sur votre smartphone pour plus de commodit\u00e9. Pour plus de s\u00e9curit\u00e9, le drone comprend des lumi\u00e8res int\u00e9gr\u00e9es et une fonctionnalit\u00e9 fiable de \u00ab\u00a0retour au point de d\u00e9part\u00a0\u00bb qui le ram\u00e8ne automatiquement \u00e0 son lieu de d\u00e9collage. Des h\u00e9lices de rechange sont \u00e9galement incluses pour faciliter l\u2019entretien et maintenir les performances.","og_url":"https:\/\/perle-in.com\/en\/product\/drone-gps-1080p-prixton-pegasus-advanced\/","og_site_name":"PERLE IN","article_modified_time":"2025-10-10T13:57:55+00:00","og_image":[{"width":1600,"height":1600,"url":"https:\/\/perle-in.com\/wp-content\/uploads\/2025\/09\/1PA19190-1.jpg","type":"image\/jpeg"}],"twitter_card":"summary_large_image","schema":{"@context":"https:\/\/schema.org","@graph":[{"@type":"WebPage","@id":"https:\/\/perle-in.com\/produit\/drone-gps-1080p-prixton-pegasus-advanced\/","url":"https:\/\/perle-in.com\/produit\/drone-gps-1080p-prixton-pegasus-advanced\/","name":"Drone GPS 1080p Prixton Pegasus Advanced - PERLE IN","isPartOf":{"@id":"https:\/\/perle-in.com\/#website"},"primaryImageOfPage":{"@id":"https:\/\/perle-in.com\/produit\/drone-gps-1080p-prixton-pegasus-advanced\/#primaryimage"},"image":{"@id":"https:\/\/perle-in.com\/produit\/drone-gps-1080p-prixton-pegasus-advanced\/#primaryimage"},"thumbnailUrl":"https:\/\/perle-in.com\/wp-content\/uploads\/2025\/09\/1PA19190-1.jpg","datePublished":"2025-10-10T13:57:54+00:00","dateModified":"2025-10-10T13:57:55+00:00","breadcrumb":{"@id":"https:\/\/perle-in.com\/produit\/drone-gps-1080p-prixton-pegasus-advanced\/#breadcrumb"},"inLanguage":"en-CA","potentialAction":[{"@type":"ReadAction","target":["https:\/\/perle-in.com\/produit\/drone-gps-1080p-prixton-pegasus-advanced\/"]}]},{"@type":"ImageObject","inLanguage":"en-CA","@id":"https:\/\/perle-in.com\/produit\/drone-gps-1080p-prixton-pegasus-advanced\/#primaryimage","url":"https:\/\/perle-in.com\/wp-content\/uploads\/2025\/09\/1PA19190-1.jpg","contentUrl":"https:\/\/perle-in.com\/wp-content\/uploads\/2025\/09\/1PA19190-1.jpg","width":1600,"height":1600},{"@type":"BreadcrumbList","@id":"https:\/\/perle-in.com\/produit\/drone-gps-1080p-prixton-pegasus-advanced\/#breadcrumb","itemListElement":[{"@type":"ListItem","position":1,"name":"Accueil","item":"https:\/\/perle-in.com\/"},{"@type":"ListItem","position":2,"name":"Boutique","item":"https:\/\/perle-in.com\/boutique\/"},{"@type":"ListItem","position":3,"name":"Drone GPS 1080p Prixton Pegasus Advanced"}]},{"@type":"WebSite","@id":"https:\/\/perle-in.com\/#website","url":"https:\/\/perle-in.com\/","name":"PERLE IN","description":"","publisher":{"@id":"https:\/\/perle-in.com\/#organization"},"potentialAction":[{"@type":"SearchAction","target":{"@type":"EntryPoint","urlTemplate":"https:\/\/perle-in.com\/?s={search_term_string}"},"query-input":{"@type":"PropertyValueSpecification","valueRequired":true,"valueName":"search_term_string"}}],"inLanguage":"en-CA"},{"@type":"Organization","@id":"https:\/\/perle-in.com\/#organization","name":"PERLE IN","url":"https:\/\/perle-in.com\/","logo":{"@type":"ImageObject","inLanguage":"en-CA","@id":"https:\/\/perle-in.com\/#\/schema\/logo\/image\/","url":"https:\/\/perle-in.com\/wp-content\/uploads\/2022\/12\/LOGO-PERLE-IN-COULEUR@3x.webp","contentUrl":"https:\/\/perle-in.com\/wp-content\/uploads\/2022\/12\/LOGO-PERLE-IN-COULEUR@3x.webp","width":1600,"height":490,"caption":"PERLE IN"},"image":{"@id":"https:\/\/perle-in.com\/#\/schema\/logo\/image\/"}}]}},"jetpack_sharing_enabled":true,"_links":{"self":[{"href":"https:\/\/perle-in.com\/en\/wp-json\/wp\/v2\/product\/501056","targetHints":{"allow":["GET"]}}],"collection":[{"href":"https:\/\/perle-in.com\/en\/wp-json\/wp\/v2\/product"}],"about":[{"href":"https:\/\/perle-in.com\/en\/wp-json\/wp\/v2\/types\/product"}],"version-history":[{"count":0,"href":"https:\/\/perle-in.com\/en\/wp-json\/wp\/v2\/product\/501056\/revisions"}],"wp:featuredmedia":[{"embeddable":true,"href":"https:\/\/perle-in.com\/en\/wp-json\/wp\/v2\/media\/486034"}],"wp:attachment":[{"href":"https:\/\/perle-in.com\/en\/wp-json\/wp\/v2\/media?parent=501056"}],"wp:term":[{"taxonomy":"product_brand","embeddable":true,"href":"https:\/\/perle-in.com\/en\/wp-json\/wp\/v2\/product_brand?post=501056"},{"taxonomy":"product_cat","embeddable":true,"href":"https:\/\/perle-in.com\/en\/wp-json\/wp\/v2\/product_cat?post=501056"},{"taxonomy":"product_tag","embeddable":true,"href":"https:\/\/perle-in.com\/en\/wp-json\/wp\/v2\/product_tag?post=501056"}],"curies":[{"name":"wp","href":"https:\/\/api.w.org\/{rel}","templated":true}]}}