{"id":501048,"date":"2025-10-10T15:56:49","date_gmt":"2025-10-10T13:56:49","guid":{"rendered":"https:\/\/perle-in.com\/produit\/friteuse-a-air-double-8-l-prixton-cook-organics\/"},"modified":"2025-10-10T15:56:55","modified_gmt":"2025-10-10T13:56:55","slug":"friteuse-a-air-double-8-l-prixton-cook-organics","status":"publish","type":"product","link":"https:\/\/perle-in.com\/en\/product\/friteuse-a-air-double-8-l-prixton-cook-organics\/","title":{"rendered":"Friteuse \u00e0 air double 8\u00a0L Prixton Cook Organics"},"content":{"rendered":"","protected":false},"excerpt":{"rendered":"<p>La friteuse \u00e0 air Prixton Cook Organics de 8\u00a0litres, dot\u00e9e de la technologie d&#8217;air chaud, vous permet de cuisiner avec tr\u00e8s peu d&#8217;huile pour des r\u00e9sultats plus sains. Il est \u00e9galement possible de cuisiner 2\u00a0recettes ind\u00e9pendantes simultan\u00e9ment car elle int\u00e8gre un s\u00e9parateur qui convertit le panier en 2\u00a0paniers de 4\u00a0litres chacun. La cloison peut \u00e9galement \u00eatre utilis\u00e9e pour la cuisson d&#8217;un seul c\u00f4t\u00e9, l&#8217;autre c\u00f4t\u00e9 \u00e9tant \u00e9teint. La friteuse \u00e0 air dispose \u00e9galement d&#8217;une fen\u00eatre et d&#8217;une lumi\u00e8re \u00e0 l&#8217;int\u00e9rieur, ce qui vous permet de contr\u00f4ler les plats sans perdre de chaleur.<\/p>","protected":false},"featured_media":485853,"template":"","meta":{"_eb_attr":""},"product_brand":[],"product_cat":[150,878],"product_tag":[861,1131,1129,1130,880,783],"class_list":{"0":"post-501048","1":"product","2":"type-product","3":"status-publish","4":"has-post-thumbnail","6":"product_cat-maison-et-cuisine","7":"product_cat-ustensiles-de-cuisine","8":"product_tag-cuisine","9":"product_tag-diner","10":"product_tag-friteuse","11":"product_tag-friteuse-a-air","12":"product_tag-nourriture","13":"product_tag-prixton","14":"pa_couleurs-noir","16":"first","17":"outofstock","18":"shipping-taxable","19":"purchasable","20":"product-type-variable"},"yoast_head":"<!-- This site is optimized with the Yoast SEO plugin v27.4 - https:\/\/yoast.com\/product\/yoast-seo-wordpress\/ -->\n<title>Friteuse \u00e0 air double 8\u00a0L Prixton Cook Organics - PERLE IN<\/title>\n<meta name=\"robots\" content=\"noindex, follow, max-snippet:-1, max-image-preview:large, max-video-preview:-1\" \/>\n<meta property=\"og:locale\" content=\"en_US\" \/>\n<meta property=\"og:type\" content=\"article\" \/>\n<meta property=\"og:title\" content=\"Friteuse \u00e0 air double 8\u00a0L Prixton Cook Organics - PERLE IN\" \/>\n<meta property=\"og:description\" content=\"La friteuse \u00e0 air Prixton Cook Organics de 8\u00a0litres, dot\u00e9e de la technologie d&#039;air chaud, vous permet de cuisiner avec tr\u00e8s peu d&#039;huile pour des r\u00e9sultats plus sains. Il est \u00e9galement possible de cuisiner 2\u00a0recettes ind\u00e9pendantes simultan\u00e9ment car elle int\u00e8gre un s\u00e9parateur qui convertit le panier en 2\u00a0paniers de 4\u00a0litres chacun. La cloison peut \u00e9galement \u00eatre utilis\u00e9e pour la cuisson d&#039;un seul c\u00f4t\u00e9, l&#039;autre c\u00f4t\u00e9 \u00e9tant \u00e9teint. La friteuse \u00e0 air dispose \u00e9galement d&#039;une fen\u00eatre et d&#039;une lumi\u00e8re \u00e0 l&#039;int\u00e9rieur, ce qui vous permet de contr\u00f4ler les plats sans perdre de chaleur.\" \/>\n<meta property=\"og:url\" content=\"https:\/\/perle-in.com\/en\/product\/friteuse-a-air-double-8-l-prixton-cook-organics\/\" \/>\n<meta property=\"og:site_name\" content=\"PERLE IN\" \/>\n<meta property=\"article:modified_time\" content=\"2025-10-10T13:56:55+00:00\" \/>\n<meta property=\"og:image\" content=\"https:\/\/perle-in.com\/wp-content\/uploads\/2025\/09\/1PA18490_F1-1.jpg\" \/>\n\t<meta property=\"og:image:width\" content=\"1600\" \/>\n\t<meta property=\"og:image:height\" content=\"1600\" \/>\n\t<meta property=\"og:image:type\" content=\"image\/jpeg\" \/>\n<meta name=\"twitter:card\" content=\"summary_large_image\" \/>\n<script type=\"application\/ld+json\" class=\"yoast-schema-graph\">{\"@context\":\"https:\\\/\\\/schema.org\",\"@graph\":[{\"@type\":\"WebPage\",\"@id\":\"https:\\\/\\\/perle-in.com\\\/produit\\\/friteuse-a-air-double-8-l-prixton-cook-organics\\\/\",\"url\":\"https:\\\/\\\/perle-in.com\\\/produit\\\/friteuse-a-air-double-8-l-prixton-cook-organics\\\/\",\"name\":\"Friteuse \u00e0 air double 8\u00a0L Prixton Cook Organics - PERLE IN\",\"isPartOf\":{\"@id\":\"https:\\\/\\\/perle-in.com\\\/#website\"},\"primaryImageOfPage\":{\"@id\":\"https:\\\/\\\/perle-in.com\\\/produit\\\/friteuse-a-air-double-8-l-prixton-cook-organics\\\/#primaryimage\"},\"image\":{\"@id\":\"https:\\\/\\\/perle-in.com\\\/produit\\\/friteuse-a-air-double-8-l-prixton-cook-organics\\\/#primaryimage\"},\"thumbnailUrl\":\"https:\\\/\\\/perle-in.com\\\/wp-content\\\/uploads\\\/2025\\\/09\\\/1PA18490_F1-1.jpg\",\"datePublished\":\"2025-10-10T13:56:49+00:00\",\"dateModified\":\"2025-10-10T13:56:55+00:00\",\"breadcrumb\":{\"@id\":\"https:\\\/\\\/perle-in.com\\\/produit\\\/friteuse-a-air-double-8-l-prixton-cook-organics\\\/#breadcrumb\"},\"inLanguage\":\"en-CA\",\"potentialAction\":[{\"@type\":\"ReadAction\",\"target\":[\"https:\\\/\\\/perle-in.com\\\/produit\\\/friteuse-a-air-double-8-l-prixton-cook-organics\\\/\"]}]},{\"@type\":\"ImageObject\",\"inLanguage\":\"en-CA\",\"@id\":\"https:\\\/\\\/perle-in.com\\\/produit\\\/friteuse-a-air-double-8-l-prixton-cook-organics\\\/#primaryimage\",\"url\":\"https:\\\/\\\/perle-in.com\\\/wp-content\\\/uploads\\\/2025\\\/09\\\/1PA18490_F1-1.jpg\",\"contentUrl\":\"https:\\\/\\\/perle-in.com\\\/wp-content\\\/uploads\\\/2025\\\/09\\\/1PA18490_F1-1.jpg\",\"width\":1600,\"height\":1600},{\"@type\":\"BreadcrumbList\",\"@id\":\"https:\\\/\\\/perle-in.com\\\/produit\\\/friteuse-a-air-double-8-l-prixton-cook-organics\\\/#breadcrumb\",\"itemListElement\":[{\"@type\":\"ListItem\",\"position\":1,\"name\":\"Accueil\",\"item\":\"https:\\\/\\\/perle-in.com\\\/\"},{\"@type\":\"ListItem\",\"position\":2,\"name\":\"Boutique\",\"item\":\"https:\\\/\\\/perle-in.com\\\/boutique\\\/\"},{\"@type\":\"ListItem\",\"position\":3,\"name\":\"Friteuse \u00e0 air double 8\u00a0L Prixton Cook Organics\"}]},{\"@type\":\"WebSite\",\"@id\":\"https:\\\/\\\/perle-in.com\\\/#website\",\"url\":\"https:\\\/\\\/perle-in.com\\\/\",\"name\":\"PERLE IN\",\"description\":\"\",\"publisher\":{\"@id\":\"https:\\\/\\\/perle-in.com\\\/#organization\"},\"potentialAction\":[{\"@type\":\"SearchAction\",\"target\":{\"@type\":\"EntryPoint\",\"urlTemplate\":\"https:\\\/\\\/perle-in.com\\\/?s={search_term_string}\"},\"query-input\":{\"@type\":\"PropertyValueSpecification\",\"valueRequired\":true,\"valueName\":\"search_term_string\"}}],\"inLanguage\":\"en-CA\"},{\"@type\":\"Organization\",\"@id\":\"https:\\\/\\\/perle-in.com\\\/#organization\",\"name\":\"PERLE IN\",\"url\":\"https:\\\/\\\/perle-in.com\\\/\",\"logo\":{\"@type\":\"ImageObject\",\"inLanguage\":\"en-CA\",\"@id\":\"https:\\\/\\\/perle-in.com\\\/#\\\/schema\\\/logo\\\/image\\\/\",\"url\":\"https:\\\/\\\/perle-in.com\\\/wp-content\\\/uploads\\\/2022\\\/12\\\/LOGO-PERLE-IN-COULEUR@3x.webp\",\"contentUrl\":\"https:\\\/\\\/perle-in.com\\\/wp-content\\\/uploads\\\/2022\\\/12\\\/LOGO-PERLE-IN-COULEUR@3x.webp\",\"width\":1600,\"height\":490,\"caption\":\"PERLE IN\"},\"image\":{\"@id\":\"https:\\\/\\\/perle-in.com\\\/#\\\/schema\\\/logo\\\/image\\\/\"}}]}<\/script>\n<!-- \/ Yoast SEO plugin. -->","yoast_head_json":{"title":"Friteuse \u00e0 air double 8\u00a0L Prixton Cook Organics - PERLE IN","robots":{"index":"noindex","follow":"follow","max-snippet":"max-snippet:-1","max-image-preview":"max-image-preview:large","max-video-preview":"max-video-preview:-1"},"og_locale":"en_US","og_type":"article","og_title":"Friteuse \u00e0 air double 8\u00a0L Prixton Cook Organics - PERLE IN","og_description":"La friteuse \u00e0 air Prixton Cook Organics de 8\u00a0litres, dot\u00e9e de la technologie d'air chaud, vous permet de cuisiner avec tr\u00e8s peu d'huile pour des r\u00e9sultats plus sains. Il est \u00e9galement possible de cuisiner 2\u00a0recettes ind\u00e9pendantes simultan\u00e9ment car elle int\u00e8gre un s\u00e9parateur qui convertit le panier en 2\u00a0paniers de 4\u00a0litres chacun. La cloison peut \u00e9galement \u00eatre utilis\u00e9e pour la cuisson d'un seul c\u00f4t\u00e9, l'autre c\u00f4t\u00e9 \u00e9tant \u00e9teint. La friteuse \u00e0 air dispose \u00e9galement d'une fen\u00eatre et d'une lumi\u00e8re \u00e0 l'int\u00e9rieur, ce qui vous permet de contr\u00f4ler les plats sans perdre de chaleur.","og_url":"https:\/\/perle-in.com\/en\/product\/friteuse-a-air-double-8-l-prixton-cook-organics\/","og_site_name":"PERLE IN","article_modified_time":"2025-10-10T13:56:55+00:00","og_image":[{"width":1600,"height":1600,"url":"https:\/\/perle-in.com\/wp-content\/uploads\/2025\/09\/1PA18490_F1-1.jpg","type":"image\/jpeg"}],"twitter_card":"summary_large_image","schema":{"@context":"https:\/\/schema.org","@graph":[{"@type":"WebPage","@id":"https:\/\/perle-in.com\/produit\/friteuse-a-air-double-8-l-prixton-cook-organics\/","url":"https:\/\/perle-in.com\/produit\/friteuse-a-air-double-8-l-prixton-cook-organics\/","name":"Friteuse \u00e0 air double 8\u00a0L Prixton Cook Organics - PERLE IN","isPartOf":{"@id":"https:\/\/perle-in.com\/#website"},"primaryImageOfPage":{"@id":"https:\/\/perle-in.com\/produit\/friteuse-a-air-double-8-l-prixton-cook-organics\/#primaryimage"},"image":{"@id":"https:\/\/perle-in.com\/produit\/friteuse-a-air-double-8-l-prixton-cook-organics\/#primaryimage"},"thumbnailUrl":"https:\/\/perle-in.com\/wp-content\/uploads\/2025\/09\/1PA18490_F1-1.jpg","datePublished":"2025-10-10T13:56:49+00:00","dateModified":"2025-10-10T13:56:55+00:00","breadcrumb":{"@id":"https:\/\/perle-in.com\/produit\/friteuse-a-air-double-8-l-prixton-cook-organics\/#breadcrumb"},"inLanguage":"en-CA","potentialAction":[{"@type":"ReadAction","target":["https:\/\/perle-in.com\/produit\/friteuse-a-air-double-8-l-prixton-cook-organics\/"]}]},{"@type":"ImageObject","inLanguage":"en-CA","@id":"https:\/\/perle-in.com\/produit\/friteuse-a-air-double-8-l-prixton-cook-organics\/#primaryimage","url":"https:\/\/perle-in.com\/wp-content\/uploads\/2025\/09\/1PA18490_F1-1.jpg","contentUrl":"https:\/\/perle-in.com\/wp-content\/uploads\/2025\/09\/1PA18490_F1-1.jpg","width":1600,"height":1600},{"@type":"BreadcrumbList","@id":"https:\/\/perle-in.com\/produit\/friteuse-a-air-double-8-l-prixton-cook-organics\/#breadcrumb","itemListElement":[{"@type":"ListItem","position":1,"name":"Accueil","item":"https:\/\/perle-in.com\/"},{"@type":"ListItem","position":2,"name":"Boutique","item":"https:\/\/perle-in.com\/boutique\/"},{"@type":"ListItem","position":3,"name":"Friteuse \u00e0 air double 8\u00a0L Prixton Cook Organics"}]},{"@type":"WebSite","@id":"https:\/\/perle-in.com\/#website","url":"https:\/\/perle-in.com\/","name":"PERLE IN","description":"","publisher":{"@id":"https:\/\/perle-in.com\/#organization"},"potentialAction":[{"@type":"SearchAction","target":{"@type":"EntryPoint","urlTemplate":"https:\/\/perle-in.com\/?s={search_term_string}"},"query-input":{"@type":"PropertyValueSpecification","valueRequired":true,"valueName":"search_term_string"}}],"inLanguage":"en-CA"},{"@type":"Organization","@id":"https:\/\/perle-in.com\/#organization","name":"PERLE IN","url":"https:\/\/perle-in.com\/","logo":{"@type":"ImageObject","inLanguage":"en-CA","@id":"https:\/\/perle-in.com\/#\/schema\/logo\/image\/","url":"https:\/\/perle-in.com\/wp-content\/uploads\/2022\/12\/LOGO-PERLE-IN-COULEUR@3x.webp","contentUrl":"https:\/\/perle-in.com\/wp-content\/uploads\/2022\/12\/LOGO-PERLE-IN-COULEUR@3x.webp","width":1600,"height":490,"caption":"PERLE IN"},"image":{"@id":"https:\/\/perle-in.com\/#\/schema\/logo\/image\/"}}]}},"jetpack_sharing_enabled":true,"_links":{"self":[{"href":"https:\/\/perle-in.com\/en\/wp-json\/wp\/v2\/product\/501048","targetHints":{"allow":["GET"]}}],"collection":[{"href":"https:\/\/perle-in.com\/en\/wp-json\/wp\/v2\/product"}],"about":[{"href":"https:\/\/perle-in.com\/en\/wp-json\/wp\/v2\/types\/product"}],"version-history":[{"count":0,"href":"https:\/\/perle-in.com\/en\/wp-json\/wp\/v2\/product\/501048\/revisions"}],"wp:featuredmedia":[{"embeddable":true,"href":"https:\/\/perle-in.com\/en\/wp-json\/wp\/v2\/media\/485853"}],"wp:attachment":[{"href":"https:\/\/perle-in.com\/en\/wp-json\/wp\/v2\/media?parent=501048"}],"wp:term":[{"taxonomy":"product_brand","embeddable":true,"href":"https:\/\/perle-in.com\/en\/wp-json\/wp\/v2\/product_brand?post=501048"},{"taxonomy":"product_cat","embeddable":true,"href":"https:\/\/perle-in.com\/en\/wp-json\/wp\/v2\/product_cat?post=501048"},{"taxonomy":"product_tag","embeddable":true,"href":"https:\/\/perle-in.com\/en\/wp-json\/wp\/v2\/product_tag?post=501048"}],"curies":[{"name":"wp","href":"https:\/\/api.w.org\/{rel}","templated":true}]}}