{"id":500994,"date":"2025-10-10T15:44:15","date_gmt":"2025-10-10T13:44:15","guid":{"rendered":"https:\/\/perle-in.com\/produit\/bague-connectee-prixton-orbyt-touch\/"},"modified":"2025-10-10T15:44:33","modified_gmt":"2025-10-10T13:44:33","slug":"bague-connectee-prixton-orbyt-touch","status":"publish","type":"product","link":"https:\/\/perle-in.com\/en\/product\/bague-connectee-prixton-orbyt-touch\/","title":{"rendered":"Bague connect\u00e9e Prixton Orbyt Touch"},"content":{"rendered":"","protected":false},"excerpt":{"rendered":"<p>La bague connect\u00e9e Orbyt Touch affiche l\u2019heure et les principales mesures de sant\u00e9 et d\u2019activit\u00e9 directement \u00e0 l\u2019\u00e9cran. Gr\u00e2ce \u00e0 l\u2019application mobile, vous pouvez acc\u00e9der \u00e0 un ensemble complet de donn\u00e9es, y compris la qualit\u00e9 du sommeil et les niveaux de stress. Elle poss\u00e8de plusieurs modes int\u00e9gr\u00e9s de sport pour un suivi plus d\u00e9taill\u00e9 pendant l\u2019exercice. Fabriqu\u00e9e en acier inoxydable et disponible en trois tailles, la bague est fournie avec un socle de chargement magn\u00e9tique et offre jusqu\u2019\u00e0 15\u00a0jours d\u2019autonomie en veille ou jusqu\u2019\u00e0 7\u00a0jours d\u2019utilisation \u00e0 une fr\u00e9quence normale.<\/p>","protected":false},"featured_media":486364,"template":"","meta":{"_eb_attr":""},"product_brand":[],"product_cat":[782,667],"product_tag":[1181,1180,1179,952,754,755,783,1059,203],"class_list":{"0":"post-500994","1":"product","2":"type-product","3":"status-publish","4":"has-post-thumbnail","6":"product_cat-gadgets","7":"product_cat-technologie","8":"product_tag-activite","9":"product_tag-anneau-connecte","10":"product_tag-bague-connectee","11":"product_tag-entrainement","12":"product_tag-exercice","13":"product_tag-gym","14":"product_tag-prixton","15":"product_tag-sommeil","16":"product_tag-sport","17":"pa_couleurs-noir","18":"pa_taille-size-11-20-8-mm","19":"pa_taille-size-8-183-mm","20":"pa_taille-size-9-19-1-mm","22":"first","23":"instock","24":"shipping-taxable","25":"purchasable","26":"product-type-variable"},"yoast_head":"<!-- This site is optimized with the Yoast SEO plugin v27.4 - https:\/\/yoast.com\/product\/yoast-seo-wordpress\/ -->\n<title>Bague connect\u00e9e Prixton Orbyt Touch - PERLE IN<\/title>\n<meta name=\"robots\" content=\"noindex, follow, max-snippet:-1, max-image-preview:large, max-video-preview:-1\" \/>\n<meta property=\"og:locale\" content=\"en_US\" \/>\n<meta property=\"og:type\" content=\"article\" \/>\n<meta property=\"og:title\" content=\"Bague connect\u00e9e Prixton Orbyt Touch - PERLE IN\" \/>\n<meta property=\"og:description\" content=\"La bague connect\u00e9e Orbyt Touch affiche l\u2019heure et les principales mesures de sant\u00e9 et d\u2019activit\u00e9 directement \u00e0 l\u2019\u00e9cran. Gr\u00e2ce \u00e0 l\u2019application mobile, vous pouvez acc\u00e9der \u00e0 un ensemble complet de donn\u00e9es, y compris la qualit\u00e9 du sommeil et les niveaux de stress. Elle poss\u00e8de plusieurs modes int\u00e9gr\u00e9s de sport pour un suivi plus d\u00e9taill\u00e9 pendant l\u2019exercice. Fabriqu\u00e9e en acier inoxydable et disponible en trois tailles, la bague est fournie avec un socle de chargement magn\u00e9tique et offre jusqu\u2019\u00e0 15\u00a0jours d\u2019autonomie en veille ou jusqu\u2019\u00e0 7\u00a0jours d\u2019utilisation \u00e0 une fr\u00e9quence normale.\" \/>\n<meta property=\"og:url\" content=\"https:\/\/perle-in.com\/en\/product\/bague-connectee-prixton-orbyt-touch\/\" \/>\n<meta property=\"og:site_name\" content=\"PERLE IN\" \/>\n<meta property=\"article:modified_time\" content=\"2025-10-10T13:44:33+00:00\" \/>\n<meta property=\"og:image\" content=\"https:\/\/perle-in.com\/wp-content\/uploads\/2025\/09\/1PA61904-1.jpg\" \/>\n\t<meta property=\"og:image:width\" content=\"1600\" \/>\n\t<meta property=\"og:image:height\" content=\"1600\" \/>\n\t<meta property=\"og:image:type\" content=\"image\/jpeg\" \/>\n<meta name=\"twitter:card\" content=\"summary_large_image\" \/>\n<script type=\"application\/ld+json\" class=\"yoast-schema-graph\">{\"@context\":\"https:\\\/\\\/schema.org\",\"@graph\":[{\"@type\":\"WebPage\",\"@id\":\"https:\\\/\\\/perle-in.com\\\/produit\\\/bague-connectee-prixton-orbyt-touch\\\/\",\"url\":\"https:\\\/\\\/perle-in.com\\\/produit\\\/bague-connectee-prixton-orbyt-touch\\\/\",\"name\":\"Bague connect\u00e9e Prixton Orbyt Touch - PERLE IN\",\"isPartOf\":{\"@id\":\"https:\\\/\\\/perle-in.com\\\/#website\"},\"primaryImageOfPage\":{\"@id\":\"https:\\\/\\\/perle-in.com\\\/produit\\\/bague-connectee-prixton-orbyt-touch\\\/#primaryimage\"},\"image\":{\"@id\":\"https:\\\/\\\/perle-in.com\\\/produit\\\/bague-connectee-prixton-orbyt-touch\\\/#primaryimage\"},\"thumbnailUrl\":\"https:\\\/\\\/perle-in.com\\\/wp-content\\\/uploads\\\/2025\\\/09\\\/1PA61904-1.jpg\",\"datePublished\":\"2025-10-10T13:44:15+00:00\",\"dateModified\":\"2025-10-10T13:44:33+00:00\",\"breadcrumb\":{\"@id\":\"https:\\\/\\\/perle-in.com\\\/produit\\\/bague-connectee-prixton-orbyt-touch\\\/#breadcrumb\"},\"inLanguage\":\"en-CA\",\"potentialAction\":[{\"@type\":\"ReadAction\",\"target\":[\"https:\\\/\\\/perle-in.com\\\/produit\\\/bague-connectee-prixton-orbyt-touch\\\/\"]}]},{\"@type\":\"ImageObject\",\"inLanguage\":\"en-CA\",\"@id\":\"https:\\\/\\\/perle-in.com\\\/produit\\\/bague-connectee-prixton-orbyt-touch\\\/#primaryimage\",\"url\":\"https:\\\/\\\/perle-in.com\\\/wp-content\\\/uploads\\\/2025\\\/09\\\/1PA61904-1.jpg\",\"contentUrl\":\"https:\\\/\\\/perle-in.com\\\/wp-content\\\/uploads\\\/2025\\\/09\\\/1PA61904-1.jpg\",\"width\":1600,\"height\":1600},{\"@type\":\"BreadcrumbList\",\"@id\":\"https:\\\/\\\/perle-in.com\\\/produit\\\/bague-connectee-prixton-orbyt-touch\\\/#breadcrumb\",\"itemListElement\":[{\"@type\":\"ListItem\",\"position\":1,\"name\":\"Accueil\",\"item\":\"https:\\\/\\\/perle-in.com\\\/\"},{\"@type\":\"ListItem\",\"position\":2,\"name\":\"Boutique\",\"item\":\"https:\\\/\\\/perle-in.com\\\/boutique\\\/\"},{\"@type\":\"ListItem\",\"position\":3,\"name\":\"Bague connect\u00e9e Prixton Orbyt Touch\"}]},{\"@type\":\"WebSite\",\"@id\":\"https:\\\/\\\/perle-in.com\\\/#website\",\"url\":\"https:\\\/\\\/perle-in.com\\\/\",\"name\":\"PERLE IN\",\"description\":\"\",\"publisher\":{\"@id\":\"https:\\\/\\\/perle-in.com\\\/#organization\"},\"potentialAction\":[{\"@type\":\"SearchAction\",\"target\":{\"@type\":\"EntryPoint\",\"urlTemplate\":\"https:\\\/\\\/perle-in.com\\\/?s={search_term_string}\"},\"query-input\":{\"@type\":\"PropertyValueSpecification\",\"valueRequired\":true,\"valueName\":\"search_term_string\"}}],\"inLanguage\":\"en-CA\"},{\"@type\":\"Organization\",\"@id\":\"https:\\\/\\\/perle-in.com\\\/#organization\",\"name\":\"PERLE IN\",\"url\":\"https:\\\/\\\/perle-in.com\\\/\",\"logo\":{\"@type\":\"ImageObject\",\"inLanguage\":\"en-CA\",\"@id\":\"https:\\\/\\\/perle-in.com\\\/#\\\/schema\\\/logo\\\/image\\\/\",\"url\":\"https:\\\/\\\/perle-in.com\\\/wp-content\\\/uploads\\\/2022\\\/12\\\/LOGO-PERLE-IN-COULEUR@3x.webp\",\"contentUrl\":\"https:\\\/\\\/perle-in.com\\\/wp-content\\\/uploads\\\/2022\\\/12\\\/LOGO-PERLE-IN-COULEUR@3x.webp\",\"width\":1600,\"height\":490,\"caption\":\"PERLE IN\"},\"image\":{\"@id\":\"https:\\\/\\\/perle-in.com\\\/#\\\/schema\\\/logo\\\/image\\\/\"}}]}<\/script>\n<!-- \/ Yoast SEO plugin. -->","yoast_head_json":{"title":"Bague connect\u00e9e Prixton Orbyt Touch - PERLE IN","robots":{"index":"noindex","follow":"follow","max-snippet":"max-snippet:-1","max-image-preview":"max-image-preview:large","max-video-preview":"max-video-preview:-1"},"og_locale":"en_US","og_type":"article","og_title":"Bague connect\u00e9e Prixton Orbyt Touch - PERLE IN","og_description":"La bague connect\u00e9e Orbyt Touch affiche l\u2019heure et les principales mesures de sant\u00e9 et d\u2019activit\u00e9 directement \u00e0 l\u2019\u00e9cran. Gr\u00e2ce \u00e0 l\u2019application mobile, vous pouvez acc\u00e9der \u00e0 un ensemble complet de donn\u00e9es, y compris la qualit\u00e9 du sommeil et les niveaux de stress. Elle poss\u00e8de plusieurs modes int\u00e9gr\u00e9s de sport pour un suivi plus d\u00e9taill\u00e9 pendant l\u2019exercice. Fabriqu\u00e9e en acier inoxydable et disponible en trois tailles, la bague est fournie avec un socle de chargement magn\u00e9tique et offre jusqu\u2019\u00e0 15\u00a0jours d\u2019autonomie en veille ou jusqu\u2019\u00e0 7\u00a0jours d\u2019utilisation \u00e0 une fr\u00e9quence normale.","og_url":"https:\/\/perle-in.com\/en\/product\/bague-connectee-prixton-orbyt-touch\/","og_site_name":"PERLE IN","article_modified_time":"2025-10-10T13:44:33+00:00","og_image":[{"width":1600,"height":1600,"url":"https:\/\/perle-in.com\/wp-content\/uploads\/2025\/09\/1PA61904-1.jpg","type":"image\/jpeg"}],"twitter_card":"summary_large_image","schema":{"@context":"https:\/\/schema.org","@graph":[{"@type":"WebPage","@id":"https:\/\/perle-in.com\/produit\/bague-connectee-prixton-orbyt-touch\/","url":"https:\/\/perle-in.com\/produit\/bague-connectee-prixton-orbyt-touch\/","name":"Bague connect\u00e9e Prixton Orbyt Touch - PERLE IN","isPartOf":{"@id":"https:\/\/perle-in.com\/#website"},"primaryImageOfPage":{"@id":"https:\/\/perle-in.com\/produit\/bague-connectee-prixton-orbyt-touch\/#primaryimage"},"image":{"@id":"https:\/\/perle-in.com\/produit\/bague-connectee-prixton-orbyt-touch\/#primaryimage"},"thumbnailUrl":"https:\/\/perle-in.com\/wp-content\/uploads\/2025\/09\/1PA61904-1.jpg","datePublished":"2025-10-10T13:44:15+00:00","dateModified":"2025-10-10T13:44:33+00:00","breadcrumb":{"@id":"https:\/\/perle-in.com\/produit\/bague-connectee-prixton-orbyt-touch\/#breadcrumb"},"inLanguage":"en-CA","potentialAction":[{"@type":"ReadAction","target":["https:\/\/perle-in.com\/produit\/bague-connectee-prixton-orbyt-touch\/"]}]},{"@type":"ImageObject","inLanguage":"en-CA","@id":"https:\/\/perle-in.com\/produit\/bague-connectee-prixton-orbyt-touch\/#primaryimage","url":"https:\/\/perle-in.com\/wp-content\/uploads\/2025\/09\/1PA61904-1.jpg","contentUrl":"https:\/\/perle-in.com\/wp-content\/uploads\/2025\/09\/1PA61904-1.jpg","width":1600,"height":1600},{"@type":"BreadcrumbList","@id":"https:\/\/perle-in.com\/produit\/bague-connectee-prixton-orbyt-touch\/#breadcrumb","itemListElement":[{"@type":"ListItem","position":1,"name":"Accueil","item":"https:\/\/perle-in.com\/"},{"@type":"ListItem","position":2,"name":"Boutique","item":"https:\/\/perle-in.com\/boutique\/"},{"@type":"ListItem","position":3,"name":"Bague connect\u00e9e Prixton Orbyt Touch"}]},{"@type":"WebSite","@id":"https:\/\/perle-in.com\/#website","url":"https:\/\/perle-in.com\/","name":"PERLE IN","description":"","publisher":{"@id":"https:\/\/perle-in.com\/#organization"},"potentialAction":[{"@type":"SearchAction","target":{"@type":"EntryPoint","urlTemplate":"https:\/\/perle-in.com\/?s={search_term_string}"},"query-input":{"@type":"PropertyValueSpecification","valueRequired":true,"valueName":"search_term_string"}}],"inLanguage":"en-CA"},{"@type":"Organization","@id":"https:\/\/perle-in.com\/#organization","name":"PERLE IN","url":"https:\/\/perle-in.com\/","logo":{"@type":"ImageObject","inLanguage":"en-CA","@id":"https:\/\/perle-in.com\/#\/schema\/logo\/image\/","url":"https:\/\/perle-in.com\/wp-content\/uploads\/2022\/12\/LOGO-PERLE-IN-COULEUR@3x.webp","contentUrl":"https:\/\/perle-in.com\/wp-content\/uploads\/2022\/12\/LOGO-PERLE-IN-COULEUR@3x.webp","width":1600,"height":490,"caption":"PERLE IN"},"image":{"@id":"https:\/\/perle-in.com\/#\/schema\/logo\/image\/"}}]}},"jetpack_sharing_enabled":true,"_links":{"self":[{"href":"https:\/\/perle-in.com\/en\/wp-json\/wp\/v2\/product\/500994","targetHints":{"allow":["GET"]}}],"collection":[{"href":"https:\/\/perle-in.com\/en\/wp-json\/wp\/v2\/product"}],"about":[{"href":"https:\/\/perle-in.com\/en\/wp-json\/wp\/v2\/types\/product"}],"version-history":[{"count":0,"href":"https:\/\/perle-in.com\/en\/wp-json\/wp\/v2\/product\/500994\/revisions"}],"wp:featuredmedia":[{"embeddable":true,"href":"https:\/\/perle-in.com\/en\/wp-json\/wp\/v2\/media\/486364"}],"wp:attachment":[{"href":"https:\/\/perle-in.com\/en\/wp-json\/wp\/v2\/media?parent=500994"}],"wp:term":[{"taxonomy":"product_brand","embeddable":true,"href":"https:\/\/perle-in.com\/en\/wp-json\/wp\/v2\/product_brand?post=500994"},{"taxonomy":"product_cat","embeddable":true,"href":"https:\/\/perle-in.com\/en\/wp-json\/wp\/v2\/product_cat?post=500994"},{"taxonomy":"product_tag","embeddable":true,"href":"https:\/\/perle-in.com\/en\/wp-json\/wp\/v2\/product_tag?post=500994"}],"curies":[{"name":"wp","href":"https:\/\/api.w.org\/{rel}","templated":true}]}}