{"id":500990,"date":"2025-10-10T15:43:36","date_gmt":"2025-10-10T13:43:36","guid":{"rendered":"https:\/\/perle-in.com\/produit\/tapis-de-course-prixton-rf150-run-fit\/"},"modified":"2025-10-10T15:43:43","modified_gmt":"2025-10-10T13:43:43","slug":"tapis-de-course-prixton-rf150-run-fit","status":"publish","type":"product","link":"https:\/\/perle-in.com\/en\/product\/tapis-de-course-prixton-rf150-run-fit\/","title":{"rendered":"Tapis de course Prixton RF150 Run Fit"},"content":{"rendered":"","protected":false},"excerpt":{"rendered":"<p>Le tapis de course RF150 Run Fit vous permet de profiter d\u2019un entra\u00eenement cardio complet dans le confort de la maison. Avec des vitesses r\u00e9glables allant de 1 \u00e0 10\u00a0km\/h et 12 programmes pr\u00e9r\u00e9gl\u00e9s, vous pouvez facilement personnaliser votre entra\u00eenement en fonction de votre niveau de forme. Son design ultra-compact permet de le ranger facilement dans n\u2019importe quel coin de votre maison, et les roulettes de transport int\u00e9gr\u00e9es vous permettent de le d\u00e9placer sans effort. L\u2019\u00e9cran LED fournit des informations en temps r\u00e9el sur la vitesse, la distance, les calories br\u00fbl\u00e9es et le temps, vous aidant ainsi \u00e0 rester sur la bonne voie pour atteindre vos objectifs. Un support pratique pour votre tablette ou votre smartphone vous permet de profiter de vos contenus pr\u00e9f\u00e9r\u00e9s tout en faisant de l\u2019exercice, ce qui rend vos s\u00e9ances d\u2019entra\u00eenement plus engageantes et plus agr\u00e9ables.<\/p>","protected":false},"featured_media":486051,"template":"","meta":{"_eb_attr":""},"product_brand":[],"product_cat":[232,129],"product_tag":[1115,952,754,755,783,977,203,1153],"class_list":{"0":"post-500990","1":"product","2":"type-product","3":"status-publish","4":"has-post-thumbnail","6":"product_cat-articles-de-fitness-et-de-sport","7":"product_cat-sport-et-loisirs","8":"product_tag-course-a-pied","9":"product_tag-entrainement","10":"product_tag-exercice","11":"product_tag-gym","12":"product_tag-prixton","13":"product_tag-remise-en-forme","14":"product_tag-sport","15":"product_tag-tapis-de-course","16":"pa_couleurs-noir","18":"first","19":"instock","20":"shipping-taxable","21":"purchasable","22":"product-type-variable"},"yoast_head":"<!-- This site is optimized with the Yoast SEO plugin v27.4 - https:\/\/yoast.com\/product\/yoast-seo-wordpress\/ -->\n<title>Tapis de course Prixton RF150 Run Fit - PERLE IN<\/title>\n<meta name=\"robots\" content=\"noindex, follow, max-snippet:-1, max-image-preview:large, max-video-preview:-1\" \/>\n<meta property=\"og:locale\" content=\"en_US\" \/>\n<meta property=\"og:type\" content=\"article\" \/>\n<meta property=\"og:title\" content=\"Tapis de course Prixton RF150 Run Fit - PERLE IN\" \/>\n<meta property=\"og:description\" content=\"Le tapis de course RF150 Run Fit vous permet de profiter d\u2019un entra\u00eenement cardio complet dans le confort de la maison. Avec des vitesses r\u00e9glables allant de 1 \u00e0 10\u00a0km\/h et 12 programmes pr\u00e9r\u00e9gl\u00e9s, vous pouvez facilement personnaliser votre entra\u00eenement en fonction de votre niveau de forme. Son design ultra-compact permet de le ranger facilement dans n\u2019importe quel coin de votre maison, et les roulettes de transport int\u00e9gr\u00e9es vous permettent de le d\u00e9placer sans effort. L\u2019\u00e9cran LED fournit des informations en temps r\u00e9el sur la vitesse, la distance, les calories br\u00fbl\u00e9es et le temps, vous aidant ainsi \u00e0 rester sur la bonne voie pour atteindre vos objectifs. Un support pratique pour votre tablette ou votre smartphone vous permet de profiter de vos contenus pr\u00e9f\u00e9r\u00e9s tout en faisant de l\u2019exercice, ce qui rend vos s\u00e9ances d\u2019entra\u00eenement plus engageantes et plus agr\u00e9ables.\" \/>\n<meta property=\"og:url\" content=\"https:\/\/perle-in.com\/en\/product\/tapis-de-course-prixton-rf150-run-fit\/\" \/>\n<meta property=\"og:site_name\" content=\"PERLE IN\" \/>\n<meta property=\"article:modified_time\" content=\"2025-10-10T13:43:43+00:00\" \/>\n<meta property=\"og:image\" content=\"https:\/\/perle-in.com\/wp-content\/uploads\/2025\/09\/1PA18990-1.jpg\" \/>\n\t<meta property=\"og:image:width\" content=\"1600\" \/>\n\t<meta property=\"og:image:height\" content=\"1600\" \/>\n\t<meta property=\"og:image:type\" content=\"image\/jpeg\" \/>\n<meta name=\"twitter:card\" content=\"summary_large_image\" \/>\n<script type=\"application\/ld+json\" class=\"yoast-schema-graph\">{\"@context\":\"https:\\\/\\\/schema.org\",\"@graph\":[{\"@type\":\"WebPage\",\"@id\":\"https:\\\/\\\/perle-in.com\\\/produit\\\/tapis-de-course-prixton-rf150-run-fit\\\/\",\"url\":\"https:\\\/\\\/perle-in.com\\\/produit\\\/tapis-de-course-prixton-rf150-run-fit\\\/\",\"name\":\"Tapis de course Prixton RF150 Run Fit - PERLE IN\",\"isPartOf\":{\"@id\":\"https:\\\/\\\/perle-in.com\\\/#website\"},\"primaryImageOfPage\":{\"@id\":\"https:\\\/\\\/perle-in.com\\\/produit\\\/tapis-de-course-prixton-rf150-run-fit\\\/#primaryimage\"},\"image\":{\"@id\":\"https:\\\/\\\/perle-in.com\\\/produit\\\/tapis-de-course-prixton-rf150-run-fit\\\/#primaryimage\"},\"thumbnailUrl\":\"https:\\\/\\\/perle-in.com\\\/wp-content\\\/uploads\\\/2025\\\/09\\\/1PA18990-1.jpg\",\"datePublished\":\"2025-10-10T13:43:36+00:00\",\"dateModified\":\"2025-10-10T13:43:43+00:00\",\"breadcrumb\":{\"@id\":\"https:\\\/\\\/perle-in.com\\\/produit\\\/tapis-de-course-prixton-rf150-run-fit\\\/#breadcrumb\"},\"inLanguage\":\"en-CA\",\"potentialAction\":[{\"@type\":\"ReadAction\",\"target\":[\"https:\\\/\\\/perle-in.com\\\/produit\\\/tapis-de-course-prixton-rf150-run-fit\\\/\"]}]},{\"@type\":\"ImageObject\",\"inLanguage\":\"en-CA\",\"@id\":\"https:\\\/\\\/perle-in.com\\\/produit\\\/tapis-de-course-prixton-rf150-run-fit\\\/#primaryimage\",\"url\":\"https:\\\/\\\/perle-in.com\\\/wp-content\\\/uploads\\\/2025\\\/09\\\/1PA18990-1.jpg\",\"contentUrl\":\"https:\\\/\\\/perle-in.com\\\/wp-content\\\/uploads\\\/2025\\\/09\\\/1PA18990-1.jpg\",\"width\":1600,\"height\":1600},{\"@type\":\"BreadcrumbList\",\"@id\":\"https:\\\/\\\/perle-in.com\\\/produit\\\/tapis-de-course-prixton-rf150-run-fit\\\/#breadcrumb\",\"itemListElement\":[{\"@type\":\"ListItem\",\"position\":1,\"name\":\"Accueil\",\"item\":\"https:\\\/\\\/perle-in.com\\\/\"},{\"@type\":\"ListItem\",\"position\":2,\"name\":\"Boutique\",\"item\":\"https:\\\/\\\/perle-in.com\\\/boutique\\\/\"},{\"@type\":\"ListItem\",\"position\":3,\"name\":\"Tapis de course Prixton RF150 Run Fit\"}]},{\"@type\":\"WebSite\",\"@id\":\"https:\\\/\\\/perle-in.com\\\/#website\",\"url\":\"https:\\\/\\\/perle-in.com\\\/\",\"name\":\"PERLE IN\",\"description\":\"\",\"publisher\":{\"@id\":\"https:\\\/\\\/perle-in.com\\\/#organization\"},\"potentialAction\":[{\"@type\":\"SearchAction\",\"target\":{\"@type\":\"EntryPoint\",\"urlTemplate\":\"https:\\\/\\\/perle-in.com\\\/?s={search_term_string}\"},\"query-input\":{\"@type\":\"PropertyValueSpecification\",\"valueRequired\":true,\"valueName\":\"search_term_string\"}}],\"inLanguage\":\"en-CA\"},{\"@type\":\"Organization\",\"@id\":\"https:\\\/\\\/perle-in.com\\\/#organization\",\"name\":\"PERLE IN\",\"url\":\"https:\\\/\\\/perle-in.com\\\/\",\"logo\":{\"@type\":\"ImageObject\",\"inLanguage\":\"en-CA\",\"@id\":\"https:\\\/\\\/perle-in.com\\\/#\\\/schema\\\/logo\\\/image\\\/\",\"url\":\"https:\\\/\\\/perle-in.com\\\/wp-content\\\/uploads\\\/2022\\\/12\\\/LOGO-PERLE-IN-COULEUR@3x.webp\",\"contentUrl\":\"https:\\\/\\\/perle-in.com\\\/wp-content\\\/uploads\\\/2022\\\/12\\\/LOGO-PERLE-IN-COULEUR@3x.webp\",\"width\":1600,\"height\":490,\"caption\":\"PERLE IN\"},\"image\":{\"@id\":\"https:\\\/\\\/perle-in.com\\\/#\\\/schema\\\/logo\\\/image\\\/\"}}]}<\/script>\n<!-- \/ Yoast SEO plugin. -->","yoast_head_json":{"title":"Tapis de course Prixton RF150 Run Fit - PERLE IN","robots":{"index":"noindex","follow":"follow","max-snippet":"max-snippet:-1","max-image-preview":"max-image-preview:large","max-video-preview":"max-video-preview:-1"},"og_locale":"en_US","og_type":"article","og_title":"Tapis de course Prixton RF150 Run Fit - PERLE IN","og_description":"Le tapis de course RF150 Run Fit vous permet de profiter d\u2019un entra\u00eenement cardio complet dans le confort de la maison. Avec des vitesses r\u00e9glables allant de 1 \u00e0 10\u00a0km\/h et 12 programmes pr\u00e9r\u00e9gl\u00e9s, vous pouvez facilement personnaliser votre entra\u00eenement en fonction de votre niveau de forme. Son design ultra-compact permet de le ranger facilement dans n\u2019importe quel coin de votre maison, et les roulettes de transport int\u00e9gr\u00e9es vous permettent de le d\u00e9placer sans effort. L\u2019\u00e9cran LED fournit des informations en temps r\u00e9el sur la vitesse, la distance, les calories br\u00fbl\u00e9es et le temps, vous aidant ainsi \u00e0 rester sur la bonne voie pour atteindre vos objectifs. Un support pratique pour votre tablette ou votre smartphone vous permet de profiter de vos contenus pr\u00e9f\u00e9r\u00e9s tout en faisant de l\u2019exercice, ce qui rend vos s\u00e9ances d\u2019entra\u00eenement plus engageantes et plus agr\u00e9ables.","og_url":"https:\/\/perle-in.com\/en\/product\/tapis-de-course-prixton-rf150-run-fit\/","og_site_name":"PERLE IN","article_modified_time":"2025-10-10T13:43:43+00:00","og_image":[{"width":1600,"height":1600,"url":"https:\/\/perle-in.com\/wp-content\/uploads\/2025\/09\/1PA18990-1.jpg","type":"image\/jpeg"}],"twitter_card":"summary_large_image","schema":{"@context":"https:\/\/schema.org","@graph":[{"@type":"WebPage","@id":"https:\/\/perle-in.com\/produit\/tapis-de-course-prixton-rf150-run-fit\/","url":"https:\/\/perle-in.com\/produit\/tapis-de-course-prixton-rf150-run-fit\/","name":"Tapis de course Prixton RF150 Run Fit - PERLE IN","isPartOf":{"@id":"https:\/\/perle-in.com\/#website"},"primaryImageOfPage":{"@id":"https:\/\/perle-in.com\/produit\/tapis-de-course-prixton-rf150-run-fit\/#primaryimage"},"image":{"@id":"https:\/\/perle-in.com\/produit\/tapis-de-course-prixton-rf150-run-fit\/#primaryimage"},"thumbnailUrl":"https:\/\/perle-in.com\/wp-content\/uploads\/2025\/09\/1PA18990-1.jpg","datePublished":"2025-10-10T13:43:36+00:00","dateModified":"2025-10-10T13:43:43+00:00","breadcrumb":{"@id":"https:\/\/perle-in.com\/produit\/tapis-de-course-prixton-rf150-run-fit\/#breadcrumb"},"inLanguage":"en-CA","potentialAction":[{"@type":"ReadAction","target":["https:\/\/perle-in.com\/produit\/tapis-de-course-prixton-rf150-run-fit\/"]}]},{"@type":"ImageObject","inLanguage":"en-CA","@id":"https:\/\/perle-in.com\/produit\/tapis-de-course-prixton-rf150-run-fit\/#primaryimage","url":"https:\/\/perle-in.com\/wp-content\/uploads\/2025\/09\/1PA18990-1.jpg","contentUrl":"https:\/\/perle-in.com\/wp-content\/uploads\/2025\/09\/1PA18990-1.jpg","width":1600,"height":1600},{"@type":"BreadcrumbList","@id":"https:\/\/perle-in.com\/produit\/tapis-de-course-prixton-rf150-run-fit\/#breadcrumb","itemListElement":[{"@type":"ListItem","position":1,"name":"Accueil","item":"https:\/\/perle-in.com\/"},{"@type":"ListItem","position":2,"name":"Boutique","item":"https:\/\/perle-in.com\/boutique\/"},{"@type":"ListItem","position":3,"name":"Tapis de course Prixton RF150 Run Fit"}]},{"@type":"WebSite","@id":"https:\/\/perle-in.com\/#website","url":"https:\/\/perle-in.com\/","name":"PERLE IN","description":"","publisher":{"@id":"https:\/\/perle-in.com\/#organization"},"potentialAction":[{"@type":"SearchAction","target":{"@type":"EntryPoint","urlTemplate":"https:\/\/perle-in.com\/?s={search_term_string}"},"query-input":{"@type":"PropertyValueSpecification","valueRequired":true,"valueName":"search_term_string"}}],"inLanguage":"en-CA"},{"@type":"Organization","@id":"https:\/\/perle-in.com\/#organization","name":"PERLE IN","url":"https:\/\/perle-in.com\/","logo":{"@type":"ImageObject","inLanguage":"en-CA","@id":"https:\/\/perle-in.com\/#\/schema\/logo\/image\/","url":"https:\/\/perle-in.com\/wp-content\/uploads\/2022\/12\/LOGO-PERLE-IN-COULEUR@3x.webp","contentUrl":"https:\/\/perle-in.com\/wp-content\/uploads\/2022\/12\/LOGO-PERLE-IN-COULEUR@3x.webp","width":1600,"height":490,"caption":"PERLE IN"},"image":{"@id":"https:\/\/perle-in.com\/#\/schema\/logo\/image\/"}}]}},"jetpack_sharing_enabled":true,"_links":{"self":[{"href":"https:\/\/perle-in.com\/en\/wp-json\/wp\/v2\/product\/500990","targetHints":{"allow":["GET"]}}],"collection":[{"href":"https:\/\/perle-in.com\/en\/wp-json\/wp\/v2\/product"}],"about":[{"href":"https:\/\/perle-in.com\/en\/wp-json\/wp\/v2\/types\/product"}],"version-history":[{"count":0,"href":"https:\/\/perle-in.com\/en\/wp-json\/wp\/v2\/product\/500990\/revisions"}],"wp:featuredmedia":[{"embeddable":true,"href":"https:\/\/perle-in.com\/en\/wp-json\/wp\/v2\/media\/486051"}],"wp:attachment":[{"href":"https:\/\/perle-in.com\/en\/wp-json\/wp\/v2\/media?parent=500990"}],"wp:term":[{"taxonomy":"product_brand","embeddable":true,"href":"https:\/\/perle-in.com\/en\/wp-json\/wp\/v2\/product_brand?post=500990"},{"taxonomy":"product_cat","embeddable":true,"href":"https:\/\/perle-in.com\/en\/wp-json\/wp\/v2\/product_cat?post=500990"},{"taxonomy":"product_tag","embeddable":true,"href":"https:\/\/perle-in.com\/en\/wp-json\/wp\/v2\/product_tag?post=500990"}],"curies":[{"name":"wp","href":"https:\/\/api.w.org\/{rel}","templated":true}]}}