{"id":500986,"date":"2025-10-10T15:26:12","date_gmt":"2025-10-10T13:26:12","guid":{"rendered":"https:\/\/perle-in.com\/produit\/montre-intelligente-prixton-swb33\/"},"modified":"2025-10-10T15:26:13","modified_gmt":"2025-10-10T13:26:13","slug":"montre-intelligente-prixton-swb33","status":"publish","type":"product","link":"https:\/\/perle-in.com\/en\/product\/montre-intelligente-prixton-swb33\/","title":{"rendered":"Montre intelligente Prixton SWB33"},"content":{"rendered":"","protected":false},"excerpt":{"rendered":"<p>La montre connect\u00e9e SWB33 est dot\u00e9e d&#8217;un \u00e9cran AMOLED offrant une qualit\u00e9 de couleur exceptionnelle. Gr\u00e2ce \u00e0 sa fonction GPS, vous pouvez enregistrer toutes vos activit\u00e9s sur la montre pendant que vous faites de l&#8217;exercice, sans emporter votre t\u00e9l\u00e9phone, puis les transf\u00e9rer une fois rentr\u00e9. La montre connect\u00e9e offre diff\u00e9rentes fonctions pour mesurer l&#8217;activit\u00e9 physique quotidienne et dispose d&#8217;un mode multisport qui mesure avec pr\u00e9cision jusqu&#8217;\u00e0 110\u00a0activit\u00e9s diff\u00e9rentes. Elle comprend \u00e9galement un assistant vocal compatible avec Siri et Google Assistant.<\/p>","protected":false},"featured_media":485571,"template":"","meta":{"_eb_attr":""},"product_brand":[],"product_cat":[1095,667],"product_tag":[952,754,1102,755,1099,1098,1096,1097,783,1101,203],"class_list":{"0":"post-500986","1":"product","2":"type-product","3":"status-publish","4":"has-post-thumbnail","6":"product_cat-montres-connectees","7":"product_cat-technologie","8":"product_tag-entrainement","9":"product_tag-exercice","10":"product_tag-google-assistant","11":"product_tag-gym","12":"product_tag-horloge","13":"product_tag-montre","14":"product_tag-montre-connectee","15":"product_tag-montre-intelligente","16":"product_tag-prixton","17":"product_tag-siri","18":"product_tag-sport","19":"pa_couleurs-noir","21":"first","22":"instock","23":"shipping-taxable","24":"purchasable","25":"product-type-variable"},"yoast_head":"<!-- This site is optimized with the Yoast SEO plugin v27.4 - https:\/\/yoast.com\/product\/yoast-seo-wordpress\/ -->\n<title>Montre intelligente Prixton SWB33 - PERLE IN<\/title>\n<meta name=\"robots\" content=\"noindex, follow, max-snippet:-1, max-image-preview:large, max-video-preview:-1\" \/>\n<meta property=\"og:locale\" content=\"en_US\" \/>\n<meta property=\"og:type\" content=\"article\" \/>\n<meta property=\"og:title\" content=\"Montre intelligente Prixton SWB33 - PERLE IN\" \/>\n<meta property=\"og:description\" content=\"La montre connect\u00e9e SWB33 est dot\u00e9e d&#039;un \u00e9cran AMOLED offrant une qualit\u00e9 de couleur exceptionnelle. Gr\u00e2ce \u00e0 sa fonction GPS, vous pouvez enregistrer toutes vos activit\u00e9s sur la montre pendant que vous faites de l&#039;exercice, sans emporter votre t\u00e9l\u00e9phone, puis les transf\u00e9rer une fois rentr\u00e9. La montre connect\u00e9e offre diff\u00e9rentes fonctions pour mesurer l&#039;activit\u00e9 physique quotidienne et dispose d&#039;un mode multisport qui mesure avec pr\u00e9cision jusqu&#039;\u00e0 110\u00a0activit\u00e9s diff\u00e9rentes. Elle comprend \u00e9galement un assistant vocal compatible avec Siri et Google Assistant.\" \/>\n<meta property=\"og:url\" content=\"https:\/\/perle-in.com\/en\/product\/montre-intelligente-prixton-swb33\/\" \/>\n<meta property=\"og:site_name\" content=\"PERLE IN\" \/>\n<meta property=\"article:modified_time\" content=\"2025-10-10T13:26:13+00:00\" \/>\n<meta property=\"og:image\" content=\"https:\/\/perle-in.com\/wp-content\/uploads\/2025\/09\/1PA18190-1.jpg\" \/>\n\t<meta property=\"og:image:width\" content=\"1600\" \/>\n\t<meta property=\"og:image:height\" content=\"1600\" \/>\n\t<meta property=\"og:image:type\" content=\"image\/jpeg\" \/>\n<meta name=\"twitter:card\" content=\"summary_large_image\" \/>\n<script type=\"application\/ld+json\" class=\"yoast-schema-graph\">{\"@context\":\"https:\\\/\\\/schema.org\",\"@graph\":[{\"@type\":\"WebPage\",\"@id\":\"https:\\\/\\\/perle-in.com\\\/produit\\\/montre-intelligente-prixton-swb33\\\/\",\"url\":\"https:\\\/\\\/perle-in.com\\\/produit\\\/montre-intelligente-prixton-swb33\\\/\",\"name\":\"Montre intelligente Prixton SWB33 - PERLE IN\",\"isPartOf\":{\"@id\":\"https:\\\/\\\/perle-in.com\\\/#website\"},\"primaryImageOfPage\":{\"@id\":\"https:\\\/\\\/perle-in.com\\\/produit\\\/montre-intelligente-prixton-swb33\\\/#primaryimage\"},\"image\":{\"@id\":\"https:\\\/\\\/perle-in.com\\\/produit\\\/montre-intelligente-prixton-swb33\\\/#primaryimage\"},\"thumbnailUrl\":\"https:\\\/\\\/perle-in.com\\\/wp-content\\\/uploads\\\/2025\\\/09\\\/1PA18190-1.jpg\",\"datePublished\":\"2025-10-10T13:26:12+00:00\",\"dateModified\":\"2025-10-10T13:26:13+00:00\",\"breadcrumb\":{\"@id\":\"https:\\\/\\\/perle-in.com\\\/produit\\\/montre-intelligente-prixton-swb33\\\/#breadcrumb\"},\"inLanguage\":\"en-CA\",\"potentialAction\":[{\"@type\":\"ReadAction\",\"target\":[\"https:\\\/\\\/perle-in.com\\\/produit\\\/montre-intelligente-prixton-swb33\\\/\"]}]},{\"@type\":\"ImageObject\",\"inLanguage\":\"en-CA\",\"@id\":\"https:\\\/\\\/perle-in.com\\\/produit\\\/montre-intelligente-prixton-swb33\\\/#primaryimage\",\"url\":\"https:\\\/\\\/perle-in.com\\\/wp-content\\\/uploads\\\/2025\\\/09\\\/1PA18190-1.jpg\",\"contentUrl\":\"https:\\\/\\\/perle-in.com\\\/wp-content\\\/uploads\\\/2025\\\/09\\\/1PA18190-1.jpg\",\"width\":1600,\"height\":1600},{\"@type\":\"BreadcrumbList\",\"@id\":\"https:\\\/\\\/perle-in.com\\\/produit\\\/montre-intelligente-prixton-swb33\\\/#breadcrumb\",\"itemListElement\":[{\"@type\":\"ListItem\",\"position\":1,\"name\":\"Accueil\",\"item\":\"https:\\\/\\\/perle-in.com\\\/\"},{\"@type\":\"ListItem\",\"position\":2,\"name\":\"Boutique\",\"item\":\"https:\\\/\\\/perle-in.com\\\/boutique\\\/\"},{\"@type\":\"ListItem\",\"position\":3,\"name\":\"Montre intelligente Prixton SWB33\"}]},{\"@type\":\"WebSite\",\"@id\":\"https:\\\/\\\/perle-in.com\\\/#website\",\"url\":\"https:\\\/\\\/perle-in.com\\\/\",\"name\":\"PERLE IN\",\"description\":\"\",\"publisher\":{\"@id\":\"https:\\\/\\\/perle-in.com\\\/#organization\"},\"potentialAction\":[{\"@type\":\"SearchAction\",\"target\":{\"@type\":\"EntryPoint\",\"urlTemplate\":\"https:\\\/\\\/perle-in.com\\\/?s={search_term_string}\"},\"query-input\":{\"@type\":\"PropertyValueSpecification\",\"valueRequired\":true,\"valueName\":\"search_term_string\"}}],\"inLanguage\":\"en-CA\"},{\"@type\":\"Organization\",\"@id\":\"https:\\\/\\\/perle-in.com\\\/#organization\",\"name\":\"PERLE IN\",\"url\":\"https:\\\/\\\/perle-in.com\\\/\",\"logo\":{\"@type\":\"ImageObject\",\"inLanguage\":\"en-CA\",\"@id\":\"https:\\\/\\\/perle-in.com\\\/#\\\/schema\\\/logo\\\/image\\\/\",\"url\":\"https:\\\/\\\/perle-in.com\\\/wp-content\\\/uploads\\\/2022\\\/12\\\/LOGO-PERLE-IN-COULEUR@3x.webp\",\"contentUrl\":\"https:\\\/\\\/perle-in.com\\\/wp-content\\\/uploads\\\/2022\\\/12\\\/LOGO-PERLE-IN-COULEUR@3x.webp\",\"width\":1600,\"height\":490,\"caption\":\"PERLE IN\"},\"image\":{\"@id\":\"https:\\\/\\\/perle-in.com\\\/#\\\/schema\\\/logo\\\/image\\\/\"}}]}<\/script>\n<!-- \/ Yoast SEO plugin. -->","yoast_head_json":{"title":"Montre intelligente Prixton SWB33 - PERLE IN","robots":{"index":"noindex","follow":"follow","max-snippet":"max-snippet:-1","max-image-preview":"max-image-preview:large","max-video-preview":"max-video-preview:-1"},"og_locale":"en_US","og_type":"article","og_title":"Montre intelligente Prixton SWB33 - PERLE IN","og_description":"La montre connect\u00e9e SWB33 est dot\u00e9e d'un \u00e9cran AMOLED offrant une qualit\u00e9 de couleur exceptionnelle. Gr\u00e2ce \u00e0 sa fonction GPS, vous pouvez enregistrer toutes vos activit\u00e9s sur la montre pendant que vous faites de l'exercice, sans emporter votre t\u00e9l\u00e9phone, puis les transf\u00e9rer une fois rentr\u00e9. La montre connect\u00e9e offre diff\u00e9rentes fonctions pour mesurer l'activit\u00e9 physique quotidienne et dispose d'un mode multisport qui mesure avec pr\u00e9cision jusqu'\u00e0 110\u00a0activit\u00e9s diff\u00e9rentes. Elle comprend \u00e9galement un assistant vocal compatible avec Siri et Google Assistant.","og_url":"https:\/\/perle-in.com\/en\/product\/montre-intelligente-prixton-swb33\/","og_site_name":"PERLE IN","article_modified_time":"2025-10-10T13:26:13+00:00","og_image":[{"width":1600,"height":1600,"url":"https:\/\/perle-in.com\/wp-content\/uploads\/2025\/09\/1PA18190-1.jpg","type":"image\/jpeg"}],"twitter_card":"summary_large_image","schema":{"@context":"https:\/\/schema.org","@graph":[{"@type":"WebPage","@id":"https:\/\/perle-in.com\/produit\/montre-intelligente-prixton-swb33\/","url":"https:\/\/perle-in.com\/produit\/montre-intelligente-prixton-swb33\/","name":"Montre intelligente Prixton SWB33 - PERLE IN","isPartOf":{"@id":"https:\/\/perle-in.com\/#website"},"primaryImageOfPage":{"@id":"https:\/\/perle-in.com\/produit\/montre-intelligente-prixton-swb33\/#primaryimage"},"image":{"@id":"https:\/\/perle-in.com\/produit\/montre-intelligente-prixton-swb33\/#primaryimage"},"thumbnailUrl":"https:\/\/perle-in.com\/wp-content\/uploads\/2025\/09\/1PA18190-1.jpg","datePublished":"2025-10-10T13:26:12+00:00","dateModified":"2025-10-10T13:26:13+00:00","breadcrumb":{"@id":"https:\/\/perle-in.com\/produit\/montre-intelligente-prixton-swb33\/#breadcrumb"},"inLanguage":"en-CA","potentialAction":[{"@type":"ReadAction","target":["https:\/\/perle-in.com\/produit\/montre-intelligente-prixton-swb33\/"]}]},{"@type":"ImageObject","inLanguage":"en-CA","@id":"https:\/\/perle-in.com\/produit\/montre-intelligente-prixton-swb33\/#primaryimage","url":"https:\/\/perle-in.com\/wp-content\/uploads\/2025\/09\/1PA18190-1.jpg","contentUrl":"https:\/\/perle-in.com\/wp-content\/uploads\/2025\/09\/1PA18190-1.jpg","width":1600,"height":1600},{"@type":"BreadcrumbList","@id":"https:\/\/perle-in.com\/produit\/montre-intelligente-prixton-swb33\/#breadcrumb","itemListElement":[{"@type":"ListItem","position":1,"name":"Accueil","item":"https:\/\/perle-in.com\/"},{"@type":"ListItem","position":2,"name":"Boutique","item":"https:\/\/perle-in.com\/boutique\/"},{"@type":"ListItem","position":3,"name":"Montre intelligente Prixton SWB33"}]},{"@type":"WebSite","@id":"https:\/\/perle-in.com\/#website","url":"https:\/\/perle-in.com\/","name":"PERLE IN","description":"","publisher":{"@id":"https:\/\/perle-in.com\/#organization"},"potentialAction":[{"@type":"SearchAction","target":{"@type":"EntryPoint","urlTemplate":"https:\/\/perle-in.com\/?s={search_term_string}"},"query-input":{"@type":"PropertyValueSpecification","valueRequired":true,"valueName":"search_term_string"}}],"inLanguage":"en-CA"},{"@type":"Organization","@id":"https:\/\/perle-in.com\/#organization","name":"PERLE IN","url":"https:\/\/perle-in.com\/","logo":{"@type":"ImageObject","inLanguage":"en-CA","@id":"https:\/\/perle-in.com\/#\/schema\/logo\/image\/","url":"https:\/\/perle-in.com\/wp-content\/uploads\/2022\/12\/LOGO-PERLE-IN-COULEUR@3x.webp","contentUrl":"https:\/\/perle-in.com\/wp-content\/uploads\/2022\/12\/LOGO-PERLE-IN-COULEUR@3x.webp","width":1600,"height":490,"caption":"PERLE IN"},"image":{"@id":"https:\/\/perle-in.com\/#\/schema\/logo\/image\/"}}]}},"jetpack_sharing_enabled":true,"_links":{"self":[{"href":"https:\/\/perle-in.com\/en\/wp-json\/wp\/v2\/product\/500986","targetHints":{"allow":["GET"]}}],"collection":[{"href":"https:\/\/perle-in.com\/en\/wp-json\/wp\/v2\/product"}],"about":[{"href":"https:\/\/perle-in.com\/en\/wp-json\/wp\/v2\/types\/product"}],"version-history":[{"count":0,"href":"https:\/\/perle-in.com\/en\/wp-json\/wp\/v2\/product\/500986\/revisions"}],"wp:featuredmedia":[{"embeddable":true,"href":"https:\/\/perle-in.com\/en\/wp-json\/wp\/v2\/media\/485571"}],"wp:attachment":[{"href":"https:\/\/perle-in.com\/en\/wp-json\/wp\/v2\/media?parent=500986"}],"wp:term":[{"taxonomy":"product_brand","embeddable":true,"href":"https:\/\/perle-in.com\/en\/wp-json\/wp\/v2\/product_brand?post=500986"},{"taxonomy":"product_cat","embeddable":true,"href":"https:\/\/perle-in.com\/en\/wp-json\/wp\/v2\/product_cat?post=500986"},{"taxonomy":"product_tag","embeddable":true,"href":"https:\/\/perle-in.com\/en\/wp-json\/wp\/v2\/product_tag?post=500986"}],"curies":[{"name":"wp","href":"https:\/\/api.w.org\/{rel}","templated":true}]}}