{"id":500982,"date":"2025-10-10T15:25:46","date_gmt":"2025-10-10T13:25:46","guid":{"rendered":"https:\/\/perle-in.com\/produit\/aspirateur-prixton-thor-cyclone\/"},"modified":"2025-10-10T15:25:47","modified_gmt":"2025-10-10T13:25:47","slug":"aspirateur-prixton-thor-cyclone","status":"publish","type":"product","link":"https:\/\/perle-in.com\/en\/product\/aspirateur-prixton-thor-cyclone\/","title":{"rendered":"Aspirateur Prixton Thor Cyclone"},"content":{"rendered":"","protected":false},"excerpt":{"rendered":"<p>L&#8217;aspirateur Thor Cyclone dispose d&#8217;une puissance de 150\u00a0W, d&#8217;un filtre Hepa et d&#8217;une lumi\u00e8re LED sur la brosse de l&#8217;aspirateur afin d&#8217;\u00e9liminer la salet\u00e9 de mani\u00e8re efficace. Il dispose de deux niveaux de puissance, normal et \u00e9lev\u00e9, afin de s&#8217;adapter aux diff\u00e9rents besoins et contr\u00f4ler la consommation d&#8217;\u00e9nergie. La batterie de 2\u00a0200\u00a0mAh se recharge compl\u00e8tement en 4,5\u00a0heures maximum et offre une autonomie de 40\u00a0minutes. L&#8217;\u00e9cran LED int\u00e9gr\u00e9 affiche l&#8217;\u00e9tat de la batterie et la puissance d&#8217;aspiration. Livr\u00e9 avec une brosse motoris\u00e9e, un long embout et un support mural.<\/p>","protected":false},"featured_media":485555,"template":"","meta":{"_eb_attr":""},"product_brand":[],"product_cat":[460,150],"product_tag":[848,1093,1094,1092,862,677,783,326],"class_list":{"0":"post-500982","1":"product","2":"type-product","3":"status-publish","4":"has-post-thumbnail","6":"product_cat-accessoires-pour-la-maison","7":"product_cat-maison-et-cuisine","8":"product_tag-aspirateur","9":"product_tag-aspirateurs","10":"product_tag-aspirer","11":"product_tag-cyclone","12":"product_tag-maison","13":"product_tag-nettoyage","14":"product_tag-prixton","15":"product_tag-thor","16":"pa_couleurs-noir-cuivre-2","18":"first","19":"outofstock","20":"shipping-taxable","21":"purchasable","22":"product-type-variable"},"yoast_head":"<!-- This site is optimized with the Yoast SEO plugin v27.4 - https:\/\/yoast.com\/product\/yoast-seo-wordpress\/ -->\n<title>Aspirateur Prixton Thor Cyclone - PERLE IN<\/title>\n<meta name=\"robots\" content=\"noindex, follow, max-snippet:-1, max-image-preview:large, max-video-preview:-1\" \/>\n<meta property=\"og:locale\" content=\"en_US\" \/>\n<meta property=\"og:type\" content=\"article\" \/>\n<meta property=\"og:title\" content=\"Aspirateur Prixton Thor Cyclone - PERLE IN\" \/>\n<meta property=\"og:description\" content=\"L&#039;aspirateur Thor Cyclone dispose d&#039;une puissance de 150\u00a0W, d&#039;un filtre Hepa et d&#039;une lumi\u00e8re LED sur la brosse de l&#039;aspirateur afin d&#039;\u00e9liminer la salet\u00e9 de mani\u00e8re efficace. Il dispose de deux niveaux de puissance, normal et \u00e9lev\u00e9, afin de s&#039;adapter aux diff\u00e9rents besoins et contr\u00f4ler la consommation d&#039;\u00e9nergie. La batterie de 2\u00a0200\u00a0mAh se recharge compl\u00e8tement en 4,5\u00a0heures maximum et offre une autonomie de 40\u00a0minutes. L&#039;\u00e9cran LED int\u00e9gr\u00e9 affiche l&#039;\u00e9tat de la batterie et la puissance d&#039;aspiration. Livr\u00e9 avec une brosse motoris\u00e9e, un long embout et un support mural.\" \/>\n<meta property=\"og:url\" content=\"https:\/\/perle-in.com\/en\/product\/aspirateur-prixton-thor-cyclone\/\" \/>\n<meta property=\"og:site_name\" content=\"PERLE IN\" \/>\n<meta property=\"article:modified_time\" content=\"2025-10-10T13:25:47+00:00\" \/>\n<meta property=\"og:image\" content=\"https:\/\/perle-in.com\/wp-content\/uploads\/2025\/09\/1PA17990-1.jpg\" \/>\n\t<meta property=\"og:image:width\" content=\"1600\" \/>\n\t<meta property=\"og:image:height\" content=\"1600\" \/>\n\t<meta property=\"og:image:type\" content=\"image\/jpeg\" \/>\n<meta name=\"twitter:card\" content=\"summary_large_image\" \/>\n<script type=\"application\/ld+json\" class=\"yoast-schema-graph\">{\"@context\":\"https:\\\/\\\/schema.org\",\"@graph\":[{\"@type\":\"WebPage\",\"@id\":\"https:\\\/\\\/perle-in.com\\\/produit\\\/aspirateur-prixton-thor-cyclone\\\/\",\"url\":\"https:\\\/\\\/perle-in.com\\\/produit\\\/aspirateur-prixton-thor-cyclone\\\/\",\"name\":\"Aspirateur Prixton Thor Cyclone - PERLE IN\",\"isPartOf\":{\"@id\":\"https:\\\/\\\/perle-in.com\\\/#website\"},\"primaryImageOfPage\":{\"@id\":\"https:\\\/\\\/perle-in.com\\\/produit\\\/aspirateur-prixton-thor-cyclone\\\/#primaryimage\"},\"image\":{\"@id\":\"https:\\\/\\\/perle-in.com\\\/produit\\\/aspirateur-prixton-thor-cyclone\\\/#primaryimage\"},\"thumbnailUrl\":\"https:\\\/\\\/perle-in.com\\\/wp-content\\\/uploads\\\/2025\\\/09\\\/1PA17990-1.jpg\",\"datePublished\":\"2025-10-10T13:25:46+00:00\",\"dateModified\":\"2025-10-10T13:25:47+00:00\",\"breadcrumb\":{\"@id\":\"https:\\\/\\\/perle-in.com\\\/produit\\\/aspirateur-prixton-thor-cyclone\\\/#breadcrumb\"},\"inLanguage\":\"en-CA\",\"potentialAction\":[{\"@type\":\"ReadAction\",\"target\":[\"https:\\\/\\\/perle-in.com\\\/produit\\\/aspirateur-prixton-thor-cyclone\\\/\"]}]},{\"@type\":\"ImageObject\",\"inLanguage\":\"en-CA\",\"@id\":\"https:\\\/\\\/perle-in.com\\\/produit\\\/aspirateur-prixton-thor-cyclone\\\/#primaryimage\",\"url\":\"https:\\\/\\\/perle-in.com\\\/wp-content\\\/uploads\\\/2025\\\/09\\\/1PA17990-1.jpg\",\"contentUrl\":\"https:\\\/\\\/perle-in.com\\\/wp-content\\\/uploads\\\/2025\\\/09\\\/1PA17990-1.jpg\",\"width\":1600,\"height\":1600},{\"@type\":\"BreadcrumbList\",\"@id\":\"https:\\\/\\\/perle-in.com\\\/produit\\\/aspirateur-prixton-thor-cyclone\\\/#breadcrumb\",\"itemListElement\":[{\"@type\":\"ListItem\",\"position\":1,\"name\":\"Accueil\",\"item\":\"https:\\\/\\\/perle-in.com\\\/\"},{\"@type\":\"ListItem\",\"position\":2,\"name\":\"Boutique\",\"item\":\"https:\\\/\\\/perle-in.com\\\/boutique\\\/\"},{\"@type\":\"ListItem\",\"position\":3,\"name\":\"Aspirateur Prixton Thor Cyclone\"}]},{\"@type\":\"WebSite\",\"@id\":\"https:\\\/\\\/perle-in.com\\\/#website\",\"url\":\"https:\\\/\\\/perle-in.com\\\/\",\"name\":\"PERLE IN\",\"description\":\"\",\"publisher\":{\"@id\":\"https:\\\/\\\/perle-in.com\\\/#organization\"},\"potentialAction\":[{\"@type\":\"SearchAction\",\"target\":{\"@type\":\"EntryPoint\",\"urlTemplate\":\"https:\\\/\\\/perle-in.com\\\/?s={search_term_string}\"},\"query-input\":{\"@type\":\"PropertyValueSpecification\",\"valueRequired\":true,\"valueName\":\"search_term_string\"}}],\"inLanguage\":\"en-CA\"},{\"@type\":\"Organization\",\"@id\":\"https:\\\/\\\/perle-in.com\\\/#organization\",\"name\":\"PERLE IN\",\"url\":\"https:\\\/\\\/perle-in.com\\\/\",\"logo\":{\"@type\":\"ImageObject\",\"inLanguage\":\"en-CA\",\"@id\":\"https:\\\/\\\/perle-in.com\\\/#\\\/schema\\\/logo\\\/image\\\/\",\"url\":\"https:\\\/\\\/perle-in.com\\\/wp-content\\\/uploads\\\/2022\\\/12\\\/LOGO-PERLE-IN-COULEUR@3x.webp\",\"contentUrl\":\"https:\\\/\\\/perle-in.com\\\/wp-content\\\/uploads\\\/2022\\\/12\\\/LOGO-PERLE-IN-COULEUR@3x.webp\",\"width\":1600,\"height\":490,\"caption\":\"PERLE IN\"},\"image\":{\"@id\":\"https:\\\/\\\/perle-in.com\\\/#\\\/schema\\\/logo\\\/image\\\/\"}}]}<\/script>\n<!-- \/ Yoast SEO plugin. -->","yoast_head_json":{"title":"Aspirateur Prixton Thor Cyclone - PERLE IN","robots":{"index":"noindex","follow":"follow","max-snippet":"max-snippet:-1","max-image-preview":"max-image-preview:large","max-video-preview":"max-video-preview:-1"},"og_locale":"en_US","og_type":"article","og_title":"Aspirateur Prixton Thor Cyclone - PERLE IN","og_description":"L'aspirateur Thor Cyclone dispose d'une puissance de 150\u00a0W, d'un filtre Hepa et d'une lumi\u00e8re LED sur la brosse de l'aspirateur afin d'\u00e9liminer la salet\u00e9 de mani\u00e8re efficace. Il dispose de deux niveaux de puissance, normal et \u00e9lev\u00e9, afin de s'adapter aux diff\u00e9rents besoins et contr\u00f4ler la consommation d'\u00e9nergie. La batterie de 2\u00a0200\u00a0mAh se recharge compl\u00e8tement en 4,5\u00a0heures maximum et offre une autonomie de 40\u00a0minutes. L'\u00e9cran LED int\u00e9gr\u00e9 affiche l'\u00e9tat de la batterie et la puissance d'aspiration. Livr\u00e9 avec une brosse motoris\u00e9e, un long embout et un support mural.","og_url":"https:\/\/perle-in.com\/en\/product\/aspirateur-prixton-thor-cyclone\/","og_site_name":"PERLE IN","article_modified_time":"2025-10-10T13:25:47+00:00","og_image":[{"width":1600,"height":1600,"url":"https:\/\/perle-in.com\/wp-content\/uploads\/2025\/09\/1PA17990-1.jpg","type":"image\/jpeg"}],"twitter_card":"summary_large_image","schema":{"@context":"https:\/\/schema.org","@graph":[{"@type":"WebPage","@id":"https:\/\/perle-in.com\/produit\/aspirateur-prixton-thor-cyclone\/","url":"https:\/\/perle-in.com\/produit\/aspirateur-prixton-thor-cyclone\/","name":"Aspirateur Prixton Thor Cyclone - PERLE IN","isPartOf":{"@id":"https:\/\/perle-in.com\/#website"},"primaryImageOfPage":{"@id":"https:\/\/perle-in.com\/produit\/aspirateur-prixton-thor-cyclone\/#primaryimage"},"image":{"@id":"https:\/\/perle-in.com\/produit\/aspirateur-prixton-thor-cyclone\/#primaryimage"},"thumbnailUrl":"https:\/\/perle-in.com\/wp-content\/uploads\/2025\/09\/1PA17990-1.jpg","datePublished":"2025-10-10T13:25:46+00:00","dateModified":"2025-10-10T13:25:47+00:00","breadcrumb":{"@id":"https:\/\/perle-in.com\/produit\/aspirateur-prixton-thor-cyclone\/#breadcrumb"},"inLanguage":"en-CA","potentialAction":[{"@type":"ReadAction","target":["https:\/\/perle-in.com\/produit\/aspirateur-prixton-thor-cyclone\/"]}]},{"@type":"ImageObject","inLanguage":"en-CA","@id":"https:\/\/perle-in.com\/produit\/aspirateur-prixton-thor-cyclone\/#primaryimage","url":"https:\/\/perle-in.com\/wp-content\/uploads\/2025\/09\/1PA17990-1.jpg","contentUrl":"https:\/\/perle-in.com\/wp-content\/uploads\/2025\/09\/1PA17990-1.jpg","width":1600,"height":1600},{"@type":"BreadcrumbList","@id":"https:\/\/perle-in.com\/produit\/aspirateur-prixton-thor-cyclone\/#breadcrumb","itemListElement":[{"@type":"ListItem","position":1,"name":"Accueil","item":"https:\/\/perle-in.com\/"},{"@type":"ListItem","position":2,"name":"Boutique","item":"https:\/\/perle-in.com\/boutique\/"},{"@type":"ListItem","position":3,"name":"Aspirateur Prixton Thor Cyclone"}]},{"@type":"WebSite","@id":"https:\/\/perle-in.com\/#website","url":"https:\/\/perle-in.com\/","name":"PERLE IN","description":"","publisher":{"@id":"https:\/\/perle-in.com\/#organization"},"potentialAction":[{"@type":"SearchAction","target":{"@type":"EntryPoint","urlTemplate":"https:\/\/perle-in.com\/?s={search_term_string}"},"query-input":{"@type":"PropertyValueSpecification","valueRequired":true,"valueName":"search_term_string"}}],"inLanguage":"en-CA"},{"@type":"Organization","@id":"https:\/\/perle-in.com\/#organization","name":"PERLE IN","url":"https:\/\/perle-in.com\/","logo":{"@type":"ImageObject","inLanguage":"en-CA","@id":"https:\/\/perle-in.com\/#\/schema\/logo\/image\/","url":"https:\/\/perle-in.com\/wp-content\/uploads\/2022\/12\/LOGO-PERLE-IN-COULEUR@3x.webp","contentUrl":"https:\/\/perle-in.com\/wp-content\/uploads\/2022\/12\/LOGO-PERLE-IN-COULEUR@3x.webp","width":1600,"height":490,"caption":"PERLE IN"},"image":{"@id":"https:\/\/perle-in.com\/#\/schema\/logo\/image\/"}}]}},"jetpack_sharing_enabled":true,"_links":{"self":[{"href":"https:\/\/perle-in.com\/en\/wp-json\/wp\/v2\/product\/500982","targetHints":{"allow":["GET"]}}],"collection":[{"href":"https:\/\/perle-in.com\/en\/wp-json\/wp\/v2\/product"}],"about":[{"href":"https:\/\/perle-in.com\/en\/wp-json\/wp\/v2\/types\/product"}],"version-history":[{"count":0,"href":"https:\/\/perle-in.com\/en\/wp-json\/wp\/v2\/product\/500982\/revisions"}],"wp:featuredmedia":[{"embeddable":true,"href":"https:\/\/perle-in.com\/en\/wp-json\/wp\/v2\/media\/485555"}],"wp:attachment":[{"href":"https:\/\/perle-in.com\/en\/wp-json\/wp\/v2\/media?parent=500982"}],"wp:term":[{"taxonomy":"product_brand","embeddable":true,"href":"https:\/\/perle-in.com\/en\/wp-json\/wp\/v2\/product_brand?post=500982"},{"taxonomy":"product_cat","embeddable":true,"href":"https:\/\/perle-in.com\/en\/wp-json\/wp\/v2\/product_cat?post=500982"},{"taxonomy":"product_tag","embeddable":true,"href":"https:\/\/perle-in.com\/en\/wp-json\/wp\/v2\/product_tag?post=500982"}],"curies":[{"name":"wp","href":"https:\/\/api.w.org\/{rel}","templated":true}]}}