{"id":500980,"date":"2025-10-10T15:25:28","date_gmt":"2025-10-10T13:25:28","guid":{"rendered":"https:\/\/perle-in.com\/produit\/cafetiere-avec-moulin-prixton-capri\/"},"modified":"2025-10-10T15:25:29","modified_gmt":"2025-10-10T13:25:29","slug":"cafetiere-avec-moulin-prixton-capri","status":"publish","type":"product","link":"https:\/\/perle-in.com\/en\/product\/cafetiere-avec-moulin-prixton-capri\/","title":{"rendered":"Cafeti\u00e8re avec moulin Prixton Capri"},"content":{"rendered":"","protected":false},"excerpt":{"rendered":"<p>Gr\u00e2ce \u00e0 la cafeti\u00e8re avec moulin Capri, profitez des ar\u00f4mes et du go\u00fbt uniques des grains de caf\u00e9 fra\u00eechement moulus. Elle est id\u00e9ale pour les grands amateurs de caf\u00e9, car vous pouvez choisir la quantit\u00e9 d&#8217;eau (jusqu&#8217;\u00e0 450\u00a0ml) et de grains (jusqu&#8217;\u00e0 50\u00a0g) pour pr\u00e9parer le caf\u00e9 \u00e0 votre go\u00fbt. De plus, elle comprend une tasse en aluminium de 450\u00a0ml avec couvercle pour d\u00e9guster votre caf\u00e9 en d\u00e9placement.<\/p>","protected":false},"featured_media":485546,"template":"","meta":{"_eb_attr":""},"product_brand":[],"product_cat":[150,878],"product_tag":[225,1090,1089,1091,783],"class_list":{"0":"post-500980","1":"product","2":"type-product","3":"status-publish","4":"has-post-thumbnail","6":"product_cat-maison-et-cuisine","7":"product_cat-ustensiles-de-cuisine","8":"product_tag-cafe","9":"product_tag-cafetiere","10":"product_tag-capri","11":"product_tag-moulin-a-cafe","12":"product_tag-prixton","13":"pa_couleurs-noir","15":"first","16":"instock","17":"shipping-taxable","18":"purchasable","19":"product-type-variable"},"yoast_head":"<!-- This site is optimized with the Yoast SEO plugin v27.4 - https:\/\/yoast.com\/product\/yoast-seo-wordpress\/ -->\n<title>Cafeti\u00e8re avec moulin Prixton Capri - PERLE IN<\/title>\n<meta name=\"robots\" content=\"noindex, follow, max-snippet:-1, max-image-preview:large, max-video-preview:-1\" \/>\n<meta property=\"og:locale\" content=\"en_US\" \/>\n<meta property=\"og:type\" content=\"article\" \/>\n<meta property=\"og:title\" content=\"Cafeti\u00e8re avec moulin Prixton Capri - PERLE IN\" \/>\n<meta property=\"og:description\" content=\"Gr\u00e2ce \u00e0 la cafeti\u00e8re avec moulin Capri, profitez des ar\u00f4mes et du go\u00fbt uniques des grains de caf\u00e9 fra\u00eechement moulus. Elle est id\u00e9ale pour les grands amateurs de caf\u00e9, car vous pouvez choisir la quantit\u00e9 d&#039;eau (jusqu&#039;\u00e0 450\u00a0ml) et de grains (jusqu&#039;\u00e0 50\u00a0g) pour pr\u00e9parer le caf\u00e9 \u00e0 votre go\u00fbt. De plus, elle comprend une tasse en aluminium de 450\u00a0ml avec couvercle pour d\u00e9guster votre caf\u00e9 en d\u00e9placement.\" \/>\n<meta property=\"og:url\" content=\"https:\/\/perle-in.com\/en\/product\/cafetiere-avec-moulin-prixton-capri\/\" \/>\n<meta property=\"og:site_name\" content=\"PERLE IN\" \/>\n<meta property=\"article:modified_time\" content=\"2025-10-10T13:25:29+00:00\" \/>\n<meta property=\"og:image\" content=\"https:\/\/perle-in.com\/wp-content\/uploads\/2025\/09\/1PA17890-1.jpg\" \/>\n\t<meta property=\"og:image:width\" content=\"1600\" \/>\n\t<meta property=\"og:image:height\" content=\"1600\" \/>\n\t<meta property=\"og:image:type\" content=\"image\/jpeg\" \/>\n<meta name=\"twitter:card\" content=\"summary_large_image\" \/>\n<script type=\"application\/ld+json\" class=\"yoast-schema-graph\">{\"@context\":\"https:\\\/\\\/schema.org\",\"@graph\":[{\"@type\":\"WebPage\",\"@id\":\"https:\\\/\\\/perle-in.com\\\/produit\\\/cafetiere-avec-moulin-prixton-capri\\\/\",\"url\":\"https:\\\/\\\/perle-in.com\\\/produit\\\/cafetiere-avec-moulin-prixton-capri\\\/\",\"name\":\"Cafeti\u00e8re avec moulin Prixton Capri - PERLE IN\",\"isPartOf\":{\"@id\":\"https:\\\/\\\/perle-in.com\\\/#website\"},\"primaryImageOfPage\":{\"@id\":\"https:\\\/\\\/perle-in.com\\\/produit\\\/cafetiere-avec-moulin-prixton-capri\\\/#primaryimage\"},\"image\":{\"@id\":\"https:\\\/\\\/perle-in.com\\\/produit\\\/cafetiere-avec-moulin-prixton-capri\\\/#primaryimage\"},\"thumbnailUrl\":\"https:\\\/\\\/perle-in.com\\\/wp-content\\\/uploads\\\/2025\\\/09\\\/1PA17890-1.jpg\",\"datePublished\":\"2025-10-10T13:25:28+00:00\",\"dateModified\":\"2025-10-10T13:25:29+00:00\",\"breadcrumb\":{\"@id\":\"https:\\\/\\\/perle-in.com\\\/produit\\\/cafetiere-avec-moulin-prixton-capri\\\/#breadcrumb\"},\"inLanguage\":\"en-CA\",\"potentialAction\":[{\"@type\":\"ReadAction\",\"target\":[\"https:\\\/\\\/perle-in.com\\\/produit\\\/cafetiere-avec-moulin-prixton-capri\\\/\"]}]},{\"@type\":\"ImageObject\",\"inLanguage\":\"en-CA\",\"@id\":\"https:\\\/\\\/perle-in.com\\\/produit\\\/cafetiere-avec-moulin-prixton-capri\\\/#primaryimage\",\"url\":\"https:\\\/\\\/perle-in.com\\\/wp-content\\\/uploads\\\/2025\\\/09\\\/1PA17890-1.jpg\",\"contentUrl\":\"https:\\\/\\\/perle-in.com\\\/wp-content\\\/uploads\\\/2025\\\/09\\\/1PA17890-1.jpg\",\"width\":1600,\"height\":1600},{\"@type\":\"BreadcrumbList\",\"@id\":\"https:\\\/\\\/perle-in.com\\\/produit\\\/cafetiere-avec-moulin-prixton-capri\\\/#breadcrumb\",\"itemListElement\":[{\"@type\":\"ListItem\",\"position\":1,\"name\":\"Accueil\",\"item\":\"https:\\\/\\\/perle-in.com\\\/\"},{\"@type\":\"ListItem\",\"position\":2,\"name\":\"Boutique\",\"item\":\"https:\\\/\\\/perle-in.com\\\/boutique\\\/\"},{\"@type\":\"ListItem\",\"position\":3,\"name\":\"Cafeti\u00e8re avec moulin Prixton Capri\"}]},{\"@type\":\"WebSite\",\"@id\":\"https:\\\/\\\/perle-in.com\\\/#website\",\"url\":\"https:\\\/\\\/perle-in.com\\\/\",\"name\":\"PERLE IN\",\"description\":\"\",\"publisher\":{\"@id\":\"https:\\\/\\\/perle-in.com\\\/#organization\"},\"potentialAction\":[{\"@type\":\"SearchAction\",\"target\":{\"@type\":\"EntryPoint\",\"urlTemplate\":\"https:\\\/\\\/perle-in.com\\\/?s={search_term_string}\"},\"query-input\":{\"@type\":\"PropertyValueSpecification\",\"valueRequired\":true,\"valueName\":\"search_term_string\"}}],\"inLanguage\":\"en-CA\"},{\"@type\":\"Organization\",\"@id\":\"https:\\\/\\\/perle-in.com\\\/#organization\",\"name\":\"PERLE IN\",\"url\":\"https:\\\/\\\/perle-in.com\\\/\",\"logo\":{\"@type\":\"ImageObject\",\"inLanguage\":\"en-CA\",\"@id\":\"https:\\\/\\\/perle-in.com\\\/#\\\/schema\\\/logo\\\/image\\\/\",\"url\":\"https:\\\/\\\/perle-in.com\\\/wp-content\\\/uploads\\\/2022\\\/12\\\/LOGO-PERLE-IN-COULEUR@3x.webp\",\"contentUrl\":\"https:\\\/\\\/perle-in.com\\\/wp-content\\\/uploads\\\/2022\\\/12\\\/LOGO-PERLE-IN-COULEUR@3x.webp\",\"width\":1600,\"height\":490,\"caption\":\"PERLE IN\"},\"image\":{\"@id\":\"https:\\\/\\\/perle-in.com\\\/#\\\/schema\\\/logo\\\/image\\\/\"}}]}<\/script>\n<!-- \/ Yoast SEO plugin. -->","yoast_head_json":{"title":"Cafeti\u00e8re avec moulin Prixton Capri - PERLE IN","robots":{"index":"noindex","follow":"follow","max-snippet":"max-snippet:-1","max-image-preview":"max-image-preview:large","max-video-preview":"max-video-preview:-1"},"og_locale":"en_US","og_type":"article","og_title":"Cafeti\u00e8re avec moulin Prixton Capri - PERLE IN","og_description":"Gr\u00e2ce \u00e0 la cafeti\u00e8re avec moulin Capri, profitez des ar\u00f4mes et du go\u00fbt uniques des grains de caf\u00e9 fra\u00eechement moulus. Elle est id\u00e9ale pour les grands amateurs de caf\u00e9, car vous pouvez choisir la quantit\u00e9 d'eau (jusqu'\u00e0 450\u00a0ml) et de grains (jusqu'\u00e0 50\u00a0g) pour pr\u00e9parer le caf\u00e9 \u00e0 votre go\u00fbt. De plus, elle comprend une tasse en aluminium de 450\u00a0ml avec couvercle pour d\u00e9guster votre caf\u00e9 en d\u00e9placement.","og_url":"https:\/\/perle-in.com\/en\/product\/cafetiere-avec-moulin-prixton-capri\/","og_site_name":"PERLE IN","article_modified_time":"2025-10-10T13:25:29+00:00","og_image":[{"width":1600,"height":1600,"url":"https:\/\/perle-in.com\/wp-content\/uploads\/2025\/09\/1PA17890-1.jpg","type":"image\/jpeg"}],"twitter_card":"summary_large_image","schema":{"@context":"https:\/\/schema.org","@graph":[{"@type":"WebPage","@id":"https:\/\/perle-in.com\/produit\/cafetiere-avec-moulin-prixton-capri\/","url":"https:\/\/perle-in.com\/produit\/cafetiere-avec-moulin-prixton-capri\/","name":"Cafeti\u00e8re avec moulin Prixton Capri - PERLE IN","isPartOf":{"@id":"https:\/\/perle-in.com\/#website"},"primaryImageOfPage":{"@id":"https:\/\/perle-in.com\/produit\/cafetiere-avec-moulin-prixton-capri\/#primaryimage"},"image":{"@id":"https:\/\/perle-in.com\/produit\/cafetiere-avec-moulin-prixton-capri\/#primaryimage"},"thumbnailUrl":"https:\/\/perle-in.com\/wp-content\/uploads\/2025\/09\/1PA17890-1.jpg","datePublished":"2025-10-10T13:25:28+00:00","dateModified":"2025-10-10T13:25:29+00:00","breadcrumb":{"@id":"https:\/\/perle-in.com\/produit\/cafetiere-avec-moulin-prixton-capri\/#breadcrumb"},"inLanguage":"en-CA","potentialAction":[{"@type":"ReadAction","target":["https:\/\/perle-in.com\/produit\/cafetiere-avec-moulin-prixton-capri\/"]}]},{"@type":"ImageObject","inLanguage":"en-CA","@id":"https:\/\/perle-in.com\/produit\/cafetiere-avec-moulin-prixton-capri\/#primaryimage","url":"https:\/\/perle-in.com\/wp-content\/uploads\/2025\/09\/1PA17890-1.jpg","contentUrl":"https:\/\/perle-in.com\/wp-content\/uploads\/2025\/09\/1PA17890-1.jpg","width":1600,"height":1600},{"@type":"BreadcrumbList","@id":"https:\/\/perle-in.com\/produit\/cafetiere-avec-moulin-prixton-capri\/#breadcrumb","itemListElement":[{"@type":"ListItem","position":1,"name":"Accueil","item":"https:\/\/perle-in.com\/"},{"@type":"ListItem","position":2,"name":"Boutique","item":"https:\/\/perle-in.com\/boutique\/"},{"@type":"ListItem","position":3,"name":"Cafeti\u00e8re avec moulin Prixton Capri"}]},{"@type":"WebSite","@id":"https:\/\/perle-in.com\/#website","url":"https:\/\/perle-in.com\/","name":"PERLE IN","description":"","publisher":{"@id":"https:\/\/perle-in.com\/#organization"},"potentialAction":[{"@type":"SearchAction","target":{"@type":"EntryPoint","urlTemplate":"https:\/\/perle-in.com\/?s={search_term_string}"},"query-input":{"@type":"PropertyValueSpecification","valueRequired":true,"valueName":"search_term_string"}}],"inLanguage":"en-CA"},{"@type":"Organization","@id":"https:\/\/perle-in.com\/#organization","name":"PERLE IN","url":"https:\/\/perle-in.com\/","logo":{"@type":"ImageObject","inLanguage":"en-CA","@id":"https:\/\/perle-in.com\/#\/schema\/logo\/image\/","url":"https:\/\/perle-in.com\/wp-content\/uploads\/2022\/12\/LOGO-PERLE-IN-COULEUR@3x.webp","contentUrl":"https:\/\/perle-in.com\/wp-content\/uploads\/2022\/12\/LOGO-PERLE-IN-COULEUR@3x.webp","width":1600,"height":490,"caption":"PERLE IN"},"image":{"@id":"https:\/\/perle-in.com\/#\/schema\/logo\/image\/"}}]}},"jetpack_sharing_enabled":true,"_links":{"self":[{"href":"https:\/\/perle-in.com\/en\/wp-json\/wp\/v2\/product\/500980","targetHints":{"allow":["GET"]}}],"collection":[{"href":"https:\/\/perle-in.com\/en\/wp-json\/wp\/v2\/product"}],"about":[{"href":"https:\/\/perle-in.com\/en\/wp-json\/wp\/v2\/types\/product"}],"version-history":[{"count":0,"href":"https:\/\/perle-in.com\/en\/wp-json\/wp\/v2\/product\/500980\/revisions"}],"wp:featuredmedia":[{"embeddable":true,"href":"https:\/\/perle-in.com\/en\/wp-json\/wp\/v2\/media\/485546"}],"wp:attachment":[{"href":"https:\/\/perle-in.com\/en\/wp-json\/wp\/v2\/media?parent=500980"}],"wp:term":[{"taxonomy":"product_brand","embeddable":true,"href":"https:\/\/perle-in.com\/en\/wp-json\/wp\/v2\/product_brand?post=500980"},{"taxonomy":"product_cat","embeddable":true,"href":"https:\/\/perle-in.com\/en\/wp-json\/wp\/v2\/product_cat?post=500980"},{"taxonomy":"product_tag","embeddable":true,"href":"https:\/\/perle-in.com\/en\/wp-json\/wp\/v2\/product_tag?post=500980"}],"curies":[{"name":"wp","href":"https:\/\/api.w.org\/{rel}","templated":true}]}}