{"id":500978,"date":"2025-10-10T15:25:10","date_gmt":"2025-10-10T13:25:10","guid":{"rendered":"https:\/\/perle-in.com\/produit\/camera-daction-prixton-dv670-a-double-ecran-4k\/"},"modified":"2025-10-10T15:25:11","modified_gmt":"2025-10-10T13:25:11","slug":"camera-daction-prixton-dv670-a-double-ecran-4k","status":"publish","type":"product","link":"https:\/\/perle-in.com\/en\/product\/camera-daction-prixton-dv670-a-double-ecran-4k\/","title":{"rendered":"Cam\u00e9ra d\u2019action Prixton DV670 \u00e0 double \u00e9cran 4K"},"content":{"rendered":"","protected":false},"excerpt":{"rendered":"<p>Immortalisez chaque instant de vos sports pr\u00e9f\u00e9r\u00e9s en 4K gr\u00e2ce \u00e0 la cam\u00e9ra d&#8217;action DV670 et \u00e0 ses nombreux accessoires. Gr\u00e2ce \u00e0 l&#8217;application XDV\u00a0PRO, vous pouvez contr\u00f4ler la cam\u00e9ra \u00e0 l&#8217;aide d&#8217;un autre appareil. Vous pouvez plonger jusqu&#8217;\u00e0 30\u00a0m\u00e8tres avec l&#8217;appareil photo, car il est \u00e9quip\u00e9 d&#8217;un bo\u00eetier \u00e9tanche. De plus, gr\u00e2ce \u00e0 ses deux \u00e9crans, vous pouvez choisir entre le mode selfie et le mode classique.<\/p>","protected":false},"featured_media":485503,"template":"","meta":{"_eb_attr":""},"product_brand":[],"product_cat":[1081,667],"product_tag":[1083,1082,737,1084,783,237,1085],"class_list":{"0":"post-500978","1":"product","2":"type-product","3":"status-publish","4":"has-post-thumbnail","6":"product_cat-appareils-photo","7":"product_cat-technologie","8":"product_tag-camera","9":"product_tag-camera-daction","10":"product_tag-exterieur","11":"product_tag-photos","12":"product_tag-prixton","13":"product_tag-sports","14":"product_tag-video","15":"pa_couleurs-noir","17":"first","18":"instock","19":"shipping-taxable","20":"purchasable","21":"product-type-variable"},"yoast_head":"<!-- This site is optimized with the Yoast SEO plugin v27.4 - https:\/\/yoast.com\/product\/yoast-seo-wordpress\/ -->\n<title>Cam\u00e9ra d\u2019action Prixton DV670 \u00e0 double \u00e9cran 4K - PERLE IN<\/title>\n<meta name=\"robots\" content=\"noindex, follow, max-snippet:-1, max-image-preview:large, max-video-preview:-1\" \/>\n<meta property=\"og:locale\" content=\"en_US\" \/>\n<meta property=\"og:type\" content=\"article\" \/>\n<meta property=\"og:title\" content=\"Cam\u00e9ra d\u2019action Prixton DV670 \u00e0 double \u00e9cran 4K - PERLE IN\" \/>\n<meta property=\"og:description\" content=\"Immortalisez chaque instant de vos sports pr\u00e9f\u00e9r\u00e9s en 4K gr\u00e2ce \u00e0 la cam\u00e9ra d&#039;action DV670 et \u00e0 ses nombreux accessoires. Gr\u00e2ce \u00e0 l&#039;application XDV\u00a0PRO, vous pouvez contr\u00f4ler la cam\u00e9ra \u00e0 l&#039;aide d&#039;un autre appareil. Vous pouvez plonger jusqu&#039;\u00e0 30\u00a0m\u00e8tres avec l&#039;appareil photo, car il est \u00e9quip\u00e9 d&#039;un bo\u00eetier \u00e9tanche. De plus, gr\u00e2ce \u00e0 ses deux \u00e9crans, vous pouvez choisir entre le mode selfie et le mode classique.\" \/>\n<meta property=\"og:url\" content=\"https:\/\/perle-in.com\/en\/product\/camera-daction-prixton-dv670-a-double-ecran-4k\/\" \/>\n<meta property=\"og:site_name\" content=\"PERLE IN\" \/>\n<meta property=\"article:modified_time\" content=\"2025-10-10T13:25:11+00:00\" \/>\n<meta property=\"og:image\" content=\"https:\/\/perle-in.com\/wp-content\/uploads\/2025\/09\/1PA17390-1.jpg\" \/>\n\t<meta property=\"og:image:width\" content=\"1600\" \/>\n\t<meta property=\"og:image:height\" content=\"1600\" \/>\n\t<meta property=\"og:image:type\" content=\"image\/jpeg\" \/>\n<meta name=\"twitter:card\" content=\"summary_large_image\" \/>\n<script type=\"application\/ld+json\" class=\"yoast-schema-graph\">{\"@context\":\"https:\\\/\\\/schema.org\",\"@graph\":[{\"@type\":\"WebPage\",\"@id\":\"https:\\\/\\\/perle-in.com\\\/produit\\\/camera-daction-prixton-dv670-a-double-ecran-4k\\\/\",\"url\":\"https:\\\/\\\/perle-in.com\\\/produit\\\/camera-daction-prixton-dv670-a-double-ecran-4k\\\/\",\"name\":\"Cam\u00e9ra d\u2019action Prixton DV670 \u00e0 double \u00e9cran 4K - PERLE IN\",\"isPartOf\":{\"@id\":\"https:\\\/\\\/perle-in.com\\\/#website\"},\"primaryImageOfPage\":{\"@id\":\"https:\\\/\\\/perle-in.com\\\/produit\\\/camera-daction-prixton-dv670-a-double-ecran-4k\\\/#primaryimage\"},\"image\":{\"@id\":\"https:\\\/\\\/perle-in.com\\\/produit\\\/camera-daction-prixton-dv670-a-double-ecran-4k\\\/#primaryimage\"},\"thumbnailUrl\":\"https:\\\/\\\/perle-in.com\\\/wp-content\\\/uploads\\\/2025\\\/09\\\/1PA17390-1.jpg\",\"datePublished\":\"2025-10-10T13:25:10+00:00\",\"dateModified\":\"2025-10-10T13:25:11+00:00\",\"breadcrumb\":{\"@id\":\"https:\\\/\\\/perle-in.com\\\/produit\\\/camera-daction-prixton-dv670-a-double-ecran-4k\\\/#breadcrumb\"},\"inLanguage\":\"en-CA\",\"potentialAction\":[{\"@type\":\"ReadAction\",\"target\":[\"https:\\\/\\\/perle-in.com\\\/produit\\\/camera-daction-prixton-dv670-a-double-ecran-4k\\\/\"]}]},{\"@type\":\"ImageObject\",\"inLanguage\":\"en-CA\",\"@id\":\"https:\\\/\\\/perle-in.com\\\/produit\\\/camera-daction-prixton-dv670-a-double-ecran-4k\\\/#primaryimage\",\"url\":\"https:\\\/\\\/perle-in.com\\\/wp-content\\\/uploads\\\/2025\\\/09\\\/1PA17390-1.jpg\",\"contentUrl\":\"https:\\\/\\\/perle-in.com\\\/wp-content\\\/uploads\\\/2025\\\/09\\\/1PA17390-1.jpg\",\"width\":1600,\"height\":1600},{\"@type\":\"BreadcrumbList\",\"@id\":\"https:\\\/\\\/perle-in.com\\\/produit\\\/camera-daction-prixton-dv670-a-double-ecran-4k\\\/#breadcrumb\",\"itemListElement\":[{\"@type\":\"ListItem\",\"position\":1,\"name\":\"Accueil\",\"item\":\"https:\\\/\\\/perle-in.com\\\/\"},{\"@type\":\"ListItem\",\"position\":2,\"name\":\"Boutique\",\"item\":\"https:\\\/\\\/perle-in.com\\\/boutique\\\/\"},{\"@type\":\"ListItem\",\"position\":3,\"name\":\"Cam\u00e9ra d\u2019action Prixton DV670 \u00e0 double \u00e9cran 4K\"}]},{\"@type\":\"WebSite\",\"@id\":\"https:\\\/\\\/perle-in.com\\\/#website\",\"url\":\"https:\\\/\\\/perle-in.com\\\/\",\"name\":\"PERLE IN\",\"description\":\"\",\"publisher\":{\"@id\":\"https:\\\/\\\/perle-in.com\\\/#organization\"},\"potentialAction\":[{\"@type\":\"SearchAction\",\"target\":{\"@type\":\"EntryPoint\",\"urlTemplate\":\"https:\\\/\\\/perle-in.com\\\/?s={search_term_string}\"},\"query-input\":{\"@type\":\"PropertyValueSpecification\",\"valueRequired\":true,\"valueName\":\"search_term_string\"}}],\"inLanguage\":\"en-CA\"},{\"@type\":\"Organization\",\"@id\":\"https:\\\/\\\/perle-in.com\\\/#organization\",\"name\":\"PERLE IN\",\"url\":\"https:\\\/\\\/perle-in.com\\\/\",\"logo\":{\"@type\":\"ImageObject\",\"inLanguage\":\"en-CA\",\"@id\":\"https:\\\/\\\/perle-in.com\\\/#\\\/schema\\\/logo\\\/image\\\/\",\"url\":\"https:\\\/\\\/perle-in.com\\\/wp-content\\\/uploads\\\/2022\\\/12\\\/LOGO-PERLE-IN-COULEUR@3x.webp\",\"contentUrl\":\"https:\\\/\\\/perle-in.com\\\/wp-content\\\/uploads\\\/2022\\\/12\\\/LOGO-PERLE-IN-COULEUR@3x.webp\",\"width\":1600,\"height\":490,\"caption\":\"PERLE IN\"},\"image\":{\"@id\":\"https:\\\/\\\/perle-in.com\\\/#\\\/schema\\\/logo\\\/image\\\/\"}}]}<\/script>\n<!-- \/ Yoast SEO plugin. -->","yoast_head_json":{"title":"Cam\u00e9ra d\u2019action Prixton DV670 \u00e0 double \u00e9cran 4K - PERLE IN","robots":{"index":"noindex","follow":"follow","max-snippet":"max-snippet:-1","max-image-preview":"max-image-preview:large","max-video-preview":"max-video-preview:-1"},"og_locale":"en_US","og_type":"article","og_title":"Cam\u00e9ra d\u2019action Prixton DV670 \u00e0 double \u00e9cran 4K - PERLE IN","og_description":"Immortalisez chaque instant de vos sports pr\u00e9f\u00e9r\u00e9s en 4K gr\u00e2ce \u00e0 la cam\u00e9ra d'action DV670 et \u00e0 ses nombreux accessoires. Gr\u00e2ce \u00e0 l'application XDV\u00a0PRO, vous pouvez contr\u00f4ler la cam\u00e9ra \u00e0 l'aide d'un autre appareil. Vous pouvez plonger jusqu'\u00e0 30\u00a0m\u00e8tres avec l'appareil photo, car il est \u00e9quip\u00e9 d'un bo\u00eetier \u00e9tanche. De plus, gr\u00e2ce \u00e0 ses deux \u00e9crans, vous pouvez choisir entre le mode selfie et le mode classique.","og_url":"https:\/\/perle-in.com\/en\/product\/camera-daction-prixton-dv670-a-double-ecran-4k\/","og_site_name":"PERLE IN","article_modified_time":"2025-10-10T13:25:11+00:00","og_image":[{"width":1600,"height":1600,"url":"https:\/\/perle-in.com\/wp-content\/uploads\/2025\/09\/1PA17390-1.jpg","type":"image\/jpeg"}],"twitter_card":"summary_large_image","schema":{"@context":"https:\/\/schema.org","@graph":[{"@type":"WebPage","@id":"https:\/\/perle-in.com\/produit\/camera-daction-prixton-dv670-a-double-ecran-4k\/","url":"https:\/\/perle-in.com\/produit\/camera-daction-prixton-dv670-a-double-ecran-4k\/","name":"Cam\u00e9ra d\u2019action Prixton DV670 \u00e0 double \u00e9cran 4K - PERLE IN","isPartOf":{"@id":"https:\/\/perle-in.com\/#website"},"primaryImageOfPage":{"@id":"https:\/\/perle-in.com\/produit\/camera-daction-prixton-dv670-a-double-ecran-4k\/#primaryimage"},"image":{"@id":"https:\/\/perle-in.com\/produit\/camera-daction-prixton-dv670-a-double-ecran-4k\/#primaryimage"},"thumbnailUrl":"https:\/\/perle-in.com\/wp-content\/uploads\/2025\/09\/1PA17390-1.jpg","datePublished":"2025-10-10T13:25:10+00:00","dateModified":"2025-10-10T13:25:11+00:00","breadcrumb":{"@id":"https:\/\/perle-in.com\/produit\/camera-daction-prixton-dv670-a-double-ecran-4k\/#breadcrumb"},"inLanguage":"en-CA","potentialAction":[{"@type":"ReadAction","target":["https:\/\/perle-in.com\/produit\/camera-daction-prixton-dv670-a-double-ecran-4k\/"]}]},{"@type":"ImageObject","inLanguage":"en-CA","@id":"https:\/\/perle-in.com\/produit\/camera-daction-prixton-dv670-a-double-ecran-4k\/#primaryimage","url":"https:\/\/perle-in.com\/wp-content\/uploads\/2025\/09\/1PA17390-1.jpg","contentUrl":"https:\/\/perle-in.com\/wp-content\/uploads\/2025\/09\/1PA17390-1.jpg","width":1600,"height":1600},{"@type":"BreadcrumbList","@id":"https:\/\/perle-in.com\/produit\/camera-daction-prixton-dv670-a-double-ecran-4k\/#breadcrumb","itemListElement":[{"@type":"ListItem","position":1,"name":"Accueil","item":"https:\/\/perle-in.com\/"},{"@type":"ListItem","position":2,"name":"Boutique","item":"https:\/\/perle-in.com\/boutique\/"},{"@type":"ListItem","position":3,"name":"Cam\u00e9ra d\u2019action Prixton DV670 \u00e0 double \u00e9cran 4K"}]},{"@type":"WebSite","@id":"https:\/\/perle-in.com\/#website","url":"https:\/\/perle-in.com\/","name":"PERLE IN","description":"","publisher":{"@id":"https:\/\/perle-in.com\/#organization"},"potentialAction":[{"@type":"SearchAction","target":{"@type":"EntryPoint","urlTemplate":"https:\/\/perle-in.com\/?s={search_term_string}"},"query-input":{"@type":"PropertyValueSpecification","valueRequired":true,"valueName":"search_term_string"}}],"inLanguage":"en-CA"},{"@type":"Organization","@id":"https:\/\/perle-in.com\/#organization","name":"PERLE IN","url":"https:\/\/perle-in.com\/","logo":{"@type":"ImageObject","inLanguage":"en-CA","@id":"https:\/\/perle-in.com\/#\/schema\/logo\/image\/","url":"https:\/\/perle-in.com\/wp-content\/uploads\/2022\/12\/LOGO-PERLE-IN-COULEUR@3x.webp","contentUrl":"https:\/\/perle-in.com\/wp-content\/uploads\/2022\/12\/LOGO-PERLE-IN-COULEUR@3x.webp","width":1600,"height":490,"caption":"PERLE IN"},"image":{"@id":"https:\/\/perle-in.com\/#\/schema\/logo\/image\/"}}]}},"jetpack_sharing_enabled":true,"_links":{"self":[{"href":"https:\/\/perle-in.com\/en\/wp-json\/wp\/v2\/product\/500978","targetHints":{"allow":["GET"]}}],"collection":[{"href":"https:\/\/perle-in.com\/en\/wp-json\/wp\/v2\/product"}],"about":[{"href":"https:\/\/perle-in.com\/en\/wp-json\/wp\/v2\/types\/product"}],"version-history":[{"count":0,"href":"https:\/\/perle-in.com\/en\/wp-json\/wp\/v2\/product\/500978\/revisions"}],"wp:featuredmedia":[{"embeddable":true,"href":"https:\/\/perle-in.com\/en\/wp-json\/wp\/v2\/media\/485503"}],"wp:attachment":[{"href":"https:\/\/perle-in.com\/en\/wp-json\/wp\/v2\/media?parent=500978"}],"wp:term":[{"taxonomy":"product_brand","embeddable":true,"href":"https:\/\/perle-in.com\/en\/wp-json\/wp\/v2\/product_brand?post=500978"},{"taxonomy":"product_cat","embeddable":true,"href":"https:\/\/perle-in.com\/en\/wp-json\/wp\/v2\/product_cat?post=500978"},{"taxonomy":"product_tag","embeddable":true,"href":"https:\/\/perle-in.com\/en\/wp-json\/wp\/v2\/product_tag?post=500978"}],"curies":[{"name":"wp","href":"https:\/\/api.w.org\/{rel}","templated":true}]}}