{"id":500976,"date":"2025-10-10T15:25:03","date_gmt":"2025-10-10T13:25:03","guid":{"rendered":"https:\/\/perle-in.com\/produit\/tablette-4g-101-prixton-nova-4-64-gb\/"},"modified":"2025-10-10T15:25:04","modified_gmt":"2025-10-10T13:25:04","slug":"tablette-4g-101-prixton-nova-4-64-gb","status":"publish","type":"product","link":"https:\/\/perle-in.com\/en\/product\/tablette-4g-101-prixton-nova-4-64-gb\/","title":{"rendered":"Tablette 4G 10,1&#8243; Prixton Nova 4\/64\u00a0GB"},"content":{"rendered":"","protected":false},"excerpt":{"rendered":"<p>La tablette Nova est \u00e9quip\u00e9e d&#8217;un syst\u00e8me Android\u00a014 s\u00e9curis\u00e9 et d&#8217;un processeur Octa\u00a0Core de 1,6\u00a0GHz offrant une exp\u00e9rience fluide. La tablette est \u00e9galement dot\u00e9e de la technologie\u00a04G, qui permet de passer et de recevoir des appels en ins\u00e9rant une carte SIM.<\/p>","protected":false},"featured_media":485491,"template":"","meta":{"_eb_attr":""},"product_brand":[],"product_cat":[840,667],"product_tag":[1188,786,783,1189],"class_list":{"0":"post-500976","1":"product","2":"type-product","3":"status-publish","4":"has-post-thumbnail","6":"product_cat-accessoires-pour-ordinateur","7":"product_cat-technologie","8":"product_tag-nova","9":"product_tag-ordinateur","10":"product_tag-prixton","11":"product_tag-tablette","12":"pa_couleurs-noir","14":"first","15":"instock","16":"shipping-taxable","17":"purchasable","18":"product-type-variable"},"yoast_head":"<!-- This site is optimized with the Yoast SEO plugin v27.4 - https:\/\/yoast.com\/product\/yoast-seo-wordpress\/ -->\n<title>Tablette 4G 10,1&quot; Prixton Nova 4\/64\u00a0GB - PERLE IN<\/title>\n<meta name=\"robots\" content=\"noindex, follow, max-snippet:-1, max-image-preview:large, max-video-preview:-1\" \/>\n<meta property=\"og:locale\" content=\"en_US\" \/>\n<meta property=\"og:type\" content=\"article\" \/>\n<meta property=\"og:title\" content=\"Tablette 4G 10,1&quot; Prixton Nova 4\/64\u00a0GB - PERLE IN\" \/>\n<meta property=\"og:description\" content=\"La tablette Nova est \u00e9quip\u00e9e d&#039;un syst\u00e8me Android\u00a014 s\u00e9curis\u00e9 et d&#039;un processeur Octa\u00a0Core de 1,6\u00a0GHz offrant une exp\u00e9rience fluide. La tablette est \u00e9galement dot\u00e9e de la technologie\u00a04G, qui permet de passer et de recevoir des appels en ins\u00e9rant une carte SIM.\" \/>\n<meta property=\"og:url\" content=\"https:\/\/perle-in.com\/en\/product\/tablette-4g-101-prixton-nova-4-64-gb\/\" \/>\n<meta property=\"og:site_name\" content=\"PERLE IN\" \/>\n<meta property=\"article:modified_time\" content=\"2025-10-10T13:25:04+00:00\" \/>\n<meta property=\"og:image\" content=\"https:\/\/perle-in.com\/wp-content\/uploads\/2025\/09\/1PA17190-1.jpg\" \/>\n\t<meta property=\"og:image:width\" content=\"1600\" \/>\n\t<meta property=\"og:image:height\" content=\"1600\" \/>\n\t<meta property=\"og:image:type\" content=\"image\/jpeg\" \/>\n<meta name=\"twitter:card\" content=\"summary_large_image\" \/>\n<script type=\"application\/ld+json\" class=\"yoast-schema-graph\">{\"@context\":\"https:\\\/\\\/schema.org\",\"@graph\":[{\"@type\":\"WebPage\",\"@id\":\"https:\\\/\\\/perle-in.com\\\/produit\\\/tablette-4g-101-prixton-nova-4-64-gb\\\/\",\"url\":\"https:\\\/\\\/perle-in.com\\\/produit\\\/tablette-4g-101-prixton-nova-4-64-gb\\\/\",\"name\":\"Tablette 4G 10,1\\\" Prixton Nova 4\\\/64\u00a0GB - PERLE IN\",\"isPartOf\":{\"@id\":\"https:\\\/\\\/perle-in.com\\\/#website\"},\"primaryImageOfPage\":{\"@id\":\"https:\\\/\\\/perle-in.com\\\/produit\\\/tablette-4g-101-prixton-nova-4-64-gb\\\/#primaryimage\"},\"image\":{\"@id\":\"https:\\\/\\\/perle-in.com\\\/produit\\\/tablette-4g-101-prixton-nova-4-64-gb\\\/#primaryimage\"},\"thumbnailUrl\":\"https:\\\/\\\/perle-in.com\\\/wp-content\\\/uploads\\\/2025\\\/09\\\/1PA17190-1.jpg\",\"datePublished\":\"2025-10-10T13:25:03+00:00\",\"dateModified\":\"2025-10-10T13:25:04+00:00\",\"breadcrumb\":{\"@id\":\"https:\\\/\\\/perle-in.com\\\/produit\\\/tablette-4g-101-prixton-nova-4-64-gb\\\/#breadcrumb\"},\"inLanguage\":\"en-CA\",\"potentialAction\":[{\"@type\":\"ReadAction\",\"target\":[\"https:\\\/\\\/perle-in.com\\\/produit\\\/tablette-4g-101-prixton-nova-4-64-gb\\\/\"]}]},{\"@type\":\"ImageObject\",\"inLanguage\":\"en-CA\",\"@id\":\"https:\\\/\\\/perle-in.com\\\/produit\\\/tablette-4g-101-prixton-nova-4-64-gb\\\/#primaryimage\",\"url\":\"https:\\\/\\\/perle-in.com\\\/wp-content\\\/uploads\\\/2025\\\/09\\\/1PA17190-1.jpg\",\"contentUrl\":\"https:\\\/\\\/perle-in.com\\\/wp-content\\\/uploads\\\/2025\\\/09\\\/1PA17190-1.jpg\",\"width\":1600,\"height\":1600},{\"@type\":\"BreadcrumbList\",\"@id\":\"https:\\\/\\\/perle-in.com\\\/produit\\\/tablette-4g-101-prixton-nova-4-64-gb\\\/#breadcrumb\",\"itemListElement\":[{\"@type\":\"ListItem\",\"position\":1,\"name\":\"Accueil\",\"item\":\"https:\\\/\\\/perle-in.com\\\/\"},{\"@type\":\"ListItem\",\"position\":2,\"name\":\"Boutique\",\"item\":\"https:\\\/\\\/perle-in.com\\\/boutique\\\/\"},{\"@type\":\"ListItem\",\"position\":3,\"name\":\"Tablette 4G 10,1&#8243; Prixton Nova 4\\\/64\u00a0GB\"}]},{\"@type\":\"WebSite\",\"@id\":\"https:\\\/\\\/perle-in.com\\\/#website\",\"url\":\"https:\\\/\\\/perle-in.com\\\/\",\"name\":\"PERLE IN\",\"description\":\"\",\"publisher\":{\"@id\":\"https:\\\/\\\/perle-in.com\\\/#organization\"},\"potentialAction\":[{\"@type\":\"SearchAction\",\"target\":{\"@type\":\"EntryPoint\",\"urlTemplate\":\"https:\\\/\\\/perle-in.com\\\/?s={search_term_string}\"},\"query-input\":{\"@type\":\"PropertyValueSpecification\",\"valueRequired\":true,\"valueName\":\"search_term_string\"}}],\"inLanguage\":\"en-CA\"},{\"@type\":\"Organization\",\"@id\":\"https:\\\/\\\/perle-in.com\\\/#organization\",\"name\":\"PERLE IN\",\"url\":\"https:\\\/\\\/perle-in.com\\\/\",\"logo\":{\"@type\":\"ImageObject\",\"inLanguage\":\"en-CA\",\"@id\":\"https:\\\/\\\/perle-in.com\\\/#\\\/schema\\\/logo\\\/image\\\/\",\"url\":\"https:\\\/\\\/perle-in.com\\\/wp-content\\\/uploads\\\/2022\\\/12\\\/LOGO-PERLE-IN-COULEUR@3x.webp\",\"contentUrl\":\"https:\\\/\\\/perle-in.com\\\/wp-content\\\/uploads\\\/2022\\\/12\\\/LOGO-PERLE-IN-COULEUR@3x.webp\",\"width\":1600,\"height\":490,\"caption\":\"PERLE IN\"},\"image\":{\"@id\":\"https:\\\/\\\/perle-in.com\\\/#\\\/schema\\\/logo\\\/image\\\/\"}}]}<\/script>\n<!-- \/ Yoast SEO plugin. -->","yoast_head_json":{"title":"Tablette 4G 10,1\" Prixton Nova 4\/64\u00a0GB - PERLE IN","robots":{"index":"noindex","follow":"follow","max-snippet":"max-snippet:-1","max-image-preview":"max-image-preview:large","max-video-preview":"max-video-preview:-1"},"og_locale":"en_US","og_type":"article","og_title":"Tablette 4G 10,1\" Prixton Nova 4\/64\u00a0GB - PERLE IN","og_description":"La tablette Nova est \u00e9quip\u00e9e d'un syst\u00e8me Android\u00a014 s\u00e9curis\u00e9 et d'un processeur Octa\u00a0Core de 1,6\u00a0GHz offrant une exp\u00e9rience fluide. La tablette est \u00e9galement dot\u00e9e de la technologie\u00a04G, qui permet de passer et de recevoir des appels en ins\u00e9rant une carte SIM.","og_url":"https:\/\/perle-in.com\/en\/product\/tablette-4g-101-prixton-nova-4-64-gb\/","og_site_name":"PERLE IN","article_modified_time":"2025-10-10T13:25:04+00:00","og_image":[{"width":1600,"height":1600,"url":"https:\/\/perle-in.com\/wp-content\/uploads\/2025\/09\/1PA17190-1.jpg","type":"image\/jpeg"}],"twitter_card":"summary_large_image","schema":{"@context":"https:\/\/schema.org","@graph":[{"@type":"WebPage","@id":"https:\/\/perle-in.com\/produit\/tablette-4g-101-prixton-nova-4-64-gb\/","url":"https:\/\/perle-in.com\/produit\/tablette-4g-101-prixton-nova-4-64-gb\/","name":"Tablette 4G 10,1\" Prixton Nova 4\/64\u00a0GB - PERLE IN","isPartOf":{"@id":"https:\/\/perle-in.com\/#website"},"primaryImageOfPage":{"@id":"https:\/\/perle-in.com\/produit\/tablette-4g-101-prixton-nova-4-64-gb\/#primaryimage"},"image":{"@id":"https:\/\/perle-in.com\/produit\/tablette-4g-101-prixton-nova-4-64-gb\/#primaryimage"},"thumbnailUrl":"https:\/\/perle-in.com\/wp-content\/uploads\/2025\/09\/1PA17190-1.jpg","datePublished":"2025-10-10T13:25:03+00:00","dateModified":"2025-10-10T13:25:04+00:00","breadcrumb":{"@id":"https:\/\/perle-in.com\/produit\/tablette-4g-101-prixton-nova-4-64-gb\/#breadcrumb"},"inLanguage":"en-CA","potentialAction":[{"@type":"ReadAction","target":["https:\/\/perle-in.com\/produit\/tablette-4g-101-prixton-nova-4-64-gb\/"]}]},{"@type":"ImageObject","inLanguage":"en-CA","@id":"https:\/\/perle-in.com\/produit\/tablette-4g-101-prixton-nova-4-64-gb\/#primaryimage","url":"https:\/\/perle-in.com\/wp-content\/uploads\/2025\/09\/1PA17190-1.jpg","contentUrl":"https:\/\/perle-in.com\/wp-content\/uploads\/2025\/09\/1PA17190-1.jpg","width":1600,"height":1600},{"@type":"BreadcrumbList","@id":"https:\/\/perle-in.com\/produit\/tablette-4g-101-prixton-nova-4-64-gb\/#breadcrumb","itemListElement":[{"@type":"ListItem","position":1,"name":"Accueil","item":"https:\/\/perle-in.com\/"},{"@type":"ListItem","position":2,"name":"Boutique","item":"https:\/\/perle-in.com\/boutique\/"},{"@type":"ListItem","position":3,"name":"Tablette 4G 10,1&#8243; Prixton Nova 4\/64\u00a0GB"}]},{"@type":"WebSite","@id":"https:\/\/perle-in.com\/#website","url":"https:\/\/perle-in.com\/","name":"PERLE IN","description":"","publisher":{"@id":"https:\/\/perle-in.com\/#organization"},"potentialAction":[{"@type":"SearchAction","target":{"@type":"EntryPoint","urlTemplate":"https:\/\/perle-in.com\/?s={search_term_string}"},"query-input":{"@type":"PropertyValueSpecification","valueRequired":true,"valueName":"search_term_string"}}],"inLanguage":"en-CA"},{"@type":"Organization","@id":"https:\/\/perle-in.com\/#organization","name":"PERLE IN","url":"https:\/\/perle-in.com\/","logo":{"@type":"ImageObject","inLanguage":"en-CA","@id":"https:\/\/perle-in.com\/#\/schema\/logo\/image\/","url":"https:\/\/perle-in.com\/wp-content\/uploads\/2022\/12\/LOGO-PERLE-IN-COULEUR@3x.webp","contentUrl":"https:\/\/perle-in.com\/wp-content\/uploads\/2022\/12\/LOGO-PERLE-IN-COULEUR@3x.webp","width":1600,"height":490,"caption":"PERLE IN"},"image":{"@id":"https:\/\/perle-in.com\/#\/schema\/logo\/image\/"}}]}},"jetpack_sharing_enabled":true,"_links":{"self":[{"href":"https:\/\/perle-in.com\/en\/wp-json\/wp\/v2\/product\/500976","targetHints":{"allow":["GET"]}}],"collection":[{"href":"https:\/\/perle-in.com\/en\/wp-json\/wp\/v2\/product"}],"about":[{"href":"https:\/\/perle-in.com\/en\/wp-json\/wp\/v2\/types\/product"}],"version-history":[{"count":0,"href":"https:\/\/perle-in.com\/en\/wp-json\/wp\/v2\/product\/500976\/revisions"}],"wp:featuredmedia":[{"embeddable":true,"href":"https:\/\/perle-in.com\/en\/wp-json\/wp\/v2\/media\/485491"}],"wp:attachment":[{"href":"https:\/\/perle-in.com\/en\/wp-json\/wp\/v2\/media?parent=500976"}],"wp:term":[{"taxonomy":"product_brand","embeddable":true,"href":"https:\/\/perle-in.com\/en\/wp-json\/wp\/v2\/product_brand?post=500976"},{"taxonomy":"product_cat","embeddable":true,"href":"https:\/\/perle-in.com\/en\/wp-json\/wp\/v2\/product_cat?post=500976"},{"taxonomy":"product_tag","embeddable":true,"href":"https:\/\/perle-in.com\/en\/wp-json\/wp\/v2\/product_tag?post=500976"}],"curies":[{"name":"wp","href":"https:\/\/api.w.org\/{rel}","templated":true}]}}