{"id":500974,"date":"2025-10-10T15:24:44","date_gmt":"2025-10-10T13:24:44","guid":{"rendered":"https:\/\/perle-in.com\/produit\/robot-nettoyeur-de-vitres-prixton-bt300\/"},"modified":"2025-10-10T15:24:45","modified_gmt":"2025-10-10T13:24:45","slug":"robot-nettoyeur-de-vitres-prixton-bt300","status":"publish","type":"product","link":"https:\/\/perle-in.com\/en\/product\/robot-nettoyeur-de-vitres-prixton-bt300\/","title":{"rendered":"Robot nettoyeur de vitres Prixton BT300"},"content":{"rendered":"","protected":false},"excerpt":{"rendered":"<p>Le robot nettoyeur de vitres offre un nettoyage efficace gr\u00e2ce \u00e0 ses multiples fonctionnalit\u00e9s\u00a0: 2\u00a0modes de nettoyage, 2\u00a0modes de pulv\u00e9risation, un grand r\u00e9servoir et une excellente aspiration. De plus, vous pouvez profiter du calme pendant qu&#8217;il nettoie gr\u00e2ce \u00e0 son fonctionnement silencieux. Il comprend \u00e9galement des capteurs anti-chute et des capteurs de cadre de fen\u00eatre.<\/p>","protected":false},"featured_media":485482,"template":"","meta":{"_eb_attr":""},"product_brand":[],"product_cat":[460,150],"product_tag":[862,677,1079,783,1080],"class_list":{"0":"post-500974","1":"product","2":"type-product","3":"status-publish","4":"has-post-thumbnail","6":"product_cat-accessoires-pour-la-maison","7":"product_cat-maison-et-cuisine","8":"product_tag-maison","9":"product_tag-nettoyage","10":"product_tag-nettoyeur-de-vitres","11":"product_tag-prixton","12":"product_tag-robot-de-nettoyage","13":"pa_couleurs-noir","15":"first","16":"instock","17":"shipping-taxable","18":"purchasable","19":"product-type-variable"},"yoast_head":"<!-- This site is optimized with the Yoast SEO plugin v27.4 - https:\/\/yoast.com\/product\/yoast-seo-wordpress\/ -->\n<title>Robot nettoyeur de vitres Prixton BT300 - PERLE IN<\/title>\n<meta name=\"robots\" content=\"noindex, follow, max-snippet:-1, max-image-preview:large, max-video-preview:-1\" \/>\n<meta property=\"og:locale\" content=\"en_US\" \/>\n<meta property=\"og:type\" content=\"article\" \/>\n<meta property=\"og:title\" content=\"Robot nettoyeur de vitres Prixton BT300 - PERLE IN\" \/>\n<meta property=\"og:description\" content=\"Le robot nettoyeur de vitres offre un nettoyage efficace gr\u00e2ce \u00e0 ses multiples fonctionnalit\u00e9s\u00a0: 2\u00a0modes de nettoyage, 2\u00a0modes de pulv\u00e9risation, un grand r\u00e9servoir et une excellente aspiration. De plus, vous pouvez profiter du calme pendant qu&#039;il nettoie gr\u00e2ce \u00e0 son fonctionnement silencieux. Il comprend \u00e9galement des capteurs anti-chute et des capteurs de cadre de fen\u00eatre.\" \/>\n<meta property=\"og:url\" content=\"https:\/\/perle-in.com\/en\/product\/robot-nettoyeur-de-vitres-prixton-bt300\/\" \/>\n<meta property=\"og:site_name\" content=\"PERLE IN\" \/>\n<meta property=\"article:modified_time\" content=\"2025-10-10T13:24:45+00:00\" \/>\n<meta property=\"og:image\" content=\"https:\/\/perle-in.com\/wp-content\/uploads\/2025\/09\/1PA17090-1.jpg\" \/>\n\t<meta property=\"og:image:width\" content=\"1600\" \/>\n\t<meta property=\"og:image:height\" content=\"1600\" \/>\n\t<meta property=\"og:image:type\" content=\"image\/jpeg\" \/>\n<meta name=\"twitter:card\" content=\"summary_large_image\" \/>\n<script type=\"application\/ld+json\" class=\"yoast-schema-graph\">{\"@context\":\"https:\\\/\\\/schema.org\",\"@graph\":[{\"@type\":\"WebPage\",\"@id\":\"https:\\\/\\\/perle-in.com\\\/en\\\/product\\\/robot-nettoyeur-de-vitres-prixton-bt300\\\/\",\"url\":\"https:\\\/\\\/perle-in.com\\\/en\\\/product\\\/robot-nettoyeur-de-vitres-prixton-bt300\\\/\",\"name\":\"Robot nettoyeur de vitres Prixton BT300 - PERLE IN\",\"isPartOf\":{\"@id\":\"https:\\\/\\\/perle-in.com\\\/#website\"},\"primaryImageOfPage\":{\"@id\":\"https:\\\/\\\/perle-in.com\\\/en\\\/product\\\/robot-nettoyeur-de-vitres-prixton-bt300\\\/#primaryimage\"},\"image\":{\"@id\":\"https:\\\/\\\/perle-in.com\\\/en\\\/product\\\/robot-nettoyeur-de-vitres-prixton-bt300\\\/#primaryimage\"},\"thumbnailUrl\":\"https:\\\/\\\/perle-in.com\\\/wp-content\\\/uploads\\\/2025\\\/09\\\/1PA17090-1.jpg\",\"datePublished\":\"2025-10-10T13:24:44+00:00\",\"dateModified\":\"2025-10-10T13:24:45+00:00\",\"breadcrumb\":{\"@id\":\"https:\\\/\\\/perle-in.com\\\/en\\\/product\\\/robot-nettoyeur-de-vitres-prixton-bt300\\\/#breadcrumb\"},\"inLanguage\":\"en-CA\",\"potentialAction\":[{\"@type\":\"ReadAction\",\"target\":[\"https:\\\/\\\/perle-in.com\\\/en\\\/product\\\/robot-nettoyeur-de-vitres-prixton-bt300\\\/\"]}]},{\"@type\":\"ImageObject\",\"inLanguage\":\"en-CA\",\"@id\":\"https:\\\/\\\/perle-in.com\\\/en\\\/product\\\/robot-nettoyeur-de-vitres-prixton-bt300\\\/#primaryimage\",\"url\":\"https:\\\/\\\/perle-in.com\\\/wp-content\\\/uploads\\\/2025\\\/09\\\/1PA17090-1.jpg\",\"contentUrl\":\"https:\\\/\\\/perle-in.com\\\/wp-content\\\/uploads\\\/2025\\\/09\\\/1PA17090-1.jpg\",\"width\":1600,\"height\":1600},{\"@type\":\"BreadcrumbList\",\"@id\":\"https:\\\/\\\/perle-in.com\\\/en\\\/product\\\/robot-nettoyeur-de-vitres-prixton-bt300\\\/#breadcrumb\",\"itemListElement\":[{\"@type\":\"ListItem\",\"position\":1,\"name\":\"Accueil\",\"item\":\"https:\\\/\\\/perle-in.com\\\/\"},{\"@type\":\"ListItem\",\"position\":2,\"name\":\"Boutique\",\"item\":\"https:\\\/\\\/perle-in.com\\\/boutique\\\/\"},{\"@type\":\"ListItem\",\"position\":3,\"name\":\"Robot nettoyeur de vitres Prixton BT300\"}]},{\"@type\":\"WebSite\",\"@id\":\"https:\\\/\\\/perle-in.com\\\/#website\",\"url\":\"https:\\\/\\\/perle-in.com\\\/\",\"name\":\"PERLE IN\",\"description\":\"\",\"publisher\":{\"@id\":\"https:\\\/\\\/perle-in.com\\\/#organization\"},\"potentialAction\":[{\"@type\":\"SearchAction\",\"target\":{\"@type\":\"EntryPoint\",\"urlTemplate\":\"https:\\\/\\\/perle-in.com\\\/?s={search_term_string}\"},\"query-input\":{\"@type\":\"PropertyValueSpecification\",\"valueRequired\":true,\"valueName\":\"search_term_string\"}}],\"inLanguage\":\"en-CA\"},{\"@type\":\"Organization\",\"@id\":\"https:\\\/\\\/perle-in.com\\\/#organization\",\"name\":\"PERLE IN\",\"url\":\"https:\\\/\\\/perle-in.com\\\/\",\"logo\":{\"@type\":\"ImageObject\",\"inLanguage\":\"en-CA\",\"@id\":\"https:\\\/\\\/perle-in.com\\\/#\\\/schema\\\/logo\\\/image\\\/\",\"url\":\"https:\\\/\\\/perle-in.com\\\/wp-content\\\/uploads\\\/2022\\\/12\\\/LOGO-PERLE-IN-COULEUR@3x.webp\",\"contentUrl\":\"https:\\\/\\\/perle-in.com\\\/wp-content\\\/uploads\\\/2022\\\/12\\\/LOGO-PERLE-IN-COULEUR@3x.webp\",\"width\":1600,\"height\":490,\"caption\":\"PERLE IN\"},\"image\":{\"@id\":\"https:\\\/\\\/perle-in.com\\\/#\\\/schema\\\/logo\\\/image\\\/\"}}]}<\/script>\n<!-- \/ Yoast SEO plugin. -->","yoast_head_json":{"title":"Robot nettoyeur de vitres Prixton BT300 - PERLE IN","robots":{"index":"noindex","follow":"follow","max-snippet":"max-snippet:-1","max-image-preview":"max-image-preview:large","max-video-preview":"max-video-preview:-1"},"og_locale":"en_US","og_type":"article","og_title":"Robot nettoyeur de vitres Prixton BT300 - PERLE IN","og_description":"Le robot nettoyeur de vitres offre un nettoyage efficace gr\u00e2ce \u00e0 ses multiples fonctionnalit\u00e9s\u00a0: 2\u00a0modes de nettoyage, 2\u00a0modes de pulv\u00e9risation, un grand r\u00e9servoir et une excellente aspiration. De plus, vous pouvez profiter du calme pendant qu'il nettoie gr\u00e2ce \u00e0 son fonctionnement silencieux. Il comprend \u00e9galement des capteurs anti-chute et des capteurs de cadre de fen\u00eatre.","og_url":"https:\/\/perle-in.com\/en\/product\/robot-nettoyeur-de-vitres-prixton-bt300\/","og_site_name":"PERLE IN","article_modified_time":"2025-10-10T13:24:45+00:00","og_image":[{"width":1600,"height":1600,"url":"https:\/\/perle-in.com\/wp-content\/uploads\/2025\/09\/1PA17090-1.jpg","type":"image\/jpeg"}],"twitter_card":"summary_large_image","schema":{"@context":"https:\/\/schema.org","@graph":[{"@type":"WebPage","@id":"https:\/\/perle-in.com\/en\/product\/robot-nettoyeur-de-vitres-prixton-bt300\/","url":"https:\/\/perle-in.com\/en\/product\/robot-nettoyeur-de-vitres-prixton-bt300\/","name":"Robot nettoyeur de vitres Prixton BT300 - PERLE IN","isPartOf":{"@id":"https:\/\/perle-in.com\/#website"},"primaryImageOfPage":{"@id":"https:\/\/perle-in.com\/en\/product\/robot-nettoyeur-de-vitres-prixton-bt300\/#primaryimage"},"image":{"@id":"https:\/\/perle-in.com\/en\/product\/robot-nettoyeur-de-vitres-prixton-bt300\/#primaryimage"},"thumbnailUrl":"https:\/\/perle-in.com\/wp-content\/uploads\/2025\/09\/1PA17090-1.jpg","datePublished":"2025-10-10T13:24:44+00:00","dateModified":"2025-10-10T13:24:45+00:00","breadcrumb":{"@id":"https:\/\/perle-in.com\/en\/product\/robot-nettoyeur-de-vitres-prixton-bt300\/#breadcrumb"},"inLanguage":"en-CA","potentialAction":[{"@type":"ReadAction","target":["https:\/\/perle-in.com\/en\/product\/robot-nettoyeur-de-vitres-prixton-bt300\/"]}]},{"@type":"ImageObject","inLanguage":"en-CA","@id":"https:\/\/perle-in.com\/en\/product\/robot-nettoyeur-de-vitres-prixton-bt300\/#primaryimage","url":"https:\/\/perle-in.com\/wp-content\/uploads\/2025\/09\/1PA17090-1.jpg","contentUrl":"https:\/\/perle-in.com\/wp-content\/uploads\/2025\/09\/1PA17090-1.jpg","width":1600,"height":1600},{"@type":"BreadcrumbList","@id":"https:\/\/perle-in.com\/en\/product\/robot-nettoyeur-de-vitres-prixton-bt300\/#breadcrumb","itemListElement":[{"@type":"ListItem","position":1,"name":"Accueil","item":"https:\/\/perle-in.com\/"},{"@type":"ListItem","position":2,"name":"Boutique","item":"https:\/\/perle-in.com\/boutique\/"},{"@type":"ListItem","position":3,"name":"Robot nettoyeur de vitres Prixton BT300"}]},{"@type":"WebSite","@id":"https:\/\/perle-in.com\/#website","url":"https:\/\/perle-in.com\/","name":"PERLE IN","description":"","publisher":{"@id":"https:\/\/perle-in.com\/#organization"},"potentialAction":[{"@type":"SearchAction","target":{"@type":"EntryPoint","urlTemplate":"https:\/\/perle-in.com\/?s={search_term_string}"},"query-input":{"@type":"PropertyValueSpecification","valueRequired":true,"valueName":"search_term_string"}}],"inLanguage":"en-CA"},{"@type":"Organization","@id":"https:\/\/perle-in.com\/#organization","name":"PERLE IN","url":"https:\/\/perle-in.com\/","logo":{"@type":"ImageObject","inLanguage":"en-CA","@id":"https:\/\/perle-in.com\/#\/schema\/logo\/image\/","url":"https:\/\/perle-in.com\/wp-content\/uploads\/2022\/12\/LOGO-PERLE-IN-COULEUR@3x.webp","contentUrl":"https:\/\/perle-in.com\/wp-content\/uploads\/2022\/12\/LOGO-PERLE-IN-COULEUR@3x.webp","width":1600,"height":490,"caption":"PERLE IN"},"image":{"@id":"https:\/\/perle-in.com\/#\/schema\/logo\/image\/"}}]}},"jetpack_sharing_enabled":true,"_links":{"self":[{"href":"https:\/\/perle-in.com\/en\/wp-json\/wp\/v2\/product\/500974","targetHints":{"allow":["GET"]}}],"collection":[{"href":"https:\/\/perle-in.com\/en\/wp-json\/wp\/v2\/product"}],"about":[{"href":"https:\/\/perle-in.com\/en\/wp-json\/wp\/v2\/types\/product"}],"version-history":[{"count":0,"href":"https:\/\/perle-in.com\/en\/wp-json\/wp\/v2\/product\/500974\/revisions"}],"wp:featuredmedia":[{"embeddable":true,"href":"https:\/\/perle-in.com\/en\/wp-json\/wp\/v2\/media\/485482"}],"wp:attachment":[{"href":"https:\/\/perle-in.com\/en\/wp-json\/wp\/v2\/media?parent=500974"}],"wp:term":[{"taxonomy":"product_brand","embeddable":true,"href":"https:\/\/perle-in.com\/en\/wp-json\/wp\/v2\/product_brand?post=500974"},{"taxonomy":"product_cat","embeddable":true,"href":"https:\/\/perle-in.com\/en\/wp-json\/wp\/v2\/product_cat?post=500974"},{"taxonomy":"product_tag","embeddable":true,"href":"https:\/\/perle-in.com\/en\/wp-json\/wp\/v2\/product_tag?post=500974"}],"curies":[{"name":"wp","href":"https:\/\/api.w.org\/{rel}","templated":true}]}}