{"id":500972,"date":"2025-10-10T15:24:26","date_gmt":"2025-10-10T13:24:26","guid":{"rendered":"https:\/\/perle-in.com\/produit\/kit-de-jeu-prixton-dragon\/"},"modified":"2025-10-10T15:24:27","modified_gmt":"2025-10-10T13:24:27","slug":"kit-de-jeu-prixton-dragon","status":"publish","type":"product","link":"https:\/\/perle-in.com\/en\/product\/kit-de-jeu-prixton-dragon\/","title":{"rendered":"Kit de jeu Prixton Dragon"},"content":{"rendered":"","protected":false},"excerpt":{"rendered":"<p>Le kit de jeu Dragon comprend un clavier, une souris, un casque et un tapis de souris. Le clavier est livr\u00e9 avec un c\u00e2ble USB tress\u00e9 de 1,5\u00a0m\u00e8tre. Le design ergonomique de la souris et le long c\u00e2ble permettent une excellente libert\u00e9 de mouvement ainsi qu&#8217;une prise en main confortable pour jouer pendant des heures. Le casque offre une isolation totale gr\u00e2ce aux oreillettes souples et confortables de 40\u00a0mm. Il comprend \u00e9galement un haut-parleur et un c\u00e2ble USB en PVC de 2,1\u00a0m\u00e8tres. La texture lisse du tapis de souris assure un excellent contr\u00f4le et une fluidit\u00e9 optimale avec tout type de souris.  <\/p>","protected":false},"featured_media":485474,"template":"","meta":{"_eb_attr":""},"product_brand":[],"product_cat":[840,667],"product_tag":[1076,1074,1071,1072,1073,717,783,1075,1077],"class_list":{"0":"post-500972","1":"product","2":"type-product","3":"status-publish","4":"has-post-thumbnail","6":"product_cat-accessoires-pour-ordinateur","7":"product_cat-technologie","8":"product_tag-casque","9":"product_tag-clavier","10":"product_tag-dragon","11":"product_tag-jeu","12":"product_tag-jeux","13":"product_tag-kit","14":"product_tag-prixton","15":"product_tag-souris","16":"product_tag-tapis-de-souris","17":"pa_couleurs-noir","19":"first","20":"instock","21":"shipping-taxable","22":"purchasable","23":"product-type-variable"},"yoast_head":"<!-- This site is optimized with the Yoast SEO plugin v27.4 - https:\/\/yoast.com\/product\/yoast-seo-wordpress\/ -->\n<title>Kit de jeu Prixton Dragon - PERLE IN<\/title>\n<meta name=\"robots\" content=\"noindex, follow, max-snippet:-1, max-image-preview:large, max-video-preview:-1\" \/>\n<meta property=\"og:locale\" content=\"en_US\" \/>\n<meta property=\"og:type\" content=\"article\" \/>\n<meta property=\"og:title\" content=\"Kit de jeu Prixton Dragon - PERLE IN\" \/>\n<meta property=\"og:description\" content=\"Le kit de jeu Dragon comprend un clavier, une souris, un casque et un tapis de souris. Le clavier est livr\u00e9 avec un c\u00e2ble USB tress\u00e9 de 1,5\u00a0m\u00e8tre. Le design ergonomique de la souris et le long c\u00e2ble permettent une excellente libert\u00e9 de mouvement ainsi qu&#039;une prise en main confortable pour jouer pendant des heures. Le casque offre une isolation totale gr\u00e2ce aux oreillettes souples et confortables de 40\u00a0mm. Il comprend \u00e9galement un haut-parleur et un c\u00e2ble USB en PVC de 2,1\u00a0m\u00e8tres. La texture lisse du tapis de souris assure un excellent contr\u00f4le et une fluidit\u00e9 optimale avec tout type de souris.\" \/>\n<meta property=\"og:url\" content=\"https:\/\/perle-in.com\/en\/product\/kit-de-jeu-prixton-dragon\/\" \/>\n<meta property=\"og:site_name\" content=\"PERLE IN\" \/>\n<meta property=\"article:modified_time\" content=\"2025-10-10T13:24:27+00:00\" \/>\n<meta property=\"og:image\" content=\"https:\/\/perle-in.com\/wp-content\/uploads\/2025\/09\/1PA16990-1.jpg\" \/>\n\t<meta property=\"og:image:width\" content=\"1600\" \/>\n\t<meta property=\"og:image:height\" content=\"1600\" \/>\n\t<meta property=\"og:image:type\" content=\"image\/jpeg\" \/>\n<meta name=\"twitter:card\" content=\"summary_large_image\" \/>\n<script type=\"application\/ld+json\" class=\"yoast-schema-graph\">{\"@context\":\"https:\\\/\\\/schema.org\",\"@graph\":[{\"@type\":\"WebPage\",\"@id\":\"https:\\\/\\\/perle-in.com\\\/en\\\/product\\\/kit-de-jeu-prixton-dragon\\\/\",\"url\":\"https:\\\/\\\/perle-in.com\\\/en\\\/product\\\/kit-de-jeu-prixton-dragon\\\/\",\"name\":\"Kit de jeu Prixton Dragon - PERLE IN\",\"isPartOf\":{\"@id\":\"https:\\\/\\\/perle-in.com\\\/#website\"},\"primaryImageOfPage\":{\"@id\":\"https:\\\/\\\/perle-in.com\\\/en\\\/product\\\/kit-de-jeu-prixton-dragon\\\/#primaryimage\"},\"image\":{\"@id\":\"https:\\\/\\\/perle-in.com\\\/en\\\/product\\\/kit-de-jeu-prixton-dragon\\\/#primaryimage\"},\"thumbnailUrl\":\"https:\\\/\\\/perle-in.com\\\/wp-content\\\/uploads\\\/2025\\\/09\\\/1PA16990-1.jpg\",\"datePublished\":\"2025-10-10T13:24:26+00:00\",\"dateModified\":\"2025-10-10T13:24:27+00:00\",\"breadcrumb\":{\"@id\":\"https:\\\/\\\/perle-in.com\\\/en\\\/product\\\/kit-de-jeu-prixton-dragon\\\/#breadcrumb\"},\"inLanguage\":\"en-CA\",\"potentialAction\":[{\"@type\":\"ReadAction\",\"target\":[\"https:\\\/\\\/perle-in.com\\\/en\\\/product\\\/kit-de-jeu-prixton-dragon\\\/\"]}]},{\"@type\":\"ImageObject\",\"inLanguage\":\"en-CA\",\"@id\":\"https:\\\/\\\/perle-in.com\\\/en\\\/product\\\/kit-de-jeu-prixton-dragon\\\/#primaryimage\",\"url\":\"https:\\\/\\\/perle-in.com\\\/wp-content\\\/uploads\\\/2025\\\/09\\\/1PA16990-1.jpg\",\"contentUrl\":\"https:\\\/\\\/perle-in.com\\\/wp-content\\\/uploads\\\/2025\\\/09\\\/1PA16990-1.jpg\",\"width\":1600,\"height\":1600},{\"@type\":\"BreadcrumbList\",\"@id\":\"https:\\\/\\\/perle-in.com\\\/en\\\/product\\\/kit-de-jeu-prixton-dragon\\\/#breadcrumb\",\"itemListElement\":[{\"@type\":\"ListItem\",\"position\":1,\"name\":\"Accueil\",\"item\":\"https:\\\/\\\/perle-in.com\\\/\"},{\"@type\":\"ListItem\",\"position\":2,\"name\":\"Boutique\",\"item\":\"https:\\\/\\\/perle-in.com\\\/boutique\\\/\"},{\"@type\":\"ListItem\",\"position\":3,\"name\":\"Kit de jeu Prixton Dragon\"}]},{\"@type\":\"WebSite\",\"@id\":\"https:\\\/\\\/perle-in.com\\\/#website\",\"url\":\"https:\\\/\\\/perle-in.com\\\/\",\"name\":\"PERLE IN\",\"description\":\"\",\"publisher\":{\"@id\":\"https:\\\/\\\/perle-in.com\\\/#organization\"},\"potentialAction\":[{\"@type\":\"SearchAction\",\"target\":{\"@type\":\"EntryPoint\",\"urlTemplate\":\"https:\\\/\\\/perle-in.com\\\/?s={search_term_string}\"},\"query-input\":{\"@type\":\"PropertyValueSpecification\",\"valueRequired\":true,\"valueName\":\"search_term_string\"}}],\"inLanguage\":\"en-CA\"},{\"@type\":\"Organization\",\"@id\":\"https:\\\/\\\/perle-in.com\\\/#organization\",\"name\":\"PERLE IN\",\"url\":\"https:\\\/\\\/perle-in.com\\\/\",\"logo\":{\"@type\":\"ImageObject\",\"inLanguage\":\"en-CA\",\"@id\":\"https:\\\/\\\/perle-in.com\\\/#\\\/schema\\\/logo\\\/image\\\/\",\"url\":\"https:\\\/\\\/perle-in.com\\\/wp-content\\\/uploads\\\/2022\\\/12\\\/LOGO-PERLE-IN-COULEUR@3x.webp\",\"contentUrl\":\"https:\\\/\\\/perle-in.com\\\/wp-content\\\/uploads\\\/2022\\\/12\\\/LOGO-PERLE-IN-COULEUR@3x.webp\",\"width\":1600,\"height\":490,\"caption\":\"PERLE IN\"},\"image\":{\"@id\":\"https:\\\/\\\/perle-in.com\\\/#\\\/schema\\\/logo\\\/image\\\/\"}}]}<\/script>\n<!-- \/ Yoast SEO plugin. -->","yoast_head_json":{"title":"Kit de jeu Prixton Dragon - PERLE IN","robots":{"index":"noindex","follow":"follow","max-snippet":"max-snippet:-1","max-image-preview":"max-image-preview:large","max-video-preview":"max-video-preview:-1"},"og_locale":"en_US","og_type":"article","og_title":"Kit de jeu Prixton Dragon - PERLE IN","og_description":"Le kit de jeu Dragon comprend un clavier, une souris, un casque et un tapis de souris. Le clavier est livr\u00e9 avec un c\u00e2ble USB tress\u00e9 de 1,5\u00a0m\u00e8tre. Le design ergonomique de la souris et le long c\u00e2ble permettent une excellente libert\u00e9 de mouvement ainsi qu'une prise en main confortable pour jouer pendant des heures. Le casque offre une isolation totale gr\u00e2ce aux oreillettes souples et confortables de 40\u00a0mm. Il comprend \u00e9galement un haut-parleur et un c\u00e2ble USB en PVC de 2,1\u00a0m\u00e8tres. La texture lisse du tapis de souris assure un excellent contr\u00f4le et une fluidit\u00e9 optimale avec tout type de souris.","og_url":"https:\/\/perle-in.com\/en\/product\/kit-de-jeu-prixton-dragon\/","og_site_name":"PERLE IN","article_modified_time":"2025-10-10T13:24:27+00:00","og_image":[{"width":1600,"height":1600,"url":"https:\/\/perle-in.com\/wp-content\/uploads\/2025\/09\/1PA16990-1.jpg","type":"image\/jpeg"}],"twitter_card":"summary_large_image","schema":{"@context":"https:\/\/schema.org","@graph":[{"@type":"WebPage","@id":"https:\/\/perle-in.com\/en\/product\/kit-de-jeu-prixton-dragon\/","url":"https:\/\/perle-in.com\/en\/product\/kit-de-jeu-prixton-dragon\/","name":"Kit de jeu Prixton Dragon - PERLE IN","isPartOf":{"@id":"https:\/\/perle-in.com\/#website"},"primaryImageOfPage":{"@id":"https:\/\/perle-in.com\/en\/product\/kit-de-jeu-prixton-dragon\/#primaryimage"},"image":{"@id":"https:\/\/perle-in.com\/en\/product\/kit-de-jeu-prixton-dragon\/#primaryimage"},"thumbnailUrl":"https:\/\/perle-in.com\/wp-content\/uploads\/2025\/09\/1PA16990-1.jpg","datePublished":"2025-10-10T13:24:26+00:00","dateModified":"2025-10-10T13:24:27+00:00","breadcrumb":{"@id":"https:\/\/perle-in.com\/en\/product\/kit-de-jeu-prixton-dragon\/#breadcrumb"},"inLanguage":"en-CA","potentialAction":[{"@type":"ReadAction","target":["https:\/\/perle-in.com\/en\/product\/kit-de-jeu-prixton-dragon\/"]}]},{"@type":"ImageObject","inLanguage":"en-CA","@id":"https:\/\/perle-in.com\/en\/product\/kit-de-jeu-prixton-dragon\/#primaryimage","url":"https:\/\/perle-in.com\/wp-content\/uploads\/2025\/09\/1PA16990-1.jpg","contentUrl":"https:\/\/perle-in.com\/wp-content\/uploads\/2025\/09\/1PA16990-1.jpg","width":1600,"height":1600},{"@type":"BreadcrumbList","@id":"https:\/\/perle-in.com\/en\/product\/kit-de-jeu-prixton-dragon\/#breadcrumb","itemListElement":[{"@type":"ListItem","position":1,"name":"Accueil","item":"https:\/\/perle-in.com\/"},{"@type":"ListItem","position":2,"name":"Boutique","item":"https:\/\/perle-in.com\/boutique\/"},{"@type":"ListItem","position":3,"name":"Kit de jeu Prixton Dragon"}]},{"@type":"WebSite","@id":"https:\/\/perle-in.com\/#website","url":"https:\/\/perle-in.com\/","name":"PERLE IN","description":"","publisher":{"@id":"https:\/\/perle-in.com\/#organization"},"potentialAction":[{"@type":"SearchAction","target":{"@type":"EntryPoint","urlTemplate":"https:\/\/perle-in.com\/?s={search_term_string}"},"query-input":{"@type":"PropertyValueSpecification","valueRequired":true,"valueName":"search_term_string"}}],"inLanguage":"en-CA"},{"@type":"Organization","@id":"https:\/\/perle-in.com\/#organization","name":"PERLE IN","url":"https:\/\/perle-in.com\/","logo":{"@type":"ImageObject","inLanguage":"en-CA","@id":"https:\/\/perle-in.com\/#\/schema\/logo\/image\/","url":"https:\/\/perle-in.com\/wp-content\/uploads\/2022\/12\/LOGO-PERLE-IN-COULEUR@3x.webp","contentUrl":"https:\/\/perle-in.com\/wp-content\/uploads\/2022\/12\/LOGO-PERLE-IN-COULEUR@3x.webp","width":1600,"height":490,"caption":"PERLE IN"},"image":{"@id":"https:\/\/perle-in.com\/#\/schema\/logo\/image\/"}}]}},"jetpack_sharing_enabled":true,"_links":{"self":[{"href":"https:\/\/perle-in.com\/en\/wp-json\/wp\/v2\/product\/500972","targetHints":{"allow":["GET"]}}],"collection":[{"href":"https:\/\/perle-in.com\/en\/wp-json\/wp\/v2\/product"}],"about":[{"href":"https:\/\/perle-in.com\/en\/wp-json\/wp\/v2\/types\/product"}],"version-history":[{"count":0,"href":"https:\/\/perle-in.com\/en\/wp-json\/wp\/v2\/product\/500972\/revisions"}],"wp:featuredmedia":[{"embeddable":true,"href":"https:\/\/perle-in.com\/en\/wp-json\/wp\/v2\/media\/485474"}],"wp:attachment":[{"href":"https:\/\/perle-in.com\/en\/wp-json\/wp\/v2\/media?parent=500972"}],"wp:term":[{"taxonomy":"product_brand","embeddable":true,"href":"https:\/\/perle-in.com\/en\/wp-json\/wp\/v2\/product_brand?post=500972"},{"taxonomy":"product_cat","embeddable":true,"href":"https:\/\/perle-in.com\/en\/wp-json\/wp\/v2\/product_cat?post=500972"},{"taxonomy":"product_tag","embeddable":true,"href":"https:\/\/perle-in.com\/en\/wp-json\/wp\/v2\/product_tag?post=500972"}],"curies":[{"name":"wp","href":"https:\/\/api.w.org\/{rel}","templated":true}]}}