{"id":500970,"date":"2025-10-10T15:24:08","date_gmt":"2025-10-10T13:24:08","guid":{"rendered":"https:\/\/perle-in.com\/produit\/karaoke-prixton-partygo\/"},"modified":"2025-10-10T15:24:20","modified_gmt":"2025-10-10T13:24:20","slug":"karaoke-prixton-partygo","status":"publish","type":"product","link":"https:\/\/perle-in.com\/en\/product\/karaoke-prixton-partygo\/","title":{"rendered":"Karaok\u00e9 Prixton PartyGO"},"content":{"rendered":"","protected":false},"excerpt":{"rendered":"<p>Chantez \u00e0 tue-t\u00eate avec votre famille et vos amis gr\u00e2ce au karaok\u00e9 PartyGO. Il comprend deux micros afin que vous puissiez chanter en duo ou en deux groupes. De plus, vous pouvez connecter votre smartphone afin de choisir vos chansons pr\u00e9f\u00e9r\u00e9es. Il dispose \u00e9galement d&#8217;entr\u00e9es audio suppl\u00e9mentaires pour connecter d&#8217;autres appareils tels qu&#8217;une guitare ou un microphone professionnel. Vous pouvez l&#8217;emmener partout avec vous gr\u00e2ce \u00e0 ses 4\u00a0heures d&#8217;autonomie.<\/p>","protected":false},"featured_media":485467,"template":"","meta":{"_eb_attr":""},"product_brand":[],"product_cat":[782,667],"product_tag":[1069,725,1068,822,1067,783],"class_list":{"0":"post-500970","1":"product","2":"type-product","3":"status-publish","4":"has-post-thumbnail","6":"product_cat-gadgets","7":"product_cat-technologie","8":"product_tag-chant","9":"product_tag-fete","10":"product_tag-karaoke","11":"product_tag-musique","12":"product_tag-partygo","13":"product_tag-prixton","14":"pa_couleurs-noir","16":"first","17":"instock","18":"shipping-taxable","19":"purchasable","20":"product-type-variable"},"yoast_head":"<!-- This site is optimized with the Yoast SEO plugin v27.4 - https:\/\/yoast.com\/product\/yoast-seo-wordpress\/ -->\n<title>Karaok\u00e9 Prixton PartyGO - PERLE IN<\/title>\n<meta name=\"robots\" content=\"noindex, follow, max-snippet:-1, max-image-preview:large, max-video-preview:-1\" \/>\n<meta property=\"og:locale\" content=\"en_US\" \/>\n<meta property=\"og:type\" content=\"article\" \/>\n<meta property=\"og:title\" content=\"Karaok\u00e9 Prixton PartyGO - PERLE IN\" \/>\n<meta property=\"og:description\" content=\"Chantez \u00e0 tue-t\u00eate avec votre famille et vos amis gr\u00e2ce au karaok\u00e9 PartyGO. Il comprend deux micros afin que vous puissiez chanter en duo ou en deux groupes. De plus, vous pouvez connecter votre smartphone afin de choisir vos chansons pr\u00e9f\u00e9r\u00e9es. Il dispose \u00e9galement d&#039;entr\u00e9es audio suppl\u00e9mentaires pour connecter d&#039;autres appareils tels qu&#039;une guitare ou un microphone professionnel. Vous pouvez l&#039;emmener partout avec vous gr\u00e2ce \u00e0 ses 4\u00a0heures d&#039;autonomie.\" \/>\n<meta property=\"og:url\" content=\"https:\/\/perle-in.com\/en\/product\/karaoke-prixton-partygo\/\" \/>\n<meta property=\"og:site_name\" content=\"PERLE IN\" \/>\n<meta property=\"article:modified_time\" content=\"2025-10-10T13:24:20+00:00\" \/>\n<meta property=\"og:image\" content=\"https:\/\/perle-in.com\/wp-content\/uploads\/2025\/09\/1PA16890-1.jpg\" \/>\n\t<meta property=\"og:image:width\" content=\"1600\" \/>\n\t<meta property=\"og:image:height\" content=\"1600\" \/>\n\t<meta property=\"og:image:type\" content=\"image\/jpeg\" \/>\n<meta name=\"twitter:card\" content=\"summary_large_image\" \/>\n<script type=\"application\/ld+json\" class=\"yoast-schema-graph\">{\"@context\":\"https:\\\/\\\/schema.org\",\"@graph\":[{\"@type\":\"WebPage\",\"@id\":\"https:\\\/\\\/perle-in.com\\\/produit\\\/karaoke-prixton-partygo\\\/\",\"url\":\"https:\\\/\\\/perle-in.com\\\/produit\\\/karaoke-prixton-partygo\\\/\",\"name\":\"Karaok\u00e9 Prixton PartyGO - PERLE IN\",\"isPartOf\":{\"@id\":\"https:\\\/\\\/perle-in.com\\\/#website\"},\"primaryImageOfPage\":{\"@id\":\"https:\\\/\\\/perle-in.com\\\/produit\\\/karaoke-prixton-partygo\\\/#primaryimage\"},\"image\":{\"@id\":\"https:\\\/\\\/perle-in.com\\\/produit\\\/karaoke-prixton-partygo\\\/#primaryimage\"},\"thumbnailUrl\":\"https:\\\/\\\/perle-in.com\\\/wp-content\\\/uploads\\\/2025\\\/09\\\/1PA16890-1.jpg\",\"datePublished\":\"2025-10-10T13:24:08+00:00\",\"dateModified\":\"2025-10-10T13:24:20+00:00\",\"breadcrumb\":{\"@id\":\"https:\\\/\\\/perle-in.com\\\/produit\\\/karaoke-prixton-partygo\\\/#breadcrumb\"},\"inLanguage\":\"en-CA\",\"potentialAction\":[{\"@type\":\"ReadAction\",\"target\":[\"https:\\\/\\\/perle-in.com\\\/produit\\\/karaoke-prixton-partygo\\\/\"]}]},{\"@type\":\"ImageObject\",\"inLanguage\":\"en-CA\",\"@id\":\"https:\\\/\\\/perle-in.com\\\/produit\\\/karaoke-prixton-partygo\\\/#primaryimage\",\"url\":\"https:\\\/\\\/perle-in.com\\\/wp-content\\\/uploads\\\/2025\\\/09\\\/1PA16890-1.jpg\",\"contentUrl\":\"https:\\\/\\\/perle-in.com\\\/wp-content\\\/uploads\\\/2025\\\/09\\\/1PA16890-1.jpg\",\"width\":1600,\"height\":1600},{\"@type\":\"BreadcrumbList\",\"@id\":\"https:\\\/\\\/perle-in.com\\\/produit\\\/karaoke-prixton-partygo\\\/#breadcrumb\",\"itemListElement\":[{\"@type\":\"ListItem\",\"position\":1,\"name\":\"Accueil\",\"item\":\"https:\\\/\\\/perle-in.com\\\/\"},{\"@type\":\"ListItem\",\"position\":2,\"name\":\"Boutique\",\"item\":\"https:\\\/\\\/perle-in.com\\\/boutique\\\/\"},{\"@type\":\"ListItem\",\"position\":3,\"name\":\"Karaok\u00e9 Prixton PartyGO\"}]},{\"@type\":\"WebSite\",\"@id\":\"https:\\\/\\\/perle-in.com\\\/#website\",\"url\":\"https:\\\/\\\/perle-in.com\\\/\",\"name\":\"PERLE IN\",\"description\":\"\",\"publisher\":{\"@id\":\"https:\\\/\\\/perle-in.com\\\/#organization\"},\"potentialAction\":[{\"@type\":\"SearchAction\",\"target\":{\"@type\":\"EntryPoint\",\"urlTemplate\":\"https:\\\/\\\/perle-in.com\\\/?s={search_term_string}\"},\"query-input\":{\"@type\":\"PropertyValueSpecification\",\"valueRequired\":true,\"valueName\":\"search_term_string\"}}],\"inLanguage\":\"en-CA\"},{\"@type\":\"Organization\",\"@id\":\"https:\\\/\\\/perle-in.com\\\/#organization\",\"name\":\"PERLE IN\",\"url\":\"https:\\\/\\\/perle-in.com\\\/\",\"logo\":{\"@type\":\"ImageObject\",\"inLanguage\":\"en-CA\",\"@id\":\"https:\\\/\\\/perle-in.com\\\/#\\\/schema\\\/logo\\\/image\\\/\",\"url\":\"https:\\\/\\\/perle-in.com\\\/wp-content\\\/uploads\\\/2022\\\/12\\\/LOGO-PERLE-IN-COULEUR@3x.webp\",\"contentUrl\":\"https:\\\/\\\/perle-in.com\\\/wp-content\\\/uploads\\\/2022\\\/12\\\/LOGO-PERLE-IN-COULEUR@3x.webp\",\"width\":1600,\"height\":490,\"caption\":\"PERLE IN\"},\"image\":{\"@id\":\"https:\\\/\\\/perle-in.com\\\/#\\\/schema\\\/logo\\\/image\\\/\"}}]}<\/script>\n<!-- \/ Yoast SEO plugin. -->","yoast_head_json":{"title":"Karaok\u00e9 Prixton PartyGO - PERLE IN","robots":{"index":"noindex","follow":"follow","max-snippet":"max-snippet:-1","max-image-preview":"max-image-preview:large","max-video-preview":"max-video-preview:-1"},"og_locale":"en_US","og_type":"article","og_title":"Karaok\u00e9 Prixton PartyGO - PERLE IN","og_description":"Chantez \u00e0 tue-t\u00eate avec votre famille et vos amis gr\u00e2ce au karaok\u00e9 PartyGO. Il comprend deux micros afin que vous puissiez chanter en duo ou en deux groupes. De plus, vous pouvez connecter votre smartphone afin de choisir vos chansons pr\u00e9f\u00e9r\u00e9es. Il dispose \u00e9galement d'entr\u00e9es audio suppl\u00e9mentaires pour connecter d'autres appareils tels qu'une guitare ou un microphone professionnel. Vous pouvez l'emmener partout avec vous gr\u00e2ce \u00e0 ses 4\u00a0heures d'autonomie.","og_url":"https:\/\/perle-in.com\/en\/product\/karaoke-prixton-partygo\/","og_site_name":"PERLE IN","article_modified_time":"2025-10-10T13:24:20+00:00","og_image":[{"width":1600,"height":1600,"url":"https:\/\/perle-in.com\/wp-content\/uploads\/2025\/09\/1PA16890-1.jpg","type":"image\/jpeg"}],"twitter_card":"summary_large_image","schema":{"@context":"https:\/\/schema.org","@graph":[{"@type":"WebPage","@id":"https:\/\/perle-in.com\/produit\/karaoke-prixton-partygo\/","url":"https:\/\/perle-in.com\/produit\/karaoke-prixton-partygo\/","name":"Karaok\u00e9 Prixton PartyGO - PERLE IN","isPartOf":{"@id":"https:\/\/perle-in.com\/#website"},"primaryImageOfPage":{"@id":"https:\/\/perle-in.com\/produit\/karaoke-prixton-partygo\/#primaryimage"},"image":{"@id":"https:\/\/perle-in.com\/produit\/karaoke-prixton-partygo\/#primaryimage"},"thumbnailUrl":"https:\/\/perle-in.com\/wp-content\/uploads\/2025\/09\/1PA16890-1.jpg","datePublished":"2025-10-10T13:24:08+00:00","dateModified":"2025-10-10T13:24:20+00:00","breadcrumb":{"@id":"https:\/\/perle-in.com\/produit\/karaoke-prixton-partygo\/#breadcrumb"},"inLanguage":"en-CA","potentialAction":[{"@type":"ReadAction","target":["https:\/\/perle-in.com\/produit\/karaoke-prixton-partygo\/"]}]},{"@type":"ImageObject","inLanguage":"en-CA","@id":"https:\/\/perle-in.com\/produit\/karaoke-prixton-partygo\/#primaryimage","url":"https:\/\/perle-in.com\/wp-content\/uploads\/2025\/09\/1PA16890-1.jpg","contentUrl":"https:\/\/perle-in.com\/wp-content\/uploads\/2025\/09\/1PA16890-1.jpg","width":1600,"height":1600},{"@type":"BreadcrumbList","@id":"https:\/\/perle-in.com\/produit\/karaoke-prixton-partygo\/#breadcrumb","itemListElement":[{"@type":"ListItem","position":1,"name":"Accueil","item":"https:\/\/perle-in.com\/"},{"@type":"ListItem","position":2,"name":"Boutique","item":"https:\/\/perle-in.com\/boutique\/"},{"@type":"ListItem","position":3,"name":"Karaok\u00e9 Prixton PartyGO"}]},{"@type":"WebSite","@id":"https:\/\/perle-in.com\/#website","url":"https:\/\/perle-in.com\/","name":"PERLE IN","description":"","publisher":{"@id":"https:\/\/perle-in.com\/#organization"},"potentialAction":[{"@type":"SearchAction","target":{"@type":"EntryPoint","urlTemplate":"https:\/\/perle-in.com\/?s={search_term_string}"},"query-input":{"@type":"PropertyValueSpecification","valueRequired":true,"valueName":"search_term_string"}}],"inLanguage":"en-CA"},{"@type":"Organization","@id":"https:\/\/perle-in.com\/#organization","name":"PERLE IN","url":"https:\/\/perle-in.com\/","logo":{"@type":"ImageObject","inLanguage":"en-CA","@id":"https:\/\/perle-in.com\/#\/schema\/logo\/image\/","url":"https:\/\/perle-in.com\/wp-content\/uploads\/2022\/12\/LOGO-PERLE-IN-COULEUR@3x.webp","contentUrl":"https:\/\/perle-in.com\/wp-content\/uploads\/2022\/12\/LOGO-PERLE-IN-COULEUR@3x.webp","width":1600,"height":490,"caption":"PERLE IN"},"image":{"@id":"https:\/\/perle-in.com\/#\/schema\/logo\/image\/"}}]}},"jetpack_sharing_enabled":true,"_links":{"self":[{"href":"https:\/\/perle-in.com\/en\/wp-json\/wp\/v2\/product\/500970","targetHints":{"allow":["GET"]}}],"collection":[{"href":"https:\/\/perle-in.com\/en\/wp-json\/wp\/v2\/product"}],"about":[{"href":"https:\/\/perle-in.com\/en\/wp-json\/wp\/v2\/types\/product"}],"version-history":[{"count":0,"href":"https:\/\/perle-in.com\/en\/wp-json\/wp\/v2\/product\/500970\/revisions"}],"wp:featuredmedia":[{"embeddable":true,"href":"https:\/\/perle-in.com\/en\/wp-json\/wp\/v2\/media\/485467"}],"wp:attachment":[{"href":"https:\/\/perle-in.com\/en\/wp-json\/wp\/v2\/media?parent=500970"}],"wp:term":[{"taxonomy":"product_brand","embeddable":true,"href":"https:\/\/perle-in.com\/en\/wp-json\/wp\/v2\/product_brand?post=500970"},{"taxonomy":"product_cat","embeddable":true,"href":"https:\/\/perle-in.com\/en\/wp-json\/wp\/v2\/product_cat?post=500970"},{"taxonomy":"product_tag","embeddable":true,"href":"https:\/\/perle-in.com\/en\/wp-json\/wp\/v2\/product_tag?post=500970"}],"curies":[{"name":"wp","href":"https:\/\/api.w.org\/{rel}","templated":true}]}}