{"id":500963,"date":"2025-10-10T15:23:40","date_gmt":"2025-10-10T13:23:40","guid":{"rendered":"https:\/\/perle-in.com\/produit\/tourne-disque-prixton-vc600\/"},"modified":"2025-10-10T15:23:43","modified_gmt":"2025-10-10T13:23:43","slug":"tourne-disque-prixton-vc600","status":"publish","type":"product","link":"https:\/\/perle-in.com\/en\/product\/tourne-disque-prixton-vc600\/","title":{"rendered":"Tourne-disque Prixton VC600"},"content":{"rendered":"","protected":false},"excerpt":{"rendered":"<p>Tourne-disque vinyle et lecteur de musique avec Bluetooth\u00ae 5.0, USB, TF et radio FM. Num\u00e9risez le vinyle au format WAV via l&#8217;entr\u00e9e USB et la fente TF. Il dispose d&#8217;une sortie audio RCA et est livr\u00e9 avec une paire d&#8217;\u00e9couteurs. Il comprend une aiguille rubis pour faire jouer d\u00e9licatement des disques. Design en forme de mallette. Le tourne-disque peut \u00eatre reli\u00e9 \u00e0 un appareil mobile via Bluetooth\u00ae pour utiliser la fonction haut-parleur.<\/p>","protected":false},"featured_media":485442,"template":"","meta":{"_eb_attr":""},"product_brand":[],"product_cat":[782,667],"product_tag":[873,1017,823,822,783,821],"class_list":{"0":"post-500963","1":"product","2":"type-product","3":"status-publish","4":"has-post-thumbnail","6":"product_cat-gadgets","7":"product_cat-technologie","8":"product_tag-disque","9":"product_tag-disques","10":"product_tag-lecteur","11":"product_tag-musique","12":"product_tag-prixton","13":"product_tag-vinyle","14":"pa_couleurs-bleu-recif","15":"pa_couleurs-lilas","16":"pa_couleurs-moka","17":"pa_couleurs-rose","19":"first","20":"instock","21":"shipping-taxable","22":"purchasable","23":"product-type-variable"},"yoast_head":"<!-- This site is optimized with the Yoast SEO plugin v27.4 - https:\/\/yoast.com\/product\/yoast-seo-wordpress\/ -->\n<title>Tourne-disque Prixton VC600 - PERLE IN<\/title>\n<meta name=\"robots\" content=\"noindex, follow, max-snippet:-1, max-image-preview:large, max-video-preview:-1\" \/>\n<meta property=\"og:locale\" content=\"en_US\" \/>\n<meta property=\"og:type\" content=\"article\" \/>\n<meta property=\"og:title\" content=\"Tourne-disque Prixton VC600 - PERLE IN\" \/>\n<meta property=\"og:description\" content=\"Tourne-disque vinyle et lecteur de musique avec Bluetooth\u00ae 5.0, USB, TF et radio FM. Num\u00e9risez le vinyle au format WAV via l&#039;entr\u00e9e USB et la fente TF. Il dispose d&#039;une sortie audio RCA et est livr\u00e9 avec une paire d&#039;\u00e9couteurs. Il comprend une aiguille rubis pour faire jouer d\u00e9licatement des disques. Design en forme de mallette. Le tourne-disque peut \u00eatre reli\u00e9 \u00e0 un appareil mobile via Bluetooth\u00ae pour utiliser la fonction haut-parleur.\" \/>\n<meta property=\"og:url\" content=\"https:\/\/perle-in.com\/en\/product\/tourne-disque-prixton-vc600\/\" \/>\n<meta property=\"og:site_name\" content=\"PERLE IN\" \/>\n<meta property=\"article:modified_time\" content=\"2025-10-10T13:23:43+00:00\" \/>\n<meta property=\"og:image\" content=\"https:\/\/perle-in.com\/wp-content\/uploads\/2025\/09\/1PA16635-1.jpg\" \/>\n\t<meta property=\"og:image:width\" content=\"1600\" \/>\n\t<meta property=\"og:image:height\" content=\"1600\" \/>\n\t<meta property=\"og:image:type\" content=\"image\/jpeg\" \/>\n<meta name=\"twitter:card\" content=\"summary_large_image\" \/>\n<script type=\"application\/ld+json\" class=\"yoast-schema-graph\">{\"@context\":\"https:\\\/\\\/schema.org\",\"@graph\":[{\"@type\":\"WebPage\",\"@id\":\"https:\\\/\\\/perle-in.com\\\/en\\\/product\\\/tourne-disque-prixton-vc600\\\/\",\"url\":\"https:\\\/\\\/perle-in.com\\\/en\\\/product\\\/tourne-disque-prixton-vc600\\\/\",\"name\":\"Tourne-disque Prixton VC600 - PERLE IN\",\"isPartOf\":{\"@id\":\"https:\\\/\\\/perle-in.com\\\/#website\"},\"primaryImageOfPage\":{\"@id\":\"https:\\\/\\\/perle-in.com\\\/en\\\/product\\\/tourne-disque-prixton-vc600\\\/#primaryimage\"},\"image\":{\"@id\":\"https:\\\/\\\/perle-in.com\\\/en\\\/product\\\/tourne-disque-prixton-vc600\\\/#primaryimage\"},\"thumbnailUrl\":\"https:\\\/\\\/perle-in.com\\\/wp-content\\\/uploads\\\/2025\\\/09\\\/1PA16635-1.jpg\",\"datePublished\":\"2025-10-10T13:23:40+00:00\",\"dateModified\":\"2025-10-10T13:23:43+00:00\",\"breadcrumb\":{\"@id\":\"https:\\\/\\\/perle-in.com\\\/en\\\/product\\\/tourne-disque-prixton-vc600\\\/#breadcrumb\"},\"inLanguage\":\"en-CA\",\"potentialAction\":[{\"@type\":\"ReadAction\",\"target\":[\"https:\\\/\\\/perle-in.com\\\/en\\\/product\\\/tourne-disque-prixton-vc600\\\/\"]}]},{\"@type\":\"ImageObject\",\"inLanguage\":\"en-CA\",\"@id\":\"https:\\\/\\\/perle-in.com\\\/en\\\/product\\\/tourne-disque-prixton-vc600\\\/#primaryimage\",\"url\":\"https:\\\/\\\/perle-in.com\\\/wp-content\\\/uploads\\\/2025\\\/09\\\/1PA16635-1.jpg\",\"contentUrl\":\"https:\\\/\\\/perle-in.com\\\/wp-content\\\/uploads\\\/2025\\\/09\\\/1PA16635-1.jpg\",\"width\":1600,\"height\":1600},{\"@type\":\"BreadcrumbList\",\"@id\":\"https:\\\/\\\/perle-in.com\\\/en\\\/product\\\/tourne-disque-prixton-vc600\\\/#breadcrumb\",\"itemListElement\":[{\"@type\":\"ListItem\",\"position\":1,\"name\":\"Accueil\",\"item\":\"https:\\\/\\\/perle-in.com\\\/\"},{\"@type\":\"ListItem\",\"position\":2,\"name\":\"Boutique\",\"item\":\"https:\\\/\\\/perle-in.com\\\/boutique\\\/\"},{\"@type\":\"ListItem\",\"position\":3,\"name\":\"Tourne-disque Prixton VC600\"}]},{\"@type\":\"WebSite\",\"@id\":\"https:\\\/\\\/perle-in.com\\\/#website\",\"url\":\"https:\\\/\\\/perle-in.com\\\/\",\"name\":\"PERLE IN\",\"description\":\"\",\"publisher\":{\"@id\":\"https:\\\/\\\/perle-in.com\\\/#organization\"},\"potentialAction\":[{\"@type\":\"SearchAction\",\"target\":{\"@type\":\"EntryPoint\",\"urlTemplate\":\"https:\\\/\\\/perle-in.com\\\/?s={search_term_string}\"},\"query-input\":{\"@type\":\"PropertyValueSpecification\",\"valueRequired\":true,\"valueName\":\"search_term_string\"}}],\"inLanguage\":\"en-CA\"},{\"@type\":\"Organization\",\"@id\":\"https:\\\/\\\/perle-in.com\\\/#organization\",\"name\":\"PERLE IN\",\"url\":\"https:\\\/\\\/perle-in.com\\\/\",\"logo\":{\"@type\":\"ImageObject\",\"inLanguage\":\"en-CA\",\"@id\":\"https:\\\/\\\/perle-in.com\\\/#\\\/schema\\\/logo\\\/image\\\/\",\"url\":\"https:\\\/\\\/perle-in.com\\\/wp-content\\\/uploads\\\/2022\\\/12\\\/LOGO-PERLE-IN-COULEUR@3x.webp\",\"contentUrl\":\"https:\\\/\\\/perle-in.com\\\/wp-content\\\/uploads\\\/2022\\\/12\\\/LOGO-PERLE-IN-COULEUR@3x.webp\",\"width\":1600,\"height\":490,\"caption\":\"PERLE IN\"},\"image\":{\"@id\":\"https:\\\/\\\/perle-in.com\\\/#\\\/schema\\\/logo\\\/image\\\/\"}}]}<\/script>\n<!-- \/ Yoast SEO plugin. -->","yoast_head_json":{"title":"Tourne-disque Prixton VC600 - PERLE IN","robots":{"index":"noindex","follow":"follow","max-snippet":"max-snippet:-1","max-image-preview":"max-image-preview:large","max-video-preview":"max-video-preview:-1"},"og_locale":"en_US","og_type":"article","og_title":"Tourne-disque Prixton VC600 - PERLE IN","og_description":"Tourne-disque vinyle et lecteur de musique avec Bluetooth\u00ae 5.0, USB, TF et radio FM. Num\u00e9risez le vinyle au format WAV via l'entr\u00e9e USB et la fente TF. Il dispose d'une sortie audio RCA et est livr\u00e9 avec une paire d'\u00e9couteurs. Il comprend une aiguille rubis pour faire jouer d\u00e9licatement des disques. Design en forme de mallette. Le tourne-disque peut \u00eatre reli\u00e9 \u00e0 un appareil mobile via Bluetooth\u00ae pour utiliser la fonction haut-parleur.","og_url":"https:\/\/perle-in.com\/en\/product\/tourne-disque-prixton-vc600\/","og_site_name":"PERLE IN","article_modified_time":"2025-10-10T13:23:43+00:00","og_image":[{"width":1600,"height":1600,"url":"https:\/\/perle-in.com\/wp-content\/uploads\/2025\/09\/1PA16635-1.jpg","type":"image\/jpeg"}],"twitter_card":"summary_large_image","schema":{"@context":"https:\/\/schema.org","@graph":[{"@type":"WebPage","@id":"https:\/\/perle-in.com\/en\/product\/tourne-disque-prixton-vc600\/","url":"https:\/\/perle-in.com\/en\/product\/tourne-disque-prixton-vc600\/","name":"Tourne-disque Prixton VC600 - PERLE IN","isPartOf":{"@id":"https:\/\/perle-in.com\/#website"},"primaryImageOfPage":{"@id":"https:\/\/perle-in.com\/en\/product\/tourne-disque-prixton-vc600\/#primaryimage"},"image":{"@id":"https:\/\/perle-in.com\/en\/product\/tourne-disque-prixton-vc600\/#primaryimage"},"thumbnailUrl":"https:\/\/perle-in.com\/wp-content\/uploads\/2025\/09\/1PA16635-1.jpg","datePublished":"2025-10-10T13:23:40+00:00","dateModified":"2025-10-10T13:23:43+00:00","breadcrumb":{"@id":"https:\/\/perle-in.com\/en\/product\/tourne-disque-prixton-vc600\/#breadcrumb"},"inLanguage":"en-CA","potentialAction":[{"@type":"ReadAction","target":["https:\/\/perle-in.com\/en\/product\/tourne-disque-prixton-vc600\/"]}]},{"@type":"ImageObject","inLanguage":"en-CA","@id":"https:\/\/perle-in.com\/en\/product\/tourne-disque-prixton-vc600\/#primaryimage","url":"https:\/\/perle-in.com\/wp-content\/uploads\/2025\/09\/1PA16635-1.jpg","contentUrl":"https:\/\/perle-in.com\/wp-content\/uploads\/2025\/09\/1PA16635-1.jpg","width":1600,"height":1600},{"@type":"BreadcrumbList","@id":"https:\/\/perle-in.com\/en\/product\/tourne-disque-prixton-vc600\/#breadcrumb","itemListElement":[{"@type":"ListItem","position":1,"name":"Accueil","item":"https:\/\/perle-in.com\/"},{"@type":"ListItem","position":2,"name":"Boutique","item":"https:\/\/perle-in.com\/boutique\/"},{"@type":"ListItem","position":3,"name":"Tourne-disque Prixton VC600"}]},{"@type":"WebSite","@id":"https:\/\/perle-in.com\/#website","url":"https:\/\/perle-in.com\/","name":"PERLE IN","description":"","publisher":{"@id":"https:\/\/perle-in.com\/#organization"},"potentialAction":[{"@type":"SearchAction","target":{"@type":"EntryPoint","urlTemplate":"https:\/\/perle-in.com\/?s={search_term_string}"},"query-input":{"@type":"PropertyValueSpecification","valueRequired":true,"valueName":"search_term_string"}}],"inLanguage":"en-CA"},{"@type":"Organization","@id":"https:\/\/perle-in.com\/#organization","name":"PERLE IN","url":"https:\/\/perle-in.com\/","logo":{"@type":"ImageObject","inLanguage":"en-CA","@id":"https:\/\/perle-in.com\/#\/schema\/logo\/image\/","url":"https:\/\/perle-in.com\/wp-content\/uploads\/2022\/12\/LOGO-PERLE-IN-COULEUR@3x.webp","contentUrl":"https:\/\/perle-in.com\/wp-content\/uploads\/2022\/12\/LOGO-PERLE-IN-COULEUR@3x.webp","width":1600,"height":490,"caption":"PERLE IN"},"image":{"@id":"https:\/\/perle-in.com\/#\/schema\/logo\/image\/"}}]}},"jetpack_sharing_enabled":true,"_links":{"self":[{"href":"https:\/\/perle-in.com\/en\/wp-json\/wp\/v2\/product\/500963","targetHints":{"allow":["GET"]}}],"collection":[{"href":"https:\/\/perle-in.com\/en\/wp-json\/wp\/v2\/product"}],"about":[{"href":"https:\/\/perle-in.com\/en\/wp-json\/wp\/v2\/types\/product"}],"version-history":[{"count":0,"href":"https:\/\/perle-in.com\/en\/wp-json\/wp\/v2\/product\/500963\/revisions"}],"wp:featuredmedia":[{"embeddable":true,"href":"https:\/\/perle-in.com\/en\/wp-json\/wp\/v2\/media\/485442"}],"wp:attachment":[{"href":"https:\/\/perle-in.com\/en\/wp-json\/wp\/v2\/media?parent=500963"}],"wp:term":[{"taxonomy":"product_brand","embeddable":true,"href":"https:\/\/perle-in.com\/en\/wp-json\/wp\/v2\/product_brand?post=500963"},{"taxonomy":"product_cat","embeddable":true,"href":"https:\/\/perle-in.com\/en\/wp-json\/wp\/v2\/product_cat?post=500963"},{"taxonomy":"product_tag","embeddable":true,"href":"https:\/\/perle-in.com\/en\/wp-json\/wp\/v2\/product_tag?post=500963"}],"curies":[{"name":"wp","href":"https:\/\/api.w.org\/{rel}","templated":true}]}}