{"id":500930,"date":"2025-10-10T15:21:14","date_gmt":"2025-10-10T13:21:14","guid":{"rendered":"https:\/\/perle-in.com\/produit\/foulard-multi-usages-zoya-en-rpet-avec-impression-par-sublimation-ourlets-et-couche-en-polaire\/"},"modified":"2025-10-10T15:21:33","modified_gmt":"2025-10-10T13:21:33","slug":"foulard-multi-usages-zoya-en-rpet-avec-impression-par-sublimation-ourlets-et-couche-en-polaire","status":"publish","type":"product","link":"https:\/\/perle-in.com\/en\/product\/foulard-multi-usages-zoya-en-rpet-avec-impression-par-sublimation-ourlets-et-couche-en-polaire\/","title":{"rendered":"Foulard multi-usages Zoya en RPET avec impression par sublimation, ourlets et couche en polaire"},"content":{"rendered":"","protected":false},"excerpt":{"rendered":"<p>Foulard multi-usages en PET recycl\u00e9 avec impression par sublimation, ourlets et couche en polaire. La fusion ultime du style et de la chaleur, offrant des possibilit\u00e9s infinies de personnalisation et des designs vibrants. Sa conception polyvalente vous permet de le porter comme cache-cou, bandeau ou couvre-visage. \u00c0 vous de choisir\u00a0! Gr\u00e2ce \u00e0 la chaleur de la polaire, cette \u00e9charpe est parfaite pour les aventures en plein air, le sport ou les journ\u00e9es fra\u00eeches.<\/p>","protected":false},"featured_media":485333,"template":"","meta":{"_eb_attr":""},"product_brand":[],"product_cat":[279,129],"product_tag":[234,994,995,926,996,921],"class_list":{"0":"post-500930","1":"product","2":"type-product","3":"status-publish","4":"has-post-thumbnail","6":"product_cat-articles-dextrieur","7":"product_cat-sport-et-loisirs","8":"product_tag-bandeau","9":"product_tag-echarpe-multi-usages","10":"product_tag-echarpe-polyvalente","11":"product_tag-foulard","12":"product_tag-foulard-polyvalent","13":"product_tag-sublimation","14":"pa_couleurs-blanc","15":"pa_couleurs-graphite","16":"pa_couleurs-marine","17":"pa_couleurs-noir","18":"pa_couleurs-vert-foret","20":"first","21":"instock","22":"shipping-taxable","23":"purchasable","24":"product-type-variable"},"yoast_head":"<!-- This site is optimized with the Yoast SEO plugin v27.4 - https:\/\/yoast.com\/product\/yoast-seo-wordpress\/ -->\n<title>Foulard multi-usages Zoya en RPET avec impression par sublimation, ourlets et couche en polaire - PERLE IN<\/title>\n<meta name=\"robots\" content=\"noindex, follow, max-snippet:-1, max-image-preview:large, max-video-preview:-1\" \/>\n<meta property=\"og:locale\" content=\"en_US\" \/>\n<meta property=\"og:type\" content=\"article\" \/>\n<meta property=\"og:title\" content=\"Foulard multi-usages Zoya en RPET avec impression par sublimation, ourlets et couche en polaire - PERLE IN\" \/>\n<meta property=\"og:description\" content=\"Foulard multi-usages en PET recycl\u00e9 avec impression par sublimation, ourlets et couche en polaire. La fusion ultime du style et de la chaleur, offrant des possibilit\u00e9s infinies de personnalisation et des designs vibrants. Sa conception polyvalente vous permet de le porter comme cache-cou, bandeau ou couvre-visage. \u00c0 vous de choisir\u00a0! Gr\u00e2ce \u00e0 la chaleur de la polaire, cette \u00e9charpe est parfaite pour les aventures en plein air, le sport ou les journ\u00e9es fra\u00eeches.\" \/>\n<meta property=\"og:url\" content=\"https:\/\/perle-in.com\/en\/product\/foulard-multi-usages-zoya-en-rpet-avec-impression-par-sublimation-ourlets-et-couche-en-polaire\/\" \/>\n<meta property=\"og:site_name\" content=\"PERLE IN\" \/>\n<meta property=\"article:modified_time\" content=\"2025-10-10T13:21:33+00:00\" \/>\n<meta property=\"og:image\" content=\"https:\/\/perle-in.com\/wp-content\/uploads\/2025\/09\/1PL06301-1.jpg\" \/>\n\t<meta property=\"og:image:width\" content=\"1600\" \/>\n\t<meta property=\"og:image:height\" content=\"1600\" \/>\n\t<meta property=\"og:image:type\" content=\"image\/jpeg\" \/>\n<meta name=\"twitter:card\" content=\"summary_large_image\" \/>\n<script type=\"application\/ld+json\" class=\"yoast-schema-graph\">{\"@context\":\"https:\\\/\\\/schema.org\",\"@graph\":[{\"@type\":\"WebPage\",\"@id\":\"https:\\\/\\\/perle-in.com\\\/produit\\\/foulard-multi-usages-zoya-en-rpet-avec-impression-par-sublimation-ourlets-et-couche-en-polaire\\\/\",\"url\":\"https:\\\/\\\/perle-in.com\\\/produit\\\/foulard-multi-usages-zoya-en-rpet-avec-impression-par-sublimation-ourlets-et-couche-en-polaire\\\/\",\"name\":\"Foulard multi-usages Zoya en RPET avec impression par sublimation, ourlets et couche en polaire - PERLE IN\",\"isPartOf\":{\"@id\":\"https:\\\/\\\/perle-in.com\\\/#website\"},\"primaryImageOfPage\":{\"@id\":\"https:\\\/\\\/perle-in.com\\\/produit\\\/foulard-multi-usages-zoya-en-rpet-avec-impression-par-sublimation-ourlets-et-couche-en-polaire\\\/#primaryimage\"},\"image\":{\"@id\":\"https:\\\/\\\/perle-in.com\\\/produit\\\/foulard-multi-usages-zoya-en-rpet-avec-impression-par-sublimation-ourlets-et-couche-en-polaire\\\/#primaryimage\"},\"thumbnailUrl\":\"https:\\\/\\\/perle-in.com\\\/wp-content\\\/uploads\\\/2025\\\/09\\\/1PL06301-1.jpg\",\"datePublished\":\"2025-10-10T13:21:14+00:00\",\"dateModified\":\"2025-10-10T13:21:33+00:00\",\"breadcrumb\":{\"@id\":\"https:\\\/\\\/perle-in.com\\\/produit\\\/foulard-multi-usages-zoya-en-rpet-avec-impression-par-sublimation-ourlets-et-couche-en-polaire\\\/#breadcrumb\"},\"inLanguage\":\"en-CA\",\"potentialAction\":[{\"@type\":\"ReadAction\",\"target\":[\"https:\\\/\\\/perle-in.com\\\/produit\\\/foulard-multi-usages-zoya-en-rpet-avec-impression-par-sublimation-ourlets-et-couche-en-polaire\\\/\"]}]},{\"@type\":\"ImageObject\",\"inLanguage\":\"en-CA\",\"@id\":\"https:\\\/\\\/perle-in.com\\\/produit\\\/foulard-multi-usages-zoya-en-rpet-avec-impression-par-sublimation-ourlets-et-couche-en-polaire\\\/#primaryimage\",\"url\":\"https:\\\/\\\/perle-in.com\\\/wp-content\\\/uploads\\\/2025\\\/09\\\/1PL06301-1.jpg\",\"contentUrl\":\"https:\\\/\\\/perle-in.com\\\/wp-content\\\/uploads\\\/2025\\\/09\\\/1PL06301-1.jpg\",\"width\":1600,\"height\":1600},{\"@type\":\"BreadcrumbList\",\"@id\":\"https:\\\/\\\/perle-in.com\\\/produit\\\/foulard-multi-usages-zoya-en-rpet-avec-impression-par-sublimation-ourlets-et-couche-en-polaire\\\/#breadcrumb\",\"itemListElement\":[{\"@type\":\"ListItem\",\"position\":1,\"name\":\"Accueil\",\"item\":\"https:\\\/\\\/perle-in.com\\\/\"},{\"@type\":\"ListItem\",\"position\":2,\"name\":\"Boutique\",\"item\":\"https:\\\/\\\/perle-in.com\\\/boutique\\\/\"},{\"@type\":\"ListItem\",\"position\":3,\"name\":\"Foulard multi-usages Zoya en RPET avec impression par sublimation, ourlets et couche en polaire\"}]},{\"@type\":\"WebSite\",\"@id\":\"https:\\\/\\\/perle-in.com\\\/#website\",\"url\":\"https:\\\/\\\/perle-in.com\\\/\",\"name\":\"PERLE IN\",\"description\":\"\",\"publisher\":{\"@id\":\"https:\\\/\\\/perle-in.com\\\/#organization\"},\"potentialAction\":[{\"@type\":\"SearchAction\",\"target\":{\"@type\":\"EntryPoint\",\"urlTemplate\":\"https:\\\/\\\/perle-in.com\\\/?s={search_term_string}\"},\"query-input\":{\"@type\":\"PropertyValueSpecification\",\"valueRequired\":true,\"valueName\":\"search_term_string\"}}],\"inLanguage\":\"en-CA\"},{\"@type\":\"Organization\",\"@id\":\"https:\\\/\\\/perle-in.com\\\/#organization\",\"name\":\"PERLE IN\",\"url\":\"https:\\\/\\\/perle-in.com\\\/\",\"logo\":{\"@type\":\"ImageObject\",\"inLanguage\":\"en-CA\",\"@id\":\"https:\\\/\\\/perle-in.com\\\/#\\\/schema\\\/logo\\\/image\\\/\",\"url\":\"https:\\\/\\\/perle-in.com\\\/wp-content\\\/uploads\\\/2022\\\/12\\\/LOGO-PERLE-IN-COULEUR@3x.webp\",\"contentUrl\":\"https:\\\/\\\/perle-in.com\\\/wp-content\\\/uploads\\\/2022\\\/12\\\/LOGO-PERLE-IN-COULEUR@3x.webp\",\"width\":1600,\"height\":490,\"caption\":\"PERLE IN\"},\"image\":{\"@id\":\"https:\\\/\\\/perle-in.com\\\/#\\\/schema\\\/logo\\\/image\\\/\"}}]}<\/script>\n<!-- \/ Yoast SEO plugin. -->","yoast_head_json":{"title":"Foulard multi-usages Zoya en RPET avec impression par sublimation, ourlets et couche en polaire - PERLE IN","robots":{"index":"noindex","follow":"follow","max-snippet":"max-snippet:-1","max-image-preview":"max-image-preview:large","max-video-preview":"max-video-preview:-1"},"og_locale":"en_US","og_type":"article","og_title":"Foulard multi-usages Zoya en RPET avec impression par sublimation, ourlets et couche en polaire - PERLE IN","og_description":"Foulard multi-usages en PET recycl\u00e9 avec impression par sublimation, ourlets et couche en polaire. La fusion ultime du style et de la chaleur, offrant des possibilit\u00e9s infinies de personnalisation et des designs vibrants. Sa conception polyvalente vous permet de le porter comme cache-cou, bandeau ou couvre-visage. \u00c0 vous de choisir\u00a0! Gr\u00e2ce \u00e0 la chaleur de la polaire, cette \u00e9charpe est parfaite pour les aventures en plein air, le sport ou les journ\u00e9es fra\u00eeches.","og_url":"https:\/\/perle-in.com\/en\/product\/foulard-multi-usages-zoya-en-rpet-avec-impression-par-sublimation-ourlets-et-couche-en-polaire\/","og_site_name":"PERLE IN","article_modified_time":"2025-10-10T13:21:33+00:00","og_image":[{"width":1600,"height":1600,"url":"https:\/\/perle-in.com\/wp-content\/uploads\/2025\/09\/1PL06301-1.jpg","type":"image\/jpeg"}],"twitter_card":"summary_large_image","schema":{"@context":"https:\/\/schema.org","@graph":[{"@type":"WebPage","@id":"https:\/\/perle-in.com\/produit\/foulard-multi-usages-zoya-en-rpet-avec-impression-par-sublimation-ourlets-et-couche-en-polaire\/","url":"https:\/\/perle-in.com\/produit\/foulard-multi-usages-zoya-en-rpet-avec-impression-par-sublimation-ourlets-et-couche-en-polaire\/","name":"Foulard multi-usages Zoya en RPET avec impression par sublimation, ourlets et couche en polaire - PERLE IN","isPartOf":{"@id":"https:\/\/perle-in.com\/#website"},"primaryImageOfPage":{"@id":"https:\/\/perle-in.com\/produit\/foulard-multi-usages-zoya-en-rpet-avec-impression-par-sublimation-ourlets-et-couche-en-polaire\/#primaryimage"},"image":{"@id":"https:\/\/perle-in.com\/produit\/foulard-multi-usages-zoya-en-rpet-avec-impression-par-sublimation-ourlets-et-couche-en-polaire\/#primaryimage"},"thumbnailUrl":"https:\/\/perle-in.com\/wp-content\/uploads\/2025\/09\/1PL06301-1.jpg","datePublished":"2025-10-10T13:21:14+00:00","dateModified":"2025-10-10T13:21:33+00:00","breadcrumb":{"@id":"https:\/\/perle-in.com\/produit\/foulard-multi-usages-zoya-en-rpet-avec-impression-par-sublimation-ourlets-et-couche-en-polaire\/#breadcrumb"},"inLanguage":"en-CA","potentialAction":[{"@type":"ReadAction","target":["https:\/\/perle-in.com\/produit\/foulard-multi-usages-zoya-en-rpet-avec-impression-par-sublimation-ourlets-et-couche-en-polaire\/"]}]},{"@type":"ImageObject","inLanguage":"en-CA","@id":"https:\/\/perle-in.com\/produit\/foulard-multi-usages-zoya-en-rpet-avec-impression-par-sublimation-ourlets-et-couche-en-polaire\/#primaryimage","url":"https:\/\/perle-in.com\/wp-content\/uploads\/2025\/09\/1PL06301-1.jpg","contentUrl":"https:\/\/perle-in.com\/wp-content\/uploads\/2025\/09\/1PL06301-1.jpg","width":1600,"height":1600},{"@type":"BreadcrumbList","@id":"https:\/\/perle-in.com\/produit\/foulard-multi-usages-zoya-en-rpet-avec-impression-par-sublimation-ourlets-et-couche-en-polaire\/#breadcrumb","itemListElement":[{"@type":"ListItem","position":1,"name":"Accueil","item":"https:\/\/perle-in.com\/"},{"@type":"ListItem","position":2,"name":"Boutique","item":"https:\/\/perle-in.com\/boutique\/"},{"@type":"ListItem","position":3,"name":"Foulard multi-usages Zoya en RPET avec impression par sublimation, ourlets et couche en polaire"}]},{"@type":"WebSite","@id":"https:\/\/perle-in.com\/#website","url":"https:\/\/perle-in.com\/","name":"PERLE IN","description":"","publisher":{"@id":"https:\/\/perle-in.com\/#organization"},"potentialAction":[{"@type":"SearchAction","target":{"@type":"EntryPoint","urlTemplate":"https:\/\/perle-in.com\/?s={search_term_string}"},"query-input":{"@type":"PropertyValueSpecification","valueRequired":true,"valueName":"search_term_string"}}],"inLanguage":"en-CA"},{"@type":"Organization","@id":"https:\/\/perle-in.com\/#organization","name":"PERLE IN","url":"https:\/\/perle-in.com\/","logo":{"@type":"ImageObject","inLanguage":"en-CA","@id":"https:\/\/perle-in.com\/#\/schema\/logo\/image\/","url":"https:\/\/perle-in.com\/wp-content\/uploads\/2022\/12\/LOGO-PERLE-IN-COULEUR@3x.webp","contentUrl":"https:\/\/perle-in.com\/wp-content\/uploads\/2022\/12\/LOGO-PERLE-IN-COULEUR@3x.webp","width":1600,"height":490,"caption":"PERLE IN"},"image":{"@id":"https:\/\/perle-in.com\/#\/schema\/logo\/image\/"}}]}},"jetpack_sharing_enabled":true,"_links":{"self":[{"href":"https:\/\/perle-in.com\/en\/wp-json\/wp\/v2\/product\/500930","targetHints":{"allow":["GET"]}}],"collection":[{"href":"https:\/\/perle-in.com\/en\/wp-json\/wp\/v2\/product"}],"about":[{"href":"https:\/\/perle-in.com\/en\/wp-json\/wp\/v2\/types\/product"}],"version-history":[{"count":0,"href":"https:\/\/perle-in.com\/en\/wp-json\/wp\/v2\/product\/500930\/revisions"}],"wp:featuredmedia":[{"embeddable":true,"href":"https:\/\/perle-in.com\/en\/wp-json\/wp\/v2\/media\/485333"}],"wp:attachment":[{"href":"https:\/\/perle-in.com\/en\/wp-json\/wp\/v2\/media?parent=500930"}],"wp:term":[{"taxonomy":"product_brand","embeddable":true,"href":"https:\/\/perle-in.com\/en\/wp-json\/wp\/v2\/product_brand?post=500930"},{"taxonomy":"product_cat","embeddable":true,"href":"https:\/\/perle-in.com\/en\/wp-json\/wp\/v2\/product_cat?post=500930"},{"taxonomy":"product_tag","embeddable":true,"href":"https:\/\/perle-in.com\/en\/wp-json\/wp\/v2\/product_tag?post=500930"}],"curies":[{"name":"wp","href":"https:\/\/api.w.org\/{rel}","templated":true}]}}