{"id":500922,"date":"2025-10-10T15:15:30","date_gmt":"2025-10-10T13:15:30","guid":{"rendered":"https:\/\/perle-in.com\/produit\/kit-de-reparation-de-velo-en-metal-mykit\/"},"modified":"2025-10-10T15:15:46","modified_gmt":"2025-10-10T13:15:46","slug":"kit-de-reparation-de-velo-en-metal-mykit","status":"publish","type":"product","link":"https:\/\/perle-in.com\/en\/product\/kit-de-reparation-de-velo-en-metal-mykit\/","title":{"rendered":"kit de r\u00e9paration de v\u00e9lo en m\u00e9tal MyKit"},"content":{"rendered":"","protected":false},"excerpt":{"rendered":"<p>Ce kit compact, id\u00e9al pour toutes les randonn\u00e9es \u00e0 v\u00e9lo, vous permet de faire face aux blessures mineures et aux crevaisons pendant vos d\u00e9placements. Il comprend 12\u00a0pansements r\u00e9sistants \u00e0 l\u2019eau, 4\u00a0tampons nettoyants pour la peau, 2\u00a0\u00e9couvillons secs et 1\u00a0kit de r\u00e9paration. Tous les produits de premiers secours et de soins inclus sont conformes aux r\u00e9glementations europ\u00e9ennes en vigueur, pour une aide s\u00fbre et fiable lors de vos aventures \u00e0 v\u00e9lo. Fourni dans une bo\u00eete r\u00e9utilisable et recyclable.<\/p>","protected":false},"featured_media":486337,"template":"","meta":{"_eb_attr":""},"product_brand":[],"product_cat":[390,391],"product_tag":[1175,759,1176,760,1174,716,806,761,757,758],"class_list":{"0":"post-500922","1":"product","2":"type-product","3":"status-publish","4":"has-post-thumbnail","6":"product_cat-sant-et-hygine-personnelle","7":"product_cat-trousses-de-secours","8":"product_tag-bandes","9":"product_tag-bicyclette","10":"product_tag-cycle","11":"product_tag-cyclisme","12":"product_tag-kit-de-premiers-secours","13":"product_tag-mykit","14":"product_tag-pansements","15":"product_tag-plaies","16":"product_tag-reparation","17":"product_tag-velo","18":"pa_couleurs-bleu","19":"pa_couleurs-jaune","20":"pa_couleurs-noir","21":"pa_couleurs-rouge","22":"pa_couleurs-vert","24":"first","25":"instock","26":"shipping-taxable","27":"purchasable","28":"product-type-variable"},"yoast_head":"<!-- This site is optimized with the Yoast SEO plugin v27.4 - https:\/\/yoast.com\/product\/yoast-seo-wordpress\/ -->\n<title>kit de r\u00e9paration de v\u00e9lo en m\u00e9tal MyKit - PERLE IN<\/title>\n<meta name=\"robots\" content=\"noindex, follow, max-snippet:-1, max-image-preview:large, max-video-preview:-1\" \/>\n<meta property=\"og:locale\" content=\"en_US\" \/>\n<meta property=\"og:type\" content=\"article\" \/>\n<meta property=\"og:title\" content=\"kit de r\u00e9paration de v\u00e9lo en m\u00e9tal MyKit - PERLE IN\" \/>\n<meta property=\"og:description\" content=\"Ce kit compact, id\u00e9al pour toutes les randonn\u00e9es \u00e0 v\u00e9lo, vous permet de faire face aux blessures mineures et aux crevaisons pendant vos d\u00e9placements. Il comprend 12\u00a0pansements r\u00e9sistants \u00e0 l\u2019eau, 4\u00a0tampons nettoyants pour la peau, 2\u00a0\u00e9couvillons secs et 1\u00a0kit de r\u00e9paration. Tous les produits de premiers secours et de soins inclus sont conformes aux r\u00e9glementations europ\u00e9ennes en vigueur, pour une aide s\u00fbre et fiable lors de vos aventures \u00e0 v\u00e9lo. Fourni dans une bo\u00eete r\u00e9utilisable et recyclable.\" \/>\n<meta property=\"og:url\" content=\"https:\/\/perle-in.com\/en\/product\/kit-de-reparation-de-velo-en-metal-mykit\/\" \/>\n<meta property=\"og:site_name\" content=\"PERLE IN\" \/>\n<meta property=\"article:modified_time\" content=\"2025-10-10T13:15:46+00:00\" \/>\n<meta property=\"og:image\" content=\"https:\/\/perle-in.com\/wp-content\/uploads\/2025\/09\/1Z263511-1.jpg\" \/>\n\t<meta property=\"og:image:width\" content=\"1600\" \/>\n\t<meta property=\"og:image:height\" content=\"1600\" \/>\n\t<meta property=\"og:image:type\" content=\"image\/jpeg\" \/>\n<meta name=\"twitter:card\" content=\"summary_large_image\" \/>\n<script type=\"application\/ld+json\" class=\"yoast-schema-graph\">{\"@context\":\"https:\\\/\\\/schema.org\",\"@graph\":[{\"@type\":\"WebPage\",\"@id\":\"https:\\\/\\\/perle-in.com\\\/produit\\\/kit-de-reparation-de-velo-en-metal-mykit\\\/\",\"url\":\"https:\\\/\\\/perle-in.com\\\/produit\\\/kit-de-reparation-de-velo-en-metal-mykit\\\/\",\"name\":\"kit de r\u00e9paration de v\u00e9lo en m\u00e9tal MyKit - PERLE IN\",\"isPartOf\":{\"@id\":\"https:\\\/\\\/perle-in.com\\\/#website\"},\"primaryImageOfPage\":{\"@id\":\"https:\\\/\\\/perle-in.com\\\/produit\\\/kit-de-reparation-de-velo-en-metal-mykit\\\/#primaryimage\"},\"image\":{\"@id\":\"https:\\\/\\\/perle-in.com\\\/produit\\\/kit-de-reparation-de-velo-en-metal-mykit\\\/#primaryimage\"},\"thumbnailUrl\":\"https:\\\/\\\/perle-in.com\\\/wp-content\\\/uploads\\\/2025\\\/09\\\/1Z263511-1.jpg\",\"datePublished\":\"2025-10-10T13:15:30+00:00\",\"dateModified\":\"2025-10-10T13:15:46+00:00\",\"breadcrumb\":{\"@id\":\"https:\\\/\\\/perle-in.com\\\/produit\\\/kit-de-reparation-de-velo-en-metal-mykit\\\/#breadcrumb\"},\"inLanguage\":\"en-CA\",\"potentialAction\":[{\"@type\":\"ReadAction\",\"target\":[\"https:\\\/\\\/perle-in.com\\\/produit\\\/kit-de-reparation-de-velo-en-metal-mykit\\\/\"]}]},{\"@type\":\"ImageObject\",\"inLanguage\":\"en-CA\",\"@id\":\"https:\\\/\\\/perle-in.com\\\/produit\\\/kit-de-reparation-de-velo-en-metal-mykit\\\/#primaryimage\",\"url\":\"https:\\\/\\\/perle-in.com\\\/wp-content\\\/uploads\\\/2025\\\/09\\\/1Z263511-1.jpg\",\"contentUrl\":\"https:\\\/\\\/perle-in.com\\\/wp-content\\\/uploads\\\/2025\\\/09\\\/1Z263511-1.jpg\",\"width\":1600,\"height\":1600},{\"@type\":\"BreadcrumbList\",\"@id\":\"https:\\\/\\\/perle-in.com\\\/produit\\\/kit-de-reparation-de-velo-en-metal-mykit\\\/#breadcrumb\",\"itemListElement\":[{\"@type\":\"ListItem\",\"position\":1,\"name\":\"Accueil\",\"item\":\"https:\\\/\\\/perle-in.com\\\/\"},{\"@type\":\"ListItem\",\"position\":2,\"name\":\"Boutique\",\"item\":\"https:\\\/\\\/perle-in.com\\\/boutique\\\/\"},{\"@type\":\"ListItem\",\"position\":3,\"name\":\"kit de r\u00e9paration de v\u00e9lo en m\u00e9tal MyKit\"}]},{\"@type\":\"WebSite\",\"@id\":\"https:\\\/\\\/perle-in.com\\\/#website\",\"url\":\"https:\\\/\\\/perle-in.com\\\/\",\"name\":\"PERLE IN\",\"description\":\"\",\"publisher\":{\"@id\":\"https:\\\/\\\/perle-in.com\\\/#organization\"},\"potentialAction\":[{\"@type\":\"SearchAction\",\"target\":{\"@type\":\"EntryPoint\",\"urlTemplate\":\"https:\\\/\\\/perle-in.com\\\/?s={search_term_string}\"},\"query-input\":{\"@type\":\"PropertyValueSpecification\",\"valueRequired\":true,\"valueName\":\"search_term_string\"}}],\"inLanguage\":\"en-CA\"},{\"@type\":\"Organization\",\"@id\":\"https:\\\/\\\/perle-in.com\\\/#organization\",\"name\":\"PERLE IN\",\"url\":\"https:\\\/\\\/perle-in.com\\\/\",\"logo\":{\"@type\":\"ImageObject\",\"inLanguage\":\"en-CA\",\"@id\":\"https:\\\/\\\/perle-in.com\\\/#\\\/schema\\\/logo\\\/image\\\/\",\"url\":\"https:\\\/\\\/perle-in.com\\\/wp-content\\\/uploads\\\/2022\\\/12\\\/LOGO-PERLE-IN-COULEUR@3x.webp\",\"contentUrl\":\"https:\\\/\\\/perle-in.com\\\/wp-content\\\/uploads\\\/2022\\\/12\\\/LOGO-PERLE-IN-COULEUR@3x.webp\",\"width\":1600,\"height\":490,\"caption\":\"PERLE IN\"},\"image\":{\"@id\":\"https:\\\/\\\/perle-in.com\\\/#\\\/schema\\\/logo\\\/image\\\/\"}}]}<\/script>\n<!-- \/ Yoast SEO plugin. -->","yoast_head_json":{"title":"kit de r\u00e9paration de v\u00e9lo en m\u00e9tal MyKit - PERLE IN","robots":{"index":"noindex","follow":"follow","max-snippet":"max-snippet:-1","max-image-preview":"max-image-preview:large","max-video-preview":"max-video-preview:-1"},"og_locale":"en_US","og_type":"article","og_title":"kit de r\u00e9paration de v\u00e9lo en m\u00e9tal MyKit - PERLE IN","og_description":"Ce kit compact, id\u00e9al pour toutes les randonn\u00e9es \u00e0 v\u00e9lo, vous permet de faire face aux blessures mineures et aux crevaisons pendant vos d\u00e9placements. Il comprend 12\u00a0pansements r\u00e9sistants \u00e0 l\u2019eau, 4\u00a0tampons nettoyants pour la peau, 2\u00a0\u00e9couvillons secs et 1\u00a0kit de r\u00e9paration. Tous les produits de premiers secours et de soins inclus sont conformes aux r\u00e9glementations europ\u00e9ennes en vigueur, pour une aide s\u00fbre et fiable lors de vos aventures \u00e0 v\u00e9lo. Fourni dans une bo\u00eete r\u00e9utilisable et recyclable.","og_url":"https:\/\/perle-in.com\/en\/product\/kit-de-reparation-de-velo-en-metal-mykit\/","og_site_name":"PERLE IN","article_modified_time":"2025-10-10T13:15:46+00:00","og_image":[{"width":1600,"height":1600,"url":"https:\/\/perle-in.com\/wp-content\/uploads\/2025\/09\/1Z263511-1.jpg","type":"image\/jpeg"}],"twitter_card":"summary_large_image","schema":{"@context":"https:\/\/schema.org","@graph":[{"@type":"WebPage","@id":"https:\/\/perle-in.com\/produit\/kit-de-reparation-de-velo-en-metal-mykit\/","url":"https:\/\/perle-in.com\/produit\/kit-de-reparation-de-velo-en-metal-mykit\/","name":"kit de r\u00e9paration de v\u00e9lo en m\u00e9tal MyKit - PERLE IN","isPartOf":{"@id":"https:\/\/perle-in.com\/#website"},"primaryImageOfPage":{"@id":"https:\/\/perle-in.com\/produit\/kit-de-reparation-de-velo-en-metal-mykit\/#primaryimage"},"image":{"@id":"https:\/\/perle-in.com\/produit\/kit-de-reparation-de-velo-en-metal-mykit\/#primaryimage"},"thumbnailUrl":"https:\/\/perle-in.com\/wp-content\/uploads\/2025\/09\/1Z263511-1.jpg","datePublished":"2025-10-10T13:15:30+00:00","dateModified":"2025-10-10T13:15:46+00:00","breadcrumb":{"@id":"https:\/\/perle-in.com\/produit\/kit-de-reparation-de-velo-en-metal-mykit\/#breadcrumb"},"inLanguage":"en-CA","potentialAction":[{"@type":"ReadAction","target":["https:\/\/perle-in.com\/produit\/kit-de-reparation-de-velo-en-metal-mykit\/"]}]},{"@type":"ImageObject","inLanguage":"en-CA","@id":"https:\/\/perle-in.com\/produit\/kit-de-reparation-de-velo-en-metal-mykit\/#primaryimage","url":"https:\/\/perle-in.com\/wp-content\/uploads\/2025\/09\/1Z263511-1.jpg","contentUrl":"https:\/\/perle-in.com\/wp-content\/uploads\/2025\/09\/1Z263511-1.jpg","width":1600,"height":1600},{"@type":"BreadcrumbList","@id":"https:\/\/perle-in.com\/produit\/kit-de-reparation-de-velo-en-metal-mykit\/#breadcrumb","itemListElement":[{"@type":"ListItem","position":1,"name":"Accueil","item":"https:\/\/perle-in.com\/"},{"@type":"ListItem","position":2,"name":"Boutique","item":"https:\/\/perle-in.com\/boutique\/"},{"@type":"ListItem","position":3,"name":"kit de r\u00e9paration de v\u00e9lo en m\u00e9tal MyKit"}]},{"@type":"WebSite","@id":"https:\/\/perle-in.com\/#website","url":"https:\/\/perle-in.com\/","name":"PERLE IN","description":"","publisher":{"@id":"https:\/\/perle-in.com\/#organization"},"potentialAction":[{"@type":"SearchAction","target":{"@type":"EntryPoint","urlTemplate":"https:\/\/perle-in.com\/?s={search_term_string}"},"query-input":{"@type":"PropertyValueSpecification","valueRequired":true,"valueName":"search_term_string"}}],"inLanguage":"en-CA"},{"@type":"Organization","@id":"https:\/\/perle-in.com\/#organization","name":"PERLE IN","url":"https:\/\/perle-in.com\/","logo":{"@type":"ImageObject","inLanguage":"en-CA","@id":"https:\/\/perle-in.com\/#\/schema\/logo\/image\/","url":"https:\/\/perle-in.com\/wp-content\/uploads\/2022\/12\/LOGO-PERLE-IN-COULEUR@3x.webp","contentUrl":"https:\/\/perle-in.com\/wp-content\/uploads\/2022\/12\/LOGO-PERLE-IN-COULEUR@3x.webp","width":1600,"height":490,"caption":"PERLE IN"},"image":{"@id":"https:\/\/perle-in.com\/#\/schema\/logo\/image\/"}}]}},"jetpack_sharing_enabled":true,"_links":{"self":[{"href":"https:\/\/perle-in.com\/en\/wp-json\/wp\/v2\/product\/500922","targetHints":{"allow":["GET"]}}],"collection":[{"href":"https:\/\/perle-in.com\/en\/wp-json\/wp\/v2\/product"}],"about":[{"href":"https:\/\/perle-in.com\/en\/wp-json\/wp\/v2\/types\/product"}],"version-history":[{"count":0,"href":"https:\/\/perle-in.com\/en\/wp-json\/wp\/v2\/product\/500922\/revisions"}],"wp:featuredmedia":[{"embeddable":true,"href":"https:\/\/perle-in.com\/en\/wp-json\/wp\/v2\/media\/486337"}],"wp:attachment":[{"href":"https:\/\/perle-in.com\/en\/wp-json\/wp\/v2\/media?parent=500922"}],"wp:term":[{"taxonomy":"product_brand","embeddable":true,"href":"https:\/\/perle-in.com\/en\/wp-json\/wp\/v2\/product_brand?post=500922"},{"taxonomy":"product_cat","embeddable":true,"href":"https:\/\/perle-in.com\/en\/wp-json\/wp\/v2\/product_cat?post=500922"},{"taxonomy":"product_tag","embeddable":true,"href":"https:\/\/perle-in.com\/en\/wp-json\/wp\/v2\/product_tag?post=500922"}],"curies":[{"name":"wp","href":"https:\/\/api.w.org\/{rel}","templated":true}]}}