{"id":500916,"date":"2025-10-10T15:15:17","date_gmt":"2025-10-10T13:15:17","guid":{"rendered":"https:\/\/perle-in.com\/produit\/kit-de-premiers-secours-en-metal-pour-animaux-de-compagnie-mykit\/"},"modified":"2025-10-10T15:15:22","modified_gmt":"2025-10-10T13:15:22","slug":"kit-de-premiers-secours-en-metal-pour-animaux-de-compagnie-mykit","status":"publish","type":"product","link":"https:\/\/perle-in.com\/en\/product\/kit-de-premiers-secours-en-metal-pour-animaux-de-compagnie-mykit\/","title":{"rendered":"Kit de premiers secours en m\u00e9tal pour animaux de compagnie MyKit"},"content":{"rendered":"","protected":false},"excerpt":{"rendered":"<p>Cette trousse de premiers soins est indispensable \u00e0 tout propri\u00e9taire d\u2019animal de compagnie. Elle vous aidera \u00e0 soigner les blessures mineures ou les accidents lors des promenades et vous fournira les outils n\u00e9cessaires pour traiter votre animal apr\u00e8s une piq\u00fbre de tique. Elle comprend 12\u00a0pansements lavables, 4\u00a0tampons nettoyants pour la peau, 2\u00a0\u00e9couvillons secs, un tire-tique, un bandage \u00e9lastique, une pince \u00e0 \u00e9piler et un rouleau de sparadrap. Tous les produits de soin inclus sont conformes aux r\u00e9glementations europ\u00e9ennes applicables, garantissant une utilisation s\u00fbre et fiable lorsque votre animal en a le plus besoin. Fourni dans une bo\u00eete r\u00e9utilisable et recyclable.<\/p>","protected":false},"featured_media":486328,"template":"","meta":{"_eb_attr":""},"product_brand":[],"product_cat":[390,391],"product_tag":[1194,751,1159,716,396],"class_list":{"0":"post-500916","1":"product","2":"type-product","3":"status-publish","4":"has-post-thumbnail","6":"product_cat-sant-et-hygine-personnelle","7":"product_cat-trousses-de-secours","8":"product_tag-animal","9":"product_tag-animaux","10":"product_tag-chiens","11":"product_tag-mykit","12":"product_tag-premiers-secours","13":"pa_couleurs-bleu","14":"pa_couleurs-jaune","15":"pa_couleurs-noir","16":"pa_couleurs-rouge","17":"pa_couleurs-vert","19":"first","20":"instock","21":"shipping-taxable","22":"purchasable","23":"product-type-variable"},"yoast_head":"<!-- This site is optimized with the Yoast SEO plugin v27.4 - https:\/\/yoast.com\/product\/yoast-seo-wordpress\/ -->\n<title>Kit de premiers secours en m\u00e9tal pour animaux de compagnie MyKit - PERLE IN<\/title>\n<meta name=\"robots\" content=\"noindex, follow, max-snippet:-1, max-image-preview:large, max-video-preview:-1\" \/>\n<meta property=\"og:locale\" content=\"en_US\" \/>\n<meta property=\"og:type\" content=\"article\" \/>\n<meta property=\"og:title\" content=\"Kit de premiers secours en m\u00e9tal pour animaux de compagnie MyKit - PERLE IN\" \/>\n<meta property=\"og:description\" content=\"Cette trousse de premiers soins est indispensable \u00e0 tout propri\u00e9taire d\u2019animal de compagnie. Elle vous aidera \u00e0 soigner les blessures mineures ou les accidents lors des promenades et vous fournira les outils n\u00e9cessaires pour traiter votre animal apr\u00e8s une piq\u00fbre de tique. Elle comprend 12\u00a0pansements lavables, 4\u00a0tampons nettoyants pour la peau, 2\u00a0\u00e9couvillons secs, un tire-tique, un bandage \u00e9lastique, une pince \u00e0 \u00e9piler et un rouleau de sparadrap. Tous les produits de soin inclus sont conformes aux r\u00e9glementations europ\u00e9ennes applicables, garantissant une utilisation s\u00fbre et fiable lorsque votre animal en a le plus besoin. Fourni dans une bo\u00eete r\u00e9utilisable et recyclable.\" \/>\n<meta property=\"og:url\" content=\"https:\/\/perle-in.com\/en\/product\/kit-de-premiers-secours-en-metal-pour-animaux-de-compagnie-mykit\/\" \/>\n<meta property=\"og:site_name\" content=\"PERLE IN\" \/>\n<meta property=\"article:modified_time\" content=\"2025-10-10T13:15:22+00:00\" \/>\n<meta property=\"og:image\" content=\"https:\/\/perle-in.com\/wp-content\/uploads\/2025\/09\/1Z263311-1.jpg\" \/>\n\t<meta property=\"og:image:width\" content=\"1600\" \/>\n\t<meta property=\"og:image:height\" content=\"1600\" \/>\n\t<meta property=\"og:image:type\" content=\"image\/jpeg\" \/>\n<meta name=\"twitter:card\" content=\"summary_large_image\" \/>\n<script type=\"application\/ld+json\" class=\"yoast-schema-graph\">{\"@context\":\"https:\\\/\\\/schema.org\",\"@graph\":[{\"@type\":\"WebPage\",\"@id\":\"https:\\\/\\\/perle-in.com\\\/en\\\/product\\\/kit-de-premiers-secours-en-metal-pour-animaux-de-compagnie-mykit\\\/\",\"url\":\"https:\\\/\\\/perle-in.com\\\/en\\\/product\\\/kit-de-premiers-secours-en-metal-pour-animaux-de-compagnie-mykit\\\/\",\"name\":\"Kit de premiers secours en m\u00e9tal pour animaux de compagnie MyKit - PERLE IN\",\"isPartOf\":{\"@id\":\"https:\\\/\\\/perle-in.com\\\/#website\"},\"primaryImageOfPage\":{\"@id\":\"https:\\\/\\\/perle-in.com\\\/en\\\/product\\\/kit-de-premiers-secours-en-metal-pour-animaux-de-compagnie-mykit\\\/#primaryimage\"},\"image\":{\"@id\":\"https:\\\/\\\/perle-in.com\\\/en\\\/product\\\/kit-de-premiers-secours-en-metal-pour-animaux-de-compagnie-mykit\\\/#primaryimage\"},\"thumbnailUrl\":\"https:\\\/\\\/perle-in.com\\\/wp-content\\\/uploads\\\/2025\\\/09\\\/1Z263311-1.jpg\",\"datePublished\":\"2025-10-10T13:15:17+00:00\",\"dateModified\":\"2025-10-10T13:15:22+00:00\",\"breadcrumb\":{\"@id\":\"https:\\\/\\\/perle-in.com\\\/en\\\/product\\\/kit-de-premiers-secours-en-metal-pour-animaux-de-compagnie-mykit\\\/#breadcrumb\"},\"inLanguage\":\"en-CA\",\"potentialAction\":[{\"@type\":\"ReadAction\",\"target\":[\"https:\\\/\\\/perle-in.com\\\/en\\\/product\\\/kit-de-premiers-secours-en-metal-pour-animaux-de-compagnie-mykit\\\/\"]}]},{\"@type\":\"ImageObject\",\"inLanguage\":\"en-CA\",\"@id\":\"https:\\\/\\\/perle-in.com\\\/en\\\/product\\\/kit-de-premiers-secours-en-metal-pour-animaux-de-compagnie-mykit\\\/#primaryimage\",\"url\":\"https:\\\/\\\/perle-in.com\\\/wp-content\\\/uploads\\\/2025\\\/09\\\/1Z263311-1.jpg\",\"contentUrl\":\"https:\\\/\\\/perle-in.com\\\/wp-content\\\/uploads\\\/2025\\\/09\\\/1Z263311-1.jpg\",\"width\":1600,\"height\":1600},{\"@type\":\"BreadcrumbList\",\"@id\":\"https:\\\/\\\/perle-in.com\\\/en\\\/product\\\/kit-de-premiers-secours-en-metal-pour-animaux-de-compagnie-mykit\\\/#breadcrumb\",\"itemListElement\":[{\"@type\":\"ListItem\",\"position\":1,\"name\":\"Accueil\",\"item\":\"https:\\\/\\\/perle-in.com\\\/\"},{\"@type\":\"ListItem\",\"position\":2,\"name\":\"Boutique\",\"item\":\"https:\\\/\\\/perle-in.com\\\/boutique\\\/\"},{\"@type\":\"ListItem\",\"position\":3,\"name\":\"Kit de premiers secours en m\u00e9tal pour animaux de compagnie MyKit\"}]},{\"@type\":\"WebSite\",\"@id\":\"https:\\\/\\\/perle-in.com\\\/#website\",\"url\":\"https:\\\/\\\/perle-in.com\\\/\",\"name\":\"PERLE IN\",\"description\":\"\",\"publisher\":{\"@id\":\"https:\\\/\\\/perle-in.com\\\/#organization\"},\"potentialAction\":[{\"@type\":\"SearchAction\",\"target\":{\"@type\":\"EntryPoint\",\"urlTemplate\":\"https:\\\/\\\/perle-in.com\\\/?s={search_term_string}\"},\"query-input\":{\"@type\":\"PropertyValueSpecification\",\"valueRequired\":true,\"valueName\":\"search_term_string\"}}],\"inLanguage\":\"en-CA\"},{\"@type\":\"Organization\",\"@id\":\"https:\\\/\\\/perle-in.com\\\/#organization\",\"name\":\"PERLE IN\",\"url\":\"https:\\\/\\\/perle-in.com\\\/\",\"logo\":{\"@type\":\"ImageObject\",\"inLanguage\":\"en-CA\",\"@id\":\"https:\\\/\\\/perle-in.com\\\/#\\\/schema\\\/logo\\\/image\\\/\",\"url\":\"https:\\\/\\\/perle-in.com\\\/wp-content\\\/uploads\\\/2022\\\/12\\\/LOGO-PERLE-IN-COULEUR@3x.webp\",\"contentUrl\":\"https:\\\/\\\/perle-in.com\\\/wp-content\\\/uploads\\\/2022\\\/12\\\/LOGO-PERLE-IN-COULEUR@3x.webp\",\"width\":1600,\"height\":490,\"caption\":\"PERLE IN\"},\"image\":{\"@id\":\"https:\\\/\\\/perle-in.com\\\/#\\\/schema\\\/logo\\\/image\\\/\"}}]}<\/script>\n<!-- \/ Yoast SEO plugin. -->","yoast_head_json":{"title":"Kit de premiers secours en m\u00e9tal pour animaux de compagnie MyKit - PERLE IN","robots":{"index":"noindex","follow":"follow","max-snippet":"max-snippet:-1","max-image-preview":"max-image-preview:large","max-video-preview":"max-video-preview:-1"},"og_locale":"en_US","og_type":"article","og_title":"Kit de premiers secours en m\u00e9tal pour animaux de compagnie MyKit - PERLE IN","og_description":"Cette trousse de premiers soins est indispensable \u00e0 tout propri\u00e9taire d\u2019animal de compagnie. Elle vous aidera \u00e0 soigner les blessures mineures ou les accidents lors des promenades et vous fournira les outils n\u00e9cessaires pour traiter votre animal apr\u00e8s une piq\u00fbre de tique. Elle comprend 12\u00a0pansements lavables, 4\u00a0tampons nettoyants pour la peau, 2\u00a0\u00e9couvillons secs, un tire-tique, un bandage \u00e9lastique, une pince \u00e0 \u00e9piler et un rouleau de sparadrap. Tous les produits de soin inclus sont conformes aux r\u00e9glementations europ\u00e9ennes applicables, garantissant une utilisation s\u00fbre et fiable lorsque votre animal en a le plus besoin. Fourni dans une bo\u00eete r\u00e9utilisable et recyclable.","og_url":"https:\/\/perle-in.com\/en\/product\/kit-de-premiers-secours-en-metal-pour-animaux-de-compagnie-mykit\/","og_site_name":"PERLE IN","article_modified_time":"2025-10-10T13:15:22+00:00","og_image":[{"width":1600,"height":1600,"url":"https:\/\/perle-in.com\/wp-content\/uploads\/2025\/09\/1Z263311-1.jpg","type":"image\/jpeg"}],"twitter_card":"summary_large_image","schema":{"@context":"https:\/\/schema.org","@graph":[{"@type":"WebPage","@id":"https:\/\/perle-in.com\/en\/product\/kit-de-premiers-secours-en-metal-pour-animaux-de-compagnie-mykit\/","url":"https:\/\/perle-in.com\/en\/product\/kit-de-premiers-secours-en-metal-pour-animaux-de-compagnie-mykit\/","name":"Kit de premiers secours en m\u00e9tal pour animaux de compagnie MyKit - PERLE IN","isPartOf":{"@id":"https:\/\/perle-in.com\/#website"},"primaryImageOfPage":{"@id":"https:\/\/perle-in.com\/en\/product\/kit-de-premiers-secours-en-metal-pour-animaux-de-compagnie-mykit\/#primaryimage"},"image":{"@id":"https:\/\/perle-in.com\/en\/product\/kit-de-premiers-secours-en-metal-pour-animaux-de-compagnie-mykit\/#primaryimage"},"thumbnailUrl":"https:\/\/perle-in.com\/wp-content\/uploads\/2025\/09\/1Z263311-1.jpg","datePublished":"2025-10-10T13:15:17+00:00","dateModified":"2025-10-10T13:15:22+00:00","breadcrumb":{"@id":"https:\/\/perle-in.com\/en\/product\/kit-de-premiers-secours-en-metal-pour-animaux-de-compagnie-mykit\/#breadcrumb"},"inLanguage":"en-CA","potentialAction":[{"@type":"ReadAction","target":["https:\/\/perle-in.com\/en\/product\/kit-de-premiers-secours-en-metal-pour-animaux-de-compagnie-mykit\/"]}]},{"@type":"ImageObject","inLanguage":"en-CA","@id":"https:\/\/perle-in.com\/en\/product\/kit-de-premiers-secours-en-metal-pour-animaux-de-compagnie-mykit\/#primaryimage","url":"https:\/\/perle-in.com\/wp-content\/uploads\/2025\/09\/1Z263311-1.jpg","contentUrl":"https:\/\/perle-in.com\/wp-content\/uploads\/2025\/09\/1Z263311-1.jpg","width":1600,"height":1600},{"@type":"BreadcrumbList","@id":"https:\/\/perle-in.com\/en\/product\/kit-de-premiers-secours-en-metal-pour-animaux-de-compagnie-mykit\/#breadcrumb","itemListElement":[{"@type":"ListItem","position":1,"name":"Accueil","item":"https:\/\/perle-in.com\/"},{"@type":"ListItem","position":2,"name":"Boutique","item":"https:\/\/perle-in.com\/boutique\/"},{"@type":"ListItem","position":3,"name":"Kit de premiers secours en m\u00e9tal pour animaux de compagnie MyKit"}]},{"@type":"WebSite","@id":"https:\/\/perle-in.com\/#website","url":"https:\/\/perle-in.com\/","name":"PERLE IN","description":"","publisher":{"@id":"https:\/\/perle-in.com\/#organization"},"potentialAction":[{"@type":"SearchAction","target":{"@type":"EntryPoint","urlTemplate":"https:\/\/perle-in.com\/?s={search_term_string}"},"query-input":{"@type":"PropertyValueSpecification","valueRequired":true,"valueName":"search_term_string"}}],"inLanguage":"en-CA"},{"@type":"Organization","@id":"https:\/\/perle-in.com\/#organization","name":"PERLE IN","url":"https:\/\/perle-in.com\/","logo":{"@type":"ImageObject","inLanguage":"en-CA","@id":"https:\/\/perle-in.com\/#\/schema\/logo\/image\/","url":"https:\/\/perle-in.com\/wp-content\/uploads\/2022\/12\/LOGO-PERLE-IN-COULEUR@3x.webp","contentUrl":"https:\/\/perle-in.com\/wp-content\/uploads\/2022\/12\/LOGO-PERLE-IN-COULEUR@3x.webp","width":1600,"height":490,"caption":"PERLE IN"},"image":{"@id":"https:\/\/perle-in.com\/#\/schema\/logo\/image\/"}}]}},"jetpack_sharing_enabled":true,"_links":{"self":[{"href":"https:\/\/perle-in.com\/en\/wp-json\/wp\/v2\/product\/500916","targetHints":{"allow":["GET"]}}],"collection":[{"href":"https:\/\/perle-in.com\/en\/wp-json\/wp\/v2\/product"}],"about":[{"href":"https:\/\/perle-in.com\/en\/wp-json\/wp\/v2\/types\/product"}],"version-history":[{"count":0,"href":"https:\/\/perle-in.com\/en\/wp-json\/wp\/v2\/product\/500916\/revisions"}],"wp:featuredmedia":[{"embeddable":true,"href":"https:\/\/perle-in.com\/en\/wp-json\/wp\/v2\/media\/486328"}],"wp:attachment":[{"href":"https:\/\/perle-in.com\/en\/wp-json\/wp\/v2\/media?parent=500916"}],"wp:term":[{"taxonomy":"product_brand","embeddable":true,"href":"https:\/\/perle-in.com\/en\/wp-json\/wp\/v2\/product_brand?post=500916"},{"taxonomy":"product_cat","embeddable":true,"href":"https:\/\/perle-in.com\/en\/wp-json\/wp\/v2\/product_cat?post=500916"},{"taxonomy":"product_tag","embeddable":true,"href":"https:\/\/perle-in.com\/en\/wp-json\/wp\/v2\/product_tag?post=500916"}],"curies":[{"name":"wp","href":"https:\/\/api.w.org\/{rel}","templated":true}]}}