{"id":500904,"date":"2025-10-10T15:14:04","date_gmt":"2025-10-10T13:14:04","guid":{"rendered":"https:\/\/perle-in.com\/produit\/kit-de-premiers-secours-mykit-en-metal\/"},"modified":"2025-10-10T15:14:33","modified_gmt":"2025-10-10T13:14:33","slug":"kit-de-premiers-secours-mykit-en-metal","status":"publish","type":"product","link":"https:\/\/perle-in.com\/en\/product\/kit-de-premiers-secours-mykit-en-metal\/","title":{"rendered":"Kit de premiers secours Mykit en m\u00e9tal"},"content":{"rendered":"","protected":false},"excerpt":{"rendered":"<p>Cette trousse de premiers secours de base est un essentiel \u00e0 conserver \u00e0 la maison, dans votre voiture ou en d\u00e9placement, pour faire face aux blessures mineures et aux petites urgences. Elle comprend 12\u00a0pansements r\u00e9sistants \u00e0 l\u2019eau, 4\u00a0tampons nettoyants pour la peau, 2\u00a0\u00e9couvillons secs, 1\u00a0bandage \u00e9lastique et 2\u00a0compresses de coton pour br\u00fblures. Tous les produits du kit sont conformes aux r\u00e9glementations europ\u00e9ennes en vigueur, pour des soins s\u00fbrs et fiables lorsque vous en avez besoin. Fourni dans une bo\u00eete r\u00e9utilisable et recyclable.<\/p>","protected":false},"featured_media":486134,"template":"","meta":{"_eb_attr":""},"product_brand":[],"product_cat":[390,391],"product_tag":[1177,1193,717,716,806,396],"class_list":{"0":"post-500904","1":"product","2":"type-product","3":"status-publish","4":"has-post-thumbnail","6":"product_cat-sant-et-hygine-personnelle","7":"product_cat-trousses-de-secours","8":"product_tag-blessures","9":"product_tag-compresses","10":"product_tag-kit","11":"product_tag-mykit","12":"product_tag-pansements","13":"product_tag-premiers-secours","14":"pa_couleurs-bleu","15":"pa_couleurs-jaune","16":"pa_couleurs-noir","17":"pa_couleurs-rouge","18":"pa_couleurs-vert","20":"first","21":"instock","22":"shipping-taxable","23":"purchasable","24":"product-type-variable"},"yoast_head":"<!-- This site is optimized with the Yoast SEO plugin v27.4 - https:\/\/yoast.com\/product\/yoast-seo-wordpress\/ -->\n<title>Kit de premiers secours Mykit en m\u00e9tal - PERLE IN<\/title>\n<meta name=\"robots\" content=\"noindex, follow, max-snippet:-1, max-image-preview:large, max-video-preview:-1\" \/>\n<meta property=\"og:locale\" content=\"en_US\" \/>\n<meta property=\"og:type\" content=\"article\" \/>\n<meta property=\"og:title\" content=\"Kit de premiers secours Mykit en m\u00e9tal - PERLE IN\" \/>\n<meta property=\"og:description\" content=\"Cette trousse de premiers secours de base est un essentiel \u00e0 conserver \u00e0 la maison, dans votre voiture ou en d\u00e9placement, pour faire face aux blessures mineures et aux petites urgences. Elle comprend 12\u00a0pansements r\u00e9sistants \u00e0 l\u2019eau, 4\u00a0tampons nettoyants pour la peau, 2\u00a0\u00e9couvillons secs, 1\u00a0bandage \u00e9lastique et 2\u00a0compresses de coton pour br\u00fblures. Tous les produits du kit sont conformes aux r\u00e9glementations europ\u00e9ennes en vigueur, pour des soins s\u00fbrs et fiables lorsque vous en avez besoin. Fourni dans une bo\u00eete r\u00e9utilisable et recyclable.\" \/>\n<meta property=\"og:url\" content=\"https:\/\/perle-in.com\/en\/product\/kit-de-premiers-secours-mykit-en-metal\/\" \/>\n<meta property=\"og:site_name\" content=\"PERLE IN\" \/>\n<meta property=\"article:modified_time\" content=\"2025-10-10T13:14:33+00:00\" \/>\n<meta property=\"og:image\" content=\"https:\/\/perle-in.com\/wp-content\/uploads\/2025\/09\/1Z263111-1.jpg\" \/>\n\t<meta property=\"og:image:width\" content=\"1600\" \/>\n\t<meta property=\"og:image:height\" content=\"1600\" \/>\n\t<meta property=\"og:image:type\" content=\"image\/jpeg\" \/>\n<meta name=\"twitter:card\" content=\"summary_large_image\" \/>\n<script type=\"application\/ld+json\" class=\"yoast-schema-graph\">{\"@context\":\"https:\\\/\\\/schema.org\",\"@graph\":[{\"@type\":\"WebPage\",\"@id\":\"https:\\\/\\\/perle-in.com\\\/produit\\\/kit-de-premiers-secours-mykit-en-metal\\\/\",\"url\":\"https:\\\/\\\/perle-in.com\\\/produit\\\/kit-de-premiers-secours-mykit-en-metal\\\/\",\"name\":\"Kit de premiers secours Mykit en m\u00e9tal - PERLE IN\",\"isPartOf\":{\"@id\":\"https:\\\/\\\/perle-in.com\\\/#website\"},\"primaryImageOfPage\":{\"@id\":\"https:\\\/\\\/perle-in.com\\\/produit\\\/kit-de-premiers-secours-mykit-en-metal\\\/#primaryimage\"},\"image\":{\"@id\":\"https:\\\/\\\/perle-in.com\\\/produit\\\/kit-de-premiers-secours-mykit-en-metal\\\/#primaryimage\"},\"thumbnailUrl\":\"https:\\\/\\\/perle-in.com\\\/wp-content\\\/uploads\\\/2025\\\/09\\\/1Z263111-1.jpg\",\"datePublished\":\"2025-10-10T13:14:04+00:00\",\"dateModified\":\"2025-10-10T13:14:33+00:00\",\"breadcrumb\":{\"@id\":\"https:\\\/\\\/perle-in.com\\\/produit\\\/kit-de-premiers-secours-mykit-en-metal\\\/#breadcrumb\"},\"inLanguage\":\"en-CA\",\"potentialAction\":[{\"@type\":\"ReadAction\",\"target\":[\"https:\\\/\\\/perle-in.com\\\/produit\\\/kit-de-premiers-secours-mykit-en-metal\\\/\"]}]},{\"@type\":\"ImageObject\",\"inLanguage\":\"en-CA\",\"@id\":\"https:\\\/\\\/perle-in.com\\\/produit\\\/kit-de-premiers-secours-mykit-en-metal\\\/#primaryimage\",\"url\":\"https:\\\/\\\/perle-in.com\\\/wp-content\\\/uploads\\\/2025\\\/09\\\/1Z263111-1.jpg\",\"contentUrl\":\"https:\\\/\\\/perle-in.com\\\/wp-content\\\/uploads\\\/2025\\\/09\\\/1Z263111-1.jpg\",\"width\":1600,\"height\":1600},{\"@type\":\"BreadcrumbList\",\"@id\":\"https:\\\/\\\/perle-in.com\\\/produit\\\/kit-de-premiers-secours-mykit-en-metal\\\/#breadcrumb\",\"itemListElement\":[{\"@type\":\"ListItem\",\"position\":1,\"name\":\"Accueil\",\"item\":\"https:\\\/\\\/perle-in.com\\\/\"},{\"@type\":\"ListItem\",\"position\":2,\"name\":\"Boutique\",\"item\":\"https:\\\/\\\/perle-in.com\\\/boutique\\\/\"},{\"@type\":\"ListItem\",\"position\":3,\"name\":\"Kit de premiers secours Mykit en m\u00e9tal\"}]},{\"@type\":\"WebSite\",\"@id\":\"https:\\\/\\\/perle-in.com\\\/#website\",\"url\":\"https:\\\/\\\/perle-in.com\\\/\",\"name\":\"PERLE IN\",\"description\":\"\",\"publisher\":{\"@id\":\"https:\\\/\\\/perle-in.com\\\/#organization\"},\"potentialAction\":[{\"@type\":\"SearchAction\",\"target\":{\"@type\":\"EntryPoint\",\"urlTemplate\":\"https:\\\/\\\/perle-in.com\\\/?s={search_term_string}\"},\"query-input\":{\"@type\":\"PropertyValueSpecification\",\"valueRequired\":true,\"valueName\":\"search_term_string\"}}],\"inLanguage\":\"en-CA\"},{\"@type\":\"Organization\",\"@id\":\"https:\\\/\\\/perle-in.com\\\/#organization\",\"name\":\"PERLE IN\",\"url\":\"https:\\\/\\\/perle-in.com\\\/\",\"logo\":{\"@type\":\"ImageObject\",\"inLanguage\":\"en-CA\",\"@id\":\"https:\\\/\\\/perle-in.com\\\/#\\\/schema\\\/logo\\\/image\\\/\",\"url\":\"https:\\\/\\\/perle-in.com\\\/wp-content\\\/uploads\\\/2022\\\/12\\\/LOGO-PERLE-IN-COULEUR@3x.webp\",\"contentUrl\":\"https:\\\/\\\/perle-in.com\\\/wp-content\\\/uploads\\\/2022\\\/12\\\/LOGO-PERLE-IN-COULEUR@3x.webp\",\"width\":1600,\"height\":490,\"caption\":\"PERLE IN\"},\"image\":{\"@id\":\"https:\\\/\\\/perle-in.com\\\/#\\\/schema\\\/logo\\\/image\\\/\"}}]}<\/script>\n<!-- \/ Yoast SEO plugin. -->","yoast_head_json":{"title":"Kit de premiers secours Mykit en m\u00e9tal - PERLE IN","robots":{"index":"noindex","follow":"follow","max-snippet":"max-snippet:-1","max-image-preview":"max-image-preview:large","max-video-preview":"max-video-preview:-1"},"og_locale":"en_US","og_type":"article","og_title":"Kit de premiers secours Mykit en m\u00e9tal - PERLE IN","og_description":"Cette trousse de premiers secours de base est un essentiel \u00e0 conserver \u00e0 la maison, dans votre voiture ou en d\u00e9placement, pour faire face aux blessures mineures et aux petites urgences. Elle comprend 12\u00a0pansements r\u00e9sistants \u00e0 l\u2019eau, 4\u00a0tampons nettoyants pour la peau, 2\u00a0\u00e9couvillons secs, 1\u00a0bandage \u00e9lastique et 2\u00a0compresses de coton pour br\u00fblures. Tous les produits du kit sont conformes aux r\u00e9glementations europ\u00e9ennes en vigueur, pour des soins s\u00fbrs et fiables lorsque vous en avez besoin. Fourni dans une bo\u00eete r\u00e9utilisable et recyclable.","og_url":"https:\/\/perle-in.com\/en\/product\/kit-de-premiers-secours-mykit-en-metal\/","og_site_name":"PERLE IN","article_modified_time":"2025-10-10T13:14:33+00:00","og_image":[{"width":1600,"height":1600,"url":"https:\/\/perle-in.com\/wp-content\/uploads\/2025\/09\/1Z263111-1.jpg","type":"image\/jpeg"}],"twitter_card":"summary_large_image","schema":{"@context":"https:\/\/schema.org","@graph":[{"@type":"WebPage","@id":"https:\/\/perle-in.com\/produit\/kit-de-premiers-secours-mykit-en-metal\/","url":"https:\/\/perle-in.com\/produit\/kit-de-premiers-secours-mykit-en-metal\/","name":"Kit de premiers secours Mykit en m\u00e9tal - PERLE IN","isPartOf":{"@id":"https:\/\/perle-in.com\/#website"},"primaryImageOfPage":{"@id":"https:\/\/perle-in.com\/produit\/kit-de-premiers-secours-mykit-en-metal\/#primaryimage"},"image":{"@id":"https:\/\/perle-in.com\/produit\/kit-de-premiers-secours-mykit-en-metal\/#primaryimage"},"thumbnailUrl":"https:\/\/perle-in.com\/wp-content\/uploads\/2025\/09\/1Z263111-1.jpg","datePublished":"2025-10-10T13:14:04+00:00","dateModified":"2025-10-10T13:14:33+00:00","breadcrumb":{"@id":"https:\/\/perle-in.com\/produit\/kit-de-premiers-secours-mykit-en-metal\/#breadcrumb"},"inLanguage":"en-CA","potentialAction":[{"@type":"ReadAction","target":["https:\/\/perle-in.com\/produit\/kit-de-premiers-secours-mykit-en-metal\/"]}]},{"@type":"ImageObject","inLanguage":"en-CA","@id":"https:\/\/perle-in.com\/produit\/kit-de-premiers-secours-mykit-en-metal\/#primaryimage","url":"https:\/\/perle-in.com\/wp-content\/uploads\/2025\/09\/1Z263111-1.jpg","contentUrl":"https:\/\/perle-in.com\/wp-content\/uploads\/2025\/09\/1Z263111-1.jpg","width":1600,"height":1600},{"@type":"BreadcrumbList","@id":"https:\/\/perle-in.com\/produit\/kit-de-premiers-secours-mykit-en-metal\/#breadcrumb","itemListElement":[{"@type":"ListItem","position":1,"name":"Accueil","item":"https:\/\/perle-in.com\/"},{"@type":"ListItem","position":2,"name":"Boutique","item":"https:\/\/perle-in.com\/boutique\/"},{"@type":"ListItem","position":3,"name":"Kit de premiers secours Mykit en m\u00e9tal"}]},{"@type":"WebSite","@id":"https:\/\/perle-in.com\/#website","url":"https:\/\/perle-in.com\/","name":"PERLE IN","description":"","publisher":{"@id":"https:\/\/perle-in.com\/#organization"},"potentialAction":[{"@type":"SearchAction","target":{"@type":"EntryPoint","urlTemplate":"https:\/\/perle-in.com\/?s={search_term_string}"},"query-input":{"@type":"PropertyValueSpecification","valueRequired":true,"valueName":"search_term_string"}}],"inLanguage":"en-CA"},{"@type":"Organization","@id":"https:\/\/perle-in.com\/#organization","name":"PERLE IN","url":"https:\/\/perle-in.com\/","logo":{"@type":"ImageObject","inLanguage":"en-CA","@id":"https:\/\/perle-in.com\/#\/schema\/logo\/image\/","url":"https:\/\/perle-in.com\/wp-content\/uploads\/2022\/12\/LOGO-PERLE-IN-COULEUR@3x.webp","contentUrl":"https:\/\/perle-in.com\/wp-content\/uploads\/2022\/12\/LOGO-PERLE-IN-COULEUR@3x.webp","width":1600,"height":490,"caption":"PERLE IN"},"image":{"@id":"https:\/\/perle-in.com\/#\/schema\/logo\/image\/"}}]}},"jetpack_sharing_enabled":true,"_links":{"self":[{"href":"https:\/\/perle-in.com\/en\/wp-json\/wp\/v2\/product\/500904","targetHints":{"allow":["GET"]}}],"collection":[{"href":"https:\/\/perle-in.com\/en\/wp-json\/wp\/v2\/product"}],"about":[{"href":"https:\/\/perle-in.com\/en\/wp-json\/wp\/v2\/types\/product"}],"version-history":[{"count":0,"href":"https:\/\/perle-in.com\/en\/wp-json\/wp\/v2\/product\/500904\/revisions"}],"wp:featuredmedia":[{"embeddable":true,"href":"https:\/\/perle-in.com\/en\/wp-json\/wp\/v2\/media\/486134"}],"wp:attachment":[{"href":"https:\/\/perle-in.com\/en\/wp-json\/wp\/v2\/media?parent=500904"}],"wp:term":[{"taxonomy":"product_brand","embeddable":true,"href":"https:\/\/perle-in.com\/en\/wp-json\/wp\/v2\/product_brand?post=500904"},{"taxonomy":"product_cat","embeddable":true,"href":"https:\/\/perle-in.com\/en\/wp-json\/wp\/v2\/product_cat?post=500904"},{"taxonomy":"product_tag","embeddable":true,"href":"https:\/\/perle-in.com\/en\/wp-json\/wp\/v2\/product_tag?post=500904"}],"curies":[{"name":"wp","href":"https:\/\/api.w.org\/{rel}","templated":true}]}}