{"id":500898,"date":"2025-10-10T15:13:09","date_gmt":"2025-10-10T13:13:09","guid":{"rendered":"https:\/\/perle-in.com\/produit\/mangeoire-automatique-wi-fi-intelligente-prixton-pour-animaux-de-compagnie\/"},"modified":"2025-10-10T15:13:15","modified_gmt":"2025-10-10T13:13:15","slug":"mangeoire-automatique-wi-fi-intelligente-prixton-pour-animaux-de-compagnie","status":"publish","type":"product","link":"https:\/\/perle-in.com\/en\/product\/mangeoire-automatique-wi-fi-intelligente-prixton-pour-animaux-de-compagnie\/","title":{"rendered":"Mangeoire automatique Wi-Fi intelligente Prixton pour animaux de compagnie"},"content":{"rendered":"","protected":false},"excerpt":{"rendered":"<p>La mangeoire automatique Wi-Fi intelligente offre un m\u00e9lange harmonieux de technologie et de commodit\u00e9 pour le soin des animaux de compagnie. L\u2019application gratuite Tuya permet de programmer et g\u00e9rer en toute facilit\u00e9 et au gramme pr\u00e8s les repas de votre animal. Sa cam\u00e9ra FULL HD fournit des images claires et de haute qualit\u00e9 directement sur votre smartphone, afin que vous puissiez prendre le pouls de votre animal \u00e0 tout moment. Une fonction unique vous permet d\u2019enregistrer votre voix, qui est diffus\u00e9e \u00e0 chaque fois que la nourriture est distribu\u00e9e, cr\u00e9ant ainsi une exp\u00e9rience r\u00e9confortante et personnelle pour votre animal. Le microphone et le haut-parleur int\u00e9gr\u00e9s permettent une interaction en temps r\u00e9el gr\u00e2ce \u00e0 un syst\u00e8me audio bidirectionnel, pour que vous puissiez parler \u00e0 votre animal et le rassurer, o\u00f9 que vous soyez. Avec un r\u00e9cipient de 4\u00a0litres et la possibilit\u00e9 de programmer jusqu\u2019\u00e0 15\u00a0repas par jour (avec un maximum de 30\u00a0portions), votre animal est toujours nourri et bien soign\u00e9.<\/p>","protected":false},"featured_media":486090,"template":"","meta":{"_eb_attr":""},"product_brand":[],"product_cat":[460,150],"product_tag":[752,1158,1160,1159,1161,880,783],"class_list":{"0":"post-500898","1":"product","2":"type-product","3":"status-publish","4":"has-post-thumbnail","6":"product_cat-accessoires-pour-la-maison","7":"product_cat-maison-et-cuisine","8":"product_tag-animaux-de-compagnie","9":"product_tag-animaux-domestiques","10":"product_tag-chats","11":"product_tag-chiens","12":"product_tag-distributeur-daliments","13":"product_tag-nourriture","14":"product_tag-prixton","15":"pa_couleurs-blanc","17":"first","18":"instock","19":"shipping-taxable","20":"purchasable","21":"product-type-variable"},"yoast_head":"<!-- This site is optimized with the Yoast SEO plugin v27.4 - https:\/\/yoast.com\/product\/yoast-seo-wordpress\/ -->\n<title>Mangeoire automatique Wi-Fi intelligente Prixton pour animaux de compagnie - PERLE IN<\/title>\n<meta name=\"robots\" content=\"noindex, follow, max-snippet:-1, max-image-preview:large, max-video-preview:-1\" \/>\n<meta property=\"og:locale\" content=\"en_US\" \/>\n<meta property=\"og:type\" content=\"article\" \/>\n<meta property=\"og:title\" content=\"Mangeoire automatique Wi-Fi intelligente Prixton pour animaux de compagnie - PERLE IN\" \/>\n<meta property=\"og:description\" content=\"La mangeoire automatique Wi-Fi intelligente offre un m\u00e9lange harmonieux de technologie et de commodit\u00e9 pour le soin des animaux de compagnie. L\u2019application gratuite Tuya permet de programmer et g\u00e9rer en toute facilit\u00e9 et au gramme pr\u00e8s les repas de votre animal. Sa cam\u00e9ra FULL HD fournit des images claires et de haute qualit\u00e9 directement sur votre smartphone, afin que vous puissiez prendre le pouls de votre animal \u00e0 tout moment. Une fonction unique vous permet d\u2019enregistrer votre voix, qui est diffus\u00e9e \u00e0 chaque fois que la nourriture est distribu\u00e9e, cr\u00e9ant ainsi une exp\u00e9rience r\u00e9confortante et personnelle pour votre animal. Le microphone et le haut-parleur int\u00e9gr\u00e9s permettent une interaction en temps r\u00e9el gr\u00e2ce \u00e0 un syst\u00e8me audio bidirectionnel, pour que vous puissiez parler \u00e0 votre animal et le rassurer, o\u00f9 que vous soyez. Avec un r\u00e9cipient de 4\u00a0litres et la possibilit\u00e9 de programmer jusqu\u2019\u00e0 15\u00a0repas par jour (avec un maximum de 30\u00a0portions), votre animal est toujours nourri et bien soign\u00e9.\" \/>\n<meta property=\"og:url\" content=\"https:\/\/perle-in.com\/en\/product\/mangeoire-automatique-wi-fi-intelligente-prixton-pour-animaux-de-compagnie\/\" \/>\n<meta property=\"og:site_name\" content=\"PERLE IN\" \/>\n<meta property=\"article:modified_time\" content=\"2025-10-10T13:13:15+00:00\" \/>\n<meta property=\"og:image\" content=\"https:\/\/perle-in.com\/wp-content\/uploads\/2025\/09\/1PA20701-1.jpg\" \/>\n\t<meta property=\"og:image:width\" content=\"1600\" \/>\n\t<meta property=\"og:image:height\" content=\"1600\" \/>\n\t<meta property=\"og:image:type\" content=\"image\/jpeg\" \/>\n<meta name=\"twitter:card\" content=\"summary_large_image\" \/>\n<script type=\"application\/ld+json\" class=\"yoast-schema-graph\">{\"@context\":\"https:\\\/\\\/schema.org\",\"@graph\":[{\"@type\":\"WebPage\",\"@id\":\"https:\\\/\\\/perle-in.com\\\/produit\\\/mangeoire-automatique-wi-fi-intelligente-prixton-pour-animaux-de-compagnie\\\/\",\"url\":\"https:\\\/\\\/perle-in.com\\\/produit\\\/mangeoire-automatique-wi-fi-intelligente-prixton-pour-animaux-de-compagnie\\\/\",\"name\":\"Mangeoire automatique Wi-Fi intelligente Prixton pour animaux de compagnie - PERLE IN\",\"isPartOf\":{\"@id\":\"https:\\\/\\\/perle-in.com\\\/#website\"},\"primaryImageOfPage\":{\"@id\":\"https:\\\/\\\/perle-in.com\\\/produit\\\/mangeoire-automatique-wi-fi-intelligente-prixton-pour-animaux-de-compagnie\\\/#primaryimage\"},\"image\":{\"@id\":\"https:\\\/\\\/perle-in.com\\\/produit\\\/mangeoire-automatique-wi-fi-intelligente-prixton-pour-animaux-de-compagnie\\\/#primaryimage\"},\"thumbnailUrl\":\"https:\\\/\\\/perle-in.com\\\/wp-content\\\/uploads\\\/2025\\\/09\\\/1PA20701-1.jpg\",\"datePublished\":\"2025-10-10T13:13:09+00:00\",\"dateModified\":\"2025-10-10T13:13:15+00:00\",\"breadcrumb\":{\"@id\":\"https:\\\/\\\/perle-in.com\\\/produit\\\/mangeoire-automatique-wi-fi-intelligente-prixton-pour-animaux-de-compagnie\\\/#breadcrumb\"},\"inLanguage\":\"en-CA\",\"potentialAction\":[{\"@type\":\"ReadAction\",\"target\":[\"https:\\\/\\\/perle-in.com\\\/produit\\\/mangeoire-automatique-wi-fi-intelligente-prixton-pour-animaux-de-compagnie\\\/\"]}]},{\"@type\":\"ImageObject\",\"inLanguage\":\"en-CA\",\"@id\":\"https:\\\/\\\/perle-in.com\\\/produit\\\/mangeoire-automatique-wi-fi-intelligente-prixton-pour-animaux-de-compagnie\\\/#primaryimage\",\"url\":\"https:\\\/\\\/perle-in.com\\\/wp-content\\\/uploads\\\/2025\\\/09\\\/1PA20701-1.jpg\",\"contentUrl\":\"https:\\\/\\\/perle-in.com\\\/wp-content\\\/uploads\\\/2025\\\/09\\\/1PA20701-1.jpg\",\"width\":1600,\"height\":1600},{\"@type\":\"BreadcrumbList\",\"@id\":\"https:\\\/\\\/perle-in.com\\\/produit\\\/mangeoire-automatique-wi-fi-intelligente-prixton-pour-animaux-de-compagnie\\\/#breadcrumb\",\"itemListElement\":[{\"@type\":\"ListItem\",\"position\":1,\"name\":\"Accueil\",\"item\":\"https:\\\/\\\/perle-in.com\\\/\"},{\"@type\":\"ListItem\",\"position\":2,\"name\":\"Boutique\",\"item\":\"https:\\\/\\\/perle-in.com\\\/boutique\\\/\"},{\"@type\":\"ListItem\",\"position\":3,\"name\":\"Mangeoire automatique Wi-Fi intelligente Prixton pour animaux de compagnie\"}]},{\"@type\":\"WebSite\",\"@id\":\"https:\\\/\\\/perle-in.com\\\/#website\",\"url\":\"https:\\\/\\\/perle-in.com\\\/\",\"name\":\"PERLE IN\",\"description\":\"\",\"publisher\":{\"@id\":\"https:\\\/\\\/perle-in.com\\\/#organization\"},\"potentialAction\":[{\"@type\":\"SearchAction\",\"target\":{\"@type\":\"EntryPoint\",\"urlTemplate\":\"https:\\\/\\\/perle-in.com\\\/?s={search_term_string}\"},\"query-input\":{\"@type\":\"PropertyValueSpecification\",\"valueRequired\":true,\"valueName\":\"search_term_string\"}}],\"inLanguage\":\"en-CA\"},{\"@type\":\"Organization\",\"@id\":\"https:\\\/\\\/perle-in.com\\\/#organization\",\"name\":\"PERLE IN\",\"url\":\"https:\\\/\\\/perle-in.com\\\/\",\"logo\":{\"@type\":\"ImageObject\",\"inLanguage\":\"en-CA\",\"@id\":\"https:\\\/\\\/perle-in.com\\\/#\\\/schema\\\/logo\\\/image\\\/\",\"url\":\"https:\\\/\\\/perle-in.com\\\/wp-content\\\/uploads\\\/2022\\\/12\\\/LOGO-PERLE-IN-COULEUR@3x.webp\",\"contentUrl\":\"https:\\\/\\\/perle-in.com\\\/wp-content\\\/uploads\\\/2022\\\/12\\\/LOGO-PERLE-IN-COULEUR@3x.webp\",\"width\":1600,\"height\":490,\"caption\":\"PERLE IN\"},\"image\":{\"@id\":\"https:\\\/\\\/perle-in.com\\\/#\\\/schema\\\/logo\\\/image\\\/\"}}]}<\/script>\n<!-- \/ Yoast SEO plugin. -->","yoast_head_json":{"title":"Mangeoire automatique Wi-Fi intelligente Prixton pour animaux de compagnie - PERLE IN","robots":{"index":"noindex","follow":"follow","max-snippet":"max-snippet:-1","max-image-preview":"max-image-preview:large","max-video-preview":"max-video-preview:-1"},"og_locale":"en_US","og_type":"article","og_title":"Mangeoire automatique Wi-Fi intelligente Prixton pour animaux de compagnie - PERLE IN","og_description":"La mangeoire automatique Wi-Fi intelligente offre un m\u00e9lange harmonieux de technologie et de commodit\u00e9 pour le soin des animaux de compagnie. L\u2019application gratuite Tuya permet de programmer et g\u00e9rer en toute facilit\u00e9 et au gramme pr\u00e8s les repas de votre animal. Sa cam\u00e9ra FULL HD fournit des images claires et de haute qualit\u00e9 directement sur votre smartphone, afin que vous puissiez prendre le pouls de votre animal \u00e0 tout moment. Une fonction unique vous permet d\u2019enregistrer votre voix, qui est diffus\u00e9e \u00e0 chaque fois que la nourriture est distribu\u00e9e, cr\u00e9ant ainsi une exp\u00e9rience r\u00e9confortante et personnelle pour votre animal. Le microphone et le haut-parleur int\u00e9gr\u00e9s permettent une interaction en temps r\u00e9el gr\u00e2ce \u00e0 un syst\u00e8me audio bidirectionnel, pour que vous puissiez parler \u00e0 votre animal et le rassurer, o\u00f9 que vous soyez. Avec un r\u00e9cipient de 4\u00a0litres et la possibilit\u00e9 de programmer jusqu\u2019\u00e0 15\u00a0repas par jour (avec un maximum de 30\u00a0portions), votre animal est toujours nourri et bien soign\u00e9.","og_url":"https:\/\/perle-in.com\/en\/product\/mangeoire-automatique-wi-fi-intelligente-prixton-pour-animaux-de-compagnie\/","og_site_name":"PERLE IN","article_modified_time":"2025-10-10T13:13:15+00:00","og_image":[{"width":1600,"height":1600,"url":"https:\/\/perle-in.com\/wp-content\/uploads\/2025\/09\/1PA20701-1.jpg","type":"image\/jpeg"}],"twitter_card":"summary_large_image","schema":{"@context":"https:\/\/schema.org","@graph":[{"@type":"WebPage","@id":"https:\/\/perle-in.com\/produit\/mangeoire-automatique-wi-fi-intelligente-prixton-pour-animaux-de-compagnie\/","url":"https:\/\/perle-in.com\/produit\/mangeoire-automatique-wi-fi-intelligente-prixton-pour-animaux-de-compagnie\/","name":"Mangeoire automatique Wi-Fi intelligente Prixton pour animaux de compagnie - PERLE IN","isPartOf":{"@id":"https:\/\/perle-in.com\/#website"},"primaryImageOfPage":{"@id":"https:\/\/perle-in.com\/produit\/mangeoire-automatique-wi-fi-intelligente-prixton-pour-animaux-de-compagnie\/#primaryimage"},"image":{"@id":"https:\/\/perle-in.com\/produit\/mangeoire-automatique-wi-fi-intelligente-prixton-pour-animaux-de-compagnie\/#primaryimage"},"thumbnailUrl":"https:\/\/perle-in.com\/wp-content\/uploads\/2025\/09\/1PA20701-1.jpg","datePublished":"2025-10-10T13:13:09+00:00","dateModified":"2025-10-10T13:13:15+00:00","breadcrumb":{"@id":"https:\/\/perle-in.com\/produit\/mangeoire-automatique-wi-fi-intelligente-prixton-pour-animaux-de-compagnie\/#breadcrumb"},"inLanguage":"en-CA","potentialAction":[{"@type":"ReadAction","target":["https:\/\/perle-in.com\/produit\/mangeoire-automatique-wi-fi-intelligente-prixton-pour-animaux-de-compagnie\/"]}]},{"@type":"ImageObject","inLanguage":"en-CA","@id":"https:\/\/perle-in.com\/produit\/mangeoire-automatique-wi-fi-intelligente-prixton-pour-animaux-de-compagnie\/#primaryimage","url":"https:\/\/perle-in.com\/wp-content\/uploads\/2025\/09\/1PA20701-1.jpg","contentUrl":"https:\/\/perle-in.com\/wp-content\/uploads\/2025\/09\/1PA20701-1.jpg","width":1600,"height":1600},{"@type":"BreadcrumbList","@id":"https:\/\/perle-in.com\/produit\/mangeoire-automatique-wi-fi-intelligente-prixton-pour-animaux-de-compagnie\/#breadcrumb","itemListElement":[{"@type":"ListItem","position":1,"name":"Accueil","item":"https:\/\/perle-in.com\/"},{"@type":"ListItem","position":2,"name":"Boutique","item":"https:\/\/perle-in.com\/boutique\/"},{"@type":"ListItem","position":3,"name":"Mangeoire automatique Wi-Fi intelligente Prixton pour animaux de compagnie"}]},{"@type":"WebSite","@id":"https:\/\/perle-in.com\/#website","url":"https:\/\/perle-in.com\/","name":"PERLE IN","description":"","publisher":{"@id":"https:\/\/perle-in.com\/#organization"},"potentialAction":[{"@type":"SearchAction","target":{"@type":"EntryPoint","urlTemplate":"https:\/\/perle-in.com\/?s={search_term_string}"},"query-input":{"@type":"PropertyValueSpecification","valueRequired":true,"valueName":"search_term_string"}}],"inLanguage":"en-CA"},{"@type":"Organization","@id":"https:\/\/perle-in.com\/#organization","name":"PERLE IN","url":"https:\/\/perle-in.com\/","logo":{"@type":"ImageObject","inLanguage":"en-CA","@id":"https:\/\/perle-in.com\/#\/schema\/logo\/image\/","url":"https:\/\/perle-in.com\/wp-content\/uploads\/2022\/12\/LOGO-PERLE-IN-COULEUR@3x.webp","contentUrl":"https:\/\/perle-in.com\/wp-content\/uploads\/2022\/12\/LOGO-PERLE-IN-COULEUR@3x.webp","width":1600,"height":490,"caption":"PERLE IN"},"image":{"@id":"https:\/\/perle-in.com\/#\/schema\/logo\/image\/"}}]}},"jetpack_sharing_enabled":true,"_links":{"self":[{"href":"https:\/\/perle-in.com\/en\/wp-json\/wp\/v2\/product\/500898","targetHints":{"allow":["GET"]}}],"collection":[{"href":"https:\/\/perle-in.com\/en\/wp-json\/wp\/v2\/product"}],"about":[{"href":"https:\/\/perle-in.com\/en\/wp-json\/wp\/v2\/types\/product"}],"version-history":[{"count":0,"href":"https:\/\/perle-in.com\/en\/wp-json\/wp\/v2\/product\/500898\/revisions"}],"wp:featuredmedia":[{"embeddable":true,"href":"https:\/\/perle-in.com\/en\/wp-json\/wp\/v2\/media\/486090"}],"wp:attachment":[{"href":"https:\/\/perle-in.com\/en\/wp-json\/wp\/v2\/media?parent=500898"}],"wp:term":[{"taxonomy":"product_brand","embeddable":true,"href":"https:\/\/perle-in.com\/en\/wp-json\/wp\/v2\/product_brand?post=500898"},{"taxonomy":"product_cat","embeddable":true,"href":"https:\/\/perle-in.com\/en\/wp-json\/wp\/v2\/product_cat?post=500898"},{"taxonomy":"product_tag","embeddable":true,"href":"https:\/\/perle-in.com\/en\/wp-json\/wp\/v2\/product_tag?post=500898"}],"curies":[{"name":"wp","href":"https:\/\/api.w.org\/{rel}","templated":true}]}}