{"id":500896,"date":"2025-10-10T15:12:52","date_gmt":"2025-10-10T13:12:52","guid":{"rendered":"https:\/\/perle-in.com\/produit\/cadre-photo-numerique-de-156-prixton-prado-xl-avec-wi-fi\/"},"modified":"2025-10-10T15:12:58","modified_gmt":"2025-10-10T13:12:58","slug":"cadre-photo-numerique-de-156-prixton-prado-xl-avec-wi-fi","status":"publish","type":"product","link":"https:\/\/perle-in.com\/en\/product\/cadre-photo-numerique-de-156-prixton-prado-xl-avec-wi-fi\/","title":{"rendered":"Cadre photo num\u00e9rique de 15,6&#8243; Prixton Prado XL avec Wi-Fi"},"content":{"rendered":"","protected":false},"excerpt":{"rendered":"<p>Le cadre photo num\u00e9rique Prado XL vous permet de capturer et de revivre instantan\u00e9ment vos moments pr\u00e9f\u00e9r\u00e9s. Con\u00e7u pour \u00eatre facile \u00e0 utiliser, il est compatible avec le logiciel gratuit Uhale Photo qui vous permet d\u2019envoyer et de recevoir des photos directement via l\u2019application, pour les partager sans effort avec vos amis et votre famille. L\u2019\u00e9cran tactile de 15,6&#8243;, avec une r\u00e9solution FULL HD de 1920&#215;1080, offre des images nettes et \u00e9clatantes, pour une exp\u00e9rience visuelle exceptionnelle. Son design \u00e9pur\u00e9 et moderne apporte une touche personnelle et \u00e9l\u00e9gante \u00e0 tout espace. Compatible avec les photos et les vid\u00e9os, il constitue un ajout judicieux \u00e0 votre maison ou un cadeau parfait. Veuillez noter que ce cadre n\u2019est pas compatible avec le logiciel Frameo.<\/p>","protected":false},"featured_media":486082,"template":"","meta":{"_eb_attr":""},"product_brand":[],"product_cat":[460,150],"product_tag":[1156,1140,1157,1139,783,1085],"class_list":{"0":"post-500896","1":"product","2":"type-product","3":"status-publish","4":"has-post-thumbnail","6":"product_cat-accessoires-pour-la-maison","7":"product_cat-maison-et-cuisine","8":"product_tag-cadre","9":"product_tag-images","10":"product_tag-numerique","11":"product_tag-photo","12":"product_tag-prixton","13":"product_tag-video","14":"pa_couleurs-noir","16":"first","17":"instock","18":"shipping-taxable","19":"purchasable","20":"product-type-variable"},"yoast_head":"<!-- This site is optimized with the Yoast SEO plugin v27.4 - https:\/\/yoast.com\/product\/yoast-seo-wordpress\/ -->\n<title>Cadre photo num\u00e9rique de 15,6&quot; Prixton Prado XL avec Wi-Fi - PERLE IN<\/title>\n<meta name=\"robots\" content=\"noindex, follow, max-snippet:-1, max-image-preview:large, max-video-preview:-1\" \/>\n<meta property=\"og:locale\" content=\"en_US\" \/>\n<meta property=\"og:type\" content=\"article\" \/>\n<meta property=\"og:title\" content=\"Cadre photo num\u00e9rique de 15,6&quot; Prixton Prado XL avec Wi-Fi - PERLE IN\" \/>\n<meta property=\"og:description\" content=\"Le cadre photo num\u00e9rique Prado XL vous permet de capturer et de revivre instantan\u00e9ment vos moments pr\u00e9f\u00e9r\u00e9s. Con\u00e7u pour \u00eatre facile \u00e0 utiliser, il est compatible avec le logiciel gratuit Uhale Photo qui vous permet d\u2019envoyer et de recevoir des photos directement via l\u2019application, pour les partager sans effort avec vos amis et votre famille. L\u2019\u00e9cran tactile de 15,6&quot;, avec une r\u00e9solution FULL HD de 1920x1080, offre des images nettes et \u00e9clatantes, pour une exp\u00e9rience visuelle exceptionnelle. Son design \u00e9pur\u00e9 et moderne apporte une touche personnelle et \u00e9l\u00e9gante \u00e0 tout espace. Compatible avec les photos et les vid\u00e9os, il constitue un ajout judicieux \u00e0 votre maison ou un cadeau parfait. Veuillez noter que ce cadre n\u2019est pas compatible avec le logiciel Frameo.\" \/>\n<meta property=\"og:url\" content=\"https:\/\/perle-in.com\/en\/product\/cadre-photo-numerique-de-156-prixton-prado-xl-avec-wi-fi\/\" \/>\n<meta property=\"og:site_name\" content=\"PERLE IN\" \/>\n<meta property=\"article:modified_time\" content=\"2025-10-10T13:12:58+00:00\" \/>\n<meta property=\"og:image\" content=\"https:\/\/perle-in.com\/wp-content\/uploads\/2025\/09\/1PA20690-1.jpg\" \/>\n\t<meta property=\"og:image:width\" content=\"1600\" \/>\n\t<meta property=\"og:image:height\" content=\"1600\" \/>\n\t<meta property=\"og:image:type\" content=\"image\/jpeg\" \/>\n<meta name=\"twitter:card\" content=\"summary_large_image\" \/>\n<script type=\"application\/ld+json\" class=\"yoast-schema-graph\">{\"@context\":\"https:\\\/\\\/schema.org\",\"@graph\":[{\"@type\":\"WebPage\",\"@id\":\"https:\\\/\\\/perle-in.com\\\/produit\\\/cadre-photo-numerique-de-156-prixton-prado-xl-avec-wi-fi\\\/\",\"url\":\"https:\\\/\\\/perle-in.com\\\/produit\\\/cadre-photo-numerique-de-156-prixton-prado-xl-avec-wi-fi\\\/\",\"name\":\"Cadre photo num\u00e9rique de 15,6\\\" Prixton Prado XL avec Wi-Fi - PERLE IN\",\"isPartOf\":{\"@id\":\"https:\\\/\\\/perle-in.com\\\/#website\"},\"primaryImageOfPage\":{\"@id\":\"https:\\\/\\\/perle-in.com\\\/produit\\\/cadre-photo-numerique-de-156-prixton-prado-xl-avec-wi-fi\\\/#primaryimage\"},\"image\":{\"@id\":\"https:\\\/\\\/perle-in.com\\\/produit\\\/cadre-photo-numerique-de-156-prixton-prado-xl-avec-wi-fi\\\/#primaryimage\"},\"thumbnailUrl\":\"https:\\\/\\\/perle-in.com\\\/wp-content\\\/uploads\\\/2025\\\/09\\\/1PA20690-1.jpg\",\"datePublished\":\"2025-10-10T13:12:52+00:00\",\"dateModified\":\"2025-10-10T13:12:58+00:00\",\"breadcrumb\":{\"@id\":\"https:\\\/\\\/perle-in.com\\\/produit\\\/cadre-photo-numerique-de-156-prixton-prado-xl-avec-wi-fi\\\/#breadcrumb\"},\"inLanguage\":\"en-CA\",\"potentialAction\":[{\"@type\":\"ReadAction\",\"target\":[\"https:\\\/\\\/perle-in.com\\\/produit\\\/cadre-photo-numerique-de-156-prixton-prado-xl-avec-wi-fi\\\/\"]}]},{\"@type\":\"ImageObject\",\"inLanguage\":\"en-CA\",\"@id\":\"https:\\\/\\\/perle-in.com\\\/produit\\\/cadre-photo-numerique-de-156-prixton-prado-xl-avec-wi-fi\\\/#primaryimage\",\"url\":\"https:\\\/\\\/perle-in.com\\\/wp-content\\\/uploads\\\/2025\\\/09\\\/1PA20690-1.jpg\",\"contentUrl\":\"https:\\\/\\\/perle-in.com\\\/wp-content\\\/uploads\\\/2025\\\/09\\\/1PA20690-1.jpg\",\"width\":1600,\"height\":1600},{\"@type\":\"BreadcrumbList\",\"@id\":\"https:\\\/\\\/perle-in.com\\\/produit\\\/cadre-photo-numerique-de-156-prixton-prado-xl-avec-wi-fi\\\/#breadcrumb\",\"itemListElement\":[{\"@type\":\"ListItem\",\"position\":1,\"name\":\"Accueil\",\"item\":\"https:\\\/\\\/perle-in.com\\\/\"},{\"@type\":\"ListItem\",\"position\":2,\"name\":\"Boutique\",\"item\":\"https:\\\/\\\/perle-in.com\\\/boutique\\\/\"},{\"@type\":\"ListItem\",\"position\":3,\"name\":\"Cadre photo num\u00e9rique de 15,6&#8243; Prixton Prado XL avec Wi-Fi\"}]},{\"@type\":\"WebSite\",\"@id\":\"https:\\\/\\\/perle-in.com\\\/#website\",\"url\":\"https:\\\/\\\/perle-in.com\\\/\",\"name\":\"PERLE IN\",\"description\":\"\",\"publisher\":{\"@id\":\"https:\\\/\\\/perle-in.com\\\/#organization\"},\"potentialAction\":[{\"@type\":\"SearchAction\",\"target\":{\"@type\":\"EntryPoint\",\"urlTemplate\":\"https:\\\/\\\/perle-in.com\\\/?s={search_term_string}\"},\"query-input\":{\"@type\":\"PropertyValueSpecification\",\"valueRequired\":true,\"valueName\":\"search_term_string\"}}],\"inLanguage\":\"en-CA\"},{\"@type\":\"Organization\",\"@id\":\"https:\\\/\\\/perle-in.com\\\/#organization\",\"name\":\"PERLE IN\",\"url\":\"https:\\\/\\\/perle-in.com\\\/\",\"logo\":{\"@type\":\"ImageObject\",\"inLanguage\":\"en-CA\",\"@id\":\"https:\\\/\\\/perle-in.com\\\/#\\\/schema\\\/logo\\\/image\\\/\",\"url\":\"https:\\\/\\\/perle-in.com\\\/wp-content\\\/uploads\\\/2022\\\/12\\\/LOGO-PERLE-IN-COULEUR@3x.webp\",\"contentUrl\":\"https:\\\/\\\/perle-in.com\\\/wp-content\\\/uploads\\\/2022\\\/12\\\/LOGO-PERLE-IN-COULEUR@3x.webp\",\"width\":1600,\"height\":490,\"caption\":\"PERLE IN\"},\"image\":{\"@id\":\"https:\\\/\\\/perle-in.com\\\/#\\\/schema\\\/logo\\\/image\\\/\"}}]}<\/script>\n<!-- \/ Yoast SEO plugin. -->","yoast_head_json":{"title":"Cadre photo num\u00e9rique de 15,6\" Prixton Prado XL avec Wi-Fi - PERLE IN","robots":{"index":"noindex","follow":"follow","max-snippet":"max-snippet:-1","max-image-preview":"max-image-preview:large","max-video-preview":"max-video-preview:-1"},"og_locale":"en_US","og_type":"article","og_title":"Cadre photo num\u00e9rique de 15,6\" Prixton Prado XL avec Wi-Fi - PERLE IN","og_description":"Le cadre photo num\u00e9rique Prado XL vous permet de capturer et de revivre instantan\u00e9ment vos moments pr\u00e9f\u00e9r\u00e9s. Con\u00e7u pour \u00eatre facile \u00e0 utiliser, il est compatible avec le logiciel gratuit Uhale Photo qui vous permet d\u2019envoyer et de recevoir des photos directement via l\u2019application, pour les partager sans effort avec vos amis et votre famille. L\u2019\u00e9cran tactile de 15,6\", avec une r\u00e9solution FULL HD de 1920x1080, offre des images nettes et \u00e9clatantes, pour une exp\u00e9rience visuelle exceptionnelle. Son design \u00e9pur\u00e9 et moderne apporte une touche personnelle et \u00e9l\u00e9gante \u00e0 tout espace. Compatible avec les photos et les vid\u00e9os, il constitue un ajout judicieux \u00e0 votre maison ou un cadeau parfait. Veuillez noter que ce cadre n\u2019est pas compatible avec le logiciel Frameo.","og_url":"https:\/\/perle-in.com\/en\/product\/cadre-photo-numerique-de-156-prixton-prado-xl-avec-wi-fi\/","og_site_name":"PERLE IN","article_modified_time":"2025-10-10T13:12:58+00:00","og_image":[{"width":1600,"height":1600,"url":"https:\/\/perle-in.com\/wp-content\/uploads\/2025\/09\/1PA20690-1.jpg","type":"image\/jpeg"}],"twitter_card":"summary_large_image","schema":{"@context":"https:\/\/schema.org","@graph":[{"@type":"WebPage","@id":"https:\/\/perle-in.com\/produit\/cadre-photo-numerique-de-156-prixton-prado-xl-avec-wi-fi\/","url":"https:\/\/perle-in.com\/produit\/cadre-photo-numerique-de-156-prixton-prado-xl-avec-wi-fi\/","name":"Cadre photo num\u00e9rique de 15,6\" Prixton Prado XL avec Wi-Fi - PERLE IN","isPartOf":{"@id":"https:\/\/perle-in.com\/#website"},"primaryImageOfPage":{"@id":"https:\/\/perle-in.com\/produit\/cadre-photo-numerique-de-156-prixton-prado-xl-avec-wi-fi\/#primaryimage"},"image":{"@id":"https:\/\/perle-in.com\/produit\/cadre-photo-numerique-de-156-prixton-prado-xl-avec-wi-fi\/#primaryimage"},"thumbnailUrl":"https:\/\/perle-in.com\/wp-content\/uploads\/2025\/09\/1PA20690-1.jpg","datePublished":"2025-10-10T13:12:52+00:00","dateModified":"2025-10-10T13:12:58+00:00","breadcrumb":{"@id":"https:\/\/perle-in.com\/produit\/cadre-photo-numerique-de-156-prixton-prado-xl-avec-wi-fi\/#breadcrumb"},"inLanguage":"en-CA","potentialAction":[{"@type":"ReadAction","target":["https:\/\/perle-in.com\/produit\/cadre-photo-numerique-de-156-prixton-prado-xl-avec-wi-fi\/"]}]},{"@type":"ImageObject","inLanguage":"en-CA","@id":"https:\/\/perle-in.com\/produit\/cadre-photo-numerique-de-156-prixton-prado-xl-avec-wi-fi\/#primaryimage","url":"https:\/\/perle-in.com\/wp-content\/uploads\/2025\/09\/1PA20690-1.jpg","contentUrl":"https:\/\/perle-in.com\/wp-content\/uploads\/2025\/09\/1PA20690-1.jpg","width":1600,"height":1600},{"@type":"BreadcrumbList","@id":"https:\/\/perle-in.com\/produit\/cadre-photo-numerique-de-156-prixton-prado-xl-avec-wi-fi\/#breadcrumb","itemListElement":[{"@type":"ListItem","position":1,"name":"Accueil","item":"https:\/\/perle-in.com\/"},{"@type":"ListItem","position":2,"name":"Boutique","item":"https:\/\/perle-in.com\/boutique\/"},{"@type":"ListItem","position":3,"name":"Cadre photo num\u00e9rique de 15,6&#8243; Prixton Prado XL avec Wi-Fi"}]},{"@type":"WebSite","@id":"https:\/\/perle-in.com\/#website","url":"https:\/\/perle-in.com\/","name":"PERLE IN","description":"","publisher":{"@id":"https:\/\/perle-in.com\/#organization"},"potentialAction":[{"@type":"SearchAction","target":{"@type":"EntryPoint","urlTemplate":"https:\/\/perle-in.com\/?s={search_term_string}"},"query-input":{"@type":"PropertyValueSpecification","valueRequired":true,"valueName":"search_term_string"}}],"inLanguage":"en-CA"},{"@type":"Organization","@id":"https:\/\/perle-in.com\/#organization","name":"PERLE IN","url":"https:\/\/perle-in.com\/","logo":{"@type":"ImageObject","inLanguage":"en-CA","@id":"https:\/\/perle-in.com\/#\/schema\/logo\/image\/","url":"https:\/\/perle-in.com\/wp-content\/uploads\/2022\/12\/LOGO-PERLE-IN-COULEUR@3x.webp","contentUrl":"https:\/\/perle-in.com\/wp-content\/uploads\/2022\/12\/LOGO-PERLE-IN-COULEUR@3x.webp","width":1600,"height":490,"caption":"PERLE IN"},"image":{"@id":"https:\/\/perle-in.com\/#\/schema\/logo\/image\/"}}]}},"jetpack_sharing_enabled":true,"_links":{"self":[{"href":"https:\/\/perle-in.com\/en\/wp-json\/wp\/v2\/product\/500896","targetHints":{"allow":["GET"]}}],"collection":[{"href":"https:\/\/perle-in.com\/en\/wp-json\/wp\/v2\/product"}],"about":[{"href":"https:\/\/perle-in.com\/en\/wp-json\/wp\/v2\/types\/product"}],"version-history":[{"count":0,"href":"https:\/\/perle-in.com\/en\/wp-json\/wp\/v2\/product\/500896\/revisions"}],"wp:featuredmedia":[{"embeddable":true,"href":"https:\/\/perle-in.com\/en\/wp-json\/wp\/v2\/media\/486082"}],"wp:attachment":[{"href":"https:\/\/perle-in.com\/en\/wp-json\/wp\/v2\/media?parent=500896"}],"wp:term":[{"taxonomy":"product_brand","embeddable":true,"href":"https:\/\/perle-in.com\/en\/wp-json\/wp\/v2\/product_brand?post=500896"},{"taxonomy":"product_cat","embeddable":true,"href":"https:\/\/perle-in.com\/en\/wp-json\/wp\/v2\/product_cat?post=500896"},{"taxonomy":"product_tag","embeddable":true,"href":"https:\/\/perle-in.com\/en\/wp-json\/wp\/v2\/product_tag?post=500896"}],"curies":[{"name":"wp","href":"https:\/\/api.w.org\/{rel}","templated":true}]}}