{"id":500849,"date":"2025-10-10T15:01:37","date_gmt":"2025-10-10T13:01:37","guid":{"rendered":"https:\/\/perle-in.com\/produit\/kit-de-premiers-soins-mykit-pour-mode-de-vie-actif-avec-pochette-en-papier\/"},"modified":"2025-10-10T15:01:49","modified_gmt":"2025-10-10T13:01:49","slug":"kit-de-premiers-soins-mykit-pour-mode-de-vie-actif-avec-pochette-en-papier","status":"publish","type":"product","link":"https:\/\/perle-in.com\/en\/product\/kit-de-premiers-soins-mykit-pour-mode-de-vie-actif-avec-pochette-en-papier\/","title":{"rendered":"Kit de premiers soins MyKit pour mode de vie actif avec pochette en papier"},"content":{"rendered":"","protected":false},"excerpt":{"rendered":"<p>Id\u00e9al pour les personnes effectuant des activit\u00e9s quotidiennes telles que la marche, la course, le golf, etc. Contenu\u00a0: 12\u00a0pansements r\u00e9sistants au lavage, 4\u00a0tampons nettoyants pour la peau, 2\u00a0lingettes rafra\u00eechissantes, 2\u00a0tampons secs, 2\u00a0pansements thermoform\u00e9s et 1\u00a0gel de pied. Tous les produits de premiers secours et de soin du kit r\u00e9pondent \u00e0 toutes les r\u00e9glementations europ\u00e9ennes applicables. Le prix comprend le marquage sur toute la surface. Livr\u00e9s dans une pochette en papier.<\/p>","protected":false},"featured_media":485127,"template":"","meta":{"_eb_attr":""},"product_brand":[],"product_cat":[390,391],"product_tag":[1038,1043,716,805,806,761,396,734],"class_list":{"0":"post-500849","1":"product","2":"type-product","3":"status-publish","4":"has-post-thumbnail","6":"product_cat-sant-et-hygine-personnelle","7":"product_cat-trousses-de-secours","8":"product_tag-graid","9":"product_tag-my-kit","10":"product_tag-mykit","11":"product_tag-pansement","12":"product_tag-pansements","13":"product_tag-plaies","14":"product_tag-premiers-secours","15":"product_tag-rfx","16":"pa_couleurs-blanc","17":"pa_couleurs-marron-kraft","19":"first","20":"instock","21":"shipping-taxable","22":"purchasable","23":"product-type-variable"},"yoast_head":"<!-- This site is optimized with the Yoast SEO plugin v27.4 - https:\/\/yoast.com\/product\/yoast-seo-wordpress\/ -->\n<title>Kit de premiers soins MyKit pour mode de vie actif avec pochette en papier - PERLE IN<\/title>\n<meta name=\"robots\" content=\"noindex, follow, max-snippet:-1, max-image-preview:large, max-video-preview:-1\" \/>\n<meta property=\"og:locale\" content=\"en_US\" \/>\n<meta property=\"og:type\" content=\"article\" \/>\n<meta property=\"og:title\" content=\"Kit de premiers soins MyKit pour mode de vie actif avec pochette en papier - PERLE IN\" \/>\n<meta property=\"og:description\" content=\"Id\u00e9al pour les personnes effectuant des activit\u00e9s quotidiennes telles que la marche, la course, le golf, etc. Contenu\u00a0: 12\u00a0pansements r\u00e9sistants au lavage, 4\u00a0tampons nettoyants pour la peau, 2\u00a0lingettes rafra\u00eechissantes, 2\u00a0tampons secs, 2\u00a0pansements thermoform\u00e9s et 1\u00a0gel de pied. Tous les produits de premiers secours et de soin du kit r\u00e9pondent \u00e0 toutes les r\u00e9glementations europ\u00e9ennes applicables. Le prix comprend le marquage sur toute la surface. Livr\u00e9s dans une pochette en papier.\" \/>\n<meta property=\"og:url\" content=\"https:\/\/perle-in.com\/en\/product\/kit-de-premiers-soins-mykit-pour-mode-de-vie-actif-avec-pochette-en-papier\/\" \/>\n<meta property=\"og:site_name\" content=\"PERLE IN\" \/>\n<meta property=\"article:modified_time\" content=\"2025-10-10T13:01:49+00:00\" \/>\n<meta property=\"og:image\" content=\"https:\/\/perle-in.com\/wp-content\/uploads\/2025\/09\/1Z260501-1.jpg\" \/>\n\t<meta property=\"og:image:width\" content=\"1600\" \/>\n\t<meta property=\"og:image:height\" content=\"1600\" \/>\n\t<meta property=\"og:image:type\" content=\"image\/jpeg\" \/>\n<meta name=\"twitter:card\" content=\"summary_large_image\" \/>\n<script type=\"application\/ld+json\" class=\"yoast-schema-graph\">{\"@context\":\"https:\\\/\\\/schema.org\",\"@graph\":[{\"@type\":\"WebPage\",\"@id\":\"https:\\\/\\\/perle-in.com\\\/produit\\\/kit-de-premiers-soins-mykit-pour-mode-de-vie-actif-avec-pochette-en-papier\\\/\",\"url\":\"https:\\\/\\\/perle-in.com\\\/produit\\\/kit-de-premiers-soins-mykit-pour-mode-de-vie-actif-avec-pochette-en-papier\\\/\",\"name\":\"Kit de premiers soins MyKit pour mode de vie actif avec pochette en papier - PERLE IN\",\"isPartOf\":{\"@id\":\"https:\\\/\\\/perle-in.com\\\/#website\"},\"primaryImageOfPage\":{\"@id\":\"https:\\\/\\\/perle-in.com\\\/produit\\\/kit-de-premiers-soins-mykit-pour-mode-de-vie-actif-avec-pochette-en-papier\\\/#primaryimage\"},\"image\":{\"@id\":\"https:\\\/\\\/perle-in.com\\\/produit\\\/kit-de-premiers-soins-mykit-pour-mode-de-vie-actif-avec-pochette-en-papier\\\/#primaryimage\"},\"thumbnailUrl\":\"https:\\\/\\\/perle-in.com\\\/wp-content\\\/uploads\\\/2025\\\/09\\\/1Z260501-1.jpg\",\"datePublished\":\"2025-10-10T13:01:37+00:00\",\"dateModified\":\"2025-10-10T13:01:49+00:00\",\"breadcrumb\":{\"@id\":\"https:\\\/\\\/perle-in.com\\\/produit\\\/kit-de-premiers-soins-mykit-pour-mode-de-vie-actif-avec-pochette-en-papier\\\/#breadcrumb\"},\"inLanguage\":\"en-CA\",\"potentialAction\":[{\"@type\":\"ReadAction\",\"target\":[\"https:\\\/\\\/perle-in.com\\\/produit\\\/kit-de-premiers-soins-mykit-pour-mode-de-vie-actif-avec-pochette-en-papier\\\/\"]}]},{\"@type\":\"ImageObject\",\"inLanguage\":\"en-CA\",\"@id\":\"https:\\\/\\\/perle-in.com\\\/produit\\\/kit-de-premiers-soins-mykit-pour-mode-de-vie-actif-avec-pochette-en-papier\\\/#primaryimage\",\"url\":\"https:\\\/\\\/perle-in.com\\\/wp-content\\\/uploads\\\/2025\\\/09\\\/1Z260501-1.jpg\",\"contentUrl\":\"https:\\\/\\\/perle-in.com\\\/wp-content\\\/uploads\\\/2025\\\/09\\\/1Z260501-1.jpg\",\"width\":1600,\"height\":1600},{\"@type\":\"BreadcrumbList\",\"@id\":\"https:\\\/\\\/perle-in.com\\\/produit\\\/kit-de-premiers-soins-mykit-pour-mode-de-vie-actif-avec-pochette-en-papier\\\/#breadcrumb\",\"itemListElement\":[{\"@type\":\"ListItem\",\"position\":1,\"name\":\"Accueil\",\"item\":\"https:\\\/\\\/perle-in.com\\\/\"},{\"@type\":\"ListItem\",\"position\":2,\"name\":\"Boutique\",\"item\":\"https:\\\/\\\/perle-in.com\\\/boutique\\\/\"},{\"@type\":\"ListItem\",\"position\":3,\"name\":\"Kit de premiers soins MyKit pour mode de vie actif avec pochette en papier\"}]},{\"@type\":\"WebSite\",\"@id\":\"https:\\\/\\\/perle-in.com\\\/#website\",\"url\":\"https:\\\/\\\/perle-in.com\\\/\",\"name\":\"PERLE IN\",\"description\":\"\",\"publisher\":{\"@id\":\"https:\\\/\\\/perle-in.com\\\/#organization\"},\"potentialAction\":[{\"@type\":\"SearchAction\",\"target\":{\"@type\":\"EntryPoint\",\"urlTemplate\":\"https:\\\/\\\/perle-in.com\\\/?s={search_term_string}\"},\"query-input\":{\"@type\":\"PropertyValueSpecification\",\"valueRequired\":true,\"valueName\":\"search_term_string\"}}],\"inLanguage\":\"en-CA\"},{\"@type\":\"Organization\",\"@id\":\"https:\\\/\\\/perle-in.com\\\/#organization\",\"name\":\"PERLE IN\",\"url\":\"https:\\\/\\\/perle-in.com\\\/\",\"logo\":{\"@type\":\"ImageObject\",\"inLanguage\":\"en-CA\",\"@id\":\"https:\\\/\\\/perle-in.com\\\/#\\\/schema\\\/logo\\\/image\\\/\",\"url\":\"https:\\\/\\\/perle-in.com\\\/wp-content\\\/uploads\\\/2022\\\/12\\\/LOGO-PERLE-IN-COULEUR@3x.webp\",\"contentUrl\":\"https:\\\/\\\/perle-in.com\\\/wp-content\\\/uploads\\\/2022\\\/12\\\/LOGO-PERLE-IN-COULEUR@3x.webp\",\"width\":1600,\"height\":490,\"caption\":\"PERLE IN\"},\"image\":{\"@id\":\"https:\\\/\\\/perle-in.com\\\/#\\\/schema\\\/logo\\\/image\\\/\"}}]}<\/script>\n<!-- \/ Yoast SEO plugin. -->","yoast_head_json":{"title":"Kit de premiers soins MyKit pour mode de vie actif avec pochette en papier - PERLE IN","robots":{"index":"noindex","follow":"follow","max-snippet":"max-snippet:-1","max-image-preview":"max-image-preview:large","max-video-preview":"max-video-preview:-1"},"og_locale":"en_US","og_type":"article","og_title":"Kit de premiers soins MyKit pour mode de vie actif avec pochette en papier - PERLE IN","og_description":"Id\u00e9al pour les personnes effectuant des activit\u00e9s quotidiennes telles que la marche, la course, le golf, etc. Contenu\u00a0: 12\u00a0pansements r\u00e9sistants au lavage, 4\u00a0tampons nettoyants pour la peau, 2\u00a0lingettes rafra\u00eechissantes, 2\u00a0tampons secs, 2\u00a0pansements thermoform\u00e9s et 1\u00a0gel de pied. Tous les produits de premiers secours et de soin du kit r\u00e9pondent \u00e0 toutes les r\u00e9glementations europ\u00e9ennes applicables. Le prix comprend le marquage sur toute la surface. Livr\u00e9s dans une pochette en papier.","og_url":"https:\/\/perle-in.com\/en\/product\/kit-de-premiers-soins-mykit-pour-mode-de-vie-actif-avec-pochette-en-papier\/","og_site_name":"PERLE IN","article_modified_time":"2025-10-10T13:01:49+00:00","og_image":[{"width":1600,"height":1600,"url":"https:\/\/perle-in.com\/wp-content\/uploads\/2025\/09\/1Z260501-1.jpg","type":"image\/jpeg"}],"twitter_card":"summary_large_image","schema":{"@context":"https:\/\/schema.org","@graph":[{"@type":"WebPage","@id":"https:\/\/perle-in.com\/produit\/kit-de-premiers-soins-mykit-pour-mode-de-vie-actif-avec-pochette-en-papier\/","url":"https:\/\/perle-in.com\/produit\/kit-de-premiers-soins-mykit-pour-mode-de-vie-actif-avec-pochette-en-papier\/","name":"Kit de premiers soins MyKit pour mode de vie actif avec pochette en papier - PERLE IN","isPartOf":{"@id":"https:\/\/perle-in.com\/#website"},"primaryImageOfPage":{"@id":"https:\/\/perle-in.com\/produit\/kit-de-premiers-soins-mykit-pour-mode-de-vie-actif-avec-pochette-en-papier\/#primaryimage"},"image":{"@id":"https:\/\/perle-in.com\/produit\/kit-de-premiers-soins-mykit-pour-mode-de-vie-actif-avec-pochette-en-papier\/#primaryimage"},"thumbnailUrl":"https:\/\/perle-in.com\/wp-content\/uploads\/2025\/09\/1Z260501-1.jpg","datePublished":"2025-10-10T13:01:37+00:00","dateModified":"2025-10-10T13:01:49+00:00","breadcrumb":{"@id":"https:\/\/perle-in.com\/produit\/kit-de-premiers-soins-mykit-pour-mode-de-vie-actif-avec-pochette-en-papier\/#breadcrumb"},"inLanguage":"en-CA","potentialAction":[{"@type":"ReadAction","target":["https:\/\/perle-in.com\/produit\/kit-de-premiers-soins-mykit-pour-mode-de-vie-actif-avec-pochette-en-papier\/"]}]},{"@type":"ImageObject","inLanguage":"en-CA","@id":"https:\/\/perle-in.com\/produit\/kit-de-premiers-soins-mykit-pour-mode-de-vie-actif-avec-pochette-en-papier\/#primaryimage","url":"https:\/\/perle-in.com\/wp-content\/uploads\/2025\/09\/1Z260501-1.jpg","contentUrl":"https:\/\/perle-in.com\/wp-content\/uploads\/2025\/09\/1Z260501-1.jpg","width":1600,"height":1600},{"@type":"BreadcrumbList","@id":"https:\/\/perle-in.com\/produit\/kit-de-premiers-soins-mykit-pour-mode-de-vie-actif-avec-pochette-en-papier\/#breadcrumb","itemListElement":[{"@type":"ListItem","position":1,"name":"Accueil","item":"https:\/\/perle-in.com\/"},{"@type":"ListItem","position":2,"name":"Boutique","item":"https:\/\/perle-in.com\/boutique\/"},{"@type":"ListItem","position":3,"name":"Kit de premiers soins MyKit pour mode de vie actif avec pochette en papier"}]},{"@type":"WebSite","@id":"https:\/\/perle-in.com\/#website","url":"https:\/\/perle-in.com\/","name":"PERLE IN","description":"","publisher":{"@id":"https:\/\/perle-in.com\/#organization"},"potentialAction":[{"@type":"SearchAction","target":{"@type":"EntryPoint","urlTemplate":"https:\/\/perle-in.com\/?s={search_term_string}"},"query-input":{"@type":"PropertyValueSpecification","valueRequired":true,"valueName":"search_term_string"}}],"inLanguage":"en-CA"},{"@type":"Organization","@id":"https:\/\/perle-in.com\/#organization","name":"PERLE IN","url":"https:\/\/perle-in.com\/","logo":{"@type":"ImageObject","inLanguage":"en-CA","@id":"https:\/\/perle-in.com\/#\/schema\/logo\/image\/","url":"https:\/\/perle-in.com\/wp-content\/uploads\/2022\/12\/LOGO-PERLE-IN-COULEUR@3x.webp","contentUrl":"https:\/\/perle-in.com\/wp-content\/uploads\/2022\/12\/LOGO-PERLE-IN-COULEUR@3x.webp","width":1600,"height":490,"caption":"PERLE IN"},"image":{"@id":"https:\/\/perle-in.com\/#\/schema\/logo\/image\/"}}]}},"jetpack_sharing_enabled":true,"_links":{"self":[{"href":"https:\/\/perle-in.com\/en\/wp-json\/wp\/v2\/product\/500849","targetHints":{"allow":["GET"]}}],"collection":[{"href":"https:\/\/perle-in.com\/en\/wp-json\/wp\/v2\/product"}],"about":[{"href":"https:\/\/perle-in.com\/en\/wp-json\/wp\/v2\/types\/product"}],"version-history":[{"count":0,"href":"https:\/\/perle-in.com\/en\/wp-json\/wp\/v2\/product\/500849\/revisions"}],"wp:featuredmedia":[{"embeddable":true,"href":"https:\/\/perle-in.com\/en\/wp-json\/wp\/v2\/media\/485127"}],"wp:attachment":[{"href":"https:\/\/perle-in.com\/en\/wp-json\/wp\/v2\/media?parent=500849"}],"wp:term":[{"taxonomy":"product_brand","embeddable":true,"href":"https:\/\/perle-in.com\/en\/wp-json\/wp\/v2\/product_brand?post=500849"},{"taxonomy":"product_cat","embeddable":true,"href":"https:\/\/perle-in.com\/en\/wp-json\/wp\/v2\/product_cat?post=500849"},{"taxonomy":"product_tag","embeddable":true,"href":"https:\/\/perle-in.com\/en\/wp-json\/wp\/v2\/product_tag?post=500849"}],"curies":[{"name":"wp","href":"https:\/\/api.w.org\/{rel}","templated":true}]}}