{"id":500838,"date":"2025-10-10T14:55:00","date_gmt":"2025-10-10T12:55:00","guid":{"rendered":"https:\/\/perle-in.com\/produit\/bande-de-fitness-avec-impression-par-sublimation-resistance-moyenne\/"},"modified":"2025-10-10T14:55:00","modified_gmt":"2025-10-10T12:55:00","slug":"bande-de-fitness-avec-impression-par-sublimation-resistance-moyenne","status":"publish","type":"product","link":"https:\/\/perle-in.com\/en\/product\/bande-de-fitness-avec-impression-par-sublimation-resistance-moyenne\/","title":{"rendered":"Bande de fitness avec impression par sublimation &#8211; r\u00e9sistance moyenne"},"content":{"rendered":"","protected":false},"excerpt":{"rendered":"<p>Les bandes de fitness sont id\u00e9ales pour une grande vari\u00e9t\u00e9 d&#8217;exercices, ce qui en fait un accessoire pr\u00e9cieux pour s&#8217;entra\u00eener de mani\u00e8re efficace, tant \u00e0 la salle de sport qu&#8217;\u00e0 la maison. Cette bande de fitness \u00e0 r\u00e9sistance moyenne avec impression par sublimation peut \u00eatre personnalis\u00e9e avec un design color\u00e9 \u00e0 l&#8217;int\u00e9rieur et \u00e0 l&#8217;ext\u00e9rieur. Fabriqu\u00e9 en Europe.<\/p>","protected":false},"featured_media":485682,"template":"","meta":{"_eb_attr":""},"product_brand":[],"product_cat":[232,129],"product_tag":[885,1115,952,754,1011,755,237,921,1116],"class_list":{"0":"post-500838","1":"product","2":"type-product","3":"status-publish","4":"has-post-thumbnail","6":"product_cat-articles-de-fitness-et-de-sport","7":"product_cat-sport-et-loisirs","8":"product_tag-bande","9":"product_tag-course-a-pied","10":"product_tag-entrainement","11":"product_tag-exercice","12":"product_tag-fitness","13":"product_tag-gym","14":"product_tag-sports","15":"product_tag-sublimation","16":"product_tag-sublime","17":"pa_couleurs-blanc","19":"first","20":"outofstock","21":"shipping-taxable","22":"product-type-variable"},"yoast_head":"<!-- This site is optimized with the Yoast SEO plugin v27.4 - https:\/\/yoast.com\/product\/yoast-seo-wordpress\/ -->\n<title>Bande de fitness avec impression par sublimation - r\u00e9sistance moyenne - PERLE IN<\/title>\n<meta name=\"robots\" content=\"noindex, follow, max-snippet:-1, max-image-preview:large, max-video-preview:-1\" \/>\n<meta property=\"og:locale\" content=\"en_US\" \/>\n<meta property=\"og:type\" content=\"article\" \/>\n<meta property=\"og:title\" content=\"Bande de fitness avec impression par sublimation - r\u00e9sistance moyenne - PERLE IN\" \/>\n<meta property=\"og:description\" content=\"Les bandes de fitness sont id\u00e9ales pour une grande vari\u00e9t\u00e9 d&#039;exercices, ce qui en fait un accessoire pr\u00e9cieux pour s&#039;entra\u00eener de mani\u00e8re efficace, tant \u00e0 la salle de sport qu&#039;\u00e0 la maison. Cette bande de fitness \u00e0 r\u00e9sistance moyenne avec impression par sublimation peut \u00eatre personnalis\u00e9e avec un design color\u00e9 \u00e0 l&#039;int\u00e9rieur et \u00e0 l&#039;ext\u00e9rieur. Fabriqu\u00e9 en Europe.\" \/>\n<meta property=\"og:url\" content=\"https:\/\/perle-in.com\/en\/product\/bande-de-fitness-avec-impression-par-sublimation-resistance-moyenne\/\" \/>\n<meta property=\"og:site_name\" content=\"PERLE IN\" \/>\n<meta property=\"og:image\" content=\"https:\/\/perle-in.com\/wp-content\/uploads\/2025\/09\/1PL07901-1.jpg\" \/>\n\t<meta property=\"og:image:width\" content=\"1600\" \/>\n\t<meta property=\"og:image:height\" content=\"1600\" \/>\n\t<meta property=\"og:image:type\" content=\"image\/jpeg\" \/>\n<meta name=\"twitter:card\" content=\"summary_large_image\" \/>\n<script type=\"application\/ld+json\" class=\"yoast-schema-graph\">{\"@context\":\"https:\\\/\\\/schema.org\",\"@graph\":[{\"@type\":\"WebPage\",\"@id\":\"https:\\\/\\\/perle-in.com\\\/produit\\\/bande-de-fitness-avec-impression-par-sublimation-resistance-moyenne\\\/\",\"url\":\"https:\\\/\\\/perle-in.com\\\/produit\\\/bande-de-fitness-avec-impression-par-sublimation-resistance-moyenne\\\/\",\"name\":\"Bande de fitness avec impression par sublimation - r\u00e9sistance moyenne - PERLE IN\",\"isPartOf\":{\"@id\":\"https:\\\/\\\/perle-in.com\\\/#website\"},\"primaryImageOfPage\":{\"@id\":\"https:\\\/\\\/perle-in.com\\\/produit\\\/bande-de-fitness-avec-impression-par-sublimation-resistance-moyenne\\\/#primaryimage\"},\"image\":{\"@id\":\"https:\\\/\\\/perle-in.com\\\/produit\\\/bande-de-fitness-avec-impression-par-sublimation-resistance-moyenne\\\/#primaryimage\"},\"thumbnailUrl\":\"https:\\\/\\\/perle-in.com\\\/wp-content\\\/uploads\\\/2025\\\/09\\\/1PL07901-1.jpg\",\"datePublished\":\"2025-10-10T12:55:00+00:00\",\"breadcrumb\":{\"@id\":\"https:\\\/\\\/perle-in.com\\\/produit\\\/bande-de-fitness-avec-impression-par-sublimation-resistance-moyenne\\\/#breadcrumb\"},\"inLanguage\":\"en-CA\",\"potentialAction\":[{\"@type\":\"ReadAction\",\"target\":[\"https:\\\/\\\/perle-in.com\\\/produit\\\/bande-de-fitness-avec-impression-par-sublimation-resistance-moyenne\\\/\"]}]},{\"@type\":\"ImageObject\",\"inLanguage\":\"en-CA\",\"@id\":\"https:\\\/\\\/perle-in.com\\\/produit\\\/bande-de-fitness-avec-impression-par-sublimation-resistance-moyenne\\\/#primaryimage\",\"url\":\"https:\\\/\\\/perle-in.com\\\/wp-content\\\/uploads\\\/2025\\\/09\\\/1PL07901-1.jpg\",\"contentUrl\":\"https:\\\/\\\/perle-in.com\\\/wp-content\\\/uploads\\\/2025\\\/09\\\/1PL07901-1.jpg\",\"width\":1600,\"height\":1600},{\"@type\":\"BreadcrumbList\",\"@id\":\"https:\\\/\\\/perle-in.com\\\/produit\\\/bande-de-fitness-avec-impression-par-sublimation-resistance-moyenne\\\/#breadcrumb\",\"itemListElement\":[{\"@type\":\"ListItem\",\"position\":1,\"name\":\"Accueil\",\"item\":\"https:\\\/\\\/perle-in.com\\\/\"},{\"@type\":\"ListItem\",\"position\":2,\"name\":\"Boutique\",\"item\":\"https:\\\/\\\/perle-in.com\\\/boutique\\\/\"},{\"@type\":\"ListItem\",\"position\":3,\"name\":\"Bande de fitness avec impression par sublimation &#8211; r\u00e9sistance moyenne\"}]},{\"@type\":\"WebSite\",\"@id\":\"https:\\\/\\\/perle-in.com\\\/#website\",\"url\":\"https:\\\/\\\/perle-in.com\\\/\",\"name\":\"PERLE IN\",\"description\":\"\",\"publisher\":{\"@id\":\"https:\\\/\\\/perle-in.com\\\/#organization\"},\"potentialAction\":[{\"@type\":\"SearchAction\",\"target\":{\"@type\":\"EntryPoint\",\"urlTemplate\":\"https:\\\/\\\/perle-in.com\\\/?s={search_term_string}\"},\"query-input\":{\"@type\":\"PropertyValueSpecification\",\"valueRequired\":true,\"valueName\":\"search_term_string\"}}],\"inLanguage\":\"en-CA\"},{\"@type\":\"Organization\",\"@id\":\"https:\\\/\\\/perle-in.com\\\/#organization\",\"name\":\"PERLE IN\",\"url\":\"https:\\\/\\\/perle-in.com\\\/\",\"logo\":{\"@type\":\"ImageObject\",\"inLanguage\":\"en-CA\",\"@id\":\"https:\\\/\\\/perle-in.com\\\/#\\\/schema\\\/logo\\\/image\\\/\",\"url\":\"https:\\\/\\\/perle-in.com\\\/wp-content\\\/uploads\\\/2022\\\/12\\\/LOGO-PERLE-IN-COULEUR@3x.webp\",\"contentUrl\":\"https:\\\/\\\/perle-in.com\\\/wp-content\\\/uploads\\\/2022\\\/12\\\/LOGO-PERLE-IN-COULEUR@3x.webp\",\"width\":1600,\"height\":490,\"caption\":\"PERLE IN\"},\"image\":{\"@id\":\"https:\\\/\\\/perle-in.com\\\/#\\\/schema\\\/logo\\\/image\\\/\"}}]}<\/script>\n<!-- \/ Yoast SEO plugin. -->","yoast_head_json":{"title":"Bande de fitness avec impression par sublimation - r\u00e9sistance moyenne - PERLE IN","robots":{"index":"noindex","follow":"follow","max-snippet":"max-snippet:-1","max-image-preview":"max-image-preview:large","max-video-preview":"max-video-preview:-1"},"og_locale":"en_US","og_type":"article","og_title":"Bande de fitness avec impression par sublimation - r\u00e9sistance moyenne - PERLE IN","og_description":"Les bandes de fitness sont id\u00e9ales pour une grande vari\u00e9t\u00e9 d'exercices, ce qui en fait un accessoire pr\u00e9cieux pour s'entra\u00eener de mani\u00e8re efficace, tant \u00e0 la salle de sport qu'\u00e0 la maison. Cette bande de fitness \u00e0 r\u00e9sistance moyenne avec impression par sublimation peut \u00eatre personnalis\u00e9e avec un design color\u00e9 \u00e0 l'int\u00e9rieur et \u00e0 l'ext\u00e9rieur. Fabriqu\u00e9 en Europe.","og_url":"https:\/\/perle-in.com\/en\/product\/bande-de-fitness-avec-impression-par-sublimation-resistance-moyenne\/","og_site_name":"PERLE IN","og_image":[{"width":1600,"height":1600,"url":"https:\/\/perle-in.com\/wp-content\/uploads\/2025\/09\/1PL07901-1.jpg","type":"image\/jpeg"}],"twitter_card":"summary_large_image","schema":{"@context":"https:\/\/schema.org","@graph":[{"@type":"WebPage","@id":"https:\/\/perle-in.com\/produit\/bande-de-fitness-avec-impression-par-sublimation-resistance-moyenne\/","url":"https:\/\/perle-in.com\/produit\/bande-de-fitness-avec-impression-par-sublimation-resistance-moyenne\/","name":"Bande de fitness avec impression par sublimation - r\u00e9sistance moyenne - PERLE IN","isPartOf":{"@id":"https:\/\/perle-in.com\/#website"},"primaryImageOfPage":{"@id":"https:\/\/perle-in.com\/produit\/bande-de-fitness-avec-impression-par-sublimation-resistance-moyenne\/#primaryimage"},"image":{"@id":"https:\/\/perle-in.com\/produit\/bande-de-fitness-avec-impression-par-sublimation-resistance-moyenne\/#primaryimage"},"thumbnailUrl":"https:\/\/perle-in.com\/wp-content\/uploads\/2025\/09\/1PL07901-1.jpg","datePublished":"2025-10-10T12:55:00+00:00","breadcrumb":{"@id":"https:\/\/perle-in.com\/produit\/bande-de-fitness-avec-impression-par-sublimation-resistance-moyenne\/#breadcrumb"},"inLanguage":"en-CA","potentialAction":[{"@type":"ReadAction","target":["https:\/\/perle-in.com\/produit\/bande-de-fitness-avec-impression-par-sublimation-resistance-moyenne\/"]}]},{"@type":"ImageObject","inLanguage":"en-CA","@id":"https:\/\/perle-in.com\/produit\/bande-de-fitness-avec-impression-par-sublimation-resistance-moyenne\/#primaryimage","url":"https:\/\/perle-in.com\/wp-content\/uploads\/2025\/09\/1PL07901-1.jpg","contentUrl":"https:\/\/perle-in.com\/wp-content\/uploads\/2025\/09\/1PL07901-1.jpg","width":1600,"height":1600},{"@type":"BreadcrumbList","@id":"https:\/\/perle-in.com\/produit\/bande-de-fitness-avec-impression-par-sublimation-resistance-moyenne\/#breadcrumb","itemListElement":[{"@type":"ListItem","position":1,"name":"Accueil","item":"https:\/\/perle-in.com\/"},{"@type":"ListItem","position":2,"name":"Boutique","item":"https:\/\/perle-in.com\/boutique\/"},{"@type":"ListItem","position":3,"name":"Bande de fitness avec impression par sublimation &#8211; r\u00e9sistance moyenne"}]},{"@type":"WebSite","@id":"https:\/\/perle-in.com\/#website","url":"https:\/\/perle-in.com\/","name":"PERLE IN","description":"","publisher":{"@id":"https:\/\/perle-in.com\/#organization"},"potentialAction":[{"@type":"SearchAction","target":{"@type":"EntryPoint","urlTemplate":"https:\/\/perle-in.com\/?s={search_term_string}"},"query-input":{"@type":"PropertyValueSpecification","valueRequired":true,"valueName":"search_term_string"}}],"inLanguage":"en-CA"},{"@type":"Organization","@id":"https:\/\/perle-in.com\/#organization","name":"PERLE IN","url":"https:\/\/perle-in.com\/","logo":{"@type":"ImageObject","inLanguage":"en-CA","@id":"https:\/\/perle-in.com\/#\/schema\/logo\/image\/","url":"https:\/\/perle-in.com\/wp-content\/uploads\/2022\/12\/LOGO-PERLE-IN-COULEUR@3x.webp","contentUrl":"https:\/\/perle-in.com\/wp-content\/uploads\/2022\/12\/LOGO-PERLE-IN-COULEUR@3x.webp","width":1600,"height":490,"caption":"PERLE IN"},"image":{"@id":"https:\/\/perle-in.com\/#\/schema\/logo\/image\/"}}]}},"jetpack_sharing_enabled":true,"_links":{"self":[{"href":"https:\/\/perle-in.com\/en\/wp-json\/wp\/v2\/product\/500838","targetHints":{"allow":["GET"]}}],"collection":[{"href":"https:\/\/perle-in.com\/en\/wp-json\/wp\/v2\/product"}],"about":[{"href":"https:\/\/perle-in.com\/en\/wp-json\/wp\/v2\/types\/product"}],"version-history":[{"count":0,"href":"https:\/\/perle-in.com\/en\/wp-json\/wp\/v2\/product\/500838\/revisions"}],"wp:featuredmedia":[{"embeddable":true,"href":"https:\/\/perle-in.com\/en\/wp-json\/wp\/v2\/media\/485682"}],"wp:attachment":[{"href":"https:\/\/perle-in.com\/en\/wp-json\/wp\/v2\/media?parent=500838"}],"wp:term":[{"taxonomy":"product_brand","embeddable":true,"href":"https:\/\/perle-in.com\/en\/wp-json\/wp\/v2\/product_brand?post=500838"},{"taxonomy":"product_cat","embeddable":true,"href":"https:\/\/perle-in.com\/en\/wp-json\/wp\/v2\/product_cat?post=500838"},{"taxonomy":"product_tag","embeddable":true,"href":"https:\/\/perle-in.com\/en\/wp-json\/wp\/v2\/product_tag?post=500838"}],"curies":[{"name":"wp","href":"https:\/\/api.w.org\/{rel}","templated":true}]}}