{"id":500826,"date":"2025-10-10T14:23:24","date_gmt":"2025-10-10T12:23:24","guid":{"rendered":"https:\/\/perle-in.com\/produit\/robot-patissier-prixton-kr250-haute-performance\/"},"modified":"2025-10-10T14:23:29","modified_gmt":"2025-10-10T12:23:29","slug":"robot-patissier-prixton-kr250-haute-performance","status":"publish","type":"product","link":"https:\/\/perle-in.com\/en\/product\/robot-patissier-prixton-kr250-haute-performance\/","title":{"rendered":"Robot p\u00e2tissier Prixton KR250 haute performance"},"content":{"rendered":"","protected":false},"excerpt":{"rendered":"<p>Robot p\u00e2tissier haute performance d\u2019une puissance de 1\u00a0500\u00a0watts, id\u00e9al pour p\u00e9trir, battre, m\u00e9langer et fouetter en toute simplicit\u00e9. Il est dot\u00e9 d\u2019une cuve en acier inoxydable de 5\u00a0litres con\u00e7ue pour une utilisation intensive. Le robot p\u00e2tissier comprend trois accessoires essentiels\u00a0: un batteur en aluminium, un crochet p\u00e9trisseur en aluminium et un fouet en acier inoxydable pour r\u00e9pondre \u00e0 tous les besoins en mati\u00e8re de cuisson et de cuisine. Le couvercle est con\u00e7u pour vous aider \u00e0 cuisiner, en proposant des moules et des mini-outils pratiques. La molette de r\u00e9glage de la vitesse est mise en \u00e9vidence par une \u00e9l\u00e9gante lumi\u00e8re LED bleue pour une meilleure visibilit\u00e9. Pour une plus grande tranquillit\u00e9 d\u2019esprit, le robot p\u00e2tissier int\u00e8gre un syst\u00e8me de s\u00e9curit\u00e9 qui prot\u00e8ge contre la surchauffe et la surcharge, garantissant ainsi des performances fiables \u00e0 chaque fois.<\/p>","protected":false},"featured_media":486000,"template":"","meta":{"_eb_attr":""},"product_brand":[],"product_cat":[150,878],"product_tag":[1146,861,880,1147,783,1145],"class_list":{"0":"post-500826","1":"product","2":"type-product","3":"status-publish","4":"has-post-thumbnail","6":"product_cat-maison-et-cuisine","7":"product_cat-ustensiles-de-cuisine","8":"product_tag-alimentation","9":"product_tag-cuisine","10":"product_tag-nourriture","11":"product_tag-patisserie","12":"product_tag-prixton","13":"product_tag-robot-patissier","14":"pa_couleurs-creme","15":"pa_couleurs-menthe","16":"pa_couleurs-noir","17":"pa_couleurs-orange","19":"first","20":"instock","21":"shipping-taxable","22":"purchasable","23":"product-type-variable"},"yoast_head":"<!-- This site is optimized with the Yoast SEO plugin v27.4 - https:\/\/yoast.com\/product\/yoast-seo-wordpress\/ -->\n<title>Robot p\u00e2tissier Prixton KR250 haute performance - PERLE IN<\/title>\n<meta name=\"robots\" content=\"noindex, follow, max-snippet:-1, max-image-preview:large, max-video-preview:-1\" \/>\n<meta property=\"og:locale\" content=\"en_US\" \/>\n<meta property=\"og:type\" content=\"article\" \/>\n<meta property=\"og:title\" content=\"Robot p\u00e2tissier Prixton KR250 haute performance - PERLE IN\" \/>\n<meta property=\"og:description\" content=\"Robot p\u00e2tissier haute performance d\u2019une puissance de 1\u00a0500\u00a0watts, id\u00e9al pour p\u00e9trir, battre, m\u00e9langer et fouetter en toute simplicit\u00e9. Il est dot\u00e9 d\u2019une cuve en acier inoxydable de 5\u00a0litres con\u00e7ue pour une utilisation intensive. Le robot p\u00e2tissier comprend trois accessoires essentiels\u00a0: un batteur en aluminium, un crochet p\u00e9trisseur en aluminium et un fouet en acier inoxydable pour r\u00e9pondre \u00e0 tous les besoins en mati\u00e8re de cuisson et de cuisine. Le couvercle est con\u00e7u pour vous aider \u00e0 cuisiner, en proposant des moules et des mini-outils pratiques. La molette de r\u00e9glage de la vitesse est mise en \u00e9vidence par une \u00e9l\u00e9gante lumi\u00e8re LED bleue pour une meilleure visibilit\u00e9. Pour une plus grande tranquillit\u00e9 d\u2019esprit, le robot p\u00e2tissier int\u00e8gre un syst\u00e8me de s\u00e9curit\u00e9 qui prot\u00e8ge contre la surchauffe et la surcharge, garantissant ainsi des performances fiables \u00e0 chaque fois.\" \/>\n<meta property=\"og:url\" content=\"https:\/\/perle-in.com\/en\/product\/robot-patissier-prixton-kr250-haute-performance\/\" \/>\n<meta property=\"og:site_name\" content=\"PERLE IN\" \/>\n<meta property=\"article:modified_time\" content=\"2025-10-10T12:23:29+00:00\" \/>\n<meta property=\"og:image\" content=\"https:\/\/perle-in.com\/wp-content\/uploads\/2025\/09\/1PA19410-1.jpg\" \/>\n\t<meta property=\"og:image:width\" content=\"1600\" \/>\n\t<meta property=\"og:image:height\" content=\"1600\" \/>\n\t<meta property=\"og:image:type\" content=\"image\/jpeg\" \/>\n<meta name=\"twitter:card\" content=\"summary_large_image\" \/>\n<script type=\"application\/ld+json\" class=\"yoast-schema-graph\">{\"@context\":\"https:\\\/\\\/schema.org\",\"@graph\":[{\"@type\":\"WebPage\",\"@id\":\"https:\\\/\\\/perle-in.com\\\/produit\\\/robot-patissier-prixton-kr250-haute-performance\\\/\",\"url\":\"https:\\\/\\\/perle-in.com\\\/produit\\\/robot-patissier-prixton-kr250-haute-performance\\\/\",\"name\":\"Robot p\u00e2tissier Prixton KR250 haute performance - PERLE IN\",\"isPartOf\":{\"@id\":\"https:\\\/\\\/perle-in.com\\\/#website\"},\"primaryImageOfPage\":{\"@id\":\"https:\\\/\\\/perle-in.com\\\/produit\\\/robot-patissier-prixton-kr250-haute-performance\\\/#primaryimage\"},\"image\":{\"@id\":\"https:\\\/\\\/perle-in.com\\\/produit\\\/robot-patissier-prixton-kr250-haute-performance\\\/#primaryimage\"},\"thumbnailUrl\":\"https:\\\/\\\/perle-in.com\\\/wp-content\\\/uploads\\\/2025\\\/09\\\/1PA19410-1.jpg\",\"datePublished\":\"2025-10-10T12:23:24+00:00\",\"dateModified\":\"2025-10-10T12:23:29+00:00\",\"breadcrumb\":{\"@id\":\"https:\\\/\\\/perle-in.com\\\/produit\\\/robot-patissier-prixton-kr250-haute-performance\\\/#breadcrumb\"},\"inLanguage\":\"en-CA\",\"potentialAction\":[{\"@type\":\"ReadAction\",\"target\":[\"https:\\\/\\\/perle-in.com\\\/produit\\\/robot-patissier-prixton-kr250-haute-performance\\\/\"]}]},{\"@type\":\"ImageObject\",\"inLanguage\":\"en-CA\",\"@id\":\"https:\\\/\\\/perle-in.com\\\/produit\\\/robot-patissier-prixton-kr250-haute-performance\\\/#primaryimage\",\"url\":\"https:\\\/\\\/perle-in.com\\\/wp-content\\\/uploads\\\/2025\\\/09\\\/1PA19410-1.jpg\",\"contentUrl\":\"https:\\\/\\\/perle-in.com\\\/wp-content\\\/uploads\\\/2025\\\/09\\\/1PA19410-1.jpg\",\"width\":1600,\"height\":1600},{\"@type\":\"BreadcrumbList\",\"@id\":\"https:\\\/\\\/perle-in.com\\\/produit\\\/robot-patissier-prixton-kr250-haute-performance\\\/#breadcrumb\",\"itemListElement\":[{\"@type\":\"ListItem\",\"position\":1,\"name\":\"Accueil\",\"item\":\"https:\\\/\\\/perle-in.com\\\/\"},{\"@type\":\"ListItem\",\"position\":2,\"name\":\"Boutique\",\"item\":\"https:\\\/\\\/perle-in.com\\\/boutique\\\/\"},{\"@type\":\"ListItem\",\"position\":3,\"name\":\"Robot p\u00e2tissier Prixton KR250 haute performance\"}]},{\"@type\":\"WebSite\",\"@id\":\"https:\\\/\\\/perle-in.com\\\/#website\",\"url\":\"https:\\\/\\\/perle-in.com\\\/\",\"name\":\"PERLE IN\",\"description\":\"\",\"publisher\":{\"@id\":\"https:\\\/\\\/perle-in.com\\\/#organization\"},\"potentialAction\":[{\"@type\":\"SearchAction\",\"target\":{\"@type\":\"EntryPoint\",\"urlTemplate\":\"https:\\\/\\\/perle-in.com\\\/?s={search_term_string}\"},\"query-input\":{\"@type\":\"PropertyValueSpecification\",\"valueRequired\":true,\"valueName\":\"search_term_string\"}}],\"inLanguage\":\"en-CA\"},{\"@type\":\"Organization\",\"@id\":\"https:\\\/\\\/perle-in.com\\\/#organization\",\"name\":\"PERLE IN\",\"url\":\"https:\\\/\\\/perle-in.com\\\/\",\"logo\":{\"@type\":\"ImageObject\",\"inLanguage\":\"en-CA\",\"@id\":\"https:\\\/\\\/perle-in.com\\\/#\\\/schema\\\/logo\\\/image\\\/\",\"url\":\"https:\\\/\\\/perle-in.com\\\/wp-content\\\/uploads\\\/2022\\\/12\\\/LOGO-PERLE-IN-COULEUR@3x.webp\",\"contentUrl\":\"https:\\\/\\\/perle-in.com\\\/wp-content\\\/uploads\\\/2022\\\/12\\\/LOGO-PERLE-IN-COULEUR@3x.webp\",\"width\":1600,\"height\":490,\"caption\":\"PERLE IN\"},\"image\":{\"@id\":\"https:\\\/\\\/perle-in.com\\\/#\\\/schema\\\/logo\\\/image\\\/\"}}]}<\/script>\n<!-- \/ Yoast SEO plugin. -->","yoast_head_json":{"title":"Robot p\u00e2tissier Prixton KR250 haute performance - PERLE IN","robots":{"index":"noindex","follow":"follow","max-snippet":"max-snippet:-1","max-image-preview":"max-image-preview:large","max-video-preview":"max-video-preview:-1"},"og_locale":"en_US","og_type":"article","og_title":"Robot p\u00e2tissier Prixton KR250 haute performance - PERLE IN","og_description":"Robot p\u00e2tissier haute performance d\u2019une puissance de 1\u00a0500\u00a0watts, id\u00e9al pour p\u00e9trir, battre, m\u00e9langer et fouetter en toute simplicit\u00e9. Il est dot\u00e9 d\u2019une cuve en acier inoxydable de 5\u00a0litres con\u00e7ue pour une utilisation intensive. Le robot p\u00e2tissier comprend trois accessoires essentiels\u00a0: un batteur en aluminium, un crochet p\u00e9trisseur en aluminium et un fouet en acier inoxydable pour r\u00e9pondre \u00e0 tous les besoins en mati\u00e8re de cuisson et de cuisine. Le couvercle est con\u00e7u pour vous aider \u00e0 cuisiner, en proposant des moules et des mini-outils pratiques. La molette de r\u00e9glage de la vitesse est mise en \u00e9vidence par une \u00e9l\u00e9gante lumi\u00e8re LED bleue pour une meilleure visibilit\u00e9. Pour une plus grande tranquillit\u00e9 d\u2019esprit, le robot p\u00e2tissier int\u00e8gre un syst\u00e8me de s\u00e9curit\u00e9 qui prot\u00e8ge contre la surchauffe et la surcharge, garantissant ainsi des performances fiables \u00e0 chaque fois.","og_url":"https:\/\/perle-in.com\/en\/product\/robot-patissier-prixton-kr250-haute-performance\/","og_site_name":"PERLE IN","article_modified_time":"2025-10-10T12:23:29+00:00","og_image":[{"width":1600,"height":1600,"url":"https:\/\/perle-in.com\/wp-content\/uploads\/2025\/09\/1PA19410-1.jpg","type":"image\/jpeg"}],"twitter_card":"summary_large_image","schema":{"@context":"https:\/\/schema.org","@graph":[{"@type":"WebPage","@id":"https:\/\/perle-in.com\/produit\/robot-patissier-prixton-kr250-haute-performance\/","url":"https:\/\/perle-in.com\/produit\/robot-patissier-prixton-kr250-haute-performance\/","name":"Robot p\u00e2tissier Prixton KR250 haute performance - PERLE IN","isPartOf":{"@id":"https:\/\/perle-in.com\/#website"},"primaryImageOfPage":{"@id":"https:\/\/perle-in.com\/produit\/robot-patissier-prixton-kr250-haute-performance\/#primaryimage"},"image":{"@id":"https:\/\/perle-in.com\/produit\/robot-patissier-prixton-kr250-haute-performance\/#primaryimage"},"thumbnailUrl":"https:\/\/perle-in.com\/wp-content\/uploads\/2025\/09\/1PA19410-1.jpg","datePublished":"2025-10-10T12:23:24+00:00","dateModified":"2025-10-10T12:23:29+00:00","breadcrumb":{"@id":"https:\/\/perle-in.com\/produit\/robot-patissier-prixton-kr250-haute-performance\/#breadcrumb"},"inLanguage":"en-CA","potentialAction":[{"@type":"ReadAction","target":["https:\/\/perle-in.com\/produit\/robot-patissier-prixton-kr250-haute-performance\/"]}]},{"@type":"ImageObject","inLanguage":"en-CA","@id":"https:\/\/perle-in.com\/produit\/robot-patissier-prixton-kr250-haute-performance\/#primaryimage","url":"https:\/\/perle-in.com\/wp-content\/uploads\/2025\/09\/1PA19410-1.jpg","contentUrl":"https:\/\/perle-in.com\/wp-content\/uploads\/2025\/09\/1PA19410-1.jpg","width":1600,"height":1600},{"@type":"BreadcrumbList","@id":"https:\/\/perle-in.com\/produit\/robot-patissier-prixton-kr250-haute-performance\/#breadcrumb","itemListElement":[{"@type":"ListItem","position":1,"name":"Accueil","item":"https:\/\/perle-in.com\/"},{"@type":"ListItem","position":2,"name":"Boutique","item":"https:\/\/perle-in.com\/boutique\/"},{"@type":"ListItem","position":3,"name":"Robot p\u00e2tissier Prixton KR250 haute performance"}]},{"@type":"WebSite","@id":"https:\/\/perle-in.com\/#website","url":"https:\/\/perle-in.com\/","name":"PERLE IN","description":"","publisher":{"@id":"https:\/\/perle-in.com\/#organization"},"potentialAction":[{"@type":"SearchAction","target":{"@type":"EntryPoint","urlTemplate":"https:\/\/perle-in.com\/?s={search_term_string}"},"query-input":{"@type":"PropertyValueSpecification","valueRequired":true,"valueName":"search_term_string"}}],"inLanguage":"en-CA"},{"@type":"Organization","@id":"https:\/\/perle-in.com\/#organization","name":"PERLE IN","url":"https:\/\/perle-in.com\/","logo":{"@type":"ImageObject","inLanguage":"en-CA","@id":"https:\/\/perle-in.com\/#\/schema\/logo\/image\/","url":"https:\/\/perle-in.com\/wp-content\/uploads\/2022\/12\/LOGO-PERLE-IN-COULEUR@3x.webp","contentUrl":"https:\/\/perle-in.com\/wp-content\/uploads\/2022\/12\/LOGO-PERLE-IN-COULEUR@3x.webp","width":1600,"height":490,"caption":"PERLE IN"},"image":{"@id":"https:\/\/perle-in.com\/#\/schema\/logo\/image\/"}}]}},"jetpack_sharing_enabled":true,"_links":{"self":[{"href":"https:\/\/perle-in.com\/en\/wp-json\/wp\/v2\/product\/500826","targetHints":{"allow":["GET"]}}],"collection":[{"href":"https:\/\/perle-in.com\/en\/wp-json\/wp\/v2\/product"}],"about":[{"href":"https:\/\/perle-in.com\/en\/wp-json\/wp\/v2\/types\/product"}],"version-history":[{"count":0,"href":"https:\/\/perle-in.com\/en\/wp-json\/wp\/v2\/product\/500826\/revisions"}],"wp:featuredmedia":[{"embeddable":true,"href":"https:\/\/perle-in.com\/en\/wp-json\/wp\/v2\/media\/486000"}],"wp:attachment":[{"href":"https:\/\/perle-in.com\/en\/wp-json\/wp\/v2\/media?parent=500826"}],"wp:term":[{"taxonomy":"product_brand","embeddable":true,"href":"https:\/\/perle-in.com\/en\/wp-json\/wp\/v2\/product_brand?post=500826"},{"taxonomy":"product_cat","embeddable":true,"href":"https:\/\/perle-in.com\/en\/wp-json\/wp\/v2\/product_cat?post=500826"},{"taxonomy":"product_tag","embeddable":true,"href":"https:\/\/perle-in.com\/en\/wp-json\/wp\/v2\/product_tag?post=500826"}],"curies":[{"name":"wp","href":"https:\/\/api.w.org\/{rel}","templated":true}]}}