{"id":500822,"date":"2025-10-10T14:22:44","date_gmt":"2025-10-10T12:22:44","guid":{"rendered":"https:\/\/perle-in.com\/produit\/camera-daction-4k-prixton-dv850-aqua-avec-double-ecran-4k\/"},"modified":"2025-10-10T14:22:46","modified_gmt":"2025-10-10T12:22:46","slug":"camera-daction-4k-prixton-dv850-aqua-avec-double-ecran-4k","status":"publish","type":"product","link":"https:\/\/perle-in.com\/en\/product\/camera-daction-4k-prixton-dv850-aqua-avec-double-ecran-4k\/","title":{"rendered":"Cam\u00e9ra d\u2019action 4K Prixton DV850 Aqua avec double \u00e9cran\u00a04K"},"content":{"rendered":"","protected":false},"excerpt":{"rendered":"<p>La cam\u00e9ra d\u2019action Aqua capture de superbes images de 24\u00a0MP et enregistre des vid\u00e9os\u00a04K d\u2019une grande nettet\u00e9. Elle est dot\u00e9e de deux\u00a0\u00e9crans IPS &#8211;\u00a0un \u00e9cran tactile \u00e0 l\u2019avant et un \u00e9cran \u00e0 l\u2019arri\u00e8re\u00a0&#8211; pour passer facilement d\u2019un affichage \u00e0 l\u2019autre. Gr\u00e2ce au zoom\u00a04x, vous pouvez prendre des photos d\u00e9taill\u00e9es \u00e0 distance. Con\u00e7ue pour \u00eatre utilis\u00e9e sous l\u2019eau, elle b\u00e9n\u00e9ficie d\u2019une protection IP68 qui lui permet d\u2019\u00eatre immerg\u00e9e jusqu\u2019\u00e0 5\u00a0m\u00e8tres. La cam\u00e9ra prend en charge quatre r\u00e9solutions vid\u00e9o\u00a0: 4K \u00e0 30\u00a0i\/s, 2,7K \u00e0 30\u00a0i\/s, 1080p \u00e0 60\/30\u00a0i\/s et 720p \u00e0 120\/60\/30\u00a0i\/s, ainsi que six\u00a0options de r\u00e9solution photo allant de 5\u00a0MP \u00e0 24\u00a0MP. Elle comprend 19\u00a0accessoires, tels que des adaptateurs et des supports adh\u00e9sifs, qui permettent de fixer solidement la cam\u00e9ra lors d\u2019exercices physiques ou d\u2019activit\u00e9s de plein air.<\/p>","protected":false},"featured_media":485985,"template":"","meta":{"_eb_attr":""},"product_brand":[],"product_cat":[1081,667],"product_tag":[1138,1083,1140,1139,1142,783,1143,1141,237,1085],"class_list":{"0":"post-500822","1":"product","2":"type-product","3":"status-publish","4":"has-post-thumbnail","6":"product_cat-appareils-photo","7":"product_cat-technologie","8":"product_tag-action","9":"product_tag-camera","10":"product_tag-images","11":"product_tag-photo","12":"product_tag-plein-air","13":"product_tag-prixton","14":"product_tag-randonnee","15":"product_tag-sous-leau","16":"product_tag-sports","17":"product_tag-video","18":"pa_couleurs-noir","20":"first","21":"instock","22":"shipping-taxable","23":"purchasable","24":"product-type-variable"},"yoast_head":"<!-- This site is optimized with the Yoast SEO plugin v27.4 - https:\/\/yoast.com\/product\/yoast-seo-wordpress\/ -->\n<title>Cam\u00e9ra d\u2019action 4K Prixton DV850 Aqua avec double \u00e9cran\u00a04K - PERLE IN<\/title>\n<meta name=\"robots\" content=\"noindex, follow, max-snippet:-1, max-image-preview:large, max-video-preview:-1\" \/>\n<meta property=\"og:locale\" content=\"en_US\" \/>\n<meta property=\"og:type\" content=\"article\" \/>\n<meta property=\"og:title\" content=\"Cam\u00e9ra d\u2019action 4K Prixton DV850 Aqua avec double \u00e9cran\u00a04K - PERLE IN\" \/>\n<meta property=\"og:description\" content=\"La cam\u00e9ra d\u2019action Aqua capture de superbes images de 24\u00a0MP et enregistre des vid\u00e9os\u00a04K d\u2019une grande nettet\u00e9. Elle est dot\u00e9e de deux\u00a0\u00e9crans IPS -\u00a0un \u00e9cran tactile \u00e0 l\u2019avant et un \u00e9cran \u00e0 l\u2019arri\u00e8re\u00a0- pour passer facilement d\u2019un affichage \u00e0 l\u2019autre. Gr\u00e2ce au zoom\u00a04x, vous pouvez prendre des photos d\u00e9taill\u00e9es \u00e0 distance. Con\u00e7ue pour \u00eatre utilis\u00e9e sous l\u2019eau, elle b\u00e9n\u00e9ficie d\u2019une protection IP68 qui lui permet d\u2019\u00eatre immerg\u00e9e jusqu\u2019\u00e0 5\u00a0m\u00e8tres. La cam\u00e9ra prend en charge quatre r\u00e9solutions vid\u00e9o\u00a0: 4K \u00e0 30\u00a0i\/s, 2,7K \u00e0 30\u00a0i\/s, 1080p \u00e0 60\/30\u00a0i\/s et 720p \u00e0 120\/60\/30\u00a0i\/s, ainsi que six\u00a0options de r\u00e9solution photo allant de 5\u00a0MP \u00e0 24\u00a0MP. Elle comprend 19\u00a0accessoires, tels que des adaptateurs et des supports adh\u00e9sifs, qui permettent de fixer solidement la cam\u00e9ra lors d\u2019exercices physiques ou d\u2019activit\u00e9s de plein air.\" \/>\n<meta property=\"og:url\" content=\"https:\/\/perle-in.com\/en\/product\/camera-daction-4k-prixton-dv850-aqua-avec-double-ecran-4k\/\" \/>\n<meta property=\"og:site_name\" content=\"PERLE IN\" \/>\n<meta property=\"article:modified_time\" content=\"2025-10-10T12:22:46+00:00\" \/>\n<meta property=\"og:image\" content=\"https:\/\/perle-in.com\/wp-content\/uploads\/2025\/09\/1PA19690-1.jpg\" \/>\n\t<meta property=\"og:image:width\" content=\"1600\" \/>\n\t<meta property=\"og:image:height\" content=\"1600\" \/>\n\t<meta property=\"og:image:type\" content=\"image\/jpeg\" \/>\n<meta name=\"twitter:card\" content=\"summary_large_image\" \/>\n<script type=\"application\/ld+json\" class=\"yoast-schema-graph\">{\"@context\":\"https:\\\/\\\/schema.org\",\"@graph\":[{\"@type\":\"WebPage\",\"@id\":\"https:\\\/\\\/perle-in.com\\\/produit\\\/camera-daction-4k-prixton-dv850-aqua-avec-double-ecran-4k\\\/\",\"url\":\"https:\\\/\\\/perle-in.com\\\/produit\\\/camera-daction-4k-prixton-dv850-aqua-avec-double-ecran-4k\\\/\",\"name\":\"Cam\u00e9ra d\u2019action 4K Prixton DV850 Aqua avec double \u00e9cran\u00a04K - PERLE IN\",\"isPartOf\":{\"@id\":\"https:\\\/\\\/perle-in.com\\\/#website\"},\"primaryImageOfPage\":{\"@id\":\"https:\\\/\\\/perle-in.com\\\/produit\\\/camera-daction-4k-prixton-dv850-aqua-avec-double-ecran-4k\\\/#primaryimage\"},\"image\":{\"@id\":\"https:\\\/\\\/perle-in.com\\\/produit\\\/camera-daction-4k-prixton-dv850-aqua-avec-double-ecran-4k\\\/#primaryimage\"},\"thumbnailUrl\":\"https:\\\/\\\/perle-in.com\\\/wp-content\\\/uploads\\\/2025\\\/09\\\/1PA19690-1.jpg\",\"datePublished\":\"2025-10-10T12:22:44+00:00\",\"dateModified\":\"2025-10-10T12:22:46+00:00\",\"breadcrumb\":{\"@id\":\"https:\\\/\\\/perle-in.com\\\/produit\\\/camera-daction-4k-prixton-dv850-aqua-avec-double-ecran-4k\\\/#breadcrumb\"},\"inLanguage\":\"en-CA\",\"potentialAction\":[{\"@type\":\"ReadAction\",\"target\":[\"https:\\\/\\\/perle-in.com\\\/produit\\\/camera-daction-4k-prixton-dv850-aqua-avec-double-ecran-4k\\\/\"]}]},{\"@type\":\"ImageObject\",\"inLanguage\":\"en-CA\",\"@id\":\"https:\\\/\\\/perle-in.com\\\/produit\\\/camera-daction-4k-prixton-dv850-aqua-avec-double-ecran-4k\\\/#primaryimage\",\"url\":\"https:\\\/\\\/perle-in.com\\\/wp-content\\\/uploads\\\/2025\\\/09\\\/1PA19690-1.jpg\",\"contentUrl\":\"https:\\\/\\\/perle-in.com\\\/wp-content\\\/uploads\\\/2025\\\/09\\\/1PA19690-1.jpg\",\"width\":1600,\"height\":1600},{\"@type\":\"BreadcrumbList\",\"@id\":\"https:\\\/\\\/perle-in.com\\\/produit\\\/camera-daction-4k-prixton-dv850-aqua-avec-double-ecran-4k\\\/#breadcrumb\",\"itemListElement\":[{\"@type\":\"ListItem\",\"position\":1,\"name\":\"Accueil\",\"item\":\"https:\\\/\\\/perle-in.com\\\/\"},{\"@type\":\"ListItem\",\"position\":2,\"name\":\"Boutique\",\"item\":\"https:\\\/\\\/perle-in.com\\\/boutique\\\/\"},{\"@type\":\"ListItem\",\"position\":3,\"name\":\"Cam\u00e9ra d\u2019action 4K Prixton DV850 Aqua avec double \u00e9cran\u00a04K\"}]},{\"@type\":\"WebSite\",\"@id\":\"https:\\\/\\\/perle-in.com\\\/#website\",\"url\":\"https:\\\/\\\/perle-in.com\\\/\",\"name\":\"PERLE IN\",\"description\":\"\",\"publisher\":{\"@id\":\"https:\\\/\\\/perle-in.com\\\/#organization\"},\"potentialAction\":[{\"@type\":\"SearchAction\",\"target\":{\"@type\":\"EntryPoint\",\"urlTemplate\":\"https:\\\/\\\/perle-in.com\\\/?s={search_term_string}\"},\"query-input\":{\"@type\":\"PropertyValueSpecification\",\"valueRequired\":true,\"valueName\":\"search_term_string\"}}],\"inLanguage\":\"en-CA\"},{\"@type\":\"Organization\",\"@id\":\"https:\\\/\\\/perle-in.com\\\/#organization\",\"name\":\"PERLE IN\",\"url\":\"https:\\\/\\\/perle-in.com\\\/\",\"logo\":{\"@type\":\"ImageObject\",\"inLanguage\":\"en-CA\",\"@id\":\"https:\\\/\\\/perle-in.com\\\/#\\\/schema\\\/logo\\\/image\\\/\",\"url\":\"https:\\\/\\\/perle-in.com\\\/wp-content\\\/uploads\\\/2022\\\/12\\\/LOGO-PERLE-IN-COULEUR@3x.webp\",\"contentUrl\":\"https:\\\/\\\/perle-in.com\\\/wp-content\\\/uploads\\\/2022\\\/12\\\/LOGO-PERLE-IN-COULEUR@3x.webp\",\"width\":1600,\"height\":490,\"caption\":\"PERLE IN\"},\"image\":{\"@id\":\"https:\\\/\\\/perle-in.com\\\/#\\\/schema\\\/logo\\\/image\\\/\"}}]}<\/script>\n<!-- \/ Yoast SEO plugin. -->","yoast_head_json":{"title":"Cam\u00e9ra d\u2019action 4K Prixton DV850 Aqua avec double \u00e9cran\u00a04K - PERLE IN","robots":{"index":"noindex","follow":"follow","max-snippet":"max-snippet:-1","max-image-preview":"max-image-preview:large","max-video-preview":"max-video-preview:-1"},"og_locale":"en_US","og_type":"article","og_title":"Cam\u00e9ra d\u2019action 4K Prixton DV850 Aqua avec double \u00e9cran\u00a04K - PERLE IN","og_description":"La cam\u00e9ra d\u2019action Aqua capture de superbes images de 24\u00a0MP et enregistre des vid\u00e9os\u00a04K d\u2019une grande nettet\u00e9. Elle est dot\u00e9e de deux\u00a0\u00e9crans IPS -\u00a0un \u00e9cran tactile \u00e0 l\u2019avant et un \u00e9cran \u00e0 l\u2019arri\u00e8re\u00a0- pour passer facilement d\u2019un affichage \u00e0 l\u2019autre. Gr\u00e2ce au zoom\u00a04x, vous pouvez prendre des photos d\u00e9taill\u00e9es \u00e0 distance. Con\u00e7ue pour \u00eatre utilis\u00e9e sous l\u2019eau, elle b\u00e9n\u00e9ficie d\u2019une protection IP68 qui lui permet d\u2019\u00eatre immerg\u00e9e jusqu\u2019\u00e0 5\u00a0m\u00e8tres. La cam\u00e9ra prend en charge quatre r\u00e9solutions vid\u00e9o\u00a0: 4K \u00e0 30\u00a0i\/s, 2,7K \u00e0 30\u00a0i\/s, 1080p \u00e0 60\/30\u00a0i\/s et 720p \u00e0 120\/60\/30\u00a0i\/s, ainsi que six\u00a0options de r\u00e9solution photo allant de 5\u00a0MP \u00e0 24\u00a0MP. Elle comprend 19\u00a0accessoires, tels que des adaptateurs et des supports adh\u00e9sifs, qui permettent de fixer solidement la cam\u00e9ra lors d\u2019exercices physiques ou d\u2019activit\u00e9s de plein air.","og_url":"https:\/\/perle-in.com\/en\/product\/camera-daction-4k-prixton-dv850-aqua-avec-double-ecran-4k\/","og_site_name":"PERLE IN","article_modified_time":"2025-10-10T12:22:46+00:00","og_image":[{"width":1600,"height":1600,"url":"https:\/\/perle-in.com\/wp-content\/uploads\/2025\/09\/1PA19690-1.jpg","type":"image\/jpeg"}],"twitter_card":"summary_large_image","schema":{"@context":"https:\/\/schema.org","@graph":[{"@type":"WebPage","@id":"https:\/\/perle-in.com\/produit\/camera-daction-4k-prixton-dv850-aqua-avec-double-ecran-4k\/","url":"https:\/\/perle-in.com\/produit\/camera-daction-4k-prixton-dv850-aqua-avec-double-ecran-4k\/","name":"Cam\u00e9ra d\u2019action 4K Prixton DV850 Aqua avec double \u00e9cran\u00a04K - PERLE IN","isPartOf":{"@id":"https:\/\/perle-in.com\/#website"},"primaryImageOfPage":{"@id":"https:\/\/perle-in.com\/produit\/camera-daction-4k-prixton-dv850-aqua-avec-double-ecran-4k\/#primaryimage"},"image":{"@id":"https:\/\/perle-in.com\/produit\/camera-daction-4k-prixton-dv850-aqua-avec-double-ecran-4k\/#primaryimage"},"thumbnailUrl":"https:\/\/perle-in.com\/wp-content\/uploads\/2025\/09\/1PA19690-1.jpg","datePublished":"2025-10-10T12:22:44+00:00","dateModified":"2025-10-10T12:22:46+00:00","breadcrumb":{"@id":"https:\/\/perle-in.com\/produit\/camera-daction-4k-prixton-dv850-aqua-avec-double-ecran-4k\/#breadcrumb"},"inLanguage":"en-CA","potentialAction":[{"@type":"ReadAction","target":["https:\/\/perle-in.com\/produit\/camera-daction-4k-prixton-dv850-aqua-avec-double-ecran-4k\/"]}]},{"@type":"ImageObject","inLanguage":"en-CA","@id":"https:\/\/perle-in.com\/produit\/camera-daction-4k-prixton-dv850-aqua-avec-double-ecran-4k\/#primaryimage","url":"https:\/\/perle-in.com\/wp-content\/uploads\/2025\/09\/1PA19690-1.jpg","contentUrl":"https:\/\/perle-in.com\/wp-content\/uploads\/2025\/09\/1PA19690-1.jpg","width":1600,"height":1600},{"@type":"BreadcrumbList","@id":"https:\/\/perle-in.com\/produit\/camera-daction-4k-prixton-dv850-aqua-avec-double-ecran-4k\/#breadcrumb","itemListElement":[{"@type":"ListItem","position":1,"name":"Accueil","item":"https:\/\/perle-in.com\/"},{"@type":"ListItem","position":2,"name":"Boutique","item":"https:\/\/perle-in.com\/boutique\/"},{"@type":"ListItem","position":3,"name":"Cam\u00e9ra d\u2019action 4K Prixton DV850 Aqua avec double \u00e9cran\u00a04K"}]},{"@type":"WebSite","@id":"https:\/\/perle-in.com\/#website","url":"https:\/\/perle-in.com\/","name":"PERLE IN","description":"","publisher":{"@id":"https:\/\/perle-in.com\/#organization"},"potentialAction":[{"@type":"SearchAction","target":{"@type":"EntryPoint","urlTemplate":"https:\/\/perle-in.com\/?s={search_term_string}"},"query-input":{"@type":"PropertyValueSpecification","valueRequired":true,"valueName":"search_term_string"}}],"inLanguage":"en-CA"},{"@type":"Organization","@id":"https:\/\/perle-in.com\/#organization","name":"PERLE IN","url":"https:\/\/perle-in.com\/","logo":{"@type":"ImageObject","inLanguage":"en-CA","@id":"https:\/\/perle-in.com\/#\/schema\/logo\/image\/","url":"https:\/\/perle-in.com\/wp-content\/uploads\/2022\/12\/LOGO-PERLE-IN-COULEUR@3x.webp","contentUrl":"https:\/\/perle-in.com\/wp-content\/uploads\/2022\/12\/LOGO-PERLE-IN-COULEUR@3x.webp","width":1600,"height":490,"caption":"PERLE IN"},"image":{"@id":"https:\/\/perle-in.com\/#\/schema\/logo\/image\/"}}]}},"jetpack_sharing_enabled":true,"_links":{"self":[{"href":"https:\/\/perle-in.com\/en\/wp-json\/wp\/v2\/product\/500822","targetHints":{"allow":["GET"]}}],"collection":[{"href":"https:\/\/perle-in.com\/en\/wp-json\/wp\/v2\/product"}],"about":[{"href":"https:\/\/perle-in.com\/en\/wp-json\/wp\/v2\/types\/product"}],"version-history":[{"count":0,"href":"https:\/\/perle-in.com\/en\/wp-json\/wp\/v2\/product\/500822\/revisions"}],"wp:featuredmedia":[{"embeddable":true,"href":"https:\/\/perle-in.com\/en\/wp-json\/wp\/v2\/media\/485985"}],"wp:attachment":[{"href":"https:\/\/perle-in.com\/en\/wp-json\/wp\/v2\/media?parent=500822"}],"wp:term":[{"taxonomy":"product_brand","embeddable":true,"href":"https:\/\/perle-in.com\/en\/wp-json\/wp\/v2\/product_brand?post=500822"},{"taxonomy":"product_cat","embeddable":true,"href":"https:\/\/perle-in.com\/en\/wp-json\/wp\/v2\/product_cat?post=500822"},{"taxonomy":"product_tag","embeddable":true,"href":"https:\/\/perle-in.com\/en\/wp-json\/wp\/v2\/product_tag?post=500822"}],"curies":[{"name":"wp","href":"https:\/\/api.w.org\/{rel}","templated":true}]}}